{"id":7779,"date":"2023-04-27T14:57:32","date_gmt":"2023-04-27T14:57:32","guid":{"rendered":"https:\/\/moverdb.com\/?page_id=7779"},"modified":"2026-01-08T15:29:20","modified_gmt":"2026-01-08T15:29:20","slug":"moving-companies-israel","status":"publish","type":"page","link":"https:\/\/moverdb.com\/lt\/moving-companies\/moving-companies-israel\/","title":{"rendered":"6 Geriausios tarptautin\u0117s perkraustymo \u012fmon\u0117s Izraelyje"},"content":{"rendered":"<p>Nam\u0173 ar verslo perk\u0117limas gali kelti stres\u0105, tod\u0117l naudodamiesi <a href=\"https:\/\/moverdb.com\/lt\/moving-companies\/\" data-internallinksmanager029f6b8e52c=\"79\" title=\"Top 25 Tarptautin\u0117s perkraustymo \u012fmon\u0117s internete\">perkraustymo \u012fmon\u0117<\/a> gal\u0117t\u0173 suma\u017einti darbo kr\u016bv\u012f ir palengvinti persik\u0117lim\u0105. Tod\u0117l toliau pateikiame s\u0105ra\u0161\u0105 <a href=\"https:\/\/moverdb.com\/lt\/moving-to-israel\/\" data-internallinksmanager029f6b8e52c=\"333\" title=\"Persik\u0117limas \u012f Izrael\u012f? 2023 m. gyvenimo i\u0161laidos ir persik\u0117limo patarimai\">Izraelis<\/a> remiantis <a href=\"https:\/\/moverdb.com\/lt\/international-removals\/\" data-internallinksmanager029f6b8e52c=\"27\" title=\"36 geriausios tarptautinio perkraustymo \u012fmon\u0117s Jungtin\u0117je Karalyst\u0117je\">perkraustymo \u012fmon\u0117s<\/a> kurie yra <a href=\"https:\/\/moverdb.com\/lt\/iam\/\" data-internallinksmanager029f6b8e52c=\"23\" title=\"Tarptautin\u0117s perkraustytoj\u0173 asociacijos (IAM) paai\u0161kinimai\">Tarptautin\u0117 perkraustytoj\u0173 asociacija<\/a> (IAM) ir (arba) <a href=\"https:\/\/moverdb.com\/lt\/fidi-faim\/\" data-internallinksmanager029f6b8e52c=\"16\" title=\"FIDI ir FAIM (FIDI akredituotas tarptautinis perve\u017e\u0117jas) paai\u0161kinimai\">FIDI<\/a> akredituot\u0173 tarptautini\u0173 perkraustymo paslaug\u0173 (FAIM), galin\u010di\u0173 pad\u0117ti jums persikelti \u012f Izrael\u012f, i\u0161 jo arba jo viduje.<\/p>\n<div id=\"ez-toc-container\" class=\"ez-toc-v2_0_82_2 ez-toc-wrap-left counter-hierarchy ez-toc-counter ez-toc-transparent ez-toc-container-direction\">\n<div class=\"ez-toc-title-container\">\n<p class=\"ez-toc-title\" style=\"cursor:inherit\">Skyriai<\/p>\n<span class=\"ez-toc-title-toggle\"><a href=\"#\" class=\"ez-toc-pull-right ez-toc-btn ez-toc-btn-xs ez-toc-btn-default ez-toc-toggle\" aria-label=\"Perjungti turinio lentel\u0119\"><span class=\"ez-toc-js-icon-con\"><span class=\"\"><span class=\"eztoc-hide\" style=\"display:none;\">Perjungti<\/span><span class=\"ez-toc-icon-toggle-span\"><svg style=\"fill: #999;color:#999\" xmlns=\"http:\/\/www.w3.org\/2000\/svg\" class=\"list-377408\" width=\"20px\" height=\"20px\" viewbox=\"0 0 24 24\" fill=\"none\"><path d=\"M6 6H4v2h2V6zm14 0H8v2h12V6zM4 11h2v2H4v-2zm16 0H8v2h12v-2zM4 16h2v2H4v-2zm16 0H8v2h12v-2z\" fill=\"currentColor\"><\/path><\/svg><svg style=\"fill: #999;color:#999\" class=\"arrow-unsorted-368013\" xmlns=\"http:\/\/www.w3.org\/2000\/svg\" width=\"10px\" height=\"10px\" viewbox=\"0 0 24 24\" version=\"1.2\" baseprofile=\"tiny\"><path d=\"M18.2 9.3l-6.2-6.3-6.2 6.3c-.2.2-.3.4-.3.7s.1.5.3.7c.2.2.4.3.7.3h11c.3 0 .5-.1.7-.3.2-.2.3-.5.3-.7s-.1-.5-.3-.7zM5.8 14.7l6.2 6.3 6.2-6.3c.2-.2.3-.5.3-.7s-.1-.5-.3-.7c-.2-.2-.4-.3-.7-.3h-11c-.3 0-.5.1-.7.3-.2.2-.3.5-.3.7s.1.5.3.7z\"\/><\/svg><\/span><\/span><\/span><\/a><\/span><\/div>\n<nav><ul class='ez-toc-list ez-toc-list-level-1 eztoc-toggle-hide-by-default' ><li class='ez-toc-page-1 ez-toc-heading-level-2'><a class=\"ez-toc-link ez-toc-heading-1\" href=\"https:\/\/moverdb.com\/lt\/moving-companies\/moving-companies-israel\/#1_Globus_Relocation\" >1. Globus perk\u0117limas<\/a><\/li><li class='ez-toc-page-1 ez-toc-heading-level-2'><a class=\"ez-toc-link ez-toc-heading-2\" href=\"https:\/\/moverdb.com\/lt\/moving-companies\/moving-companies-israel\/#2_Infinity_Pack_Ship\" >2. \"Infinity Pack &amp; Ship<\/a><\/li><li class='ez-toc-page-1 ez-toc-heading-level-2'><a class=\"ez-toc-link ez-toc-heading-3\" href=\"https:\/\/moverdb.com\/lt\/moving-companies\/moving-companies-israel\/#3_Ocean\" >3. Vandenynas<\/a><\/li><li class='ez-toc-page-1 ez-toc-heading-level-2'><a class=\"ez-toc-link ez-toc-heading-4\" href=\"https:\/\/moverdb.com\/lt\/moving-companies\/moving-companies-israel\/#4_Sonigo\" >4. Sonigo<\/a><\/li><li class='ez-toc-page-1 ez-toc-heading-level-2'><a class=\"ez-toc-link ez-toc-heading-5\" href=\"https:\/\/moverdb.com\/lt\/moving-companies\/moving-companies-israel\/#5_A_Univers_Transit\" >5. A. Univers Transit<\/a><\/li><li class='ez-toc-page-1 ez-toc-heading-level-2'><a class=\"ez-toc-link ez-toc-heading-6\" href=\"https:\/\/moverdb.com\/lt\/moving-companies\/moving-companies-israel\/#6_Teamnet\" >6. \"Teamnet\"<\/a><\/li><li class='ez-toc-page-1 ez-toc-heading-level-2'><a class=\"ez-toc-link ez-toc-heading-7\" href=\"https:\/\/moverdb.com\/lt\/moving-companies\/moving-companies-israel\/#Other_Useful_Guides_to_Israel\" >Kiti naudingi vadovai apie Izrael\u012f<\/a><\/li><\/ul><\/nav><\/div>\n<h2><span class=\"ez-toc-section\" id=\"1_Globus_Relocation\"><\/span><strong>1. Globus perk\u0117limas<\/strong><span class=\"ez-toc-section-end\"><\/span><\/h2>\n<p><img loading=\"lazy\" decoding=\"async\" class=\"alignnone size-full wp-image-7699\" src=\"https:\/\/moverdb.com\/wp-content\/uploads\/Globus-Relocation-international-moving-company.png\" alt=\"&quot;Globus Relocation&quot; tarptautin\u0117 perkraustymo \u012fmon\u0117\" width=\"1440\" height=\"681\" data-wp-pid=\"7699\" srcset=\"https:\/\/moverdb.com\/wp-content\/uploads\/Globus-Relocation-international-moving-company.png 1440w, https:\/\/moverdb.com\/wp-content\/uploads\/Globus-Relocation-international-moving-company-300x142.png 300w, https:\/\/moverdb.com\/wp-content\/uploads\/Globus-Relocation-international-moving-company-1024x484.png 1024w, https:\/\/moverdb.com\/wp-content\/uploads\/Globus-Relocation-international-moving-company-18x9.png 18w, https:\/\/moverdb.com\/wp-content\/uploads\/Globus-Relocation-international-moving-company-600x284.png 600w\" sizes=\"auto, (max-width: 1440px) 100vw, 1440px\" \/><\/p>\n<ul>\n<li>Tarptautiniai perkraustymai<\/li>\n<li>Asmeniniai \u017eingsniai<\/li>\n<li>Komerciniai perkraustymai<\/li>\n<li>Perkraustymo paslaugos<\/li>\n<li>Paslauga \"nuo dur\u0173 iki dur\u0173<\/li>\n<li>Pakavimo pagalba<\/li>\n<li>Pa\u017eangios ir nestandartin\u0117s pakavimo med\u017eiagos<\/li>\n<li>Sausumos, j\u016br\u0173 ir oro transportas<\/li>\n<li>Draudimas<\/li>\n<li>Saugus saugojimas<\/li>\n<\/ul>\n<p>\"Globus Relocation\" yra tarptautin\u0117 pakavimo ir <a href=\"https:\/\/moverdb.com\/lt\/shipping-companies\/\" data-internallinksmanager029f6b8e52c=\"4\" title=\"10 geriausi\u0173 tarptautini\u0173 konteineri\u0173 gabenimo bendrovi\u0173\">laivybos \u012fmon\u0117<\/a> \u012fkurta 2014 m. ir \u012fsik\u016brusi A\u0161dode. Ji yra IAM nar\u0117 ir akredituota FIDI. \u0160ios naryst\u0117s arba akreditacijos suteikia jiems prieig\u0105 prie tarptautinio agent\u0173 tinklo.<\/p>\n<p>\"Globus Relocation\" skiria vien\u0105 i\u0161 savo specialist\u0173, kuris pad\u0117s jums viso persikraustymo metu. Jie teikia paslaugas nuo dur\u0173 iki dur\u0173, si\u016blo pa\u017eangias pakavimo med\u017eiagas ir individualius pakavimo sprendimus, tinkan\u010dius visiems daiktams. Jie organizuoja j\u016bs\u0173 daikt\u0173 gabenim\u0105 sausuma, j\u016bra arba oru. Jie teikia papildomas persikraustymo paslaugas, kurios apima darbo vizas, nam\u0173 ir mokykl\u0173 paie\u0161k\u0105, bald\u0173 nuom\u0105, atvykimo paslaugas ir kambarin\u0117s paslaugas.<\/p>\n<p>Interneto svetain\u0117: <a href=\"http:\/\/www.globus-relocation.com\" target=\"_blank\" rel=\"noopener\">http:\/\/www.globus-relocation.com<\/a><\/p>\n<h2><span class=\"ez-toc-section\" id=\"2_Infinity_Pack_Ship\"><\/span><strong>2. \"Infinity Pack &amp; Ship<\/strong><span class=\"ez-toc-section-end\"><\/span><\/h2>\n<p><img loading=\"lazy\" decoding=\"async\" class=\"alignnone size-full wp-image-7707\" src=\"https:\/\/moverdb.com\/wp-content\/uploads\/Infinity-Pack-Ship-international-moving-company.png\" alt=\"&quot;Infinity Pack &amp; Ship&quot; tarptautin\u0117 perkraustymo \u012fmon\u0117\" width=\"1440\" height=\"680\" data-wp-pid=\"7707\" srcset=\"https:\/\/moverdb.com\/wp-content\/uploads\/Infinity-Pack-Ship-international-moving-company.png 1440w, https:\/\/moverdb.com\/wp-content\/uploads\/Infinity-Pack-Ship-international-moving-company-300x142.png 300w, https:\/\/moverdb.com\/wp-content\/uploads\/Infinity-Pack-Ship-international-moving-company-1024x484.png 1024w, https:\/\/moverdb.com\/wp-content\/uploads\/Infinity-Pack-Ship-international-moving-company-18x9.png 18w, https:\/\/moverdb.com\/wp-content\/uploads\/Infinity-Pack-Ship-international-moving-company-600x283.png 600w\" sizes=\"auto, (max-width: 1440px) 100vw, 1440px\" \/><\/p>\n<ul>\n<li>Nacionaliniai judesiai<\/li>\n<li>Tarptautiniai perkraustymai<\/li>\n<li>Gyvenam\u0173j\u0173 nam\u0173 perkraustymai<\/li>\n<li>Komercin\u0117s siuntos<\/li>\n<li>Nuo dur\u0173 iki dur\u0173 arba nuo dur\u0173 iki dur\u0173<a href=\"https:\/\/moverdb.com\/lt\/top-49-container-ports\/\" data-internallinksmanager029f6b8e52c=\"80\" title=\"49 did\u017eiausi ir labiausiai apkrauti konteineri\u0173 uostai 2025 m.\">uostas<\/a> paslauga<\/li>\n<li>Pakavimo pagalba<\/li>\n<li>Keli\u0173, j\u016br\u0173 ir oro transporto paslaugos<\/li>\n<li>Muitinis \u012fforminimas<\/li>\n<li>Draudimas<\/li>\n<li>Trumpalaikis ir ilgalaikis saugojimas<\/li>\n<\/ul>\n<p>\"Infinity Pack &amp; Ship\" yra 2005 m. Jeruzal\u0117je \u012fkurta perkraustymo ir logistikos \u012fmon\u0117. Teikdama paslaugas, ji bendradarbiauja su tarptautiniu perkraustymo ir logistikos \u012fmoni\u0173 tinklu. Jie yra IAM nariai, dirbantys 16 met\u0173.<\/p>\n<p>\"Infinity Pack &amp; Ship\" si\u016blo nemokam\u0105 ap\u017ei\u016br\u0105 namuose ir tvarko visus su persikraustymu susijusius dokumentus, \u012fskaitant muitin\u0117s formalumus. Jie teikia profesionali\u0105 pakavimo komand\u0105, kuri saugiai supakuos j\u016bs\u0173 daiktus. Jie si\u016blo \u012fvairias transportavimo galimybes, \u012fskaitant keli\u0173 transport\u0105, pavyzd\u017eiui, u\u017edarus oro mai\u0161us, priekabas ir \u0161aldytuvus, krovini\u0173 gabenim\u0105 oro transportu ir krovini\u0173 gabenim\u0105 j\u016bra, pavyzd\u017eiui, pilnus arba ma\u017eesnius nei konteinerio krovinius.<\/p>\n<p>Interneto svetain\u0117: <a href=\"http:\/\/infinitypack.co.il\" target=\"_blank\" rel=\"noopener\">http:\/\/infinitypack.co.il<\/a><\/p>\n<h2><span class=\"ez-toc-section\" id=\"3_Ocean\"><\/span><strong>3. <\/strong><strong>Vandenynas<\/strong><span class=\"ez-toc-section-end\"><\/span><\/h2>\n<p><img loading=\"lazy\" decoding=\"async\" class=\"alignnone size-full wp-image-7731\" src=\"https:\/\/moverdb.com\/wp-content\/uploads\/Ocean-international-moving-company.png\" alt=\"Ocean tarptautinis jud\u0117jimo \u012fmon\u0117\" width=\"1440\" height=\"682\" data-wp-pid=\"7731\" srcset=\"https:\/\/moverdb.com\/wp-content\/uploads\/Ocean-international-moving-company.png 1440w, https:\/\/moverdb.com\/wp-content\/uploads\/Ocean-international-moving-company-300x142.png 300w, https:\/\/moverdb.com\/wp-content\/uploads\/Ocean-international-moving-company-1024x485.png 1024w, https:\/\/moverdb.com\/wp-content\/uploads\/Ocean-international-moving-company-18x9.png 18w, https:\/\/moverdb.com\/wp-content\/uploads\/Ocean-international-moving-company-600x284.png 600w\" sizes=\"auto, (max-width: 1440px) 100vw, 1440px\" \/><\/p>\n<ul>\n<li>Tarptautiniai perkraustymai<\/li>\n<li>Nam\u0173 \u016bkio perkraustymai<\/li>\n<li>Perkraustymo paslaugos<\/li>\n<li>Klient\u0173 vadybininkas, kuris jums pad\u0117s<\/li>\n<li>Pakavimo paslauga<\/li>\n<li>Keli\u0173, j\u016br\u0173 ir oro transportas<\/li>\n<li>Muitinis \u012fforminimas<\/li>\n<li>Siuntos sekimas<\/li>\n<li>Akredituota FIDI<\/li>\n<li>Visuotin\u0117s saugojimo paslaugos<\/li>\n<\/ul>\n<p>\"Ocean\" yra persikraustymo ir perk\u0117limo \u012fmon\u0117, \u012fsik\u016brusi kibuce Jakume. Ji bendradarbiauja su tarptautiniais partneriais ir teikia perkraustymo ir perk\u0117limo paslaugas tarptautiniu mastu. Jie yra IAM nariai, dirbantys 79 metus ir akredituoti FIDI.<\/p>\n<p>\"Ocean\" teikia persikraustymo vadybininko paslaugas, kuris pad\u0117s jums viso persikraustymo metu ir sudarys siuntimo plan\u0105. Jie suteikia vertintoj\u0105, kuris \u012fvertina j\u016bs\u0173 poreikius ir sudaro plan\u0105, k\u0105 reik\u0117t\u0173 gabenti oru, j\u016bra ar baga\u017eu. J\u0173 teikiamos persikraustymo paslaugos apima nam\u0173 ir mokykl\u0173 paie\u0161k\u0105, aklimatizacijos paslaugas, laikin\u0105 b\u016bst\u0105, bald\u0173 nuom\u0105, darbo vizas, kalb\u0173 mokym\u0105si ir sand\u0117liavimo sprendimus.<\/p>\n<p>Interneto svetain\u0117: <a href=\"http:\/\/www.ocean-il.co.il\" target=\"_blank\" rel=\"noopener\">http:\/\/www.ocean-il.co.il<\/a><\/p>\n<h2><span class=\"ez-toc-section\" id=\"4_Sonigo\"><\/span><strong>4. Sonigo<\/strong><span class=\"ez-toc-section-end\"><\/span><\/h2>\n<p><img loading=\"lazy\" decoding=\"async\" class=\"alignnone size-full wp-image-7750\" src=\"https:\/\/moverdb.com\/wp-content\/uploads\/Sonigo-international-moving-company.png\" alt=\"&quot;Sonigo&quot; tarptautin\u0117 perkraustymo \u012fmon\u0117\" width=\"1440\" height=\"679\" data-wp-pid=\"7750\" srcset=\"https:\/\/moverdb.com\/wp-content\/uploads\/Sonigo-international-moving-company.png 1440w, https:\/\/moverdb.com\/wp-content\/uploads\/Sonigo-international-moving-company-300x141.png 300w, https:\/\/moverdb.com\/wp-content\/uploads\/Sonigo-international-moving-company-1024x483.png 1024w, https:\/\/moverdb.com\/wp-content\/uploads\/Sonigo-international-moving-company-18x8.png 18w, https:\/\/moverdb.com\/wp-content\/uploads\/Sonigo-international-moving-company-600x283.png 600w\" sizes=\"auto, (max-width: 1440px) 100vw, 1440px\" \/><\/p>\n<ul>\n<li>Vietiniai ir nacionaliniai perkraustymai<\/li>\n<li>Tarptautiniai perkraustymai ir perk\u0117limai<\/li>\n<li>Nam\u0173 \u016bkio perkraustymai<\/li>\n<li>Komerciniai perkraustymai<\/li>\n<li>Paslauga \"nuo dur\u0173 iki dur\u0173<\/li>\n<li>Pakavimo paslauga<\/li>\n<li>Muitinis \u012fforminimas<\/li>\n<li>Daili\u0173j\u0173 men\u0173 tvarkymas<\/li>\n<li>Draudimas<\/li>\n<li>Trumpalaikis ir ilgalaikis saugojimas<\/li>\n<\/ul>\n<p>\"Sonigo\" yra <a href=\"https:\/\/moverdb.com\/lt\/container-shipping\/\" data-internallinksmanager029f6b8e52c=\"3\" title=\"Tarptautini\u0173 konteineri\u0173 gabenimo tarif\u0173 diagrama: 2026 m. baland\u017eio m\u0117n.\">tarptautinis pristatymas<\/a> Gan Javne \u012fsik\u016brusi \u012fmon\u0117, veikianti nuo 1986 m. ir si\u016blanti buitinio ir komercinio pakavimo bei siuntimo paslaugas. Jiems padeda pasaulinis rankomis atrinkt\u0173 tarptautini\u0173 ekspedijavimo agent\u0173 tinklas. Jie yra IAM nariai, dirbantys 36 metus, ir yra akredituoti FIDI.<\/p>\n<p>\"Sonigo\" si\u016blo persikraustymo ir perk\u0117limo nuo dur\u0173 iki dur\u0173 paslaugas, kurios pradedamos nuo apklausos namuose, kad b\u016bt\u0173 \u012fvertinti reikalavimai ir pateiktas pasi\u016blymas. Jie si\u016blo profesionalias pakavimo, dokument\u0173 pildymo ir transportavimo organizavimo paslaugas. J\u0173 teikiamos persikraustymo paslaugos apima vizas, konsultacijas mokes\u010di\u0173 klausimais, nam\u0173 ir mokykl\u0173 paie\u0161kas, bald\u0173 nuom\u0105, atvykimo, orientavimosi ir komunalini\u0173 paslaug\u0173 paslaugas.<\/p>\n<p>Interneto svetain\u0117: <a href=\"http:\/\/www.sonigo.com\" target=\"_blank\" rel=\"noopener\">http:\/\/www.sonigo.com<\/a><\/p>\n<h2><span class=\"ez-toc-section\" id=\"5_A_Univers_Transit\"><\/span><strong>5. A. Univers Transit<\/strong><span class=\"ez-toc-section-end\"><\/span><\/h2>\n<p><img loading=\"lazy\" decoding=\"async\" class=\"alignnone size-full wp-image-7654\" src=\"https:\/\/moverdb.com\/wp-content\/uploads\/A-Univers-Transit-international-moving-company.png\" alt=\"&quot;Univers Transit&quot; tarptautin\u0117 perkraustymo \u012fmon\u0117\" width=\"1440\" height=\"691\" data-wp-pid=\"7654\" srcset=\"https:\/\/moverdb.com\/wp-content\/uploads\/A-Univers-Transit-international-moving-company.png 1440w, https:\/\/moverdb.com\/wp-content\/uploads\/A-Univers-Transit-international-moving-company-300x144.png 300w, https:\/\/moverdb.com\/wp-content\/uploads\/A-Univers-Transit-international-moving-company-1024x491.png 1024w, https:\/\/moverdb.com\/wp-content\/uploads\/A-Univers-Transit-international-moving-company-18x9.png 18w, https:\/\/moverdb.com\/wp-content\/uploads\/A-Univers-Transit-international-moving-company-600x288.png 600w\" sizes=\"auto, (max-width: 1440px) 100vw, 1440px\" \/><\/p>\n<ul>\n<li>Tarptautiniai perkraustymai<\/li>\n<li>Nam\u0173 \u016bkio perkraustymai<\/li>\n<li>Komerciniai perkraustymai<\/li>\n<li>Perkraustymo paslaugos<\/li>\n<li>Paslauga \"nuo dur\u0173 iki dur\u0173<\/li>\n<li>Profesionalus pakavimas<\/li>\n<li>Oro ir j\u016br\u0173 transportas<\/li>\n<li>Dokument\u0173 pildymas<\/li>\n<li>Paie\u0161ka namuose ir mokyklose<\/li>\n<li>Saugus saugojimas<\/li>\n<\/ul>\n<p>\"Univers Transit\" yra siunt\u0173 gabenimo, transportavimo ir perk\u0117limo \u012fmon\u0117, kuri taip pat si\u016blo pakavimo ir sand\u0117liavimo sprendimus, \u012fkurta devintojo de\u0161imtme\u010dio pabaigoje. Jos padaliniai yra Tel Avive, A\u0161dode ir Haifoje. Ji yra IAM nar\u0117, dirbanti 28 metus, ir yra akredituota FIDI.<\/p>\n<p>\"Univers Transit\" si\u016blo persikraustymo nuo dur\u0173 iki dur\u0173 paslaugas, kurios prasideda nuo konsultacinio susitikimo, kurio metu \u012fvertinami j\u016bs\u0173 poreikiai ir sudaromas persikraustymo planas. Jie teikia profesionalias pakavimo paslaugas ir suteikia tinkamas d\u0117\u017ees j\u016bs\u0173 daiktams. Jie pakrauna konteinerius ir d\u0117\u017ees, kad jas b\u016bt\u0173 galima transportuoti, ir nugabena \u012f oro uost\u0105 ar uost\u0105, kur jos bus pristatytos.<\/p>\n<p>Interneto svetain\u0117: <a href=\"http:\/\/www.univers-transit.co.il\" target=\"_blank\" rel=\"noopener\">http:\/\/www.univers-transit.co.il<\/a><\/p>\n<h2><span class=\"ez-toc-section\" id=\"6_Teamnet\"><\/span><strong>6. \"Teamnet\"<\/strong><span class=\"ez-toc-section-end\"><\/span><\/h2>\n<p><img loading=\"lazy\" decoding=\"async\" class=\"alignnone size-full wp-image-7752\" src=\"https:\/\/moverdb.com\/wp-content\/uploads\/Teamnet-international-moving-company.png\" alt=\"&quot;Teamnet&quot; tarptautin\u0117 perkraustymo \u012fmon\u0117\" width=\"1440\" height=\"685\" data-wp-pid=\"7752\" srcset=\"https:\/\/moverdb.com\/wp-content\/uploads\/Teamnet-international-moving-company.png 1440w, https:\/\/moverdb.com\/wp-content\/uploads\/Teamnet-international-moving-company-300x143.png 300w, https:\/\/moverdb.com\/wp-content\/uploads\/Teamnet-international-moving-company-1024x487.png 1024w, https:\/\/moverdb.com\/wp-content\/uploads\/Teamnet-international-moving-company-18x9.png 18w, https:\/\/moverdb.com\/wp-content\/uploads\/Teamnet-international-moving-company-600x285.png 600w\" sizes=\"auto, (max-width: 1440px) 100vw, 1440px\" \/><\/p>\n<ul>\n<li>Tarptautiniai perkraustymai<\/li>\n<li>Asmeniniai \u017eingsniai<\/li>\n<li>Komercin\u0117s siuntos<\/li>\n<li>Perkraustymo paslaugos<\/li>\n<li>Paslauga \"nuo dur\u0173 iki dur\u0173<\/li>\n<li>Pakavimo paslaugos<\/li>\n<li>Laivybos arba krovini\u0173 gabenimo oro transportu organizavimas<\/li>\n<li>Muitin\u0117s formalumai<\/li>\n<li>Draudimas<\/li>\n<li>Sand\u0117liavimo patalpos<\/li>\n<\/ul>\n<p>\"Teamnet\" yra Haifoje \u012fsik\u016brusi perkraustymo ir persikraustymo \u012fmon\u0117. Ji teikia \u012fvairias paslaugas privatiems asmenims ir \u012fmon\u0117ms, gabenan\u010dioms krovinius \u012f Izrael\u012f arba i\u0161 jo. Jie bendradarbiauja su tarptautini\u0173 agent\u0173 tinklu, kad gal\u0117t\u0173 teikti paslaugas u\u017e Izraelio rib\u0173, ir yra IAM nariai.<\/p>\n<p>\"Teamnet\" si\u016blo persikraustymo nuo dur\u0173 iki dur\u0173 paslaugas i\u0161vykstantiems ir atvykstantiems klientams \u012f Izrael\u012f. Jie teikia konsultacijas namuose, kad \u012fvertint\u0173 j\u016bs\u0173 persikraustymo poreikius. Jie sudarys i\u0161sam\u0173 plan\u0105 ir suteiks pakavimo paslaug\u0105, naudodami pa\u017eangias pakavimo med\u017eiagas, tinkamas gabenti j\u016bra ar oru. Jie sutvarkys vald\u017eios institucij\u0173 ir muitin\u0117s formalumus.<\/p>\n<p>Interneto svetain\u0117: <a href=\"http:\/\/www.en.team-net.co.il\" target=\"_blank\" rel=\"noopener\">http:\/\/www.en.team-net.co.il<\/a><\/p>\n<h2><span class=\"ez-toc-section\" id=\"Other_Useful_Guides_to_Israel\"><\/span>Kiti naudingi vadovai apie Izrael\u012f<span class=\"ez-toc-section-end\"><\/span><\/h2>\n<ul>\n<li> <a href=\"https:\/\/moverdb.com\/lt\/konteineriu-kroviniu-gabenimas\/izraelis\/\">2024 J\u016br\u0173 krovini\u0173 gabenimo konteineriais \u012f Izrael\u012f ir i\u0161 jo kainos<\/a><\/li>\n<li> <a href=\"https:\/\/moverdb.com\/lt\/moving-to-israel\/\">Persik\u0117limas \u012f Izrael\u012f? 2023 m. gyvenimo i\u0161laidos ir persik\u0117limo patarimai<\/a><\/li>\n<li> <a href=\"https:\/\/moverdb.com\/lt\/moving-to-israel\/best-places-to-live-israel\/\">13 geriausi\u0173 viet\u0173 gyventi Izraelyje<\/a><\/li>\n<li> <a href=\"https:\/\/moverdb.com\/lt\/moving-to-israel\/living-in-israel\/\">21 paslaptis apie gyvenim\u0105 Izraelyje, kurias reikia \u017einoti prie\u0161 persikeliant<\/a><\/li>\n<\/ul>","protected":false},"excerpt":{"rendered":"<p>Moving your home or business can be stressful so employing the services of a moving company could reduce the workload and ease the move. So below we have compiled a list of Israel based removal companies that are members of the International Association of Movers (IAM) and\/or FIDI Accredited International Mover (FAIM) who could assist [&hellip;]<\/p>\n","protected":false},"author":4,"featured_media":0,"parent":190,"menu_order":0,"comment_status":"closed","ping_status":"closed","template":"","meta":{"_genesis_hide_title":false,"_genesis_hide_breadcrumbs":false,"_genesis_hide_singular_image":false,"_genesis_hide_footer_widgets":false,"_genesis_custom_body_class":"","_genesis_custom_post_class":"","_genesis_layout":"","footnotes":""},"class_list":{"0":"post-7779","1":"page","2":"type-page","3":"status-publish","5":"entry","6":"has-post-thumbnail"},"_links":{"self":[{"href":"https:\/\/moverdb.com\/lt\/wp-json\/wp\/v2\/pages\/7779","targetHints":{"allow":["GET"]}}],"collection":[{"href":"https:\/\/moverdb.com\/lt\/wp-json\/wp\/v2\/pages"}],"about":[{"href":"https:\/\/moverdb.com\/lt\/wp-json\/wp\/v2\/types\/page"}],"author":[{"embeddable":true,"href":"https:\/\/moverdb.com\/lt\/wp-json\/wp\/v2\/users\/4"}],"replies":[{"embeddable":true,"href":"https:\/\/moverdb.com\/lt\/wp-json\/wp\/v2\/comments?post=7779"}],"version-history":[{"count":4,"href":"https:\/\/moverdb.com\/lt\/wp-json\/wp\/v2\/pages\/7779\/revisions"}],"predecessor-version":[{"id":17076,"href":"https:\/\/moverdb.com\/lt\/wp-json\/wp\/v2\/pages\/7779\/revisions\/17076"}],"up":[{"embeddable":true,"href":"https:\/\/moverdb.com\/lt\/wp-json\/wp\/v2\/pages\/190"}],"wp:attachment":[{"href":"https:\/\/moverdb.com\/lt\/wp-json\/wp\/v2\/media?parent=7779"}],"curies":[{"name":"wp","href":"https:\/\/api.w.org\/{rel}","templated":true}]}}