{"id":7764,"date":"2023-04-27T14:59:23","date_gmt":"2023-04-27T14:59:23","guid":{"rendered":"https:\/\/moverdb.com\/?page_id=7764"},"modified":"2026-01-08T15:23:45","modified_gmt":"2026-01-08T15:23:45","slug":"moving-companies-iraq","status":"publish","type":"page","link":"https:\/\/moverdb.com\/lt\/moving-companies\/moving-companies-iraq\/","title":{"rendered":"2 Geriausios tarptautin\u0117s perkraustymo \u012fmon\u0117s Irake"},"content":{"rendered":"<p>Persikraustymas \u012f kit\u0105 \u0161al\u012f niekada neb\u016bna paprastas, tod\u0117l pagalbos pra\u0161ymas gali b\u016bti labai naudingas, ypa\u010d jei persikraustote i\u0161 vienos \u0161alies \u012f kit\u0105. Jei persikeliate Irake, \u012f Irak\u0105 arba i\u0161 jo, sudar\u0117me s\u0105ra\u0161\u0105 <a href=\"https:\/\/moverdb.com\/lt\/international-removals\/\" data-internallinksmanager029f6b8e52c=\"27\" title=\"36 geriausios tarptautinio perkraustymo \u012fmon\u0117s Jungtin\u0117je Karalyst\u0117je\">perkraustymo \u012fmon\u0117s<\/a> kurie yra <a href=\"https:\/\/moverdb.com\/lt\/iam\/\" data-internallinksmanager029f6b8e52c=\"23\" title=\"Tarptautin\u0117s perkraustytoj\u0173 asociacijos (IAM) paai\u0161kinimai\">Tarptautin\u0117 perkraustytoj\u0173 asociacija<\/a> (IAM) ir (arba) <a href=\"https:\/\/moverdb.com\/lt\/fidi-faim\/\" data-internallinksmanager029f6b8e52c=\"16\" title=\"FIDI ir FAIM (FIDI akredituotas tarptautinis perve\u017e\u0117jas) paai\u0161kinimai\">FIDI<\/a> Akredituotas tarptautinis perkraustymas (FAIM), kuris gal\u0117t\u0173 pad\u0117ti jums persikraustyti.<\/p>\n<h2><strong>1. BCC logistika<\/strong><\/h2>\n<p><img loading=\"lazy\" decoding=\"async\" class=\"alignnone size-full wp-image-7673\" src=\"https:\/\/moverdb.com\/wp-content\/uploads\/BCC-Logistics-international-moving-company.png\" alt=\"&quot;BCC Logistics&quot; tarptautin\u0117 perkraustymo \u012fmon\u0117\" width=\"1440\" height=\"634\" data-wp-pid=\"7673\" srcset=\"https:\/\/moverdb.com\/wp-content\/uploads\/BCC-Logistics-international-moving-company.png 1440w, https:\/\/moverdb.com\/wp-content\/uploads\/BCC-Logistics-international-moving-company-300x132.png 300w, https:\/\/moverdb.com\/wp-content\/uploads\/BCC-Logistics-international-moving-company-1024x451.png 1024w, https:\/\/moverdb.com\/wp-content\/uploads\/BCC-Logistics-international-moving-company-18x8.png 18w, https:\/\/moverdb.com\/wp-content\/uploads\/BCC-Logistics-international-moving-company-600x264.png 600w\" sizes=\"auto, (max-width: 1440px) 100vw, 1440px\" \/><\/p>\n<ul>\n<li>Nacionaliniai judesiai<\/li>\n<li>Tarptautiniai perkraustymai<\/li>\n<li>Nam\u0173 \u016bkio perkraustymai<\/li>\n<li>\u012emoni\u0173, diplomat\u0173 ir kariuomen\u0117s jud\u0117jimas<\/li>\n<li>Perkraustymo nuo dur\u0173 iki dur\u0173 paslauga<\/li>\n<li>Pakavimo paslauga<\/li>\n<li>Krovini\u0173 ve\u017eimas keliais, j\u016bra ir oru<\/li>\n<li>Muitinis \u012fforminimas<\/li>\n<li>Daili\u0173j\u0173 men\u0173 tvarkymas<\/li>\n<li>Sand\u0117liavimo patalpos<\/li>\n<\/ul>\n<p>\"BCC Logistics\" yra pasaulin\u0117 krovini\u0173 ekspedijavimo paslaug\u0173 teik\u0117ja, \u012fkurta 1993 m. <a href=\"https:\/\/moverdb.com\/lt\/moving-companies\/moving-companies-lebanon\/\" data-internallinksmanager029f6b8e52c=\"302\" title=\"7 Geriausios tarptautin\u0117s perkraustymo \u012fmon\u0117s Libane\">Libanas<\/a> su biurais <a href=\"https:\/\/moverdb.com\/lt\/moving-to-qatar\/\" data-internallinksmanager029f6b8e52c=\"334\" title=\"Persik\u0117limas \u012f Katar\u0105? 2023 m. pragyvenimo i\u0161laidos ir persik\u0117limo patarimai\">Kataras<\/a>, Irake ir <a href=\"https:\/\/moverdb.com\/lt\/moving-to-saudi-arabia\/\" data-internallinksmanager029f6b8e52c=\"319\" title=\"Persik\u0117limas \u012f Saudo Arabij\u0105? 2023 m. pragyvenimo i\u0161laidos ir persik\u0117limo patarimai\">Saudo Arabija<\/a>. Irako biuras Erbilyje atidarytas 2008 m. Jie turi tarptautin\u012f agent\u0173 tinkl\u0105, padedant\u012f vykdyti j\u0173 veikl\u0105 visame pasaulyje. Jie yra IAM nariai, dirbantys 15 met\u0173.<\/p>\n<p>\"BCC Logistics\" si\u016blo perkraustymo nuo dur\u0173 iki dur\u0173 paslaugas nacionaliniu ir tarptautiniu mastu. Jie teikia pakavimo paslaugas, t. y. gabena j\u016brinius krovinius konteineriuose, oro krovinius trimis sienel\u0117mis ir mediniais keltuvais. Jie i\u0161pakuos ir sumontuos baldus bei pa\u0161alins visas pakavimo \u0161iuk\u0161les. Jie organizuoja perve\u017eim\u0105 sausuma, oru arba j\u016bra, atlikdami muitin\u0117s formalumus.<\/p>\n<p>Interneto svetain\u0117: <a href=\"http:\/\/www.bcclogistics.com\" target=\"_blank\" rel=\"noopener\">http:\/\/www.bcclogistics.com<\/a><\/p>\n<h2><strong>2. Paxton<\/strong><\/h2>\n<p><img loading=\"lazy\" decoding=\"async\" class=\"alignnone size-full wp-image-7736\" src=\"https:\/\/moverdb.com\/wp-content\/uploads\/Paxton-international-moving-company.png\" alt=\"Paxton tarptautinis jud\u0117jimo \u012fmon\u0117\" width=\"1440\" height=\"682\" data-wp-pid=\"7736\" srcset=\"https:\/\/moverdb.com\/wp-content\/uploads\/Paxton-international-moving-company.png 1440w, https:\/\/moverdb.com\/wp-content\/uploads\/Paxton-international-moving-company-300x142.png 300w, https:\/\/moverdb.com\/wp-content\/uploads\/Paxton-international-moving-company-1024x485.png 1024w, https:\/\/moverdb.com\/wp-content\/uploads\/Paxton-international-moving-company-18x9.png 18w, https:\/\/moverdb.com\/wp-content\/uploads\/Paxton-international-moving-company-600x284.png 600w\" sizes=\"auto, (max-width: 1440px) 100vw, 1440px\" \/><\/p>\n<ul>\n<li>Nacionaliniai judesiai<\/li>\n<li>Tarptautiniai perkraustymai<\/li>\n<li>Nam\u0173 \u016bki\u0173 perk\u0117limas<\/li>\n<li>Biur\u0173 ir pramonini\u0173 objekt\u0173 perkraustymas<\/li>\n<li>Paslauga \"nuo dur\u0173 iki dur\u0173<\/li>\n<li>Pakavimo paslauga<\/li>\n<li>Transportavimo organizavimas<\/li>\n<li>Muitinis \u012fforminimas<\/li>\n<li>Transporto priemoni\u0173 transportavimas<\/li>\n<li>Saugios saugyklos<\/li>\n<\/ul>\n<p>\"Paxton\" yra vietin\u0117 ir pasaulin\u0117 perkraustymo, informacijos ir logistikos valdymo paslaug\u0173 \u012fmon\u0117. Ji veikia daugiau kaip 60 met\u0173 ir turi biurus Amerikoje, Pakistane, Piet\u0173 Sudane, <a href=\"https:\/\/moverdb.com\/lt\/moving-to-singapore\/\" data-internallinksmanager029f6b8e52c=\"68\" title=\"Persik\u0117limas \u012f Singap\u016br\u0105? 2023 m. Gyvenimo i\u0161laidos ir persik\u0117limo patarimai\">Singap\u016bras<\/a>, Afganistane ir Irake, Bagdade ir Erbilyje. Jie turi atrinkt\u0173 partneri\u0173, teikian\u010di\u0173 paslaugas tarptautiniu mastu, tinkl\u0105 ir yra IAM nariai.<\/p>\n<p>\"Paxton\" teikia perkraustymo nuo dur\u0173 iki dur\u0173 paslaugas vietos, \u0161alies ir tarptautiniu mastu. Jie teikia pakavimo paslaugas, kad apsaugot\u0173 j\u016bs\u0173 daiktus perve\u017eimo metu, arba gali tai padaryti patys. Jie pasi\u016blys j\u016bs\u0173 poreikius ir biud\u017eet\u0105 geriausiai atitinkan\u010dius transportavimo variantus, taip pat pad\u0117s atlikti muitin\u0117s formalumus.<\/p>\n<p>Interneto svetain\u0117: <a href=\"http:\/\/www.paxton.com\" target=\"_blank\" rel=\"noopener\">http:\/\/www.paxton.com<\/a><\/p>","protected":false},"excerpt":{"rendered":"<p>Moving home or your business is never straightforward so getting assistance can really help especially if you are moving between countries. If you moving within, to or from Iraq, we have compiled a list of removal companies that are members of the International Association of Movers (IAM) and\/or FIDI Accredited International Mover (FAIM) who could [&hellip;]<\/p>\n","protected":false},"author":4,"featured_media":0,"parent":190,"menu_order":0,"comment_status":"closed","ping_status":"closed","template":"","meta":{"_genesis_hide_title":false,"_genesis_hide_breadcrumbs":false,"_genesis_hide_singular_image":false,"_genesis_hide_footer_widgets":false,"_genesis_custom_body_class":"","_genesis_custom_post_class":"","_genesis_layout":"","footnotes":""},"class_list":{"0":"post-7764","1":"page","2":"type-page","3":"status-publish","5":"entry","6":"has-post-thumbnail"},"_links":{"self":[{"href":"https:\/\/moverdb.com\/lt\/wp-json\/wp\/v2\/pages\/7764","targetHints":{"allow":["GET"]}}],"collection":[{"href":"https:\/\/moverdb.com\/lt\/wp-json\/wp\/v2\/pages"}],"about":[{"href":"https:\/\/moverdb.com\/lt\/wp-json\/wp\/v2\/types\/page"}],"author":[{"embeddable":true,"href":"https:\/\/moverdb.com\/lt\/wp-json\/wp\/v2\/users\/4"}],"replies":[{"embeddable":true,"href":"https:\/\/moverdb.com\/lt\/wp-json\/wp\/v2\/comments?post=7764"}],"version-history":[{"count":1,"href":"https:\/\/moverdb.com\/lt\/wp-json\/wp\/v2\/pages\/7764\/revisions"}],"predecessor-version":[{"id":7765,"href":"https:\/\/moverdb.com\/lt\/wp-json\/wp\/v2\/pages\/7764\/revisions\/7765"}],"up":[{"embeddable":true,"href":"https:\/\/moverdb.com\/lt\/wp-json\/wp\/v2\/pages\/190"}],"wp:attachment":[{"href":"https:\/\/moverdb.com\/lt\/wp-json\/wp\/v2\/media?parent=7764"}],"curies":[{"name":"wp","href":"https:\/\/api.w.org\/{rel}","templated":true}]}}