{"id":7514,"date":"2023-02-01T14:00:27","date_gmt":"2023-02-01T14:00:27","guid":{"rendered":"https:\/\/moverdb.com\/?page_id=7514"},"modified":"2026-01-08T15:23:43","modified_gmt":"2026-01-08T15:23:43","slug":"juda-imones-gvineja","status":"publish","type":"page","link":"https:\/\/moverdb.com\/lt\/moving-companies\/moving-companies-guinea\/","title":{"rendered":"2 Geriausios tarptautin\u0117s perkraustymo \u012fmon\u0117s Gvin\u0117joje"},"content":{"rendered":"<p>Kai planuojate persikraustym\u0105, nesvarbu, ar tai b\u016bt\u0173 j\u016bs\u0173 namai, ar biuras, tai gali b\u016bti stres\u0105 keliantis laikas, kai reikia tvarkyti daugyb\u0119 logistikos ir dokument\u0173. B\u016btent \u010dia reikia samdyti <a href=\"https:\/\/moverdb.com\/lt\/moving-companies\/\" data-internallinksmanager029f6b8e52c=\"79\" title=\"Top 25 Tarptautin\u0117s perkraustymo \u012fmon\u0117s internete\">perkraustymo \u012fmon\u0117<\/a> gali pad\u0117ti palengvinti \u0161i\u0105 na\u0161t\u0105. Toliau pateikiame Gvin\u0117jos s\u0105ra\u0161\u0105 <a href=\"https:\/\/moverdb.com\/lt\/international-removals\/\" data-internallinksmanager029f6b8e52c=\"27\" title=\"36 geriausios tarptautinio perkraustymo \u012fmon\u0117s Jungtin\u0117je Karalyst\u0117je\">perkraustymo \u012fmon\u0117s<\/a> kurie yra <a href=\"https:\/\/moverdb.com\/lt\/iam\/\" data-internallinksmanager029f6b8e52c=\"23\" title=\"Tarptautin\u0117s perkraustytoj\u0173 asociacijos (IAM) paai\u0161kinimai\">Tarptautin\u0117 perkraustytoj\u0173 asociacija<\/a> (IAM) ir (arba) <a href=\"https:\/\/moverdb.com\/lt\/fidi-faim\/\" data-internallinksmanager029f6b8e52c=\"16\" title=\"FIDI ir FAIM (FIDI akredituotas tarptautinis perve\u017e\u0117jas) paai\u0161kinimai\">FIDI<\/a> Akredituot\u0173 tarptautini\u0173 perkraustymo paslaug\u0173 teik\u0117j\u0173 (FAIM), kurie gal\u0117t\u0173 pad\u0117ti jums persikraustyti.<\/p>\n<h2><strong>1. Soguifret<\/strong><\/h2>\n<p><img loading=\"lazy\" decoding=\"async\" class=\"alignnone size-full wp-image-7489\" src=\"https:\/\/moverdb.com\/wp-content\/uploads\/Soguifret-international-moving-company.png\" alt=\"Soguifret tarptautin\u0117 jud\u0117jimo \u012fmon\u0117\" width=\"1440\" height=\"679\" data-wp-pid=\"7489\" srcset=\"https:\/\/moverdb.com\/wp-content\/uploads\/Soguifret-international-moving-company.png 1440w, https:\/\/moverdb.com\/wp-content\/uploads\/Soguifret-international-moving-company-300x141.png 300w, https:\/\/moverdb.com\/wp-content\/uploads\/Soguifret-international-moving-company-1024x483.png 1024w, https:\/\/moverdb.com\/wp-content\/uploads\/Soguifret-international-moving-company-18x8.png 18w, https:\/\/moverdb.com\/wp-content\/uploads\/Soguifret-international-moving-company-600x283.png 600w\" sizes=\"auto, (max-width: 1440px) 100vw, 1440px\" \/><\/p>\n<ul>\n<li>Nacionaliniai judesiai<\/li>\n<li>Tarptautiniai perkraustymai<\/li>\n<li>Nam\u0173 \u016bkio perkraustymai<\/li>\n<li>Biuro perkraustymai<\/li>\n<li>Paslauga \"nuo dur\u0173 iki dur\u0173<\/li>\n<li>Pakavimo paslauga<\/li>\n<li>Konteineri\u0173 parink\u010di\u0173 pasirinkimas<\/li>\n<li>Transportavimo organizavimas<\/li>\n<li>Muitinis \u012fforminimas<\/li>\n<li>Tarptautiniai tinklai<\/li>\n<\/ul>\n<p>\"Soguifret\" yra 1989 m. Gvin\u0117joje \u012fsteigta perve\u017eimo ir ekspedijavimo \u012fmon\u0117. Ji yra Universalios krovini\u0173 ve\u017eimo organizacijos (Universal Freight Organisation), apiman\u010dios 120 \u0161ali\u0173, dalis ir IAM nar\u0117, veikianti jau 34 metus ir veikianti 170 \u0161ali\u0173. Per savo tinklus jie dirba su tarptautinio perkraustymo klientais.<\/p>\n<p>\"Soguifret\" teikia nacionalinio ir tarptautinio perkraustymo paslaugas \"nuo dur\u0173 iki dur\u0173\" nam\u0173 \u016bkiams ir biurams. Jie teikia paslaugas \u012fvairiems \u017emon\u0117ms, \u012fskaitant ambasadas ir taikos korpus\u0105. Jie si\u016blo konteineri\u0173 pasirinkim\u0105, \u012fskaitant ma\u017eesnius nei konteinerio krovinius ir pilnus konteinerius. Jie pasir\u016bpins j\u016bs\u0173 daikt\u0173 perve\u017eimu ir atliks muitin\u0117s formalumus.<\/p>\n<p>Interneto svetain\u0117: <a href=\"http:\/\/www.soguifret.com\" target=\"_blank\" rel=\"noopener\">http:\/\/www.soguifret.com<\/a><\/p>\n<h2><strong>2. JVK<\/strong><\/h2>\n<p><img loading=\"lazy\" decoding=\"async\" class=\"alignnone size-full wp-image-7459\" src=\"https:\/\/moverdb.com\/wp-content\/uploads\/JVK-Guinea-international-moving-company.png\" alt=\"JVK Gvin\u0117ja tarptautin\u0117 jud\u0117jimo \u012fmon\u0117\" width=\"1440\" height=\"680\" data-wp-pid=\"7459\" srcset=\"https:\/\/moverdb.com\/wp-content\/uploads\/JVK-Guinea-international-moving-company.png 1440w, https:\/\/moverdb.com\/wp-content\/uploads\/JVK-Guinea-international-moving-company-300x142.png 300w, https:\/\/moverdb.com\/wp-content\/uploads\/JVK-Guinea-international-moving-company-1024x484.png 1024w, https:\/\/moverdb.com\/wp-content\/uploads\/JVK-Guinea-international-moving-company-18x9.png 18w, https:\/\/moverdb.com\/wp-content\/uploads\/JVK-Guinea-international-moving-company-600x283.png 600w\" sizes=\"auto, (max-width: 1440px) 100vw, 1440px\" \/><\/p>\n<ul>\n<li>Nacionaliniai judesiai<\/li>\n<li>Tarptautiniai perkraustymai<\/li>\n<li>Perk\u0117limo paslauga<\/li>\n<li>Nam\u0173 \u016bkio perkraustymai<\/li>\n<li>Biuro perkraustymai<\/li>\n<li>Pakavimo paslauga<\/li>\n<li>Auk\u0161tos kokyb\u0117s pakavimo med\u017eiagos<\/li>\n<li>Keli\u0173, j\u016br\u0173 ir oro transportas<\/li>\n<li>Muitin\u0117s formalumai<\/li>\n<li>Trumpalaik\u0117s ir ilgalaik\u0117s saugyklos<\/li>\n<\/ul>\n<p>\"JVK\" yra tarptautin\u0117 perkraustymo ir perk\u0117limo bendrov\u0117, turinti biur\u0173 tinkl\u0105 visoje Afrikoje, Azijoje ir Ramiojo vandenyno regione. Jos biuras yra Konakryje, Gvin\u0117joje, ta\u010diau ji buvo \u012fkurta <a href=\"https:\/\/moverdb.com\/lt\/moving-to-thailand\/\" data-internallinksmanager029f6b8e52c=\"318\" title=\"Persik\u0117limas \u012f Tailand\u0105? 2023 Gyvenimo i\u0161laidos ir persik\u0117limo patarimai\">Tailandas<\/a> 1979 m. Jie yra IAM nariai, turintys tarptautini\u0173 perkraustymo agent\u0173 tinkl\u0105, kuris padeda ten, kur jie neturi apr\u0117pties.<\/p>\n<p>JVK si\u016blo apklaus\u0105 prie\u0161 persikraustym\u0105, kad \u012fvertint\u0173 j\u016bs\u0173 persikraustymo poreikius, parengt\u0173 persikraustymo pasi\u016blym\u0105 ir suplanuot\u0173 persikraustym\u0105. Jie teikia paslaugas nuo dur\u0173 iki dur\u0173, \u012fskaitant saug\u0173 j\u016bs\u0173 daikt\u0173 pakavim\u0105 naudojant auk\u0161tos kokyb\u0117s med\u017eiagas ir specialias d\u0117\u017ees trapiems daiktams. Jie pasir\u016bpins perve\u017eimu keliais, j\u016bra ar oru ir suderins muitin\u0117s formalumus.<\/p>\n<p>Interneto svetain\u0117: <a href=\"http:\/\/www.jvkpacific.com\" target=\"_blank\" rel=\"noopener\">http:\/\/www.jvkpacific.com<\/a><\/p>","protected":false},"excerpt":{"rendered":"<p>When you are planning a move whether that is your home or office, it can be stressful time with a lot of logistics to manage and paperwork. This is where employing a moving company can help to ease the burden. Below we have compiled a list of Guinea based removal companies that are members of [&hellip;]<\/p>\n","protected":false},"author":4,"featured_media":0,"parent":190,"menu_order":0,"comment_status":"closed","ping_status":"closed","template":"","meta":{"_genesis_hide_title":false,"_genesis_hide_breadcrumbs":false,"_genesis_hide_singular_image":false,"_genesis_hide_footer_widgets":false,"_genesis_custom_body_class":"","_genesis_custom_post_class":"","_genesis_layout":"","footnotes":""},"class_list":{"0":"post-7514","1":"page","2":"type-page","3":"status-publish","5":"entry","6":"has-post-thumbnail"},"_links":{"self":[{"href":"https:\/\/moverdb.com\/lt\/wp-json\/wp\/v2\/pages\/7514","targetHints":{"allow":["GET"]}}],"collection":[{"href":"https:\/\/moverdb.com\/lt\/wp-json\/wp\/v2\/pages"}],"about":[{"href":"https:\/\/moverdb.com\/lt\/wp-json\/wp\/v2\/types\/page"}],"author":[{"embeddable":true,"href":"https:\/\/moverdb.com\/lt\/wp-json\/wp\/v2\/users\/4"}],"replies":[{"embeddable":true,"href":"https:\/\/moverdb.com\/lt\/wp-json\/wp\/v2\/comments?post=7514"}],"version-history":[{"count":1,"href":"https:\/\/moverdb.com\/lt\/wp-json\/wp\/v2\/pages\/7514\/revisions"}],"predecessor-version":[{"id":7515,"href":"https:\/\/moverdb.com\/lt\/wp-json\/wp\/v2\/pages\/7514\/revisions\/7515"}],"up":[{"embeddable":true,"href":"https:\/\/moverdb.com\/lt\/wp-json\/wp\/v2\/pages\/190"}],"wp:attachment":[{"href":"https:\/\/moverdb.com\/lt\/wp-json\/wp\/v2\/media?parent=7514"}],"curies":[{"name":"wp","href":"https:\/\/api.w.org\/{rel}","templated":true}]}}