{"id":6051,"date":"2023-02-01T12:39:56","date_gmt":"2023-02-01T12:39:56","guid":{"rendered":"https:\/\/moverdb.com\/?page_id=6051"},"modified":"2026-01-08T15:24:43","modified_gmt":"2026-01-08T15:24:43","slug":"persikraustymo-kompanijos-suomijoje","status":"publish","type":"page","link":"https:\/\/moverdb.com\/lt\/moving-companies\/moving-companies-finland\/","title":{"rendered":"4 geriausios tarptautin\u0117s perkraustymo \u012fmon\u0117s Suomijoje"},"content":{"rendered":"<p>Nam\u0173 ar verslo patalp\u0173 persik\u0117limas gali kelti stres\u0105, nes reikia daug k\u0105 sutvarkyti, ypa\u010d jei persikraustote \u012f kit\u0105 \u0161al\u012f. Taigi, pasinaudodami <a href=\"https:\/\/moverdb.com\/lt\/moving-companies\/\" data-internallinksmanager029f6b8e52c=\"79\" title=\"Top 25 Tarptautin\u0117s perkraustymo \u012fmon\u0117s internete\">perkraustymo \u012fmon\u0117<\/a> gali pad\u0117ti palengvinti r\u016bpes\u010dius, nes jie gali u\u017e jus atlikti visus reikalingus veiksmus ir pad\u0117ti tvarkyti dokumentus. Toliau pateikiame s\u0105ra\u0161\u0105 <a href=\"https:\/\/moverdb.com\/lt\/international-removals\/\" data-internallinksmanager029f6b8e52c=\"27\" title=\"36 geriausios tarptautinio perkraustymo \u012fmon\u0117s Jungtin\u0117je Karalyst\u0117je\">perkraustymo \u012fmon\u0117s<\/a> \u012fsik\u016br\u0119s <a href=\"https:\/\/moverdb.com\/lt\/moving-to-finland\/\" data-internallinksmanager029f6b8e52c=\"345\" title=\"Persik\u0117limas \u012f Suomij\u0105? 2023 m. pragyvenimo i\u0161laidos ir persik\u0117limo patarimai\">Suomija<\/a> kurie yra <a href=\"https:\/\/moverdb.com\/lt\/iam\/\" data-internallinksmanager029f6b8e52c=\"23\" title=\"Tarptautin\u0117s perkraustytoj\u0173 asociacijos (IAM) paai\u0161kinimai\">Tarptautin\u0117 perkraustytoj\u0173 asociacija<\/a> (IAM) ir (arba) <a href=\"https:\/\/moverdb.com\/lt\/fidi-faim\/\" data-internallinksmanager029f6b8e52c=\"16\" title=\"FIDI ir FAIM (FIDI akredituotas tarptautinis perve\u017e\u0117jas) paai\u0161kinimai\">FIDI<\/a> Akredituotas tarptautinis perkraustymas (FAIM), kuris gal\u0117t\u0173 pad\u0117ti jums persikraustyti.<\/p>\n<div id=\"ez-toc-container\" class=\"ez-toc-v2_0_83 ez-toc-wrap-left counter-hierarchy ez-toc-counter ez-toc-transparent ez-toc-container-direction\">\n<div class=\"ez-toc-title-container\">\n<p class=\"ez-toc-title\" style=\"cursor:inherit\">Skyriai<\/p>\n<span class=\"ez-toc-title-toggle\"><a href=\"#\" class=\"ez-toc-pull-right ez-toc-btn ez-toc-btn-xs ez-toc-btn-default ez-toc-toggle\" aria-label=\"Perjungti turinio lentel\u0119\"><span class=\"ez-toc-js-icon-con\"><span class=\"\"><span class=\"eztoc-hide\" style=\"display:none;\">Perjungti<\/span><span class=\"ez-toc-icon-toggle-span\"><svg style=\"fill: #999;color:#999\" xmlns=\"http:\/\/www.w3.org\/2000\/svg\" class=\"list-377408\" width=\"20px\" height=\"20px\" viewbox=\"0 0 24 24\" fill=\"none\"><path d=\"M6 6H4v2h2V6zm14 0H8v2h12V6zM4 11h2v2H4v-2zm16 0H8v2h12v-2zM4 16h2v2H4v-2zm16 0H8v2h12v-2z\" fill=\"currentColor\"><\/path><\/svg><svg style=\"fill: #999;color:#999\" class=\"arrow-unsorted-368013\" xmlns=\"http:\/\/www.w3.org\/2000\/svg\" width=\"10px\" height=\"10px\" viewbox=\"0 0 24 24\" version=\"1.2\" baseprofile=\"tiny\"><path d=\"M18.2 9.3l-6.2-6.3-6.2 6.3c-.2.2-.3.4-.3.7s.1.5.3.7c.2.2.4.3.7.3h11c.3 0 .5-.1.7-.3.2-.2.3-.5.3-.7s-.1-.5-.3-.7zM5.8 14.7l6.2 6.3 6.2-6.3c.2-.2.3-.5.3-.7s-.1-.5-.3-.7c-.2-.2-.4-.3-.7-.3h-11c-.3 0-.5.1-.7.3-.2.2-.3.5-.3.7s.1.5.3.7z\"\/><\/svg><\/span><\/span><\/span><\/a><\/span><\/div>\n<nav><ul class='ez-toc-list ez-toc-list-level-1 eztoc-toggle-hide-by-default' ><li class='ez-toc-page-1 ez-toc-heading-level-2'><a class=\"ez-toc-link ez-toc-heading-1\" href=\"https:\/\/moverdb.com\/lt\/moving-companies\/moving-companies-finland\/#1_Travelcargo_International_Removals\" >1. \"Travelcargo\" tarptautinis perkraustymas<\/a><\/li><li class='ez-toc-page-1 ez-toc-heading-level-2'><a class=\"ez-toc-link ez-toc-heading-2\" href=\"https:\/\/moverdb.com\/lt\/moving-companies\/moving-companies-finland\/#2_Niemi_Services\" >2. Niemi paslaugos<\/a><\/li><li class='ez-toc-page-1 ez-toc-heading-level-2'><a class=\"ez-toc-link ez-toc-heading-3\" href=\"https:\/\/moverdb.com\/lt\/moving-companies\/moving-companies-finland\/#3_Pegasus_Moving\" >3. Pegasus Moving<\/a><\/li><li class='ez-toc-page-1 ez-toc-heading-level-2'><a class=\"ez-toc-link ez-toc-heading-4\" href=\"https:\/\/moverdb.com\/lt\/moving-companies\/moving-companies-finland\/#4_Victor_EK\" >4. Viktoras EK<\/a><\/li><li class='ez-toc-page-1 ez-toc-heading-level-2'><a class=\"ez-toc-link ez-toc-heading-5\" href=\"https:\/\/moverdb.com\/lt\/moving-companies\/moving-companies-finland\/#Other_Useful_Guides_to_Finland\" >Kiti naudingi Suomijos gidai<\/a><\/li><\/ul><\/nav><\/div>\n<h2><span class=\"ez-toc-section\" id=\"1_Travelcargo_International_Removals\"><\/span><strong>1. \"Travelcargo\" tarptautinis perkraustymas<\/strong><span class=\"ez-toc-section-end\"><\/span><\/h2>\n<p><img loading=\"lazy\" decoding=\"async\" class=\"alignnone size-full wp-image-6052\" src=\"https:\/\/moverdb.com\/wp-content\/uploads\/Travel-Cargo-international-moving-company.png\" alt=\"&quot;Travel Cargo&quot; tarptautin\u0117 perkraustymo \u012fmon\u0117\" width=\"1440\" height=\"672\" data-wp-pid=\"6052\" srcset=\"https:\/\/moverdb.com\/wp-content\/uploads\/Travel-Cargo-international-moving-company.png 1440w, https:\/\/moverdb.com\/wp-content\/uploads\/Travel-Cargo-international-moving-company-300x140.png 300w, https:\/\/moverdb.com\/wp-content\/uploads\/Travel-Cargo-international-moving-company-1024x478.png 1024w, https:\/\/moverdb.com\/wp-content\/uploads\/Travel-Cargo-international-moving-company-18x8.png 18w, https:\/\/moverdb.com\/wp-content\/uploads\/Travel-Cargo-international-moving-company-600x280.png 600w\" sizes=\"auto, (max-width: 1440px) 100vw, 1440px\" \/><\/p>\n<ul>\n<li>Tarptautinis perkraustymas<\/li>\n<li>Nam\u0173 \u016bkio perkraustymai<\/li>\n<li>\u012emoni\u0173 perkraustymai<\/li>\n<li>Paslauga \"nuo dur\u0173 iki dur\u0173<\/li>\n<li>Profesionalios pakavimo paslaugos<\/li>\n<li>Keli\u0173, oro ir j\u016br\u0173 transportas<\/li>\n<li>Muitinis \u012fforminimas<\/li>\n<li>Gyv\u016bn\u0173 ve\u017eimas<\/li>\n<li>Baga\u017eo pervir\u0161io paslauga<\/li>\n<li>Mug\u0117s ir renginiai<\/li>\n<\/ul>\n<p>\"Travelcargo International Removals\" yra 2005 m. Helsinkyje \u012fkurta perkraustymo ir logistikos \u012fmon\u0117. Ji yra \"ATC Global Solutions\" padalinys. Bendradarbiaudami su kitomis tarptautinio perkraustymo agent\u016bromis, jie si\u016blo perkraustymo paslaugas daugiau kaip 180 pasaulio \u0161ali\u0173. Jie yra IAM nariai, dirbantys 17 met\u0173, ir yra akredituoti FIDI.<\/p>\n<p>\"Travelcargo\" si\u016blo apklaus\u0105 prie\u0161 persikraustym\u0105, kad \u012fvertint\u0173 j\u016bs\u0173 poreikius ir pasir\u016bpint\u0173 persikraustymo paslaugomis nuo dur\u0173 iki dur\u0173. Jie teikia profesionalius pakuotojus, kurie saugiai supakuos j\u016bs\u0173 daiktus naudodami auk\u0161tos kokyb\u0117s pakavimo med\u017eiagas. Jie organizuoja krovini\u0173 gabenim\u0105 keliais, oru ir j\u016bra su muitin\u0117s formalumais.<\/p>\n<p>Interneto svetain\u0117: <a href=\"http:\/\/www.travelcargo.fi\" target=\"_blank\" rel=\"noopener\">http:\/\/www.travelcargo.fi<\/a><\/p>\n<h2><span class=\"ez-toc-section\" id=\"2_Niemi_Services\"><\/span><strong>2. Niemi paslaugos<\/strong><span class=\"ez-toc-section-end\"><\/span><\/h2>\n<p><img loading=\"lazy\" decoding=\"async\" class=\"alignnone size-full wp-image-5986\" src=\"https:\/\/moverdb.com\/wp-content\/uploads\/Niemi-Services-international-moving-company.png\" alt=\"&quot;Niemi Services&quot; tarptautin\u0117 perkraustymo \u012fmon\u0117\" width=\"1440\" height=\"683\" data-wp-pid=\"5986\" srcset=\"https:\/\/moverdb.com\/wp-content\/uploads\/Niemi-Services-international-moving-company.png 1440w, https:\/\/moverdb.com\/wp-content\/uploads\/Niemi-Services-international-moving-company-300x142.png 300w, https:\/\/moverdb.com\/wp-content\/uploads\/Niemi-Services-international-moving-company-1024x486.png 1024w, https:\/\/moverdb.com\/wp-content\/uploads\/Niemi-Services-international-moving-company-18x9.png 18w, https:\/\/moverdb.com\/wp-content\/uploads\/Niemi-Services-international-moving-company-600x285.png 600w\" sizes=\"auto, (max-width: 1440px) 100vw, 1440px\" \/><\/p>\n<ul>\n<li>Nacionaliniai judesiai<\/li>\n<li>Tarptautiniai perkraustymai<\/li>\n<li>Gyvenam\u0173j\u0173 nam\u0173 perkraustymai<\/li>\n<li>\u012emoni\u0173 perkraustymai<\/li>\n<li>Judan\u010dio paketo lygio pasirinkimas<\/li>\n<li>Pakavimo paslaugos<\/li>\n<li>Krovini\u0173 ve\u017eimas keliais, j\u016bra ir oru<\/li>\n<li>Muitinis \u012fforminimas<\/li>\n<li>Draudimas<\/li>\n<li>Trumpalaik\u0117s ir ilgalaik\u0117s saugyklos<\/li>\n<\/ul>\n<p>\"Niemi Services\" yra perkraustymo ir logistikos bendrov\u0117, turinti veiklos centrus Helsinkyje, Jyvaskyloje ir Kuopio mieste, <a href=\"https:\/\/www.niemi.fi\/en\/about_us\/offices\/niemi_lahti\" target=\"_blank\" rel=\"noopener\">Lahti<\/a>,&nbsp;<a href=\"https:\/\/www.niemi.fi\/en\/about_us\/offices\/niemi_oulu\" target=\"_blank\" rel=\"noopener\">Oulu<\/a>,&nbsp;<a href=\"https:\/\/www.niemi.fi\/en\/about_us\/offices\/niemi_tampere\" target=\"_blank\" rel=\"noopener\">Tamper\u0117<\/a>,&nbsp;<a href=\"https:\/\/www.niemi.fi\/en\/about_us\/offices\/niemi_turku\" target=\"_blank\" rel=\"noopener\">Turku<\/a>, ir&nbsp;<a href=\"https:\/\/www.niemi.fi\/en\/about_us\/offices\/niemi_vaasa\" target=\"_blank\" rel=\"noopener\">Vaasa<\/a>. Bendradarbiaudami su tarptautiniais perkraustymo agentais, jie si\u016blo perkraustymo paslaugas visame pasaulyje. Jie yra IAM nariai, dirbantys 41 metus, ir yra akredituoti FIDI.<\/p>\n<p>\"Niemi Services\" si\u016blo \u012fvairias perkraustymo paslaugas - nuo perkraustymo d\u0117\u017ei\u0173 nuomos iki vis\u0173 perkraustymo paslaug\u0173. Jie si\u016blo nemokam\u0105 \u012fvertinim\u0105 ir planavimo vizit\u0105, kad gal\u0117tum\u0117te susitarti d\u0117l persikraustymo. Jie naudoja savo transporto priemoni\u0173 park\u0105, taip pat si\u016blo krovini\u0173 gabenim\u0105 oru ir j\u016bra nuo vieno daikto iki pilno konteinerio.<\/p>\n<p>Interneto svetain\u0117: <a href=\"http:\/\/www.niemi.fi\/en\" target=\"_blank\" rel=\"noopener\">http:\/\/www.niemi.fi\/en<\/a><\/p>\n<h2><span class=\"ez-toc-section\" id=\"3_Pegasus_Moving\"><\/span><strong>3. Pegasus Moving<\/strong><span class=\"ez-toc-section-end\"><\/span><\/h2>\n<p><img loading=\"lazy\" decoding=\"async\" class=\"alignnone size-full wp-image-5991\" src=\"https:\/\/moverdb.com\/wp-content\/uploads\/Pegasus-Moving-international-moving-company.png\" alt=\"&quot;Pegasus Moving&quot; tarptautin\u0117 perkraustymo \u012fmon\u0117\" width=\"1440\" height=\"682\" data-wp-pid=\"5991\" srcset=\"https:\/\/moverdb.com\/wp-content\/uploads\/Pegasus-Moving-international-moving-company.png 1440w, https:\/\/moverdb.com\/wp-content\/uploads\/Pegasus-Moving-international-moving-company-300x142.png 300w, https:\/\/moverdb.com\/wp-content\/uploads\/Pegasus-Moving-international-moving-company-1024x485.png 1024w, https:\/\/moverdb.com\/wp-content\/uploads\/Pegasus-Moving-international-moving-company-18x9.png 18w, https:\/\/moverdb.com\/wp-content\/uploads\/Pegasus-Moving-international-moving-company-600x284.png 600w\" sizes=\"auto, (max-width: 1440px) 100vw, 1440px\" \/><\/p>\n<ul>\n<li>Nacionaliniai judesiai<\/li>\n<li>Tarptautiniai perkraustymai<\/li>\n<li>Nam\u0173 \u016bkio perkraustymai<\/li>\n<li>Perkraustymo paslaugos<\/li>\n<li>Individualiai pritaikytos paslaugos<\/li>\n<li>Pakavimo paslaugos<\/li>\n<li>Pagal u\u017esakym\u0105 pagamintos gabenimo d\u0117\u017e\u0117s<\/li>\n<li>Muitin\u0117s pagalba<\/li>\n<li>Automobili\u0173 transportavimas<\/li>\n<li>Trumpalaikis ir ilgalaikis saugojimas<\/li>\n<\/ul>\n<p>\"Pegasus Moving\" yra daugiau nei 20 met\u0173 patirt\u012f turinti Helsinkyje \u012fsik\u016brusi perkraustymo ir logistikos \u012fmon\u0117. Ji bendradarbiauja su kitomis perkraustymo agent\u016bromis, kad u\u017etikrint\u0173 tarptautin\u012f perkraustym\u0105. Jie yra IAM nariai, dirbantys 11 met\u0173.<\/p>\n<p>\"Pegasus Moving\" si\u016blo perkraustymo ap\u017ei\u016bras, kad nustatyt\u0173, kokie yra j\u016bs\u0173 poreikiai, ir gali suteikti pakavimo paslaugas, kad apsaugot\u0173 j\u016bs\u0173 daiktus. Jie pasir\u016bpins visais j\u016bs\u0173 poreikius atitinkan\u010diais persikraustymo aspektais ir pad\u0117s \u012fvykdyti muitin\u0117s reikalavimus. Jie taip pat si\u016blo papildomas paslaugas, pavyzd\u017eiui, galutinio valymo, atliek\u0173 i\u0161ve\u017eimo, sen\u0173 bald\u0173 perdirbimo, elektros prietais\u0173 \u012frengimo ir sand\u0117liavimo paslaugas.<\/p>\n<p>Interneto svetain\u0117: <a href=\"http:\/\/www.pegasusmoving.fi\" target=\"_blank\" rel=\"noopener\">http:\/\/www.pegasusmoving.fi<\/a><\/p>\n<h2><span class=\"ez-toc-section\" id=\"4_Victor_EK\"><\/span><strong>4. Viktoras EK<\/strong><span class=\"ez-toc-section-end\"><\/span><\/h2>\n<p><img loading=\"lazy\" decoding=\"async\" class=\"alignnone size-full wp-image-6010\" src=\"https:\/\/moverdb.com\/wp-content\/uploads\/Victor-EK-international-moving-company.png\" alt=\"Viktoras EK tarptautin\u0117 jud\u0117jimo \u012fmon\u0117\" width=\"1440\" height=\"682\" data-wp-pid=\"6010\" srcset=\"https:\/\/moverdb.com\/wp-content\/uploads\/Victor-EK-international-moving-company.png 1440w, https:\/\/moverdb.com\/wp-content\/uploads\/Victor-EK-international-moving-company-300x142.png 300w, https:\/\/moverdb.com\/wp-content\/uploads\/Victor-EK-international-moving-company-1024x485.png 1024w, https:\/\/moverdb.com\/wp-content\/uploads\/Victor-EK-international-moving-company-18x9.png 18w, https:\/\/moverdb.com\/wp-content\/uploads\/Victor-EK-international-moving-company-600x284.png 600w\" sizes=\"auto, (max-width: 1440px) 100vw, 1440px\" \/><\/p>\n<ul>\n<li>Nacionaliniai judesiai<\/li>\n<li>Tarptautiniai perkraustymai<\/li>\n<li>Nam\u0173 \u016bkio perkraustymai<\/li>\n<li>\u012emon\u0117s perk\u0117limai<\/li>\n<li>Pakavimo paslauga<\/li>\n<li>Sausumos, j\u016br\u0173 ir oro transportas<\/li>\n<li>Muitinis \u012fforminimas<\/li>\n<li>Draudimas<\/li>\n<li>Automobili\u0173 transportavimas<\/li>\n<li>Sand\u0117liavimo patalpos<\/li>\n<\/ul>\n<p>\"Victor EK\" yra 1885 m. \u012fkurta \u0161eimos laivybos ir logistikos bendrov\u0117, turinti biurus Helsinkyje, Tamper\u0117je ir Hankoje. Ji palaiko ilgalaikius ry\u0161ius su laivybos bendrov\u0117mis ir tarptautin\u0117mis organizacijomis, kad gal\u0117t\u0173 teikti paslaugas visame pasaulyje. Jie yra <a href=\"https:\/\/moverdb.com\/lt\/harmony-relocation-network\/\" data-internallinksmanager029f6b8e52c=\"20\" title=\"Paai\u0161kinta apie &quot;Harmony Relocation Network&quot; (HRN)\">Harmonijos perk\u0117limo tinklas<\/a> ad IAM, turinti 129 met\u0173 darbo sta\u017e\u0105 ir akredituota FIDI.<\/p>\n<p>\"Victor EK\" si\u016blo nemokam\u0105 perkraustymo ap\u017ei\u016br\u0105, kad i\u0161siai\u0161kintum\u0117te savo poreikius. Jie teikia pakavimo paslaugas, jei jums j\u0173 reikia. Jie pasir\u016bpins j\u016bs\u0173 daikt\u0173 gabenimu sausuma, oru ar j\u016bra ir pad\u0117s atlikti muitin\u0117s formalumus bei draudim\u0105. Jie taip pat si\u016blo valymo paslaugas, kai paliksite savo namus.<\/p>\n<p>Interneto svetain\u0117: <a href=\"http:\/\/www.victorek.fi\" target=\"_blank\" rel=\"noopener\">http:\/\/www.victorek.fi<\/a><\/p>\n<h2><span class=\"ez-toc-section\" id=\"Other_Useful_Guides_to_Finland\"><\/span>Kiti naudingi Suomijos gidai<span class=\"ez-toc-section-end\"><\/span><\/h2>\n<ul>\n<li> <a href=\"https:\/\/moverdb.com\/lt\/moving-to-finland\/\">Persik\u0117limas \u012f Suomij\u0105? 2023 m. pragyvenimo i\u0161laidos ir persik\u0117limo patarimai<\/a><\/li>\n<li> <a href=\"https:\/\/moverdb.com\/lt\/moving-to-finland\/best-places-to-live-finland\/\">12 geriausi\u0173 viet\u0173 gyventi Suomijoje<\/a><\/li>\n<li> <a href=\"https:\/\/moverdb.com\/lt\/moving-to-finland\/living-in-finland\/\">21 paslaptis apie gyvenim\u0105 Suomijoje, kurias reikia \u017einoti prie\u0161 persikeliant<\/a><\/li>\n<li> <a href=\"https:\/\/moverdb.com\/lt\/konteineriu-kroviniu-gabenimas\/suomija\/\">2024 J\u016br\u0173 krovini\u0173 gabenimo konteineriais \u012f Suomij\u0105 ir i\u0161 jos kainos<\/a><\/li>\n<\/ul>","protected":false},"excerpt":{"rendered":"<p>Moving home or business premises can be a stressful time as there is so much to arrange, especially if you are moving to another country. So, engaging the services of a moving company can help lighten the load as they can make all the arrangements for you and assist you in navigating through the paperwork. [&hellip;]<\/p>\n","protected":false},"author":4,"featured_media":0,"parent":190,"menu_order":0,"comment_status":"closed","ping_status":"closed","template":"","meta":{"_genesis_hide_title":false,"_genesis_hide_breadcrumbs":false,"_genesis_hide_singular_image":false,"_genesis_hide_footer_widgets":false,"_genesis_custom_body_class":"","_genesis_custom_post_class":"","_genesis_layout":"","footnotes":""},"class_list":{"0":"post-6051","1":"page","2":"type-page","3":"status-publish","5":"entry","6":"has-post-thumbnail"},"_links":{"self":[{"href":"https:\/\/moverdb.com\/lt\/wp-json\/wp\/v2\/pages\/6051","targetHints":{"allow":["GET"]}}],"collection":[{"href":"https:\/\/moverdb.com\/lt\/wp-json\/wp\/v2\/pages"}],"about":[{"href":"https:\/\/moverdb.com\/lt\/wp-json\/wp\/v2\/types\/page"}],"author":[{"embeddable":true,"href":"https:\/\/moverdb.com\/lt\/wp-json\/wp\/v2\/users\/4"}],"replies":[{"embeddable":true,"href":"https:\/\/moverdb.com\/lt\/wp-json\/wp\/v2\/comments?post=6051"}],"version-history":[{"count":3,"href":"https:\/\/moverdb.com\/lt\/wp-json\/wp\/v2\/pages\/6051\/revisions"}],"predecessor-version":[{"id":16285,"href":"https:\/\/moverdb.com\/lt\/wp-json\/wp\/v2\/pages\/6051\/revisions\/16285"}],"up":[{"embeddable":true,"href":"https:\/\/moverdb.com\/lt\/wp-json\/wp\/v2\/pages\/190"}],"wp:attachment":[{"href":"https:\/\/moverdb.com\/lt\/wp-json\/wp\/v2\/media?parent=6051"}],"curies":[{"name":"wp","href":"https:\/\/api.w.org\/{rel}","templated":true}]}}