{"id":6046,"date":"2023-02-01T13:44:41","date_gmt":"2023-02-01T13:44:41","guid":{"rendered":"https:\/\/moverdb.com\/?page_id=6046"},"modified":"2026-01-08T15:25:06","modified_gmt":"2026-01-08T15:25:06","slug":"juda-imones-etiopija","status":"publish","type":"page","link":"https:\/\/moverdb.com\/lt\/moving-companies\/moving-companies-ethiopia\/","title":{"rendered":"5 Geriausios tarptautin\u0117s perkraustymo \u012fmon\u0117s Etiopijoje"},"content":{"rendered":"<p>Persikraustymas yra \u012ftemptas ir \u012ftemptas laikotarpis, ypa\u010d jei kraustot\u0117s i\u0161 vienos \u0161alies \u012f kit\u0105, tod\u0117l jums gali pad\u0117ti persikraustymo \u012fmon\u0117s pagalba. <a href=\"https:\/\/moverdb.com\/lt\/moving-companies\/\" data-internallinksmanager029f6b8e52c=\"79\" title=\"Top 25 Tarptautin\u0117s perkraustymo \u012fmon\u0117s internete\">Perkraustymo \u012fmon\u0117s<\/a> gali pad\u0117ti tvarkyti dokumentus ir organizuoti transport\u0105. Toliau pateikiame Etiopijos <a href=\"https:\/\/moverdb.com\/lt\/international-removals\/\" data-internallinksmanager029f6b8e52c=\"27\" title=\"36 geriausios tarptautinio perkraustymo \u012fmon\u0117s Jungtin\u0117je Karalyst\u0117je\">perkraustymo \u012fmon\u0117s<\/a> kurie yra <a href=\"https:\/\/moverdb.com\/lt\/iam\/\" data-internallinksmanager029f6b8e52c=\"23\" title=\"Tarptautin\u0117s perkraustytoj\u0173 asociacijos (IAM) paai\u0161kinimai\">Tarptautin\u0117 perkraustytoj\u0173 asociacija<\/a> (IAM) ir (arba) <a href=\"https:\/\/moverdb.com\/lt\/fidi-faim\/\" data-internallinksmanager029f6b8e52c=\"16\" title=\"FIDI ir FAIM (FIDI akredituotas tarptautinis perve\u017e\u0117jas) paai\u0161kinimai\">FIDI<\/a> Akredituot\u0173 tarptautini\u0173 perkraustymo paslaug\u0173 teik\u0117j\u0173 (FAIM), kurie gal\u0117t\u0173 pad\u0117ti jums persikraustyti.<\/p>\n<div id=\"ez-toc-container\" class=\"ez-toc-v2_0_82_2 ez-toc-wrap-left counter-hierarchy ez-toc-counter ez-toc-transparent ez-toc-container-direction\">\n<div class=\"ez-toc-title-container\">\n<p class=\"ez-toc-title\" style=\"cursor:inherit\">Skyriai<\/p>\n<span class=\"ez-toc-title-toggle\"><a href=\"#\" class=\"ez-toc-pull-right ez-toc-btn ez-toc-btn-xs ez-toc-btn-default ez-toc-toggle\" aria-label=\"Perjungti turinio lentel\u0119\"><span class=\"ez-toc-js-icon-con\"><span class=\"\"><span class=\"eztoc-hide\" style=\"display:none;\">Perjungti<\/span><span class=\"ez-toc-icon-toggle-span\"><svg style=\"fill: #999;color:#999\" xmlns=\"http:\/\/www.w3.org\/2000\/svg\" class=\"list-377408\" width=\"20px\" height=\"20px\" viewbox=\"0 0 24 24\" fill=\"none\"><path d=\"M6 6H4v2h2V6zm14 0H8v2h12V6zM4 11h2v2H4v-2zm16 0H8v2h12v-2zM4 16h2v2H4v-2zm16 0H8v2h12v-2z\" fill=\"currentColor\"><\/path><\/svg><svg style=\"fill: #999;color:#999\" class=\"arrow-unsorted-368013\" xmlns=\"http:\/\/www.w3.org\/2000\/svg\" width=\"10px\" height=\"10px\" viewbox=\"0 0 24 24\" version=\"1.2\" baseprofile=\"tiny\"><path d=\"M18.2 9.3l-6.2-6.3-6.2 6.3c-.2.2-.3.4-.3.7s.1.5.3.7c.2.2.4.3.7.3h11c.3 0 .5-.1.7-.3.2-.2.3-.5.3-.7s-.1-.5-.3-.7zM5.8 14.7l6.2 6.3 6.2-6.3c.2-.2.3-.5.3-.7s-.1-.5-.3-.7c-.2-.2-.4-.3-.7-.3h-11c-.3 0-.5.1-.7.3-.2.2-.3.5-.3.7s.1.5.3.7z\"\/><\/svg><\/span><\/span><\/span><\/a><\/span><\/div>\n<nav><ul class='ez-toc-list ez-toc-list-level-1 eztoc-toggle-hide-by-default' ><li class='ez-toc-page-1 ez-toc-heading-level-2'><a class=\"ez-toc-link ez-toc-heading-1\" href=\"https:\/\/moverdb.com\/lt\/moving-companies\/moving-companies-ethiopia\/#1_Melehk_Logistics\" >1. Melehk Logistics<\/a><\/li><li class='ez-toc-page-1 ez-toc-heading-level-2'><a class=\"ez-toc-link ez-toc-heading-2\" href=\"https:\/\/moverdb.com\/lt\/moving-companies\/moving-companies-ethiopia\/#2_Move_One\" >2. Pirmas \u017eingsnis<\/a><\/li><li class='ez-toc-page-1 ez-toc-heading-level-2'><a class=\"ez-toc-link ez-toc-heading-3\" href=\"https:\/\/moverdb.com\/lt\/moving-companies\/moving-companies-ethiopia\/#3_Panafric_Global\" >3. Panafric Global<\/a><\/li><li class='ez-toc-page-1 ez-toc-heading-level-2'><a class=\"ez-toc-link ez-toc-heading-4\" href=\"https:\/\/moverdb.com\/lt\/moving-companies\/moving-companies-ethiopia\/#4_Segon_Marill_Movers\" >4. Segon Marill Movers<\/a><\/li><li class='ez-toc-page-1 ez-toc-heading-level-2'><a class=\"ez-toc-link ez-toc-heading-5\" href=\"https:\/\/moverdb.com\/lt\/moving-companies\/moving-companies-ethiopia\/#5_Solomon_Zewdu_Shipping_and_Freight_Forwarding\" >5. Solomon Zewdu Laivybos ir ekspedijavimo paslaugos<\/a><\/li><\/ul><\/nav><\/div>\n<h2><span class=\"ez-toc-section\" id=\"1_Melehk_Logistics\"><\/span><strong>1. Melehk Logistics<\/strong><span class=\"ez-toc-section-end\"><\/span><\/h2>\n<p><img loading=\"lazy\" decoding=\"async\" class=\"alignnone size-full wp-image-5971\" src=\"https:\/\/moverdb.com\/wp-content\/uploads\/Melehk-Logistics-international-moving-company.png\" alt=\"Melehk Logistika tarptautin\u0117 jud\u0117jimo \u012fmon\u0117\" width=\"1440\" height=\"674\" data-wp-pid=\"5971\" srcset=\"https:\/\/moverdb.com\/wp-content\/uploads\/Melehk-Logistics-international-moving-company.png 1440w, https:\/\/moverdb.com\/wp-content\/uploads\/Melehk-Logistics-international-moving-company-300x140.png 300w, https:\/\/moverdb.com\/wp-content\/uploads\/Melehk-Logistics-international-moving-company-1024x479.png 1024w, https:\/\/moverdb.com\/wp-content\/uploads\/Melehk-Logistics-international-moving-company-18x8.png 18w, https:\/\/moverdb.com\/wp-content\/uploads\/Melehk-Logistics-international-moving-company-600x281.png 600w\" sizes=\"auto, (max-width: 1440px) 100vw, 1440px\" \/><\/p>\n<ul>\n<li>Vietiniai ir nacionaliniai perkraustymai<\/li>\n<li>Tarptautiniai perkraustymai<\/li>\n<li>Nam\u0173 \u016bki\u0173 perk\u0117limas<\/li>\n<li>Asmeni\u0161kai pritaikytos paslaugos<\/li>\n<li>Specialus perkraustymo koordinatorius<\/li>\n<li>Organizuokite ir tvarkykite visus persikraustymo aspektus<\/li>\n<li>Krovini\u0173 ve\u017eimas keliais, j\u016bra ir oru<\/li>\n<li>Muitin\u0117s tarpininkavimas<\/li>\n<li>Tarptautin\u0117 partneryst\u0117<\/li>\n<li>Sand\u0117liavimo patalpos<\/li>\n<\/ul>\n<p>\"Melehk Logistics\" yra 2011 m. \u012fkurta krovini\u0173 ekspedijavimo ir logistikos \u012fmon\u0117, veikianti kaip \"Ginchi Trading\", teikianti perve\u017eimo paslaugas Etiopijoje, \u012f Etiopij\u0105 ir i\u0161 Etiopijos. Ji bendradarbiauja su tarptautiniu perkraustymo tinklu ir teikia perkraustymo paslaugas visame pasaulyje. Jie yra IAM nariai, dirbantys 9 metus.<\/p>\n<p>\"Melehk Logistics\" si\u016blo nam\u0173 \u016bki\u0173 perk\u0117limus tarptautiniu mastu visame pasaulyje ir teikia specialaus persikraustymo koordinatoriaus paslaugas. Jie si\u016blo asmeni\u0161kai pritaikytas paslaugas, kuriomis organizuoja kiekvien\u0105 j\u016bs\u0173 persikraustymo aspekt\u0105 ir efektyviai valdo j\u016bs\u0173 persikraustym\u0105. Jie teikia krovini\u0173 gabenimo galimybes, \u012fskaitant krovini\u0173 gabenim\u0105 keliais, oru ir j\u016bra, taip pat muitin\u0117s tarpininko paslaugas.<\/p>\n<p>Interneto svetain\u0117: <a href=\"http:\/\/www.melehk.com\" target=\"_blank\" rel=\"noopener\">http:\/\/www.melehk.com<\/a><\/p>\n<h2><span class=\"ez-toc-section\" id=\"2_Move_One\"><\/span><strong>2. Pirmas \u017eingsnis<\/strong><span class=\"ez-toc-section-end\"><\/span><\/h2>\n<p><img loading=\"lazy\" decoding=\"async\" class=\"alignnone size-full wp-image-5974\" src=\"https:\/\/moverdb.com\/wp-content\/uploads\/Move-One-Ethiopia-international-moving-company.png\" alt=\"Move One Etiopija tarptautin\u0117 jud\u0117jimo \u012fmon\u0117\" width=\"1440\" height=\"667\" data-wp-pid=\"5974\" srcset=\"https:\/\/moverdb.com\/wp-content\/uploads\/Move-One-Ethiopia-international-moving-company.png 1440w, https:\/\/moverdb.com\/wp-content\/uploads\/Move-One-Ethiopia-international-moving-company-300x139.png 300w, https:\/\/moverdb.com\/wp-content\/uploads\/Move-One-Ethiopia-international-moving-company-1024x474.png 1024w, https:\/\/moverdb.com\/wp-content\/uploads\/Move-One-Ethiopia-international-moving-company-18x8.png 18w, https:\/\/moverdb.com\/wp-content\/uploads\/Move-One-Ethiopia-international-moving-company-600x278.png 600w\" sizes=\"auto, (max-width: 1440px) 100vw, 1440px\" \/><\/p>\n<ul>\n<li>Nacionaliniai judesiai<\/li>\n<li>Tarptautiniai perkraustymai<\/li>\n<li>Nam\u0173 \u016bkio perkraustymai<\/li>\n<li>Komerciniai perkraustymai<\/li>\n<li>Pakavimo paslauga<\/li>\n<li>Krovini\u0173 gabenimas sausuma, j\u016bra ir oru<\/li>\n<li>Muitin\u0117s tarpininkavimas<\/li>\n<li>Viz\u0173 ir imigracijos paslaugos<\/li>\n<li>Gyv\u016bn\u0173 augintini\u0173 gabenimas<\/li>\n<li>Saugus saugojimas<\/li>\n<\/ul>\n<p>\"Move One\" yra 1992 m. \u012fkurta tarptautin\u0117 perkraustymo bendrov\u0117, turinti biurus Europoje, Afrikoje ir Azijoje, \u012fskaitant biur\u0105 Etiopijoje, Adis Abeboje. Ji bendradarbiauja su tarptautiniais partneriais, kad gal\u0117t\u0173 atlikti perkraustymo darbus u\u017e savo veiklos teritorijos rib\u0173. Jie yra IAM nariai, dirbantys Etiopijoje jau 8 metus.<\/p>\n<p>\"Move One\" teikia paslaugas \u012fvairiems sektoriams, \u012fskaitant komercin\u012f ma\u017emenin\u0117s prekybos sektori\u0173, diplomatin\u0119 bendruomen\u0119, vietos vald\u017eios institucijas ir u\u017esienio rangovus. Jie teikia eksporto pakuo\u010di\u0173 paslaugas, kad apsaugot\u0173 j\u016bs\u0173 daiktus, ir organizuoja j\u0173 gabenim\u0105 sausuma, oru ir j\u016bra su muitin\u0117s tarpininkavimo paslaugomis. Jie taip pat si\u016blo papildomas paslaugas, \u012fskaitant pagalb\u0105 tvarkant viz\u0173 ir imigracijos reikalus bei namini\u0173 gyv\u016bn\u0173 ve\u017eim\u0105.<\/p>\n<p>Interneto svetain\u0117: <a href=\"http:\/\/www.moveoneinc.com\/ethiopia\" target=\"_blank\" rel=\"noopener\">http:\/\/www.moveoneinc.com\/ethiopia<\/a><\/p>\n<h2><span class=\"ez-toc-section\" id=\"3_Panafric_Global\"><\/span><strong>3. Panafric Global<\/strong><span class=\"ez-toc-section-end\"><\/span><\/h2>\n<p><img loading=\"lazy\" decoding=\"async\" class=\"alignnone size-full wp-image-5990\" src=\"https:\/\/moverdb.com\/wp-content\/uploads\/Panafric-Global-international-moving-company.png\" alt=\"&quot;Panafric Global&quot; tarptautin\u0117 perkraustymo \u012fmon\u0117\" width=\"1440\" height=\"674\" data-wp-pid=\"5990\" srcset=\"https:\/\/moverdb.com\/wp-content\/uploads\/Panafric-Global-international-moving-company.png 1440w, https:\/\/moverdb.com\/wp-content\/uploads\/Panafric-Global-international-moving-company-300x140.png 300w, https:\/\/moverdb.com\/wp-content\/uploads\/Panafric-Global-international-moving-company-1024x479.png 1024w, https:\/\/moverdb.com\/wp-content\/uploads\/Panafric-Global-international-moving-company-18x8.png 18w, https:\/\/moverdb.com\/wp-content\/uploads\/Panafric-Global-international-moving-company-600x281.png 600w\" sizes=\"auto, (max-width: 1440px) 100vw, 1440px\" \/><\/p>\n<ul>\n<li>Tarptautiniai perkraustymai<\/li>\n<li>Nam\u0173 \u016bkio perkraustymai<\/li>\n<li>Komerciniai projektai<\/li>\n<li>Perk\u0117limo paslauga<\/li>\n<li>Kompleksinis sprendimas<\/li>\n<li>Krovini\u0173 gabenimas sausuma, j\u016bra ir oru<\/li>\n<li>Muitin\u0117s ir dokumentacijos pagalba<\/li>\n<li>Pagalba \u012fsikuriant<\/li>\n<li>Krovini\u0173 draudimas<\/li>\n<li>Saugojimo sprendimai<\/li>\n<\/ul>\n<p>\"Panafric Global\" yra 1993 m. Adis mieste \u012fkurta multimodalinio transporto ir logistikos bendrov\u0117, turinti penkis filialus oro uoste, Kality, Adama, Hawassa ir <a href=\"https:\/\/moverdb.com\/lt\/moving-companies\/moving-companies-djibouti\/\" data-internallinksmanager029f6b8e52c=\"220\" title=\"Geriausios tarptautin\u0117s perkraustymo bendrov\u0117s D\u017eibutyje\">D\u017eibutis<\/a>. Jie teikia perkraustymo ir perk\u0117limo paslaugas Etiopijoje, \u012f Etiopij\u0105 ir i\u0161 Etiopijos. Jie yra IAM nariai, dirbantys 29 metus.<\/p>\n<p>\"Panafric Global\" teikia paslaugas \"nuo dur\u0173 iki dur\u0173\" \u012f bet kuri\u0105 pasaulio viet\u0105 ir i\u0161 jos. Jie teikia transportavimo sausuma, oru ir j\u016bra paslaugas, taip pat muitin\u0117s ir dokument\u0173 tvarkymo paslaugas. Jie si\u016blo persikraustymo paslaugas, padedan\u010dias \u012fsikurti, \u012fskaitant mokykl\u0173 paie\u0161k\u0105, transporto priemoni\u0173 paie\u0161k\u0105, komunalini\u0173 paslaug\u0173 ir draudimo nustatym\u0105.<\/p>\n<p>Interneto svetain\u0117: <a href=\"http:\/\/www.panafricglobal.com\" target=\"_blank\" rel=\"noopener\">http:\/\/www.panafricglobal.com<\/a><\/p>\n<h2><span class=\"ez-toc-section\" id=\"4_Segon_Marill_Movers\"><\/span><strong>4. Segon Marill Movers<\/strong><span class=\"ez-toc-section-end\"><\/span><\/h2>\n<p><img loading=\"lazy\" decoding=\"async\" class=\"alignnone size-full wp-image-6002\" src=\"https:\/\/moverdb.com\/wp-content\/uploads\/Segon-Marill-Movers-international-moving-company.png\" alt=\"&quot;Segon Marill Movers&quot; tarptautin\u0117 perkraustymo \u012fmon\u0117\" width=\"1440\" height=\"681\" data-wp-pid=\"6002\" srcset=\"https:\/\/moverdb.com\/wp-content\/uploads\/Segon-Marill-Movers-international-moving-company.png 1440w, https:\/\/moverdb.com\/wp-content\/uploads\/Segon-Marill-Movers-international-moving-company-300x142.png 300w, https:\/\/moverdb.com\/wp-content\/uploads\/Segon-Marill-Movers-international-moving-company-1024x484.png 1024w, https:\/\/moverdb.com\/wp-content\/uploads\/Segon-Marill-Movers-international-moving-company-18x9.png 18w, https:\/\/moverdb.com\/wp-content\/uploads\/Segon-Marill-Movers-international-moving-company-600x284.png 600w\" sizes=\"auto, (max-width: 1440px) 100vw, 1440px\" \/><\/p>\n<ul>\n<li>Nacionaliniai judesiai<\/li>\n<li>Tarptautiniai perkraustymai<\/li>\n<li>Nam\u0173 \u016bkio perkraustymai<\/li>\n<li>\u012emoni\u0173 perkraustymai<\/li>\n<li>Perk\u0117limo paslauga<\/li>\n<li>Pakavimo paslauga<\/li>\n<li>Sausumos, j\u016br\u0173 ir oro transportas<\/li>\n<li>\u012esik\u016brimo paslaugos<\/li>\n<li>Nam\u0173 ir mokykl\u0173 paie\u0161ka<\/li>\n<li>Saugus saugojimas<\/li>\n<\/ul>\n<p>\"Segon Marill Movers\" yra tarptautin\u0117 perkraustymo ir saugojimo \u012fmon\u0117, \u012fkurta prie\u0161 21 metus. Teikdama paslaugas visame pasaulyje, ji bendradarbiauja su 50 partneri\u0173 agent\u0173. Jie yra IAM nariai, dirbantys 31 metus.<\/p>\n<p>\"Segon Marill Movers\" si\u016blo individualias perkraustymo paslaugas ir pakavimo paslaug\u0105, kuri\u0105 teikiant naudojami auk\u0161tos kokyb\u0117s b\u016bdai ir med\u017eiagos j\u016bs\u0173 daiktams apsaugoti. Jie organizuoja perve\u017eim\u0105 sausuma, j\u016bra ar oru ir prireikus pasitelkia partneri\u0173 agent\u0173 pagalb\u0105. J\u0173 teikiamos persikraustymo paslaugos pad\u0117s jums \u012fsikurti naujoje \u0161alyje, \u012fskaitant orientacin\u012f tur\u0105, pagalb\u0105 ie\u0161kant b\u016bsto ir mokyklos, taip pat pagalb\u0105 i\u0161vykimo paslaug\u0173 srityje.<\/p>\n<p>Interneto svetain\u0117: <a href=\"http:\/\/www.segon-marill.com\" target=\"_blank\" rel=\"noopener\">http:\/\/www.segon-marill.com<\/a><\/p>\n<h2><span class=\"ez-toc-section\" id=\"5_Solomon_Zewdu_Shipping_and_Freight_Forwarding\"><\/span><strong>5. Solomon Zewdu Laivybos ir ekspedijavimo paslaugos<\/strong><span class=\"ez-toc-section-end\"><\/span><\/h2>\n<p><img loading=\"lazy\" decoding=\"async\" class=\"alignnone size-full wp-image-6047\" src=\"https:\/\/moverdb.com\/wp-content\/uploads\/Solomon-Zewdu-international-moving-company.png\" alt=\"Solomon Zewdu tarptautin\u0117 judanti \u012fmon\u0117\" width=\"1440\" height=\"682\" data-wp-pid=\"6047\" srcset=\"https:\/\/moverdb.com\/wp-content\/uploads\/Solomon-Zewdu-international-moving-company.png 1440w, https:\/\/moverdb.com\/wp-content\/uploads\/Solomon-Zewdu-international-moving-company-300x142.png 300w, https:\/\/moverdb.com\/wp-content\/uploads\/Solomon-Zewdu-international-moving-company-1024x485.png 1024w, https:\/\/moverdb.com\/wp-content\/uploads\/Solomon-Zewdu-international-moving-company-18x9.png 18w, https:\/\/moverdb.com\/wp-content\/uploads\/Solomon-Zewdu-international-moving-company-600x284.png 600w\" sizes=\"auto, (max-width: 1440px) 100vw, 1440px\" \/><\/p>\n<ul>\n<li>Vietiniai ir nacionaliniai perkraustymai<\/li>\n<li>Tarptautiniai perkraustymai<\/li>\n<li>Nam\u0173 \u016bkio perkraustymai<\/li>\n<li>Biur\u0173 perk\u0117limas<\/li>\n<li>Paslauga \"nuo dur\u0173 iki dur\u0173<\/li>\n<li>Pakavimo paslauga<\/li>\n<li>Sausumos, j\u016br\u0173 ir oro transportas<\/li>\n<li>Muitinis \u012fforminimas<\/li>\n<li>Transporto priemoni\u0173 transportavimas<\/li>\n<li>Sand\u0117liavimo patalpos<\/li>\n<\/ul>\n<p>\"Solomon Zewdu Shipping and Freight Forwarding\" yra perkraustymo, krovini\u0173 ir ekspedijavimo \u012fmon\u0117, turinti daugiau nei 20 met\u0173 patirt\u012f teikiant perkraustymo paslaugas. Ji bendradarbiauja su u\u017esienio partneriais, kad perkraustymai b\u016bt\u0173 vykdomi tarptautiniu mastu. Jie yra IAM nariai, dirbantys 22 metus.<\/p>\n<p>\"Solomon Zewdu Shipping and Freight Forwarding\" teikia nam\u0173 \u016bki\u0173 ir biur\u0173 perkraustymo nuo dur\u0173 iki dur\u0173 paslaugas. Jie teikia pakavimo ir i\u0161pakavimo paslaugas, kad apsaugot\u0173 j\u016bs\u0173 daiktus, ir organizuoja gabenimo paslaugas sausuma, naudodamiesi savo laivynu, j\u016bra ar oru su muitin\u0117s formalumais. Jie taip pat gali pad\u0117ti transportuoti ir saugoti transporto priemones.<\/p>\n<p>Interneto svetain\u0117: <a href=\"http:\/\/www.solomontransit.com\" target=\"_blank\" rel=\"noopener\">http:\/\/www.solomontransit.com<\/a><\/p>","protected":false},"excerpt":{"rendered":"<p>Moving is a busy and stressful time especially if you are moving between countries so getting some support from a moving company can help. Moving companies can assist with navigating the paperwork and arranging transportation. Below we have compiled a list of Ethiopian removal companies that are members of the International Association of Movers (IAM) [&hellip;]<\/p>\n","protected":false},"author":4,"featured_media":0,"parent":190,"menu_order":0,"comment_status":"closed","ping_status":"closed","template":"","meta":{"_genesis_hide_title":false,"_genesis_hide_breadcrumbs":false,"_genesis_hide_singular_image":false,"_genesis_hide_footer_widgets":false,"_genesis_custom_body_class":"","_genesis_custom_post_class":"","_genesis_layout":"","footnotes":""},"class_list":{"0":"post-6046","1":"page","2":"type-page","3":"status-publish","5":"entry","6":"has-post-thumbnail"},"_links":{"self":[{"href":"https:\/\/moverdb.com\/lt\/wp-json\/wp\/v2\/pages\/6046","targetHints":{"allow":["GET"]}}],"collection":[{"href":"https:\/\/moverdb.com\/lt\/wp-json\/wp\/v2\/pages"}],"about":[{"href":"https:\/\/moverdb.com\/lt\/wp-json\/wp\/v2\/types\/page"}],"author":[{"embeddable":true,"href":"https:\/\/moverdb.com\/lt\/wp-json\/wp\/v2\/users\/4"}],"replies":[{"embeddable":true,"href":"https:\/\/moverdb.com\/lt\/wp-json\/wp\/v2\/comments?post=6046"}],"version-history":[{"count":1,"href":"https:\/\/moverdb.com\/lt\/wp-json\/wp\/v2\/pages\/6046\/revisions"}],"predecessor-version":[{"id":6048,"href":"https:\/\/moverdb.com\/lt\/wp-json\/wp\/v2\/pages\/6046\/revisions\/6048"}],"up":[{"embeddable":true,"href":"https:\/\/moverdb.com\/lt\/wp-json\/wp\/v2\/pages\/190"}],"wp:attachment":[{"href":"https:\/\/moverdb.com\/lt\/wp-json\/wp\/v2\/media?parent=6046"}],"curies":[{"name":"wp","href":"https:\/\/api.w.org\/{rel}","templated":true}]}}