{"id":6043,"date":"2023-02-01T13:40:56","date_gmt":"2023-02-01T13:40:56","guid":{"rendered":"https:\/\/moverdb.com\/?page_id=6043"},"modified":"2026-01-08T15:24:40","modified_gmt":"2026-01-08T15:24:40","slug":"juda-imones-estonia","status":"publish","type":"page","link":"https:\/\/moverdb.com\/lt\/moving-companies\/moving-companies-estonia\/","title":{"rendered":"4 geriausios tarptautinio perkraustymo \u012fmon\u0117s Estijoje"},"content":{"rendered":"<p>Persikraustymas gali kelti stres\u0105, nesvarbu, ar persikraustote \u012f namus, ar \u012f savo versl\u0105. Daugelis \u017emoni\u0173 naudojasi <a href=\"https:\/\/moverdb.com\/lt\/moving-companies\/\" data-internallinksmanager029f6b8e52c=\"79\" title=\"Top 25 Tarptautin\u0117s perkraustymo \u012fmon\u0117s internete\">perkraustymo \u012fmon\u0117<\/a> nes jie gali saugiai perve\u017eti j\u016bs\u0173 daiktus ir suma\u017einti su persikraustymu susijus\u012f stres\u0105. Toliau pateikiame Estijos <a href=\"https:\/\/moverdb.com\/lt\/international-removals\/\" data-internallinksmanager029f6b8e52c=\"27\" title=\"36 geriausios tarptautinio perkraustymo \u012fmon\u0117s Jungtin\u0117je Karalyst\u0117je\">perkraustymo \u012fmon\u0117s<\/a> kurie yra <a href=\"https:\/\/moverdb.com\/lt\/iam\/\" data-internallinksmanager029f6b8e52c=\"23\" title=\"Tarptautin\u0117s perkraustytoj\u0173 asociacijos (IAM) paai\u0161kinimai\">Tarptautin\u0117 perkraustytoj\u0173 asociacija<\/a> (IAM) ir (arba) <a href=\"https:\/\/moverdb.com\/lt\/fidi-faim\/\" data-internallinksmanager029f6b8e52c=\"16\" title=\"FIDI ir FAIM (FIDI akredituotas tarptautinis perve\u017e\u0117jas) paai\u0161kinimai\">FIDI<\/a> Akredituot\u0173 tarptautini\u0173 perkraustymo paslaug\u0173 teik\u0117j\u0173 (FAIM), kurie gal\u0117t\u0173 pad\u0117ti jums persikraustyti.<\/p>\n<div id=\"ez-toc-container\" class=\"ez-toc-v2_0_82_2 ez-toc-wrap-left counter-hierarchy ez-toc-counter ez-toc-transparent ez-toc-container-direction\">\n<div class=\"ez-toc-title-container\">\n<p class=\"ez-toc-title\" style=\"cursor:inherit\">Skyriai<\/p>\n<span class=\"ez-toc-title-toggle\"><a href=\"#\" class=\"ez-toc-pull-right ez-toc-btn ez-toc-btn-xs ez-toc-btn-default ez-toc-toggle\" aria-label=\"Perjungti turinio lentel\u0119\"><span class=\"ez-toc-js-icon-con\"><span class=\"\"><span class=\"eztoc-hide\" style=\"display:none;\">Perjungti<\/span><span class=\"ez-toc-icon-toggle-span\"><svg style=\"fill: #999;color:#999\" xmlns=\"http:\/\/www.w3.org\/2000\/svg\" class=\"list-377408\" width=\"20px\" height=\"20px\" viewbox=\"0 0 24 24\" fill=\"none\"><path d=\"M6 6H4v2h2V6zm14 0H8v2h12V6zM4 11h2v2H4v-2zm16 0H8v2h12v-2zM4 16h2v2H4v-2zm16 0H8v2h12v-2z\" fill=\"currentColor\"><\/path><\/svg><svg style=\"fill: #999;color:#999\" class=\"arrow-unsorted-368013\" xmlns=\"http:\/\/www.w3.org\/2000\/svg\" width=\"10px\" height=\"10px\" viewbox=\"0 0 24 24\" version=\"1.2\" baseprofile=\"tiny\"><path d=\"M18.2 9.3l-6.2-6.3-6.2 6.3c-.2.2-.3.4-.3.7s.1.5.3.7c.2.2.4.3.7.3h11c.3 0 .5-.1.7-.3.2-.2.3-.5.3-.7s-.1-.5-.3-.7zM5.8 14.7l6.2 6.3 6.2-6.3c.2-.2.3-.5.3-.7s-.1-.5-.3-.7c-.2-.2-.4-.3-.7-.3h-11c-.3 0-.5.1-.7.3-.2.2-.3.5-.3.7s.1.5.3.7z\"\/><\/svg><\/span><\/span><\/span><\/a><\/span><\/div>\n<nav><ul class='ez-toc-list ez-toc-list-level-1 eztoc-toggle-hide-by-default' ><li class='ez-toc-page-1 ez-toc-heading-level-2'><a class=\"ez-toc-link ez-toc-heading-1\" href=\"https:\/\/moverdb.com\/lt\/moving-companies\/moving-companies-estonia\/#1_Adduco\" >1. Adduco<\/a><\/li><li class='ez-toc-page-1 ez-toc-heading-level-2'><a class=\"ez-toc-link ez-toc-heading-2\" href=\"https:\/\/moverdb.com\/lt\/moving-companies\/moving-companies-estonia\/#2_AVA_Express\" >2. AVA Express<\/a><\/li><li class='ez-toc-page-1 ez-toc-heading-level-2'><a class=\"ez-toc-link ez-toc-heading-3\" href=\"https:\/\/moverdb.com\/lt\/moving-companies\/moving-companies-estonia\/#3_MoveMaster\" >3. MoveMaster<\/a><\/li><li class='ez-toc-page-1 ez-toc-heading-level-2'><a class=\"ez-toc-link ez-toc-heading-4\" href=\"https:\/\/moverdb.com\/lt\/moving-companies\/moving-companies-estonia\/#4_KLG_Estonia\" >4. KLG Estija<\/a><\/li><li class='ez-toc-page-1 ez-toc-heading-level-2'><a class=\"ez-toc-link ez-toc-heading-5\" href=\"https:\/\/moverdb.com\/lt\/moving-companies\/moving-companies-estonia\/#Other_Useful_Guides_to_Estonia\" >Kiti naudingi gidai apie Estij\u0105<\/a><\/li><\/ul><\/nav><\/div>\n<h2><span class=\"ez-toc-section\" id=\"1_Adduco\"><\/span><strong>1. Adduco<\/strong><span class=\"ez-toc-section-end\"><\/span><\/h2>\n<p><img loading=\"lazy\" decoding=\"async\" class=\"alignnone size-full wp-image-6044\" src=\"https:\/\/moverdb.com\/wp-content\/uploads\/Adduco-international-moving-company.png\" alt=\"&quot;Adduco&quot; tarptautin\u0117 perkraustymo \u012fmon\u0117\" width=\"1440\" height=\"629\" data-wp-pid=\"6044\" srcset=\"https:\/\/moverdb.com\/wp-content\/uploads\/Adduco-international-moving-company.png 1440w, https:\/\/moverdb.com\/wp-content\/uploads\/Adduco-international-moving-company-300x131.png 300w, https:\/\/moverdb.com\/wp-content\/uploads\/Adduco-international-moving-company-1024x447.png 1024w, https:\/\/moverdb.com\/wp-content\/uploads\/Adduco-international-moving-company-18x8.png 18w, https:\/\/moverdb.com\/wp-content\/uploads\/Adduco-international-moving-company-600x262.png 600w\" sizes=\"auto, (max-width: 1440px) 100vw, 1440px\" \/><\/p>\n<ul>\n<li>Sunki\u0173 objekt\u0173 jud\u0117jimas<\/li>\n<li>Tarptautiniai perkraustymai<\/li>\n<li>Nam\u0173 \u016bkio perkraustymai<\/li>\n<li>Verslo \u017eingsniai<\/li>\n<li>Pakavimo paslauga<\/li>\n<li>Suplanuokite mar\u0161rut\u0105 ir transport\u0105<\/li>\n<li>Parama dokumentais<\/li>\n<li>Meno k\u016brini\u0173 gabenimas<\/li>\n<li>Draudimas<\/li>\n<li>Saugojimo sprendimai<\/li>\n<\/ul>\n<p>\"Adduco\" yra perkraustymo paslaug\u0173 teik\u0117jas, kuris padeda \u017emon\u0117ms persikraustyti nuo 2006 m. ir turi biurus Taline ir Tartu. Jie yra IAM nariai, veikiantys 16 met\u0173, o tai suteikia jiems galimyb\u0119 naudotis tarptautiniu perkraustymo agent\u0173 tinklu ir pad\u0117ti persikraustyti visame pasaulyje.<\/p>\n<p>\"Adduco\" si\u016blo perkraustymo paslaugas, kurios apima ir \u0161iuk\u0161li\u0173 i\u0161ve\u017eimo paslaug\u0105, padedan\u010di\u0105 suma\u017einti daikt\u0173, kuriuos ve\u017eat\u0117s su savimi, kiek\u012f. Jie kruop\u0161\u010diai vadovaus j\u016bs\u0173 persikraustymui, suplanuos mar\u0161rut\u0105 ir parengs reikiamus dokumentus bei draudim\u0105. Jie taip pat saugiai supakuos j\u016bs\u0173 daiktus ir perve\u0161 juos prie\u0161 i\u0161pakuodami paskirties vietoje.<\/p>\n<p>Interneto svetain\u0117: <a href=\"https:\/\/adduco.ee\/en\/\" target=\"_blank\" rel=\"noopener\">https:\/\/adduco.ee\/en\/<\/a><\/p>\n<h2><span class=\"ez-toc-section\" id=\"2_AVA_Express\"><\/span><strong>2. AVA Express<\/strong><span class=\"ez-toc-section-end\"><\/span><\/h2>\n<p><img loading=\"lazy\" decoding=\"async\" class=\"alignnone size-full wp-image-5928\" src=\"https:\/\/moverdb.com\/wp-content\/uploads\/AVA-Express-international-moving-company.png\" alt=\"&quot;AVA Express&quot; tarptautin\u0117 perkraustymo \u012fmon\u0117\" width=\"1440\" height=\"712\" data-wp-pid=\"5928\" srcset=\"https:\/\/moverdb.com\/wp-content\/uploads\/AVA-Express-international-moving-company.png 1440w, https:\/\/moverdb.com\/wp-content\/uploads\/AVA-Express-international-moving-company-300x148.png 300w, https:\/\/moverdb.com\/wp-content\/uploads\/AVA-Express-international-moving-company-1024x506.png 1024w, https:\/\/moverdb.com\/wp-content\/uploads\/AVA-Express-international-moving-company-18x9.png 18w, https:\/\/moverdb.com\/wp-content\/uploads\/AVA-Express-international-moving-company-600x297.png 600w\" sizes=\"auto, (max-width: 1440px) 100vw, 1440px\" \/><\/p>\n<ul>\n<li>Nacionaliniai judesiai<\/li>\n<li>Tarptautiniai perkraustymai<\/li>\n<li>Nam\u0173 \u016bkio perkraustymai<\/li>\n<li>Biuro perkraustymai<\/li>\n<li>Specializuotas transportas ir \u012franga<\/li>\n<li>Pakavimo paslaugos<\/li>\n<li>Transporto priemon\u0117s<\/li>\n<li>Sunki\u0173 objekt\u0173 perk\u0117limas<\/li>\n<li>Meno gabenimas<\/li>\n<li>Laikini saugojimo sprendimai<\/li>\n<\/ul>\n<p>\"AVA Express\" yra Estijos perkraustymo bendrov\u0117, turinti daugiau nei 20 met\u0173 patirt\u012f perkraustant nam\u0173 \u016bkius ir biurus. Ji bendradarbiauja su tarptautiniais perkraustymo agentais ir yra IAM nar\u0117. Jie turi nuosav\u0105 keli\u0173 transporto priemoni\u0173 park\u0105, kuriuo gali atlikti perkraustymo darbus <a href=\"https:\/\/moverdb.com\/lt\/moving-to-estonia\/\" data-internallinksmanager029f6b8e52c=\"430\" title=\"Persik\u0117limas \u012f Estij\u0105? 2023 Gyvenimo i\u0161laidos ir persik\u0117limo patarimai\">Estija<\/a>.<\/p>\n<p>\"AVA Express\" si\u016blo individual\u0173 pasi\u016blym\u0105 d\u0117l perkraustymo paslaug\u0173 nam\u0173 \u016bkiams ir \u012fmon\u0117ms. Jie suteikia visas perkraustymui reikalingas pakavimo med\u017eiagas ir, jei reikia, supakuoja j\u016bs\u0173 daiktus u\u017e jus. Jie pasir\u016bpins, kad j\u016bs\u0173 daiktai, \u012fskaitant meno k\u016brinius ar sunkius daiktus, b\u016bt\u0173 saugiai nugabenti \u012f paskirties viet\u0105 Estijoje arba tarptautiniu mastu.<\/p>\n<p>Interneto svetain\u0117: <a href=\"http:\/\/www.ava.ee\" target=\"_blank\" rel=\"noopener\">http:\/\/www.ava.ee<\/a><\/p>\n<h2><span class=\"ez-toc-section\" id=\"3_MoveMaster\"><\/span><strong>3. MoveMaster<\/strong><span class=\"ez-toc-section-end\"><\/span><\/h2>\n<p><img loading=\"lazy\" decoding=\"async\" class=\"alignnone size-full wp-image-5976\" src=\"https:\/\/moverdb.com\/wp-content\/uploads\/MoveMaster-international-moving-company.png\" alt=\"&quot;MoveMaster&quot; tarptautin\u0117 perkraustymo \u012fmon\u0117\" width=\"1440\" height=\"713\" data-wp-pid=\"5976\" srcset=\"https:\/\/moverdb.com\/wp-content\/uploads\/MoveMaster-international-moving-company.png 1440w, https:\/\/moverdb.com\/wp-content\/uploads\/MoveMaster-international-moving-company-300x149.png 300w, https:\/\/moverdb.com\/wp-content\/uploads\/MoveMaster-international-moving-company-1024x507.png 1024w, https:\/\/moverdb.com\/wp-content\/uploads\/MoveMaster-international-moving-company-18x9.png 18w, https:\/\/moverdb.com\/wp-content\/uploads\/MoveMaster-international-moving-company-600x297.png 600w\" sizes=\"auto, (max-width: 1440px) 100vw, 1440px\" \/><\/p>\n<ul>\n<li>Vietiniai ir nacionaliniai perkraustymai<\/li>\n<li>Tarptautiniai perkraustymai<\/li>\n<li>Gyvenam\u0173j\u0173 nam\u0173 perkraustymai<\/li>\n<li>\u012emon\u0117s perkraustymai<\/li>\n<li>Individualus po\u017ei\u016bris<\/li>\n<li>Pakavimo paslauga<\/li>\n<li>Sausumos, j\u016br\u0173 ir oro transportas<\/li>\n<li>Meno objekt\u0173 gabenimas<\/li>\n<li>Draudimas<\/li>\n<li>Sand\u0117liavimo patalpos<\/li>\n<\/ul>\n<p>\"MoveMaster\" yra Taline \u012fsik\u016brusi Estijos perkraustymo bendrov\u0117, turinti 39 met\u0173 patirt\u012f, per kuri\u0105 \u012fgyvendinta t\u016bkstan\u010diai perkraustym\u0173 147 \u0161alyse. Ji bendradarbiauja su bendradarbiavimo partneriais did\u017eiuosiuose miestuose, kad pad\u0117t\u0173 persikraustyti u\u017e j\u0173 teritorijos rib\u0173, ir yra IAM nar\u0117.<\/p>\n<p>\"MoveMaster\" teikia individualias perkraustymo paslaugas, kurios apima ap\u017ei\u016br\u0105 prie\u0161 perkraustym\u0105 Taline ir tinkamiausio perkraustymo plano sudarym\u0105. Jie teikia pakavimo paslaugas, naudodami auk\u0161tos kokyb\u0117s pakavimo med\u017eiagas, kad apsaugot\u0173 j\u016bs\u0173 daiktus, i\u0161montuot\u0173 baldus ir v\u0117l surinkt\u0173 juos atvykus. Jie organizuoja perve\u017eim\u0105 sausuma, j\u016bra ir oru, taip pat padeda u\u017epildyti muitin\u0117s deklaracijas ir apsidrausti.<\/p>\n<p>Interneto svetain\u0117: <a href=\"http:\/\/www.movemaster.ee\" target=\"_blank\" rel=\"noopener\">http:\/\/www.movemaster.ee<\/a><\/p>\n<h2><span class=\"ez-toc-section\" id=\"4_KLG_Estonia\"><\/span><strong>4. KLG Estija<\/strong><span class=\"ez-toc-section-end\"><\/span><\/h2>\n<p><img loading=\"lazy\" decoding=\"async\" class=\"alignnone size-full wp-image-5964\" src=\"https:\/\/moverdb.com\/wp-content\/uploads\/KLG-Estonia-international-moving-company.png\" alt=\"KLG Estijos tarptautin\u0117 perkraustymo \u012fmon\u0117\" width=\"1440\" height=\"711\" data-wp-pid=\"5964\" srcset=\"https:\/\/moverdb.com\/wp-content\/uploads\/KLG-Estonia-international-moving-company.png 1440w, https:\/\/moverdb.com\/wp-content\/uploads\/KLG-Estonia-international-moving-company-300x148.png 300w, https:\/\/moverdb.com\/wp-content\/uploads\/KLG-Estonia-international-moving-company-1024x506.png 1024w, https:\/\/moverdb.com\/wp-content\/uploads\/KLG-Estonia-international-moving-company-18x9.png 18w, https:\/\/moverdb.com\/wp-content\/uploads\/KLG-Estonia-international-moving-company-600x296.png 600w\" sizes=\"auto, (max-width: 1440px) 100vw, 1440px\" \/><\/p>\n<ul>\n<li>Nacionaliniai judesiai<\/li>\n<li>Tarptautiniai perkraustymai<\/li>\n<li>Nam\u0173 \u016bkio perkraustymai<\/li>\n<li>Pakavimo paslauga<\/li>\n<li>Sukurkite nestandartines medines d\u0117\u017ees<\/li>\n<li>Sausumos, oro, j\u016br\u0173 ir gele\u017einkeli\u0173 transportas<\/li>\n<li>Muitin\u0117s pagalba<\/li>\n<li>Meno transportas<\/li>\n<li>Draudimas<\/li>\n<li>Trumpalaik\u0117s ir ilgalaik\u0117s saugyklos<\/li>\n<\/ul>\n<p>\"KLG Estonia\" yra Taline \u012fsik\u016brusi speciali\u0173 logistikos sprendim\u0173 teik\u0117ja, kuri perkraustymo paslaugas teikia nuo 1994 m. Jie turi pasaulin\u012f partneri\u0173 tinkl\u0105, padedant\u012f vykdyti tarptautinius perkraustymus. Jie yra akredituoti FIDI.<\/p>\n<p>\"KLG Estonia\" atlieka ap\u017ei\u016br\u0105 ir konsultuoja, kad \u012fvertint\u0173 j\u016bs\u0173 poreikius. Jie si\u016blo profesionalias pakavimo paslaugas, kad apsaugot\u0173 j\u016bs\u0173 daiktus, taip pat pagal u\u017esakym\u0105 pagamintas medines d\u0117\u017ees, pritaikytas bet kokiam turtui, \u012fskaitant meno k\u016brinius ir IT \u012frang\u0105. Jie taip pat perve\u017ea didesnius daiktus, \u012fskaitant motociklus ir pianinus. Jie organizuoja perve\u017eim\u0105 sausuma, oru, j\u016bra ir gele\u017einkeliu bei padeda \u012fvykdyti muitin\u0117s reikalavimus.<\/p>\n<p>Interneto svetain\u0117: <a href=\"http:\/\/www.klg.ee\/\" target=\"_blank\" rel=\"noopener\">http:\/\/www.klg.ee\/<\/a><\/p>\n<h2><span class=\"ez-toc-section\" id=\"Other_Useful_Guides_to_Estonia\"><\/span>Kiti naudingi gidai apie Estij\u0105<span class=\"ez-toc-section-end\"><\/span><\/h2>\n<ul>\n<li> <a href=\"https:\/\/moverdb.com\/lt\/moving-to-estonia\/\">Persik\u0117limas \u012f Estij\u0105? 2023 Gyvenimo i\u0161laidos ir persik\u0117limo patarimai<\/a><\/li>\n<li> <a href=\"https:\/\/moverdb.com\/lt\/moving-to-estonia\/best-places-to-live-estonia\/\">12 geriausi\u0173 viet\u0173 gyventi Estijoje<\/a><\/li>\n<li> <a href=\"https:\/\/moverdb.com\/lt\/konteineriu-kroviniu-gabenimas\/estija\/\">2023 m. J\u016br\u0173 krovini\u0173 gabenimo konteineriais \u012f Estij\u0105 ir i\u0161 jos kainos<\/a><\/li>\n<\/ul>","protected":false},"excerpt":{"rendered":"<p>Moving can be a stressful time, whether that is moving home or your business. Many people employ the services of a moving company as they can safely move your belongings and reduce the stress of your move. Below we have compiled a list of Estonian removal companies that are members of the International Association of [&hellip;]<\/p>\n","protected":false},"author":4,"featured_media":0,"parent":190,"menu_order":0,"comment_status":"closed","ping_status":"closed","template":"","meta":{"_genesis_hide_title":false,"_genesis_hide_breadcrumbs":false,"_genesis_hide_singular_image":false,"_genesis_hide_footer_widgets":false,"_genesis_custom_body_class":"","_genesis_custom_post_class":"","_genesis_layout":"","footnotes":""},"class_list":{"0":"post-6043","1":"page","2":"type-page","3":"status-publish","5":"entry","6":"has-post-thumbnail"},"_links":{"self":[{"href":"https:\/\/moverdb.com\/lt\/wp-json\/wp\/v2\/pages\/6043","targetHints":{"allow":["GET"]}}],"collection":[{"href":"https:\/\/moverdb.com\/lt\/wp-json\/wp\/v2\/pages"}],"about":[{"href":"https:\/\/moverdb.com\/lt\/wp-json\/wp\/v2\/types\/page"}],"author":[{"embeddable":true,"href":"https:\/\/moverdb.com\/lt\/wp-json\/wp\/v2\/users\/4"}],"replies":[{"embeddable":true,"href":"https:\/\/moverdb.com\/lt\/wp-json\/wp\/v2\/comments?post=6043"}],"version-history":[{"count":3,"href":"https:\/\/moverdb.com\/lt\/wp-json\/wp\/v2\/pages\/6043\/revisions"}],"predecessor-version":[{"id":16257,"href":"https:\/\/moverdb.com\/lt\/wp-json\/wp\/v2\/pages\/6043\/revisions\/16257"}],"up":[{"embeddable":true,"href":"https:\/\/moverdb.com\/lt\/wp-json\/wp\/v2\/pages\/190"}],"wp:attachment":[{"href":"https:\/\/moverdb.com\/lt\/wp-json\/wp\/v2\/media?parent=6043"}],"curies":[{"name":"wp","href":"https:\/\/api.w.org\/{rel}","templated":true}]}}