{"id":6040,"date":"2023-02-01T12:37:34","date_gmt":"2023-02-01T12:37:34","guid":{"rendered":"https:\/\/moverdb.com\/?page_id=6040"},"modified":"2026-01-08T15:24:14","modified_gmt":"2026-01-08T15:24:14","slug":"juda-imones-el-salvadoras","status":"publish","type":"page","link":"https:\/\/moverdb.com\/lt\/moving-companies\/moving-companies-el-salvador\/","title":{"rendered":"3 Geriausios tarptautin\u0117s perkraustymo \u012fmon\u0117s Salvadore"},"content":{"rendered":"<p>Ar planuojate persikelti \u012f Salvador\u0105, i\u0161 jo arba \u012f j\u012f? Tuomet galb\u016bt nor\u0117site pasinaudoti <a href=\"https:\/\/moverdb.com\/lt\/moving-companies\/\" data-internallinksmanager029f6b8e52c=\"79\" title=\"Top 25 Tarptautin\u0117s perkraustymo \u012fmon\u0117s internete\">perkraustymo \u012fmon\u0117<\/a> pad\u0117ti jums ir nuimti dal\u012f \u012ftampos. Toliau pateikiame Salvadoro s\u0105ra\u0161\u0105 <a href=\"https:\/\/moverdb.com\/lt\/international-removals\/\" data-internallinksmanager029f6b8e52c=\"27\" title=\"36 geriausios tarptautinio perkraustymo \u012fmon\u0117s Jungtin\u0117je Karalyst\u0117je\">perkraustymo \u012fmon\u0117s<\/a> kurie yra <a href=\"https:\/\/moverdb.com\/lt\/iam\/\" data-internallinksmanager029f6b8e52c=\"23\" title=\"Tarptautin\u0117s perkraustytoj\u0173 asociacijos (IAM) paai\u0161kinimai\">Tarptautin\u0117 perkraustytoj\u0173 asociacija<\/a> (IAM) ir (arba) <a href=\"https:\/\/moverdb.com\/lt\/fidi-faim\/\" data-internallinksmanager029f6b8e52c=\"16\" title=\"FIDI ir FAIM (FIDI akredituotas tarptautinis perve\u017e\u0117jas) paai\u0161kinimai\">FIDI<\/a> Akredituot\u0173 tarptautini\u0173 perkraustymo paslaug\u0173 teik\u0117j\u0173 (FAIM), kurie gali pad\u0117ti jums persikraustant.<\/p>\n<h2><strong>1. \"Comca International<\/strong><\/h2>\n<ul>\n<li>Nacionaliniai judesiai<\/li>\n<li>Tarptautiniai perkraustymai<\/li>\n<li>Nam\u0173 \u016bkio perkraustymai<\/li>\n<li>Patikrinimas namuose<\/li>\n<li>Profesionalios pakavimo paslaugos<\/li>\n<li>Keli\u0173, j\u016br\u0173 ir oro transportas<\/li>\n<li>Muitin\u0117s pagalba<\/li>\n<li>Meno k\u016brini\u0173 pakuot\u0117s<\/li>\n<li>Draudimas<\/li>\n<li>Saugus saugojimas<\/li>\n<\/ul>\n<p>\"Comca International\" yra 1967 m. \u012fkurta transporto ir paskirstymo logistikos sprendim\u0173 bendrov\u0117, teikianti nacionalinio ir tarptautinio perkraustymo paslaugas. Ji yra sudariusi strateginius aljansus su tarptautin\u0117mis agent\u016bromis, kad gal\u0117t\u0173 atlikti tarptautinius perkraustymus. Jie yra IAM nariai, dirbantys 55 metus.<\/p>\n<p>\"Comca International\" atlieka j\u016bs\u0173 persikraustymo patikrinim\u0105 ir sudaro s\u0105mat\u0105, taip pat pataria d\u0117l geriausio transportavimo b\u016bdo. Jie si\u016blo profesionalias pakavimo paslaugas, naudodami geriausias med\u017eiagas ir d\u0117\u017ees arba medines d\u0117\u017ees su lipniu plastiku ir dir\u017eais, kad b\u016bt\u0173 geriau apsaugotos gabenant. Jie pasir\u016bpins perve\u017eimu keliais, j\u016bra ar oru ir pad\u0117s sutvarkyti muitin\u0117s formalumus.<\/p>\n<p>Interneto svetain\u0117: <a href=\"http:\/\/www.comca.com.sv\" target=\"_blank\" rel=\"noopener\">http:\/\/www.comca.com.sv<\/a><\/p>\n<h2><strong>2. Mudanzas Suarez<\/strong><\/h2>\n<p><img loading=\"lazy\" decoding=\"async\" class=\"alignnone size-full wp-image-5982\" src=\"https:\/\/moverdb.com\/wp-content\/uploads\/Mudanzas-Suarez-international-moving-company.png\" alt=\"Mudanzas Suarez tarptautin\u0117 perkraustymo \u012fmon\u0117\" width=\"1440\" height=\"712\" data-wp-pid=\"5982\" srcset=\"https:\/\/moverdb.com\/wp-content\/uploads\/Mudanzas-Suarez-international-moving-company.png 1440w, https:\/\/moverdb.com\/wp-content\/uploads\/Mudanzas-Suarez-international-moving-company-300x148.png 300w, https:\/\/moverdb.com\/wp-content\/uploads\/Mudanzas-Suarez-international-moving-company-1024x506.png 1024w, https:\/\/moverdb.com\/wp-content\/uploads\/Mudanzas-Suarez-international-moving-company-18x9.png 18w, https:\/\/moverdb.com\/wp-content\/uploads\/Mudanzas-Suarez-international-moving-company-600x297.png 600w\" sizes=\"auto, (max-width: 1440px) 100vw, 1440px\" \/><\/p>\n<ul>\n<li>Nacionaliniai perkraustymai<\/li>\n<li>Tarptautinis perkraustymas<\/li>\n<li>Gyvenam\u0173j\u0173 nam\u0173 perkraustymai<\/li>\n<li>Verslo \u017eingsniai<\/li>\n<li>Individualus aptarnavimas<\/li>\n<li>Paslauga \"nuo dur\u0173 iki dur\u0173<\/li>\n<li>Pakavimo paslauga<\/li>\n<li>Individualizuotos medin\u0117s d\u0117\u017e\u0117s<\/li>\n<li>Transporto galimybi\u0173 pasirinkimas<\/li>\n<li>Kondicionuotos sand\u0117liavimo patalpos<\/li>\n<\/ul>\n<p>\"Mudanzas Suarez\" yra 1958 m. \u012fkurta logistikos ir perkraustymo \u012fmon\u0117, \u012fsik\u016brusi Antiguo Cuscatlan mieste. Ji turi plat\u0173 tarptautini\u0173 agent\u0173 tinkl\u0105, padedant\u012f jai atlikti perkraustymo darbus visame pasaulyje. Jie yra IAM nariai, dirbantys 54 metus.<\/p>\n<p>\"Mudanzas Suarez\" teikia individualias paslaugas ir si\u016blo individualius pakavimo sprendimus, o j\u0173 vidaus dailid\u017ei\u0173 komanda gamina nestandartines medines d\u0117\u017ees. Jie teikia pakavimo paslaugas, kurios apsaugos j\u016bs\u0173 daiktus gabenimo metu. Jie si\u016blo \u012fvairi\u0173 krovini\u0173, \u012fskaitant oro ir j\u016br\u0173 krovinius, pavyzd\u017eiui, konsoliduotus krovinius.<\/p>\n<p>Interneto svetain\u0117: <a href=\"http:\/\/suarez.com.sv\" target=\"_blank\" rel=\"noopener\">http:\/\/suarez.com.sv<\/a><\/p>\n<h2><strong>3. Mudisa Salvadoras<\/strong><\/h2>\n<p><img loading=\"lazy\" decoding=\"async\" class=\"alignnone size-full wp-image-5983\" src=\"https:\/\/moverdb.com\/wp-content\/uploads\/Mudisa-international-moving-company.png\" alt=\"Mudisa tarptautin\u0117 jud\u0117jimo \u012fmon\u0117\" width=\"1440\" height=\"712\" data-wp-pid=\"5983\" srcset=\"https:\/\/moverdb.com\/wp-content\/uploads\/Mudisa-international-moving-company.png 1440w, https:\/\/moverdb.com\/wp-content\/uploads\/Mudisa-international-moving-company-300x148.png 300w, https:\/\/moverdb.com\/wp-content\/uploads\/Mudisa-international-moving-company-1024x506.png 1024w, https:\/\/moverdb.com\/wp-content\/uploads\/Mudisa-international-moving-company-18x9.png 18w, https:\/\/moverdb.com\/wp-content\/uploads\/Mudisa-international-moving-company-600x297.png 600w\" sizes=\"auto, (max-width: 1440px) 100vw, 1440px\" \/><\/p>\n<ul>\n<li>Nacionaliniai perkraustymai<\/li>\n<li>Tarptautinis perkraustymas<\/li>\n<li>Nam\u0173 \u016bkio perkraustymai<\/li>\n<li>\u012emoni\u0173 perkraustymai<\/li>\n<li>Perkraustymo paslaugos<\/li>\n<li>Paslaugos \"nuo dur\u0173 iki dur\u0173<\/li>\n<li>Pakavimas, \u012fskaitant nestandartines d\u0117\u017ees ir d\u0117\u017eutes<\/li>\n<li>Meno k\u016brini\u0173 gabenimas<\/li>\n<li>Transporto priemoni\u0173 transportavimas<\/li>\n<li>Saugios saugyklos<\/li>\n<\/ul>\n<p>\"Mudisa\" yra perkraustymo, logistikos ir bendr\u0173j\u0173 krovini\u0173 bendrov\u0117, \u012fkurta 1963 m. San Salvadore. Bendradarbiaudama su kitomis tarptautinio perkraustymo agent\u016bromis ji teikia tarptautines paslaugas \"nuo dur\u0173 iki dur\u0173\", taip pat turi savo transporto priemoni\u0173 park\u0105 nacionaliniams perkraustymams atlikti. Jie yra IAM nariai, dirbantys 45 metus.<\/p>\n<p>\"Mudisa\" si\u016blo persikraustymo ir perk\u0117limo paslaugas nam\u0173 \u016bkiams ir \u012fmon\u0117ms. Jie teikia paslaugas j\u016bs\u0173 esamose ir naujose patalpose, pavyzd\u017eiui, pakavimo ir i\u0161pakavimo paslaugas, \u012fskaitant nestandartines d\u0117\u017ees ir d\u0117\u017eutes. Perkraustymo paslaugos apima imigracijos pagalb\u0105, atvykimo paslaugas, rekomendacijas d\u0117l mokykl\u0173, b\u016bsto paie\u0161kas ir \u012fsik\u016brimo paslaugas.<\/p>\n<p>Interneto svetain\u0117: <a href=\"http:\/\/www.mudisa.com.sv\" target=\"_blank\" rel=\"noopener\">http:\/\/www.mudisa.com.sv<\/a><\/p>","protected":false},"excerpt":{"rendered":"<p>Are you planning on moving in El Salvador or to or from El Salvador? Then you may want to employ the services of a moving company to assist you and take some of the pressure off. Below we have compiled a list of El Salvador removal companies that are members of the International Association of [&hellip;]<\/p>\n","protected":false},"author":4,"featured_media":0,"parent":190,"menu_order":0,"comment_status":"closed","ping_status":"closed","template":"","meta":{"_genesis_hide_title":false,"_genesis_hide_breadcrumbs":false,"_genesis_hide_singular_image":false,"_genesis_hide_footer_widgets":false,"_genesis_custom_body_class":"","_genesis_custom_post_class":"","_genesis_layout":"","footnotes":""},"class_list":{"0":"post-6040","1":"page","2":"type-page","3":"status-publish","5":"entry","6":"has-post-thumbnail"},"_links":{"self":[{"href":"https:\/\/moverdb.com\/lt\/wp-json\/wp\/v2\/pages\/6040","targetHints":{"allow":["GET"]}}],"collection":[{"href":"https:\/\/moverdb.com\/lt\/wp-json\/wp\/v2\/pages"}],"about":[{"href":"https:\/\/moverdb.com\/lt\/wp-json\/wp\/v2\/types\/page"}],"author":[{"embeddable":true,"href":"https:\/\/moverdb.com\/lt\/wp-json\/wp\/v2\/users\/4"}],"replies":[{"embeddable":true,"href":"https:\/\/moverdb.com\/lt\/wp-json\/wp\/v2\/comments?post=6040"}],"version-history":[{"count":3,"href":"https:\/\/moverdb.com\/lt\/wp-json\/wp\/v2\/pages\/6040\/revisions"}],"predecessor-version":[{"id":6056,"href":"https:\/\/moverdb.com\/lt\/wp-json\/wp\/v2\/pages\/6040\/revisions\/6056"}],"up":[{"embeddable":true,"href":"https:\/\/moverdb.com\/lt\/wp-json\/wp\/v2\/pages\/190"}],"wp:attachment":[{"href":"https:\/\/moverdb.com\/lt\/wp-json\/wp\/v2\/media?parent=6040"}],"curies":[{"name":"wp","href":"https:\/\/api.w.org\/{rel}","templated":true}]}}