{"id":6024,"date":"2023-02-01T12:30:48","date_gmt":"2023-02-01T12:30:48","guid":{"rendered":"https:\/\/moverdb.com\/?page_id=6024"},"modified":"2026-01-08T15:23:41","modified_gmt":"2026-01-08T15:23:41","slug":"juda-imoniu-kiprusas","status":"publish","type":"page","link":"https:\/\/moverdb.com\/lt\/moving-companies\/moving-companies-in-cyprus\/","title":{"rendered":"2 Geriausios tarptautin\u0117s perkraustymo \u012fmon\u0117s Kipre"},"content":{"rendered":"<p>Jei persikeliate namo <a href=\"https:\/\/moverdb.com\/lt\/moving-to-cyprus\/\" data-internallinksmanager029f6b8e52c=\"377\" title=\"Persik\u0117limas \u012f Kipr\u0105? 2023 m. Gyvenimo i\u0161laidos ir persik\u0117limo patarimai\">Kipras<\/a>, arba persikraustydami \u012f Kipr\u0105 ar i\u0161 jo, galb\u016bt nor\u0117site, kad jums pad\u0117t\u0173 persikraustymo ar <a href=\"https:\/\/moverdb.com\/lt\/relocation-agents\/\" data-internallinksmanager029f6b8e52c=\"1\" title=\"7 prie\u017eastys, kod\u0117l tur\u0117tum\u0117te naudotis perkraustymo agento paslaugomis?\">perk\u0117limo agentas<\/a> tai gali suma\u017einti stres\u0105. \u017demiau pateikiame Kipro s\u0105ra\u0161\u0105 <a href=\"https:\/\/moverdb.com\/lt\/international-removals\/\" data-internallinksmanager029f6b8e52c=\"27\" title=\"36 geriausios tarptautinio perkraustymo \u012fmon\u0117s Jungtin\u0117je Karalyst\u0117je\">perkraustymo \u012fmon\u0117s<\/a> kurie yra <a href=\"https:\/\/moverdb.com\/lt\/iam\/\" data-internallinksmanager029f6b8e52c=\"23\" title=\"Tarptautin\u0117s perkraustytoj\u0173 asociacijos (IAM) paai\u0161kinimai\">Tarptautin\u0117 perkraustytoj\u0173 asociacija<\/a> (IAM) ir (arba) <a href=\"https:\/\/moverdb.com\/lt\/fidi-faim\/\" data-internallinksmanager029f6b8e52c=\"16\" title=\"FIDI ir FAIM (FIDI akredituotas tarptautinis perve\u017e\u0117jas) paai\u0161kinimai\">FIDI<\/a> Akredituoti tarptautiniai perkraustymo paslaug\u0173 teik\u0117jai (FAIM), kurie gal\u0117t\u0173 jums pad\u0117ti.<\/p>\n<h2><strong>1. Columbia Worldwide Movers<\/strong><\/h2>\n<p><img loading=\"lazy\" decoding=\"async\" class=\"alignnone size-full wp-image-5936\" src=\"https:\/\/moverdb.com\/wp-content\/uploads\/Columbia-Worldwide-Movers-international-moving-company.png\" alt=\"&quot;Columbia Worldwide Movers&quot; tarptautin\u0117 judanti \u012fmon\u0117\" width=\"1440\" height=\"682\" data-wp-pid=\"5936\" srcset=\"https:\/\/moverdb.com\/wp-content\/uploads\/Columbia-Worldwide-Movers-international-moving-company.png 1440w, https:\/\/moverdb.com\/wp-content\/uploads\/Columbia-Worldwide-Movers-international-moving-company-300x142.png 300w, https:\/\/moverdb.com\/wp-content\/uploads\/Columbia-Worldwide-Movers-international-moving-company-1024x485.png 1024w, https:\/\/moverdb.com\/wp-content\/uploads\/Columbia-Worldwide-Movers-international-moving-company-18x9.png 18w, https:\/\/moverdb.com\/wp-content\/uploads\/Columbia-Worldwide-Movers-international-moving-company-600x284.png 600w\" sizes=\"auto, (max-width: 1440px) 100vw, 1440px\" \/><\/p>\n<ul>\n<li>Nacionaliniai judesiai<\/li>\n<li>Tarptautiniai perkraustymai<\/li>\n<li>Perkraustymo paslaugos<\/li>\n<li>Nam\u0173 \u016bkio perkraustymai<\/li>\n<li>Verslo \u017eingsniai<\/li>\n<li>Pakavimo paslaugos<\/li>\n<li>Sausuma, j\u016bra ir oras<\/li>\n<li>Gyv\u016bn\u0173 augintini\u0173 ve\u017eimas<\/li>\n<li><a href=\"https:\/\/moverdb.com\/lt\/car-transport-shipping\/\" data-internallinksmanager029f6b8e52c=\"2\" title=\"2026 Tarptautinio automobili\u0173 transporto ir transporto priemoni\u0173 gabenimo citatos\">Transporto priemoni\u0173 gabenimas<\/a><\/li>\n<li>Sand\u0117liavimo patalpos<\/li>\n<\/ul>\n<p>\"Columbia Worldwide Movers\" buvo \u012fkurta 1994 m. kaip perkraustymo ir saugojimo paslaug\u0173 teik\u0117ja. Ji si\u016blo nacionalines ir tarptautines perkraustymo ir perk\u0117limo paslaugas nam\u0173 \u016bkiams ir \u012fmon\u0117ms. Tarptautinius perkraustymus jie vykdo bendradarbiaudami su patikimais perkraustymo agentais kitose \u0161alyse. Jie yra IAM nariai, dirbantys 28 metus, ir yra akredituoti FIDI.<\/p>\n<p>\"Columbia Worldwide Movers\" teikia individualiai pritaikytus perkraustymo sprendimus, kurie apima \"nuo dur\u0173 iki dur\u0173\" paslaugas, \u012fskaitant daikt\u0173 pakavimo organizavim\u0105 ir siuntimo sausuma, j\u016bra ar oru su muitin\u0117s formalumais organizavim\u0105. Jie taip pat si\u016blo specializuotas gyv\u016bn\u0173 ir transporto priemoni\u0173 perve\u017eimo paslaugas.<\/p>\n<p>Interneto svetain\u0117: <a href=\"http:\/\/www.columbiamovers.com\" target=\"_blank\" rel=\"noopener\">http:\/\/www.columbiamovers.com<\/a><\/p>\n<h2><strong>2. \"Orbit Moving and Storage<\/strong><\/h2>\n<p><img loading=\"lazy\" decoding=\"async\" class=\"alignnone size-full wp-image-5988\" src=\"https:\/\/moverdb.com\/wp-content\/uploads\/Orbit-Moving-and-Storage-international-moving-company.png\" alt=\"&quot;Orbit Moving and Storage&quot; tarptautin\u0117 perkraustymo \u012fmon\u0117\" width=\"1440\" height=\"679\" data-wp-pid=\"5988\" srcset=\"https:\/\/moverdb.com\/wp-content\/uploads\/Orbit-Moving-and-Storage-international-moving-company.png 1440w, https:\/\/moverdb.com\/wp-content\/uploads\/Orbit-Moving-and-Storage-international-moving-company-300x141.png 300w, https:\/\/moverdb.com\/wp-content\/uploads\/Orbit-Moving-and-Storage-international-moving-company-1024x483.png 1024w, https:\/\/moverdb.com\/wp-content\/uploads\/Orbit-Moving-and-Storage-international-moving-company-18x8.png 18w, https:\/\/moverdb.com\/wp-content\/uploads\/Orbit-Moving-and-Storage-international-moving-company-600x283.png 600w\" sizes=\"auto, (max-width: 1440px) 100vw, 1440px\" \/><\/p>\n<ul>\n<li>Vietiniai perkraustymai<\/li>\n<li>Tarptautiniai perkraustymai<\/li>\n<li>Perkraustymo paslaugos<\/li>\n<li>Gyvenam\u0173j\u0173 nam\u0173 perkraustymai<\/li>\n<li>Biur\u0173 perk\u0117limas<\/li>\n<li>Pakavimo paslaugos<\/li>\n<li>Gabenimas vaizduojamojo meno priemon\u0117mis<\/li>\n<li>Gyv\u016bn\u0173 augintini\u0173 gabenimas<\/li>\n<li>Transporto priemoni\u0173 gabenimas<\/li>\n<li>Saugojimo paslaugos<\/li>\n<\/ul>\n<p>\"Orbit Moving and Storage\" yra tarptautin\u0117 perkraustymo ir saugojimo \u012fmon\u0117, veikianti nuo 1982 m. Ji priklauso \"Orphee Beingoglou\" \u012fmoni\u0173 grupei, kuri yra transporto ir logistikos paslaug\u0173 teik\u0117ja. Jie turi pasaulin\u012f perkraustymo agent\u0173 tinkl\u0105, padedant\u012f atlikti tarptautinius perkraustymus. Jie yra IAM nariai, dirbantys 40 met\u0173, ir yra akredituoti FIDI.<\/p>\n<p>\"Orbit Moving and Storage\" si\u016blo asmenines ir verslo perkraustymo paslaugas, kurios teikiamos naudojant naujausias technologijas ir pakavimo med\u017eiagas. Jie teikia profesionalias pakavimo paslaugas ir organizuoja j\u016bs\u0173 daikt\u0173 perve\u017eim\u0105, \u012fskaitant specializuotas meno k\u016brini\u0173, gyv\u016bn\u0173 ir transporto priemoni\u0173 perve\u017eimo paslaugas.<\/p>\n<p>Interneto svetain\u0117: <a href=\"http:\/\/www.orbitcy.com\/\" target=\"_blank\" rel=\"noopener\">http:\/\/www.orbitcy.com\/<\/a><\/p>\n<p>Taip pat \u017er:<\/p>\n<ul>\n<li> <a href=\"https:\/\/moverdb.com\/lt\/moving-to-cyprus\/living-in-cyprus\/\">20 paslap\u010di\u0173 apie gyvenim\u0105 Kipre, kurias reikia \u017einoti prie\u0161 persikeliant<\/a><\/li>\n<li> <a href=\"https:\/\/moverdb.com\/lt\/moving-to-cyprus\/\">Persik\u0117limas \u012f Kipr\u0105? Gyvenimo i\u0161laidos ir persik\u0117limo patarimai<\/a><\/li>\n<li> <a href=\"https:\/\/moverdb.com\/lt\/konteineriu-kroviniu-gabenimas\/kipras\/\">Konteineri\u0173 gabenimo \u012f Kipr\u0105 ir i\u0161 jo kainos<\/a><\/li>\n<\/ul>","protected":false},"excerpt":{"rendered":"<p>If you are moving home in Cyprus, or moving to or from Cyprus you might want some help with your move from a moving or relocation agent that can take away some of the stress. Below we have compiled a list of Cyprus removal companies that are members of the International Association of Movers (IAM) [&hellip;]<\/p>\n","protected":false},"author":4,"featured_media":0,"parent":190,"menu_order":0,"comment_status":"closed","ping_status":"closed","template":"","meta":{"_genesis_hide_title":false,"_genesis_hide_breadcrumbs":false,"_genesis_hide_singular_image":false,"_genesis_hide_footer_widgets":false,"_genesis_custom_body_class":"","_genesis_custom_post_class":"","_genesis_layout":"","footnotes":""},"class_list":{"0":"post-6024","1":"page","2":"type-page","3":"status-publish","5":"entry","6":"has-post-thumbnail"},"_links":{"self":[{"href":"https:\/\/moverdb.com\/lt\/wp-json\/wp\/v2\/pages\/6024","targetHints":{"allow":["GET"]}}],"collection":[{"href":"https:\/\/moverdb.com\/lt\/wp-json\/wp\/v2\/pages"}],"about":[{"href":"https:\/\/moverdb.com\/lt\/wp-json\/wp\/v2\/types\/page"}],"author":[{"embeddable":true,"href":"https:\/\/moverdb.com\/lt\/wp-json\/wp\/v2\/users\/4"}],"replies":[{"embeddable":true,"href":"https:\/\/moverdb.com\/lt\/wp-json\/wp\/v2\/comments?post=6024"}],"version-history":[{"count":4,"href":"https:\/\/moverdb.com\/lt\/wp-json\/wp\/v2\/pages\/6024\/revisions"}],"predecessor-version":[{"id":15035,"href":"https:\/\/moverdb.com\/lt\/wp-json\/wp\/v2\/pages\/6024\/revisions\/15035"}],"up":[{"embeddable":true,"href":"https:\/\/moverdb.com\/lt\/wp-json\/wp\/v2\/pages\/190"}],"wp:attachment":[{"href":"https:\/\/moverdb.com\/lt\/wp-json\/wp\/v2\/media?parent=6024"}],"curies":[{"name":"wp","href":"https:\/\/api.w.org\/{rel}","templated":true}]}}