{"id":6022,"date":"2023-02-01T12:31:45","date_gmt":"2023-02-01T12:31:45","guid":{"rendered":"https:\/\/moverdb.com\/?page_id=6022"},"modified":"2026-01-08T15:23:40","modified_gmt":"2026-01-08T15:23:40","slug":"juda-imones-kurakao","status":"publish","type":"page","link":"https:\/\/moverdb.com\/lt\/moving-companies\/moving-companies-curacao\/","title":{"rendered":"2 geriausios tarptautin\u0117s perkraustymo \u012fmon\u0117s Kiurasao"},"content":{"rendered":"<p>Persikraustymas \u012f namus ar biur\u0105 gali kelti stres\u0105 ir atimti daug laiko, tod\u0117l persikraustymo ar persikraustymo \u012fmon\u0117s pagalba gali pad\u0117ti palengvinti j\u016bs\u0173 na\u0161t\u0105 ir pasinaudoti j\u0173 patirtimi. Toliau pateikiame s\u0105ra\u0161\u0105 <a href=\"https:\/\/moverdb.com\/lt\/moving-to-curacao\/\" data-internallinksmanager029f6b8e52c=\"429\" title=\"Persik\u0117limas \u012f Kiurasao? 2023 Gyvenimo i\u0161laidos ir persik\u0117limo patarimai\">Kiurasao<\/a> <a href=\"https:\/\/moverdb.com\/lt\/international-removals\/\" data-internallinksmanager029f6b8e52c=\"27\" title=\"36 geriausios tarptautinio perkraustymo \u012fmon\u0117s Jungtin\u0117je Karalyst\u0117je\">perkraustymo \u012fmon\u0117s<\/a> kurie yra <a href=\"https:\/\/moverdb.com\/lt\/iam\/\" data-internallinksmanager029f6b8e52c=\"23\" title=\"Tarptautin\u0117s perkraustytoj\u0173 asociacijos (IAM) paai\u0161kinimai\">Tarptautin\u0117 perkraustytoj\u0173 asociacija<\/a> (IAM) ir (arba) <a href=\"https:\/\/moverdb.com\/lt\/fidi-faim\/\" data-internallinksmanager029f6b8e52c=\"16\" title=\"FIDI ir FAIM (FIDI akredituotas tarptautinis perve\u017e\u0117jas) paai\u0161kinimai\">FIDI<\/a> Akredituot\u0173 tarptautini\u0173 perkraustymo paslaug\u0173 teik\u0117j\u0173 (FAIM), kurie gali jums pad\u0117ti.<\/p>\n<h2><strong>1. AGS Meyer<\/strong><\/h2>\n<p><img loading=\"lazy\" decoding=\"async\" class=\"alignnone size-full wp-image-5918\" src=\"https:\/\/moverdb.com\/wp-content\/uploads\/AGS-Meyer-international-moving-company.png\" alt=\"&quot;AGS Meyer&quot; tarptautin\u0117 perkraustymo \u012fmon\u0117\" width=\"1440\" height=\"684\" data-wp-pid=\"5918\" srcset=\"https:\/\/moverdb.com\/wp-content\/uploads\/AGS-Meyer-international-moving-company.png 1440w, https:\/\/moverdb.com\/wp-content\/uploads\/AGS-Meyer-international-moving-company-300x143.png 300w, https:\/\/moverdb.com\/wp-content\/uploads\/AGS-Meyer-international-moving-company-1024x486.png 1024w, https:\/\/moverdb.com\/wp-content\/uploads\/AGS-Meyer-international-moving-company-18x9.png 18w, https:\/\/moverdb.com\/wp-content\/uploads\/AGS-Meyer-international-moving-company-600x285.png 600w\" sizes=\"auto, (max-width: 1440px) 100vw, 1440px\" \/><\/p>\n<ul>\n<li>Vietiniai perkraustymai<\/li>\n<li>Tarptautiniai perkraustymai<\/li>\n<li>Nam\u0173 \u016bkio perkraustymai<\/li>\n<li>\u012emon\u0117s perk\u0117limai<\/li>\n<li>Paslauga \"nuo dur\u0173 iki dur\u0173<\/li>\n<li>Pakavimo paslaugos<\/li>\n<li>Sausumos, oro ir j\u016br\u0173 transportas<\/li>\n<li>Muitin\u0117s formalumai<\/li>\n<li>Akredituota FIDI<\/li>\n<li>Saugojimo paslaugos<\/li>\n<\/ul>\n<p>AGS Meyer yra <a href=\"https:\/\/moverdb.com\/lt\/moving-companies\/\" data-internallinksmanager029f6b8e52c=\"79\" title=\"Top 25 Tarptautin\u0117s perkraustymo \u012fmon\u0117s internete\">perkraustymo \u012fmon\u0117<\/a> \u012fkurta 1959 m. Kiurasao, teikianti vietini\u0173 ir tarptautini\u0173 perkraustym\u0173 paslaugas nam\u0173 \u016bkiams ir \u012fmon\u0117ms, ir turi 7 filialus Karib\u0173 j\u016bros regione. Jie turi pasaulin\u012f susijusi\u0173 perkraustymo agent\u0173 tinkl\u0105 tarptautiniams perkraustymams vykdyti. Jie yra IAM nariai, dirbantys 63 metus, ir yra akredituoti FIDI.<\/p>\n<p>\"AGS Meyer\" teikia perkraustymo paslaugas nuo dur\u0173 iki dur\u0173, \u012fskaitant perkraustymo, perkraustymo ir sand\u0117liavimo paslaugas privatiems klientams, \u012fmon\u0117ms ir diplomatin\u0117ms agent\u016broms. Jie patars jums persikraustymo klausimais ir pad\u0117s kiekviename \u017eingsnyje. Jie saugiai supakuos j\u016bs\u0173 daiktus, pasir\u016bpins transportavimu ir muitin\u0117s formalumais bei i\u0161pakuos daiktus paskirties vietoje.<\/p>\n<p>Interneto svetain\u0117: <a href=\"https:\/\/www.meyermoving.com\/\" target=\"_blank\" rel=\"noopener\">https:\/\/www.meyermoving.com\/<\/a><\/p>\n<h2><strong>2. Karib\u0173 j\u016bros regiono perkraustymo paslaugos<\/strong><\/h2>\n<p><img loading=\"lazy\" decoding=\"async\" class=\"alignnone size-full wp-image-5933\" src=\"https:\/\/moverdb.com\/wp-content\/uploads\/Caribbean-Moving-Services-international-moving-company.png\" alt=\"Karib\u0173 jud\u0117jimo paslaugos tarptautin\u0117 judanti \u012fmon\u0117\" width=\"1440\" height=\"680\" data-wp-pid=\"5933\" srcset=\"https:\/\/moverdb.com\/wp-content\/uploads\/Caribbean-Moving-Services-international-moving-company.png 1440w, https:\/\/moverdb.com\/wp-content\/uploads\/Caribbean-Moving-Services-international-moving-company-300x142.png 300w, https:\/\/moverdb.com\/wp-content\/uploads\/Caribbean-Moving-Services-international-moving-company-1024x484.png 1024w, https:\/\/moverdb.com\/wp-content\/uploads\/Caribbean-Moving-Services-international-moving-company-18x9.png 18w, https:\/\/moverdb.com\/wp-content\/uploads\/Caribbean-Moving-Services-international-moving-company-600x283.png 600w\" sizes=\"auto, (max-width: 1440px) 100vw, 1440px\" \/><\/p>\n<ul>\n<li>Vietiniai perkraustymai<\/li>\n<li>Tarptautiniai perkraustymai<\/li>\n<li>Gyvenam\u0173j\u0173 nam\u0173 perkraustymai<\/li>\n<li>Biuro perkraustymai<\/li>\n<li>Pritaikytas perk\u0117limo planas<\/li>\n<li>Pakavimo paslauga<\/li>\n<li>I\u0161ardyti ir surinkti baldus<\/li>\n<li>Sausuma, j\u016bra ir oras<\/li>\n<li>Muitinis \u012fforminimas<\/li>\n<li>Sand\u0117liavimo patalpos<\/li>\n<\/ul>\n<p>\"Caribbean Moving Services\" yra Villemstado perkraustymo \u012fmon\u0117, priklausanti \u012fmoni\u0173 grupei, kuriai priklauso \"Caribbean Cargo Services\" ir \"G&amp;V Free Zone\". \u012emon\u0117 buvo \u012fkurta 1981 m. kaip krovini\u0173 gabenimo bendrov\u0117, o 1994 m. prad\u0117jo teikti perkraustymo paslaugas ir tapo did\u017eiausia perkraustymo bendrove saloje. Ji yra IAM nar\u0117, dirbanti 28 metus, ir yra akredituota FIDI.<\/p>\n<p>\"Caribbean Moving Services\" si\u016blo vieno langelio principu veikian\u010dias perkraustymo paslaugas, kurios prasideda nuo apklausos ir vieno kontaktinio asmens. Jie teikia profesionalias pakavimo paslaugas, \u012fskaitant bald\u0173 i\u0161montavim\u0105 ir saug\u0173 daikt\u0173 supakavim\u0105. Jie organizuoja transportavim\u0105 sausuma, j\u016bra ar oru, atlieka muitin\u0117s formalumus, tada supakuoja ir surenka baldus.<\/p>\n<p>Interneto svetain\u0117: <a href=\"https:\/\/www.cmscur.com\/\" target=\"_blank\" rel=\"noopener\">https:\/\/www.cmscur.com\/<\/a><\/p>","protected":false},"excerpt":{"rendered":"<p>Moving home or office can be stressful and time-consuming so getting some support from a moving or relocation company can help lighten your load and you can benefit from their experience. Below we have listed Curacao removal companies that are members of the International Association of Movers (IAM) and\/or FIDI Accredited International Mover (FAIM) who [&hellip;]<\/p>\n","protected":false},"author":4,"featured_media":0,"parent":190,"menu_order":0,"comment_status":"closed","ping_status":"closed","template":"","meta":{"_genesis_hide_title":false,"_genesis_hide_breadcrumbs":false,"_genesis_hide_singular_image":false,"_genesis_hide_footer_widgets":false,"_genesis_custom_body_class":"","_genesis_custom_post_class":"","_genesis_layout":"","footnotes":""},"class_list":{"0":"post-6022","1":"page","2":"type-page","3":"status-publish","5":"entry","6":"has-post-thumbnail"},"_links":{"self":[{"href":"https:\/\/moverdb.com\/lt\/wp-json\/wp\/v2\/pages\/6022","targetHints":{"allow":["GET"]}}],"collection":[{"href":"https:\/\/moverdb.com\/lt\/wp-json\/wp\/v2\/pages"}],"about":[{"href":"https:\/\/moverdb.com\/lt\/wp-json\/wp\/v2\/types\/page"}],"author":[{"embeddable":true,"href":"https:\/\/moverdb.com\/lt\/wp-json\/wp\/v2\/users\/4"}],"replies":[{"embeddable":true,"href":"https:\/\/moverdb.com\/lt\/wp-json\/wp\/v2\/comments?post=6022"}],"version-history":[{"count":1,"href":"https:\/\/moverdb.com\/lt\/wp-json\/wp\/v2\/pages\/6022\/revisions"}],"predecessor-version":[{"id":6023,"href":"https:\/\/moverdb.com\/lt\/wp-json\/wp\/v2\/pages\/6022\/revisions\/6023"}],"up":[{"embeddable":true,"href":"https:\/\/moverdb.com\/lt\/wp-json\/wp\/v2\/pages\/190"}],"wp:attachment":[{"href":"https:\/\/moverdb.com\/lt\/wp-json\/wp\/v2\/media?parent=6022"}],"curies":[{"name":"wp","href":"https:\/\/api.w.org\/{rel}","templated":true}]}}