{"id":6015,"date":"2023-02-01T13:48:20","date_gmt":"2023-02-01T13:48:20","guid":{"rendered":"https:\/\/moverdb.com\/?page_id=6015"},"modified":"2026-01-08T15:29:16","modified_gmt":"2026-01-08T15:29:16","slug":"persikraustymo-kompanijos-kosta-rica","status":"publish","type":"page","link":"https:\/\/moverdb.com\/lt\/moving-companies\/moving-companies-costa-rica\/","title":{"rendered":"6 Geriausios tarptautin\u0117s perkraustymo \u012fmon\u0117s Kosta Rikoje"},"content":{"rendered":"<p>Ar persikeliate \u012f arba i\u0161 <a href=\"https:\/\/moverdb.com\/lt\/moving-to-costa-rica\/\" data-internallinksmanager029f6b8e52c=\"427\" title=\"Persik\u0117limas \u012f Kosta Rik\u0105? 2023 Gyvenimo i\u0161laidos ir persik\u0117limo patarimai\">Kosta Rika<\/a>ar persikraustyti \u012f Kosta Rik\u0105? Tuomet jums gali b\u016bti naudinga pagalba perve\u017eant visus daiktus, nes tai gali b\u016bti sud\u0117tinga, ypa\u010d jei kraustot\u0117s \u012f kitas \u0161alis. Toliau pateikiame Kosta Rikos <a href=\"https:\/\/moverdb.com\/lt\/international-removals\/\" data-internallinksmanager029f6b8e52c=\"27\" title=\"36 geriausios tarptautinio perkraustymo \u012fmon\u0117s Jungtin\u0117je Karalyst\u0117je\">perkraustymo \u012fmon\u0117s<\/a> kurie yra <a href=\"https:\/\/moverdb.com\/lt\/iam\/\" data-internallinksmanager029f6b8e52c=\"23\" title=\"Tarptautin\u0117s perkraustytoj\u0173 asociacijos (IAM) paai\u0161kinimai\">Tarptautin\u0117 perkraustytoj\u0173 asociacija<\/a> (IAM) ir (arba) <a href=\"https:\/\/moverdb.com\/lt\/fidi-faim\/\" data-internallinksmanager029f6b8e52c=\"16\" title=\"FIDI ir FAIM (FIDI akredituotas tarptautinis perve\u017e\u0117jas) paai\u0161kinimai\">FIDI<\/a> Akredituoti tarptautiniai perkraustymo paslaug\u0173 teik\u0117jai (FAIM), kurie gal\u0117t\u0173 jums pad\u0117ti.<\/p>\n<div id=\"ez-toc-container\" class=\"ez-toc-v2_0_83 ez-toc-wrap-left counter-hierarchy ez-toc-counter ez-toc-transparent ez-toc-container-direction\">\n<div class=\"ez-toc-title-container\">\n<p class=\"ez-toc-title\" style=\"cursor:inherit\">Skyriai<\/p>\n<span class=\"ez-toc-title-toggle\"><a href=\"#\" class=\"ez-toc-pull-right ez-toc-btn ez-toc-btn-xs ez-toc-btn-default ez-toc-toggle\" aria-label=\"Perjungti turinio lentel\u0119\"><span class=\"ez-toc-js-icon-con\"><span class=\"\"><span class=\"eztoc-hide\" style=\"display:none;\">Perjungti<\/span><span class=\"ez-toc-icon-toggle-span\"><svg style=\"fill: #999;color:#999\" xmlns=\"http:\/\/www.w3.org\/2000\/svg\" class=\"list-377408\" width=\"20px\" height=\"20px\" viewbox=\"0 0 24 24\" fill=\"none\"><path d=\"M6 6H4v2h2V6zm14 0H8v2h12V6zM4 11h2v2H4v-2zm16 0H8v2h12v-2zM4 16h2v2H4v-2zm16 0H8v2h12v-2z\" fill=\"currentColor\"><\/path><\/svg><svg style=\"fill: #999;color:#999\" class=\"arrow-unsorted-368013\" xmlns=\"http:\/\/www.w3.org\/2000\/svg\" width=\"10px\" height=\"10px\" viewbox=\"0 0 24 24\" version=\"1.2\" baseprofile=\"tiny\"><path d=\"M18.2 9.3l-6.2-6.3-6.2 6.3c-.2.2-.3.4-.3.7s.1.5.3.7c.2.2.4.3.7.3h11c.3 0 .5-.1.7-.3.2-.2.3-.5.3-.7s-.1-.5-.3-.7zM5.8 14.7l6.2 6.3 6.2-6.3c.2-.2.3-.5.3-.7s-.1-.5-.3-.7c-.2-.2-.4-.3-.7-.3h-11c-.3 0-.5.1-.7.3-.2.2-.3.5-.3.7s.1.5.3.7z\"\/><\/svg><\/span><\/span><\/span><\/a><\/span><\/div>\n<nav><ul class='ez-toc-list ez-toc-list-level-1 eztoc-toggle-hide-by-default' ><li class='ez-toc-page-1 ez-toc-heading-level-2'><a class=\"ez-toc-link ez-toc-heading-1\" href=\"https:\/\/moverdb.com\/lt\/moving-companies\/moving-companies-costa-rica\/#1_Allianz_Moving\" >1. Allianz Moving<\/a><\/li><li class='ez-toc-page-1 ez-toc-heading-level-2'><a class=\"ez-toc-link ez-toc-heading-2\" href=\"https:\/\/moverdb.com\/lt\/moving-companies\/moving-companies-costa-rica\/#2_Gateway_Moving_and_Relocation\" >2. \"Gateway\" perkraustymas ir perk\u0117limas<\/a><\/li><li class='ez-toc-page-1 ez-toc-heading-level-2'><a class=\"ez-toc-link ez-toc-heading-3\" href=\"https:\/\/moverdb.com\/lt\/moving-companies\/moving-companies-costa-rica\/#3_Inter_Moves_SG_Global\" >3. \"Inter Moves SG Global<\/a><\/li><li class='ez-toc-page-1 ez-toc-heading-level-2'><a class=\"ez-toc-link ez-toc-heading-4\" href=\"https:\/\/moverdb.com\/lt\/moving-companies\/moving-companies-costa-rica\/#4_Mudanzas_Mundiales\" >4. Mudanzas Mundiales<\/a><\/li><li class='ez-toc-page-1 ez-toc-heading-level-2'><a class=\"ez-toc-link ez-toc-heading-5\" href=\"https:\/\/moverdb.com\/lt\/moving-companies\/moving-companies-costa-rica\/#5_Multimodal\" >5. Multimodalinis<\/a><\/li><li class='ez-toc-page-1 ez-toc-heading-level-2'><a class=\"ez-toc-link ez-toc-heading-6\" href=\"https:\/\/moverdb.com\/lt\/moving-companies\/moving-companies-costa-rica\/#6_Winmovers\" >6. Winmovers<\/a><\/li><li class='ez-toc-page-1 ez-toc-heading-level-2'><a class=\"ez-toc-link ez-toc-heading-7\" href=\"https:\/\/moverdb.com\/lt\/moving-companies\/moving-companies-costa-rica\/#Other_Useful_Guides_to_Costa_Rica\" >Kiti naudingi Kosta Rikos gidai<\/a><\/li><\/ul><\/nav><\/div>\n<h2><span class=\"ez-toc-section\" id=\"1_Allianz_Moving\"><\/span><strong>1. Allianz Moving<\/strong><span class=\"ez-toc-section-end\"><\/span><\/h2>\n<p><img loading=\"lazy\" decoding=\"async\" class=\"alignnone size-full wp-image-5925\" src=\"https:\/\/moverdb.com\/wp-content\/uploads\/Allianz-Moving-international-moving-company.png\" alt=\"&quot;Allianz Moving&quot; tarptautin\u0117 perkraustymo \u012fmon\u0117\" width=\"1440\" height=\"684\" data-wp-pid=\"5925\" srcset=\"https:\/\/moverdb.com\/wp-content\/uploads\/Allianz-Moving-international-moving-company.png 1440w, https:\/\/moverdb.com\/wp-content\/uploads\/Allianz-Moving-international-moving-company-300x143.png 300w, https:\/\/moverdb.com\/wp-content\/uploads\/Allianz-Moving-international-moving-company-1024x486.png 1024w, https:\/\/moverdb.com\/wp-content\/uploads\/Allianz-Moving-international-moving-company-18x9.png 18w, https:\/\/moverdb.com\/wp-content\/uploads\/Allianz-Moving-international-moving-company-600x285.png 600w\" sizes=\"auto, (max-width: 1440px) 100vw, 1440px\" \/><\/p>\n<ul>\n<li>Vietiniai ir nacionaliniai perkraustymai<\/li>\n<li>Tarptautiniai perkraustymai<\/li>\n<li>Perkraustymo paslaugos<\/li>\n<li>Gyvenam\u0173j\u0173 nam\u0173 perkraustymai<\/li>\n<li>Biuro perkraustymai<\/li>\n<li>Pakavimo paslauga<\/li>\n<li>Draudimas<\/li>\n<li>Gyv\u016bn\u0173 jud\u0117jimas<\/li>\n<li><a href=\"https:\/\/moverdb.com\/lt\/car-transport-shipping\/\" data-internallinksmanager029f6b8e52c=\"2\" title=\"2026 Tarptautinio automobili\u0173 transporto ir transporto priemoni\u0173 gabenimo citatos\">Automobili\u0173 gabenimas<\/a><\/li>\n<li>Sand\u0117liavimo patalpos<\/li>\n<\/ul>\n<p>\"Allianz Moving\" yra tarptautinio perkraustymo sprendim\u0173 teik\u0117ja, turinti daugiau nei 20 met\u0173 patirties atliekant vietinius ir pasaulinius perkraustymus. Jie teikia tarptautinio perkraustymo paslaugas per savo pasaulin\u012f perkraustymo partneri\u0173 tinkl\u0105. Jie yra IAM nariai, dirbantys 7 metus.<\/p>\n<p>\"Allianz Moving\" atlieka apklaus\u0105 prie\u0161 persikraustym\u0105, kad \u012fvertint\u0173 j\u016bs\u0173 poreikius ir pateikt\u0173 pasi\u016blym\u0105. Jie suteiks jums pakavimo paslaug\u0105, kuri apsaugos j\u016bs\u0173 daiktus, ir pasir\u016bpins j\u016bs\u0173 daikt\u0173 gabenimu, \u012fskaitant muitin\u0117s formalumus. Jie taip pat teikia papildomas tarptautinio perkraustymo paslaugas, susijusias su naminiais gyv\u016bnais ir automobiliais, taip pat trumpalaikio ir ilgalaikio saugojimo paslaugas.<\/p>\n<p>Interneto svetain\u0117: <a href=\"http:\/\/www.allianzmoving.com\" target=\"_blank\" rel=\"noopener\">http:\/\/www.allianzmoving.com<\/a><\/p>\n<h2><span class=\"ez-toc-section\" id=\"2_Gateway_Moving_and_Relocation\"><\/span><strong>2. \"Gateway\" perkraustymas ir perk\u0117limas<\/strong><span class=\"ez-toc-section-end\"><\/span><\/h2>\n<p><img loading=\"lazy\" decoding=\"async\" class=\"alignnone size-full wp-image-5949\" src=\"https:\/\/moverdb.com\/wp-content\/uploads\/Gateway-Moving-and-Relocation-international-moving-company.png\" alt=\"&quot;Gateway Moving and Relocation&quot; tarptautin\u0117 perkraustymo \u012fmon\u0117\" width=\"1440\" height=\"683\" data-wp-pid=\"5949\" srcset=\"https:\/\/moverdb.com\/wp-content\/uploads\/Gateway-Moving-and-Relocation-international-moving-company.png 1440w, https:\/\/moverdb.com\/wp-content\/uploads\/Gateway-Moving-and-Relocation-international-moving-company-300x142.png 300w, https:\/\/moverdb.com\/wp-content\/uploads\/Gateway-Moving-and-Relocation-international-moving-company-1024x486.png 1024w, https:\/\/moverdb.com\/wp-content\/uploads\/Gateway-Moving-and-Relocation-international-moving-company-18x9.png 18w, https:\/\/moverdb.com\/wp-content\/uploads\/Gateway-Moving-and-Relocation-international-moving-company-600x285.png 600w\" sizes=\"auto, (max-width: 1440px) 100vw, 1440px\" \/><\/p>\n<ul>\n<li>Vietiniai ir nacionaliniai perkraustymai<\/li>\n<li>Tarptautiniai perkraustymai<\/li>\n<li>Gyvenam\u0173j\u0173 nam\u0173 perkraustymai<\/li>\n<li>Pramon\u0117s ir biur\u0173 perk\u0117limai<\/li>\n<li>Pritaikyti judantys paketai<\/li>\n<li>Pakavimo paslaugos ir \u012fpakavimas<\/li>\n<li>Auk\u0161tos kokyb\u0117s \u012franga<\/li>\n<li>Muitin\u0117s tarpininkavimas<\/li>\n<li>Transporto priemoni\u0173 gabenimas<\/li>\n<li>Sand\u0117liavimo patalpos<\/li>\n<\/ul>\n<p>\"Gateway Moving and Relocation\" yra \u0161eimai priklausanti perkraustymo ir perk\u0117limo \u012fmon\u0117, \u012fsik\u016brusi <a href=\"https:\/\/moverdb.com\/lt\/moving-to-san-jose\/\" data-internallinksmanager029f6b8e52c=\"64\" title=\"Persik\u0117limas \u012f San Chos\u0117? 2022 Gyvenimo i\u0161laidos ir persik\u0117limo patarimai\">San Chos\u0117<\/a> su biuru <a href=\"https:\/\/moverdb.com\/lt\/moving-companies\/moving-companies-nicaragua\/\" data-internallinksmanager029f6b8e52c=\"278\" title=\"Geriausios tarptautin\u0117s perkraustymo bendrov\u0117s Nikaragvoje\">Nikaragva<\/a>. Jie bendradarbiauja su kitais perkraustymo agentais visame pasaulyje ir teikia tarptautines paslaugas. Jie yra IAM nariai, dirbantys 6 metus.<\/p>\n<p>\"Gateway Moving and Relocation\" si\u016blo individualius, j\u016bs\u0173 poreikius atitinkan\u010dius perkraustymo paketus. Jie suteiks pakavimo paslaugas, kurios apsaugos j\u016bs\u0173 daiktus, kol jie bus gabenami. <a href=\"https:\/\/moverdb.com\/lt\/moving-to-china\/\" data-internallinksmanager029f6b8e52c=\"357\" title=\"Persik\u0117limas \u012f Kinij\u0105? 2023 m. pragyvenimo i\u0161laidos ir persik\u0117limo patarimai\">Kinija<\/a> muzikos instrumentus ir dideli\u0173 gabarit\u0173 baldus. Jie teikia muitin\u0117s tarpininko paslaugas, transporto priemoni\u0173 gabenimo ir saugojimo paslaugas prie\u0161 arba po persikraustymo.<\/p>\n<p>Interneto svetain\u0117: <a href=\"https:\/\/www.gatewaymovingcr.com\" target=\"_blank\" rel=\"noopener\">https:\/\/www.gatewaymovingcr.com<\/a><\/p>\n<h2><span class=\"ez-toc-section\" id=\"3_Inter_Moves_SG_Global\"><\/span><strong>3. \"Inter Moves SG Global<\/strong><span class=\"ez-toc-section-end\"><\/span><\/h2>\n<p><img loading=\"lazy\" decoding=\"async\" class=\"alignnone size-full wp-image-5959\" src=\"https:\/\/moverdb.com\/wp-content\/uploads\/Inter-Moves-SG-Global-international-moving-company.png\" alt=\"&quot;Inter Moves SG&quot; Pasaulin\u0117 tarptautin\u0117 perkraustymo \u012fmon\u0117\" width=\"1440\" height=\"684\" data-wp-pid=\"5959\" srcset=\"https:\/\/moverdb.com\/wp-content\/uploads\/Inter-Moves-SG-Global-international-moving-company.png 1440w, https:\/\/moverdb.com\/wp-content\/uploads\/Inter-Moves-SG-Global-international-moving-company-300x143.png 300w, https:\/\/moverdb.com\/wp-content\/uploads\/Inter-Moves-SG-Global-international-moving-company-1024x486.png 1024w, https:\/\/moverdb.com\/wp-content\/uploads\/Inter-Moves-SG-Global-international-moving-company-18x9.png 18w, https:\/\/moverdb.com\/wp-content\/uploads\/Inter-Moves-SG-Global-international-moving-company-600x285.png 600w\" sizes=\"auto, (max-width: 1440px) 100vw, 1440px\" \/><\/p>\n<ul>\n<li>Vietiniai ir nacionaliniai perkraustymai<\/li>\n<li>Tarptautiniai perkraustymai<\/li>\n<li>Nam\u0173 \u016bkio perkraustymai<\/li>\n<li>Biur\u0173 perk\u0117limai<\/li>\n<li>Pakavimo paslaugos<\/li>\n<li>Muitin\u0117s tarpininkas<\/li>\n<li>Antikvarini\u0173 daikt\u0173 ir meno k\u016brini\u0173 perkraustymas<\/li>\n<li>Transporto priemoni\u0173 transportavimas<\/li>\n<li>Draudimo galimyb\u0117s<\/li>\n<li>Sand\u0117liavimo patalpos<\/li>\n<\/ul>\n<p>\"Inter Moves SG Global\" yra 2001 m. \u012fkurta krovini\u0173 ekspedijavimo ir tarptautinio perkraustymo paslaug\u0173 teik\u0117ja. Ji si\u016blo vietinio, nacionalinio ir tarptautinio perkraustymo paslaugas nam\u0173 \u016bkiams ir biurams. Jie yra IAM nariai, dirbantys 21 metus.<\/p>\n<p>\"Inter Moves SG Global\" si\u016blo profesionalias perkraustymo paslaugas, kurios supakuos j\u016bs\u0173 daiktus ir pasir\u016bpins j\u0173 pakrovimu \u012f konteinerius ir d\u0117\u017ees, taip pat transportavimu \u012f paskirties viet\u0105, \u012fskaitant muitin\u0117s tarpininkavim\u0105. Jie si\u016blo draudimo tarpininkavimo paslaugas, kad surast\u0173 geriausi\u0105 draudimo apsaug\u0105 j\u016bs\u0173 persikraustymui. Jie netgi teikia nakvyn\u0117s ir pusry\u010di\u0173 vie\u0161bu\u010dio paslaugas persikraustantiems asmenims, kuriems reikia laikinos nakvyn\u0117s.<\/p>\n<p>Interneto svetain\u0117: <a href=\"http:\/\/www.InterMoves-SGCR.com\" target=\"_blank\" rel=\"noopener\">http:\/\/www.InterMoves-SGCR.com<\/a><\/p>\n<h2><span class=\"ez-toc-section\" id=\"4_Mudanzas_Mundiales\"><\/span><strong>4. Mudanzas Mundiales<\/strong><span class=\"ez-toc-section-end\"><\/span><\/h2>\n<p><img loading=\"lazy\" decoding=\"async\" class=\"alignnone size-full wp-image-5981\" src=\"https:\/\/moverdb.com\/wp-content\/uploads\/Mudanzas-Mundiales-international-moving-company.png\" alt=\"Mudanzas Mundiales tarptautin\u0117 perkraustymo \u012fmon\u0117\" width=\"1440\" height=\"680\" data-wp-pid=\"5981\" srcset=\"https:\/\/moverdb.com\/wp-content\/uploads\/Mudanzas-Mundiales-international-moving-company.png 1440w, https:\/\/moverdb.com\/wp-content\/uploads\/Mudanzas-Mundiales-international-moving-company-300x142.png 300w, https:\/\/moverdb.com\/wp-content\/uploads\/Mudanzas-Mundiales-international-moving-company-1024x484.png 1024w, https:\/\/moverdb.com\/wp-content\/uploads\/Mudanzas-Mundiales-international-moving-company-18x9.png 18w, https:\/\/moverdb.com\/wp-content\/uploads\/Mudanzas-Mundiales-international-moving-company-600x283.png 600w\" sizes=\"auto, (max-width: 1440px) 100vw, 1440px\" \/><\/p>\n<ul>\n<li>Tarptautiniai perkraustymai<\/li>\n<li>Gyvenam\u0173j\u0173 nam\u0173 perkraustymai<\/li>\n<li>Komerciniai perkraustymai<\/li>\n<li>Perkraustymo paslaugos<\/li>\n<li>Profesionalios pakavimo paslaugos<\/li>\n<li>Transportavimas sausuma, j\u016bra arba oru<\/li>\n<li>Muitin\u0117s tarpininkas<\/li>\n<li>Meno k\u016brini\u0173 gabenimas<\/li>\n<li>Gyv\u016bn\u0173 augintini\u0173 ve\u017eimas<\/li>\n<li>Sand\u0117liavimo patalpos<\/li>\n<\/ul>\n<p>\"Mudanzas Mundiales\" yra perkraustymo \u012fmon\u0117, turinti daugiau kaip 60 met\u0173 patirt\u012f integruotos logistikos ir tarptautin\u0117s prekybos srityje. Ji turi biurus San Chos\u0117 ir Nikaragvoje. Ji yra IAM nar\u0117, dirbanti 53 metus ir akredituota FIDI.<\/p>\n<p>\"Mudanzas Mundiales\" si\u016blo individual\u0173 po\u017ei\u016br\u012f \u012f persikraustym\u0105, teikia paslaugas nuo dur\u0173 iki dur\u0173, \u012fskaitant pakavimo paslaugas naudojant auk\u0161\u010diausios kokyb\u0117s med\u017eiagas, i\u0161pakavim\u0105 ir bald\u0173 i\u0161d\u0117stym\u0105. Jie pasir\u016bpins perve\u017eimu sausuma, j\u016bra ar oru, muitin\u0117s tarpininkavimu ir draudimu. Perkraustymo paslaugos pad\u0117s jums orientuotis, susirasti namus ir mokykl\u0105, suteiks atvykimo paslaugas, pad\u0117s mokyti kalbos ir kult\u016bros.<\/p>\n<p>Interneto svetain\u0117: <a href=\"http:\/\/mudanzasmundiales.com\" target=\"_blank\" rel=\"noopener\">http:\/\/mudanzasmundiales.com<\/a><\/p>\n<h2><span class=\"ez-toc-section\" id=\"5_Multimodal\"><\/span><strong>5. Multimodalinis<\/strong><span class=\"ez-toc-section-end\"><\/span><\/h2>\n<p><img loading=\"lazy\" decoding=\"async\" class=\"alignnone size-full wp-image-5984\" src=\"https:\/\/moverdb.com\/wp-content\/uploads\/Multimodal-international-moving-company.png\" alt=\"Multimodalinis tarptautinis jud\u0117jimas \u012fmon\u0117\" width=\"1440\" height=\"680\" data-wp-pid=\"5984\" srcset=\"https:\/\/moverdb.com\/wp-content\/uploads\/Multimodal-international-moving-company.png 1440w, https:\/\/moverdb.com\/wp-content\/uploads\/Multimodal-international-moving-company-300x142.png 300w, https:\/\/moverdb.com\/wp-content\/uploads\/Multimodal-international-moving-company-1024x484.png 1024w, https:\/\/moverdb.com\/wp-content\/uploads\/Multimodal-international-moving-company-18x9.png 18w, https:\/\/moverdb.com\/wp-content\/uploads\/Multimodal-international-moving-company-600x283.png 600w\" sizes=\"auto, (max-width: 1440px) 100vw, 1440px\" \/><\/p>\n<ul>\n<li>Tarptautiniai perkraustymai<\/li>\n<li>Gyvenam\u0173j\u0173 nam\u0173 perkraustymai<\/li>\n<li>Biuro perkraustymai<\/li>\n<li>siunt\u0173 tvarkymas ir steb\u0117jimas<\/li>\n<li>Sausumos, j\u016br\u0173 ir oro transportas<\/li>\n<li>Muitin\u0117s tarpininkavimas<\/li>\n<li>Krovini\u0173 draudimas<\/li>\n<li>Gyv\u016bn\u0173 augintini\u0173 ve\u017eimas<\/li>\n<li>Transporto priemoni\u0173 transportavimas<\/li>\n<li>Sand\u0117liavimo patalpos<\/li>\n<\/ul>\n<p>\"Multimodal\" yra specializuota tarptautin\u0117s prekybos ir muitin\u0117s paslaug\u0173 teik\u0117ja, teikianti perkraustymo paslaugas Kosta Rikoje ir Nikaragvoje. \u012emon\u0117 buvo \u012fkurta 1999 m. ir daugiausia si\u016bl\u0117 krovini\u0173 gabenimo oro transportu paslaugas, ta\u010diau v\u0117liau i\u0161pl\u0117t\u0117 savo veikl\u0105 ir pasi\u016bl\u0117 visas transporto priemones. Ji yra IAM nar\u0117, dirbanti 37 metus ir bendradarbiaujanti su kitomis agent\u016bromis, kad gal\u0117t\u0173 teikti paslaugas tarptautiniu mastu.<\/p>\n<p>\"Multimodal\" si\u016blo saugi\u0105 ir patikim\u0105 perkraustymo paslaug\u0105, kuri bus be komplikacij\u0173 ir nereikaling\u0173 i\u0161laid\u0173. Jie teikia profesionalias pakavimo paslaugas, kad j\u016bs\u0173 daiktai b\u016bt\u0173 saugiai gabenami, ir pasir\u016bpins perve\u017eimu sausuma, j\u016bra ar oru, taip pat muitin\u0117s tarpininkavimo paslaugomis.<\/p>\n<p>Interneto svetain\u0117: <a href=\"http:\/\/www.multimodalcr.com\" target=\"_blank\" rel=\"noopener\">http:\/\/www.multimodalcr.com<\/a><\/p>\n<h2><span class=\"ez-toc-section\" id=\"6_Winmovers\"><\/span><strong>6. Winmovers<\/strong><span class=\"ez-toc-section-end\"><\/span><\/h2>\n<p><img loading=\"lazy\" decoding=\"async\" class=\"alignnone size-full wp-image-6016\" src=\"https:\/\/moverdb.com\/wp-content\/uploads\/Winmovers-international-moving-company.png\" alt=\"&quot;Winmovers&quot; tarptautin\u0117 judanti \u012fmon\u0117\" width=\"1440\" height=\"678\" data-wp-pid=\"6016\" srcset=\"https:\/\/moverdb.com\/wp-content\/uploads\/Winmovers-international-moving-company.png 1440w, https:\/\/moverdb.com\/wp-content\/uploads\/Winmovers-international-moving-company-300x141.png 300w, https:\/\/moverdb.com\/wp-content\/uploads\/Winmovers-international-moving-company-1024x482.png 1024w, https:\/\/moverdb.com\/wp-content\/uploads\/Winmovers-international-moving-company-18x8.png 18w, https:\/\/moverdb.com\/wp-content\/uploads\/Winmovers-international-moving-company-600x283.png 600w\" sizes=\"auto, (max-width: 1440px) 100vw, 1440px\" \/><\/p>\n<ul>\n<li>Vietiniai ir nacionaliniai perkraustymai<\/li>\n<li>Tarptautiniai perkraustymai<\/li>\n<li>Nam\u0173 \u016bkio perkraustymai<\/li>\n<li>Verslo \u017eingsniai<\/li>\n<li>Paslauga \"nuo dur\u0173 iki dur\u0173<\/li>\n<li>Profesionalios pakavimo paslaugos<\/li>\n<li>Pramonin\u0117 pakuot\u0117<\/li>\n<li>Sausumos, oro ir j\u016br\u0173 transportas<\/li>\n<li>Special\u016bs daiktai, pavyzd\u017eiui, pianinas ir kompiuterin\u0117 \u012franga.<\/li>\n<li>\u012evairus sunkve\u017eimi\u0173 parkas<\/li>\n<\/ul>\n<p>\"Winmovers\" yra tarptautin\u0117 ir vietin\u0117 perkraustymo paslaug\u0173 teik\u0117ja, \u012fkurta 2003 m. Ji yra IAM nar\u0117, dirbanti 19 met\u0173 ir akredituota FIDI. Jie turi plat\u0173 ir \u012fvair\u0173 sunkve\u017eimi\u0173 park\u0105, atitinkant\u012f \u012fvairius perve\u017eimo poreikius.<\/p>\n<p>\"Winmovers\" si\u016blo \"nuo dur\u0173 iki dur\u0173\" paslaug\u0105, kuri apima profesionalias pakavimo paslaugas, kurias teikia apmokyti darbuotojai, apsaugantys j\u016bs\u0173 daiktus \u012fvairiomis pakavimo med\u017eiagomis, pvz., d\u0117\u017e\u0117mis, u\u017evalkalais ir antklod\u0117mis. Jie taip pat patys kuria sertifikuotas medines d\u0117\u017ees. Jie organizuos j\u016bs\u0173 daikt\u0173 gabenim\u0105 sausuma, oru arba j\u016bra.<\/p>\n<p>Interneto svetain\u0117: <a href=\"http:\/\/www.winmovers.com\" target=\"_blank\" rel=\"noopener\">http:\/\/www.winmovers.com<\/a><\/p>\n<h2><span class=\"ez-toc-section\" id=\"Other_Useful_Guides_to_Costa_Rica\"><\/span>Kiti naudingi Kosta Rikos gidai<span class=\"ez-toc-section-end\"><\/span><\/h2>\n<ul>\n<li> <a href=\"https:\/\/moverdb.com\/lt\/konteineriu-kroviniu-gabenimas\/kosta-rika\/\">2024 J\u016br\u0173 krovini\u0173 gabenimo konteineriais \u012f Kosta Rik\u0105 ir i\u0161 jos \u012fkainiai<\/a><\/li>\n<li> <a href=\"https:\/\/moverdb.com\/lt\/moving-to-costa-rica\/\">Persik\u0117limas \u012f Kosta Rik\u0105? 2023 Gyvenimo i\u0161laidos ir persik\u0117limo patarimai<\/a><\/li>\n<li> <a href=\"https:\/\/moverdb.com\/lt\/moving-to-costa-rica\/living-in-costa-rica\/\">21 paslaptis apie gyvenim\u0105 Kosta Rikoje, kurias reikia \u017einoti prie\u0161 persikeliant<\/a><\/li>\n<\/ul>","protected":false},"excerpt":{"rendered":"<p>Are you moving to or from Costa Rica, or moving within Costa Rica? Then you might be interested in some help moving all of your belongings as it can be complex especially if you are moving countries. Below we have compiled a list of Costa Rican removal companies that are members of the International Association [&hellip;]<\/p>\n","protected":false},"author":4,"featured_media":0,"parent":190,"menu_order":0,"comment_status":"closed","ping_status":"closed","template":"","meta":{"_genesis_hide_title":false,"_genesis_hide_breadcrumbs":false,"_genesis_hide_singular_image":false,"_genesis_hide_footer_widgets":false,"_genesis_custom_body_class":"","_genesis_custom_post_class":"","_genesis_layout":"","footnotes":""},"class_list":{"0":"post-6015","1":"page","2":"type-page","3":"status-publish","5":"entry","6":"has-post-thumbnail"},"_links":{"self":[{"href":"https:\/\/moverdb.com\/lt\/wp-json\/wp\/v2\/pages\/6015","targetHints":{"allow":["GET"]}}],"collection":[{"href":"https:\/\/moverdb.com\/lt\/wp-json\/wp\/v2\/pages"}],"about":[{"href":"https:\/\/moverdb.com\/lt\/wp-json\/wp\/v2\/types\/page"}],"author":[{"embeddable":true,"href":"https:\/\/moverdb.com\/lt\/wp-json\/wp\/v2\/users\/4"}],"replies":[{"embeddable":true,"href":"https:\/\/moverdb.com\/lt\/wp-json\/wp\/v2\/comments?post=6015"}],"version-history":[{"count":2,"href":"https:\/\/moverdb.com\/lt\/wp-json\/wp\/v2\/pages\/6015\/revisions"}],"predecessor-version":[{"id":18296,"href":"https:\/\/moverdb.com\/lt\/wp-json\/wp\/v2\/pages\/6015\/revisions\/18296"}],"up":[{"embeddable":true,"href":"https:\/\/moverdb.com\/lt\/wp-json\/wp\/v2\/pages\/190"}],"wp:attachment":[{"href":"https:\/\/moverdb.com\/lt\/wp-json\/wp\/v2\/media?parent=6015"}],"curies":[{"name":"wp","href":"https:\/\/api.w.org\/{rel}","templated":true}]}}