{"id":5575,"date":"2022-11-24T01:39:45","date_gmt":"2022-11-24T01:39:45","guid":{"rendered":"https:\/\/moverdb.com\/?page_id=5575"},"modified":"2026-01-08T14:38:40","modified_gmt":"2026-01-08T14:38:40","slug":"us-virgin-islands","status":"publish","type":"page","link":"https:\/\/moverdb.com\/lt\/container-shipping\/us-virgin-islands\/","title":{"rendered":"2023 m. J\u016br\u0173 krovini\u0173 gabenimo konteineriais \u012f JAV Mergeli\u0173 salas ir i\u0161 j\u0173 \u012fkainiai"},"content":{"rendered":"<div class=\"wp-block-image\">\n<figure class=\"aligncenter size-full\"><img loading=\"lazy\" decoding=\"async\" width=\"1000\" height=\"667\" src=\"https:\/\/moverdb.com\/wp-content\/uploads\/us-virgin-islands.jpg\" alt=\"Karib\u0173 j\u016bros salos \u0160ventojo Tomo, JAV Mergeli\u0173 sal\u0173, panoraminis vaizdas\" class=\"wp-image-5558\" srcset=\"https:\/\/moverdb.com\/wp-content\/uploads\/us-virgin-islands.jpg 1000w, https:\/\/moverdb.com\/wp-content\/uploads\/us-virgin-islands-300x200.jpg 300w, https:\/\/moverdb.com\/wp-content\/uploads\/us-virgin-islands-18x12.jpg 18w, https:\/\/moverdb.com\/wp-content\/uploads\/us-virgin-islands-600x400.jpg 600w\" sizes=\"auto, (max-width: 1000px) 100vw, 1000px\" \/><\/figure>\n<\/div>\n\n\n<p>The<strong> <a href=\"https:\/\/moverdb.com\/lt\/moving-to-the-us-virgin-islands\/\" data-internallinksmanager029f6b8e52c=\"386\" title=\"Persik\u0117limas \u012f JAV Mergeli\u0173 salas? 2023 m. pragyvenimo i\u0161laidos\">JAV Mergeli\u0173 salos<\/a><\/strong> puikiai tinka visiems, kurie gali sau leisti pasitraukti \u012f i\u0161skirtin\u0119 viet\u0105 ir gyventi svajoni\u0173 gyvenim\u0105 saloje.<\/p>\n\n\n\n<p>\u0160i\u0105 ma\u017e\u0105 JAV teritorij\u0105 Karib\u0173 j\u016bros regione sudaro 53 salos, i\u0161 kuri\u0173 4 yra daugiausia apgyvendintos (Sent Krouksas, Sent Tomas, Sent D\u017eonas ir Vaterio sala).<\/p>\n\n\n\n<p>\u0160is ma\u017eytis rojus - tai puiki galimyb\u0117 auk\u0161tesnio gyvenimo lygio norintiems gyventojams, nes salose yra daug prabangi\u0173 apgyvendinimo ir pramog\u0173 galimybi\u0173.<\/p>\n\n\n\n<p>Ta\u010diau buities daikt\u0173 gabenimas gali b\u016bti \u0161iek tiek sud\u0117tingas. Nors kruizininkai da\u017enai matomi salose <a href=\"https:\/\/moverdb.com\/lt\/top-49-container-ports\/\" data-internallinksmanager029f6b8e52c=\"80\" title=\"49 did\u017eiausi ir labiausiai apkrauti konteineri\u0173 uostai 2025 m.\">prievadai<\/a>, krovininiai laineriai - retas rei\u0161kinys.<\/p>\n\n\n\n<p>Bet kuriuo atveju yra keletas galimybi\u0173, kurias i\u0161vardijome toliau pateiktose lentel\u0117se. Nedvejodami patikrinkite ir m\u016bs\u0173 kain\u0173 nustatymo \u012frank\u012f ir u\u017epildykite savo duomenis, kad gautum\u0117te individual\u0173 pasi\u016blym\u0105.<\/p>\n\n\n\n<h2 class=\"wp-block-heading\">Konteineri\u0173 gabenimo \u012f JAV Mergeli\u0173 salas (St Croix) i\u0161laidos<\/h2>\n\n\n<div class=\"wp-block-image\">\n<figure class=\"aligncenter size-large\"><img loading=\"lazy\" decoding=\"async\" width=\"1024\" height=\"539\" src=\"https:\/\/moverdb.com\/wp-content\/uploads\/Shipping-Container-Costs-to-US-Virgin-Islands-1024x539.png\" alt=\"Konteineri\u0173 gabenimo \u012f JAV Mergeli\u0173 salas (St Croix) i\u0161laidos\" class=\"wp-image-5561\" srcset=\"https:\/\/moverdb.com\/wp-content\/uploads\/Shipping-Container-Costs-to-US-Virgin-Islands-1024x539.png 1024w, https:\/\/moverdb.com\/wp-content\/uploads\/Shipping-Container-Costs-to-US-Virgin-Islands-300x158.png 300w, https:\/\/moverdb.com\/wp-content\/uploads\/Shipping-Container-Costs-to-US-Virgin-Islands-1536x809.png 1536w, https:\/\/moverdb.com\/wp-content\/uploads\/Shipping-Container-Costs-to-US-Virgin-Islands-18x9.png 18w, https:\/\/moverdb.com\/wp-content\/uploads\/Shipping-Container-Costs-to-US-Virgin-Islands-600x316.png 600w, https:\/\/moverdb.com\/wp-content\/uploads\/Shipping-Container-Costs-to-US-Virgin-Islands.png 2000w\" sizes=\"auto, (max-width: 1024px) 100vw, 1024px\" \/><\/figure>\n<\/div>\n\n\n<table id=\"tablepress-231\" class=\"tablepress tablepress-id-231\">\n<thead>\n<tr class=\"row-1\">\n\t<th class=\"column-1\">Paskirties \u0161alis (uostas \/ miestas)<\/th><th class=\"column-2\">20FT<\/th><th class=\"column-3\">40FT<\/th>\n<\/tr>\n<\/thead>\n<tbody class=\"row-striping row-hover\">\n<tr class=\"row-2\">\n\t<td class=\"column-1\"><a href=\"https:\/\/moverdb.com\/lt\/container-shipping\/andorra\/\" data-internallinksmanager029f6b8e52c=\"88\" title=\"2023 m. J\u016br\u0173 krovini\u0173 gabenimo konteineriais \u012f Andor\u0105 ir i\u0161 jos \u012fkainiai\">Andora (Andora la Vella)<\/a><\/td><td class=\"column-2\">$1,868<\/td><td class=\"column-3\">$3,171<\/td>\n<\/tr>\n<tr class=\"row-3\">\n\t<td class=\"column-1\"><a href=\"https:\/\/moverdb.com\/lt\/container-shipping\/australia\/\" data-internallinksmanager029f6b8e52c=\"89\" title=\"2026 m. konteineri\u0173 gabenimo \u012f Australij\u0105 ir i\u0161 jos kainos\">Australija (Sidn\u0117jus)<\/a><\/td><td class=\"column-2\">$12,406<\/td><td class=\"column-3\">NETAIKOMA<\/td>\n<\/tr>\n<tr class=\"row-4\">\n\t<td class=\"column-1\"><a href=\"https:\/\/moverdb.com\/lt\/container-shipping\/austria\/\" data-internallinksmanager029f6b8e52c=\"95\" title=\"2023 m. J\u016br\u0173 krovini\u0173 gabenimo konteineriais \u012f Austrij\u0105 ir i\u0161 jos kainos\">Austrija (Viena)<\/a><\/td><td class=\"column-2\">NETAIKOMA<\/td><td class=\"column-3\">$3,739<\/td>\n<\/tr>\n<tr class=\"row-5\">\n\t<td class=\"column-1\"><a href=\"https:\/\/moverdb.com\/lt\/container-shipping\/bahrain\/\" data-internallinksmanager029f6b8e52c=\"96\" title=\"2023 m. J\u016br\u0173 krovini\u0173 gabenimo konteineriais \u012f Bahrein\u0105 ir i\u0161 jo \u012fkainiai\">Bahreinas (Manama)<\/a><\/td><td class=\"column-2\">NETAIKOMA<\/td><td class=\"column-3\">$12,306<\/td>\n<\/tr>\n<tr class=\"row-6\">\n\t<td class=\"column-1\"><a href=\"https:\/\/moverdb.com\/lt\/container-shipping\/belize\/\" data-internallinksmanager029f6b8e52c=\"137\" title=\"2023 m. J\u016br\u0173 krovini\u0173 gabenimo konteineriais \u012f Beliz\u0105 ir i\u0161 jo \u012fkainiai\">Belizas (Belizo miestas)<\/a><\/td><td class=\"column-2\">$847<\/td><td class=\"column-3\">$872<\/td>\n<\/tr>\n<tr class=\"row-7\">\n\t<td class=\"column-1\"><a href=\"https:\/\/moverdb.com\/lt\/container-shipping\/brazil\/\" data-internallinksmanager029f6b8e52c=\"98\" title=\"2023 m. J\u016br\u0173 krovini\u0173 gabenimo konteineriais \u012f Brazilij\u0105 ir i\u0161 jos \u012fkainiai\">Brazilija (Santos)<\/a><\/td><td class=\"column-2\">$3,937<\/td><td class=\"column-3\">$4,059<\/td>\n<\/tr>\n<tr class=\"row-8\">\n\t<td class=\"column-1\"><a href=\"https:\/\/moverdb.com\/lt\/container-shipping\/cambodia\/\" data-internallinksmanager029f6b8e52c=\"101\" title=\"2022 J\u016br\u0173 krovini\u0173 gabenimo konteineriais \u012f Kambod\u017e\u0105 ir i\u0161 jos \u012fkainiai\">Kambod\u017ea (Sihanoukvilis)<\/a><\/td><td class=\"column-2\">$7,007<\/td><td class=\"column-3\">$7,362<\/td>\n<\/tr>\n<tr class=\"row-9\">\n\t<td class=\"column-1\"><a href=\"https:\/\/moverdb.com\/lt\/container-shipping\/canada\/\" data-internallinksmanager029f6b8e52c=\"102\" title=\"2023 m. J\u016br\u0173 krovini\u0173 gabenimo konteineriais \u012f Kanad\u0105 ir i\u0161 jos kainos\">Kanada (Torontas)<\/a><\/td><td class=\"column-2\">$2,024<\/td><td class=\"column-3\">$2,814<\/td>\n<\/tr>\n<tr class=\"row-10\">\n\t<td class=\"column-1\"><a href=\"https:\/\/moverdb.com\/lt\/container-shipping\/china\/\" data-internallinksmanager029f6b8e52c=\"105\" title=\"2023 m. J\u016br\u0173 krovini\u0173 gabenimo konteineriais \u012f Kinij\u0105 ir i\u0161 jos \u012fkainiai\">Kinija (Pekinas)<\/a><\/td><td class=\"column-2\">$6,158<\/td><td class=\"column-3\">$6,221<\/td>\n<\/tr>\n<tr class=\"row-11\">\n\t<td class=\"column-1\">Kinija (\u0160anchajus)<\/td><td class=\"column-2\">$5,110<\/td><td class=\"column-3\">$5,408<\/td>\n<\/tr>\n<tr class=\"row-12\">\n\t<td class=\"column-1\"><a href=\"https:\/\/moverdb.com\/lt\/container-shipping\/colombia\/\" data-internallinksmanager029f6b8e52c=\"106\" title=\"2023 m. J\u016br\u0173 krovini\u0173 gabenimo konteineriais \u012f Kolumbij\u0105 ir i\u0161 jos \u012fkainiai\">Kolumbija (Barankilja)<\/a><\/td><td class=\"column-2\">$704<\/td><td class=\"column-3\">$1,218<\/td>\n<\/tr>\n<tr class=\"row-13\">\n\t<td class=\"column-1\"><a href=\"https:\/\/moverdb.com\/lt\/container-shipping\/costa-rica\/\" data-internallinksmanager029f6b8e52c=\"138\" title=\"2023 m. J\u016br\u0173 krovini\u0173 gabenimo konteineriais \u012f Kosta Rik\u0105 ir i\u0161 jos \u012fkainiai\">Kosta Rika (Limonas)<\/a><\/td><td class=\"column-2\">$758<\/td><td class=\"column-3\">$8,660<\/td>\n<\/tr>\n<tr class=\"row-14\">\n\t<td class=\"column-1\"><a href=\"https:\/\/moverdb.com\/lt\/container-shipping\/croatia\/\" data-internallinksmanager029f6b8e52c=\"107\" title=\"2023 m. J\u016br\u0173 krovini\u0173 gabenimo konteineriais \u012f Kroatij\u0105 ir i\u0161 jos kainos\">Kroatija (Rijeka)<\/a><\/td><td class=\"column-2\">$2,079<\/td><td class=\"column-3\">$2,709<\/td>\n<\/tr>\n<tr class=\"row-15\">\n\t<td class=\"column-1\"><a href=\"https:\/\/moverdb.com\/lt\/container-shipping\/dominican-republic\/\" data-internallinksmanager029f6b8e52c=\"112\" title=\"2023 m. J\u016br\u0173 krovini\u0173 gabenimo konteineriais \u012f Dominikos Respublik\u0105 ir i\u0161 jos \u012fkainiai\">Dominikos Respublika (Santo Domingas)<\/a><\/td><td class=\"column-2\">$1,023<\/td><td class=\"column-3\">$1,271<\/td>\n<\/tr>\n<tr class=\"row-16\">\n\t<td class=\"column-1\"><a href=\"https:\/\/moverdb.com\/lt\/container-shipping\/germany\/\" data-internallinksmanager029f6b8e52c=\"118\" title=\"2023 m. J\u016br\u0173 krovini\u0173 gabenimo konteineriais \u012f Vokietij\u0105 ir i\u0161 jos \u012fkainiai\">Vokietija (Hamburgas)<\/a><\/td><td class=\"column-2\">$1,958<\/td><td class=\"column-3\">$2,583<\/td>\n<\/tr>\n<tr class=\"row-17\">\n\t<td class=\"column-1\"><a href=\"https:\/\/moverdb.com\/lt\/container-shipping\/greece\/\" data-internallinksmanager029f6b8e52c=\"120\" title=\"2023 m. J\u016br\u0173 krovini\u0173 gabenimo konteineriais \u012f Graikij\u0105 ir i\u0161 jos kainos\">Graikija (Pir\u0117jus)<\/a><\/td><td class=\"column-2\">$1,771<\/td><td class=\"column-3\">$2,436<\/td>\n<\/tr>\n<tr class=\"row-18\">\n\t<td class=\"column-1\"><a href=\"https:\/\/moverdb.com\/lt\/container-shipping\/guatemala\/\" data-internallinksmanager029f6b8e52c=\"139\" title=\"2022 J\u016br\u0173 krovini\u0173 gabenimo konteineriais \u012f Gvatemal\u0105 ir i\u0161 jos \u012fkainiai\">Gvatemala (Gvatemalos miestas)<\/a><\/td><td class=\"column-2\">$737<\/td><td class=\"column-3\">$851<\/td>\n<\/tr>\n<tr class=\"row-19\">\n\t<td class=\"column-1\"><a href=\"https:\/\/moverdb.com\/lt\/container-shipping\/guernsey\/\" data-internallinksmanager029f6b8e52c=\"121\" title=\"2023 m. J\u016br\u0173 krovini\u0173 gabenimo konteineriais \u012f Gerns\u012f ir i\u0161 jo \u012fkainiai\">Gernsis (St Peter Port)<\/a><\/td><td class=\"column-2\">$2,233<\/td><td class=\"column-3\">$3,182<\/td>\n<\/tr>\n<tr class=\"row-20\">\n\t<td class=\"column-1\"><a href=\"https:\/\/moverdb.com\/lt\/container-shipping\/haiti\/\" data-internallinksmanager029f6b8e52c=\"122\" title=\"2023 m. J\u016br\u0173 krovini\u0173 gabenimo konteineriais \u012f Hait\u012f ir i\u0161 jo kainos\">Haitis (Port o Prensas)<\/a><\/td><td class=\"column-2\">$1,023<\/td><td class=\"column-3\">$1,271<\/td>\n<\/tr>\n<tr class=\"row-21\">\n\t<td class=\"column-1\"><a href=\"https:\/\/moverdb.com\/lt\/container-shipping\/hong-kong\/\" data-internallinksmanager029f6b8e52c=\"123\" title=\"2023 m. J\u016br\u0173 krovini\u0173 gabenimo konteineriais \u012f Honkong\u0105 ir i\u0161 jo kainos\">Honkongas (Honkongas)<\/a><\/td><td class=\"column-2\">$12,708<\/td><td class=\"column-3\">$12,615<\/td>\n<\/tr>\n<tr class=\"row-22\">\n\t<td class=\"column-1\"><a href=\"https:\/\/moverdb.com\/lt\/container-shipping\/india\/\" data-internallinksmanager029f6b8e52c=\"125\" title=\"2023 m. J\u016br\u0173 krovini\u0173 gabenimo konteineriais \u012f Indij\u0105 ir i\u0161 Indijos kainos\">Indija (Mumbajus)<\/a><\/td><td class=\"column-2\">$12,447<\/td><td class=\"column-3\">$11,881<\/td>\n<\/tr>\n<tr class=\"row-23\">\n\t<td class=\"column-1\"><a href=\"https:\/\/moverdb.com\/lt\/container-shipping\/indonesia\/\" data-internallinksmanager029f6b8e52c=\"126\" title=\"2023 m. J\u016br\u0173 krovini\u0173 gabenimo konteineriais \u012f Indonezij\u0105 ir i\u0161 jos \u012fkainiai\">Indonezija (D\u017eakarta)<\/a><\/td><td class=\"column-2\">$4,433<\/td><td class=\"column-3\">$4,232<\/td>\n<\/tr>\n<tr class=\"row-24\">\n\t<td class=\"column-1\"><a href=\"https:\/\/moverdb.com\/lt\/container-shipping\/ireland\/\" data-internallinksmanager029f6b8e52c=\"127\" title=\"2023 m. J\u016br\u0173 krovini\u0173 gabenimo konteineriais \u012f Airij\u0105 ir i\u0161 jos kainos\">Airija (Dublinas)<\/a><\/td><td class=\"column-2\">$1,705<\/td><td class=\"column-3\">$2,310<\/td>\n<\/tr>\n<tr class=\"row-25\">\n\t<td class=\"column-1\"><a href=\"https:\/\/moverdb.com\/lt\/container-shipping\/isle-of-man\/\" data-internallinksmanager029f6b8e52c=\"128\" title=\"2023 m. Krovini\u0173 gabenimo j\u016bra konteineriais \u012f Meno sal\u0105 ir i\u0161 jos \u012fkainiai\">Meno sala (Douglas)<\/a><\/td><td class=\"column-2\">$1,705<\/td><td class=\"column-3\">$2,310<\/td>\n<\/tr>\n<tr class=\"row-26\">\n\t<td class=\"column-1\"><a href=\"https:\/\/moverdb.com\/lt\/container-shipping\/italy\/\" data-internallinksmanager029f6b8e52c=\"130\" title=\"2023 m. J\u016br\u0173 krovini\u0173 gabenimo konteineriais \u012f Italij\u0105 ir i\u0161 jos \u012fkainiai\">Italija (Triestas)<\/a><\/td><td class=\"column-2\">$2,079<\/td><td class=\"column-3\">$2,709<\/td>\n<\/tr>\n<tr class=\"row-27\">\n\t<td class=\"column-1\"><a href=\"https:\/\/moverdb.com\/lt\/container-shipping\/jersey\/\" data-internallinksmanager029f6b8e52c=\"132\" title=\"2023 m. Krovini\u0173 gabenimo j\u016bra konteineriais \u012f D\u017eers\u012f ir i\u0161 jo \u012fkainiai\">D\u017eersis (St Helier)<\/a><\/td><td class=\"column-2\">$2,233<\/td><td class=\"column-3\">$3,182<\/td>\n<\/tr>\n<tr class=\"row-28\">\n\t<td class=\"column-1\"><a href=\"https:\/\/moverdb.com\/lt\/container-shipping\/jordan\/\" data-internallinksmanager029f6b8e52c=\"133\" title=\"2023 m. J\u016br\u0173 krovini\u0173 gabenimo konteineriais \u012f Jordanij\u0105 ir i\u0161 jos \u012fkainiai\">Jordanija (Akaba)<\/a><\/td><td class=\"column-2\">$1,810<\/td><td class=\"column-3\">$2,528<\/td>\n<\/tr>\n<tr class=\"row-29\">\n\t<td class=\"column-1\"><a href=\"https:\/\/moverdb.com\/lt\/container-shipping\/latvia\/\" data-internallinksmanager029f6b8e52c=\"136\" title=\"2023 m. J\u016br\u0173 krovini\u0173 gabenimo konteineriais \u012f Latvij\u0105 ir i\u0161 jos kainos\">Latvija (Ryga)<\/a><\/td><td class=\"column-2\">$2,233<\/td><td class=\"column-3\">$3,273<\/td>\n<\/tr>\n<tr class=\"row-30\">\n\t<td class=\"column-1\"><a href=\"https:\/\/moverdb.com\/lt\/container-shipping\/lithuania\/\" data-internallinksmanager029f6b8e52c=\"145\" title=\"2023 m. J\u016br\u0173 krovini\u0173 gabenimo konteineriais \u012f Lietuv\u0105 ir i\u0161 jos \u012fkainiai\">Lietuva (Klaip\u0117da)<\/a><\/td><td class=\"column-2\">$2,233<\/td><td class=\"column-3\">$3,273<\/td>\n<\/tr>\n<tr class=\"row-31\">\n\t<td class=\"column-1\"><a href=\"https:\/\/moverdb.com\/lt\/moving-to-luxembourg\/\" data-internallinksmanager029f6b8e52c=\"349\" title=\"Persik\u0117limas \u012f Liuksemburg\u0105? 2023 Gyvenimo i\u0161laidos ir persik\u0117limo patarimai\">Liuksemburgas<\/a><\/td><td class=\"column-2\">$1,813<\/td><td class=\"column-3\">$2,616<\/td>\n<\/tr>\n<tr class=\"row-32\">\n\t<td class=\"column-1\">JAV (<a href=\"https:\/\/moverdb.com\/lt\/moving-to-los-angeles\/\" data-internallinksmanager029f6b8e52c=\"51\" title=\"Persikraustote \u012f Los And\u017eel\u0105? 2026 m. gyvenimo Los And\u017eele i\u0161laidos ir persik\u0117limo patarimai\">Los And\u017eelas<\/a>)<\/td><td class=\"column-2\">$912<\/td><td class=\"column-3\">$1,309<\/td>\n<\/tr>\n<tr class=\"row-33\">\n\t<td class=\"column-1\"><a href=\"https:\/\/moverdb.com\/lt\/container-shipping\/united-states\/\" data-internallinksmanager029f6b8e52c=\"87\" title=\"2023 m. J\u016br\u0173 krovini\u0173 gabenimo konteineriais \u012f JAV ir i\u0161 JAV kainos\">JAV (Niujorkas)<\/a><\/td><td class=\"column-2\">$1,636<\/td><td class=\"column-3\">$2,038<\/td>\n<\/tr>\n<\/tbody>\n<\/table>\n<!-- #tablepress-231 from cache -->\n\n\n\n<h2 class=\"wp-block-heading\">Konteineri\u0173 gabenimo i\u0161laidos i\u0161 JAV Mergeli\u0173 sal\u0173 (St Croix)<\/h2>\n\n\n<div class=\"wp-block-image\">\n<figure class=\"aligncenter size-large\"><img loading=\"lazy\" decoding=\"async\" width=\"1024\" height=\"539\" src=\"https:\/\/moverdb.com\/wp-content\/uploads\/Shipping-Container-Costs-from-US-Virgin-Islands-1024x539.png\" alt=\"Konteineri\u0173 gabenimo i\u0161laidos i\u0161 JAV Mergeli\u0173 sal\u0173 (St Croix)\" class=\"wp-image-5559\" srcset=\"https:\/\/moverdb.com\/wp-content\/uploads\/Shipping-Container-Costs-from-US-Virgin-Islands-1024x539.png 1024w, https:\/\/moverdb.com\/wp-content\/uploads\/Shipping-Container-Costs-from-US-Virgin-Islands-300x158.png 300w, https:\/\/moverdb.com\/wp-content\/uploads\/Shipping-Container-Costs-from-US-Virgin-Islands-1536x809.png 1536w, https:\/\/moverdb.com\/wp-content\/uploads\/Shipping-Container-Costs-from-US-Virgin-Islands-18x9.png 18w, https:\/\/moverdb.com\/wp-content\/uploads\/Shipping-Container-Costs-from-US-Virgin-Islands-600x316.png 600w, https:\/\/moverdb.com\/wp-content\/uploads\/Shipping-Container-Costs-from-US-Virgin-Islands.png 2000w\" sizes=\"auto, (max-width: 1024px) 100vw, 1024px\" \/><\/figure>\n<\/div>\n\n\n<table id=\"tablepress-232\" class=\"tablepress tablepress-id-232\">\n<thead>\n<tr class=\"row-1\">\n\t<th class=\"column-1\">Paskirties \u0161alis (uostas \/ miestas)<\/th><th class=\"column-2\">20FT<\/th><th class=\"column-3\">40FT<\/th>\n<\/tr>\n<\/thead>\n<tbody class=\"row-striping row-hover\">\n<tr class=\"row-2\">\n\t<td class=\"column-1\">Andora (Andora la Vella)<\/td><td class=\"column-2\">NETAIKOMA<\/td><td class=\"column-3\">$355<\/td>\n<\/tr>\n<tr class=\"row-3\">\n\t<td class=\"column-1\"><a href=\"https:\/\/moverdb.com\/lt\/container-shipping\/antigua-and-barbuda\/\" data-internallinksmanager029f6b8e52c=\"92\" title=\"2023 m. J\u016br\u0173 krovini\u0173 gabenimo konteineriais \u012f Antigv\u0105 ir Barbud\u0105 ir i\u0161 jos \u012fkainiai\">Antigva ir Barbuda (Sent D\u017eonas)<\/a><\/td><td class=\"column-2\">$600<\/td><td class=\"column-3\">$801<\/td>\n<\/tr>\n<tr class=\"row-4\">\n\t<td class=\"column-1\">Australija (Sidn\u0117jus)<\/td><td class=\"column-2\">NETAIKOMA<\/td><td class=\"column-3\">$2,845<\/td>\n<\/tr>\n<tr class=\"row-5\">\n\t<td class=\"column-1\">Belizas (Belizo miestas)<\/td><td class=\"column-2\">$1,573<\/td><td class=\"column-3\">$2,993<\/td>\n<\/tr>\n<tr class=\"row-6\">\n\t<td class=\"column-1\">Kanada (Torontas)<\/td><td class=\"column-2\">$1,903<\/td><td class=\"column-3\">$2,468<\/td>\n<\/tr>\n<tr class=\"row-7\">\n\t<td class=\"column-1\">Kinija (\u0160anchajus)<\/td><td class=\"column-2\">$1,012<\/td><td class=\"column-3\">$1,344<\/td>\n<\/tr>\n<tr class=\"row-8\">\n\t<td class=\"column-1\">Kolumbija (Barankilja)<\/td><td class=\"column-2\">$781<\/td><td class=\"column-3\">$1,155<\/td>\n<\/tr>\n<tr class=\"row-9\">\n\t<td class=\"column-1\">Dominikos Respublika (Santo Domingas)<\/td><td class=\"column-2\">$891<\/td><td class=\"column-3\">$1,176<\/td>\n<\/tr>\n<tr class=\"row-10\">\n\t<td class=\"column-1\"><a href=\"https:\/\/moverdb.com\/lt\/container-shipping\/estonia\/\" data-internallinksmanager029f6b8e52c=\"114\" title=\"2023 m. J\u016br\u0173 krovini\u0173 gabenimo konteineriais \u012f Estij\u0105 ir i\u0161 jos kainos\">Estija (Talinas)<\/a><\/td><td class=\"column-2\">$1,727<\/td><td class=\"column-3\">$2,300<\/td>\n<\/tr>\n<tr class=\"row-11\">\n\t<td class=\"column-1\"><a href=\"https:\/\/moverdb.com\/lt\/container-shipping\/finland\/\" data-internallinksmanager029f6b8e52c=\"115\" title=\"2023 m. J\u016br\u0173 krovini\u0173 gabenimo konteineriais \u012f Suomij\u0105 ir i\u0161 jos kainos\">Suomija (Helsinkis)<\/a><\/td><td class=\"column-2\">$1,727<\/td><td class=\"column-3\">$2,300<\/td>\n<\/tr>\n<tr class=\"row-12\">\n\t<td class=\"column-1\">Haitis (Port o Prensas)<\/td><td class=\"column-2\">$891<\/td><td class=\"column-3\">$1,176<\/td>\n<\/tr>\n<tr class=\"row-13\">\n\t<td class=\"column-1\">Indija (Mumbajus)<\/td><td class=\"column-2\">$1,587<\/td><td class=\"column-3\">$1,910<\/td>\n<\/tr>\n<tr class=\"row-14\">\n\t<td class=\"column-1\">Latvija (Ryga)<\/td><td class=\"column-2\">$1,837<\/td><td class=\"column-3\">$2,582<\/td>\n<\/tr>\n<tr class=\"row-15\">\n\t<td class=\"column-1\">Lietuva (Klaip\u0117da)<\/td><td class=\"column-2\">$1,837<\/td><td class=\"column-3\">$2,582<\/td>\n<\/tr>\n<tr class=\"row-16\">\n\t<td class=\"column-1\">Liuksemburgas<\/td><td class=\"column-2\">$985<\/td><td class=\"column-3\">$1,313<\/td>\n<\/tr>\n<tr class=\"row-17\">\n\t<td class=\"column-1\">JAV (Niujorkas)<\/td><td class=\"column-2\">$1,297<\/td><td class=\"column-3\">$1,383<\/td>\n<\/tr>\n<\/tbody>\n<\/table>\n<!-- #tablepress-232 from cache -->\n\n\n\n<h3 class=\"wp-block-heading\">Pastabos apie duomenis:<\/h3>\n\n\n\n<ul class=\"wp-block-list\">\n<li>Visi $ skai\u010diai pateikti JAV doleriais (USD);<\/li>\n\n\n\n<li>\u012ekainiai tiksl\u016bs nuo 2023 m. prad\u017eios;<\/li>\n\n\n\n<li>\u0160iame straipsnyje pateikti \u017eem\u0117lapiai buvo sukurti naudojant <a href=\"https:\/\/www.mapchart.net\" target=\"_blank\" rel=\"noreferrer noopener\">https:\/\/www.mapchart.net<\/a>. Galite laisvai dalytis \u017eem\u0117lapiais, jei pateiksite nuorod\u0105 \u012f <a href=\"https:\/\/moverdb.com\/lt\/\" target=\"_blank\" rel=\"noreferrer noopener\">MoverDB<\/a>;<\/li>\n\n\n\n<li>Auk\u0161\u010diau pateikti \u012fkainiai yra tik apytiksliai ir nuo \u0161io straipsnio paskelbimo (2023 m. baland\u017eio m\u0117n.) gali b\u016bti pasikeit\u0119. Jie pagr\u012fsti ma\u017eiausiu apskai\u010diuotu tarifu i\u0161 <a href=\"https:\/\/www.searates.com\" target=\"_blank\" rel=\"noreferrer noopener\">https:\/\/www.searates.com<\/a> arba <a href=\"https:\/\/www.gocomet.com\/freight-shipping-rates-index-calculator\" target=\"_blank\" rel=\"noreferrer noopener\">https:\/\/www.gocomet.com<\/a>;<\/li>\n\n\n\n<li>Nor\u0117dami su\u017einoti tikslesn\u0119 kain\u0105, naudokite \u0161io puslapio vir\u0161uje esan\u010di\u0105 pasi\u016blymo form\u0105;<\/li>\n\n\n\n<li>Taip pat \u017er. m\u016bs\u0173 vadov\u0105 apie <a href=\"https:\/\/moverdb.com\/lt\/konteineriu-kroviniu-gabenimas\/\" target=\"_blank\" rel=\"noreferrer noopener\">tarptautinis gabenimas konteineriais<\/a>.<\/li>\n<\/ul>","protected":false},"excerpt":{"rendered":"<p>The US Virgin Islands are perfect for everyone who can afford to retreat to an exclusive getaway spot and live the dream island life. This tiny US territory in the Caribbean comprises 53 islands of which 4 are mainly inhabited (Saint Croix, Saint Thomas, Saint John, and Water island). This tiny paradise is a premium [&hellip;]<\/p>\n","protected":false},"author":2,"featured_media":5558,"parent":44,"menu_order":0,"comment_status":"closed","ping_status":"closed","template":"","meta":{"_genesis_hide_title":false,"_genesis_hide_breadcrumbs":false,"_genesis_hide_singular_image":false,"_genesis_hide_footer_widgets":false,"_genesis_custom_body_class":"","_genesis_custom_post_class":"","_genesis_layout":"","footnotes":""},"class_list":{"0":"post-5575","1":"page","2":"type-page","3":"status-publish","4":"has-post-thumbnail","6":"entry"},"_links":{"self":[{"href":"https:\/\/moverdb.com\/lt\/wp-json\/wp\/v2\/pages\/5575","targetHints":{"allow":["GET"]}}],"collection":[{"href":"https:\/\/moverdb.com\/lt\/wp-json\/wp\/v2\/pages"}],"about":[{"href":"https:\/\/moverdb.com\/lt\/wp-json\/wp\/v2\/types\/page"}],"author":[{"embeddable":true,"href":"https:\/\/moverdb.com\/lt\/wp-json\/wp\/v2\/users\/2"}],"replies":[{"embeddable":true,"href":"https:\/\/moverdb.com\/lt\/wp-json\/wp\/v2\/comments?post=5575"}],"version-history":[{"count":1,"href":"https:\/\/moverdb.com\/lt\/wp-json\/wp\/v2\/pages\/5575\/revisions"}],"predecessor-version":[{"id":5576,"href":"https:\/\/moverdb.com\/lt\/wp-json\/wp\/v2\/pages\/5575\/revisions\/5576"}],"up":[{"embeddable":true,"href":"https:\/\/moverdb.com\/lt\/wp-json\/wp\/v2\/pages\/44"}],"wp:featuredmedia":[{"embeddable":true,"href":"https:\/\/moverdb.com\/lt\/wp-json\/wp\/v2\/media\/5558"}],"wp:attachment":[{"href":"https:\/\/moverdb.com\/lt\/wp-json\/wp\/v2\/media?parent=5575"}],"curies":[{"name":"wp","href":"https:\/\/api.w.org\/{rel}","templated":true}]}}