{"id":5527,"date":"2023-02-01T13:45:10","date_gmt":"2023-02-01T13:45:10","guid":{"rendered":"https:\/\/moverdb.com\/?page_id=5527"},"modified":"2026-01-08T15:29:15","modified_gmt":"2026-01-08T15:29:15","slug":"chile-moving-companies","status":"publish","type":"page","link":"https:\/\/moverdb.com\/lt\/moving-companies\/chile-moving-companies\/","title":{"rendered":"6 Geriausios tarptautin\u0117s perkraustymo \u012fmon\u0117s \u010cil\u0117je"},"content":{"rendered":"<p>Persikraustymas gali b\u016bti \u012ftemptas ir \u012ftemptas metas, ypa\u010d jei persikraustote toli ar \u012f kit\u0105 \u0161al\u012f. B\u016btent \u010dia <a href=\"https:\/\/moverdb.com\/lt\/moving-companies\/\" data-internallinksmanager029f6b8e52c=\"79\" title=\"Top 25 Tarptautin\u0117s perkraustymo \u012fmon\u0117s internete\">perkraustymo \u012fmon\u0117<\/a> gali pad\u0117ti suma\u017einti stres\u0105, nes perims dal\u012f darbo kr\u016bvio. Toliau pateikiame \u010cil\u0117s <a href=\"https:\/\/moverdb.com\/lt\/international-removals\/\" data-internallinksmanager029f6b8e52c=\"27\" title=\"36 geriausios tarptautinio perkraustymo \u012fmon\u0117s Jungtin\u0117je Karalyst\u0117je\">perkraustymo \u012fmon\u0117s<\/a> kurie yra <a href=\"https:\/\/moverdb.com\/lt\/iam\/\" data-internallinksmanager029f6b8e52c=\"23\" title=\"Tarptautin\u0117s perkraustytoj\u0173 asociacijos (IAM) paai\u0161kinimai\">Tarptautin\u0117 perkraustytoj\u0173 asociacija<\/a> (IAM) ir (arba) <a href=\"https:\/\/moverdb.com\/lt\/fidi-faim\/\" data-internallinksmanager029f6b8e52c=\"16\" title=\"FIDI ir FAIM (FIDI akredituotas tarptautinis perve\u017e\u0117jas) paai\u0161kinimai\">FIDI<\/a> akredituot\u0173 tarptautini\u0173 perkraustymo paslaug\u0173 (FAIM), kurie gal\u0117t\u0173 pad\u0117ti jums persikraustyti.<\/p>\n<div id=\"ez-toc-container\" class=\"ez-toc-v2_0_82_2 ez-toc-wrap-left counter-hierarchy ez-toc-counter ez-toc-transparent ez-toc-container-direction\">\n<div class=\"ez-toc-title-container\">\n<p class=\"ez-toc-title\" style=\"cursor:inherit\">Skyriai<\/p>\n<span class=\"ez-toc-title-toggle\"><a href=\"#\" class=\"ez-toc-pull-right ez-toc-btn ez-toc-btn-xs ez-toc-btn-default ez-toc-toggle\" aria-label=\"Perjungti turinio lentel\u0119\"><span class=\"ez-toc-js-icon-con\"><span class=\"\"><span class=\"eztoc-hide\" style=\"display:none;\">Perjungti<\/span><span class=\"ez-toc-icon-toggle-span\"><svg style=\"fill: #999;color:#999\" xmlns=\"http:\/\/www.w3.org\/2000\/svg\" class=\"list-377408\" width=\"20px\" height=\"20px\" viewbox=\"0 0 24 24\" fill=\"none\"><path d=\"M6 6H4v2h2V6zm14 0H8v2h12V6zM4 11h2v2H4v-2zm16 0H8v2h12v-2zM4 16h2v2H4v-2zm16 0H8v2h12v-2z\" fill=\"currentColor\"><\/path><\/svg><svg style=\"fill: #999;color:#999\" class=\"arrow-unsorted-368013\" xmlns=\"http:\/\/www.w3.org\/2000\/svg\" width=\"10px\" height=\"10px\" viewbox=\"0 0 24 24\" version=\"1.2\" baseprofile=\"tiny\"><path d=\"M18.2 9.3l-6.2-6.3-6.2 6.3c-.2.2-.3.4-.3.7s.1.5.3.7c.2.2.4.3.7.3h11c.3 0 .5-.1.7-.3.2-.2.3-.5.3-.7s-.1-.5-.3-.7zM5.8 14.7l6.2 6.3 6.2-6.3c.2-.2.3-.5.3-.7s-.1-.5-.3-.7c-.2-.2-.4-.3-.7-.3h-11c-.3 0-.5.1-.7.3-.2.2-.3.5-.3.7s.1.5.3.7z\"\/><\/svg><\/span><\/span><\/span><\/a><\/span><\/div>\n<nav><ul class='ez-toc-list ez-toc-list-level-1 eztoc-toggle-hide-by-default' ><li class='ez-toc-page-1 ez-toc-heading-level-2'><a class=\"ez-toc-link ez-toc-heading-1\" href=\"https:\/\/moverdb.com\/lt\/moving-companies\/chile-moving-companies\/#1_Unipack\" >1. Unipack<\/a><\/li><li class='ez-toc-page-1 ez-toc-heading-level-2'><a class=\"ez-toc-link ez-toc-heading-2\" href=\"https:\/\/moverdb.com\/lt\/moving-companies\/chile-moving-companies\/#2_Atlas_International_Movers\" >2. \"Atlas International Movers<\/a><\/li><li class='ez-toc-page-1 ez-toc-heading-level-2'><a class=\"ez-toc-link ez-toc-heading-3\" href=\"https:\/\/moverdb.com\/lt\/moving-companies\/chile-moving-companies\/#3_Decapack\" >3. I\u0161pakuoti<\/a><\/li><li class='ez-toc-page-1 ez-toc-heading-level-2'><a class=\"ez-toc-link ez-toc-heading-4\" href=\"https:\/\/moverdb.com\/lt\/moving-companies\/chile-moving-companies\/#4_Global_Alliance_International\" >4. Tarptautinis pasaulinis aljansas<\/a><\/li><li class='ez-toc-page-1 ez-toc-heading-level-2'><a class=\"ez-toc-link ez-toc-heading-5\" href=\"https:\/\/moverdb.com\/lt\/moving-companies\/chile-moving-companies\/#5_REMSSA\" >5. REMSSA<\/a><\/li><li class='ez-toc-page-1 ez-toc-heading-level-2'><a class=\"ez-toc-link ez-toc-heading-6\" href=\"https:\/\/moverdb.com\/lt\/moving-companies\/chile-moving-companies\/#6_Ward_Van_Lines\" >6. \"Ward Van Lines<\/a><\/li><li class='ez-toc-page-1 ez-toc-heading-level-2'><a class=\"ez-toc-link ez-toc-heading-7\" href=\"https:\/\/moverdb.com\/lt\/moving-companies\/chile-moving-companies\/#Other_Useful_Guides_to_Chile\" >Kiti naudingi \u010cil\u0117s gidai<\/a><\/li><\/ul><\/nav><\/div>\n<h2><span class=\"ez-toc-section\" id=\"1_Unipack\"><\/span><strong>1. Unipack<\/strong><span class=\"ez-toc-section-end\"><\/span><\/h2>\n<p><img loading=\"lazy\" decoding=\"async\" class=\"alignnone size-full wp-image-5496\" src=\"https:\/\/moverdb.com\/wp-content\/uploads\/Unipack-international-moving-company.png\" alt=\"&quot;Unipack&quot; tarptautin\u0117 perkraustymo \u012fmon\u0117\" width=\"1440\" height=\"683\" data-wp-pid=\"5496\" srcset=\"https:\/\/moverdb.com\/wp-content\/uploads\/Unipack-international-moving-company.png 1440w, https:\/\/moverdb.com\/wp-content\/uploads\/Unipack-international-moving-company-300x142.png 300w, https:\/\/moverdb.com\/wp-content\/uploads\/Unipack-international-moving-company-1024x486.png 1024w, https:\/\/moverdb.com\/wp-content\/uploads\/Unipack-international-moving-company-18x9.png 18w, https:\/\/moverdb.com\/wp-content\/uploads\/Unipack-international-moving-company-600x285.png 600w\" sizes=\"auto, (max-width: 1440px) 100vw, 1440px\" \/><\/p>\n<ul>\n<li>Nacionaliniai judesiai<\/li>\n<li>Tarptautiniai perkraustymai<\/li>\n<li>Nam\u0173 \u016bkio perkraustymai<\/li>\n<li>Patikrinimas namuose<\/li>\n<li>Pakavimo ir i\u0161pakavimo paslauga<\/li>\n<li>I\u0161ardyti ir surinkti baldus<\/li>\n<li>Sausumos, j\u016br\u0173 ir oro transportas<\/li>\n<li>Dokumentacijos palaikymas<\/li>\n<li>Gyv\u016bn\u0173 augintini\u0173 ve\u017eimas<\/li>\n<li>Trumpalaikis ir ilgalaikis saugojimas<\/li>\n<\/ul>\n<p>\"Unipack\" - tai 1993 m. Santjage \u012fkurta nacionalin\u0117 ir tarptautin\u0117 perkraustymo tarnyba. Jie turi agent\u0173 tinkl\u0105 visame pasaulyje, kurie padeda atlikti tarptautinius perkraustymus 5 \u017eemynuose. Jie yra IAM nariai, dirbantys 29 metus, ir yra akredituoti FIDI.<\/p>\n<p>\"Unipack\" naudoja naujausias pakavimo ir transportavimo technologijas bei med\u017eiagas, kad u\u017etikrint\u0173 klientams saug\u0173 perve\u017eim\u0105. J\u0173 procesas prasideda nuo ap\u017ei\u016bros namuose ir dokument\u0173 aptarimo. Jie supakuoja, i\u0161montuoja j\u016bs\u0173 baldus ir organizuoja transportavim\u0105 keliais, oru ir j\u016bra, tada i\u0161pakuoja ir surenka j\u016bs\u0173 baldus paskirties vietoje. Jie pad\u0117s jums tvarkyti dokumentus, \u012fskaitant muitin\u012f \u012fforminim\u0105.<\/p>\n<p>Interneto svetain\u0117: <a href=\"http:\/\/www.unipack.cl\" target=\"_blank\" rel=\"noopener\">http:\/\/www.unipack.cl<\/a><\/p>\n<h2><span class=\"ez-toc-section\" id=\"2_Atlas_International_Movers\"><\/span><strong>2. \"Atlas International Movers<\/strong><span class=\"ez-toc-section-end\"><\/span><\/h2>\n<p><img loading=\"lazy\" decoding=\"async\" class=\"alignnone size-full wp-image-5415\" src=\"https:\/\/moverdb.com\/wp-content\/uploads\/Atlas-International-Movers-moving-company.png\" alt=\"&quot;Atlas&quot; tarptautiniai Movers juda kompanija\" width=\"1440\" height=\"682\" data-wp-pid=\"5415\" srcset=\"https:\/\/moverdb.com\/wp-content\/uploads\/Atlas-International-Movers-moving-company.png 1440w, https:\/\/moverdb.com\/wp-content\/uploads\/Atlas-International-Movers-moving-company-300x142.png 300w, https:\/\/moverdb.com\/wp-content\/uploads\/Atlas-International-Movers-moving-company-1024x485.png 1024w, https:\/\/moverdb.com\/wp-content\/uploads\/Atlas-International-Movers-moving-company-18x9.png 18w, https:\/\/moverdb.com\/wp-content\/uploads\/Atlas-International-Movers-moving-company-600x284.png 600w\" sizes=\"auto, (max-width: 1440px) 100vw, 1440px\" \/><\/p>\n<ul>\n<li>Nacionaliniai judesiai<\/li>\n<li>Tarptautiniai perkraustymai<\/li>\n<li>Nam\u0173 \u016bkio perkraustymai<\/li>\n<li>Biuro perkraustymai<\/li>\n<li>Paslauga \"nuo dur\u0173 iki dur\u0173<\/li>\n<li>Auk\u0161tos kokyb\u0117s pakavimo paslaugos<\/li>\n<li>Krovini\u0173 gabenimas sausuma, j\u016bra ir oru<\/li>\n<li>Meno k\u016brini\u0173 gabenimas<\/li>\n<li>Automobili\u0173 transportavimas<\/li>\n<li>Trumpalaik\u0117s ir ilgalaik\u0117s saugyklos<\/li>\n<\/ul>\n<p>\"Atlas International Movers\" turi daugiau nei 25 met\u0173 patirt\u012f perkeliant namus ir biurus \u012f <a href=\"https:\/\/moverdb.com\/lt\/moving-to-chile\/\" data-internallinksmanager029f6b8e52c=\"426\" title=\"Persik\u0117limas \u012f \u010cil\u0119? 2023 m. pragyvenimo i\u0161laidos ir persik\u0117limo patarimai\">\u010cil\u0117<\/a> ir \u012f \u010cil\u0119 arba i\u0161 jos. Jie bendradarbiauja su patikim\u0173 perkraustymo agent\u0173 tinklu visame pasaulyje ir vykdo tarptautinius perkraustymus. Jie yra IAM nariai, dirbantys 16 met\u0173.<\/p>\n<p>\"Atlas\" tarptautiniai perkraustytojai apsilankys j\u016bs\u0173 namuose, kad \u012fvertint\u0173 j\u016bs\u0173 poreikius, ir pad\u0117s jums susipa\u017einti su procesu bei dokumentais. Jie suteiks apmokytus darbuotojus, kurie supakuos j\u016bs\u0173 daiktus pagal auk\u0161tus standartus, kad apsaugot\u0173 juos gabenant sausuma, j\u016bra ar oru. Jie pad\u0117s jums tvarkyti importo ir eksporto muitin\u0117s dokumentus.<\/p>\n<p>Interneto svetain\u0117: <a href=\"http:\/\/www.atlasinternationalchile.cl\" target=\"_blank\" rel=\"noopener\">http:\/\/www.atlasinternationalchile.cl<\/a><\/p>\n<h2><span class=\"ez-toc-section\" id=\"3_Decapack\"><\/span><strong>3. I\u0161pakuoti<\/strong><span class=\"ez-toc-section-end\"><\/span><\/h2>\n<p><img loading=\"lazy\" decoding=\"async\" class=\"alignnone size-full wp-image-5430\" src=\"https:\/\/moverdb.com\/wp-content\/uploads\/Decapack-international-moving-company.png\" alt=\"&quot;Decapack&quot; tarptautin\u0117 perkraustymo \u012fmon\u0117\" width=\"1440\" height=\"680\" data-wp-pid=\"5430\" srcset=\"https:\/\/moverdb.com\/wp-content\/uploads\/Decapack-international-moving-company.png 1440w, https:\/\/moverdb.com\/wp-content\/uploads\/Decapack-international-moving-company-300x142.png 300w, https:\/\/moverdb.com\/wp-content\/uploads\/Decapack-international-moving-company-1024x484.png 1024w, https:\/\/moverdb.com\/wp-content\/uploads\/Decapack-international-moving-company-18x9.png 18w, https:\/\/moverdb.com\/wp-content\/uploads\/Decapack-international-moving-company-600x283.png 600w\" sizes=\"auto, (max-width: 1440px) 100vw, 1440px\" \/><\/p>\n<ul>\n<li>Nacionaliniai judesiai<\/li>\n<li>Tarptautiniai perkraustymai<\/li>\n<li>Gyvenam\u0173j\u0173 nam\u0173 perkraustymai<\/li>\n<li>Biuro perkraustymai<\/li>\n<li>Perk\u0117limo paslauga<\/li>\n<li>Paslauga \"nuo dur\u0173 iki dur\u0173<\/li>\n<li>Pakavimo paslauga<\/li>\n<li>Draudimas<\/li>\n<li>Specializuota meno k\u016brini\u0173 paslauga<\/li>\n<li>Trumpalaikis ir ilgalaikis saugojimas<\/li>\n<\/ul>\n<p>\"Decapack\" yra 1942 m. Santjage \u012fsik\u016brusi emigrant\u0173 ir tarptautini\u0173 perkraustym\u0173 \u012fmon\u0117. Jos padaliniai yra San Antonijuje ir Valparaise. <a href=\"https:\/\/moverdb.com\/lt\/top-49-container-ports\/\" data-internallinksmanager029f6b8e52c=\"80\" title=\"49 did\u017eiausi ir labiausiai apkrauti konteineri\u0173 uostai 2025 m.\">prievadai<\/a> ir Santjago tarptautiniame oro uoste. Jie yra IAM nariai, dirbantys 52 metus, ir yra akredituoti FIDI.<\/p>\n<p>\"Decapack\" teikia \"nuo dur\u0173 iki dur\u0173\" paslaug\u0105, kuri prasideda nuo apsilankymo asmeni\u0161kai arba virtualiai, kad b\u016bt\u0173 \u012fvertinti j\u016bs\u0173 poreikiai. Paskirtas koordinatorius asmeni\u0161kai patars ir pad\u0117s jums tvarkyti dokumentus ir dokumentacij\u0105. Jie teikia pakavimo paslaugas, kad apsaugot\u0173 j\u016bs\u0173 daiktus, ir draudim\u0105 nuo nenumatyt\u0173 atvej\u0173.<\/p>\n<p>Interneto svetain\u0117: <a href=\"http:\/\/www.decapack.com\" target=\"_blank\" rel=\"noopener\">http:\/\/www.decapack.com<\/a><\/p>\n<h2><span class=\"ez-toc-section\" id=\"4_Global_Alliance_International\"><\/span><strong>4. Tarptautinis pasaulinis aljansas<\/strong><span class=\"ez-toc-section-end\"><\/span><\/h2>\n<p><img loading=\"lazy\" decoding=\"async\" class=\"alignnone size-full wp-image-5441\" src=\"https:\/\/moverdb.com\/wp-content\/uploads\/Global-Alliance-International-moving-company.png\" alt=\"&quot;Global Alliance&quot; Tarptautin\u0117 perkraustymo \u012fmon\u0117\" width=\"1440\" height=\"677\" data-wp-pid=\"5441\" srcset=\"https:\/\/moverdb.com\/wp-content\/uploads\/Global-Alliance-International-moving-company.png 1440w, https:\/\/moverdb.com\/wp-content\/uploads\/Global-Alliance-International-moving-company-300x141.png 300w, https:\/\/moverdb.com\/wp-content\/uploads\/Global-Alliance-International-moving-company-1024x481.png 1024w, https:\/\/moverdb.com\/wp-content\/uploads\/Global-Alliance-International-moving-company-18x8.png 18w, https:\/\/moverdb.com\/wp-content\/uploads\/Global-Alliance-International-moving-company-600x282.png 600w\" sizes=\"auto, (max-width: 1440px) 100vw, 1440px\" \/><\/p>\n<ul>\n<li>Nacionaliniai judesiai<\/li>\n<li>Tarptautiniai perkraustymai<\/li>\n<li>Gyvenam\u0173j\u0173 nam\u0173 perkraustymai<\/li>\n<li>\u012emoni\u0173 perkraustymai<\/li>\n<li>Gerai apmokyti darbuotojai<\/li>\n<li>Visapusi\u0161kos pakavimo paslaugos<\/li>\n<li>Sausumos, j\u016br\u0173 ir oro transportas<\/li>\n<li>Muitin\u0117s pagalba<\/li>\n<li>Gyv\u016bn\u0173 augintini\u0173 ve\u017eimas<\/li>\n<li>Laikino ir nuolatinio saugojimo sprendimai<\/li>\n<\/ul>\n<p>\"Global Alliance International\" yra 1995 m. \u012fkurta \u010cil\u0117s perkraustymo bendrov\u0117, \"Express Movers Transportes\" dukterin\u0117 \u012fmon\u0117. Vykdydama tarptautinius perkraustymus, ji bendradarbiauja su paskirties vietoje esan\u010diais perkraustymo agentais. Jie yra IAM nariai, dirbantys 16 met\u0173.<\/p>\n<p>\"Global Alliance International\" suteiks pakuotoj\u0173 komand\u0105, kuri i\u0161ardys ir supakuos visus j\u016bs\u0173 daiktus, naudodama tinkamiausias pakavimo med\u017eiagas ir specializuotas d\u0117\u017ees. Jie taip pat parengs inventori\u0173, suteiks pa\u017eenklintas d\u0117\u017ees ir konteinerius, skirtus gabenti sausuma, oru ar j\u016bra, ir pad\u0117s sutvarkyti muitin\u0117s dokumentus. Jie taip pat si\u016blo laikino ir nuolatinio saugojimo sprendimus.<\/p>\n<p>Interneto svetain\u0117: <a href=\"http:\/\/www.globalalliancechile.com\" target=\"_blank\" rel=\"noopener\">http:\/\/www.globalalliancechile.com<\/a><\/p>\n<h2><span class=\"ez-toc-section\" id=\"5_REMSSA\"><\/span><strong>5. REMSSA<\/strong><span class=\"ez-toc-section-end\"><\/span><\/h2>\n<p><img loading=\"lazy\" decoding=\"async\" class=\"alignnone size-full wp-image-5482\" src=\"https:\/\/moverdb.com\/wp-content\/uploads\/REMSSA-international-moving-company.png\" alt=\"&quot;REMSSA&quot; tarptautin\u0117 perkraustymo \u012fmon\u0117\" width=\"1440\" height=\"683\" data-wp-pid=\"5482\" srcset=\"https:\/\/moverdb.com\/wp-content\/uploads\/REMSSA-international-moving-company.png 1440w, https:\/\/moverdb.com\/wp-content\/uploads\/REMSSA-international-moving-company-300x142.png 300w, https:\/\/moverdb.com\/wp-content\/uploads\/REMSSA-international-moving-company-1024x486.png 1024w, https:\/\/moverdb.com\/wp-content\/uploads\/REMSSA-international-moving-company-18x9.png 18w, https:\/\/moverdb.com\/wp-content\/uploads\/REMSSA-international-moving-company-600x285.png 600w\" sizes=\"auto, (max-width: 1440px) 100vw, 1440px\" \/><\/p>\n<ul>\n<li>Nacionaliniai judesiai<\/li>\n<li>Tarptautiniai perkraustymai<\/li>\n<li>Gyvenam\u0173j\u0173 nam\u0173 perkraustymai<\/li>\n<li>Biuro perkraustymai<\/li>\n<li>Perk\u0117limas<\/li>\n<li>Paslauga \"nuo dur\u0173 iki dur\u0173<\/li>\n<li>Pakavimo paslauga<\/li>\n<li>Meno k\u016brini\u0173 gabenimas<\/li>\n<li>Gyv\u016bn\u0173 augintini\u0173 ve\u017eimas<\/li>\n<li>Saugios saugyklos<\/li>\n<\/ul>\n<p>\"REMSSA\" yra 2000 m. Santjage \u012fkurta perkraustymo bendrov\u0117, turinti filialus visoje \u010cil\u0117je, oro uostuose ir uostuose. Ji si\u016blo nacionalines ir tarptautines perkraustymo paslaugas nam\u0173 \u016bkiams ir verslo klientams. Ji yra IAM nar\u0117, dirbanti 22 metus.<\/p>\n<p>\"REMSSA\" si\u016blo individualias perkraustymo paslaugas, kurios u\u017etikrins j\u016bs\u0173 persikraustymo ar persikraustymo pristatym\u0105 nuo dur\u0173 iki dur\u0173. Jie teikia pakavimo, pakrovimo ir i\u0161pakavimo paslaugas su pramonine krovini\u0173 pakuote, kad apsaugot\u0173 krovin\u012f perve\u017eimo metu. Jie taip pat teikia specializuotas imigracijos pagalbos, meno k\u016brini\u0173 gabenimo, namini\u0173 gyv\u016bn\u0117li\u0173 gabenimo ir, jei reikia, saugaus sand\u0117liavimo paslaugas.<\/p>\n<p>Interneto svetain\u0117: <a href=\"http:\/\/www.remssa.cl\" target=\"_blank\" rel=\"noopener\">http:\/\/www.remssa.cl<\/a><\/p>\n<h2><span class=\"ez-toc-section\" id=\"6_Ward_Van_Lines\"><\/span><strong>6. \"Ward Van Lines<\/strong><span class=\"ez-toc-section-end\"><\/span><\/h2>\n<p><img loading=\"lazy\" decoding=\"async\" class=\"alignnone size-full wp-image-5499\" src=\"https:\/\/moverdb.com\/wp-content\/uploads\/Ward-Van-Lines-international-moving-company.png\" alt=\"&quot;Ward Van Lines&quot; tarptautin\u0117 perkraustymo \u012fmon\u0117\" width=\"1440\" height=\"680\" data-wp-pid=\"5499\" srcset=\"https:\/\/moverdb.com\/wp-content\/uploads\/Ward-Van-Lines-international-moving-company.png 1440w, https:\/\/moverdb.com\/wp-content\/uploads\/Ward-Van-Lines-international-moving-company-300x142.png 300w, https:\/\/moverdb.com\/wp-content\/uploads\/Ward-Van-Lines-international-moving-company-1024x484.png 1024w, https:\/\/moverdb.com\/wp-content\/uploads\/Ward-Van-Lines-international-moving-company-18x9.png 18w, https:\/\/moverdb.com\/wp-content\/uploads\/Ward-Van-Lines-international-moving-company-600x283.png 600w\" sizes=\"auto, (max-width: 1440px) 100vw, 1440px\" \/><\/p>\n<ul>\n<li>Nacionaliniai judesiai<\/li>\n<li>Tarptautiniai perkraustymai<\/li>\n<li>Individualus aptarnavimas<\/li>\n<li>Pakavimo paslaugos naudojant auk\u0161\u010diausios klas\u0117s med\u017eiagas<\/li>\n<li>I\u0161ardyti ir surinkti baldus<\/li>\n<li>preki\u0173 \u017eenklinimas, kad b\u016bt\u0173 galima nuolat sekti<\/li>\n<li>Steb\u0117kite savo jud\u0117jim\u0105 naudodami GPS sekim\u0105<\/li>\n<li>Eksporto dokumentai, \u012fskaitant muitin\u012f \u012fforminim\u0105<\/li>\n<li>Draudimas<\/li>\n<li>Saugios saugyklos<\/li>\n<\/ul>\n<p>\"Ward Van Lines\" yra tarptautin\u0117 ir nacionalin\u0117 perkraustymo bendrov\u0117, \u012fkurta 1969 m. Jos b\u016bstin\u0117 yra Santjage, o biurai veikia svarbiausiuose uostuose, \u012fskaitant Valparais\u0105 ir San Antonij\u0173. Ji yra IAM nar\u0117, dirbanti 53 metus, ir yra akredituota FIDI.<\/p>\n<p>\"Ward Van Lines\" si\u016blo individualizuotas paslaugas nuo dur\u0173 iki dur\u0173, kuri\u0173 metu j\u016bs\u0173 daiktams saugiai supakuoti naudojamos auk\u0161\u010diausios klas\u0117s med\u017eiagos, o trapiems daiktams - medin\u0117s d\u0117\u017e\u0117s. Jie sudarys inventori\u0173 ir pa\u017eenklins visus j\u016bs\u0173 daiktus unikaliais br\u016bk\u0161niniais kodais, kad b\u016bt\u0173 galima identifikuoti j\u016bs\u0173 daiktus. J\u0173 sunkve\u017eimiuose \u012frengta GPS sekimo sistema, kuri leid\u017eia sekti j\u016bs\u0173 daiktus 24 valandas per par\u0105, 7 dienas per savait\u0119.<\/p>\n<p>Interneto svetain\u0117: <a href=\"http:\/\/www.wardvanlines.com\" target=\"_blank\" rel=\"noopener\">http:\/\/www.wardvanlines.com<\/a><\/p>\n<h2><span class=\"ez-toc-section\" id=\"Other_Useful_Guides_to_Chile\"><\/span>Kiti naudingi \u010cil\u0117s gidai<span class=\"ez-toc-section-end\"><\/span><\/h2>\n<ul>\n<li> <a href=\"https:\/\/moverdb.com\/lt\/konteineriu-kroviniu-gabenimas\/cile\/\">2024 J\u016br\u0173 krovini\u0173 gabenimo konteineriais \u012f \u010cil\u0119 ir i\u0161 jos \u012fkainiai<\/a><\/li>\n<li> <a href=\"https:\/\/moverdb.com\/lt\/moving-to-chile\/\">Persik\u0117limas \u012f \u010cil\u0119? 2023 m. pragyvenimo i\u0161laidos ir persik\u0117limo patarimai<\/a><\/li>\n<li> <a href=\"https:\/\/moverdb.com\/lt\/moving-to-chile\/best-places-to-live-chile\/\">12 geriausi\u0173 viet\u0173 gyventi \u010cil\u0117je<\/a><\/li>\n<\/ul>","protected":false},"excerpt":{"rendered":"<p>Moving can be a busy and stressful time especially in you are moving long distance or to another country. This is where a moving company can help reduce your stress by taking away some of the workload. Below we have compiled a list of Chilean removal companies that are members of the International Association of [&hellip;]<\/p>\n","protected":false},"author":4,"featured_media":0,"parent":190,"menu_order":0,"comment_status":"closed","ping_status":"closed","template":"","meta":{"_genesis_hide_title":false,"_genesis_hide_breadcrumbs":false,"_genesis_hide_singular_image":false,"_genesis_hide_footer_widgets":false,"_genesis_custom_body_class":"","_genesis_custom_post_class":"","_genesis_layout":"","footnotes":""},"class_list":{"0":"post-5527","1":"page","2":"type-page","3":"status-publish","5":"entry","6":"has-post-thumbnail"},"_links":{"self":[{"href":"https:\/\/moverdb.com\/lt\/wp-json\/wp\/v2\/pages\/5527","targetHints":{"allow":["GET"]}}],"collection":[{"href":"https:\/\/moverdb.com\/lt\/wp-json\/wp\/v2\/pages"}],"about":[{"href":"https:\/\/moverdb.com\/lt\/wp-json\/wp\/v2\/types\/page"}],"author":[{"embeddable":true,"href":"https:\/\/moverdb.com\/lt\/wp-json\/wp\/v2\/users\/4"}],"replies":[{"embeddable":true,"href":"https:\/\/moverdb.com\/lt\/wp-json\/wp\/v2\/comments?post=5527"}],"version-history":[{"count":4,"href":"https:\/\/moverdb.com\/lt\/wp-json\/wp\/v2\/pages\/5527\/revisions"}],"predecessor-version":[{"id":16390,"href":"https:\/\/moverdb.com\/lt\/wp-json\/wp\/v2\/pages\/5527\/revisions\/16390"}],"up":[{"embeddable":true,"href":"https:\/\/moverdb.com\/lt\/wp-json\/wp\/v2\/pages\/190"}],"wp:attachment":[{"href":"https:\/\/moverdb.com\/lt\/wp-json\/wp\/v2\/media?parent=5527"}],"curies":[{"name":"wp","href":"https:\/\/api.w.org\/{rel}","templated":true}]}}