{"id":5520,"date":"2023-02-01T13:56:46","date_gmt":"2023-02-01T13:56:46","guid":{"rendered":"https:\/\/moverdb.com\/?page_id=5520"},"modified":"2026-01-08T15:29:45","modified_gmt":"2026-01-08T15:29:45","slug":"karibu-niederlandu-persikraustymo-imones","status":"publish","type":"page","link":"https:\/\/moverdb.com\/lt\/moving-companies\/caribbean-netherlands-moving-companies\/","title":{"rendered":"Geriausi tarptautiniai perve\u017e\u0117jai Karib\u0173 j\u016bros regione Nyderlanduose"},"content":{"rendered":"<p>Jei ketinate persikelti \u012f Karib\u0173 j\u016bros region\u0105 <a href=\"https:\/\/moverdb.com\/lt\/moving-to-the-netherlands\/\" data-internallinksmanager029f6b8e52c=\"328\" title=\"Persik\u0117limas \u012f Nyderlandus? 2023 Gyvenimo i\u0161laidos ir persik\u0117limo patarimai\">Nyderlandai<\/a>, \u012f Karib\u0173 j\u016bros region\u0105, Nyderlandus ar i\u0161 j\u0173, jums gali prireikti pagalbos i\u0161 <a href=\"https:\/\/moverdb.com\/lt\/moving-companies\/\" data-internallinksmanager029f6b8e52c=\"79\" title=\"Top 25 Tarptautin\u0117s perkraustymo \u012fmon\u0117s internete\">perkraustymo \u012fmon\u0117<\/a> suma\u017einti jud\u0117jimo spaudim\u0105. Toliau pateikiame Karib\u0173 j\u016bros regiono Nyderland\u0173 s\u0105ra\u0161\u0105 <a href=\"https:\/\/moverdb.com\/lt\/international-removals\/\" data-internallinksmanager029f6b8e52c=\"27\" title=\"36 geriausios tarptautinio perkraustymo \u012fmon\u0117s Jungtin\u0117je Karalyst\u0117je\">perkraustymo \u012fmon\u0117s<\/a> kurie yra <a href=\"https:\/\/moverdb.com\/lt\/iam\/\" data-internallinksmanager029f6b8e52c=\"23\" title=\"Tarptautin\u0117s perkraustytoj\u0173 asociacijos (IAM) paai\u0161kinimai\">Tarptautin\u0117 perkraustytoj\u0173 asociacija<\/a> (IAM) ir (arba) <a href=\"https:\/\/moverdb.com\/lt\/fidi-faim\/\" data-internallinksmanager029f6b8e52c=\"16\" title=\"FIDI ir FAIM (FIDI akredituotas tarptautinis perve\u017e\u0117jas) paai\u0161kinimai\">FIDI<\/a> Akredituoti tarptautiniai perkraustymo paslaug\u0173 teik\u0117jai (FAIM), kurie gal\u0117t\u0173 jums pad\u0117ti.<\/p>\n<h2><strong>Mejeris Perkraustymas<\/strong><\/h2>\n<p><img loading=\"lazy\" decoding=\"async\" class=\"alignnone size-full wp-image-5459\" src=\"https:\/\/moverdb.com\/wp-content\/uploads\/Meyer-Moving-international-moving-company.png\" alt=\"&quot;Meyer Moving&quot; tarptautin\u0117 judanti \u012fmon\u0117\" width=\"1440\" height=\"682\" data-wp-pid=\"5459\" srcset=\"https:\/\/moverdb.com\/wp-content\/uploads\/Meyer-Moving-international-moving-company.png 1440w, https:\/\/moverdb.com\/wp-content\/uploads\/Meyer-Moving-international-moving-company-300x142.png 300w, https:\/\/moverdb.com\/wp-content\/uploads\/Meyer-Moving-international-moving-company-1024x485.png 1024w, https:\/\/moverdb.com\/wp-content\/uploads\/Meyer-Moving-international-moving-company-18x9.png 18w, https:\/\/moverdb.com\/wp-content\/uploads\/Meyer-Moving-international-moving-company-600x284.png 600w\" sizes=\"auto, (max-width: 1440px) 100vw, 1440px\" \/><\/p>\n<ul>\n<li>Vietiniai perkraustymai<\/li>\n<li>Tarptautiniai perkraustymai<\/li>\n<li>Gyvenam\u0173j\u0173 nam\u0173 perkraustymai<\/li>\n<li>\u012emon\u0117s perkraustymai<\/li>\n<li>Paslauga \"nuo dur\u0173 iki dur\u0173<\/li>\n<li>Pakavimo ir i\u0161pakavimo paslaugos<\/li>\n<li>Krovini\u0173 gabenimas sausuma, j\u016bra ir oru<\/li>\n<li>Pagalba po persikraustymo<\/li>\n<li>Transporto priemon\u0117s perdavimas<\/li>\n<li>Sand\u0117liavimo patalpos<\/li>\n<\/ul>\n<p>\"Meyer Moving\" yra 1959 m. \u012fkurta perkraustymo \u012fmon\u0117, kuri specializuojasi vietinio ir tarptautinio perkraustymo srityje ir teikia paslaugas gyvenamosios paskirties ir \u012fmoni\u0173 klientams. Ji turi 7 filialus Karib\u0173 j\u016bros regione ir pasaulin\u012f susijusi\u0173 \u012fmoni\u0173 bei partneri\u0173 agent\u0173 tinkl\u0105 tarptautiniams perkraustymams vykdyti. Ji yra IAM nar\u0117, dirbanti 63 metus, ir yra akredituota FIDI.<\/p>\n<p>\"Meyer Moving\" teikia persikraustymo, perkraustymo ir sand\u0117liavimo paslaugas, \u012fskaitant patarimus d\u0117l persikraustymo ir pagalb\u0105 persikraustant nuo dur\u0173 iki dur\u0173. Jie saugiai supakuos j\u016bs\u0173 daiktus, pasir\u016bpins transportavimu sausuma, j\u016bra ar oru, i\u0161pakavimo paslaugomis ir, jei reikia, sand\u0117liavimo patalpomis.<\/p>\n<p>Interneto svetain\u0117: <a href=\"http:\/\/www.meyermoving.com\/\" target=\"_blank\" rel=\"noopener\">http:\/\/www.meyermoving.com\/<\/a><\/p>","protected":false},"excerpt":{"rendered":"<p>If you are thinking of moving within the Caribbean Netherlands, or to or from the Caribbean Netherlands you may want support from a moving company to reduce the pressure of moving. Below we have compiled a list of Caribbean Netherlands removal companies that are members of the International Association of Movers (IAM) and\/or FIDI Accredited [&hellip;]<\/p>\n","protected":false},"author":4,"featured_media":0,"parent":190,"menu_order":0,"comment_status":"closed","ping_status":"closed","template":"","meta":{"_genesis_hide_title":false,"_genesis_hide_breadcrumbs":false,"_genesis_hide_singular_image":false,"_genesis_hide_footer_widgets":false,"_genesis_custom_body_class":"","_genesis_custom_post_class":"","_genesis_layout":"","footnotes":""},"class_list":{"0":"post-5520","1":"page","2":"type-page","3":"status-publish","5":"entry","6":"has-post-thumbnail"},"_links":{"self":[{"href":"https:\/\/moverdb.com\/lt\/wp-json\/wp\/v2\/pages\/5520","targetHints":{"allow":["GET"]}}],"collection":[{"href":"https:\/\/moverdb.com\/lt\/wp-json\/wp\/v2\/pages"}],"about":[{"href":"https:\/\/moverdb.com\/lt\/wp-json\/wp\/v2\/types\/page"}],"author":[{"embeddable":true,"href":"https:\/\/moverdb.com\/lt\/wp-json\/wp\/v2\/users\/4"}],"replies":[{"embeddable":true,"href":"https:\/\/moverdb.com\/lt\/wp-json\/wp\/v2\/comments?post=5520"}],"version-history":[{"count":4,"href":"https:\/\/moverdb.com\/lt\/wp-json\/wp\/v2\/pages\/5520\/revisions"}],"predecessor-version":[{"id":7597,"href":"https:\/\/moverdb.com\/lt\/wp-json\/wp\/v2\/pages\/5520\/revisions\/7597"}],"up":[{"embeddable":true,"href":"https:\/\/moverdb.com\/lt\/wp-json\/wp\/v2\/pages\/190"}],"wp:attachment":[{"href":"https:\/\/moverdb.com\/lt\/wp-json\/wp\/v2\/media?parent=5520"}],"curies":[{"name":"wp","href":"https:\/\/api.w.org\/{rel}","templated":true}]}}