{"id":5518,"date":"2023-02-01T13:53:00","date_gmt":"2023-02-01T13:53:00","guid":{"rendered":"https:\/\/moverdb.com\/?page_id=5518"},"modified":"2026-01-08T15:29:50","modified_gmt":"2026-01-08T15:29:50","slug":"burkina-faso-persikraustymo-imones","status":"publish","type":"page","link":"https:\/\/moverdb.com\/lt\/moving-companies\/burkina-faso-moving-companies\/","title":{"rendered":"Geriausios tarptautin\u0117s perkraustymo bendrov\u0117s Burkina Fase"},"content":{"rendered":"<p>Jei planuojate persikraustym\u0105 Burkina Fase arba persikraustym\u0105 \u012f Burkina Fas\u0105 ar i\u0161 jo, jums gali pad\u0117ti persikraustymo \u012fmon\u0117s pagalba. Perkraustymo \u012fmon\u0117 gali palengvinti fizin\u012f ir psichologin\u012f kr\u016bv\u012f, ypa\u010d jei kraustot\u0117s \u012f kitas \u0161alis. Toliau pateikiame Burkina Faso <a href=\"https:\/\/moverdb.com\/lt\/moving-companies\/\" data-internallinksmanager029f6b8e52c=\"79\" title=\"Top 25 Tarptautin\u0117s perkraustymo \u012fmon\u0117s internete\">perkraustymo \u012fmon\u0117s<\/a> kurie yra <a href=\"https:\/\/moverdb.com\/lt\/iam\/\" data-internallinksmanager029f6b8e52c=\"23\" title=\"Tarptautin\u0117s perkraustytoj\u0173 asociacijos (IAM) paai\u0161kinimai\">Tarptautin\u0117 perkraustytoj\u0173 asociacija<\/a> (IAM), kuri gal\u0117t\u0173 jums pad\u0117ti.<\/p>\n<p><strong>Pirmas \u017eingsnis<\/strong><\/p>\n<p><img loading=\"lazy\" decoding=\"async\" class=\"alignnone size-full wp-image-5461\" src=\"https:\/\/moverdb.com\/wp-content\/uploads\/Move-One-international-moving-company.png\" alt=\"Move One tarptautin\u0117 judanti \u012fmon\u0117\" width=\"1440\" height=\"680\" data-wp-pid=\"5461\" srcset=\"https:\/\/moverdb.com\/wp-content\/uploads\/Move-One-international-moving-company.png 1440w, https:\/\/moverdb.com\/wp-content\/uploads\/Move-One-international-moving-company-300x142.png 300w, https:\/\/moverdb.com\/wp-content\/uploads\/Move-One-international-moving-company-1024x484.png 1024w, https:\/\/moverdb.com\/wp-content\/uploads\/Move-One-international-moving-company-18x9.png 18w, https:\/\/moverdb.com\/wp-content\/uploads\/Move-One-international-moving-company-600x283.png 600w\" sizes=\"auto, (max-width: 1440px) 100vw, 1440px\" \/><\/p>\n<ul>\n<li>Tarptautiniai perkraustymai<\/li>\n<li>Perk\u0117limas<\/li>\n<li>Gyvenam\u0173j\u0173 nam\u0173 perkraustymai<\/li>\n<li>Biur\u0173 perk\u0117limas<\/li>\n<li>Parama imigracijai<\/li>\n<li>Apmokyti ir profesional\u016bs darbuotojai<\/li>\n<li>Gyv\u016bn\u0173 augintini\u0173 ve\u017eimas<\/li>\n<li>Pagalba ie\u0161kant nam\u0173 ir mokykl\u0173<\/li>\n<li>\u012esik\u016brimo paslaugos<\/li>\n<li>Sand\u0117liavimo patalpos<\/li>\n<\/ul>\n<p>\"Move One\" yra 1992 m. \u012fkurta perkraustymo bendrov\u0117, turinti filial\u0105 Oagadugu ir teikianti logistikos, perkraustymo ir pasaulinio mobilumo sprendimus. Ji teigia esanti rinkos lyder\u0117 Europoje, Afrikoje, Artimuosiuose Rytuose, Balkanuose ir NVS. Ji yra IAM nar\u0117, dirbanti 23 metus. Jie priklauso tarptautini\u0173 perkraustymo \u012fmoni\u0173 tinklui, teikian\u010diam tarptautini\u0173 perkraustym\u0173 paslaugas.<\/p>\n<p>\"Move One\" si\u016blo persikraustymo, perkraustymo ir persik\u0117limo paslaugas, kurias teikia profesional\u016bs apmokyti darbuotojai, padedantys persikraustyti ir galintys suteikti imigracijos pagalb\u0105 tvarkant biurokratines proced\u016bras. Jie gali pad\u0117ti perve\u017eti naminius gyv\u016bnus, surasti namus ir mokyklas.<\/p>\n<p>Interneto svetain\u0117: <a href=\"https:\/\/www.moveoneinc.com\/\" target=\"_blank\" rel=\"noopener\">https:\/\/www.moveoneinc.com\/<\/a><\/p>","protected":false},"excerpt":{"rendered":"<p>If you are planning a move in Burkina Faso, or moving to or from Burkina Faso then enlisting the assistance of a moving company can help. A moving company can lighten the load physical and mentally especially if you are moving countries. Below we have compiled a list of Burkina Faso moving companies that are [&hellip;]<\/p>\n","protected":false},"author":4,"featured_media":0,"parent":190,"menu_order":0,"comment_status":"closed","ping_status":"closed","template":"","meta":{"_genesis_hide_title":false,"_genesis_hide_breadcrumbs":false,"_genesis_hide_singular_image":false,"_genesis_hide_footer_widgets":false,"_genesis_custom_body_class":"","_genesis_custom_post_class":"","_genesis_layout":"","footnotes":""},"class_list":{"0":"post-5518","1":"page","2":"type-page","3":"status-publish","5":"entry"},"_links":{"self":[{"href":"https:\/\/moverdb.com\/lt\/wp-json\/wp\/v2\/pages\/5518","targetHints":{"allow":["GET"]}}],"collection":[{"href":"https:\/\/moverdb.com\/lt\/wp-json\/wp\/v2\/pages"}],"about":[{"href":"https:\/\/moverdb.com\/lt\/wp-json\/wp\/v2\/types\/page"}],"author":[{"embeddable":true,"href":"https:\/\/moverdb.com\/lt\/wp-json\/wp\/v2\/users\/4"}],"replies":[{"embeddable":true,"href":"https:\/\/moverdb.com\/lt\/wp-json\/wp\/v2\/comments?post=5518"}],"version-history":[{"count":1,"href":"https:\/\/moverdb.com\/lt\/wp-json\/wp\/v2\/pages\/5518\/revisions"}],"predecessor-version":[{"id":5519,"href":"https:\/\/moverdb.com\/lt\/wp-json\/wp\/v2\/pages\/5518\/revisions\/5519"}],"up":[{"embeddable":true,"href":"https:\/\/moverdb.com\/lt\/wp-json\/wp\/v2\/pages\/190"}],"wp:attachment":[{"href":"https:\/\/moverdb.com\/lt\/wp-json\/wp\/v2\/media?parent=5518"}],"curies":[{"name":"wp","href":"https:\/\/api.w.org\/{rel}","templated":true}]}}