{"id":5515,"date":"2023-02-01T13:53:52","date_gmt":"2023-02-01T13:53:52","guid":{"rendered":"https:\/\/moverdb.com\/?page_id=5515"},"modified":"2026-01-08T15:29:52","modified_gmt":"2026-01-08T15:29:52","slug":"kameruno-perkraustymo-imones","status":"publish","type":"page","link":"https:\/\/moverdb.com\/lt\/moving-companies\/cameroon-moving-companies\/","title":{"rendered":"Geriausios tarptautin\u0117s perkraustymo bendrov\u0117s Kamer\u016bne"},"content":{"rendered":"<p>Perkeliate namus ar versl\u0105? Tuomet jums gali prireikti pagalbos, kad persikraustymas b\u016bt\u0173 lengvesnis, ypa\u010d jei persikraustote \u012f kit\u0105 \u0161al\u012f, tod\u0117l patikima <a href=\"https:\/\/moverdb.com\/lt\/moving-companies\/\" data-internallinksmanager029f6b8e52c=\"79\" title=\"Top 25 Tarptautin\u0117s perkraustymo \u012fmon\u0117s internete\">perkraustymo \u012fmon\u0117<\/a> gal\u0117t\u0173 pad\u0117ti. \u017demiau pateikiame Kamer\u016bno s\u0105ra\u0161\u0105 <a href=\"https:\/\/moverdb.com\/lt\/international-removals\/\" data-internallinksmanager029f6b8e52c=\"27\" title=\"36 geriausios tarptautinio perkraustymo \u012fmon\u0117s Jungtin\u0117je Karalyst\u0117je\">perkraustymo \u012fmon\u0117s<\/a> kurie yra <a href=\"https:\/\/moverdb.com\/lt\/iam\/\" data-internallinksmanager029f6b8e52c=\"23\" title=\"Tarptautin\u0117s perkraustytoj\u0173 asociacijos (IAM) paai\u0161kinimai\">Tarptautin\u0117 perkraustytoj\u0173 asociacija<\/a> (IAM), kuri gal\u0117t\u0173 jums pad\u0117ti.<\/p>\n<h2><strong>Pirmas \u017eingsnis<\/strong><\/h2>\n<p><img loading=\"lazy\" decoding=\"async\" class=\"alignnone size-full wp-image-5461\" src=\"https:\/\/moverdb.com\/wp-content\/uploads\/Move-One-international-moving-company.png\" alt=\"Move One tarptautin\u0117 judanti \u012fmon\u0117\" width=\"1440\" height=\"680\" data-wp-pid=\"5461\" srcset=\"https:\/\/moverdb.com\/wp-content\/uploads\/Move-One-international-moving-company.png 1440w, https:\/\/moverdb.com\/wp-content\/uploads\/Move-One-international-moving-company-300x142.png 300w, https:\/\/moverdb.com\/wp-content\/uploads\/Move-One-international-moving-company-1024x484.png 1024w, https:\/\/moverdb.com\/wp-content\/uploads\/Move-One-international-moving-company-18x9.png 18w, https:\/\/moverdb.com\/wp-content\/uploads\/Move-One-international-moving-company-600x283.png 600w\" sizes=\"auto, (max-width: 1440px) 100vw, 1440px\" \/><\/p>\n<ul>\n<li>Tarptautinis perkraustymas<\/li>\n<li>Perk\u0117limas<\/li>\n<li>Nam\u0173 \u016bkio perkraustymai<\/li>\n<li>Biur\u0173 perkraustymas<\/li>\n<li>Profesional\u016bs darbuotojai, kurie jums pad\u0117s<\/li>\n<li>Imigracijos pagalba<\/li>\n<li>Gyv\u016bn\u0173 augintini\u0173 ve\u017eimas<\/li>\n<li>Pagalba \u012fsikuriant<\/li>\n<li>Nam\u0173 ir mokykl\u0173 paie\u0161ka<\/li>\n<li>Saugojimo sprendimai<\/li>\n<\/ul>\n<p>\"Move One\" yra tarptautin\u0117 perkraustymo bendrov\u0117, turinti filial\u0173 Europoje, Afrikoje ir Artimuosiuose Rytuose, \u012fskaitant Kamer\u016bn\u0105. Nuo 1992 m. ji teikia logistikos, perkraustymo ir pasaulinio mobilumo sprendimus. Jie taip pat turi tarptautin\u012f perkraustymo \u012fmoni\u0173 tinkl\u0105, padedant\u012f klientams tarptautiniu mastu. Kamer\u016bno filialas yra IAM narys, dirbantis 6 metus.<\/p>\n<p>\"Move One\" teikia profesionalias paslaugas, o j\u016bs\u0173 persikraustymui ar perk\u0117limui padeda auk\u0161tos kvalifikacijos darbuotojai. Jie pad\u0117s visais persikraustymo aspektais, \u012fskaitant logistikos ir imigracijos pagalbos organizavim\u0105, taip pat j\u016bs\u0173 augintini\u0173 gabenim\u0105. J\u0173 persikraustymo paslaugos taip pat apima pagalb\u0105 \u012fsikuriant, ie\u0161kant nam\u0173 ir mokykl\u0173.<\/p>\n<p>Interneto svetain\u0117: <a href=\"https:\/\/www.moveoneinc.com\/\" target=\"_blank\" rel=\"noopener\">https:\/\/www.moveoneinc.com\/<\/a><\/p>","protected":false},"excerpt":{"rendered":"<p>Are you moving home or your business? Then you may want help in making the move easier especially if you are relocating to another country, so a reputable moving company could help. Below we have compiled a list of Cameroon removal companies that are members of the International Association of Movers (IAM) that could help [&hellip;]<\/p>\n","protected":false},"author":4,"featured_media":0,"parent":190,"menu_order":0,"comment_status":"closed","ping_status":"closed","template":"","meta":{"_genesis_hide_title":false,"_genesis_hide_breadcrumbs":false,"_genesis_hide_singular_image":false,"_genesis_hide_footer_widgets":false,"_genesis_custom_body_class":"","_genesis_custom_post_class":"","_genesis_layout":"","footnotes":""},"class_list":{"0":"post-5515","1":"page","2":"type-page","3":"status-publish","5":"entry","6":"has-post-thumbnail"},"_links":{"self":[{"href":"https:\/\/moverdb.com\/lt\/wp-json\/wp\/v2\/pages\/5515","targetHints":{"allow":["GET"]}}],"collection":[{"href":"https:\/\/moverdb.com\/lt\/wp-json\/wp\/v2\/pages"}],"about":[{"href":"https:\/\/moverdb.com\/lt\/wp-json\/wp\/v2\/types\/page"}],"author":[{"embeddable":true,"href":"https:\/\/moverdb.com\/lt\/wp-json\/wp\/v2\/users\/4"}],"replies":[{"embeddable":true,"href":"https:\/\/moverdb.com\/lt\/wp-json\/wp\/v2\/comments?post=5515"}],"version-history":[{"count":2,"href":"https:\/\/moverdb.com\/lt\/wp-json\/wp\/v2\/pages\/5515\/revisions"}],"predecessor-version":[{"id":5517,"href":"https:\/\/moverdb.com\/lt\/wp-json\/wp\/v2\/pages\/5515\/revisions\/5517"}],"up":[{"embeddable":true,"href":"https:\/\/moverdb.com\/lt\/wp-json\/wp\/v2\/pages\/190"}],"wp:attachment":[{"href":"https:\/\/moverdb.com\/lt\/wp-json\/wp\/v2\/media?parent=5515"}],"curies":[{"name":"wp","href":"https:\/\/api.w.org\/{rel}","templated":true}]}}