{"id":5512,"date":"2023-02-01T13:54:26","date_gmt":"2023-02-01T13:54:26","guid":{"rendered":"https:\/\/moverdb.com\/?page_id=5512"},"modified":"2026-01-08T15:29:51","modified_gmt":"2026-01-08T15:29:51","slug":"burundzio-perkraustymo-imones","status":"publish","type":"page","link":"https:\/\/moverdb.com\/lt\/moving-companies\/burundi-moving-companies\/","title":{"rendered":"Geriausios tarptautin\u0117s perkraustymo \u012fmon\u0117s Burundyje"},"content":{"rendered":"<p>Jei norite persikelti \u012f namus ar versl\u0105 Burundyje, persikelti \u012f Burund\u012f ar i\u0161 jo, jus gali sudominti <a href=\"https:\/\/moverdb.com\/lt\/moving-companies\/\" data-internallinksmanager029f6b8e52c=\"79\" title=\"Top 25 Tarptautin\u0117s perkraustymo \u012fmon\u0117s internete\">perkraustymo \u012fmon\u0117<\/a> kurie gal\u0117t\u0173 palengvinti j\u016bs\u0173 persik\u0117lim\u0105. Toliau pateikiame Burund\u017eio <a href=\"https:\/\/moverdb.com\/lt\/international-removals\/\" data-internallinksmanager029f6b8e52c=\"27\" title=\"36 geriausios tarptautinio perkraustymo \u012fmon\u0117s Jungtin\u0117je Karalyst\u0117je\">perkraustymo \u012fmon\u0117s<\/a> kurie yra <a href=\"https:\/\/moverdb.com\/lt\/iam\/\" data-internallinksmanager029f6b8e52c=\"23\" title=\"Tarptautin\u0117s perkraustytoj\u0173 asociacijos (IAM) paai\u0161kinimai\">Tarptautin\u0117 perkraustytoj\u0173 asociacija<\/a> (IAM), kuri gal\u0117t\u0173 jums pad\u0117ti.<\/p>\n<h2><strong>Did\u017ei\u0173j\u0173 e\u017eer\u0173 logistika<\/strong><\/h2>\n<p><img loading=\"lazy\" decoding=\"async\" class=\"alignnone size-full wp-image-5444\" src=\"https:\/\/moverdb.com\/wp-content\/uploads\/Great-Lakes-Logistics-international-moving-company.png\" alt=\"&quot;Great Lakes Logistics&quot; tarptautin\u0117 perkraustymo \u012fmon\u0117\" width=\"1440\" height=\"679\" data-wp-pid=\"5444\" srcset=\"https:\/\/moverdb.com\/wp-content\/uploads\/Great-Lakes-Logistics-international-moving-company.png 1440w, https:\/\/moverdb.com\/wp-content\/uploads\/Great-Lakes-Logistics-international-moving-company-300x141.png 300w, https:\/\/moverdb.com\/wp-content\/uploads\/Great-Lakes-Logistics-international-moving-company-1024x483.png 1024w, https:\/\/moverdb.com\/wp-content\/uploads\/Great-Lakes-Logistics-international-moving-company-18x8.png 18w, https:\/\/moverdb.com\/wp-content\/uploads\/Great-Lakes-Logistics-international-moving-company-600x283.png 600w\" sizes=\"auto, (max-width: 1440px) 100vw, 1440px\" \/><\/p>\n<ul>\n<li>Nacionaliniai judesiai<\/li>\n<li>Tarptautiniai perkraustymai<\/li>\n<li>Gyvenam\u0173j\u0173 patalp\u0173 perkraustymas<\/li>\n<li>Nedideli komerciniai perkraustymai<\/li>\n<li>Krovini\u0173 ve\u017eimas keliais, gele\u017einkeliu, j\u016bra ir oru<\/li>\n<li>Pakavimo, pakrovimo ir i\u0161krovimo paslaugos<\/li>\n<li>Internetinis inventorius<\/li>\n<li>Muitinis \u012fforminimas<\/li>\n<li>Apima Ryt\u0173 Afrik\u0105<\/li>\n<li>Sand\u0117liavimo patalpos<\/li>\n<\/ul>\n<p>\"Great Lakes Logistics\" yra kliringo, ekspedijavimo, laivybos ir sand\u0117liavimo \u012fmon\u0117, \u012fkurta 2015 m. Burundyje kaip didel\u0117s Jungtini\u0173 Arab\u0173 Emyr\u0173 bendrov\u0117s filialas. Jie teikia perkraustymo paslaugas Burundyje, Ruandoje, <a href=\"https:\/\/moverdb.com\/lt\/moving-companies\/moving-companies-kenya\/\" data-internallinksmanager029f6b8e52c=\"305\" title=\"4 Geriausios tarptautin\u0117s perkraustymo \u012fmon\u0117s Kenijoje\">Kenija<\/a>, Uganda, Tanzanija, Piet\u0173 Sudanas, <a href=\"https:\/\/moverdb.com\/lt\/moving-companies\/moving-companies-mozambique\/\" data-internallinksmanager029f6b8e52c=\"286\" title=\"4 Geriausios tarptautin\u0117s perkraustymo \u012fmon\u0117s Mozambike\">Mozambikas<\/a>, <a href=\"https:\/\/moverdb.com\/lt\/moving-companies\/moving-companies-malawi\/\" data-internallinksmanager029f6b8e52c=\"295\" title=\"Geriausios tarptautin\u0117s perkraustymo \u012fmon\u0117s Malavyje\">Malavis<\/a>, KONGO DEMOKRATIN\u0116 RESPUBLIKA, <a href=\"https:\/\/moverdb.com\/lt\/moving-companies\/botswana-moving-companies\/\" data-internallinksmanager029f6b8e52c=\"167\" title=\"Geriausios tarptautin\u0117s perkraustymo \u012fmon\u0117s Botsvanoje\">Botsvana<\/a>, Angoloje ir Zimbabv\u0117je. Jie yra IAM nariai, dirbantys 6 metus.<\/p>\n<p>\"Great Lakes Logistics\" r\u016bpinasi gyvenam\u0173j\u0173 nam\u0173 ir ma\u017e\u0173 komercini\u0173 patalp\u0173 perve\u017eimais, kuriuos gali atlikti keli\u0173, gele\u017einkelio, j\u016br\u0173 ir oro transportu. Jie si\u016blo \u012fvairias perkraustymo paslaugas, \u012fskaitant pakrovimo ir i\u0161krovimo, daikt\u0173 i\u0161d\u0117stymo, pakavimo, muitinio \u012fforminimo ir sand\u0117liavimo paslaugas.<\/p>\n<p>Interneto svetain\u0117: <a href=\"https:\/\/www.greatlakeslogistics-bu.bi\" target=\"_blank\" rel=\"noopener\">https:\/\/www.greatlakeslogistics-bu.bi<\/a><\/p>","protected":false},"excerpt":{"rendered":"<p>If you are wanting to move home or business in Burundi, move to or from Burundi, you may be interested in the services of a moving company who could ease the move for you. Below we have compiled a list of Burundi removal companies that are members of the International Association of Movers (IAM) that [&hellip;]<\/p>\n","protected":false},"author":4,"featured_media":0,"parent":190,"menu_order":0,"comment_status":"closed","ping_status":"closed","template":"","meta":{"_genesis_hide_title":false,"_genesis_hide_breadcrumbs":false,"_genesis_hide_singular_image":false,"_genesis_hide_footer_widgets":false,"_genesis_custom_body_class":"","_genesis_custom_post_class":"","_genesis_layout":"","footnotes":""},"class_list":{"0":"post-5512","1":"page","2":"type-page","3":"status-publish","5":"entry","6":"has-post-thumbnail"},"_links":{"self":[{"href":"https:\/\/moverdb.com\/lt\/wp-json\/wp\/v2\/pages\/5512","targetHints":{"allow":["GET"]}}],"collection":[{"href":"https:\/\/moverdb.com\/lt\/wp-json\/wp\/v2\/pages"}],"about":[{"href":"https:\/\/moverdb.com\/lt\/wp-json\/wp\/v2\/types\/page"}],"author":[{"embeddable":true,"href":"https:\/\/moverdb.com\/lt\/wp-json\/wp\/v2\/users\/4"}],"replies":[{"embeddable":true,"href":"https:\/\/moverdb.com\/lt\/wp-json\/wp\/v2\/comments?post=5512"}],"version-history":[{"count":2,"href":"https:\/\/moverdb.com\/lt\/wp-json\/wp\/v2\/pages\/5512\/revisions"}],"predecessor-version":[{"id":5514,"href":"https:\/\/moverdb.com\/lt\/wp-json\/wp\/v2\/pages\/5512\/revisions\/5514"}],"up":[{"embeddable":true,"href":"https:\/\/moverdb.com\/lt\/wp-json\/wp\/v2\/pages\/190"}],"wp:attachment":[{"href":"https:\/\/moverdb.com\/lt\/wp-json\/wp\/v2\/media?parent=5512"}],"curies":[{"name":"wp","href":"https:\/\/api.w.org\/{rel}","templated":true}]}}