{"id":5510,"date":"2023-02-01T12:32:51","date_gmt":"2023-02-01T12:32:51","guid":{"rendered":"https:\/\/moverdb.com\/?page_id=5510"},"modified":"2026-01-08T15:23:39","modified_gmt":"2026-01-08T15:23:39","slug":"bulgarija-persikraustymo-imones","status":"publish","type":"page","link":"https:\/\/moverdb.com\/lt\/moving-companies\/bulgaria-moving-companies\/","title":{"rendered":"2 Geriausios tarptautin\u0117s perkraustymo \u012fmon\u0117s Bulgarijoje"},"content":{"rendered":"<p>Jei persikeliate namo arba savo versl\u0105 \u012f <a href=\"https:\/\/moverdb.com\/lt\/moving-to-bulgaria\/\" data-internallinksmanager029f6b8e52c=\"322\" title=\"Persik\u0117limas \u012f Bulgarij\u0105? 2023 Gyvenimo i\u0161laidos ir persik\u0117limo patarimai\">Bulgarija<\/a>arba persikraustant \u012f Bulgarij\u0105 ar i\u0161 jos, tuomet jums gali prireikti pasinaudoti <a href=\"https:\/\/moverdb.com\/lt\/moving-companies\/\" data-internallinksmanager029f6b8e52c=\"79\" title=\"Top 25 Tarptautin\u0117s perkraustymo \u012fmon\u0117s internete\">perkraustymo \u012fmon\u0117<\/a> suma\u017einti darbo kr\u016bv\u012f. Toliau pateikiame bulgar\u0173 kalbos s\u0105ra\u0161\u0105 <a href=\"https:\/\/moverdb.com\/lt\/international-removals\/\" data-internallinksmanager029f6b8e52c=\"27\" title=\"36 geriausios tarptautinio perkraustymo \u012fmon\u0117s Jungtin\u0117je Karalyst\u0117je\">perkraustymo \u012fmon\u0117s<\/a> kurie yra <a href=\"https:\/\/moverdb.com\/lt\/iam\/\" data-internallinksmanager029f6b8e52c=\"23\" title=\"Tarptautin\u0117s perkraustytoj\u0173 asociacijos (IAM) paai\u0161kinimai\">Tarptautin\u0117 perkraustytoj\u0173 asociacija<\/a> (IAM) ir (arba) <a href=\"https:\/\/moverdb.com\/lt\/fidi-faim\/\" data-internallinksmanager029f6b8e52c=\"16\" title=\"FIDI ir FAIM (FIDI akredituotas tarptautinis perve\u017e\u0117jas) paai\u0161kinimai\">FIDI<\/a> Akredituotas tarptautinis perkraustymas (FAIM), kuris gali jums pad\u0117ti.<\/p>\n<h2><strong>1. Movega<\/strong><\/h2>\n<p><img loading=\"lazy\" decoding=\"async\" class=\"alignnone size-full wp-image-5463\" src=\"https:\/\/moverdb.com\/wp-content\/uploads\/Movega-international-moving-company.png\" alt=\"&quot;Movega&quot; tarptautin\u0117 judanti kompanija\" width=\"1440\" height=\"678\" data-wp-pid=\"5463\" srcset=\"https:\/\/moverdb.com\/wp-content\/uploads\/Movega-international-moving-company.png 1440w, https:\/\/moverdb.com\/wp-content\/uploads\/Movega-international-moving-company-300x141.png 300w, https:\/\/moverdb.com\/wp-content\/uploads\/Movega-international-moving-company-1024x482.png 1024w, https:\/\/moverdb.com\/wp-content\/uploads\/Movega-international-moving-company-18x8.png 18w, https:\/\/moverdb.com\/wp-content\/uploads\/Movega-international-moving-company-600x283.png 600w\" sizes=\"auto, (max-width: 1440px) 100vw, 1440px\" \/><\/p>\n<ul>\n<li>Nacionaliniai judesiai<\/li>\n<li>Europos perkraustymai<\/li>\n<li>Nam\u0173 \u016bkio perkraustymai<\/li>\n<li>Biur\u0173 perk\u0117limas<\/li>\n<li>Viso ir dalinio krovinio paslaugos<\/li>\n<li>Nuolaidos u\u017esakant kelias transporto priemones<\/li>\n<li>Pakavimas ir i\u0161pakavimas<\/li>\n<li>Internetin\u0117s apklausos platforma j\u016bs\u0173 reikalavimams \u012fvertinti<\/li>\n<li>Gali b\u016bti \u012frengtas i\u0161orinis liftas<\/li>\n<li>Saugojimo sprendimai<\/li>\n<\/ul>\n<p>\"Movega\" yra Varnoje \u012fsik\u016brusi perkraustymo \u012fmon\u0117, teikianti perkraustymo paslaugas Bulgarijoje ir Europoje. Ji bendradarbiauja su persikraustymo partneriais ir teikia paslaugas tarptautiniu mastu. Jie r\u016bpinasi nam\u0173 \u016bki\u0173 ir biur\u0173 perk\u0117limu, yra IAM nariai, dirbantys 2 metus.<\/p>\n<p>\"Movega\" si\u016blo perkraustymo paslaug\u0173 pasirinkim\u0105, tod\u0117l galite naudotis visu ar daliniu kroviniu arba gauti nuolaidas kelioms transporto priemon\u0117ms. Naudodamiesi savo internetine apklausos platforma, jie padeda \u012fvertinti j\u016bs\u0173 perkraustymo poreikius. Jie si\u016blo transporto paslaugas, taip pat visas pakavimo ir i\u0161pakavimo paslaugas. J\u0173 automobili\u0173 parkas \u012fvairus, \u012fskaitant i\u0161orin\u012f keltuv\u0105 dideliems baldams i\u0161ve\u017eti pro langus ir balkonus.<\/p>\n<p>Interneto svetain\u0117: <a href=\"http:\/\/movega.co.uk\" target=\"_blank\" rel=\"noopener\">http:\/\/movega.co.uk<\/a><\/p>\n<h2><strong>2. Orbita<\/strong><\/h2>\n<p><img loading=\"lazy\" decoding=\"async\" class=\"alignnone size-full wp-image-5470\" src=\"https:\/\/moverdb.com\/wp-content\/uploads\/Orbit-international-moving-company.png\" alt=\"&quot;Orbit&quot; tarptautin\u0117 judanti \u012fmon\u0117\" width=\"1440\" height=\"684\" data-wp-pid=\"5470\" srcset=\"https:\/\/moverdb.com\/wp-content\/uploads\/Orbit-international-moving-company.png 1440w, https:\/\/moverdb.com\/wp-content\/uploads\/Orbit-international-moving-company-300x143.png 300w, https:\/\/moverdb.com\/wp-content\/uploads\/Orbit-international-moving-company-1024x486.png 1024w, https:\/\/moverdb.com\/wp-content\/uploads\/Orbit-international-moving-company-18x9.png 18w, https:\/\/moverdb.com\/wp-content\/uploads\/Orbit-international-moving-company-600x285.png 600w\" sizes=\"auto, (max-width: 1440px) 100vw, 1440px\" \/><\/p>\n<ul>\n<li>Nacionaliniai judesiai<\/li>\n<li>Tarptautiniai perkraustymai<\/li>\n<li>Nam\u0173 \u016bkio perkraustymai<\/li>\n<li>Komercin\u0117 logistika<\/li>\n<li>Individualus po\u017ei\u016bris<\/li>\n<li>Sausumos, j\u016br\u0173 ir oro transportas<\/li>\n<li>Muitin\u0117s agent\u016bra<\/li>\n<li>Pakavimas ir i\u0161pakavimas<\/li>\n<li>Meno gabenimas<\/li>\n<li>Transporto steb\u0117jimas ir draudimas<\/li>\n<\/ul>\n<p>\"Orbit\" yra Sofijoje \u012fsik\u016brusi ekspedijavimo ir transporto \u012fmon\u0117, kuri jau daugiau kaip 25 metus padeda \u017emon\u0117ms persikelti Bulgarijoje ir tarptautiniu mastu. Ji priklauso \"Orphee Beinoglou\" grupei, turin\u010diai filial\u0173 visoje Europoje, su kuriais bendradarbiauja ir su kitais perkraustymo partneriais, vykdan\u010diais tarptautinius perkraustymus. Jie yra IAM nariai, dirbantys 28 metus, ir yra akredituoti FIDI.<\/p>\n<p>\"Orbit\" teikia asmenines paslaugas, \u012fskaitant pirmin\u0119 ap\u017ei\u016br\u0105, persikraustymo sausuma, j\u016bra ar oru planavim\u0105, saug\u0173 daikt\u0173 supakavim\u0105 ir i\u0161pakavim\u0105 bei muitin\u0117s proced\u016br\u0173 organizavim\u0105. Jie u\u017etikrina ramyb\u0119, apdrausdami j\u016bs\u0173 daiktus tranzitu ir steb\u0117dami j\u016bs\u0173 siuntos jud\u0117jim\u0105.<\/p>\n<p>Interneto svetain\u0117: <a href=\"http:\/\/www.orbit.bg\" target=\"_blank\" rel=\"noopener\">http:\/\/www.orbit.bg<\/a><\/p>\n<h2>Kiti naudingi gidai apie Bulgarij\u0105<\/h2>\n<ul>\n<li> <a href=\"https:\/\/moverdb.com\/lt\/moving-to-bulgaria\/\">Persik\u0117limas \u012f Bulgarij\u0105? 2023 Gyvenimo i\u0161laidos ir persik\u0117limo patarimai<\/a><\/li>\n<li> <a href=\"https:\/\/moverdb.com\/lt\/moving-to-bulgaria\/best-places-to-live-bulgaria\/\">13 geriausi\u0173 viet\u0173 gyventi Bulgarijoje<\/a><\/li>\n<\/ul>","protected":false},"excerpt":{"rendered":"<p>If you are moving home or your business in Bulgaria, or moving to or from Bulgaria, then you may want to engage the services of a moving company to reduce the workload. Below we have compiled a list of Bulgarian removal companies that are members of the International Association of Movers (IAM) and\/or FIDI Accredited [&hellip;]<\/p>\n","protected":false},"author":4,"featured_media":0,"parent":190,"menu_order":0,"comment_status":"closed","ping_status":"closed","template":"","meta":{"_genesis_hide_title":false,"_genesis_hide_breadcrumbs":false,"_genesis_hide_singular_image":false,"_genesis_hide_footer_widgets":false,"_genesis_custom_body_class":"","_genesis_custom_post_class":"","_genesis_layout":"","footnotes":""},"class_list":{"0":"post-5510","1":"page","2":"type-page","3":"status-publish","5":"entry","6":"has-post-thumbnail"},"_links":{"self":[{"href":"https:\/\/moverdb.com\/lt\/wp-json\/wp\/v2\/pages\/5510","targetHints":{"allow":["GET"]}}],"collection":[{"href":"https:\/\/moverdb.com\/lt\/wp-json\/wp\/v2\/pages"}],"about":[{"href":"https:\/\/moverdb.com\/lt\/wp-json\/wp\/v2\/types\/page"}],"author":[{"embeddable":true,"href":"https:\/\/moverdb.com\/lt\/wp-json\/wp\/v2\/users\/4"}],"replies":[{"embeddable":true,"href":"https:\/\/moverdb.com\/lt\/wp-json\/wp\/v2\/comments?post=5510"}],"version-history":[{"count":3,"href":"https:\/\/moverdb.com\/lt\/wp-json\/wp\/v2\/pages\/5510\/revisions"}],"predecessor-version":[{"id":16292,"href":"https:\/\/moverdb.com\/lt\/wp-json\/wp\/v2\/pages\/5510\/revisions\/16292"}],"up":[{"embeddable":true,"href":"https:\/\/moverdb.com\/lt\/wp-json\/wp\/v2\/pages\/190"}],"wp:attachment":[{"href":"https:\/\/moverdb.com\/lt\/wp-json\/wp\/v2\/media?parent=5510"}],"curies":[{"name":"wp","href":"https:\/\/api.w.org\/{rel}","templated":true}]}}