{"id":5507,"date":"2023-02-01T13:55:39","date_gmt":"2023-02-01T13:55:39","guid":{"rendered":"https:\/\/moverdb.com\/?page_id=5507"},"modified":"2026-01-08T15:29:49","modified_gmt":"2026-01-08T15:29:49","slug":"brunei-moving-companies","status":"publish","type":"page","link":"https:\/\/moverdb.com\/lt\/moving-companies\/brunei-moving-companies\/","title":{"rendered":"Geriausios tarptautinio perkraustymo \u012fmon\u0117s Brun\u0117juje Darusalame"},"content":{"rendered":"<p>Nam\u0173 ar verslo perk\u0117limas gali b\u016bti sud\u0117tingas ir sunkus darbas, tod\u0117l, jei norite palengvinti \u0161\u012f kr\u016bv\u012f, galb\u016bt nor\u0117site pasisamdyti <a href=\"https:\/\/moverdb.com\/lt\/moving-companies\/\" data-internallinksmanager029f6b8e52c=\"79\" title=\"Top 25 Tarptautin\u0117s perkraustymo \u012fmon\u0117s internete\">perkraustymo \u012fmon\u0117<\/a> pad\u0117ti jums. Toliau pateikiame s\u0105ra\u0161\u0105 <a href=\"https:\/\/moverdb.com\/lt\/moving-to-brunei\/\" data-internallinksmanager029f6b8e52c=\"424\" title=\"Persik\u0117limas \u012f Brun\u0117j\u0173? 2023 Gyvenimo i\u0161laidos ir persik\u0117limo patarimai\">Brun\u0117jus<\/a> Darussalam <a href=\"https:\/\/moverdb.com\/lt\/international-removals\/\" data-internallinksmanager029f6b8e52c=\"27\" title=\"36 geriausios tarptautinio perkraustymo \u012fmon\u0117s Jungtin\u0117je Karalyst\u0117je\">perkraustymo \u012fmon\u0117s<\/a> kurie yra <a href=\"https:\/\/moverdb.com\/lt\/iam\/\" data-internallinksmanager029f6b8e52c=\"23\" title=\"Tarptautin\u0117s perkraustytoj\u0173 asociacijos (IAM) paai\u0161kinimai\">Tarptautin\u0117 perkraustytoj\u0173 asociacija<\/a> (IAM), kuri gal\u0117t\u0173 jums pad\u0117ti.<\/p>\n<h2><strong>Brun\u0117jaus transporto bendrov\u0117 <\/strong><\/h2>\n<p><img loading=\"lazy\" decoding=\"async\" class=\"alignnone size-full wp-image-5508\" src=\"https:\/\/moverdb.com\/wp-content\/uploads\/Brunei-Transporting-Company-international-moving-company.png\" alt=\"Brun\u0117jus Transportavimo kompanija tarptautin\u0117 judanti kompanija\" width=\"1440\" height=\"682\" data-wp-pid=\"5508\" srcset=\"https:\/\/moverdb.com\/wp-content\/uploads\/Brunei-Transporting-Company-international-moving-company.png 1440w, https:\/\/moverdb.com\/wp-content\/uploads\/Brunei-Transporting-Company-international-moving-company-300x142.png 300w, https:\/\/moverdb.com\/wp-content\/uploads\/Brunei-Transporting-Company-international-moving-company-1024x485.png 1024w, https:\/\/moverdb.com\/wp-content\/uploads\/Brunei-Transporting-Company-international-moving-company-18x9.png 18w, https:\/\/moverdb.com\/wp-content\/uploads\/Brunei-Transporting-Company-international-moving-company-600x284.png 600w\" sizes=\"auto, (max-width: 1440px) 100vw, 1440px\" \/><\/p>\n<ul>\n<li>Tarptautinis perkraustymas<\/li>\n<li>Vietinis transportas<\/li>\n<li>Nam\u0173 \u016bkio perkraustymai<\/li>\n<li>Komerciniai perkraustymai<\/li>\n<li>Paslaugos \"nuo dur\u0173 iki dur\u0173<\/li>\n<li>Sausumos ir j\u016br\u0173 transportas<\/li>\n<li>Apmokyti ir patyr\u0119 darbuotojai<\/li>\n<li>I\u0161samus transporto priemoni\u0173 parkas<\/li>\n<li>Muitin\u0117s tarpininkavimo paslaugos<\/li>\n<li>Sand\u0117liavimo sprendim\u0173 pasirinkimas<\/li>\n<\/ul>\n<p>\"Brun\u0117jaus transporto kompanija\" yra viena i\u0161 pirmaujan\u010di\u0173 logistikos \u012fmoni\u0173 Brun\u0117juje Darusalame, teikian\u010di\u0173 vietines ir tarptautines perkraustymo paslaugas. Teikdama tarptautines paslaugas, ji bendradarbiauja su asocijuotomis perkraustymo \u012fmon\u0117mis, su kuriomis nuolat palaiko ry\u0161\u012f, kad u\u017etikrint\u0173 saug\u0173 ir greit\u0105 perve\u017eim\u0105. Ji yra IAM nar\u0117.<\/p>\n<p>Brun\u0117jaus transporto bendrov\u0117 turi plat\u0173 transporto priemoni\u0173 park\u0105, \u012fskaitant sunkve\u017eimius, automobili\u0173 transporterius, pagrindinius krautuvus, priekabas ir kranus. Ji teikia perkraustymo ir logistikos paslaugas diplomatams, nacionalin\u0117ms ir tarptautin\u0117ms bendrov\u0117ms bei privatiems asmenims. Jie teikia krovini\u0173 pristatymo sausuma ir j\u016bra nuo dur\u0173 iki dur\u0173 paslaugas, muitin\u0117s tarpininko paslaugas ir \u012fvairias sand\u0117liavimo galimybes.<\/p>\n<p>Interneto svetain\u0117: <a href=\"http:\/\/www.bruneitransporting.com\" target=\"_blank\" rel=\"noopener\">http:\/\/www.bruneitransporting.com<\/a><\/p>","protected":false},"excerpt":{"rendered":"<p>Moving home or your business can be complex and hard work so if you are looking to lighten the load then you might want to employ a moving company to help you. Below we have compiled a list of Brunei Darussalam removal companies that are members of the International Association of Movers (IAM) that could [&hellip;]<\/p>\n","protected":false},"author":4,"featured_media":0,"parent":190,"menu_order":0,"comment_status":"closed","ping_status":"closed","template":"","meta":{"_genesis_hide_title":false,"_genesis_hide_breadcrumbs":false,"_genesis_hide_singular_image":false,"_genesis_hide_footer_widgets":false,"_genesis_custom_body_class":"","_genesis_custom_post_class":"","_genesis_layout":"","footnotes":""},"class_list":{"0":"post-5507","1":"page","2":"type-page","3":"status-publish","5":"entry","6":"has-post-thumbnail"},"_links":{"self":[{"href":"https:\/\/moverdb.com\/lt\/wp-json\/wp\/v2\/pages\/5507","targetHints":{"allow":["GET"]}}],"collection":[{"href":"https:\/\/moverdb.com\/lt\/wp-json\/wp\/v2\/pages"}],"about":[{"href":"https:\/\/moverdb.com\/lt\/wp-json\/wp\/v2\/types\/page"}],"author":[{"embeddable":true,"href":"https:\/\/moverdb.com\/lt\/wp-json\/wp\/v2\/users\/4"}],"replies":[{"embeddable":true,"href":"https:\/\/moverdb.com\/lt\/wp-json\/wp\/v2\/comments?post=5507"}],"version-history":[{"count":1,"href":"https:\/\/moverdb.com\/lt\/wp-json\/wp\/v2\/pages\/5507\/revisions"}],"predecessor-version":[{"id":5509,"href":"https:\/\/moverdb.com\/lt\/wp-json\/wp\/v2\/pages\/5507\/revisions\/5509"}],"up":[{"embeddable":true,"href":"https:\/\/moverdb.com\/lt\/wp-json\/wp\/v2\/pages\/190"}],"wp:attachment":[{"href":"https:\/\/moverdb.com\/lt\/wp-json\/wp\/v2\/media?parent=5507"}],"curies":[{"name":"wp","href":"https:\/\/api.w.org\/{rel}","templated":true}]}}