{"id":5392,"date":"2022-11-19T02:21:51","date_gmt":"2022-11-19T02:21:51","guid":{"rendered":"https:\/\/moverdb.com\/?page_id=5392"},"modified":"2026-01-08T14:38:39","modified_gmt":"2026-01-08T14:38:39","slug":"turkai-ir-kajkosai","status":"publish","type":"page","link":"https:\/\/moverdb.com\/lt\/container-shipping\/turks-and-caicos\/","title":{"rendered":"2023 m. Krovini\u0173 gabenimo j\u016bra konteineriais \u012f ir i\u0161 Terkso ir Kaikoso sal\u0173 \u012fkainiai"},"content":{"rendered":"<div class=\"wp-block-image\">\n<figure class=\"aligncenter size-full\"><img loading=\"lazy\" decoding=\"async\" width=\"1000\" height=\"667\" src=\"https:\/\/moverdb.com\/wp-content\/uploads\/turks-and-caicos.jpg\" alt=\"Sm\u0117lio papl\u016bdimys Terkso ir Kaikoso saloje\" class=\"wp-image-5383\" srcset=\"https:\/\/moverdb.com\/wp-content\/uploads\/turks-and-caicos.jpg 1000w, https:\/\/moverdb.com\/wp-content\/uploads\/turks-and-caicos-300x200.jpg 300w, https:\/\/moverdb.com\/wp-content\/uploads\/turks-and-caicos-18x12.jpg 18w, https:\/\/moverdb.com\/wp-content\/uploads\/turks-and-caicos-600x400.jpg 600w\" sizes=\"auto, (max-width: 1000px) 100vw, 1000px\" \/><\/figure>\n<\/div>\n\n\n<p><strong><a href=\"https:\/\/moverdb.com\/lt\/moving-to-the-turks-and-caicos-islands\/\" data-internallinksmanager029f6b8e52c=\"388\" title=\"Persik\u0117limas \u012f Terkso ir Kaikoso salas? 2023 m. pragyvenimo i\u0161laidos\">Terksas ir Kaikosas<\/a><\/strong> dar viena Did\u017eiosios Britanijos sal\u0173 teritorija Karibuose. \u0160iame salyne gyvena 8 pagrindin\u0117s salos, ta\u010diau i\u0161 tikr\u0173j\u0173 j\u012f sudaro daugiau kaip 40 sal\u0173.<\/p>\n\n\n\n<p>Turkso ir Kaikoso salos emigrantams labiausiai patrauklios tiems, kurie nori pasitraukti \u012f \u0161ilt\u0105, ram\u0173 kampel\u012f ir m\u0117gautis l\u0117tesniu gyvenimo tempu arba praleisti pensij\u0105 gra\u017eiuose papl\u016bdimiuose ir ramiose bangose. Kitos svarbios prie\u017eastys, d\u0117l kuri\u0173 kai kurie nusprend\u017eia \u0161\u012f \u017eemi\u0161k\u0105j\u012f roj\u0173 paversti savo namais, yra stabili valiuta ir pajam\u0173, turto ir paveld\u0117jimo neapmokestinimo taisykl\u0117s.<\/p>\n\n\n\n<p>Kadangi Turksas ir Kaikosas yra labai ma\u017ea valstyb\u0117, krovini\u0173 gabenimo j\u016bra galimyb\u0117s yra gana ribotos. Ta\u010diau pasisteng\u0117me ir surinkome kelet\u0105 kain\u0173, kurios pateiktos toliau esan\u010diose lentel\u0117se.<\/p>\n\n\n\n<p>\u017demiausia Turkso ir Kaikoso sal\u0173 <a href=\"https:\/\/moverdb.com\/lt\/container-shipping\/\" data-internallinksmanager029f6b8e52c=\"3\" title=\"Tarptautini\u0173 konteineri\u0173 gabenimo tarif\u0173 diagrama: 2026 m. baland\u017eio m\u0117n.\">konteineri\u0173 gabenimo tarifai<\/a> 20 p\u0117d\u0173 arba 40 p\u0117d\u0173 j\u016brini\u0173 konteineri\u0173 eksponavimo i\u0161laidos.<\/p>\n\n\n\n<h2 class=\"wp-block-heading\">Konteineri\u0173 gabenimo i\u0161laidos \u012f Turkso ir Kaikoso sal\u0105 (Providenciales)<\/h2>\n\n\n<div class=\"wp-block-image\">\n<figure class=\"aligncenter size-large\"><img loading=\"lazy\" decoding=\"async\" width=\"1024\" height=\"539\" src=\"https:\/\/moverdb.com\/wp-content\/uploads\/Shipping-Container-Costs-to-Turks-and-Caicos-1024x539.png\" alt=\"Konteineri\u0173 gabenimo i\u0161laidos \u012f Turkso ir Kaikoso sal\u0105 (Providenciales)\" class=\"wp-image-5380\" srcset=\"https:\/\/moverdb.com\/wp-content\/uploads\/Shipping-Container-Costs-to-Turks-and-Caicos-1024x539.png 1024w, https:\/\/moverdb.com\/wp-content\/uploads\/Shipping-Container-Costs-to-Turks-and-Caicos-300x158.png 300w, https:\/\/moverdb.com\/wp-content\/uploads\/Shipping-Container-Costs-to-Turks-and-Caicos-1536x809.png 1536w, https:\/\/moverdb.com\/wp-content\/uploads\/Shipping-Container-Costs-to-Turks-and-Caicos-18x9.png 18w, https:\/\/moverdb.com\/wp-content\/uploads\/Shipping-Container-Costs-to-Turks-and-Caicos-600x316.png 600w, https:\/\/moverdb.com\/wp-content\/uploads\/Shipping-Container-Costs-to-Turks-and-Caicos.png 2000w\" sizes=\"auto, (max-width: 1024px) 100vw, 1024px\" \/><\/figure>\n<\/div>\n\n\n<table id=\"tablepress-226\" class=\"tablepress tablepress-id-226\">\n<thead>\n<tr class=\"row-1\">\n\t<th class=\"column-1\">Paskirties \u0161alis (<a href=\"https:\/\/moverdb.com\/lt\/top-49-container-ports\/\" data-internallinksmanager029f6b8e52c=\"80\" title=\"49 did\u017eiausi ir labiausiai apkrauti konteineri\u0173 uostai 2025 m.\">Uostas<\/a>\/miestas)<\/th><th class=\"column-2\">20FT<\/th><th class=\"column-3\">40FT<\/th>\n<\/tr>\n<\/thead>\n<tbody class=\"row-striping row-hover\">\n<tr class=\"row-2\">\n\t<td class=\"column-1\"><a href=\"https:\/\/moverdb.com\/lt\/container-shipping\/andorra\/\" data-internallinksmanager029f6b8e52c=\"88\" title=\"2023 m. J\u016br\u0173 krovini\u0173 gabenimo konteineriais \u012f Andor\u0105 ir i\u0161 jos \u012fkainiai\">Andora (Andora la Vella)<\/a><\/td><td class=\"column-2\">$1,450<\/td><td class=\"column-3\">$1,900<\/td>\n<\/tr>\n<tr class=\"row-3\">\n\t<td class=\"column-1\"><a href=\"https:\/\/moverdb.com\/lt\/container-shipping\/australia\/\" data-internallinksmanager029f6b8e52c=\"89\" title=\"2026 m. konteineri\u0173 gabenimo \u012f Australij\u0105 ir i\u0161 jos kainos\">Australija (Sidn\u0117jus)<\/a><\/td><td class=\"column-2\">NETAIKOMA<\/td><td class=\"column-3\">$12,406<\/td>\n<\/tr>\n<tr class=\"row-4\">\n\t<td class=\"column-1\"><a href=\"https:\/\/moverdb.com\/lt\/container-shipping\/austria\/\" data-internallinksmanager029f6b8e52c=\"95\" title=\"2023 m. J\u016br\u0173 krovini\u0173 gabenimo konteineriais \u012f Austrij\u0105 ir i\u0161 jos kainos\">Austrija (Viena)<\/a><\/td><td class=\"column-2\">$6,640<\/td><td class=\"column-3\">$7,951<\/td>\n<\/tr>\n<tr class=\"row-5\">\n\t<td class=\"column-1\"><a href=\"https:\/\/moverdb.com\/lt\/container-shipping\/bahrain\/\" data-internallinksmanager029f6b8e52c=\"96\" title=\"2023 m. J\u016br\u0173 krovini\u0173 gabenimo konteineriais \u012f Bahrein\u0105 ir i\u0161 jo \u012fkainiai\">Bahreinas (Manama)<\/a><\/td><td class=\"column-2\">NETAIKOMA<\/td><td class=\"column-3\">$12,306<\/td>\n<\/tr>\n<tr class=\"row-6\">\n\t<td class=\"column-1\"><a href=\"https:\/\/moverdb.com\/lt\/container-shipping\/belize\/\" data-internallinksmanager029f6b8e52c=\"137\" title=\"2023 m. J\u016br\u0173 krovini\u0173 gabenimo konteineriais \u012f Beliz\u0105 ir i\u0161 jo \u012fkainiai\">Belizas (Belizo miestas)<\/a><\/td><td class=\"column-2\">$2,090<\/td><td class=\"column-3\">$2,809<\/td>\n<\/tr>\n<tr class=\"row-7\">\n\t<td class=\"column-1\"><a href=\"https:\/\/moverdb.com\/lt\/container-shipping\/brazil\/\" data-internallinksmanager029f6b8e52c=\"98\" title=\"2023 m. J\u016br\u0173 krovini\u0173 gabenimo konteineriais \u012f Brazilij\u0105 ir i\u0161 jos \u012fkainiai\">Brazilija (Santos)<\/a><\/td><td class=\"column-2\">$2,090<\/td><td class=\"column-3\">$2,809<\/td>\n<\/tr>\n<tr class=\"row-8\">\n\t<td class=\"column-1\"><a href=\"https:\/\/moverdb.com\/lt\/container-shipping\/cambodia\/\" data-internallinksmanager029f6b8e52c=\"101\" title=\"2022 J\u016br\u0173 krovini\u0173 gabenimo konteineriais \u012f Kambod\u017e\u0105 ir i\u0161 jos \u012fkainiai\">Kambod\u017ea (Sihanoukvilis)<\/a><\/td><td class=\"column-2\">$7,606<\/td><td class=\"column-3\">$8,276<\/td>\n<\/tr>\n<tr class=\"row-9\">\n\t<td class=\"column-1\"><a href=\"https:\/\/moverdb.com\/lt\/container-shipping\/china\/\" data-internallinksmanager029f6b8e52c=\"105\" title=\"2023 m. J\u016br\u0173 krovini\u0173 gabenimo konteineriais \u012f Kinij\u0105 ir i\u0161 jos \u012fkainiai\">Kinija (Pekinas)<\/a><\/td><td class=\"column-2\">$6,757<\/td><td class=\"column-3\">$7,134<\/td>\n<\/tr>\n<tr class=\"row-10\">\n\t<td class=\"column-1\">Kinija (\u0160anchajus)<\/td><td class=\"column-2\">$6,696<\/td><td class=\"column-3\">$7,077<\/td>\n<\/tr>\n<tr class=\"row-11\">\n\t<td class=\"column-1\"><a href=\"https:\/\/moverdb.com\/lt\/moving-to-gibraltar\/\" data-internallinksmanager029f6b8e52c=\"431\" title=\"Persik\u0117limas \u012f Gibraltar\u0105? 2023 Gyvenimo i\u0161laidos ir persik\u0117limo patarimai\">Gibraltaras<\/a><\/td><td class=\"column-2\">$4,178<\/td><td class=\"column-3\">$5,933<\/td>\n<\/tr>\n<tr class=\"row-12\">\n\t<td class=\"column-1\"><a href=\"https:\/\/moverdb.com\/lt\/container-shipping\/guernsey\/\" data-internallinksmanager029f6b8e52c=\"121\" title=\"2023 m. J\u016br\u0173 krovini\u0173 gabenimo konteineriais \u012f Gerns\u012f ir i\u0161 jo \u012fkainiai\">Gernsis (St Peter Port)<\/a><\/td><td class=\"column-2\">$2,846<\/td><td class=\"column-3\">$2,953<\/td>\n<\/tr>\n<tr class=\"row-13\">\n\t<td class=\"column-1\"><a href=\"https:\/\/moverdb.com\/lt\/container-shipping\/hong-kong\/\" data-internallinksmanager029f6b8e52c=\"123\" title=\"2023 m. J\u016br\u0173 krovini\u0173 gabenimo konteineriais \u012f Honkong\u0105 ir i\u0161 jo kainos\">Honkongas (Honkongas)<\/a><\/td><td class=\"column-2\">$6,696<\/td><td class=\"column-3\">$7,077<\/td>\n<\/tr>\n<tr class=\"row-14\">\n\t<td class=\"column-1\"><a href=\"https:\/\/moverdb.com\/lt\/container-shipping\/indonesia\/\" data-internallinksmanager029f6b8e52c=\"126\" title=\"2023 m. J\u016br\u0173 krovini\u0173 gabenimo konteineriais \u012f Indonezij\u0105 ir i\u0161 jos \u012fkainiai\">Indonezija (D\u017eakarta)<\/a><\/td><td class=\"column-2\">$7,295<\/td><td class=\"column-3\">$7,762<\/td>\n<\/tr>\n<tr class=\"row-15\">\n\t<td class=\"column-1\"><a href=\"https:\/\/moverdb.com\/lt\/moving-to-luxembourg\/\" data-internallinksmanager029f6b8e52c=\"349\" title=\"Persik\u0117limas \u012f Liuksemburg\u0105? 2023 Gyvenimo i\u0161laidos ir persik\u0117limo patarimai\">Liuksemburgas<\/a><\/td><td class=\"column-2\">$3,940<\/td><td class=\"column-3\">$5,490<\/td>\n<\/tr>\n<tr class=\"row-16\">\n\t<td class=\"column-1\"><a href=\"https:\/\/moverdb.com\/lt\/container-shipping\/united-arab-emirates\/\" data-internallinksmanager029f6b8e52c=\"188\" title=\"2026 m. konteineri\u0173 gabenimo \u012f JAE ir i\u0161 j\u0173 tarifai\">JAE (Jebel Ali)<\/a><\/td><td class=\"column-2\">$6,276<\/td><td class=\"column-3\">$6,943<\/td>\n<\/tr>\n<tr class=\"row-17\">\n\t<td class=\"column-1\"><a href=\"https:\/\/moverdb.com\/lt\/moving-to-the-united-states\/\" data-internallinksmanager029f6b8e52c=\"94\" title=\"Persik\u0117limas \u012f Jungtines Amerikos Valstijas? 2022 Gyvenimo i\u0161laidos ir persik\u0117limo patarimai\">JAV<\/a> (<a href=\"https:\/\/moverdb.com\/lt\/moving-to-los-angeles\/\" data-internallinksmanager029f6b8e52c=\"51\" title=\"Persikraustote \u012f Los And\u017eel\u0105? 2026 m. gyvenimo Los And\u017eele i\u0161laidos ir persik\u0117limo patarimai\">Los And\u017eelas<\/a>)<\/td><td class=\"column-2\">$912<\/td><td class=\"column-3\">$1,309<\/td>\n<\/tr>\n<tr class=\"row-18\">\n\t<td class=\"column-1\"><a href=\"https:\/\/moverdb.com\/lt\/container-shipping\/united-states\/\" data-internallinksmanager029f6b8e52c=\"87\" title=\"2023 m. J\u016br\u0173 krovini\u0173 gabenimo konteineriais \u012f JAV ir i\u0161 JAV kainos\">JAV (Niujorkas)<\/a><\/td><td class=\"column-2\">$2,624<\/td><td class=\"column-3\">$1,937<\/td>\n<\/tr>\n<\/tbody>\n<\/table>\n<!-- #tablepress-226 from cache -->\n\n\n\n<h2 class=\"wp-block-heading\">Laivybos konteineriais i\u0161laidos i\u0161 Turkso ir Kaikoso (Providenciales)<\/h2>\n\n\n<div class=\"wp-block-image\">\n<figure class=\"aligncenter size-large\"><img loading=\"lazy\" decoding=\"async\" width=\"1024\" height=\"539\" src=\"https:\/\/moverdb.com\/wp-content\/uploads\/Shipping-Container-Costs-from-Turks-and-Caicos-1024x539.png\" alt=\"Laivybos konteineriais i\u0161laidos i\u0161 Turkso ir Kaikoso (Providenciales)\" class=\"wp-image-5378\" srcset=\"https:\/\/moverdb.com\/wp-content\/uploads\/Shipping-Container-Costs-from-Turks-and-Caicos-1024x539.png 1024w, https:\/\/moverdb.com\/wp-content\/uploads\/Shipping-Container-Costs-from-Turks-and-Caicos-300x158.png 300w, https:\/\/moverdb.com\/wp-content\/uploads\/Shipping-Container-Costs-from-Turks-and-Caicos-1536x809.png 1536w, https:\/\/moverdb.com\/wp-content\/uploads\/Shipping-Container-Costs-from-Turks-and-Caicos-18x9.png 18w, https:\/\/moverdb.com\/wp-content\/uploads\/Shipping-Container-Costs-from-Turks-and-Caicos-600x316.png 600w, https:\/\/moverdb.com\/wp-content\/uploads\/Shipping-Container-Costs-from-Turks-and-Caicos.png 2000w\" sizes=\"auto, (max-width: 1024px) 100vw, 1024px\" \/><\/figure>\n<\/div>\n\n\n<table id=\"tablepress-224\" class=\"tablepress tablepress-id-224\">\n<thead>\n<tr class=\"row-1\">\n\t<th class=\"column-1\">Paskirties \u0161alis (uostas \/ miestas)<\/th><th class=\"column-2\">20FT<\/th><th class=\"column-3\">40FT<\/th>\n<\/tr>\n<\/thead>\n<tbody class=\"row-striping row-hover\">\n<tr class=\"row-2\">\n\t<td class=\"column-1\">Andora (Andora la Vella)<\/td><td class=\"column-2\">NETAIKOMA<\/td><td class=\"column-3\">$355<\/td>\n<\/tr>\n<tr class=\"row-3\">\n\t<td class=\"column-1\"><a href=\"https:\/\/moverdb.com\/lt\/container-shipping\/antigua-and-barbuda\/\" data-internallinksmanager029f6b8e52c=\"92\" title=\"2023 m. J\u016br\u0173 krovini\u0173 gabenimo konteineriais \u012f Antigv\u0105 ir Barbud\u0105 ir i\u0161 jos \u012fkainiai\">Antigva ir Barbuda (Sent D\u017eonas)<\/a><\/td><td class=\"column-2\">$600<\/td><td class=\"column-3\">$801<\/td>\n<\/tr>\n<tr class=\"row-4\">\n\t<td class=\"column-1\">Australija (Sidn\u0117jus)<\/td><td class=\"column-2\">$2,845<\/td><td class=\"column-3\">NETAIKOMA<\/td>\n<\/tr>\n<tr class=\"row-5\">\n\t<td class=\"column-1\">Brazilija (Santos)<\/td><td class=\"column-2\">$873<\/td><td class=\"column-3\">$1,312<\/td>\n<\/tr>\n<tr class=\"row-6\">\n\t<td class=\"column-1\"><a href=\"https:\/\/moverdb.com\/lt\/container-shipping\/canada\/\" data-internallinksmanager029f6b8e52c=\"102\" title=\"2023 m. J\u016br\u0173 krovini\u0173 gabenimo konteineriais \u012f Kanad\u0105 ir i\u0161 jos kainos\">Kanada (Torontas)<\/a><\/td><td class=\"column-2\">$1,078<\/td><td class=\"column-3\">$2,422<\/td>\n<\/tr>\n<tr class=\"row-7\">\n\t<td class=\"column-1\">Kinija (\u0160anchajus)<\/td><td class=\"column-2\">$2,415<\/td><td class=\"column-3\">$3,105<\/td>\n<\/tr>\n<tr class=\"row-8\">\n\t<td class=\"column-1\"><a href=\"https:\/\/moverdb.com\/lt\/container-shipping\/pakistan\/\" data-internallinksmanager029f6b8e52c=\"155\" title=\"2023 m. J\u016br\u0173 krovini\u0173 gabenimo konteineriais \u012f Pakistan\u0105 ir i\u0161 jo kainos\">Pakistanas (Kara\u010dis)<\/a><\/td><td class=\"column-2\">$4,507<\/td><td class=\"column-3\">$4,830<\/td>\n<\/tr>\n<tr class=\"row-9\">\n\t<td class=\"column-1\"><a href=\"https:\/\/moverdb.com\/lt\/container-shipping\/saudi-arabia\/\" data-internallinksmanager029f6b8e52c=\"178\" title=\"2023 m. J\u016br\u0173 krovini\u0173 gabenimo konteineriais \u012f Saudo Arabij\u0105 ir i\u0161 jos \u012fkainiai\">Saudo Arabija (D\u017eida)<\/a><\/td><td class=\"column-2\">$7,212<\/td><td class=\"column-3\">$9,776<\/td>\n<\/tr>\n<tr class=\"row-10\">\n\t<td class=\"column-1\"><a href=\"https:\/\/moverdb.com\/lt\/container-shipping\/spain\/\" data-internallinksmanager029f6b8e52c=\"182\" title=\"2023 m. J\u016br\u0173 krovini\u0173 gabenimo konteineriais \u012f Ispanij\u0105 ir i\u0161 jos kainos\">Ispanija (Valensija)<\/a><\/td><td class=\"column-2\">$2,983<\/td><td class=\"column-3\">$3,099<\/td>\n<\/tr>\n<tr class=\"row-11\">\n\t<td class=\"column-1\">JAV (Niujorkas)<\/td><td class=\"column-2\">$1,297<\/td><td class=\"column-3\">$1,383<\/td>\n<\/tr>\n<tr class=\"row-12\">\n\t<td class=\"column-1\"><a href=\"https:\/\/moverdb.com\/lt\/container-shipping\/vietnam\/\" data-internallinksmanager029f6b8e52c=\"245\" title=\"2023 m. J\u016br\u0173 krovini\u0173 gabenimo konteineriais \u012f Vietnam\u0105 ir i\u0161 jo kainos\">Vietnamas (Saigonas)<\/a><\/td><td class=\"column-2\">$3,804<\/td><td class=\"column-3\">$3,670<\/td>\n<\/tr>\n<\/tbody>\n<\/table>\n<!-- #tablepress-224 from cache -->\n\n\n\n<h3 class=\"wp-block-heading\">Pastabos apie duomenis:<\/h3>\n\n\n\n<ul class=\"wp-block-list\">\n<li>Visi $ skai\u010diai pateikti JAV doleriais (USD);<\/li>\n\n\n\n<li>\u012ekainiai tiksl\u016bs nuo 2023 m. prad\u017eios;<\/li>\n\n\n\n<li>\u0160iame straipsnyje pateikti \u017eem\u0117lapiai buvo sukurti naudojant <a href=\"https:\/\/www.mapchart.net\" target=\"_blank\" rel=\"noreferrer noopener\">https:\/\/www.mapchart.net<\/a>. Galite laisvai dalytis \u017eem\u0117lapiais, jei pateiksite nuorod\u0105 \u012f <a href=\"https:\/\/moverdb.com\/lt\/\" target=\"_blank\" rel=\"noreferrer noopener\">MoverDB<\/a>;<\/li>\n\n\n\n<li>Auk\u0161\u010diau pateikti \u012fkainiai yra tik apytiksliai ir nuo \u0161io straipsnio paskelbimo (2023 m. baland\u017eio m\u0117n.) gali b\u016bti pasikeit\u0119. Jie pagr\u012fsti ma\u017eiausiu apskai\u010diuotu tarifu i\u0161 <a href=\"https:\/\/www.searates.com\" target=\"_blank\" rel=\"noreferrer noopener\">https:\/\/www.searates.com<\/a> arba <a href=\"https:\/\/www.gocomet.com\/freight-shipping-rates-index-calculator\" target=\"_blank\" rel=\"noreferrer noopener\">https:\/\/www.gocomet.com<\/a>;<\/li>\n\n\n\n<li>Nor\u0117dami su\u017einoti tikslesn\u0119 kain\u0105, naudokite \u0161io puslapio vir\u0161uje esan\u010di\u0105 pasi\u016blymo form\u0105;<\/li>\n\n\n\n<li>Taip pat \u017er. m\u016bs\u0173 vadov\u0105 apie <a href=\"https:\/\/moverdb.com\/lt\/konteineriu-kroviniu-gabenimas\/\" target=\"_blank\" rel=\"noreferrer noopener\">tarptautinis gabenimas konteineriais<\/a>.<\/li>\n<\/ul>","protected":false},"excerpt":{"rendered":"<p>Turks and Caicos is yet another British island territory in the Caribbean. This archipelago is populated on 8 main islands, but in fact, it consists of over 40 islands. For expats, Turks and Caicos is mainly attractive to those who want to retreat to a warm, quiet corner and enjoy a slower pace or spend [&hellip;]<\/p>\n","protected":false},"author":2,"featured_media":5383,"parent":44,"menu_order":0,"comment_status":"closed","ping_status":"closed","template":"","meta":{"_genesis_hide_title":false,"_genesis_hide_breadcrumbs":false,"_genesis_hide_singular_image":false,"_genesis_hide_footer_widgets":false,"_genesis_custom_body_class":"","_genesis_custom_post_class":"","_genesis_layout":"","footnotes":""},"class_list":{"0":"post-5392","1":"page","2":"type-page","3":"status-publish","4":"has-post-thumbnail","6":"entry"},"_links":{"self":[{"href":"https:\/\/moverdb.com\/lt\/wp-json\/wp\/v2\/pages\/5392","targetHints":{"allow":["GET"]}}],"collection":[{"href":"https:\/\/moverdb.com\/lt\/wp-json\/wp\/v2\/pages"}],"about":[{"href":"https:\/\/moverdb.com\/lt\/wp-json\/wp\/v2\/types\/page"}],"author":[{"embeddable":true,"href":"https:\/\/moverdb.com\/lt\/wp-json\/wp\/v2\/users\/2"}],"replies":[{"embeddable":true,"href":"https:\/\/moverdb.com\/lt\/wp-json\/wp\/v2\/comments?post=5392"}],"version-history":[{"count":1,"href":"https:\/\/moverdb.com\/lt\/wp-json\/wp\/v2\/pages\/5392\/revisions"}],"predecessor-version":[{"id":5394,"href":"https:\/\/moverdb.com\/lt\/wp-json\/wp\/v2\/pages\/5392\/revisions\/5394"}],"up":[{"embeddable":true,"href":"https:\/\/moverdb.com\/lt\/wp-json\/wp\/v2\/pages\/44"}],"wp:featuredmedia":[{"embeddable":true,"href":"https:\/\/moverdb.com\/lt\/wp-json\/wp\/v2\/media\/5383"}],"wp:attachment":[{"href":"https:\/\/moverdb.com\/lt\/wp-json\/wp\/v2\/media?parent=5392"}],"curies":[{"name":"wp","href":"https:\/\/api.w.org\/{rel}","templated":true}]}}