{"id":5242,"date":"2022-10-24T11:48:27","date_gmt":"2022-10-24T11:48:27","guid":{"rendered":"https:\/\/moverdb.com\/?page_id=5242"},"modified":"2026-01-08T15:29:48","modified_gmt":"2026-01-08T15:29:48","slug":"botsvana","status":"publish","type":"page","link":"https:\/\/moverdb.com\/lt\/moving-companies\/botswana-moving-companies\/","title":{"rendered":"Geriausios tarptautin\u0117s perkraustymo \u012fmon\u0117s Botsvanoje"},"content":{"rendered":"<p>Planuojate persikraustyti Botsvanoje, \u012f Botsvan\u0105 arba i\u0161 Botsvanos? Nesvarbu, ar persikeliate namus, ar versl\u0105, naudodamiesi <a href=\"https:\/\/moverdb.com\/lt\/moving-companies\/\" data-internallinksmanager029f6b8e52c=\"79\" title=\"Top 25 Tarptautin\u0117s perkraustymo \u012fmon\u0117s internete\">perkraustymo \u012fmon\u0117<\/a> gali pad\u0117ti suma\u017einti kr\u016bv\u012f. Nor\u0117dami jums pad\u0117ti, sudar\u0117me Botsvanos <a href=\"https:\/\/moverdb.com\/lt\/international-removals\/\" data-internallinksmanager029f6b8e52c=\"27\" title=\"36 geriausios tarptautinio perkraustymo \u012fmon\u0117s Jungtin\u0117je Karalyst\u0117je\">perkraustymo \u012fmon\u0117s<\/a> toliau i\u0161vardyti nariai, kurie yra <a href=\"https:\/\/moverdb.com\/lt\/iam\/\" data-internallinksmanager029f6b8e52c=\"23\" title=\"Tarptautin\u0117s perkraustytoj\u0173 asociacijos (IAM) paai\u0161kinimai\">Tarptautin\u0117 perkraustytoj\u0173 asociacija<\/a> (IAM) ir (arba) <a href=\"https:\/\/moverdb.com\/lt\/fidi-faim\/\" data-internallinksmanager029f6b8e52c=\"16\" title=\"FIDI ir FAIM (FIDI akredituotas tarptautinis perve\u017e\u0117jas) paai\u0161kinimai\">FIDI<\/a> Akredituotas tarptautinis perkraustymas (FAIM).<\/p>\n<h2><strong>\"AGS Worldwide Movers<\/strong><\/h2>\n<p><em><img loading=\"lazy\" decoding=\"async\" class=\"alignnone size-full wp-image-5137\" src=\"https:\/\/moverdb.com\/wp-content\/uploads\/AGS-Wroldwide-Movers-international-moving-company.png\" alt=\"&quot;AGS Wroldwide Movers&quot; tarptautin\u0117 perkraustymo \u012fmon\u0117\" width=\"1440\" height=\"680\" data-wp-pid=\"5137\" srcset=\"https:\/\/moverdb.com\/wp-content\/uploads\/AGS-Wroldwide-Movers-international-moving-company.png 1440w, https:\/\/moverdb.com\/wp-content\/uploads\/AGS-Wroldwide-Movers-international-moving-company-300x142.png 300w, https:\/\/moverdb.com\/wp-content\/uploads\/AGS-Wroldwide-Movers-international-moving-company-1024x484.png 1024w, https:\/\/moverdb.com\/wp-content\/uploads\/AGS-Wroldwide-Movers-international-moving-company-18x9.png 18w, https:\/\/moverdb.com\/wp-content\/uploads\/AGS-Wroldwide-Movers-international-moving-company-600x283.png 600w\" sizes=\"auto, (max-width: 1440px) 100vw, 1440px\" \/><\/em><\/p>\n<ul>\n<li>Vietiniai ir nacionaliniai perkraustymai<\/li>\n<li>Tarptautinis perkraustymas<\/li>\n<li>Komercini\u0173 biur\u0173 perkraustymai<\/li>\n<li>Nam\u0173 \u016bki\u0173 perkraustymas<\/li>\n<li>Individualiai pritaikytos paslaugos<\/li>\n<li>Teikia paslaugas \"nuo dur\u0173 iki dur\u0173\".<\/li>\n<li>Apmokyti pakuotojai, dirbantys pagal tarptautinius standartus<\/li>\n<li>Naudokite naujovi\u0161kas pakavimo med\u017eiagas<\/li>\n<li>Transporto priemon\u0117s perk\u0117limas<\/li>\n<li>Saugios saugyklos<\/li>\n<\/ul>\n<p>\"AGS Worldwide Movers\" yra 1974 m. \u012fkurta tarptautin\u0117 bendrov\u0117, turinti 146 padalini\u0173 97 \u0161alyse, \u012fskaitant Europ\u0105, Azij\u0105 ir Afrik\u0105, \u012fskaitant Botsvan\u0105. Ji turi partneri\u0173 tinkl\u0105 Amerikoje ir Okeanijoje, teikian\u010di\u0173 paslaugas \u0161iose \u0161alyse. Botsvanos filialas jau 41 metus yra IAM narys ir yra akredituotas FIDI.<\/p>\n<p>\"AGS Worldwide Movers\" teikia perkraustymo paslaugas Botsvanoje ir visame pasaulyje, naudodama pa\u017eangiausias technologijas, padedan\u010dias pateikti pasi\u016blymus, steb\u0117ti ir pristatyti krovinius. Jie samdo apmokytus pakuotojus, kurie dirba pagal tarptautinius pakavimo standartus ir metodus, taip pat naudoja auk\u0161tos kokyb\u0117s pakavimo med\u017eiagas. Jie taip pat si\u016blo transporto priemoni\u0173 perkraustymo paslaugas ir saugias sand\u0117liavimo patalpas.<\/p>\n<p>Interneto svetain\u0117: <a href=\"https:\/\/www.agsmovers.com\" target=\"_blank\" rel=\"noopener\">https:\/\/www.agsmovers.com<\/a><\/p>","protected":false},"excerpt":{"rendered":"<p>Are you planning a move within Botswana, or to or from Botswana? Whether you are moving your home or your business, engaging the services of a moving company can help lighten the load. To assist you we have compiled a list of Botswana removal companies below that are members of the International Association of Movers [&hellip;]<\/p>\n","protected":false},"author":4,"featured_media":0,"parent":190,"menu_order":0,"comment_status":"closed","ping_status":"closed","template":"","meta":{"_genesis_hide_title":false,"_genesis_hide_breadcrumbs":false,"_genesis_hide_singular_image":false,"_genesis_hide_footer_widgets":false,"_genesis_custom_body_class":"","_genesis_custom_post_class":"","_genesis_layout":"","footnotes":""},"class_list":{"0":"post-5242","1":"page","2":"type-page","3":"status-publish","5":"entry"},"_links":{"self":[{"href":"https:\/\/moverdb.com\/lt\/wp-json\/wp\/v2\/pages\/5242","targetHints":{"allow":["GET"]}}],"collection":[{"href":"https:\/\/moverdb.com\/lt\/wp-json\/wp\/v2\/pages"}],"about":[{"href":"https:\/\/moverdb.com\/lt\/wp-json\/wp\/v2\/types\/page"}],"author":[{"embeddable":true,"href":"https:\/\/moverdb.com\/lt\/wp-json\/wp\/v2\/users\/4"}],"replies":[{"embeddable":true,"href":"https:\/\/moverdb.com\/lt\/wp-json\/wp\/v2\/comments?post=5242"}],"version-history":[{"count":1,"href":"https:\/\/moverdb.com\/lt\/wp-json\/wp\/v2\/pages\/5242\/revisions"}],"predecessor-version":[{"id":5243,"href":"https:\/\/moverdb.com\/lt\/wp-json\/wp\/v2\/pages\/5242\/revisions\/5243"}],"up":[{"embeddable":true,"href":"https:\/\/moverdb.com\/lt\/wp-json\/wp\/v2\/pages\/190"}],"wp:attachment":[{"href":"https:\/\/moverdb.com\/lt\/wp-json\/wp\/v2\/media?parent=5242"}],"curies":[{"name":"wp","href":"https:\/\/api.w.org\/{rel}","templated":true}]}}