{"id":5240,"date":"2022-10-24T11:49:20","date_gmt":"2022-10-24T11:49:20","guid":{"rendered":"https:\/\/moverdb.com\/?page_id=5240"},"modified":"2026-01-08T15:23:38","modified_gmt":"2026-01-08T15:23:38","slug":"bosnija-ir-hercegovina","status":"publish","type":"page","link":"https:\/\/moverdb.com\/lt\/moving-companies\/bosnia-and-herzegovina-moving-companies\/","title":{"rendered":"2 geriausios tarptautin\u0117s perkraustymo \u012fmon\u0117s Bosnijoje ir Hercegovinoje"},"content":{"rendered":"<p>Persikraustymas gali kelti stres\u0105, ypa\u010d jei persikraustote ir \u012f kitas \u0161alis, tod\u0117l persikraustymo arba perk\u0117limo \u012fmon\u0117 gali pad\u0117ti suma\u017einti spaudim\u0105. Nor\u0117dami jums pad\u0117ti, sudar\u0117me Bosnijos ir Hercegovinos <a href=\"https:\/\/moverdb.com\/lt\/international-removals\/\" data-internallinksmanager029f6b8e52c=\"27\" title=\"36 geriausios tarptautinio perkraustymo \u012fmon\u0117s Jungtin\u0117je Karalyst\u0117je\">perkraustymo \u012fmon\u0117s<\/a> kurie yra <a href=\"https:\/\/moverdb.com\/lt\/iam\/\" data-internallinksmanager029f6b8e52c=\"23\" title=\"Tarptautin\u0117s perkraustytoj\u0173 asociacijos (IAM) paai\u0161kinimai\">Tarptautin\u0117 perkraustytoj\u0173 asociacija<\/a> (IAM), kurie gal\u0117t\u0173 jums pad\u0117ti.<\/p>\n<h2><strong>1. \"AGS Worldwide Movers<\/strong><\/h2>\n<p><em><img loading=\"lazy\" decoding=\"async\" class=\"alignnone size-full wp-image-5137\" src=\"https:\/\/moverdb.com\/wp-content\/uploads\/AGS-Wroldwide-Movers-international-moving-company.png\" alt=\"&quot;AGS Wroldwide Movers&quot; tarptautin\u0117 perkraustymo \u012fmon\u0117\" width=\"1440\" height=\"680\" data-wp-pid=\"5137\" srcset=\"https:\/\/moverdb.com\/wp-content\/uploads\/AGS-Wroldwide-Movers-international-moving-company.png 1440w, https:\/\/moverdb.com\/wp-content\/uploads\/AGS-Wroldwide-Movers-international-moving-company-300x142.png 300w, https:\/\/moverdb.com\/wp-content\/uploads\/AGS-Wroldwide-Movers-international-moving-company-1024x484.png 1024w, https:\/\/moverdb.com\/wp-content\/uploads\/AGS-Wroldwide-Movers-international-moving-company-18x9.png 18w, https:\/\/moverdb.com\/wp-content\/uploads\/AGS-Wroldwide-Movers-international-moving-company-600x283.png 600w\" sizes=\"auto, (max-width: 1440px) 100vw, 1440px\" \/><\/em><\/p>\n<ul>\n<li>Nacionaliniai judesiai<\/li>\n<li>Tarptautinis perkraustymas<\/li>\n<li>Gyvenam\u0173j\u0173 nam\u0173 perkraustymai<\/li>\n<li>Biuro perkraustymai<\/li>\n<li>Perkraustymai nuo dur\u0173 iki dur\u0173<\/li>\n<li>Apmokyti darbuotojai, kurie supakuos ir perve\u0161 j\u016bs\u0173 daiktus<\/li>\n<li>Naujovi\u0161kos pakavimo med\u017eiagos ir metodai<\/li>\n<li>Aplinkai nekenksminga pakuot\u0117<\/li>\n<li>Transporto priemoni\u0173 perdavimas<\/li>\n<li>Saugus saugojimas<\/li>\n<\/ul>\n<p>\"AGS Worldwide Movers\" buvo \u012fkurta 1974 m. ir tapo tarptautine perkraustymo \u012fmone, kuri apima Europ\u0105, Azij\u0105 ir Afrik\u0105 bei partnerius Amerikoje ir Okeanijoje. Ji turi 146 padalinius 97 \u0161alyse. Jie yra IAM nariai, dirbantys 25 metus.<\/p>\n<p>\"AGS Worldwide Movers\" naudoja pa\u017eangiausius ir i\u0161maniuosius sprendimus, kad efektyviau pateikt\u0173 pasi\u016blymus, steb\u0117t\u0173 ir pristatyt\u0173 krovinius. Jie teikia apmokytus darbuotojus, kurie saugiai supakuos j\u016bs\u0173 daiktus, kad jie neb\u016bt\u0173 sugadinti, naudodami naujovi\u0161kas pakavimo med\u017eiagas ir metodus. Jie taip pat teikia transporto priemoni\u0173 transportavimo sprendimus ir, jei reikia, saug\u0173 sand\u0117liavim\u0105.<\/p>\n<p>Interneto svetain\u0117: <a href=\"http:\/\/www.agsmovers.com\" target=\"_blank\" rel=\"noopener\">http:\/\/www.agsmovers.com<\/a><\/p>\n<h2><strong>2. Intermove<\/strong><\/h2>\n<p><em><img loading=\"lazy\" decoding=\"async\" class=\"alignnone size-full wp-image-5176\" src=\"https:\/\/moverdb.com\/wp-content\/uploads\/Intermove-international-moving-company.png\" alt=\"&quot;Intermove&quot; tarptautin\u0117 perkraustymo \u012fmon\u0117\" width=\"1440\" height=\"680\" data-wp-pid=\"5176\" srcset=\"https:\/\/moverdb.com\/wp-content\/uploads\/Intermove-international-moving-company.png 1440w, https:\/\/moverdb.com\/wp-content\/uploads\/Intermove-international-moving-company-300x142.png 300w, https:\/\/moverdb.com\/wp-content\/uploads\/Intermove-international-moving-company-1024x484.png 1024w, https:\/\/moverdb.com\/wp-content\/uploads\/Intermove-international-moving-company-18x9.png 18w, https:\/\/moverdb.com\/wp-content\/uploads\/Intermove-international-moving-company-600x283.png 600w\" sizes=\"auto, (max-width: 1440px) 100vw, 1440px\" \/><\/em><\/p>\n<ul>\n<li>Vietiniai ir nacionaliniai perkraustymai<\/li>\n<li>Tarptautinis perkraustymas<\/li>\n<li>Nam\u0173 \u016bkio perkraustymai<\/li>\n<li>Verslo perk\u0117limas<\/li>\n<li>Auk\u0161tos kvalifikacijos pakuotojai<\/li>\n<li>Pakavimo ir i\u0161pakavimo paslaugos<\/li>\n<li>Laivybos logistika<\/li>\n<li>Muitinis \u012fforminimas<\/li>\n<li>Draudimas<\/li>\n<li>Sand\u0117liavimo patalpos<\/li>\n<\/ul>\n<p>\"Intermove\" yra 1996 m. \u012fkurta perkraustymo bendrov\u0117, kuri padeda \u0161eimoms ir \u012fmon\u0117ms persikelti. Ji teikia paslaugas Bosnijoje ir Hercegovinoje, taip pat tiems, kurie nori persikelti \u012f Bosnij\u0105 ir Hercegovin\u0105 arba i\u0161 jos. Jie yra IAM nariai, dirbantys 26 metus.<\/p>\n<p>\"Intermove\" teikia auk\u0161tos kvalifikacijos pakuotojus, kurie yra apmokyti tarptautinio pakavimo metod\u0173 ir naudoja auk\u0161tos kokyb\u0117s med\u017eiagas, kad apsaugot\u0173 j\u016bs\u0173 daiktus. Jie supakuos j\u016bs\u0173 daiktus ir pasir\u016bpins j\u0173 gabenimu, \u012fskaitant muitin\u0117s formalumus ir i\u0161pakavim\u0105. Jie suteiks draudimo, nam\u0173 paie\u0161kos, orientavimosi vietov\u0117je ir lanks\u010di\u0173 sand\u0117liavimo sprendim\u0173 galimyb\u0119.<\/p>\n<p>Interneto svetain\u0117: <a href=\"http:\/\/www.intermovebosnia.com\" target=\"_blank\" rel=\"noopener\">http:\/\/www.intermovebosnia.com<\/a><\/p>","protected":false},"excerpt":{"rendered":"<p>Moving can be a stressful time especially if you are moving countries as well, that is where a moving or relocation company can help relieve some of the pressure. To help you we have compiled a list of Bosnia and Herzegovina removal companies that are members of the International Association of Movers (IAM) who could [&hellip;]<\/p>\n","protected":false},"author":4,"featured_media":0,"parent":190,"menu_order":0,"comment_status":"closed","ping_status":"closed","template":"","meta":{"_genesis_hide_title":false,"_genesis_hide_breadcrumbs":false,"_genesis_hide_singular_image":false,"_genesis_hide_footer_widgets":false,"_genesis_custom_body_class":"","_genesis_custom_post_class":"","_genesis_layout":"","footnotes":""},"class_list":{"0":"post-5240","1":"page","2":"type-page","3":"status-publish","5":"entry","6":"has-post-thumbnail"},"_links":{"self":[{"href":"https:\/\/moverdb.com\/lt\/wp-json\/wp\/v2\/pages\/5240","targetHints":{"allow":["GET"]}}],"collection":[{"href":"https:\/\/moverdb.com\/lt\/wp-json\/wp\/v2\/pages"}],"about":[{"href":"https:\/\/moverdb.com\/lt\/wp-json\/wp\/v2\/types\/page"}],"author":[{"embeddable":true,"href":"https:\/\/moverdb.com\/lt\/wp-json\/wp\/v2\/users\/4"}],"replies":[{"embeddable":true,"href":"https:\/\/moverdb.com\/lt\/wp-json\/wp\/v2\/comments?post=5240"}],"version-history":[{"count":1,"href":"https:\/\/moverdb.com\/lt\/wp-json\/wp\/v2\/pages\/5240\/revisions"}],"predecessor-version":[{"id":5241,"href":"https:\/\/moverdb.com\/lt\/wp-json\/wp\/v2\/pages\/5240\/revisions\/5241"}],"up":[{"embeddable":true,"href":"https:\/\/moverdb.com\/lt\/wp-json\/wp\/v2\/pages\/190"}],"wp:attachment":[{"href":"https:\/\/moverdb.com\/lt\/wp-json\/wp\/v2\/media?parent=5240"}],"curies":[{"name":"wp","href":"https:\/\/api.w.org\/{rel}","templated":true}]}}