{"id":5237,"date":"2022-10-24T11:50:03","date_gmt":"2022-10-24T11:50:03","guid":{"rendered":"https:\/\/moverdb.com\/?page_id=5237"},"modified":"2026-01-08T15:24:38","modified_gmt":"2026-01-08T15:24:38","slug":"bolivija","status":"publish","type":"page","link":"https:\/\/moverdb.com\/lt\/moving-companies\/bolivia-moving-companies\/","title":{"rendered":"4 geriausios tarptautin\u0117s perkraustymo bendrov\u0117s Bolivijoje"},"content":{"rendered":"<p>Jei norite persikraustyti \u012f Bolivij\u0105, persikelti \u012f Bolivij\u0105 ar i\u0161 jos, galb\u016bt nor\u0117tum\u0117te gauti pagalb\u0105, kad suma\u017eintum\u0117te stres\u0105 ir persikraustymui reikaling\u0105 darb\u0105. Toliau pateikiame Bolivijos <a href=\"https:\/\/moverdb.com\/lt\/international-removals\/\" data-internallinksmanager029f6b8e52c=\"27\" title=\"36 geriausios tarptautinio perkraustymo \u012fmon\u0117s Jungtin\u0117je Karalyst\u0117je\">perkraustymo \u012fmon\u0117s<\/a> kurie yra <a href=\"https:\/\/moverdb.com\/lt\/iam\/\" data-internallinksmanager029f6b8e52c=\"23\" title=\"Tarptautin\u0117s perkraustytoj\u0173 asociacijos (IAM) paai\u0161kinimai\">Tarptautin\u0117 perkraustytoj\u0173 asociacija<\/a> (IAM) ir (arba) <a href=\"https:\/\/moverdb.com\/lt\/fidi-faim\/\" data-internallinksmanager029f6b8e52c=\"16\" title=\"FIDI ir FAIM (FIDI akredituotas tarptautinis perve\u017e\u0117jas) paai\u0161kinimai\">FIDI<\/a> Akredituotas tarptautinis perkraustymas (FAIM), kuris gali jums pad\u0117ti.<\/p>\n<div id=\"ez-toc-container\" class=\"ez-toc-v2_0_82_2 ez-toc-wrap-left counter-hierarchy ez-toc-counter ez-toc-transparent ez-toc-container-direction\">\n<div class=\"ez-toc-title-container\">\n<p class=\"ez-toc-title\" style=\"cursor:inherit\">Skyriai<\/p>\n<span class=\"ez-toc-title-toggle\"><a href=\"#\" class=\"ez-toc-pull-right ez-toc-btn ez-toc-btn-xs ez-toc-btn-default ez-toc-toggle\" aria-label=\"Perjungti turinio lentel\u0119\"><span class=\"ez-toc-js-icon-con\"><span class=\"\"><span class=\"eztoc-hide\" style=\"display:none;\">Perjungti<\/span><span class=\"ez-toc-icon-toggle-span\"><svg style=\"fill: #999;color:#999\" xmlns=\"http:\/\/www.w3.org\/2000\/svg\" class=\"list-377408\" width=\"20px\" height=\"20px\" viewbox=\"0 0 24 24\" fill=\"none\"><path d=\"M6 6H4v2h2V6zm14 0H8v2h12V6zM4 11h2v2H4v-2zm16 0H8v2h12v-2zM4 16h2v2H4v-2zm16 0H8v2h12v-2z\" fill=\"currentColor\"><\/path><\/svg><svg style=\"fill: #999;color:#999\" class=\"arrow-unsorted-368013\" xmlns=\"http:\/\/www.w3.org\/2000\/svg\" width=\"10px\" height=\"10px\" viewbox=\"0 0 24 24\" version=\"1.2\" baseprofile=\"tiny\"><path d=\"M18.2 9.3l-6.2-6.3-6.2 6.3c-.2.2-.3.4-.3.7s.1.5.3.7c.2.2.4.3.7.3h11c.3 0 .5-.1.7-.3.2-.2.3-.5.3-.7s-.1-.5-.3-.7zM5.8 14.7l6.2 6.3 6.2-6.3c.2-.2.3-.5.3-.7s-.1-.5-.3-.7c-.2-.2-.4-.3-.7-.3h-11c-.3 0-.5.1-.7.3-.2.2-.3.5-.3.7s.1.5.3.7z\"\/><\/svg><\/span><\/span><\/span><\/a><\/span><\/div>\n<nav><ul class='ez-toc-list ez-toc-list-level-1 eztoc-toggle-hide-by-default' ><li class='ez-toc-page-1 ez-toc-heading-level-2'><a class=\"ez-toc-link ez-toc-heading-1\" href=\"https:\/\/moverdb.com\/lt\/moving-companies\/bolivia-moving-companies\/#1_Bolivian_Movers\" >1. Bolivijos jud\u0117jai<\/a><\/li><li class='ez-toc-page-1 ez-toc-heading-level-2'><a class=\"ez-toc-link ez-toc-heading-2\" href=\"https:\/\/moverdb.com\/lt\/moving-companies\/bolivia-moving-companies\/#2_Express_Cargo_Services\" >2. Greit\u0173j\u0173 krovini\u0173 ve\u017eimo paslaugos<\/a><\/li><li class='ez-toc-page-1 ez-toc-heading-level-2'><a class=\"ez-toc-link ez-toc-heading-3\" href=\"https:\/\/moverdb.com\/lt\/moving-companies\/bolivia-moving-companies\/#3_Total_Bolivian_Moving\" >3. I\u0161 viso Bolivijos jud\u0117jimas<\/a><\/li><li class='ez-toc-page-1 ez-toc-heading-level-2'><a class=\"ez-toc-link ez-toc-heading-4\" href=\"https:\/\/moverdb.com\/lt\/moving-companies\/bolivia-moving-companies\/#4_Inbolpack\" >4. Inbolpack<\/a><\/li><\/ul><\/nav><\/div>\n<h2><span class=\"ez-toc-section\" id=\"1_Bolivian_Movers\"><\/span><strong>1. Bolivijos jud\u0117jai<\/strong><span class=\"ez-toc-section-end\"><\/span><\/h2>\n<p><em><img loading=\"lazy\" decoding=\"async\" class=\"alignnone size-full wp-image-5150\" src=\"https:\/\/moverdb.com\/wp-content\/uploads\/Bolivian-Movers-international-moving-company.png\" alt=\"Bolivijos Movers tarptautinis jud\u0117jimas kompanija\" width=\"1440\" height=\"671\" data-wp-pid=\"5150\" srcset=\"https:\/\/moverdb.com\/wp-content\/uploads\/Bolivian-Movers-international-moving-company.png 1440w, https:\/\/moverdb.com\/wp-content\/uploads\/Bolivian-Movers-international-moving-company-300x140.png 300w, https:\/\/moverdb.com\/wp-content\/uploads\/Bolivian-Movers-international-moving-company-1024x477.png 1024w, https:\/\/moverdb.com\/wp-content\/uploads\/Bolivian-Movers-international-moving-company-18x8.png 18w, https:\/\/moverdb.com\/wp-content\/uploads\/Bolivian-Movers-international-moving-company-600x280.png 600w\" sizes=\"auto, (max-width: 1440px) 100vw, 1440px\" \/><\/em><\/p>\n<ul>\n<li>Nacionaliniai judesiai<\/li>\n<li>Tarptautinis perkraustymas<\/li>\n<li>Perk\u0117limai \u012f namus<\/li>\n<li>Biuro perkraustymai<\/li>\n<li>Vienas kontaktinis asmuo, su kuriuo galite susisiekti d\u0117l persikraustymo<\/li>\n<li>Modernus transporto priemoni\u0173 parkas ir \u012franga<\/li>\n<li>Profesionalus pakavimas naudojant auk\u0161tos kokyb\u0117s med\u017eiagas<\/li>\n<li>Meno gabenimas<\/li>\n<li>Gyv\u016bno augintinio perk\u0117limas<\/li>\n<li>Saugios saugyklos<\/li>\n<\/ul>\n<p>\"Bolivian Movers\" buvo \u012fkurta 1974 m., kad teikt\u0173 perkraustymo paslaugas Bolivijoje ir u\u017e jos rib\u0173. Jie yra IAM nariai, dirbantys 48 metus. Jie priklauso tarptautiniam perkraustytoj\u0173 tinklui, tod\u0117l gali pad\u0117ti jums persikraustyti bet kurioje pasaulio vietoje. Jie turi modern\u0173 transporto priemoni\u0173 ir \u012frangos park\u0105 ir suteikia jums kontaktin\u012f asmen\u012f, kuris pri\u017ei\u016br\u0117s j\u016bs\u0173 perkraustym\u0105.<\/p>\n<p>\"Bolivijos perkraustytojai\" teikia profesionalias pakavimo paslaugas, kurioms naudojamos auk\u0161tos kokyb\u0117s med\u017eiagos ir ekspertai pakuotojai, naudojantys akredituotus pakavimo metodus. Jie taip pat si\u016blo namini\u0173 gyv\u016bn\u0117li\u0173 perk\u0117limo paslaugas ir konsultuoja galiojan\u010di\u0173 taisykli\u0173 klausimais. Jie taip pat si\u016blo saugias sand\u0117liavimo patalpas.<\/p>\n<p>Interneto svetain\u0117: <a href=\"http:\/\/www.bolivianmovers.com\" target=\"_blank\" rel=\"noopener\">http:\/\/www.bolivianmovers.com<\/a><\/p>\n<h2><span class=\"ez-toc-section\" id=\"2_Express_Cargo_Services\"><\/span><strong>2. Greit\u0173j\u0173 krovini\u0173 ve\u017eimo paslaugos<\/strong><span class=\"ez-toc-section-end\"><\/span><\/h2>\n<p><em><img loading=\"lazy\" decoding=\"async\" class=\"alignnone size-full wp-image-5166\" src=\"https:\/\/moverdb.com\/wp-content\/uploads\/Express-Cargo-Services-international-moving-company.png\" alt=\"&quot;Express Cargo Services&quot; tarptautin\u0117 perkraustymo \u012fmon\u0117\" width=\"1440\" height=\"680\" data-wp-pid=\"5166\" srcset=\"https:\/\/moverdb.com\/wp-content\/uploads\/Express-Cargo-Services-international-moving-company.png 1440w, https:\/\/moverdb.com\/wp-content\/uploads\/Express-Cargo-Services-international-moving-company-300x142.png 300w, https:\/\/moverdb.com\/wp-content\/uploads\/Express-Cargo-Services-international-moving-company-1024x484.png 1024w, https:\/\/moverdb.com\/wp-content\/uploads\/Express-Cargo-Services-international-moving-company-18x9.png 18w, https:\/\/moverdb.com\/wp-content\/uploads\/Express-Cargo-Services-international-moving-company-600x283.png 600w\" sizes=\"auto, (max-width: 1440px) 100vw, 1440px\" \/><\/em><\/p>\n<ul>\n<li>Nacionaliniai judesiai<\/li>\n<li>Tarptautinis perkraustymas<\/li>\n<li>Gyvenam\u0173j\u0173 nam\u0173 perkraustymai<\/li>\n<li>Mikroautobus\u0173 ir sunkve\u017eimi\u0173 parkas<\/li>\n<li>Keli\u0173, j\u016br\u0173 ir oro transportas<\/li>\n<li>Pakavimo paslaugos<\/li>\n<li>Eksporto ir importo muitin\u0117s proced\u016bros<\/li>\n<li>Meno k\u016brini\u0173 gabenimas<\/li>\n<li>Gyv\u016bno augintinio perk\u0117limas<\/li>\n<li>Saugus saugojimas<\/li>\n<\/ul>\n<p>\"Express Cargo Services\" buvo \u012fkurta 1989 m. kaip perkraustymo \u012fmon\u0117 Bolivijoje. Ji teikia \u012fvairias perkraustymo paslaugas gyventojams, norintiems persikelti \u012f Bolivij\u0105 ar bet kuri\u0105 kit\u0105 pasaulio viet\u0105. Jie yra IAM nariai, dirbantys 33 metus.<\/p>\n<p>\"Express Cargo Services\" teikia paslaugas nuo dur\u0173 iki dur\u0173 \u012f bet kuri\u0105 pasaulio \u0161al\u012f ir i\u0161 jos. Jie turi savo mikroautobus\u0173 ir sunkve\u017eimi\u0173 park\u0105, kad palengvint\u0173 perve\u017eimus Bolivijoje, taip pat bendradarbiauja su partneriais ir ekspeditoriais tarptautiniu mastu, naudodami keli\u0173, j\u016br\u0173 ir oro transport\u0105. Jie teikia pakavimo paslaugas, muitin\u0117s pagalb\u0105, meno k\u016brini\u0173 gabenim\u0105, gyv\u016bn\u0173 perk\u0117lim\u0105 ir saugias sand\u0117liavimo patalpas.<\/p>\n<p>Interneto svetain\u0117: <a href=\"http:\/\/www.expresscargobolivia.com\" target=\"_blank\" rel=\"noopener\">http:\/\/www.expresscargobolivia.com<\/a><\/p>\n<h2><span class=\"ez-toc-section\" id=\"3_Total_Bolivian_Moving\"><\/span><strong>3. I\u0161 viso Bolivijos jud\u0117jimas<\/strong><span class=\"ez-toc-section-end\"><\/span><\/h2>\n<p><em><img loading=\"lazy\" decoding=\"async\" class=\"alignnone size-full wp-image-5210\" src=\"https:\/\/moverdb.com\/wp-content\/uploads\/Total-Bolivian-Moving-international-moving-company.png\" alt=\"I\u0161 viso Bolivijos Perkraustymas tarptautinis jud\u0117jimas kompanija\" width=\"1440\" height=\"636\" data-wp-pid=\"5210\" srcset=\"https:\/\/moverdb.com\/wp-content\/uploads\/Total-Bolivian-Moving-international-moving-company.png 1440w, https:\/\/moverdb.com\/wp-content\/uploads\/Total-Bolivian-Moving-international-moving-company-300x133.png 300w, https:\/\/moverdb.com\/wp-content\/uploads\/Total-Bolivian-Moving-international-moving-company-1024x452.png 1024w, https:\/\/moverdb.com\/wp-content\/uploads\/Total-Bolivian-Moving-international-moving-company-18x8.png 18w, https:\/\/moverdb.com\/wp-content\/uploads\/Total-Bolivian-Moving-international-moving-company-600x265.png 600w\" sizes=\"auto, (max-width: 1440px) 100vw, 1440px\" \/><\/em><\/p>\n<ul>\n<li>Nacionaliniai judesiai<\/li>\n<li>Tarptautinis perkraustymas<\/li>\n<li>Gyvenam\u0173j\u0173 ir komercini\u0173 patalp\u0173 perkraustymas<\/li>\n<li>Persikraustymo organizavimas ir planavimas<\/li>\n<li>Apmokyti ir patyr\u0119 darbuotojai<\/li>\n<li>Pakavimo paslaugos naudojant auk\u0161tos kokyb\u0117s med\u017eiagas<\/li>\n<li>Draudimas<\/li>\n<li>Meno k\u016brini\u0173 gabenimas<\/li>\n<li>Transporto priemoni\u0173 transportavimas<\/li>\n<li>Saugus saugojimas<\/li>\n<\/ul>\n<p>\"Total Bolivian Moving\" yra La Paso mieste \u012fsik\u016brusi perkraustymo \u012fmon\u0117, teikianti perkraustymo paslaugas Bolivijoje, \u012f Bolivij\u0105 ir i\u0161 jos. Jos paslaugos teikiamos tiek gyvenamosios paskirties, tiek komercin\u0117s paskirties klientams, \u012fskaitant organizacijas ir \u012fmones. Jos specializacija - meno k\u016brini\u0173 perve\u017eimas. Jie yra IAM nariai, dirbantys 7 metus.<\/p>\n<p>\"Total Bolivian Moving\" pad\u0117s jums organizuoti persik\u0117lim\u0105 ir pad\u0117s j\u012f suplanuoti. Jie teikia apmokytus ir patyrusius darbuotojus, kurie, naudodami auk\u0161tos kokyb\u0117s pakavimo med\u017eiagas, saugiai ir patikimai supakuos j\u016bs\u0173 daiktus, kad jie neb\u016bt\u0173 sugadinti. Jei reikia, jie suteikia galimyb\u0119 apdrausti ir saugoti j\u016bs\u0173 daiktus.<\/p>\n<p>Interneto svetain\u0117: <a href=\"http:\/\/www.tobolmoving.com\" target=\"_blank\" rel=\"noopener\">http:\/\/www.tobolmoving.com<\/a><\/p>\n<h2><span class=\"ez-toc-section\" id=\"4_Inbolpack\"><\/span><strong>4. Inbolpack<\/strong><span class=\"ez-toc-section-end\"><\/span><\/h2>\n<p>&nbsp;<img loading=\"lazy\" decoding=\"async\" class=\"alignnone size-full wp-image-5238\" src=\"https:\/\/moverdb.com\/wp-content\/uploads\/Inbolpack-international-moving-company.png\" alt=\"\" width=\"1440\" height=\"682\" data-wp-pid=\"5238\" srcset=\"https:\/\/moverdb.com\/wp-content\/uploads\/Inbolpack-international-moving-company.png 1440w, https:\/\/moverdb.com\/wp-content\/uploads\/Inbolpack-international-moving-company-300x142.png 300w, https:\/\/moverdb.com\/wp-content\/uploads\/Inbolpack-international-moving-company-1024x485.png 1024w, https:\/\/moverdb.com\/wp-content\/uploads\/Inbolpack-international-moving-company-18x9.png 18w, https:\/\/moverdb.com\/wp-content\/uploads\/Inbolpack-international-moving-company-600x284.png 600w\" sizes=\"auto, (max-width: 1440px) 100vw, 1440px\" \/><\/p>\n<ul>\n<li>Vietiniai ir nacionaliniai perkraustymai<\/li>\n<li>Tarptautinis perkraustymas<\/li>\n<li>Nam\u0173 \u016bkio perkraustymai<\/li>\n<li>Komerciniai perkraustymai<\/li>\n<li>Speciali\u0173j\u0173 projekt\u0173 transportas<\/li>\n<li>Paslauga \"nuo dur\u0173 iki dur\u0173<\/li>\n<li>Profesional\u016bs pakuotojai<\/li>\n<li>Auk\u0161tos kokyb\u0117s pakavimo med\u017eiagos<\/li>\n<li>Nuosavas \u012fvairi\u0173 transporto priemoni\u0173 parkas<\/li>\n<li>Saugojimo sprendimai<\/li>\n<\/ul>\n<p>\"Inbolpack\" buvo \u012fkurta 1978 m. kaip perkraustymo \u012fmon\u0117, aptarnaujanti Bolivij\u0105 ir tarptautiniu mastu, nes \u0161alyje dirbo u\u017esienio darbuotojai. Ji padeda \u017emon\u0117ms ir \u012fmon\u0117ms persikraustyti Bolivijoje, \u012f j\u0105 ir i\u0161 jos. Jie yra IAM nariai, dirbantys 44 metus, ir yra akredituoti FIDI.<\/p>\n<p>\"Inbolpack\" si\u016blo perkraustymo nuo dur\u0173 iki dur\u0173 paslaug\u0105, kuri\u0105 teikia profesional\u016bs, tarptautinius standartus atitinkantys ir auk\u0161tos kokyb\u0117s pakavimo med\u017eiagas naudojantys apmokyti darbuotojai. Be to, jie turi savo transporto priemoni\u0173 park\u0105, kur\u012f sudaro sunkve\u017eimiai ir kranai. Jie taip pat teikia krovini\u0173 saugojimo paslaugas vietos ir tarptautiniu mastu.<\/p>\n<p>Interneto svetain\u0117: <a href=\"http:\/\/www.inbolpack.net\" target=\"_blank\" rel=\"noopener\">http:\/\/www.inbolpack.net<\/a><\/p>","protected":false},"excerpt":{"rendered":"<p>If you are wanting to move home or business in Bolivia, or to or from Bolivia then you might want some support to reduce the stress and work needed for the move. Below we have compiled a list of Bolivian removal companies that are members of the International Association of Movers (IAM) and\/or FIDI Accredited [&hellip;]<\/p>\n","protected":false},"author":4,"featured_media":0,"parent":190,"menu_order":0,"comment_status":"closed","ping_status":"closed","template":"","meta":{"_genesis_hide_title":false,"_genesis_hide_breadcrumbs":false,"_genesis_hide_singular_image":false,"_genesis_hide_footer_widgets":false,"_genesis_custom_body_class":"","_genesis_custom_post_class":"","_genesis_layout":"","footnotes":""},"class_list":{"0":"post-5237","1":"page","2":"type-page","3":"status-publish","5":"entry","6":"has-post-thumbnail"},"_links":{"self":[{"href":"https:\/\/moverdb.com\/lt\/wp-json\/wp\/v2\/pages\/5237","targetHints":{"allow":["GET"]}}],"collection":[{"href":"https:\/\/moverdb.com\/lt\/wp-json\/wp\/v2\/pages"}],"about":[{"href":"https:\/\/moverdb.com\/lt\/wp-json\/wp\/v2\/types\/page"}],"author":[{"embeddable":true,"href":"https:\/\/moverdb.com\/lt\/wp-json\/wp\/v2\/users\/4"}],"replies":[{"embeddable":true,"href":"https:\/\/moverdb.com\/lt\/wp-json\/wp\/v2\/comments?post=5237"}],"version-history":[{"count":1,"href":"https:\/\/moverdb.com\/lt\/wp-json\/wp\/v2\/pages\/5237\/revisions"}],"predecessor-version":[{"id":5239,"href":"https:\/\/moverdb.com\/lt\/wp-json\/wp\/v2\/pages\/5237\/revisions\/5239"}],"up":[{"embeddable":true,"href":"https:\/\/moverdb.com\/lt\/wp-json\/wp\/v2\/pages\/190"}],"wp:attachment":[{"href":"https:\/\/moverdb.com\/lt\/wp-json\/wp\/v2\/media?parent=5237"}],"curies":[{"name":"wp","href":"https:\/\/api.w.org\/{rel}","templated":true}]}}