{"id":5231,"date":"2022-10-24T11:51:35","date_gmt":"2022-10-24T11:51:35","guid":{"rendered":"https:\/\/moverdb.com\/?page_id=5231"},"modified":"2026-01-08T15:29:47","modified_gmt":"2026-01-08T15:29:47","slug":"barbadosas-2","status":"publish","type":"page","link":"https:\/\/moverdb.com\/lt\/moving-companies\/barbados-moving-companies\/","title":{"rendered":"Geriausios tarptautin\u0117s perkraustymo bendrov\u0117s Barbadosas"},"content":{"rendered":"<p>Ar ketinate persikelti \u012f arba i\u0161 <a href=\"https:\/\/moverdb.com\/lt\/moving-to-barbados\/\" data-internallinksmanager029f6b8e52c=\"344\" title=\"Persik\u0117limas \u012f Barbados\u0105? 2023 Gyvenimo i\u0161laidos ir persik\u0117limo patarimai\">Barbadosas<\/a>ar Barbadoso teritorijoje? Tuomet mintis, kad teks pakuoti namus ar \u012fmon\u0119 ir organizuoti perve\u017eim\u0105, gali kelti stres\u0105, ta\u010diau perkraustymo \u012fmon\u0117 gali pad\u0117ti. Toliau pateikiame <a href=\"https:\/\/moverdb.com\/lt\/international-removals\/\" data-internallinksmanager029f6b8e52c=\"27\" title=\"36 geriausios tarptautinio perkraustymo \u012fmon\u0117s Jungtin\u0117je Karalyst\u0117je\">perkraustymo \u012fmon\u0117s<\/a> kurie yra <a href=\"https:\/\/moverdb.com\/lt\/iam\/\" data-internallinksmanager029f6b8e52c=\"23\" title=\"Tarptautin\u0117s perkraustytoj\u0173 asociacijos (IAM) paai\u0161kinimai\">Tarptautin\u0117 perkraustytoj\u0173 asociacija<\/a> (IAM) ir (arba) <a href=\"https:\/\/moverdb.com\/lt\/fidi-faim\/\" data-internallinksmanager029f6b8e52c=\"16\" title=\"FIDI ir FAIM (FIDI akredituotas tarptautinis perve\u017e\u0117jas) paai\u0161kinimai\">FIDI<\/a> Akredituotas tarptautinis perkraustymas (FAIM) Barbadose.<\/p>\n<h2><strong>1. Michael Greaves Associates<\/strong><\/h2>\n<p><em><img loading=\"lazy\" decoding=\"async\" class=\"alignnone size-full wp-image-5186\" src=\"https:\/\/moverdb.com\/wp-content\/uploads\/Michael-Greaves-Associates-international-moving-company.png\" alt=\"Michael Greaves Associates tarptautin\u0117 perkraustymo \u012fmon\u0117\" width=\"1440\" height=\"681\" data-wp-pid=\"5186\" srcset=\"https:\/\/moverdb.com\/wp-content\/uploads\/Michael-Greaves-Associates-international-moving-company.png 1440w, https:\/\/moverdb.com\/wp-content\/uploads\/Michael-Greaves-Associates-international-moving-company-300x142.png 300w, https:\/\/moverdb.com\/wp-content\/uploads\/Michael-Greaves-Associates-international-moving-company-1024x484.png 1024w, https:\/\/moverdb.com\/wp-content\/uploads\/Michael-Greaves-Associates-international-moving-company-18x9.png 18w, https:\/\/moverdb.com\/wp-content\/uploads\/Michael-Greaves-Associates-international-moving-company-600x284.png 600w\" sizes=\"auto, (max-width: 1440px) 100vw, 1440px\" \/><\/em><\/p>\n<ul>\n<li>Nacionaliniai perk\u0117limai<\/li>\n<li>Tarptautiniai perk\u0117limai<\/li>\n<li>Komerciniai ir gyvenamieji perkraustymai<\/li>\n<li>Individualiai pritaikytos paslaugos<\/li>\n<li>Patyr\u0119 specialistai<\/li>\n<li>Muitin\u0117s tarpininkavimas ir muitinis \u012fforminimas<\/li>\n<li>Krovini\u0173 draudimas<\/li>\n<li>Gyv\u016bn\u0173 augintini\u0173 tvarkymas<\/li>\n<li>Transporto priemoni\u0173 ir laiv\u0173 transportavimas<\/li>\n<li>Sand\u0117liavimo patalpos<\/li>\n<\/ul>\n<p>\"Michael Greaves Associates\" yra 1981 m. Barbadose \u012fsik\u016brusi perkraustymo, perkraustymo, siuntimo ir tarpininkavimo paslaug\u0173 \u012fmon\u0117. Jie yra IAM nariai, dirbantys 41 metus. Jie teikia persikraustymo paslaugas Barbadose ir tarptautiniu mastu.<\/p>\n<p>\"Michael Greaves Associates\" si\u016blo specialiai jums pritaikytas persikraustymo paslaugas, kurios padeda kiekviename persikraustymo etape - nuo planavimo iki \u012fsik\u016brimo naujuose namuose. Jie ap\u017ei\u016br\u0117s j\u016bs\u0173 namus ar biur\u0105, pateiks s\u0105mat\u0105 ir atsi\u017evelgs \u012f visus specialius reikalavimus. Jie supakuos j\u016bs\u0173 daiktus naudodami patvirtintas technologijas ir med\u017eiagas. Jie taip pat teikia krovini\u0173 draudimo, muitin\u0117s tarpininkavimo ir i\u0161muitinimo paslaugas bei specializuotas paslaugas, susijusias su namini\u0173 gyv\u016bn\u0173, transporto priemoni\u0173 ir laiv\u0173 gabenimu.<\/p>\n<p>Interneto svetain\u0117: <a href=\"http:\/\/www.mgassociates.net\" target=\"_blank\" rel=\"noopener\">http:\/\/www.mgassociates.net<\/a><\/p>\n<h2>Kiti naudingi Barbadoso gidai<\/h2>\n<ul>\n<li> <a href=\"https:\/\/moverdb.com\/lt\/konteineriu-kroviniu-gabenimas\/barbadosas\/\">2024 J\u016br\u0173 krovini\u0173 gabenimo konteineriais \u012f Barbados\u0105 ir i\u0161 jo \u012fkainiai<\/a><\/li>\n<li> <a href=\"https:\/\/moverdb.com\/lt\/moving-to-barbados\/\">Persik\u0117limas \u012f Barbados\u0105? 2023 Gyvenimo i\u0161laidos ir persik\u0117limo patarimai<\/a><\/li>\n<li> <a href=\"https:\/\/moverdb.com\/lt\/moving-to-barbados\/living-in-barbados\/\">21 paslap\u010di\u0173 apie gyvenim\u0105 Barbadose, kurias reikia \u017einoti prie\u0161 persikeliant<\/a><\/li>\n<\/ul>","protected":false},"excerpt":{"rendered":"<p>Are you thinking of moving to or from Barbados, or within Barbados? Then the thought of packing up your home or business and organising the shipping might be causing some stress, but a removal company could help. Below are the removal companies that are members of the International Association of Movers (IAM) and\/or FIDI Accredited [&hellip;]<\/p>\n","protected":false},"author":4,"featured_media":0,"parent":190,"menu_order":0,"comment_status":"closed","ping_status":"closed","template":"","meta":{"_genesis_hide_title":false,"_genesis_hide_breadcrumbs":false,"_genesis_hide_singular_image":false,"_genesis_hide_footer_widgets":false,"_genesis_custom_body_class":"","_genesis_custom_post_class":"","_genesis_layout":"","footnotes":""},"class_list":{"0":"post-5231","1":"page","2":"type-page","3":"status-publish","5":"entry","6":"has-post-thumbnail"},"_links":{"self":[{"href":"https:\/\/moverdb.com\/lt\/wp-json\/wp\/v2\/pages\/5231","targetHints":{"allow":["GET"]}}],"collection":[{"href":"https:\/\/moverdb.com\/lt\/wp-json\/wp\/v2\/pages"}],"about":[{"href":"https:\/\/moverdb.com\/lt\/wp-json\/wp\/v2\/types\/page"}],"author":[{"embeddable":true,"href":"https:\/\/moverdb.com\/lt\/wp-json\/wp\/v2\/users\/4"}],"replies":[{"embeddable":true,"href":"https:\/\/moverdb.com\/lt\/wp-json\/wp\/v2\/comments?post=5231"}],"version-history":[{"count":2,"href":"https:\/\/moverdb.com\/lt\/wp-json\/wp\/v2\/pages\/5231\/revisions"}],"predecessor-version":[{"id":18281,"href":"https:\/\/moverdb.com\/lt\/wp-json\/wp\/v2\/pages\/5231\/revisions\/18281"}],"up":[{"embeddable":true,"href":"https:\/\/moverdb.com\/lt\/wp-json\/wp\/v2\/pages\/190"}],"wp:attachment":[{"href":"https:\/\/moverdb.com\/lt\/wp-json\/wp\/v2\/media?parent=5231"}],"curies":[{"name":"wp","href":"https:\/\/api.w.org\/{rel}","templated":true}]}}