{"id":5228,"date":"2022-10-24T11:52:12","date_gmt":"2022-10-24T11:52:12","guid":{"rendered":"https:\/\/moverdb.com\/?page_id=5228"},"modified":"2026-01-08T15:25:04","modified_gmt":"2026-01-08T15:25:04","slug":"bangladesas-2","status":"publish","type":"page","link":"https:\/\/moverdb.com\/lt\/moving-companies\/bangladesh-moving-companies\/","title":{"rendered":"5 Geriausios tarptautin\u0117s perkraustymo \u012fmon\u0117s Banglade\u0161e"},"content":{"rendered":"<p>Jei persikeliate namo <a href=\"https:\/\/moverdb.com\/lt\/moving-to-bangladesh\/\" data-internallinksmanager029f6b8e52c=\"419\" title=\"Persik\u0117limas \u012f Banglade\u0161\u0105? 2023 Gyvenimo i\u0161laidos ir persik\u0117limo patarimai\">Banglade\u0161as<\/a> arba ketinate persikelti \u012f Banglade\u0161\u0105 ar i\u0161 jo, galite pasinaudoti <a href=\"https:\/\/moverdb.com\/lt\/international-removals\/\" data-internallinksmanager029f6b8e52c=\"27\" title=\"36 geriausios tarptautinio perkraustymo \u012fmon\u0117s Jungtin\u0117je Karalyst\u0117je\">perkraustymo \u012fmon\u0117<\/a> palengvinti persikraustymo proces\u0105. Persikraustymas yra stres\u0105 keliantis laikotarpis, tod\u0117l toliau pateikiame s\u0105ra\u0161\u0105 \u012fmoni\u0173, kurios yra <a href=\"https:\/\/moverdb.com\/lt\/iam\/\" data-internallinksmanager029f6b8e52c=\"23\" title=\"Tarptautin\u0117s perkraustytoj\u0173 asociacijos (IAM) paai\u0161kinimai\">Tarptautin\u0117 perkraustytoj\u0173 asociacija<\/a> (IAM) ir (arba) <a href=\"https:\/\/moverdb.com\/lt\/fidi-faim\/\" data-internallinksmanager029f6b8e52c=\"16\" title=\"FIDI ir FAIM (FIDI akredituotas tarptautinis perve\u017e\u0117jas) paai\u0161kinimai\">FIDI<\/a> Akredituot\u0173 tarptautini\u0173 perkraustymo paslaug\u0173 (FAIM), kurie gal\u0117t\u0173 jums pad\u0117ti.<\/p>\n<div id=\"ez-toc-container\" class=\"ez-toc-v2_0_82_2 ez-toc-wrap-left counter-hierarchy ez-toc-counter ez-toc-transparent ez-toc-container-direction\">\n<div class=\"ez-toc-title-container\">\n<p class=\"ez-toc-title\" style=\"cursor:inherit\">Skyriai<\/p>\n<span class=\"ez-toc-title-toggle\"><a href=\"#\" class=\"ez-toc-pull-right ez-toc-btn ez-toc-btn-xs ez-toc-btn-default ez-toc-toggle\" aria-label=\"Perjungti turinio lentel\u0119\"><span class=\"ez-toc-js-icon-con\"><span class=\"\"><span class=\"eztoc-hide\" style=\"display:none;\">Perjungti<\/span><span class=\"ez-toc-icon-toggle-span\"><svg style=\"fill: #999;color:#999\" xmlns=\"http:\/\/www.w3.org\/2000\/svg\" class=\"list-377408\" width=\"20px\" height=\"20px\" viewbox=\"0 0 24 24\" fill=\"none\"><path d=\"M6 6H4v2h2V6zm14 0H8v2h12V6zM4 11h2v2H4v-2zm16 0H8v2h12v-2zM4 16h2v2H4v-2zm16 0H8v2h12v-2z\" fill=\"currentColor\"><\/path><\/svg><svg style=\"fill: #999;color:#999\" class=\"arrow-unsorted-368013\" xmlns=\"http:\/\/www.w3.org\/2000\/svg\" width=\"10px\" height=\"10px\" viewbox=\"0 0 24 24\" version=\"1.2\" baseprofile=\"tiny\"><path d=\"M18.2 9.3l-6.2-6.3-6.2 6.3c-.2.2-.3.4-.3.7s.1.5.3.7c.2.2.4.3.7.3h11c.3 0 .5-.1.7-.3.2-.2.3-.5.3-.7s-.1-.5-.3-.7zM5.8 14.7l6.2 6.3 6.2-6.3c.2-.2.3-.5.3-.7s-.1-.5-.3-.7c-.2-.2-.4-.3-.7-.3h-11c-.3 0-.5.1-.7.3-.2.2-.3.5-.3.7s.1.5.3.7z\"\/><\/svg><\/span><\/span><\/span><\/a><\/span><\/div>\n<nav><ul class='ez-toc-list ez-toc-list-level-1 eztoc-toggle-hide-by-default' ><li class='ez-toc-page-1 ez-toc-heading-level-2'><a class=\"ez-toc-link ez-toc-heading-1\" href=\"https:\/\/moverdb.com\/lt\/moving-companies\/bangladesh-moving-companies\/#1_A_I_Freight_Services\" >1. A I Krovini\u0173 ve\u017eimo paslaugos<\/a><\/li><li class='ez-toc-page-1 ez-toc-heading-level-2'><a class=\"ez-toc-link ez-toc-heading-2\" href=\"https:\/\/moverdb.com\/lt\/moving-companies\/bangladesh-moving-companies\/#2_Alpha_Logistics\" >2. \"Alpha Logistics<\/a><\/li><li class='ez-toc-page-1 ez-toc-heading-level-2'><a class=\"ez-toc-link ez-toc-heading-3\" href=\"https:\/\/moverdb.com\/lt\/moving-companies\/bangladesh-moving-companies\/#3_Apolloline_Shipping_Service\" >3. \"Apolloline Shipping Service<\/a><\/li><li class='ez-toc-page-1 ez-toc-heading-level-2'><a class=\"ez-toc-link ez-toc-heading-4\" href=\"https:\/\/moverdb.com\/lt\/moving-companies\/bangladesh-moving-companies\/#4_Carry_Link_Packers_Shippers\" >4. \"Carry Link Packers &amp; Shippers<\/a><\/li><li class='ez-toc-page-1 ez-toc-heading-level-2'><a class=\"ez-toc-link ez-toc-heading-5\" href=\"https:\/\/moverdb.com\/lt\/moving-companies\/bangladesh-moving-companies\/#5_Homebound\" >5. Namuose<\/a><\/li><\/ul><\/nav><\/div>\n<h2><span class=\"ez-toc-section\" id=\"1_A_I_Freight_Services\"><\/span><strong>1. A I Krovini\u0173 ve\u017eimo paslaugos<\/strong><span class=\"ez-toc-section-end\"><\/span><\/h2>\n<p><em><img loading=\"lazy\" decoding=\"async\" class=\"alignnone size-full wp-image-5135\" src=\"https:\/\/moverdb.com\/wp-content\/uploads\/A-I-Freight-Services-international-moving-company.png\" alt=\"&quot;A I Freight Services&quot; tarptautin\u0117 perkraustymo \u012fmon\u0117\" width=\"1440\" height=\"685\" data-wp-pid=\"5135\" srcset=\"https:\/\/moverdb.com\/wp-content\/uploads\/A-I-Freight-Services-international-moving-company.png 1440w, https:\/\/moverdb.com\/wp-content\/uploads\/A-I-Freight-Services-international-moving-company-300x143.png 300w, https:\/\/moverdb.com\/wp-content\/uploads\/A-I-Freight-Services-international-moving-company-1024x487.png 1024w, https:\/\/moverdb.com\/wp-content\/uploads\/A-I-Freight-Services-international-moving-company-18x9.png 18w, https:\/\/moverdb.com\/wp-content\/uploads\/A-I-Freight-Services-international-moving-company-600x285.png 600w\" sizes=\"auto, (max-width: 1440px) 100vw, 1440px\" \/><\/em><\/p>\n<ul>\n<li>Nacionalin\u0117 logistika<\/li>\n<li>Tarptautin\u0117 logistika<\/li>\n<li>Paslaugos \"nuo dur\u0173 iki dur\u0173\" ir nam\u0173 \u016bki\u0173 perkraustymas<\/li>\n<li>Asmenini\u0173 daikt\u0173 tvarkymas<\/li>\n<li>Verslo perkraustymai ir logistika<\/li>\n<li>Krovini\u0173 ve\u017eimas keliais, j\u016bra ir oru<\/li>\n<li>Muitin\u0117s tarpininkavimas<\/li>\n<li>trapi\u0173 ir pavojing\u0173 preki\u0173 tvarkymas<\/li>\n<li>Gyv\u016bn\u0173 augintini\u0173 ve\u017eimas<\/li>\n<li>Saugojimo sprendimai<\/li>\n<\/ul>\n<p>\"A I Freight Services\" teigia esanti viena i\u0161 pirmaujan\u010di\u0173 Banglade\u0161o logistikos \u012fmoni\u0173, teikian\u010di\u0173 krovini\u0173 ekspedijavimo, vidaus transporto ir muitin\u0117s tarpininkavimo paslaugas. Ji yra IAM nar\u0117, dirbanti 23 metus. Jos r\u016bpinasi \u012fmoni\u0173 logistikos ir platinimo bei perkraustymo paslaugomis, taip pat si\u016blo nam\u0173 \u016bki\u0173 perkraustymo paslaugas.<\/p>\n<p>\"A I Freight Services\" teikia nam\u0173 \u016bki\u0173 perkraustymo paslaugas nuo dur\u0173 iki dur\u0173 ir gali perve\u017eti jus nacionaliniu ir tarptautiniu mastu, naudodama keli\u0173, j\u016br\u0173 ir oro transport\u0105. Jie taip pat gali pad\u0117ti jums atlikti muitin\u0117s formalumus ir tarpininkauti. Jie gali teikti specializuotas logistikos paslaugas, \u012fskaitant namini\u0173 gyv\u016bn\u0117li\u0173, subtili\u0173 ir pavojing\u0173 krovini\u0173 perve\u017eim\u0105. Jie taip pat si\u016blo sand\u0117liavimo sprendimus.<\/p>\n<p>Interneto svetain\u0117: <a href=\"http:\/\/www.aifs-bd.com\" target=\"_blank\" rel=\"noopener\">http:\/\/www.aifs-bd.com<\/a><\/p>\n<h2><span class=\"ez-toc-section\" id=\"2_Alpha_Logistics\"><\/span><strong>2. \"Alpha Logistics<\/strong><span class=\"ez-toc-section-end\"><\/span><\/h2>\n<p><em><img loading=\"lazy\" decoding=\"async\" class=\"alignnone size-full wp-image-5143\" src=\"https:\/\/moverdb.com\/wp-content\/uploads\/Alpha-Logistics-international-moving-company.png\" alt=\"&quot;Alpha Logistics&quot; tarptautin\u0117 perkraustymo \u012fmon\u0117\" width=\"1440\" height=\"677\" data-wp-pid=\"5143\" srcset=\"https:\/\/moverdb.com\/wp-content\/uploads\/Alpha-Logistics-international-moving-company.png 1440w, https:\/\/moverdb.com\/wp-content\/uploads\/Alpha-Logistics-international-moving-company-300x141.png 300w, https:\/\/moverdb.com\/wp-content\/uploads\/Alpha-Logistics-international-moving-company-1024x481.png 1024w, https:\/\/moverdb.com\/wp-content\/uploads\/Alpha-Logistics-international-moving-company-18x8.png 18w, https:\/\/moverdb.com\/wp-content\/uploads\/Alpha-Logistics-international-moving-company-600x282.png 600w\" sizes=\"auto, (max-width: 1440px) 100vw, 1440px\" \/><\/em><\/p>\n<ul>\n<li>Nacionalin\u0117s siuntos<\/li>\n<li>Tarptautin\u0117s siuntos<\/li>\n<li>Lanksti paslauga<\/li>\n<li>Skirta pla\u010diam preki\u0173 asortimentui<\/li>\n<li>Paslauga \"nuo dur\u0173 iki dur\u0173<\/li>\n<li>Paslaugos nuo dur\u0173 iki oro uosto arba doko<\/li>\n<li>Keli\u0173, j\u016br\u0173 ir oro transportas<\/li>\n<li>Pasirinktinis klirensas<\/li>\n<li>Prane\u0161imai ir atvykimo \u012frodymai<\/li>\n<li>Trumpalaik\u0117s ir ilgalaik\u0117s saugyklos<\/li>\n<\/ul>\n<p>\"Alpha Logistics\" buvo \u012fkurta 1999 m. ir teigia esanti viena i\u0161 geriausi\u0173 krovini\u0173 ekspedijavimo ir logistikos paslaug\u0173 teik\u0117j\u0173 Banglade\u0161e. Jie yra IAM nariai, nes yra perve\u017eimo ir <a href=\"https:\/\/moverdb.com\/lt\/relocation-agents\/\" data-internallinksmanager029f6b8e52c=\"1\" title=\"7 prie\u017eastys, kod\u0117l tur\u0117tum\u0117te naudotis perkraustymo agento paslaugomis?\">perk\u0117limo agentas<\/a>. Jie turi pasaulin\u012f agent\u0173 tinkl\u0105, kuris leid\u017eia jiems teikti paslaugas tarptautiniu mastu.<\/p>\n<p>\"Alpha Logistics\" si\u016blo tik siuntimo paslaugas, kai teikia paslaugas \"nuo dur\u0173 iki dur\u0173\", \"nuo dur\u0173 iki oro uosto \/ doko\" arba \"nuo oro uosto \/ doko iki dur\u0173\", \u012fskaitant siuntos muitin\u012f \u012fforminim\u0105. Jie taip pat si\u016blo \u012fvairius sunkve\u017eimius ir mikroautobusus, skirtus j\u016bs\u0173 prek\u0117ms gabenti Banglade\u0161e. Savo sand\u0117liuose jie si\u016blo trumpalaikio ir ilgalaikio sand\u0117liavimo galimybes.<\/p>\n<p>Interneto svetain\u0117: <a href=\"http:\/\/www.alphagroupbd.com\" target=\"_blank\" rel=\"noopener\">http:\/\/www.alphagroupbd.com<\/a><\/p>\n<h2><span class=\"ez-toc-section\" id=\"3_Apolloline_Shipping_Service\"><\/span><strong>3. \"Apolloline Shipping Service<\/strong><span class=\"ez-toc-section-end\"><\/span><\/h2>\n<p><img loading=\"lazy\" decoding=\"async\" class=\"alignnone size-full wp-image-5229\" src=\"https:\/\/moverdb.com\/wp-content\/uploads\/Apolloline-international-moving-company.png\" alt=\"&quot;Apolloline&quot; tarptautin\u0117 perkraustymo \u012fmon\u0117\" width=\"1440\" height=\"682\" data-wp-pid=\"5229\" srcset=\"https:\/\/moverdb.com\/wp-content\/uploads\/Apolloline-international-moving-company.png 1440w, https:\/\/moverdb.com\/wp-content\/uploads\/Apolloline-international-moving-company-300x142.png 300w, https:\/\/moverdb.com\/wp-content\/uploads\/Apolloline-international-moving-company-1024x485.png 1024w, https:\/\/moverdb.com\/wp-content\/uploads\/Apolloline-international-moving-company-18x9.png 18w, https:\/\/moverdb.com\/wp-content\/uploads\/Apolloline-international-moving-company-600x284.png 600w\" sizes=\"auto, (max-width: 1440px) 100vw, 1440px\" \/><\/p>\n<ul>\n<li>Nacionaliniai perkraustymai<\/li>\n<li>Tarptautinis perkraustymas<\/li>\n<li>Biur\u0173 ir nam\u0173 \u016bki\u0173 perkraustymas<\/li>\n<li>Keli\u0173, j\u016br\u0173 ir oro transportas<\/li>\n<li>Profesionali pakuotoj\u0173 komanda<\/li>\n<li>Auk\u0161tos kokyb\u0117s pakavimo med\u017eiagos<\/li>\n<li>Antikvariniai daiktai ir vaizduojamasis menas<\/li>\n<li>Muitinis \u012fforminimas<\/li>\n<li><a href=\"https:\/\/moverdb.com\/lt\/car-transport-shipping\/\" data-internallinksmanager029f6b8e52c=\"2\" title=\"2026 Tarptautinio automobili\u0173 transporto ir transporto priemoni\u0173 gabenimo citatos\">Transporto priemoni\u0173 gabenimas<\/a><\/li>\n<li>Saugojimo sprendimai<\/li>\n<\/ul>\n<p>\"Apolloline Shipping Service\" yra tarptautinio krovini\u0173 ekspedijavimo ir <a href=\"https:\/\/moverdb.com\/lt\/moving-companies\/\" data-internallinksmanager029f6b8e52c=\"79\" title=\"Top 25 Tarptautin\u0117s perkraustymo \u012fmon\u0117s internete\">perkraustymo \u012fmon\u0117<\/a> \u012fsik\u016brusi Dakoje ir turinti filial\u0105 Chottogramo mieste. Jie teigia esantys pirmaujanti paslaug\u0173 teik\u0117ja Banglade\u0161e ir yra IAM nar\u0117, dirbanti 10 met\u0173. Jie teikia biuro ir nam\u0173 \u016bkio perkraustymo paslaugas Banglade\u0161e ir tarptautiniu mastu.<\/p>\n<p>\"Apolloline Shipping Service\" si\u016blo perkraustymo paslaugas, kurias teikia profesionali pakuotoj\u0173 komanda, naudojanti geriausius pakavimo ir perkraustymo b\u016bdus bei auk\u0161tos kokyb\u0117s pakavimo med\u017eiagas, kad apsaugot\u0173 j\u016bs\u0173 daiktus. Jie teikia transportavimo galimybes, \u012fskaitant krovini\u0173 gabenim\u0105 keliais, j\u016bra ir oru, ir pasir\u016bpins muitin\u0117s formalumais. Jie taip pat si\u016blo tarpines sand\u0117liavimo patalpas.<\/p>\n<p>Interneto svetain\u0117: <a href=\"http:\/\/www.apolloline.com\" target=\"_blank\" rel=\"noopener\">http:\/\/www.apolloline. com<\/a><\/p>\n<h2><span class=\"ez-toc-section\" id=\"4_Carry_Link_Packers_Shippers\"><\/span><strong>4. \"Carry Link Packers &amp; Shippers<\/strong><span class=\"ez-toc-section-end\"><\/span><\/h2>\n<p><em><img loading=\"lazy\" decoding=\"async\" class=\"alignnone size-full wp-image-5153\" src=\"https:\/\/moverdb.com\/wp-content\/uploads\/Carry-Link-Packers-and-Shippers-international-moving-company.png\" alt=\"&quot;Carry Link Packers and Shippers&quot; tarptautin\u0117 perkraustymo \u012fmon\u0117\" width=\"1440\" height=\"677\" data-wp-pid=\"5153\" srcset=\"https:\/\/moverdb.com\/wp-content\/uploads\/Carry-Link-Packers-and-Shippers-international-moving-company.png 1440w, https:\/\/moverdb.com\/wp-content\/uploads\/Carry-Link-Packers-and-Shippers-international-moving-company-300x141.png 300w, https:\/\/moverdb.com\/wp-content\/uploads\/Carry-Link-Packers-and-Shippers-international-moving-company-1024x481.png 1024w, https:\/\/moverdb.com\/wp-content\/uploads\/Carry-Link-Packers-and-Shippers-international-moving-company-18x8.png 18w, https:\/\/moverdb.com\/wp-content\/uploads\/Carry-Link-Packers-and-Shippers-international-moving-company-600x282.png 600w\" sizes=\"auto, (max-width: 1440px) 100vw, 1440px\" \/><\/em><\/p>\n<ul>\n<li>Nacionalin\u0117 laivyba<\/li>\n<li><a href=\"https:\/\/moverdb.com\/lt\/container-shipping\/\" data-internallinksmanager029f6b8e52c=\"3\" title=\"Tarptautini\u0173 konteineri\u0173 gabenimo tarif\u0173 diagrama: 2026 m. baland\u017eio m\u0117n.\">Tarptautinis pristatymas<\/a><\/li>\n<li>Nam\u0173 \u016bki\u0173 perkraustymas<\/li>\n<li>Verslo krovini\u0173 ve\u017eimo paslaugos<\/li>\n<li>Paslaugos \"nuo dur\u0173 iki dur\u0173<\/li>\n<li>Sausumos, oro ir j\u016br\u0173 transportas<\/li>\n<li>Muitinis \u012fforminimas<\/li>\n<li>Draudimas<\/li>\n<li>Sand\u0117liavimo patalpos<\/li>\n<li>Susijusi\u0173 agent\u0173 tinklas visame pasaulyje<\/li>\n<\/ul>\n<p>\"Carry Link Packers &amp; Shippers\" yra 1999 m. \u012fkurta perkraustymo ir ekspedijavimo agent\u016bra, \u012fsik\u016brusi Dakoje, Banglade\u0161e, ir jau 20 met\u0173 dirbanti IAM nar\u0117. Jie teikia ekspedijavimo paslaugas, muitinio \u012fforminimo paslaugas ir pakavimo pagalb\u0105. Jie teikia paslaugas \u012fmon\u0117ms, kurioms reikia krovini\u0173, ir nam\u0173 \u016bkiams, kuriems reikia persikraustyti.<\/p>\n<p>\"Carry Link Packers &amp; Shippers\" si\u016blo \"nuo dur\u0173 iki dur\u0173\" paslaugas ir pakavimo paslaugas nam\u0173 \u016bkiams, kad pad\u0117t\u0173 jiems persikelti namo nacionaliniu ir tarptautiniu mastu. Jie si\u016blo perkraustymo sausuma, j\u016bra ir oru paslaugas, \u012fskaitant draudim\u0105 ir muitin\u0117s formalumus. Tarptautines paslaugas jie teikia per susijusi\u0173 agent\u0173 tinkl\u0105 visame pasaulyje.<\/p>\n<p>Interneto svetain\u0117: <a href=\"http:\/\/www.carrylink.org\" target=\"_blank\" rel=\"noopener\">http:\/\/www.carrylink.org<\/a><\/p>\n<h2><span class=\"ez-toc-section\" id=\"5_Homebound\"><\/span><strong>5. Namuose<\/strong><span class=\"ez-toc-section-end\"><\/span><\/h2>\n<p><em><img loading=\"lazy\" decoding=\"async\" class=\"alignnone size-full wp-image-5174\" src=\"https:\/\/moverdb.com\/wp-content\/uploads\/Homebound-international-moving-company.png\" alt=\"Homebound tarptautinis jud\u0117jimo \u012fmon\u0117\" width=\"1440\" height=\"678\" data-wp-pid=\"5174\" srcset=\"https:\/\/moverdb.com\/wp-content\/uploads\/Homebound-international-moving-company.png 1440w, https:\/\/moverdb.com\/wp-content\/uploads\/Homebound-international-moving-company-300x141.png 300w, https:\/\/moverdb.com\/wp-content\/uploads\/Homebound-international-moving-company-1024x482.png 1024w, https:\/\/moverdb.com\/wp-content\/uploads\/Homebound-international-moving-company-18x8.png 18w, https:\/\/moverdb.com\/wp-content\/uploads\/Homebound-international-moving-company-600x283.png 600w\" sizes=\"auto, (max-width: 1440px) 100vw, 1440px\" \/><\/em><\/p>\n<ul>\n<li>Nacionaliniai perk\u0117limai<\/li>\n<li>Tarptautiniai perk\u0117limai<\/li>\n<li>Biuro perkraustymai<\/li>\n<li>Gyvenam\u0173j\u0173 patalp\u0173 perk\u0117limas<\/li>\n<li>Keli\u0173, j\u016br\u0173 ir oro transportas<\/li>\n<li>Muitin\u0117s tarpininkavimas ir muitinis \u012fforminimas<\/li>\n<li>Pakavimo paslaugos naudojant pasaulin\u0117s klas\u0117s med\u017eiagas<\/li>\n<li>Tranzito draudimas<\/li>\n<li>Gyv\u016bn\u0173 augintini\u0173 perk\u0117limas<\/li>\n<li>Trumpalaik\u0117s ir ilgalaik\u0117s saugyklos<\/li>\n<\/ul>\n<p>\"Homebound\" yra 1972 m. \u012fkurta perkraustymo \u012fmon\u0117, priklausanti IAM ir akredituota FIDI. Ji teigia esanti viena i\u0161 pirmaujan\u010di\u0173 tarptautinio perve\u017eimo logistikos paslaug\u0173 teik\u0117j\u0173 Banglade\u0161e.  Jie r\u016bpinasi biur\u0173 ir gyvenam\u0173j\u0173 patalp\u0173 perk\u0117limu, taip pat gali pasi\u016blyti gyv\u016bn\u0173 perk\u0117limo ir saugojimo paslaugas.<\/p>\n<p>\"Homebound\" si\u016blo persikraustymo paslaug\u0105 su konsultantu, kuris atliks apklaus\u0105, pateiks s\u0105mat\u0105, koordinuos j\u016bs\u0173 persikraustym\u0105 ir pad\u0117s jums kiekviename \u017eingsnyje. J\u0173 teikiamos pakavimo paslaugos numeruoja ir i\u0161vardija j\u016bs\u0173 daiktus, saugiai supakuoja juos \u012f pasaulin\u0117s klas\u0117s pakavimo med\u017eiagas. Jie taip pat si\u016blo pagalb\u0105 ie\u0161kant nam\u0173.<\/p>\n<p>Interneto svetain\u0117: <a href=\"http:\/\/www.homeboundbd.com\" target=\"_blank\" rel=\"noopener\">http:\/\/www.homeboundbd.com<\/a> &nbsp;<\/p>","protected":false},"excerpt":{"rendered":"<p>If you are moving home in Bangladesh or about to move to or from Bangladesh, you may want to use a removal company to help ease the moving process. Moving is a stressful time so below we have gathered a list of companies who are members of the International Association of Movers (IAM) and\/or FIDI [&hellip;]<\/p>\n","protected":false},"author":4,"featured_media":0,"parent":190,"menu_order":0,"comment_status":"closed","ping_status":"closed","template":"","meta":{"_genesis_hide_title":false,"_genesis_hide_breadcrumbs":false,"_genesis_hide_singular_image":false,"_genesis_hide_footer_widgets":false,"_genesis_custom_body_class":"","_genesis_custom_post_class":"","_genesis_layout":"","footnotes":""},"class_list":{"0":"post-5228","1":"page","2":"type-page","3":"status-publish","5":"entry","6":"has-post-thumbnail"},"_links":{"self":[{"href":"https:\/\/moverdb.com\/lt\/wp-json\/wp\/v2\/pages\/5228","targetHints":{"allow":["GET"]}}],"collection":[{"href":"https:\/\/moverdb.com\/lt\/wp-json\/wp\/v2\/pages"}],"about":[{"href":"https:\/\/moverdb.com\/lt\/wp-json\/wp\/v2\/types\/page"}],"author":[{"embeddable":true,"href":"https:\/\/moverdb.com\/lt\/wp-json\/wp\/v2\/users\/4"}],"replies":[{"embeddable":true,"href":"https:\/\/moverdb.com\/lt\/wp-json\/wp\/v2\/comments?post=5228"}],"version-history":[{"count":1,"href":"https:\/\/moverdb.com\/lt\/wp-json\/wp\/v2\/pages\/5228\/revisions"}],"predecessor-version":[{"id":5230,"href":"https:\/\/moverdb.com\/lt\/wp-json\/wp\/v2\/pages\/5228\/revisions\/5230"}],"up":[{"embeddable":true,"href":"https:\/\/moverdb.com\/lt\/wp-json\/wp\/v2\/pages\/190"}],"wp:attachment":[{"href":"https:\/\/moverdb.com\/lt\/wp-json\/wp\/v2\/media?parent=5228"}],"curies":[{"name":"wp","href":"https:\/\/api.w.org\/{rel}","templated":true}]}}