{"id":5224,"date":"2022-10-24T11:53:37","date_gmt":"2022-10-24T11:53:37","guid":{"rendered":"https:\/\/moverdb.com\/?page_id=5224"},"modified":"2026-01-08T15:25:03","modified_gmt":"2026-01-08T15:25:03","slug":"azerbaidzanas","status":"publish","type":"page","link":"https:\/\/moverdb.com\/lt\/moving-companies\/azerbaijan-moving-companies\/","title":{"rendered":"5 geriausios tarptautin\u0117s perkraustymo \u012fmon\u0117s Azerbaid\u017eane"},"content":{"rendered":"<p>Persikraustymas \u012f namus gali kelti stres\u0105, tod\u0117l, pasisamd\u0119 \u017emog\u0173, kuris jums pad\u0117s persikraustyti, gal\u0117site atsikratyti \u012ftampos. Nesvarbu, ar kraustot\u0117s Azerbaid\u017eane, ar kraustot\u0117s \u012f Azerbaid\u017ean\u0105, ar i\u0161 Azerbaid\u017eano, yra \u012fmoni\u0173, kurios gali jums pad\u0117ti. Sudar\u0117me s\u0105ra\u0161\u0105 <a href=\"https:\/\/moverdb.com\/lt\/international-removals\/\" data-internallinksmanager029f6b8e52c=\"27\" title=\"36 geriausios tarptautinio perkraustymo \u012fmon\u0117s Jungtin\u0117je Karalyst\u0117je\">perkraustymo \u012fmon\u0117s<\/a> toliau i\u0161vardyti nariai, kurie yra <a href=\"https:\/\/moverdb.com\/lt\/iam\/\" data-internallinksmanager029f6b8e52c=\"23\" title=\"Tarptautin\u0117s perkraustytoj\u0173 asociacijos (IAM) paai\u0161kinimai\">Tarptautin\u0117 perkraustytoj\u0173 asociacija<\/a> (IAM) ir (arba) <a href=\"https:\/\/moverdb.com\/lt\/fidi-faim\/\" data-internallinksmanager029f6b8e52c=\"16\" title=\"FIDI ir FAIM (FIDI akredituotas tarptautinis perve\u017e\u0117jas) paai\u0161kinimai\">FIDI<\/a> Akredituotas tarptautinis perkraustymas (FAIM), kuris gali jums pad\u0117ti.<\/p>\n<div id=\"ez-toc-container\" class=\"ez-toc-v2_0_82_2 ez-toc-wrap-left counter-hierarchy ez-toc-counter ez-toc-transparent ez-toc-container-direction\">\n<div class=\"ez-toc-title-container\">\n<p class=\"ez-toc-title\" style=\"cursor:inherit\">Skyriai<\/p>\n<span class=\"ez-toc-title-toggle\"><a href=\"#\" class=\"ez-toc-pull-right ez-toc-btn ez-toc-btn-xs ez-toc-btn-default ez-toc-toggle\" aria-label=\"Perjungti turinio lentel\u0119\"><span class=\"ez-toc-js-icon-con\"><span class=\"\"><span class=\"eztoc-hide\" style=\"display:none;\">Perjungti<\/span><span class=\"ez-toc-icon-toggle-span\"><svg style=\"fill: #999;color:#999\" xmlns=\"http:\/\/www.w3.org\/2000\/svg\" class=\"list-377408\" width=\"20px\" height=\"20px\" viewbox=\"0 0 24 24\" fill=\"none\"><path d=\"M6 6H4v2h2V6zm14 0H8v2h12V6zM4 11h2v2H4v-2zm16 0H8v2h12v-2zM4 16h2v2H4v-2zm16 0H8v2h12v-2z\" fill=\"currentColor\"><\/path><\/svg><svg style=\"fill: #999;color:#999\" class=\"arrow-unsorted-368013\" xmlns=\"http:\/\/www.w3.org\/2000\/svg\" width=\"10px\" height=\"10px\" viewbox=\"0 0 24 24\" version=\"1.2\" baseprofile=\"tiny\"><path d=\"M18.2 9.3l-6.2-6.3-6.2 6.3c-.2.2-.3.4-.3.7s.1.5.3.7c.2.2.4.3.7.3h11c.3 0 .5-.1.7-.3.2-.2.3-.5.3-.7s-.1-.5-.3-.7zM5.8 14.7l6.2 6.3 6.2-6.3c.2-.2.3-.5.3-.7s-.1-.5-.3-.7c-.2-.2-.4-.3-.7-.3h-11c-.3 0-.5.1-.7.3-.2.2-.3.5-.3.7s.1.5.3.7z\"\/><\/svg><\/span><\/span><\/span><\/a><\/span><\/div>\n<nav><ul class='ez-toc-list ez-toc-list-level-1 eztoc-toggle-hide-by-default' ><li class='ez-toc-page-1 ez-toc-heading-level-2'><a class=\"ez-toc-link ez-toc-heading-1\" href=\"https:\/\/moverdb.com\/lt\/moving-companies\/azerbaijan-moving-companies\/#1_ACE_Forwarding\" >1. ACE persiuntimas<\/a><\/li><li class='ez-toc-page-1 ez-toc-heading-level-2'><a class=\"ez-toc-link ez-toc-heading-2\" href=\"https:\/\/moverdb.com\/lt\/moving-companies\/azerbaijan-moving-companies\/#2_Allright_Moving_Storage\" >2. \"Allright Moving &amp; Storage<\/a><\/li><li class='ez-toc-page-1 ez-toc-heading-level-2'><a class=\"ez-toc-link ez-toc-heading-3\" href=\"https:\/\/moverdb.com\/lt\/moving-companies\/azerbaijan-moving-companies\/#3_Buddy-Mover\" >3. Buddy-Mover<\/a><\/li><li class='ez-toc-page-1 ez-toc-heading-level-2'><a class=\"ez-toc-link ez-toc-heading-4\" href=\"https:\/\/moverdb.com\/lt\/moving-companies\/azerbaijan-moving-companies\/#4_Gosselin\" >4. Gosselin<\/a><\/li><li class='ez-toc-page-1 ez-toc-heading-level-2'><a class=\"ez-toc-link ez-toc-heading-5\" href=\"https:\/\/moverdb.com\/lt\/moving-companies\/azerbaijan-moving-companies\/#5_Interdean_International_Relocations\" >5. \"Interdean International Relocations<\/a><\/li><\/ul><\/nav><\/div>\n<h2><span class=\"ez-toc-section\" id=\"1_ACE_Forwarding\"><\/span><strong>1. ACE persiuntimas<\/strong><span class=\"ez-toc-section-end\"><\/span><\/h2>\n<p><em><img loading=\"lazy\" decoding=\"async\" class=\"alignnone size-full wp-image-5136\" src=\"https:\/\/moverdb.com\/wp-content\/uploads\/ACE-Forwarding-international-moving-company.png\" alt=\"&quot;ACE Forwarding&quot; tarptautin\u0117 perkraustymo \u012fmon\u0117\" width=\"1440\" height=\"685\" data-wp-pid=\"5136\" srcset=\"https:\/\/moverdb.com\/wp-content\/uploads\/ACE-Forwarding-international-moving-company.png 1440w, https:\/\/moverdb.com\/wp-content\/uploads\/ACE-Forwarding-international-moving-company-300x143.png 300w, https:\/\/moverdb.com\/wp-content\/uploads\/ACE-Forwarding-international-moving-company-1024x487.png 1024w, https:\/\/moverdb.com\/wp-content\/uploads\/ACE-Forwarding-international-moving-company-18x9.png 18w, https:\/\/moverdb.com\/wp-content\/uploads\/ACE-Forwarding-international-moving-company-600x285.png 600w\" sizes=\"auto, (max-width: 1440px) 100vw, 1440px\" \/><\/em><\/p>\n<ul>\n<li>Tarptautiniai perkraustymai<\/li>\n<li>Perkraustymo paslaugos<\/li>\n<li>Nam\u0173 \u016bki\u0173 ir \u012fmoni\u0173 perkraustymai<\/li>\n<li>Oro, j\u016br\u0173, gele\u017einkeli\u0173 ir keli\u0173 transportas<\/li>\n<li>Preki\u0173 gabenimas, grupavimas ir konteineri\u0173 gabenimas<\/li>\n<li>Meno k\u016brini\u0173 gabenimas<\/li>\n<li>Muitin\u0117s tarpininkavimas<\/li>\n<li>Transporto priemoni\u0173 ir laiv\u0173 transportavimas<\/li>\n<li>Gyv\u016bn\u0173 augintini\u0173 ve\u017eimas<\/li>\n<li>Ilgalaikio ir trumpalaikio saugojimo sprendimai<\/li>\n<\/ul>\n<p>\"ACE Forwarding\" yra multimodalin\u0117s logistikos ir krovini\u0173 ekspedijavimo \u012fmon\u0117, \u012fkurta 1996 m. Azerbaid\u017eane, taip pat turinti biurus <a href=\"https:\/\/moverdb.com\/lt\/juda-imones\/juda-imones-georgia\/\">Gruzija<\/a>. Jie yra IAM nariai, dirbantys 25 metus. Jie si\u016blo perkraustymo \u012f Azerbaid\u017ean\u0105, tarptautinio perkraustymo, nam\u0173 \u016bki\u0173 ir \u012fmoni\u0173 perkraustymo paslaugas.<\/p>\n<p>\"ACE Forwarding\" si\u016blo ap\u017ei\u016br\u0105 prie\u0161 persikraustym\u0105 ir j\u016bs\u0173 poreikius atitinkan\u010dias kainas. Jie teikia pakavimo paslaugas, naudodami specialiai turiniui skirtas med\u017eiagas ir profesionalius pakavimo b\u016bdus, taip pat i\u0161ardo ir surenka baldus. Jie taip pat gali pad\u0117ti atlikti muitin\u0117s tarpininkavimo, gyv\u016bn\u0173 ir transporto priemoni\u0173 ve\u017eimo, draudimo ir trumpalaikio ar ilgalaikio saugojimo paslaugas.<\/p>\n<p>Interneto svetain\u0117: <a href=\"http:\/\/www.acecaspian.com\" target=\"_blank\" rel=\"noopener\">http:\/\/www.acecaspian.com<\/a><\/p>\n<h2><span class=\"ez-toc-section\" id=\"2_Allright_Moving_Storage\"><\/span><strong>2. \"Allright Moving &amp; Storage<\/strong><span class=\"ez-toc-section-end\"><\/span><\/h2>\n<p><em><img loading=\"lazy\" decoding=\"async\" class=\"alignnone size-full wp-image-5141\" src=\"https:\/\/moverdb.com\/wp-content\/uploads\/Allright-Moving-and-Storage-international-moving-company.png\" alt=\"&quot;Allright Moving and Storage&quot; tarptautin\u0117 perkraustymo \u012fmon\u0117\" width=\"1440\" height=\"677\" data-wp-pid=\"5141\" srcset=\"https:\/\/moverdb.com\/wp-content\/uploads\/Allright-Moving-and-Storage-international-moving-company.png 1440w, https:\/\/moverdb.com\/wp-content\/uploads\/Allright-Moving-and-Storage-international-moving-company-300x141.png 300w, https:\/\/moverdb.com\/wp-content\/uploads\/Allright-Moving-and-Storage-international-moving-company-1024x481.png 1024w, https:\/\/moverdb.com\/wp-content\/uploads\/Allright-Moving-and-Storage-international-moving-company-18x8.png 18w, https:\/\/moverdb.com\/wp-content\/uploads\/Allright-Moving-and-Storage-international-moving-company-600x282.png 600w\" sizes=\"auto, (max-width: 1440px) 100vw, 1440px\" \/><\/em><\/p>\n<ul>\n<li>Vietiniai ir nacionaliniai perkraustymai<\/li>\n<li>Tarptautiniai perkraustymai<\/li>\n<li>Gyvenam\u0173j\u0173 patalp\u0173 perkraustymas<\/li>\n<li>Biur\u0173 ir \u012fmoni\u0173 perkraustymai<\/li>\n<li>Profesional\u016bs ir mandag\u016bs darbuotojai<\/li>\n<li>Bald\u0173 i\u0161montavimas ir surinkimas<\/li>\n<li>Tranzito draudimas<\/li>\n<li>Muitinis \u012fforminimas<\/li>\n<li><a href=\"https:\/\/moverdb.com\/lt\/car-transport-shipping\/\" data-internallinksmanager029f6b8e52c=\"2\" title=\"2026 Tarptautinio automobili\u0173 transporto ir transporto priemoni\u0173 gabenimo citatos\">Automobili\u0173 gabenimas<\/a><\/li>\n<li>Saugojimo sprendimai<\/li>\n<\/ul>\n<p>\"Allright Moving &amp; Storage\" teigia esanti viena i\u0161 pirmaujan\u010di\u0173 Azerbaid\u017eano krovini\u0173 ekspedijavimo ir perkraustymo \u012fmoni\u0173. Ji si\u016blo nam\u0173 \u016bki\u0173 ir \u012fmoni\u0173 perkraustymo paslaugas Azerbaid\u017eane, i\u0161 Azerbaid\u017eano arba \u012f Azerbaid\u017ean\u0105. Jie yra IAM nariai, dirbantys 7 metus. Jie turi tarptautinio perkraustymo subrangov\u0173 ir partneri\u0173 tinkl\u0105, padedant\u012f jiems atlikti tarptautinius perkraustymus.<\/p>\n<p>\"Allright Moving &amp; Storage\" si\u016blo patyrusius inspektorius, kurie \u012fvertins j\u016bs\u0173 poreikius ir patars. Jie supakuos j\u016bs\u0173 daiktus, i\u0161montuos ir sumontuos baldus, taip pat pasir\u016bpins tranzito draudimu ir muitin\u0117s formalumais. Jie taip pat gali pasi\u016blyti automobili\u0173 gabenimo paslaugas. Jie si\u016blo trumpalaikes ir ilgalaikes, visi\u0161kai saugias ir kontroliuojamo klimato saugyklas.<\/p>\n<p>Interneto svetain\u0117: <a href=\"http:\/\/www.allrightmoving.com\" target=\"_blank\" rel=\"noopener\">http:\/\/www.allrightmoving.com<\/a><\/p>\n<h2><span class=\"ez-toc-section\" id=\"3_Buddy-Mover\"><\/span><strong>3. Buddy-Mover<\/strong><span class=\"ez-toc-section-end\"><\/span><\/h2>\n<p><em><img loading=\"lazy\" decoding=\"async\" class=\"alignnone size-full wp-image-5151\" src=\"https:\/\/moverdb.com\/wp-content\/uploads\/Buddy-Mover-international-moving-company.png\" alt=\"&quot;Buddy Mover&quot; tarptautin\u0117 perkraustymo \u012fmon\u0117\" width=\"1440\" height=\"680\" data-wp-pid=\"5151\" srcset=\"https:\/\/moverdb.com\/wp-content\/uploads\/Buddy-Mover-international-moving-company.png 1440w, https:\/\/moverdb.com\/wp-content\/uploads\/Buddy-Mover-international-moving-company-300x142.png 300w, https:\/\/moverdb.com\/wp-content\/uploads\/Buddy-Mover-international-moving-company-1024x484.png 1024w, https:\/\/moverdb.com\/wp-content\/uploads\/Buddy-Mover-international-moving-company-18x9.png 18w, https:\/\/moverdb.com\/wp-content\/uploads\/Buddy-Mover-international-moving-company-600x283.png 600w\" sizes=\"auto, (max-width: 1440px) 100vw, 1440px\" \/><\/em><\/p>\n<ul>\n<li>Vietiniai ir nacionaliniai perkraustymai<\/li>\n<li>Tarptautinis perkraustymas<\/li>\n<li>Gyvenam\u0173j\u0173 patalp\u0173 perkraustymas<\/li>\n<li>Verslo \u017eingsniai<\/li>\n<li>Profesional\u016bs ir kvalifikuoti darbuotojai<\/li>\n<li>Auk\u0161tas pakavimo standartas<\/li>\n<li>Inventoriai, skirti j\u016bs\u0173 daiktams sekti<\/li>\n<li>Krovini\u0173 ve\u017eimas keliais, oru ir j\u016bra<\/li>\n<li>Tranzito draudimas<\/li>\n<li>Trumpalaikis ir ilgalaikis saugojimas<\/li>\n<\/ul>\n<p>\"Buddy-Mover\" yra Baku (Azerbaid\u017eanas) \u012fsik\u016brusi perkraustymo \u012fmon\u0117, kuri yra IAM nar\u0117, dirbanti 4 metus. Ji teikia vietinio, nacionalinio ir tarptautinio perkraustymo paslaugas, kurios skirtos tiek gyvenamosios paskirties, tiek verslo klientams. Joje dirba profesional\u016bs darbuotojai, kurie yra gerai apmokyti perkraustymo ir pakavimo technikos.<\/p>\n<p>Prie\u0161 persikraustym\u0105 \"Buddy-Mover\" atlieka apklaus\u0105 akis \u012f ak\u012f, kad \u012fvertint\u0173 j\u016bs\u0173 poreikius, muitin\u0117s reikalavimus ir siuntimo galimybes. J\u0173 perkraustymo darbuotojai saugiai supakuos j\u016bs\u0173 daiktus, sudarys inventori\u0173 ir pasir\u016bpins j\u0173 gabenimu keliais, oru ar j\u016bra. Jie taip pat si\u016blo trumpalaikio ir ilgalaikio saugaus sand\u0117liavimo galimybes savo saugomame sand\u0117lyje.<\/p>\n<p>Interneto svetain\u0117: <a href=\"http:\/\/www.buddy-mover.com\" target=\"_blank\" rel=\"noopener\">http:\/\/www.buddy-mover.com<\/a><\/p>\n<h2><span class=\"ez-toc-section\" id=\"4_Gosselin\"><\/span><strong>4. Gosselin<\/strong><span class=\"ez-toc-section-end\"><\/span><\/h2>\n<p><em><img loading=\"lazy\" decoding=\"async\" class=\"alignnone size-full wp-image-5170\" src=\"https:\/\/moverdb.com\/wp-content\/uploads\/Gosselin-Azerbaijan-international-moving-company.png\" alt=\"Gosselin Azerbaid\u017eanas tarptautin\u0117 jud\u0117jimo \u012fmon\u0117\" width=\"1440\" height=\"681\" data-wp-pid=\"5170\" srcset=\"https:\/\/moverdb.com\/wp-content\/uploads\/Gosselin-Azerbaijan-international-moving-company.png 1440w, https:\/\/moverdb.com\/wp-content\/uploads\/Gosselin-Azerbaijan-international-moving-company-300x142.png 300w, https:\/\/moverdb.com\/wp-content\/uploads\/Gosselin-Azerbaijan-international-moving-company-1024x484.png 1024w, https:\/\/moverdb.com\/wp-content\/uploads\/Gosselin-Azerbaijan-international-moving-company-18x9.png 18w, https:\/\/moverdb.com\/wp-content\/uploads\/Gosselin-Azerbaijan-international-moving-company-600x284.png 600w\" sizes=\"auto, (max-width: 1440px) 100vw, 1440px\" \/><\/em><\/p>\n<ul>\n<li>Tarptautiniai perkraustymai<\/li>\n<li>Nam\u0173 \u016bkio perkraustymas<\/li>\n<li>Biuro perk\u0117limas<\/li>\n<li>Pakavimas, transportavimas ir i\u0161pakavimas<\/li>\n<li>Dail\u0117s jud\u0117jimas<\/li>\n<li>Gyv\u016bn\u0173 jud\u0117jimas<\/li>\n<li>Automobili\u0173 gabenimas<\/li>\n<li>Saugojimo sprendimai<\/li>\n<li>Baga\u017eo perteklius<\/li>\n<li>Kilnojam\u0173j\u0173 parod\u0173 paslaugos<\/li>\n<\/ul>\n<p>\"Gosselin\" yra perkraustymo \u012fmon\u0117, priklausanti \"Gosselin\" grupei, kuri buvo \u012fkurta 1930 m. <a href=\"https:\/\/moverdb.com\/lt\/moving-to-belgium\/\" data-internallinksmanager029f6b8e52c=\"323\" title=\"Persik\u0117limas \u012f Belgij\u0105? 2023 Gyvenimo i\u0161laidos ir persik\u0117limo patarimai\">Belgija<\/a> ir Azerbaid\u017eane veikia jau daugiau kaip 20 met\u0173. Jie aptarnauja diplomatus, \u012fmoni\u0173 darbuotojus ir priva\u010dius nam\u0173 \u016bkius, ve\u017ean\u010dius tarptautiniais mar\u0161rutais. Jie yra IAM nariai, dirbantys 23 metus.<\/p>\n<p>\"Gosselin\" si\u016blo specialiai j\u016bs\u0173 \u0161eimos ar verslo poreikiams pritaikyt\u0105 paslaug\u0105 - profesionalias pakavimo paslaugas, auk\u0161\u010diausios klas\u0117s pakavimo med\u017eiagas ir i\u0161pakavimo paslaugas. Jie teikia draudimo, meno dirbini\u0173 perve\u017eimo, automobili\u0173 gabenimo ir gyv\u016bn\u0173 perve\u017eimo paslaugas, kurios yra sertifikuotos \"Ipata\". Jie taip pat gali pasi\u016blyti sand\u0117liavimo sprendimus ir ekspedijavimo paslaugas, \u012fskaitant perteklinio baga\u017eo ir keliaujan\u010di\u0173 parod\u0173 paslaugas.<\/p>\n<p>Interneto svetain\u0117: <a href=\"https:\/\/gosselin-moving.com\/azerbaijan\" target=\"_blank\" rel=\"noopener\">https:\/\/gosselin-moving.com\/azerbaijan<\/a><\/p>\n<h2><span class=\"ez-toc-section\" id=\"5_Interdean_International_Relocations\"><\/span><strong>5. \"Interdean International Relocations<\/strong><span class=\"ez-toc-section-end\"><\/span><\/h2>\n<p><em><img loading=\"lazy\" decoding=\"async\" class=\"alignnone size-full wp-image-5175\" src=\"https:\/\/moverdb.com\/wp-content\/uploads\/Interdean-International-Relocations-international-moving-company.png\" alt=\"&quot;Interdean International Relocations&quot; tarptautin\u0117 perkraustymo \u012fmon\u0117\" width=\"1440\" height=\"683\" data-wp-pid=\"5175\" srcset=\"https:\/\/moverdb.com\/wp-content\/uploads\/Interdean-International-Relocations-international-moving-company.png 1440w, https:\/\/moverdb.com\/wp-content\/uploads\/Interdean-International-Relocations-international-moving-company-300x142.png 300w, https:\/\/moverdb.com\/wp-content\/uploads\/Interdean-International-Relocations-international-moving-company-1024x486.png 1024w, https:\/\/moverdb.com\/wp-content\/uploads\/Interdean-International-Relocations-international-moving-company-18x9.png 18w, https:\/\/moverdb.com\/wp-content\/uploads\/Interdean-International-Relocations-international-moving-company-600x285.png 600w\" sizes=\"auto, (max-width: 1440px) 100vw, 1440px\" \/><\/em><\/p>\n<ul>\n<li>Tarptautiniai perkraustymai<\/li>\n<li>Perk\u0117limai \u012f namus<\/li>\n<li>\u012emoni\u0173 perkraustymai<\/li>\n<li>Perk\u0117limo paslauga<\/li>\n<li>J\u016bs\u0173 daikt\u0173 paruo\u0161imas, pakavimas ir i\u0161pakavimas<\/li>\n<li>Krovini\u0173 ve\u017eimo keliais, j\u016bra ir oru galimyb\u0117s<\/li>\n<li>Tranzito draudimas<\/li>\n<li>Pagalba atliekant muitin\u012f \u012fforminim\u0105<\/li>\n<li>Trumpalaikis ir ilgalaikis saugojimas<\/li>\n<li>Pagalba ie\u0161kant b\u016bsto ar trumpalaik\u0117s nuomos<\/li>\n<\/ul>\n<p>\"Interdean International Relocations\" yra tarptautinio perkraustymo valdymo \u012fmon\u0117, \u012fsik\u016brusi Baku, Azerbaid\u017eane. Ji yra IAM nar\u0117, dirba 24 metus ir yra akredituota FIDI.<\/p>\n<p>\"Interdean International Relocations\" teikia specializuotas d\u0117\u017ees, pritaikytas prie turinio, kad jis b\u016bt\u0173 geriausiai apsaugotas, ir specialiai pritaikytas d\u0117\u017ees vertingiems ar trapiems daiktams. Jie i\u0161samiai apra\u0161ys j\u016bs\u0173 turt\u0105 inventoriaus s\u0105ra\u0161e, i\u0161pakuos j\u012f ir pa\u0161alins visas pakavimo med\u017eiagas. Jie si\u016blo perve\u017eim\u0105 keliais, oru ir j\u016bra ir pad\u0117s jums atlikti muitin\u0117s formalumus. Jie taip pat si\u016blo \u012fvairius sand\u0117liavimo sprendimus nuo ma\u017eo iki didelio kiekio, nuo trumpalaikio iki ilgalaikio.<\/p>\n<p>Interneto svetain\u0117: <a href=\"http:\/\/www.interdean.com.az\" target=\"_blank\" rel=\"noopener\">http:\/\/www.interdean.com.az<\/a><\/p>","protected":false},"excerpt":{"rendered":"<p>Moving home can be stressful so getting someone to assist you in your move can help release the pressure. Whether you are moving within Azerbaijan, or moving to or from Azerbaijan, there are companies that can assist. We have compiled a list of removal companies below that are members of the International Association of Movers [&hellip;]<\/p>\n","protected":false},"author":4,"featured_media":0,"parent":190,"menu_order":0,"comment_status":"closed","ping_status":"closed","template":"","meta":{"_genesis_hide_title":false,"_genesis_hide_breadcrumbs":false,"_genesis_hide_singular_image":false,"_genesis_hide_footer_widgets":false,"_genesis_custom_body_class":"","_genesis_custom_post_class":"","_genesis_layout":"","footnotes":""},"class_list":{"0":"post-5224","1":"page","2":"type-page","3":"status-publish","5":"entry","6":"has-post-thumbnail"},"_links":{"self":[{"href":"https:\/\/moverdb.com\/lt\/wp-json\/wp\/v2\/pages\/5224","targetHints":{"allow":["GET"]}}],"collection":[{"href":"https:\/\/moverdb.com\/lt\/wp-json\/wp\/v2\/pages"}],"about":[{"href":"https:\/\/moverdb.com\/lt\/wp-json\/wp\/v2\/types\/page"}],"author":[{"embeddable":true,"href":"https:\/\/moverdb.com\/lt\/wp-json\/wp\/v2\/users\/4"}],"replies":[{"embeddable":true,"href":"https:\/\/moverdb.com\/lt\/wp-json\/wp\/v2\/comments?post=5224"}],"version-history":[{"count":2,"href":"https:\/\/moverdb.com\/lt\/wp-json\/wp\/v2\/pages\/5224\/revisions"}],"predecessor-version":[{"id":7595,"href":"https:\/\/moverdb.com\/lt\/wp-json\/wp\/v2\/pages\/5224\/revisions\/7595"}],"up":[{"embeddable":true,"href":"https:\/\/moverdb.com\/lt\/wp-json\/wp\/v2\/pages\/190"}],"wp:attachment":[{"href":"https:\/\/moverdb.com\/lt\/wp-json\/wp\/v2\/media?parent=5224"}],"curies":[{"name":"wp","href":"https:\/\/api.w.org\/{rel}","templated":true}]}}