{"id":4726,"date":"2022-09-30T19:17:44","date_gmt":"2022-09-30T19:17:44","guid":{"rendered":"https:\/\/moverdb.com\/?page_id=4726"},"modified":"2026-01-08T13:20:35","modified_gmt":"2026-01-08T13:20:35","slug":"papua-naujoji-gvineja","status":"publish","type":"page","link":"https:\/\/moverdb.com\/lt\/container-shipping\/papua-new-guinea\/","title":{"rendered":"2022 J\u016br\u0173 krovini\u0173 gabenimo konteineriais \u012f Papua Nauj\u0105j\u0105 Gvin\u0117j\u0105 ir i\u0161 jos \u012fkainiai"},"content":{"rendered":"<figure class=\"wp-block-image size-full\"><img loading=\"lazy\" decoding=\"async\" width=\"1000\" height=\"562\" src=\"https:\/\/moverdb.com\/wp-content\/uploads\/papua-new-guinea.jpg\" alt=\"Papua Naujosios Gvin\u0117jos Port Moresbio miesto plaukiojantis rajonas\" class=\"wp-image-4708\" srcset=\"https:\/\/moverdb.com\/wp-content\/uploads\/papua-new-guinea.jpg 1000w, https:\/\/moverdb.com\/wp-content\/uploads\/papua-new-guinea-300x169.jpg 300w, https:\/\/moverdb.com\/wp-content\/uploads\/papua-new-guinea-18x10.jpg 18w, https:\/\/moverdb.com\/wp-content\/uploads\/papua-new-guinea-600x337.jpg 600w\" sizes=\"auto, (max-width: 1000px) 100vw, 1000px\" \/><\/figure>\n\n\n\n<p>Daugelis emigrant\u0173 nusprend\u017eia persikelti \u012f <strong>Papua Naujasis <a href=\"https:\/\/moverdb.com\/lt\/moving-companies\/moving-companies-guinea\/\" data-internallinksmanager029f6b8e52c=\"231\" title=\"2 Geriausios tarptautin\u0117s perkraustymo \u012fmon\u0117s Gvin\u0117joje\">Gvin\u0117ja<\/a> <\/strong>nepaisant to, kad \u0161i Okeanijos sal\u0173 valstyb\u0117 apskritai vis dar yra nepakankamai i\u0161sivys\u010diusi.<\/p>\n\n\n\n<p>Papua Naujosios Gvin\u0117jos likimas artimiausioje ateityje yra daug \u017eadantis. Jos gyventojai labai \u0161iltai ir draugi\u0161kai bendrauja su u\u017esienie\u010diais, taip pat yra labai darb\u0161t\u016bs ir pasiry\u017e\u0119 pakelti savo visuomen\u0119 \u012f auk\u0161tesn\u012f ekonomin\u012f lyg\u012f.<\/p>\n\n\n\n<p>Jei gavote darb\u0105 \u0161ioje \u017eavingoje \u0161alyje arba tiesiog norite susikurti gyvenim\u0105 ramesn\u0117je ir nuo\u0161alesn\u0117je vietoje, vis tiek tur\u0117site su\u017einoti, kiek kainuos nam\u0173 apyvokos daikt\u0173 gabenimas \u012f \u0161i\u0105 \u0161al\u012f.<\/p>\n\n\n\n<p>\u0160is straipsnis pad\u0117s jums atrasti ma\u017eiausi\u0105 Papua Naujoji Gvin\u0117ja <a href=\"https:\/\/moverdb.com\/lt\/container-shipping\/\" data-internallinksmanager029f6b8e52c=\"3\" title=\"Tarptautini\u0173 konteineri\u0173 gabenimo tarif\u0173 diagrama: 2026 m. gegu\u017e\u0117s m\u0117n.\">konteineri\u0173 gabenimo tarifai<\/a>. \u012e toliau pateikiamas lenteles \u012ftrauk\u0117me visas pasaulio \u0161alis, kuri\u0173 kainas pavyko rasti.<\/p>\n\n\n\n<p>Taip pat raginame pasinaudoti m\u016bs\u0173 kain\u0173 nustatymo \u012frankiu, kad gautum\u0117te tiksli\u0105 kain\u0105 pagal tiksli\u0105 j\u016bs\u0173 buvimo viet\u0105.<\/p>\n\n\n\n<h2 class=\"wp-block-heading\">Pristatymo \u012f Papua Nauj\u0105j\u0105 Gvin\u0117j\u0105 (Port Moresbis) kaina<\/h2>\n\n\n<div class=\"wp-block-image\">\n<figure class=\"aligncenter size-large\"><img loading=\"lazy\" decoding=\"async\" width=\"1024\" height=\"539\" src=\"https:\/\/moverdb.com\/wp-content\/uploads\/Shipping-Container-Costs-to-Papua-New-Guinea-1024x539.png\" alt=\"Pristatymo \u012f Papua Nauj\u0105j\u0105 Gvin\u0117j\u0105 (Port Moresbis) kaina\" class=\"wp-image-4711\" srcset=\"https:\/\/moverdb.com\/wp-content\/uploads\/Shipping-Container-Costs-to-Papua-New-Guinea-1024x539.png 1024w, https:\/\/moverdb.com\/wp-content\/uploads\/Shipping-Container-Costs-to-Papua-New-Guinea-300x158.png 300w, https:\/\/moverdb.com\/wp-content\/uploads\/Shipping-Container-Costs-to-Papua-New-Guinea-1536x809.png 1536w, https:\/\/moverdb.com\/wp-content\/uploads\/Shipping-Container-Costs-to-Papua-New-Guinea-18x9.png 18w, https:\/\/moverdb.com\/wp-content\/uploads\/Shipping-Container-Costs-to-Papua-New-Guinea-600x316.png 600w, https:\/\/moverdb.com\/wp-content\/uploads\/Shipping-Container-Costs-to-Papua-New-Guinea.png 2000w\" sizes=\"auto, (max-width: 1024px) 100vw, 1024px\" \/><\/figure>\n<\/div>\n\n\n<table id=\"tablepress-183\" class=\"tablepress tablepress-id-183\">\n<thead>\n<tr class=\"row-1\">\n\t<th class=\"column-1\">Paskirties \u0161alis (<a href=\"https:\/\/moverdb.com\/lt\/top-49-container-ports\/\" data-internallinksmanager029f6b8e52c=\"80\" title=\"49 did\u017eiausi ir labiausiai apkrauti konteineri\u0173 uostai 2025 m.\">Uostas<\/a>\/miestas)<\/th><th class=\"column-2\">20FT<\/th><th class=\"column-3\">40FT<\/th>\n<\/tr>\n<\/thead>\n<tbody class=\"row-striping row-hover\">\n<tr class=\"row-2\">\n\t<td class=\"column-1\"><a href=\"https:\/\/moverdb.com\/lt\/container-shipping\/andorra\/\" data-internallinksmanager029f6b8e52c=\"88\" title=\"2023 m. J\u016br\u0173 krovini\u0173 gabenimo konteineriais \u012f Andor\u0105 ir i\u0161 jos \u012fkainiai\">Andora (Andora la Vella)<\/a><\/td><td class=\"column-2\">$4,396<\/td><td class=\"column-3\">$8,053<\/td>\n<\/tr>\n<tr class=\"row-3\">\n\t<td class=\"column-1\"><a href=\"https:\/\/moverdb.com\/lt\/container-shipping\/antigua-and-barbuda\/\" data-internallinksmanager029f6b8e52c=\"92\" title=\"2023 m. J\u016br\u0173 krovini\u0173 gabenimo konteineriais \u012f Antigv\u0105 ir Barbud\u0105 ir i\u0161 jos \u012fkainiai\">Antigva ir Barbuda (Sent D\u017eonas)<\/a><\/td><td class=\"column-2\">$1,825<\/td><td class=\"column-3\">NETAIKOMA<\/td>\n<\/tr>\n<tr class=\"row-4\">\n\t<td class=\"column-1\"><a href=\"https:\/\/moverdb.com\/lt\/container-shipping\/argentina\/\" data-internallinksmanager029f6b8e52c=\"91\" title=\"2023 m. J\u016br\u0173 krovini\u0173 gabenimo konteineriais \u012f Argentin\u0105 ir i\u0161 jos kainos\">Argentina (Buenos Air\u0117s)<\/a><\/td><td class=\"column-2\">$2,845<\/td><td class=\"column-3\">NETAIKOMA<\/td>\n<\/tr>\n<tr class=\"row-5\">\n\t<td class=\"column-1\"><a href=\"https:\/\/moverdb.com\/lt\/container-shipping\/aruba\/\" data-internallinksmanager029f6b8e52c=\"90\" title=\"2023 m. J\u016br\u0173 krovini\u0173 gabenimo konteineriais \u012f Arub\u0105 ir i\u0161 jos \u012fkainiai\">Aruba (Oranjestadas)<\/a><\/td><td class=\"column-2\">$2,845<\/td><td class=\"column-3\">NETAIKOMA<\/td>\n<\/tr>\n<tr class=\"row-6\">\n\t<td class=\"column-1\"><a href=\"https:\/\/moverdb.com\/lt\/container-shipping\/australia\/\" data-internallinksmanager029f6b8e52c=\"89\" title=\"2026 m. konteineri\u0173 gabenimo \u012f Australij\u0105 ir i\u0161 jos kainos\">Australija (Sidn\u0117jus)<\/a><\/td><td class=\"column-2\">$1,561<\/td><td class=\"column-3\">$2,083<\/td>\n<\/tr>\n<tr class=\"row-7\">\n\t<td class=\"column-1\"><a href=\"https:\/\/moverdb.com\/lt\/container-shipping\/austria\/\" data-internallinksmanager029f6b8e52c=\"95\" title=\"2023 m. J\u016br\u0173 krovini\u0173 gabenimo konteineriais \u012f Austrij\u0105 ir i\u0161 jos kainos\">Austrija (Viena)<\/a><\/td><td class=\"column-2\">$4,641<\/td><td class=\"column-3\">NETAIKOMA<\/td>\n<\/tr>\n<tr class=\"row-8\">\n\t<td class=\"column-1\"><a href=\"https:\/\/moverdb.com\/lt\/container-shipping\/france\/\" data-internallinksmanager029f6b8e52c=\"116\" title=\"2023 m. J\u016br\u0173 krovini\u0173 gabenimo konteineriais \u012f Pranc\u016bzij\u0105 ir i\u0161 jos \u012fkainiai\">Pranc\u016bzija (Marselis)<\/a><\/td><td class=\"column-2\">$2,035<\/td><td class=\"column-3\">$3,465<\/td>\n<\/tr>\n<tr class=\"row-9\">\n\t<td class=\"column-1\"><a href=\"https:\/\/moverdb.com\/lt\/container-shipping\/germany\/\" data-internallinksmanager029f6b8e52c=\"118\" title=\"2023 m. J\u016br\u0173 krovini\u0173 gabenimo konteineriais \u012f Vokietij\u0105 ir i\u0161 jos \u012fkainiai\">Vokietija (Hamburgas)<\/a><\/td><td class=\"column-2\">$1,177<\/td><td class=\"column-3\">$2,037<\/td>\n<\/tr>\n<tr class=\"row-10\">\n\t<td class=\"column-1\"><a href=\"https:\/\/moverdb.com\/lt\/container-shipping\/india\/\" data-internallinksmanager029f6b8e52c=\"125\" title=\"2023 m. J\u016br\u0173 krovini\u0173 gabenimo konteineriais \u012f Indij\u0105 ir i\u0161 Indijos kainos\">Indija (Mumbajus)<\/a><\/td><td class=\"column-2\">$3,614<\/td><td class=\"column-3\">$4,317<\/td>\n<\/tr>\n<tr class=\"row-11\">\n\t<td class=\"column-1\"><a href=\"https:\/\/moverdb.com\/lt\/container-shipping\/isle-of-man\/\" data-internallinksmanager029f6b8e52c=\"128\" title=\"2023 m. Krovini\u0173 gabenimo j\u016bra konteineriais \u012f Meno sal\u0105 ir i\u0161 jos \u012fkainiai\">Meno sala (Douglas)<\/a><\/td><td class=\"column-2\">$1,925<\/td><td class=\"column-3\">$3,255<\/td>\n<\/tr>\n<tr class=\"row-12\">\n\t<td class=\"column-1\"><a href=\"https:\/\/moverdb.com\/lt\/container-shipping\/lithuania\/\" data-internallinksmanager029f6b8e52c=\"145\" title=\"2023 m. J\u016br\u0173 krovini\u0173 gabenimo konteineriais \u012f Lietuv\u0105 ir i\u0161 jos \u012fkainiai\">Lietuva (Klaip\u0117da)<\/a><\/td><td class=\"column-2\">$1,177<\/td><td class=\"column-3\">$2,096<\/td>\n<\/tr>\n<tr class=\"row-13\">\n\t<td class=\"column-1\"><a href=\"https:\/\/moverdb.com\/lt\/moving-to-luxembourg\/\" data-internallinksmanager029f6b8e52c=\"349\" title=\"Persik\u0117limas \u012f Liuksemburg\u0105? 2023 Gyvenimo i\u0161laidos ir persik\u0117limo patarimai\">Liuksemburgas<\/a><\/td><td class=\"column-2\">$1,786<\/td><td class=\"column-3\">$2,390<\/td>\n<\/tr>\n<tr class=\"row-14\">\n\t<td class=\"column-1\"><a href=\"https:\/\/moverdb.com\/lt\/container-shipping\/philippines\/\" data-internallinksmanager029f6b8e52c=\"156\" title=\"2023 m. J\u016br\u0173 krovini\u0173 gabenimo konteineriais \u012f Filipinus ir i\u0161 j\u0173 \u012fkainiai\">Filipinai (Manila)<\/a><\/td><td class=\"column-2\">$3,754<\/td><td class=\"column-3\">NETAIKOMA<\/td>\n<\/tr>\n<tr class=\"row-15\">\n\t<td class=\"column-1\"><a href=\"https:\/\/moverdb.com\/lt\/container-shipping\/thailand\/\" data-internallinksmanager029f6b8e52c=\"189\" title=\"2023 m. J\u016br\u0173 krovini\u0173 gabenimo konteineriais \u012f Tailand\u0105 ir i\u0161 jo kainos\">Tailandas (Laem \u010cabangas)<\/a><\/td><td class=\"column-2\">$3,200<\/td><td class=\"column-3\">$7,050<\/td>\n<\/tr>\n<tr class=\"row-16\">\n\t<td class=\"column-1\"><a href=\"https:\/\/moverdb.com\/lt\/moving-to-the-united-states\/\" data-internallinksmanager029f6b8e52c=\"94\" title=\"Persik\u0117limas \u012f Jungtines Amerikos Valstijas? 2022 Gyvenimo i\u0161laidos ir persik\u0117limo patarimai\">JAV<\/a> (<a href=\"https:\/\/moverdb.com\/lt\/moving-to-los-angeles\/\" data-internallinksmanager029f6b8e52c=\"51\" title=\"Persikraustote \u012f Los And\u017eel\u0105? 2026 m. gyvenimo Los And\u017eele i\u0161laidos ir persik\u0117limo patarimai\">Los And\u017eelas<\/a>)<\/td><td class=\"column-2\">$2,730<\/td><td class=\"column-3\">$3,666<\/td>\n<\/tr>\n<tr class=\"row-17\">\n\t<td class=\"column-1\"><a href=\"https:\/\/moverdb.com\/lt\/container-shipping\/united-states\/\" data-internallinksmanager029f6b8e52c=\"87\" title=\"2023 m. J\u016br\u0173 krovini\u0173 gabenimo konteineriais \u012f JAV ir i\u0161 JAV kainos\">JAV (Niujorkas)<\/a><\/td><td class=\"column-2\">$3,371<\/td><td class=\"column-3\">$4,658<\/td>\n<\/tr>\n<\/tbody>\n<\/table>\n<!-- #tablepress-183 from cache -->\n\n\n\n<h2 class=\"wp-block-heading\">Laivybos konteineriais i\u0161laidos i\u0161 Papua Naujoji Gvin\u0117ja (Port Moresbis)<\/h2>\n\n\n<div class=\"wp-block-image\">\n<figure class=\"aligncenter size-large\"><img loading=\"lazy\" decoding=\"async\" width=\"1024\" height=\"539\" src=\"https:\/\/moverdb.com\/wp-content\/uploads\/Shipping-Container-Costs-from-Papua-New-Guinea-1024x539.png\" alt=\"Laivybos konteineriais i\u0161laidos i\u0161 Papua Naujoji Gvin\u0117ja (Port Moresbis)\" class=\"wp-image-4709\" srcset=\"https:\/\/moverdb.com\/wp-content\/uploads\/Shipping-Container-Costs-from-Papua-New-Guinea-1024x539.png 1024w, https:\/\/moverdb.com\/wp-content\/uploads\/Shipping-Container-Costs-from-Papua-New-Guinea-300x158.png 300w, https:\/\/moverdb.com\/wp-content\/uploads\/Shipping-Container-Costs-from-Papua-New-Guinea-1536x809.png 1536w, https:\/\/moverdb.com\/wp-content\/uploads\/Shipping-Container-Costs-from-Papua-New-Guinea-18x9.png 18w, https:\/\/moverdb.com\/wp-content\/uploads\/Shipping-Container-Costs-from-Papua-New-Guinea-600x316.png 600w, https:\/\/moverdb.com\/wp-content\/uploads\/Shipping-Container-Costs-from-Papua-New-Guinea.png 2000w\" sizes=\"auto, (max-width: 1024px) 100vw, 1024px\" \/><\/figure>\n<\/div>\n\n\n<table id=\"tablepress-179\" class=\"tablepress tablepress-id-179\">\n<thead>\n<tr class=\"row-1\">\n\t<th class=\"column-1\">Paskirties \u0161alis (uostas \/ miestas)<\/th><th class=\"column-2\">20FT<\/th><th class=\"column-3\">40FT<\/th>\n<\/tr>\n<\/thead>\n<tbody class=\"row-striping row-hover\">\n<tr class=\"row-2\">\n\t<td class=\"column-1\">Andora (Andora la Vella)<\/td><td class=\"column-2\">NETAIKOMA<\/td><td class=\"column-3\">$12,406<\/td>\n<\/tr>\n<tr class=\"row-3\">\n\t<td class=\"column-1\">Argentina (Buenos Air\u0117s)<\/td><td class=\"column-2\">$9,863<\/td><td class=\"column-3\">$13,934<\/td>\n<\/tr>\n<tr class=\"row-4\">\n\t<td class=\"column-1\">Aruba (Oranjestadas)<\/td><td class=\"column-2\">$10,171<\/td><td class=\"column-3\">NETAIKOMA<\/td>\n<\/tr>\n<tr class=\"row-5\">\n\t<td class=\"column-1\">Australija (Sidn\u0117jus)<\/td><td class=\"column-2\">NETAIKOMA<\/td><td class=\"column-3\">$12,406<\/td>\n<\/tr>\n<tr class=\"row-6\">\n\t<td class=\"column-1\"><a href=\"https:\/\/moverdb.com\/lt\/container-shipping\/cambodia\/\" data-internallinksmanager029f6b8e52c=\"101\" title=\"2022 J\u016br\u0173 krovini\u0173 gabenimo konteineriais \u012f Kambod\u017e\u0105 ir i\u0161 jos \u012fkainiai\">Kambod\u017ea (Sihanoukvilis)<\/a><\/td><td class=\"column-2\">$1,303<\/td><td class=\"column-3\">$2,886<\/td>\n<\/tr>\n<tr class=\"row-7\">\n\t<td class=\"column-1\"><a href=\"https:\/\/moverdb.com\/lt\/container-shipping\/croatia\/\" data-internallinksmanager029f6b8e52c=\"107\" title=\"2023 m. J\u016br\u0173 krovini\u0173 gabenimo konteineriais \u012f Kroatij\u0105 ir i\u0161 jos kainos\">Kroatija (Rijeka)<\/a><\/td><td class=\"column-2\">$10,226<\/td><td class=\"column-3\">$8,025<\/td>\n<\/tr>\n<tr class=\"row-8\">\n\t<td class=\"column-1\"><a href=\"https:\/\/moverdb.com\/lt\/container-shipping\/finland\/\" data-internallinksmanager029f6b8e52c=\"115\" title=\"2023 m. J\u016br\u0173 krovini\u0173 gabenimo konteineriais \u012f Suomij\u0105 ir i\u0161 jos kainos\">Suomija (Helsinkis)<\/a><\/td><td class=\"column-2\">$1,595<\/td><td class=\"column-3\">$3,045<\/td>\n<\/tr>\n<tr class=\"row-9\">\n\t<td class=\"column-1\">Guamas<\/td><td class=\"column-2\">$10,226<\/td><td class=\"column-3\">$8,025<\/td>\n<\/tr>\n<tr class=\"row-10\">\n\t<td class=\"column-1\"><a href=\"https:\/\/moverdb.com\/lt\/container-shipping\/iceland\/\" data-internallinksmanager029f6b8e52c=\"124\" title=\"2023 m. J\u016br\u0173 krovini\u0173 gabenimo konteineriais \u012f Islandij\u0105 ir i\u0161 jos kainos\">Islandija (Reikjavikas)<\/a><\/td><td class=\"column-2\">$1,567<\/td><td class=\"column-3\">$2,518<\/td>\n<\/tr>\n<tr class=\"row-11\">\n\t<td class=\"column-1\"><a href=\"https:\/\/moverdb.com\/lt\/container-shipping\/indonesia\/\" data-internallinksmanager029f6b8e52c=\"126\" title=\"2023 m. J\u016br\u0173 krovini\u0173 gabenimo konteineriais \u012f Indonezij\u0105 ir i\u0161 jos \u012fkainiai\">Indonezija (D\u017eakarta)<\/a><\/td><td class=\"column-2\">$1,561<\/td><td class=\"column-3\">$2,083<\/td>\n<\/tr>\n<tr class=\"row-12\">\n\t<td class=\"column-1\">Lietuva (Klaip\u0117da)<\/td><td class=\"column-2\">$1,397<\/td><td class=\"column-3\">$2,754<\/td>\n<\/tr>\n<tr class=\"row-13\">\n\t<td class=\"column-1\">Liuksemburgas<\/td><td class=\"column-2\">NETAIKOMA<\/td><td class=\"column-3\">$9,192<\/td>\n<\/tr>\n<\/tbody>\n<\/table>\n<!-- #tablepress-179 from cache -->\n\n\n\n<h3 class=\"wp-block-heading\">Pastabos apie duomenis:<\/h3>\n\n\n\n<ul class=\"wp-block-list\"><li>Visi $ skai\u010diai pateikti JAV doleriais (USD);<\/li><li>\u012ekainiai tiksl\u016bs nuo 2023 m. prad\u017eios;<\/li><li>\u0160iame straipsnyje pateikti \u017eem\u0117lapiai buvo sukurti naudojant <a href=\"https:\/\/www.mapchart.net\" target=\"_blank\" rel=\"noreferrer noopener\">https:\/\/www.mapchart.net<\/a>. Galite laisvai dalytis \u017eem\u0117lapiais, jei pateiksite nuorod\u0105 \u012f <a href=\"https:\/\/moverdb.com\/lt\/\" target=\"_blank\" rel=\"noreferrer noopener\">MoverDB<\/a>;<\/li><li>Auk\u0161\u010diau pateikti \u012fkainiai yra tik apytiksliai ir nuo \u0161io straipsnio paskelbimo (2023 m. baland\u017eio m\u0117n.) gali b\u016bti pasikeit\u0119. Jie pagr\u012fsti ma\u017eiausiu apskai\u010diuotu tarifu i\u0161 <a href=\"https:\/\/www.searates.com\" target=\"_blank\" rel=\"noreferrer noopener\">https:\/\/www.searates.com<\/a> arba <a href=\"https:\/\/www.gocomet.com\/freight-shipping-rates-index-calculator\" target=\"_blank\" rel=\"noreferrer noopener\">https:\/\/www.gocomet.com<\/a>;<\/li><li>Nor\u0117dami su\u017einoti tikslesn\u0119 kain\u0105, naudokite \u0161io puslapio vir\u0161uje esan\u010di\u0105 pasi\u016blymo form\u0105;<\/li><li>Taip pat \u017er. m\u016bs\u0173 vadov\u0105 apie <a href=\"https:\/\/moverdb.com\/lt\/konteineriu-kroviniu-gabenimas\/\" target=\"_blank\" rel=\"noreferrer noopener\">tarptautinis gabenimas konteineriais<\/a>.<\/li><\/ul>","protected":false},"excerpt":{"rendered":"<p>Many expats decide to move to Papua New Guinea despite the fact that this Oceania island country is still underdeveloped at large. Papua New Guinea shows a lot of promise for its fate in the near future. Its people are very warm and friendly toward foreigners and they are also very hardworking and resolute to [&hellip;]<\/p>\n","protected":false},"author":2,"featured_media":4708,"parent":44,"menu_order":0,"comment_status":"closed","ping_status":"closed","template":"","meta":{"_genesis_hide_title":false,"_genesis_hide_breadcrumbs":false,"_genesis_hide_singular_image":false,"_genesis_hide_footer_widgets":false,"_genesis_custom_body_class":"","_genesis_custom_post_class":"","_genesis_layout":"","footnotes":""},"class_list":{"0":"post-4726","1":"page","2":"type-page","3":"status-publish","4":"has-post-thumbnail","6":"entry"},"_links":{"self":[{"href":"https:\/\/moverdb.com\/lt\/wp-json\/wp\/v2\/pages\/4726","targetHints":{"allow":["GET"]}}],"collection":[{"href":"https:\/\/moverdb.com\/lt\/wp-json\/wp\/v2\/pages"}],"about":[{"href":"https:\/\/moverdb.com\/lt\/wp-json\/wp\/v2\/types\/page"}],"author":[{"embeddable":true,"href":"https:\/\/moverdb.com\/lt\/wp-json\/wp\/v2\/users\/2"}],"replies":[{"embeddable":true,"href":"https:\/\/moverdb.com\/lt\/wp-json\/wp\/v2\/comments?post=4726"}],"version-history":[{"count":1,"href":"https:\/\/moverdb.com\/lt\/wp-json\/wp\/v2\/pages\/4726\/revisions"}],"predecessor-version":[{"id":4727,"href":"https:\/\/moverdb.com\/lt\/wp-json\/wp\/v2\/pages\/4726\/revisions\/4727"}],"up":[{"embeddable":true,"href":"https:\/\/moverdb.com\/lt\/wp-json\/wp\/v2\/pages\/44"}],"wp:featuredmedia":[{"embeddable":true,"href":"https:\/\/moverdb.com\/lt\/wp-json\/wp\/v2\/media\/4708"}],"wp:attachment":[{"href":"https:\/\/moverdb.com\/lt\/wp-json\/wp\/v2\/media?parent=4726"}],"curies":[{"name":"wp","href":"https:\/\/api.w.org\/{rel}","templated":true}]}}