{"id":4641,"date":"2022-09-20T19:45:42","date_gmt":"2022-09-20T19:45:42","guid":{"rendered":"https:\/\/moverdb.com\/?page_id=4641"},"modified":"2026-01-08T15:24:10","modified_gmt":"2026-01-08T15:24:10","slug":"alzyras","status":"publish","type":"page","link":"https:\/\/moverdb.com\/lt\/moving-companies\/algeria\/","title":{"rendered":"3 Geriausios tarptautin\u0117s perkraustymo \u012fmon\u0117s Al\u017eyre"},"content":{"rendered":"<p>Jei persikeliate \u012f Al\u017eyr\u0105 arba norite persikelti \u012f Al\u017eyr\u0105 ar i\u0161 jo, jums gali prireikti <a href=\"https:\/\/moverdb.com\/lt\/moving-companies\/\" data-internallinksmanager029f6b8e52c=\"79\" title=\"Top 25 Tarptautin\u0117s perkraustymo \u012fmon\u0117s internete\">perkraustymo \u012fmon\u0117<\/a> pad\u0117ti jums. Toliau pateikiamas s\u0105ra\u0161as t\u0173, kurie yra <a href=\"https:\/\/moverdb.com\/lt\/iam\/\" data-internallinksmanager029f6b8e52c=\"23\" title=\"Tarptautin\u0117s perkraustytoj\u0173 asociacijos (IAM) paai\u0161kinimai\">Tarptautin\u0117 perkraustytoj\u0173 asociacija<\/a> (IAM) ir (arba) <a href=\"https:\/\/moverdb.com\/lt\/fidi-faim\/\" data-internallinksmanager029f6b8e52c=\"16\" title=\"FIDI ir FAIM (FIDI akredituotas tarptautinis perve\u017e\u0117jas) paai\u0161kinimai\">FIDI<\/a> Akredituotas tarptautinis perkraustymas (FAIM), kuris, tikim\u0117s, jums pad\u0117s.<\/p>\n<h2><strong>1. Tikslas Intermovers<\/strong><\/h2>\n<p><em><img loading=\"lazy\" decoding=\"async\" class=\"alignnone wp-image-4642 size-full\" src=\"https:\/\/moverdb.com\/wp-content\/uploads\/Aim-Intermovers-international-moving-company.png\" alt=\"&quot;Aim Intermovers&quot; tarptautin\u0117 perkraustymo \u012fmon\u0117\" width=\"1440\" height=\"677\" data-wp-pid=\"4642\" srcset=\"https:\/\/moverdb.com\/wp-content\/uploads\/Aim-Intermovers-international-moving-company.png 1440w, https:\/\/moverdb.com\/wp-content\/uploads\/Aim-Intermovers-international-moving-company-300x141.png 300w, https:\/\/moverdb.com\/wp-content\/uploads\/Aim-Intermovers-international-moving-company-1024x481.png 1024w, https:\/\/moverdb.com\/wp-content\/uploads\/Aim-Intermovers-international-moving-company-18x8.png 18w, https:\/\/moverdb.com\/wp-content\/uploads\/Aim-Intermovers-international-moving-company-600x282.png 600w\" sizes=\"auto, (max-width: 1440px) 100vw, 1440px\" \/><\/em><\/p>\n<ul>\n<li>Teikia nacionalinius ir tarptautinius perkraustymus 48 Al\u017eyro vilajuose.<\/li>\n<li>Biuro perkraustymai<\/li>\n<li>Archyvavimo paslauga<\/li>\n<li>Daikt\u0173 gabenimo keliais, j\u016bra ir oru paslaugos<\/li>\n<li>Profesionali perkraustytoj\u0173 komanda<\/li>\n<li>pakavimo med\u017eiagos ir kartonin\u0117s d\u0117\u017e\u0117s<\/li>\n<li>Teikia bald\u0173 i\u0161montavimo, pakavimo ir surinkimo paslaugas<\/li>\n<li>jautriai elgsis su prek\u0117mis, pavyzd\u017eiui, meno k\u016briniais.<\/li>\n<li>Jie taip pat gamina medines d\u0117\u017ees ir <a href=\"https:\/\/moverdb.com\/lt\/iata\/\" data-internallinksmanager029f6b8e52c=\"22\" title=\"Tarptautin\u0117s oro transporto asociacijos (IATA) paai\u0161kinimai\">IATA<\/a> kartonas<\/li>\n<li>Si\u016blomas ne\u012fpareigojantis techninis vizitas<\/li>\n<\/ul>\n<p>\"Aim Intermovers\" yra Al\u017eyro jud\u0117jimo \u012fmon\u0117, teikianti paslaugas visoje \u0161alyje, 48 Al\u017eyro vilajose ir tarptautiniuose perkraustymuose. Jie teikia tranzito skyriaus paslaugas, kuris pasir\u016bpins visais j\u016bs\u0173 perkraustymo klausimais, \u012fskaitant visus importo ir eksporto reikalavimus. Jie jau 9 metus yra IAM nariai.<\/p>\n<p>\"Aim Intermovers\" klientai teikia perkraustymo paslaugas nacionalin\u0117ms ir tarptautin\u0117ms \u012fmon\u0117ms, u\u017esienio bendrov\u0117ms, naftos bendrov\u0117ms ir ambasadoms. Jie si\u016blo nemokam\u0105 pasi\u016blym\u0105 su ne\u012fpareigojan\u010diu techniniu vizitu. Jie teikia visapusi\u0161kas paslaugas, kurios apima pakavimo med\u017eiag\u0173 ir konteineri\u0173 tiekim\u0105, taip pat pakavimo, i\u0161ardymo ir surinkimo paslaugas.<\/p>\n<p>Interneto svetain\u0117: <a href=\"http:\/\/www.aimintermovers.dz\" target=\"_blank\" rel=\"noopener\">http:\/\/www.aimintermovers.dz<\/a><\/p>\n<h2><strong>2. Al\u017eyras Supakuoti ir perkelti<\/strong><\/h2>\n<p><em><img loading=\"lazy\" decoding=\"async\" class=\"alignnone size-full wp-image-4643\" src=\"https:\/\/moverdb.com\/wp-content\/uploads\/Algeria-Pack-and-Move-international-moving-company.png\" alt=\"Al\u017eyras Pack and Move tarptautin\u0117 perkraustymo \u012fmon\u0117\" width=\"1440\" height=\"629\" data-wp-pid=\"4643\" srcset=\"https:\/\/moverdb.com\/wp-content\/uploads\/Algeria-Pack-and-Move-international-moving-company.png 1440w, https:\/\/moverdb.com\/wp-content\/uploads\/Algeria-Pack-and-Move-international-moving-company-300x131.png 300w, https:\/\/moverdb.com\/wp-content\/uploads\/Algeria-Pack-and-Move-international-moving-company-1024x447.png 1024w, https:\/\/moverdb.com\/wp-content\/uploads\/Algeria-Pack-and-Move-international-moving-company-18x8.png 18w, https:\/\/moverdb.com\/wp-content\/uploads\/Algeria-Pack-and-Move-international-moving-company-600x262.png 600w\" sizes=\"auto, (max-width: 1440px) 100vw, 1440px\" \/><\/em><\/p>\n<ul>\n<li>Nacionaliniai perve\u017eimai Al\u017eyre<\/li>\n<li>Tarptautiniai perve\u017eimai \u012f Al\u017eyr\u0105 ir i\u0161 jo<\/li>\n<li>Skirta \u012fmon\u0117ms ir nam\u0173 savininkams<\/li>\n<li>Si\u016blo pakopinius judan\u010di\u0173 paslaug\u0173 paketus<\/li>\n<li>I\u0161ve\u017eimas, transportavimas ir pristatymas<\/li>\n<li>Bald\u0173 pakavimas ir i\u0161pakavimas<\/li>\n<li>Vis\u0173 daikt\u0173 pakavimas ir i\u0161pakavimas<\/li>\n<li>Bald\u0173 i\u0161ardymas ir surinkimas<\/li>\n<li>vis\u0173 eksporto ir importo operacij\u0173 administravimas<\/li>\n<li>priklausote tarptautiniam perkraustymo \u012fmoni\u0173 tinklui<\/li>\n<\/ul>\n<p>\"Algeria Pack and Move\", dar \u017einoma kaip APM, skirta \u012fmon\u0117ms ir nam\u0173 \u016bkiams, kurie yra al\u017eyrie\u010diai, emigrantai ar diplomatai. Ji buvo \u012fkurta 2005 m. ir jau 15 met\u0173 yra IAM nar\u0117. Jie si\u016blo tarptautin\u012f perkraustym\u0105 bendradarbiaudami su partneri\u0173 tinklu visuose 7 \u017eemynuose ir teikia administracin\u0119 pagalb\u0105 tvarkant j\u016bs\u0173 perkraustym\u0105, \u012fskaitant ekspedijavim\u0105, muitin\u0119, <a href=\"https:\/\/moverdb.com\/lt\/top-49-container-ports\/\" data-internallinksmanager029f6b8e52c=\"80\" title=\"49 did\u017eiausi ir labiausiai apkrauti konteineri\u0173 uostai 2025 m.\">uostas<\/a> ir oro uosto formalumus.<\/p>\n<p>APM si\u016blo trij\u0173 lygi\u0173 perkraustymo paslaugas - 1 lygio perkraustymo ir transportavimo, 2 lygio - bald\u0173 pakavimo ir i\u0161pakavimo, o 3 lygio - vis\u0173 daikt\u0173 pakavimo ir i\u0161pakavimo. Jei reikia, jie taip pat teikia sand\u0117liavimo paslaugas.<\/p>\n<p>Interneto svetain\u0117: <a href=\"http:\/\/www.algeriapm.com\" target=\"_blank\" rel=\"noopener\">http:\/\/www.algeriapm.com<\/a><\/p>\n<h2><strong>3. \"One Champion Removals<\/strong><\/h2>\n<p><em><img loading=\"lazy\" decoding=\"async\" class=\"alignnone size-full wp-image-4644\" src=\"https:\/\/moverdb.com\/wp-content\/uploads\/One-Champion-Removals-international-moving-company.png\" alt=\"&quot;One Champion Removals&quot; tarptautin\u0117 perkraustymo \u012fmon\u0117\" width=\"1440\" height=\"683\" data-wp-pid=\"4644\" srcset=\"https:\/\/moverdb.com\/wp-content\/uploads\/One-Champion-Removals-international-moving-company.png 1440w, https:\/\/moverdb.com\/wp-content\/uploads\/One-Champion-Removals-international-moving-company-300x142.png 300w, https:\/\/moverdb.com\/wp-content\/uploads\/One-Champion-Removals-international-moving-company-1024x486.png 1024w, https:\/\/moverdb.com\/wp-content\/uploads\/One-Champion-Removals-international-moving-company-18x9.png 18w, https:\/\/moverdb.com\/wp-content\/uploads\/One-Champion-Removals-international-moving-company-600x285.png 600w\" sizes=\"auto, (max-width: 1440px) 100vw, 1440px\" \/><\/em><\/p>\n<ul>\n<li>Vietin\u0117s ir vietin\u0117s perkraustymo paslaugos<\/li>\n<li>Tarptautin\u0117s paslaugos<\/li>\n<li>Keli\u0173, j\u016br\u0173 ir oro transportas<\/li>\n<li>Pakavimas ir i\u0161pakavimas<\/li>\n<li>Bald\u0173 i\u0161ardymas ir surinkimas<\/li>\n<li>Muitin\u0117s prie\u017ei\u016bra<\/li>\n<li>Visi\u0161kai apdrausta, saugi ir patikima paslauga<\/li>\n<li>Joki\u0173 pasl\u0117pt\u0173 i\u0161laid\u0173<\/li>\n<li>Si\u016blo sand\u0117liavimo patalpas<\/li>\n<li>Taip pat si\u016blo persik\u0117limo paslaug\u0105, padedan\u010di\u0105 rasti nekilnojam\u0105j\u012f turt\u0105<\/li>\n<\/ul>\n<p>\"One Champion Removals\" yra Al\u017eyre \u012fsik\u016brusi <a href=\"https:\/\/moverdb.com\/lt\/international-removals\/\" data-internallinksmanager029f6b8e52c=\"27\" title=\"36 geriausios tarptautinio perkraustymo \u012fmon\u0117s Jungtin\u0117je Karalyst\u0117je\">perkraustymo \u012fmon\u0117<\/a> kuri jau trejus metus yra IAM nar\u0117. J\u0173 i\u0161mananti ir patyrusi komanda gali pad\u0117ti jums persikraustyti vietoje, \u0161alyje ir u\u017esienyje.<\/p>\n<p>\"One Champion Removals\" teikia perkraustymo paslaugas, kurios gali b\u016bti teikiamos keliais, j\u016bra ir oru, o j\u0173 komanda pasir\u016bpins visais dokumentais, pvz., muitin\u0117s reikalavimais. Jie teikia visi\u0161kai apdraustas paslaugas, kurios yra saugios ir patikimos. Jie taip pat teikia saugias daikt\u0173 saugojimo patalpas ir persikraustymo paslaug\u0105, padedan\u010di\u0105 rasti tinkam\u0105 b\u016bst\u0105.<\/p>\n<p>Interneto svetain\u0117: <a href=\"http:\/\/www.championinternationalmoving.com\" target=\"_blank\" rel=\"noopener\">http:\/\/www.championinternationalmoving.com<\/a><\/p>","protected":false},"excerpt":{"rendered":"<p>If you are moving in Algeria, or are wanting to move to or from Algeria, you may need a moving company to assist you. Below is a list of those that are members of the International Association of Movers (IAM) and\/or FIDI Accredited International Mover (FAIM) which will hopefully help you. 1. Aim Intermovers Provides [&hellip;]<\/p>\n","protected":false},"author":4,"featured_media":0,"parent":190,"menu_order":0,"comment_status":"closed","ping_status":"closed","template":"","meta":{"_genesis_hide_title":false,"_genesis_hide_breadcrumbs":false,"_genesis_hide_singular_image":false,"_genesis_hide_footer_widgets":false,"_genesis_custom_body_class":"","_genesis_custom_post_class":"","_genesis_layout":"","footnotes":""},"class_list":{"0":"post-4641","1":"page","2":"type-page","3":"status-publish","5":"entry","6":"has-post-thumbnail"},"_links":{"self":[{"href":"https:\/\/moverdb.com\/lt\/wp-json\/wp\/v2\/pages\/4641","targetHints":{"allow":["GET"]}}],"collection":[{"href":"https:\/\/moverdb.com\/lt\/wp-json\/wp\/v2\/pages"}],"about":[{"href":"https:\/\/moverdb.com\/lt\/wp-json\/wp\/v2\/types\/page"}],"author":[{"embeddable":true,"href":"https:\/\/moverdb.com\/lt\/wp-json\/wp\/v2\/users\/4"}],"replies":[{"embeddable":true,"href":"https:\/\/moverdb.com\/lt\/wp-json\/wp\/v2\/comments?post=4641"}],"version-history":[{"count":3,"href":"https:\/\/moverdb.com\/lt\/wp-json\/wp\/v2\/pages\/4641\/revisions"}],"predecessor-version":[{"id":4653,"href":"https:\/\/moverdb.com\/lt\/wp-json\/wp\/v2\/pages\/4641\/revisions\/4653"}],"up":[{"embeddable":true,"href":"https:\/\/moverdb.com\/lt\/wp-json\/wp\/v2\/pages\/190"}],"wp:attachment":[{"href":"https:\/\/moverdb.com\/lt\/wp-json\/wp\/v2\/media?parent=4641"}],"curies":[{"name":"wp","href":"https:\/\/api.w.org\/{rel}","templated":true}]}}