{"id":4638,"date":"2022-09-17T00:29:40","date_gmt":"2022-09-17T00:29:40","guid":{"rendered":"https:\/\/moverdb.com\/?page_id=4638"},"modified":"2026-01-08T14:38:36","modified_gmt":"2026-01-08T14:38:36","slug":"maldyvai","status":"publish","type":"page","link":"https:\/\/moverdb.com\/lt\/container-shipping\/maldives\/","title":{"rendered":"2023 m. J\u016br\u0173 krovini\u0173 gabenimo konteineriais \u012f Maldyvus ir i\u0161 j\u0173 kainos"},"content":{"rendered":"<div class=\"wp-block-image\">\n<figure class=\"aligncenter size-full\"><img loading=\"lazy\" decoding=\"async\" width=\"1000\" height=\"667\" src=\"https:\/\/moverdb.com\/wp-content\/uploads\/maldives.jpg\" alt=\"Gra\u017eus papl\u016bdimys Maldyvuose\" class=\"wp-image-4586\" srcset=\"https:\/\/moverdb.com\/wp-content\/uploads\/maldives.jpg 1000w, https:\/\/moverdb.com\/wp-content\/uploads\/maldives-300x200.jpg 300w, https:\/\/moverdb.com\/wp-content\/uploads\/maldives-18x12.jpg 18w, https:\/\/moverdb.com\/wp-content\/uploads\/maldives-600x400.jpg 600w\" sizes=\"auto, (max-width: 1000px) 100vw, 1000px\" \/><\/figure>\n<\/div>\n\n\n<p>Kai tik u\u017esimenama apie roj\u0173 \u017dem\u0117je, <strong>the <a href=\"https:\/\/moverdb.com\/lt\/moving-to-the-maldives\/\" data-internallinksmanager029f6b8e52c=\"387\" title=\"Keliaujate \u012f Maldyvus? 2023 Gyvenimo i\u0161laidos ir persik\u0117limo patarimai\">Maldyvai<\/a><\/strong> automati\u0161kai \u012fvesti sakin\u012f. \u0160i Piet\u0173 Azijos sala yra bene populiariausia vasaros atostog\u0173 vieta, gars\u0117janti kri\u0161tolo skaidrumo vandeniu ir nuostabiais baltais papl\u016bdimiais.<\/p>\n\n\n\n<p>Maldyvai yra ne tik nuostabios gamtos, bet ir tinkamas pasirinkimas kiekvienam emigrantui, kuris vertina draugi\u0161k\u0105 bendruomen\u0119, ma\u017e\u0105 pragyvenimo lyg\u012f ir daugyb\u0119 galimybi\u0173 u\u017esiimti \u012fdomia veikla. Maldyvus sudaro \u0161imtai sal\u0173, tod\u0117l visada yra k\u0105 naujo pamatyti ir patirti.<\/p>\n\n\n\n<p>Taigi, jei Maldyvai \u012ftraukti \u012f j\u016bs\u0173 viet\u0173, kurias galite vadinti namais, s\u0105ra\u0161\u0105, mes galime pad\u0117ti ir patarti, kaip <a href=\"https:\/\/moverdb.com\/lt\/moving-costs\/\" data-internallinksmanager029f6b8e52c=\"25\" title=\"Tarptautinio perkraustymo i\u0161laidos: 9 dalykai, kuri\u0173 negalima ignoruoti\">persikraustymo i\u0161laidos<\/a> \u012f \u0161al\u012f ir i\u0161 jos.<\/p>\n\n\n\n<p>\u017demiau galite atrasti ma\u017eiausias Maldyv\u0173 <a href=\"https:\/\/moverdb.com\/lt\/container-shipping\/\" data-internallinksmanager029f6b8e52c=\"3\" title=\"Tarptautini\u0173 konteineri\u0173 gabenimo tarif\u0173 diagrama: 2026 m. baland\u017eio m\u0117n.\">konteineri\u0173 gabenimo tarifai<\/a> 20' ir 40' j\u016brini\u0173 konteineri\u0173. Jais naudodamiesi galite apskai\u010diuoti, kiek gali kainuoti j\u016bs\u0173 daikt\u0173 gabenimas \u012f \u0161al\u012f arba i\u0161 jos.<\/p>\n\n\n\n<p>Nor\u0117dami su\u017einoti tikslesn\u0119 kain\u0105, taip pat galite pasinaudoti pirmiau pateikta pasi\u016blymo forma.<\/p>\n\n\n\n<h2 class=\"wp-block-heading\">Konteineri\u0173 gabenimo \u012f Maldyvus (Mal\u0117) i\u0161laidos<\/h2>\n\n\n<div class=\"wp-block-image\">\n<figure class=\"aligncenter size-large\"><img loading=\"lazy\" decoding=\"async\" width=\"1024\" height=\"539\" src=\"https:\/\/moverdb.com\/wp-content\/uploads\/Shipping-Container-Costs-to-Maldives-1024x539.png\" alt=\"Konteineri\u0173 gabenimo \u012f Maldyvus i\u0161laidos\" class=\"wp-image-4595\" srcset=\"https:\/\/moverdb.com\/wp-content\/uploads\/Shipping-Container-Costs-to-Maldives-1024x539.png 1024w, https:\/\/moverdb.com\/wp-content\/uploads\/Shipping-Container-Costs-to-Maldives-300x158.png 300w, https:\/\/moverdb.com\/wp-content\/uploads\/Shipping-Container-Costs-to-Maldives-1536x809.png 1536w, https:\/\/moverdb.com\/wp-content\/uploads\/Shipping-Container-Costs-to-Maldives-18x9.png 18w, https:\/\/moverdb.com\/wp-content\/uploads\/Shipping-Container-Costs-to-Maldives-600x316.png 600w, https:\/\/moverdb.com\/wp-content\/uploads\/Shipping-Container-Costs-to-Maldives.png 2000w\" sizes=\"auto, (max-width: 1024px) 100vw, 1024px\" \/><\/figure>\n<\/div>\n\n\n<table id=\"tablepress-167\" class=\"tablepress tablepress-id-167\">\n<thead>\n<tr class=\"row-1\">\n\t<th class=\"column-1\">Paskirties \u0161alis (<a href=\"https:\/\/moverdb.com\/lt\/top-49-container-ports\/\" data-internallinksmanager029f6b8e52c=\"80\" title=\"49 did\u017eiausi ir labiausiai apkrauti konteineri\u0173 uostai 2025 m.\">Uostas<\/a>\/miestas)<\/th><th class=\"column-2\">20FT<\/th><th class=\"column-3\">40FT<\/th>\n<\/tr>\n<\/thead>\n<tbody class=\"row-striping row-hover\">\n<tr class=\"row-2\">\n\t<td class=\"column-1\"><a href=\"https:\/\/moverdb.com\/lt\/container-shipping\/andorra\/\" data-internallinksmanager029f6b8e52c=\"88\" title=\"2023 m. J\u016br\u0173 krovini\u0173 gabenimo konteineriais \u012f Andor\u0105 ir i\u0161 jos \u012fkainiai\">Andora (Andora la Vella)<\/a><\/td><td class=\"column-2\">$4,396<\/td><td class=\"column-3\">$8,053<\/td>\n<\/tr>\n<tr class=\"row-3\">\n\t<td class=\"column-1\"><a href=\"https:\/\/moverdb.com\/lt\/container-shipping\/antigua-and-barbuda\/\" data-internallinksmanager029f6b8e52c=\"92\" title=\"2023 m. J\u016br\u0173 krovini\u0173 gabenimo konteineriais \u012f Antigv\u0105 ir Barbud\u0105 ir i\u0161 jos \u012fkainiai\">Antigva ir Barbuda (Sent D\u017eonas)<\/a><\/td><td class=\"column-2\">$1,825<\/td><td class=\"column-3\">NETAIKOMA<\/td>\n<\/tr>\n<tr class=\"row-4\">\n\t<td class=\"column-1\"><a href=\"https:\/\/moverdb.com\/lt\/container-shipping\/argentina\/\" data-internallinksmanager029f6b8e52c=\"91\" title=\"2023 m. J\u016br\u0173 krovini\u0173 gabenimo konteineriais \u012f Argentin\u0105 ir i\u0161 jos kainos\">Argentina (Buenos Air\u0117s)<\/a><\/td><td class=\"column-2\">$2,845<\/td><td class=\"column-3\">NETAIKOMA<\/td>\n<\/tr>\n<tr class=\"row-5\">\n\t<td class=\"column-1\"><a href=\"https:\/\/moverdb.com\/lt\/container-shipping\/aruba\/\" data-internallinksmanager029f6b8e52c=\"90\" title=\"2023 m. J\u016br\u0173 krovini\u0173 gabenimo konteineriais \u012f Arub\u0105 ir i\u0161 jos \u012fkainiai\">Aruba (Oranjestadas)<\/a><\/td><td class=\"column-2\">$2,845<\/td><td class=\"column-3\">NETAIKOMA<\/td>\n<\/tr>\n<tr class=\"row-6\">\n\t<td class=\"column-1\"><a href=\"https:\/\/moverdb.com\/lt\/container-shipping\/australia\/\" data-internallinksmanager029f6b8e52c=\"89\" title=\"2026 m. konteineri\u0173 gabenimo \u012f Australij\u0105 ir i\u0161 jos kainos\">Australija (Sidn\u0117jus)<\/a><\/td><td class=\"column-2\">$1,561<\/td><td class=\"column-3\">$2,083<\/td>\n<\/tr>\n<tr class=\"row-7\">\n\t<td class=\"column-1\"><a href=\"https:\/\/moverdb.com\/lt\/container-shipping\/austria\/\" data-internallinksmanager029f6b8e52c=\"95\" title=\"2023 m. J\u016br\u0173 krovini\u0173 gabenimo konteineriais \u012f Austrij\u0105 ir i\u0161 jos kainos\">Austrija (Viena)<\/a><\/td><td class=\"column-2\">$4,641<\/td><td class=\"column-3\">NETAIKOMA<\/td>\n<\/tr>\n<tr class=\"row-8\">\n\t<td class=\"column-1\"><a href=\"https:\/\/moverdb.com\/lt\/container-shipping\/bangladesh\/\" data-internallinksmanager029f6b8e52c=\"97\" title=\"2022 J\u016br\u0173 krovini\u0173 gabenimo konteineriais \u012f Banglade\u0161\u0105 ir i\u0161 jo \u012fkainiai\">Banglade\u0161as (\u010citagongas)<\/a><\/td><td class=\"column-2\">$110<\/td><td class=\"column-3\">NETAIKOMA<\/td>\n<\/tr>\n<tr class=\"row-9\">\n\t<td class=\"column-1\"><a href=\"https:\/\/moverdb.com\/lt\/container-shipping\/belgium\/\" data-internallinksmanager029f6b8e52c=\"86\" title=\"2023 m. J\u016br\u0173 krovini\u0173 gabenimo konteineriais \u012f Belgij\u0105 ir i\u0161 jos \u012fkainiai\">Belgija (Antverpenas)<\/a><\/td><td class=\"column-2\">$2,947<\/td><td class=\"column-3\">$3,980<\/td>\n<\/tr>\n<tr class=\"row-10\">\n\t<td class=\"column-1\"><a href=\"https:\/\/moverdb.com\/lt\/container-shipping\/brazil\/\" data-internallinksmanager029f6b8e52c=\"98\" title=\"2023 m. J\u016br\u0173 krovini\u0173 gabenimo konteineriais \u012f Brazilij\u0105 ir i\u0161 jos \u012fkainiai\">Brazilija (Santos)<\/a><\/td><td class=\"column-2\">$3,267<\/td><td class=\"column-3\">$4,305<\/td>\n<\/tr>\n<tr class=\"row-11\">\n\t<td class=\"column-1\"><a href=\"https:\/\/moverdb.com\/lt\/container-shipping\/china\/\" data-internallinksmanager029f6b8e52c=\"105\" title=\"2023 m. J\u016br\u0173 krovini\u0173 gabenimo konteineriais \u012f Kinij\u0105 ir i\u0161 jos \u012fkainiai\">Kinija (Pekinas)<\/a><\/td><td class=\"column-2\">$2,640<\/td><td class=\"column-3\">$4,624<\/td>\n<\/tr>\n<tr class=\"row-12\">\n\t<td class=\"column-1\">Kinija (\u0160anchajus)<\/td><td class=\"column-2\">$2,237<\/td><td class=\"column-3\">$3,416<\/td>\n<\/tr>\n<tr class=\"row-13\">\n\t<td class=\"column-1\"><a href=\"https:\/\/moverdb.com\/lt\/container-shipping\/croatia\/\" data-internallinksmanager029f6b8e52c=\"107\" title=\"2023 m. J\u016br\u0173 krovini\u0173 gabenimo konteineriais \u012f Kroatij\u0105 ir i\u0161 jos kainos\">Kroatija (Rijeka)<\/a><\/td><td class=\"column-2\">$2,673<\/td><td class=\"column-3\">$3,574<\/td>\n<\/tr>\n<tr class=\"row-14\">\n\t<td class=\"column-1\"><a href=\"https:\/\/moverdb.com\/lt\/container-shipping\/egypt\/\" data-internallinksmanager029f6b8e52c=\"113\" title=\"2023 m. J\u016br\u0173 krovini\u0173 gabenimo konteineriais \u012f Egipt\u0105 ir i\u0161 jo kainos\">Egiptas (Aleksandrija)<\/a><\/td><td class=\"column-2\">$1,914<\/td><td class=\"column-3\">$3,371<\/td>\n<\/tr>\n<tr class=\"row-15\">\n\t<td class=\"column-1\"><a href=\"https:\/\/moverdb.com\/lt\/container-shipping\/estonia\/\" data-internallinksmanager029f6b8e52c=\"114\" title=\"2023 m. J\u016br\u0173 krovini\u0173 gabenimo konteineriais \u012f Estij\u0105 ir i\u0161 jos kainos\">Estija (Talinas)<\/a><\/td><td class=\"column-2\">$2,728<\/td><td class=\"column-3\">$4,767<\/td>\n<\/tr>\n<tr class=\"row-16\">\n\t<td class=\"column-1\"><a href=\"https:\/\/moverdb.com\/lt\/container-shipping\/finland\/\" data-internallinksmanager029f6b8e52c=\"115\" title=\"2023 m. J\u016br\u0173 krovini\u0173 gabenimo konteineriais \u012f Suomij\u0105 ir i\u0161 jos kainos\">Suomija (Helsinkis)<\/a><\/td><td class=\"column-2\">$2,728<\/td><td class=\"column-3\">$4,767<\/td>\n<\/tr>\n<tr class=\"row-17\">\n\t<td class=\"column-1\"><a href=\"https:\/\/moverdb.com\/lt\/container-shipping\/germany\/\" data-internallinksmanager029f6b8e52c=\"118\" title=\"2023 m. J\u016br\u0173 krovini\u0173 gabenimo konteineriais \u012f Vokietij\u0105 ir i\u0161 jos \u012fkainiai\">Vokietija (Hamburgas)<\/a><\/td><td class=\"column-2\">$1,958<\/td><td class=\"column-3\">$4,022<\/td>\n<\/tr>\n<tr class=\"row-18\">\n\t<td class=\"column-1\"><a href=\"https:\/\/moverdb.com\/lt\/container-shipping\/greece\/\" data-internallinksmanager029f6b8e52c=\"120\" title=\"2023 m. J\u016br\u0173 krovini\u0173 gabenimo konteineriais \u012f Graikij\u0105 ir i\u0161 jos kainos\">Graikija (Pir\u0117jus)<\/a><\/td><td class=\"column-2\">$2,332<\/td><td class=\"column-3\">$3,633<\/td>\n<\/tr>\n<tr class=\"row-19\">\n\t<td class=\"column-1\"><a href=\"https:\/\/moverdb.com\/lt\/container-shipping\/guernsey\/\" data-internallinksmanager029f6b8e52c=\"121\" title=\"2023 m. J\u016br\u0173 krovini\u0173 gabenimo konteineriais \u012f Gerns\u012f ir i\u0161 jo \u012fkainiai\">Gernsis (St Peter Port)<\/a><\/td><td class=\"column-2\">$1,628<\/td><td class=\"column-3\">$3,812<\/td>\n<\/tr>\n<tr class=\"row-20\">\n\t<td class=\"column-1\"><a href=\"https:\/\/moverdb.com\/lt\/container-shipping\/haiti\/\" data-internallinksmanager029f6b8e52c=\"122\" title=\"2023 m. J\u016br\u0173 krovini\u0173 gabenimo konteineriais \u012f Hait\u012f ir i\u0161 jo kainos\">Haitis (Port o Prensas)<\/a><\/td><td class=\"column-2\">$2,347<\/td><td class=\"column-3\">$3,889<\/td>\n<\/tr>\n<tr class=\"row-21\">\n\t<td class=\"column-1\"><a href=\"https:\/\/moverdb.com\/lt\/container-shipping\/india\/\" data-internallinksmanager029f6b8e52c=\"125\" title=\"2023 m. J\u016br\u0173 krovini\u0173 gabenimo konteineriais \u012f Indij\u0105 ir i\u0161 Indijos kainos\">Indija (Mumbajus)<\/a><\/td><td class=\"column-2\">$2,145<\/td><td class=\"column-3\">$3,990<\/td>\n<\/tr>\n<tr class=\"row-22\">\n\t<td class=\"column-1\"><a href=\"https:\/\/moverdb.com\/lt\/container-shipping\/indonesia\/\" data-internallinksmanager029f6b8e52c=\"126\" title=\"2023 m. J\u016br\u0173 krovini\u0173 gabenimo konteineriais \u012f Indonezij\u0105 ir i\u0161 jos \u012fkainiai\">Indonezija (D\u017eakarta)<\/a><\/td><td class=\"column-2\">$2,860<\/td><td class=\"column-3\">$5,040<\/td>\n<\/tr>\n<tr class=\"row-23\">\n\t<td class=\"column-1\"><a href=\"https:\/\/moverdb.com\/lt\/container-shipping\/italy\/\" data-internallinksmanager029f6b8e52c=\"130\" title=\"2023 m. J\u016br\u0173 krovini\u0173 gabenimo konteineriais \u012f Italij\u0105 ir i\u0161 jos \u012fkainiai\">Italija (Triestas)<\/a><\/td><td class=\"column-2\">$2,673<\/td><td class=\"column-3\">$3,574<\/td>\n<\/tr>\n<tr class=\"row-24\">\n\t<td class=\"column-1\"><a href=\"https:\/\/moverdb.com\/lt\/container-shipping\/japan\/\" data-internallinksmanager029f6b8e52c=\"131\" title=\"2023 m. J\u016br\u0173 krovini\u0173 gabenimo konteineriais \u012f Japonij\u0105 ir i\u0161 jos \u012fkainiai\">Japonija (Tokijas)<\/a><\/td><td class=\"column-2\">$2,805<\/td><td class=\"column-3\">$4,778<\/td>\n<\/tr>\n<tr class=\"row-25\">\n\t<td class=\"column-1\"><a href=\"https:\/\/moverdb.com\/lt\/container-shipping\/jersey\/\" data-internallinksmanager029f6b8e52c=\"132\" title=\"2023 m. Krovini\u0173 gabenimo j\u016bra konteineriais \u012f D\u017eers\u012f ir i\u0161 jo \u012fkainiai\">D\u017eersis (St Helier)<\/a><\/td><td class=\"column-2\">$1,628<\/td><td class=\"column-3\">$3,812<\/td>\n<\/tr>\n<tr class=\"row-26\">\n\t<td class=\"column-1\"><a href=\"https:\/\/moverdb.com\/lt\/container-shipping\/kenya\/\" data-internallinksmanager029f6b8e52c=\"134\" title=\"2023 m. J\u016br\u0173 krovini\u0173 gabenimo konteineriais \u012f Kenij\u0105 ir i\u0161 jos kainos\">Kenija (Mombasa)<\/a><\/td><td class=\"column-2\">$1,532<\/td><td class=\"column-3\">$2,722<\/td>\n<\/tr>\n<tr class=\"row-27\">\n\t<td class=\"column-1\"><a href=\"https:\/\/moverdb.com\/lt\/container-shipping\/kuwait\/\" data-internallinksmanager029f6b8e52c=\"135\" title=\"2023 m. J\u016br\u0173 krovini\u0173 gabenimo konteineriais \u012f Kuveit\u0105 ir i\u0161 jo \u012fkainiai\">Kuveitas (\u0160uvaikas)<\/a><\/td><td class=\"column-2\">$1,500<\/td><td class=\"column-3\">$2,400<\/td>\n<\/tr>\n<tr class=\"row-28\">\n\t<td class=\"column-1\"><a href=\"https:\/\/moverdb.com\/lt\/container-shipping\/latvia\/\" data-internallinksmanager029f6b8e52c=\"136\" title=\"2023 m. J\u016br\u0173 krovini\u0173 gabenimo konteineriais \u012f Latvij\u0105 ir i\u0161 jos kainos\">Latvija (Ryga)<\/a><\/td><td class=\"column-2\">$2,728<\/td><td class=\"column-3\">$4,904<\/td>\n<\/tr>\n<tr class=\"row-29\">\n\t<td class=\"column-1\"><a href=\"https:\/\/moverdb.com\/lt\/container-shipping\/liechtenstein\/\" data-internallinksmanager029f6b8e52c=\"144\" title=\"2023 m. J\u016br\u0173 krovini\u0173 gabenimo konteineriais \u012f Lichten\u0161tein\u0105 ir i\u0161 jo \u012fkainiai\">Lichten\u0161teinas (Vaducas)<\/a><\/td><td class=\"column-2\">$2,673<\/td><td class=\"column-3\">$4,029<\/td>\n<\/tr>\n<tr class=\"row-30\">\n\t<td class=\"column-1\"><a href=\"https:\/\/moverdb.com\/lt\/container-shipping\/lithuania\/\" data-internallinksmanager029f6b8e52c=\"145\" title=\"2023 m. J\u016br\u0173 krovini\u0173 gabenimo konteineriais \u012f Lietuv\u0105 ir i\u0161 jos \u012fkainiai\">Lietuva (Klaip\u0117da)<\/a><\/td><td class=\"column-2\">$2,552<\/td><td class=\"column-3\">$4,904<\/td>\n<\/tr>\n<tr class=\"row-31\">\n\t<td class=\"column-1\"><a href=\"https:\/\/moverdb.com\/lt\/moving-to-luxembourg\/\" data-internallinksmanager029f6b8e52c=\"349\" title=\"Persik\u0117limas \u012f Liuksemburg\u0105? 2023 Gyvenimo i\u0161laidos ir persik\u0117limo patarimai\">Liuksemburgas<\/a><\/td><td class=\"column-2\">$2,081<\/td><td class=\"column-3\">$3,609<\/td>\n<\/tr>\n<tr class=\"row-32\">\n\t<td class=\"column-1\"><a href=\"https:\/\/moverdb.com\/lt\/container-shipping\/malaysia\/\" data-internallinksmanager029f6b8e52c=\"148\" title=\"2023 m. J\u016br\u0173 krovini\u0173 gabenimo konteineriais \u012f Malaizij\u0105 ir i\u0161 jos \u012fkainiai\">Malaizija (Kelango uostas)<\/a><\/td><td class=\"column-2\">$3,658<\/td><td class=\"column-3\">$7,182<\/td>\n<\/tr>\n<tr class=\"row-33\">\n\t<td class=\"column-1\"><a href=\"https:\/\/moverdb.com\/lt\/container-shipping\/pakistan\/\" data-internallinksmanager029f6b8e52c=\"155\" title=\"2023 m. J\u016br\u0173 krovini\u0173 gabenimo konteineriais \u012f Pakistan\u0105 ir i\u0161 jo kainos\">Pakistanas (Kara\u010dis)<\/a><\/td><td class=\"column-2\">$2,420<\/td><td class=\"column-3\">$4,320<\/td>\n<\/tr>\n<tr class=\"row-34\">\n\t<td class=\"column-1\"><a href=\"https:\/\/moverdb.com\/lt\/container-shipping\/thailand\/\" data-internallinksmanager029f6b8e52c=\"189\" title=\"2023 m. J\u016br\u0173 krovini\u0173 gabenimo konteineriais \u012f Tailand\u0105 ir i\u0161 jo kainos\">Tailandas (Laem \u010cabangas)<\/a><\/td><td class=\"column-2\">$3,415<\/td><td class=\"column-3\">$6,435<\/td>\n<\/tr>\n<tr class=\"row-35\">\n\t<td class=\"column-1\"><a href=\"https:\/\/moverdb.com\/lt\/container-shipping\/united-arab-emirates\/\" data-internallinksmanager029f6b8e52c=\"188\" title=\"2026 m. konteineri\u0173 gabenimo \u012f JAE ir i\u0161 j\u0173 tarifai\">JAE (Jebel Ali)<\/a><\/td><td class=\"column-2\">$1,870<\/td><td class=\"column-3\">$2,077<\/td>\n<\/tr>\n<tr class=\"row-36\">\n\t<td class=\"column-1\"><a href=\"https:\/\/moverdb.com\/lt\/moving-to-the-united-states\/\" data-internallinksmanager029f6b8e52c=\"94\" title=\"Persik\u0117limas \u012f Jungtines Amerikos Valstijas? 2022 Gyvenimo i\u0161laidos ir persik\u0117limo patarimai\">JAV<\/a> (<a href=\"https:\/\/moverdb.com\/lt\/moving-to-los-angeles\/\" data-internallinksmanager029f6b8e52c=\"51\" title=\"Persikraustote \u012f Los And\u017eel\u0105? 2026 m. gyvenimo Los And\u017eele i\u0161laidos ir persik\u0117limo patarimai\">Los And\u017eelas<\/a>)<\/td><td class=\"column-2\">$2,730<\/td><td class=\"column-3\">$3,666<\/td>\n<\/tr>\n<tr class=\"row-37\">\n\t<td class=\"column-1\"><a href=\"https:\/\/moverdb.com\/lt\/container-shipping\/united-states\/\" data-internallinksmanager029f6b8e52c=\"87\" title=\"2023 m. J\u016br\u0173 krovini\u0173 gabenimo konteineriais \u012f JAV ir i\u0161 JAV kainos\">JAV (Niujorkas)<\/a><\/td><td class=\"column-2\">$3,557<\/td><td class=\"column-3\">$4,680<\/td>\n<\/tr>\n<\/tbody>\n<\/table>\n<!-- #tablepress-167 from cache -->\n\n\n\n<h2 class=\"wp-block-heading\">Laivybos konteineriais i\u0161laidos i\u0161 Maldyv\u0173 (Mal\u0117)<\/h2>\n\n\n<div class=\"wp-block-image\">\n<figure class=\"aligncenter size-large\"><img loading=\"lazy\" decoding=\"async\" width=\"1024\" height=\"539\" src=\"https:\/\/moverdb.com\/wp-content\/uploads\/Shipping-Container-Costs-from-Maldives-1024x539.png\" alt=\"Laivybos konteineri\u0173 i\u0161laidos i\u0161 Maldyv\u0173\" class=\"wp-image-4591\" srcset=\"https:\/\/moverdb.com\/wp-content\/uploads\/Shipping-Container-Costs-from-Maldives-1024x539.png 1024w, https:\/\/moverdb.com\/wp-content\/uploads\/Shipping-Container-Costs-from-Maldives-300x158.png 300w, https:\/\/moverdb.com\/wp-content\/uploads\/Shipping-Container-Costs-from-Maldives-1536x809.png 1536w, https:\/\/moverdb.com\/wp-content\/uploads\/Shipping-Container-Costs-from-Maldives-18x9.png 18w, https:\/\/moverdb.com\/wp-content\/uploads\/Shipping-Container-Costs-from-Maldives-600x316.png 600w, https:\/\/moverdb.com\/wp-content\/uploads\/Shipping-Container-Costs-from-Maldives.png 2000w\" sizes=\"auto, (max-width: 1024px) 100vw, 1024px\" \/><\/figure>\n<\/div>\n\n\n<table id=\"tablepress-160\" class=\"tablepress tablepress-id-160\">\n<thead>\n<tr class=\"row-1\">\n\t<th class=\"column-1\">Paskirties \u0161alis (uostas \/ miestas)<\/th><th class=\"column-2\">20FT<\/th><th class=\"column-3\">40FT<\/th>\n<\/tr>\n<\/thead>\n<tbody class=\"row-striping row-hover\">\n<tr class=\"row-2\">\n\t<td class=\"column-1\">Andora (Andora la Vella)<\/td><td class=\"column-2\">$9,863<\/td><td class=\"column-3\">$13,934<\/td>\n<\/tr>\n<tr class=\"row-3\">\n\t<td class=\"column-1\">Antigva ir Barbuda (Sent D\u017eonas)<\/td><td class=\"column-2\">$10,171<\/td><td class=\"column-3\">NETAIKOMA<\/td>\n<\/tr>\n<tr class=\"row-4\">\n\t<td class=\"column-1\">Argentina (Buenos Air\u0117s)<\/td><td class=\"column-2\">NETAIKOMA<\/td><td class=\"column-3\">$12,406<\/td>\n<\/tr>\n<tr class=\"row-5\">\n\t<td class=\"column-1\">Aruba (Oranjestadas)<\/td><td class=\"column-2\">NETAIKOMA<\/td><td class=\"column-3\">$12,406<\/td>\n<\/tr>\n<tr class=\"row-6\">\n\t<td class=\"column-1\">Australija (Sidn\u0117jus)<\/td><td class=\"column-2\">$1,561<\/td><td class=\"column-3\">$2,083<\/td>\n<\/tr>\n<tr class=\"row-7\">\n\t<td class=\"column-1\">Austrija (Viena)<\/td><td class=\"column-2\">NETAIKOMA<\/td><td class=\"column-3\">$9,192<\/td>\n<\/tr>\n<tr class=\"row-8\">\n\t<td class=\"column-1\"><a href=\"https:\/\/moverdb.com\/lt\/moving-to-canada\/\" data-internallinksmanager029f6b8e52c=\"265\" title=\"Persik\u0117limas \u012f Kanad\u0105? 2023 m. gyvenimo i\u0161laidos ir persik\u0117limo patarimai\">Kanada<\/a> (<a href=\"https:\/\/moverdb.com\/lt\/moving-to-canada\/moving-to-vancouver\/\" data-internallinksmanager029f6b8e52c=\"438\" title=\"Persikraustote \u012f Vankuver\u012f? 2023 m. pragyvenimo i\u0161laidos ir persik\u0117limo patarimai\">Vankuveris<\/a>)<\/td><td class=\"column-2\">$9,950<\/td><td class=\"column-3\">$13,090<\/td>\n<\/tr>\n<tr class=\"row-9\">\n\t<td class=\"column-1\">Kroatija (Rijeka)<\/td><td class=\"column-2\">$2,778<\/td><td class=\"column-3\">$3,439<\/td>\n<\/tr>\n<tr class=\"row-10\">\n\t<td class=\"column-1\">Indija (Mumbajus)<\/td><td class=\"column-2\">$968<\/td><td class=\"column-3\">$1,533<\/td>\n<\/tr>\n<tr class=\"row-11\">\n\t<td class=\"column-1\">Italija (Triestas)<\/td><td class=\"column-2\">$2,778<\/td><td class=\"column-3\">$3,439<\/td>\n<\/tr>\n<\/tbody>\n<\/table>\n<!-- #tablepress-160 from cache -->\n\n\n\n<h3 class=\"wp-block-heading\">Pastabos apie duomenis:<\/h3>\n\n\n\n<ul class=\"wp-block-list\"><li>Visi $ skai\u010diai pateikti JAV doleriais (USD);<\/li><li>\u012ekainiai tiksl\u016bs nuo 2023 m. prad\u017eios;<\/li><li>\u0160iame straipsnyje pateikti \u017eem\u0117lapiai buvo sukurti naudojant <a href=\"https:\/\/www.mapchart.net\" target=\"_blank\" rel=\"noreferrer noopener\">https:\/\/www.mapchart.net<\/a>. Galite laisvai dalytis \u017eem\u0117lapiais, jei pateiksite nuorod\u0105 \u012f <a href=\"https:\/\/moverdb.com\/lt\/\" target=\"_blank\" rel=\"noreferrer noopener\">MoverDB<\/a>;<\/li><li>Auk\u0161\u010diau pateikti \u012fkainiai yra tik apytiksliai ir nuo \u0161io straipsnio paskelbimo (2023 m. baland\u017eio m\u0117n.) gali b\u016bti pasikeit\u0119. Jie pagr\u012fsti ma\u017eiausiu apskai\u010diuotu tarifu i\u0161 <a href=\"https:\/\/www.searates.com\" target=\"_blank\" rel=\"noreferrer noopener\">https:\/\/www.searates.com<\/a> arba <a href=\"https:\/\/www.gocomet.com\/freight-shipping-rates-index-calculator\" target=\"_blank\" rel=\"noreferrer noopener\">https:\/\/www.gocomet.com<\/a>;<\/li><li>Nor\u0117dami su\u017einoti tikslesn\u0119 kain\u0105, naudokite \u0161io puslapio vir\u0161uje esan\u010di\u0105 pasi\u016blymo form\u0105;<\/li><li>Taip pat \u017er. m\u016bs\u0173 vadov\u0105 apie <a href=\"https:\/\/moverdb.com\/lt\/konteineriu-kroviniu-gabenimas\/\" target=\"_blank\" rel=\"noreferrer noopener\">tarptautinis gabenimas konteineriais<\/a>.<\/li><\/ul>","protected":false},"excerpt":{"rendered":"<p>Whenever paradise on Earth is mentioned, the Maldives automatically enter the sentence. This South Asian island is probably the most popular summer vacation spot, known for its crystal clear waters and beautiful white beaches. Aside from the natural splendor, the Maldives are a decent option for every expat who values a friendly community, a low [&hellip;]<\/p>\n","protected":false},"author":2,"featured_media":4586,"parent":44,"menu_order":0,"comment_status":"closed","ping_status":"closed","template":"","meta":{"_genesis_hide_title":false,"_genesis_hide_breadcrumbs":false,"_genesis_hide_singular_image":false,"_genesis_hide_footer_widgets":false,"_genesis_custom_body_class":"","_genesis_custom_post_class":"","_genesis_layout":"","footnotes":""},"class_list":{"0":"post-4638","1":"page","2":"type-page","3":"status-publish","4":"has-post-thumbnail","6":"entry"},"_links":{"self":[{"href":"https:\/\/moverdb.com\/lt\/wp-json\/wp\/v2\/pages\/4638","targetHints":{"allow":["GET"]}}],"collection":[{"href":"https:\/\/moverdb.com\/lt\/wp-json\/wp\/v2\/pages"}],"about":[{"href":"https:\/\/moverdb.com\/lt\/wp-json\/wp\/v2\/types\/page"}],"author":[{"embeddable":true,"href":"https:\/\/moverdb.com\/lt\/wp-json\/wp\/v2\/users\/2"}],"replies":[{"embeddable":true,"href":"https:\/\/moverdb.com\/lt\/wp-json\/wp\/v2\/comments?post=4638"}],"version-history":[{"count":1,"href":"https:\/\/moverdb.com\/lt\/wp-json\/wp\/v2\/pages\/4638\/revisions"}],"predecessor-version":[{"id":4639,"href":"https:\/\/moverdb.com\/lt\/wp-json\/wp\/v2\/pages\/4638\/revisions\/4639"}],"up":[{"embeddable":true,"href":"https:\/\/moverdb.com\/lt\/wp-json\/wp\/v2\/pages\/44"}],"wp:featuredmedia":[{"embeddable":true,"href":"https:\/\/moverdb.com\/lt\/wp-json\/wp\/v2\/media\/4586"}],"wp:attachment":[{"href":"https:\/\/moverdb.com\/lt\/wp-json\/wp\/v2\/media?parent=4638"}],"curies":[{"name":"wp","href":"https:\/\/api.w.org\/{rel}","templated":true}]}}