{"id":453,"date":"2016-07-03T20:16:06","date_gmt":"2016-07-03T20:16:06","guid":{"rendered":"http:\/\/moverdb.com\/?page_id=453"},"modified":"2026-01-08T15:20:54","modified_gmt":"2026-01-08T15:20:54","slug":"tarptautiniai-laivybos-rumai","status":"publish","type":"page","link":"https:\/\/moverdb.com\/lt\/international-chamber-shipping\/","title":{"rendered":"Tarptautini\u0173 laivybos r\u016bm\u0173 (TKS) paai\u0161kinimai"},"content":{"rendered":"<p>Tarptautiniai laivybos r\u016bmai (ICS) yra prekybos asociacija, kuri per nacionalines laiv\u0173 savinink\u0173 asociacijas atstovauja laiv\u0173 savininkams ir laiv\u0173 operatoriams. <\/p>\n<p>Jos tikslas - ginti savo nari\u0173 interesus visais laiv\u0173 eksploatavimo ir laivybos politikos klausimais.<\/p>\n<p><strong>Pagrindiniai faktai apie Tarptautinius laivybos r\u016bmus:<\/strong><\/p>\n<ul>\n<li>  ICS narys <a href=\"https:\/\/moverdb.com\/lt\/laivybos-bendroves\/\">laivybos \u012fmon\u0117s<\/a> eksploatuoja daugiau kaip 80% pasaulio prekybinio tona\u017eo.<\/li>\n<li>  ICS nar\u0117mis yra Azijos, Europos ir Amerikos nacionalin\u0117s laiv\u0173 savinink\u0173 asociacijos.<\/li>\n<li>  ICS buvo \u012fkurta 1921 m.<\/li>\n<li>  ICS turi 36 narius ir 11 asocijuot\u0173j\u0173 nari\u0173.<\/li>\n<li>  ICS yra \u012fsik\u016brusi <a href=\"https:\/\/moverdb.com\/lt\/moving-to-london\/\">Londonas<\/a>.<\/li>\n<li>  ICS yra unikali, nes, skirtingai nuo kit\u0173 <a href=\"https:\/\/moverdb.com\/lt\/container-shipping\/\" data-internallinksmanager029f6b8e52c=\"3\" title=\"Tarptautini\u0173 konteineri\u0173 gabenimo tarif\u0173 diagrama: 2026 m. gegu\u017e\u0117s m\u0117n.\">tarptautinis pristatymas<\/a> prekybos asociacij\u0173, ji atstovauja \u012fvairi\u0173 pramon\u0117s \u0161ak\u0173 - nuo keleivini\u0173 laiv\u0173 operatori\u0173 iki tanklaivi\u0173 operatori\u0173 - pasauliniams interesams.<\/li>\n<li>  TKS yra patariamasis organas prie <a href=\"https:\/\/moverdb.com\/lt\/international-maritime-organisation\/\" data-internallinksmanager029f6b8e52c=\"24\" title=\"Tarptautin\u0117s j\u016br\u0173 organizacijos (TJO) paai\u0161kinimai\">Tarptautin\u0117 j\u016br\u0173 organizacija<\/a>, Jungtini\u0173 Taut\u0173 agent\u016bra, atsakinga u\u017e gyvyb\u0117s saugum\u0105 j\u016broje ir j\u016br\u0173 aplinkos apsaug\u0105.<\/li>\n<li>  ICS sprend\u017eia reguliavimo, veiklos ir teisinius klausimus, susijusius su laivybos pramone.<\/li>\n<\/ul>\n<p><strong>ICS profilis:<\/strong><\/p>\n<p>ICS atstovauja savo nariams \u012fvairiose tarpvyriausybin\u0117se reguliavimo institucijose, turin\u010diose \u012ftakos laivybai, \u012fskaitant Tarptautin\u0119 j\u016br\u0173 organizacij\u0105. <\/p>\n<p>Ji taip pat yra informacijos \u0161altinis nariams ir yra parengusi gaires bei geriausios praktikos pavyzd\u017eius, skirtus \u0161ioje pramon\u0117s \u0161akoje dirbantiems asmenims. <\/p>\n<p>Jos misija - siekti, kad pasaulin\u0117 laivybos pramon\u0117 veikt\u0173 pagal auk\u0161tus standartus, pirmenyb\u0119 teikt\u0173 saugiai laivybai ir aplinkos apsaugai. <\/p>\n<p>Nors i\u0161 esm\u0117s ji buvo sukurta siekiant skatinti laivybos operatori\u0173 pramon\u0119, vienas i\u0161 jos tiksl\u0173 yra bendradarbiauti su kitomis vyriausybin\u0117mis ir nevyriausybin\u0117mis organizacijomis, kad laivybos pramon\u0117 tapt\u0173 veiksmingesn\u0117 ir saugesn\u0117.<\/p>\n<p><strong>Laivybos bendrov\u0117s nar\u0117s (pagal dyd\u012f):<\/strong><\/p>\n<ul>\n<li> <a href=\"https:\/\/moverdb.com\/lt\/maersk\/\">\"Maersk Line<\/a><\/li>\n<li> <a href=\"https:\/\/moverdb.com\/lt\/mediterranean-shipping-company\/\">Vidur\u017eemio j\u016bros laivybos kompanija (MSC)<\/a><\/li>\n<\/ul>\n<p><strong>Naryst\u0117s kriterijai:<\/strong><\/p>\n<p>ICS nariai yra <a href=\"https:\/\/moverdb.com\/lt\/ekspeditorius\/\">laiv\u0173 savininkai ir operatoriai<\/a> i\u0161 viso pasaulio, kuriems atstovauja nacionalin\u0117s laiv\u0173 savinink\u0173 asociacijos. Naryst\u0119 u\u017etikrina asociacijos, tod\u0117l pavieniai savininkai ir operatoriai negali teikti parai\u0161k\u0173. <\/p>\n<p>D\u0117l \u0161ios prie\u017easties svetain\u0117je n\u0117ra nurodyti jokie naryst\u0117s kriterijai.<\/p>\n<p><strong>Nuomon\u0117s apie Tarptautinius laivybos r\u016bmus:<\/strong><\/p>\n<p>ICS yra cituojama keliuose pramon\u0117s leidiniuose, kuriuose komentuojami aktual\u016bs klausimai, pavyzd\u017eiui, CO2 ma\u017einimo klausimai. Ji minima savo nari\u0173 interneto svetain\u0117se, pvz. <a href=\"https:\/\/www.ukchamberofshipping.com\/about-us\/our-partners\/international-chamber-shipping\/\" target=\"_blank\" rel=\"noopener\">JK laivybos r\u016bmai<\/a>. <\/p>\n<p>Internete esan\u010diuose dokumentuose matyti, kad TKS komentuoja pasaulinius klausimus, pvz., mokes\u010di\u0173 konvencijas. <a href=\"http:\/\/www.allaboutshipping.co.uk\/category\/associations\/international-chamber-of-shipping\/\" target=\"_blank\" rel=\"noopener\">rengini\u0173 apr\u0117ptis<\/a> pvz. <a href=\"http:\/\/www.imo.org\/en\/MediaCentre\/SecretaryGeneral\/SpeechesByTheSecretaryGeneral\/Pages\/ICS2012.aspx\" target=\"_blank\" rel=\"noopener\">Tarptautini\u0173 laivybos r\u016bm\u0173 konferencija<\/a> Tarptautin\u0117s j\u016br\u0173 organizacijos generalinis sekretorius Kod\u017ei Sekimizu (Koji Sekimizu) apib\u016bdino TKS kaip <em>\"viena i\u0161 keli\u0173 nevyriausybini\u0173 organizacij\u0173, atstovaujan\u010di\u0173 laivybos pramonei TJO ir turinti vien\u0105 i\u0161 ilgiausi\u0173 istorij\u0173.\"<\/em> <\/p>\n<p>Kituose interneto \u0161altiniuose ICS vadinama \"labiausiai pripa\u017einta pasauline laiv\u0173 savinink\u0173 asociacija\". ICS patikimumas akivaizdus i\u0161 leidini\u0173, kuriuose skelbiamas jos pavadinimas, asociacij\u0173 su kitomis organizacijomis ir klausim\u0173, kuriais jos pra\u0161oma pateikti pastabas.<\/p>\n<blockquote><p>Tarptautiniai laivybos r\u016bmai (ICS) yra pagrindin\u0117 tarptautin\u0117 prekybos laiv\u0173 savinink\u0173 ir operatori\u0173 asociacija, atstovaujanti visiems sektoriams ir prek\u0117ms (\u012fskaitant, inter alia, tanklaivius, sausakr\u016bvius laivus, konteinerve\u017eius, generalini\u0173 krovini\u0173 ir specializuotus laivus, taip pat keleivinius laivus) \u012fvairiose tarpvyriausybin\u0117se institucijose, kurios turi \u012ftakos laivybai. ICS nar\u0117mis yra 35 \u0161ali\u0173 nacionalin\u0117s laiv\u0173 savinink\u0173 asociacijos, atstovaujan\u010dios daugiau kaip 80% pasaulio prekybinio laivyno.<\/p><\/blockquote>\n<p><a href=\"http:\/\/www.oecd.org\/tax\/treaties\/ics-comments-discussion-draft-mtc-international-traffic.pdf\" target=\"_blank\" rel=\"noopener\">EBPO<\/a><\/p>\n<p><strong>Interneto svetain\u0117:<\/strong> <a href=\"http:\/\/www.ics-shipping.org\/\" target=\"_blank\" rel=\"noopener\">http:\/\/www.ics-shipping.org\/<\/a><\/p>\n<p><strong>Daugiau informacijos apie gabenim\u0105 \u017er:<\/strong> <a href=\"https:\/\/moverdb.com\/lt\/konteineriu-kroviniu-gabenimas\/\">2018 m. tarptautini\u0173 konteineri\u0173 gabenimo kainos ir s\u0105naudos<\/a> ir <a href=\"https:\/\/moverdb.com\/lt\/ekspeditorius\/\">Tarptautini\u0173 ekspeditori\u0173 ir NVOCC s\u0105naud\u0173 ir \u012fmoni\u0173 vadovas<\/a><\/p>","protected":false},"excerpt":{"rendered":"<p>The International Chamber of Shipping (ICS) is a trade association that represents ship owners and ship operators via national shipowners associations. Its aim is to promote the interests of its members throughout all issues of ship operation and also shipping policy. Key facts about the International Chamber of Shipping: ICS member shipping companies operate over [&hellip;]<\/p>\n","protected":false},"author":1,"featured_media":0,"parent":0,"menu_order":0,"comment_status":"closed","ping_status":"closed","template":"","meta":{"_genesis_hide_title":false,"_genesis_hide_breadcrumbs":false,"_genesis_hide_singular_image":false,"_genesis_hide_footer_widgets":false,"_genesis_custom_body_class":"","_genesis_custom_post_class":"","_genesis_layout":"","footnotes":""},"class_list":{"0":"post-453","1":"page","2":"type-page","3":"status-publish","5":"entry"},"_links":{"self":[{"href":"https:\/\/moverdb.com\/lt\/wp-json\/wp\/v2\/pages\/453","targetHints":{"allow":["GET"]}}],"collection":[{"href":"https:\/\/moverdb.com\/lt\/wp-json\/wp\/v2\/pages"}],"about":[{"href":"https:\/\/moverdb.com\/lt\/wp-json\/wp\/v2\/types\/page"}],"author":[{"embeddable":true,"href":"https:\/\/moverdb.com\/lt\/wp-json\/wp\/v2\/users\/1"}],"replies":[{"embeddable":true,"href":"https:\/\/moverdb.com\/lt\/wp-json\/wp\/v2\/comments?post=453"}],"version-history":[{"count":10,"href":"https:\/\/moverdb.com\/lt\/wp-json\/wp\/v2\/pages\/453\/revisions"}],"predecessor-version":[{"id":6245,"href":"https:\/\/moverdb.com\/lt\/wp-json\/wp\/v2\/pages\/453\/revisions\/6245"}],"wp:attachment":[{"href":"https:\/\/moverdb.com\/lt\/wp-json\/wp\/v2\/media?parent=453"}],"curies":[{"name":"wp","href":"https:\/\/api.w.org\/{rel}","templated":true}]}}