{"id":452,"date":"2016-07-03T20:39:16","date_gmt":"2016-07-03T20:39:16","guid":{"rendered":"http:\/\/moverdb.com\/?page_id=452"},"modified":"2026-01-08T15:30:42","modified_gmt":"2026-01-08T15:30:42","slug":"world-shipping-council","status":"publish","type":"page","link":"https:\/\/moverdb.com\/lt\/world-shipping-council\/","title":{"rendered":"Pasaulio laivybos tarybos (WSC) paai\u0161kinimai"},"content":{"rendered":"<p>Pasaulin\u0117 laivybos taryba (WSC) atstovauja linijin\u0117s laivybos pramonei. I\u0161 prad\u017ei\u0173 ji buvo \u012fkurta kaip did\u017eiausi\u0173 linijin\u0117s laivybos \u012fmoni\u0173 lobistin\u0117 grup\u0117, o dabar ji tapo pramon\u0117s ir vyriausyb\u0117s patar\u0117ja \u012fvairiais, pavyzd\u017eiui, saugumo ir aplinkosaugos, klausimais.<\/p>\n<p><strong>Pagrindiniai faktai apie TGS<\/strong><\/p>\n<ul>\n<li>  TGS turi 26 narius.<\/li>\n<li>  WSC nariai eksploatuoja apie 90 proc. pasaulio linijini\u0173 laiv\u0173 paj\u0117gum\u0173.<\/li>\n<li>  \u0160iomis paslaugomis perve\u017eama apie 60 proc. pasaulin\u0117s j\u016br\u0173 prekybos vert\u0117s, o daugiau nei 60 proc. <a href=\"https:\/\/moverdb.com\/lt\/moving-to-the-united-states\/\" data-internallinksmanager029f6b8e52c=\"94\" title=\"Persik\u0117limas \u012f Jungtines Amerikos Valstijas? 2022 Gyvenimo i\u0161laidos ir persik\u0117limo patarimai\">JAV<\/a>$ 4 trilijon\u0173 vert\u0117s preki\u0173 per metus.<\/li>\n<li>  WSC yra pasaulin\u0117 linijin\u0117s laivybos pramon\u0117s atstov\u0117.<\/li>\n<li>  2000 m. Pasaulin\u0119 j\u016br\u0173 reikal\u0173 taryb\u0105 \u012fsteig\u0117 svarbiausi\u0173 stambi\u0173 linijini\u0173 bendrovi\u0173 vadovai. <a href=\"https:\/\/moverdb.com\/lt\/laivybos-bendroves\/\">laivybos \u012fmon\u0117s<\/a>.<\/li>\n<li>  2009 m. TGS buvo suteiktas konsultacinis statusas <a href=\"https:\/\/moverdb.com\/lt\/international-maritime-organisation\/\" data-internallinksmanager029f6b8e52c=\"24\" title=\"Tarptautin\u0117s j\u016br\u0173 organizacijos (TJO) paai\u0161kinimai\">Tarptautin\u0117 j\u016br\u0173 organizacija<\/a>.<\/li>\n<li>  TGS \u012fsik\u016brusi <a href=\"https:\/\/moverdb.com\/lt\/persikelimas-i-vasingtona-dk\/\">Va\u0161ingtonas, DC<\/a>.<\/li>\n<li>  WSC nariai atvyksta i\u0161 viso pasaulio, nuo <a href=\"https:\/\/moverdb.com\/lt\/moving-to-china\/\" data-internallinksmanager029f6b8e52c=\"357\" title=\"Persik\u0117limas \u012f Kinij\u0105? 2023 m. pragyvenimo i\u0161laidos ir persik\u0117limo patarimai\">Kinija<\/a> \u012f Amerik\u0105.<\/li>\n<\/ul>\n<p><strong>Pasaulio laivybos tarybos profilis:<\/strong><\/p>\n<p>WSC - tai 2000 m. linijin\u0117s laivybos sektoriaus lyderi\u0173 sukurta pramon\u0117s organizacija. Ji atliko svarb\u0173 vaidmen\u012f svarbiausiais linijin\u0117s laivybos pramon\u0117s momentais, pavyzd\u017eiui, bendradarbiaudama su pasaulio vyriausyb\u0117mis ir organizacijomis, kad pad\u0117t\u0173 parengti \u012fstatymus, taisykles ir programas, skirtas geriau apsaugoti tarptautin\u0119 j\u016br\u0173 prekyb\u0105 po 2001 m. teroristini\u0173 i\u0161puoli\u0173. <\/p>\n<p>Pagrindinis WSC d\u0117mesys skiriamas prekybos, saugumo ir muit\u0173 klausimams, kurie daro \u012ftak\u0105 pa\u010diai pramonei ir jos poveikiui platesniam pasauliui. Pastaraisiais metais ji taip pat \u0117m\u0117 r\u016bpintis aplinkosaugos klausimais. <\/p>\n<p>WSC yra gerbiama pramon\u0117s ir vyriausybi\u0173 patar\u0117ja, pavyzd\u017eiui, jai suteiktas konsultacinis statusas Tarptautin\u0117je j\u016br\u0173 organizacijoje. Ji taip pat aktyviai dalyvauja politin\u0117se diskusijose, kai \u0161i politika tur\u0117s \u012ftakos linijin\u0117s laivybos pramonei.<\/p>\n<p><strong>\u012emon\u0117s nar\u0117s pagal dyd\u012f:<\/strong><\/p>\n<ul>\n<li> <a href=\"https:\/\/moverdb.com\/lt\/cma-cgm\/\">CMA CGM grup\u0117<\/a><\/li>\n<li> <a href=\"https:\/\/moverdb.com\/lt\/hapag-lloyd\/\">\"Hapag-Lloyd\"<\/a><\/li>\n<li> <a href=\"https:\/\/moverdb.com\/lt\/amzinai-zaliuojantis-juru\/\">\"Evergreen Marine<\/a><\/li>\n<li> <a href=\"https:\/\/moverdb.com\/lt\/hamburgo-pietu-krastas\/\">Hamburg S\u00fcd<\/a><\/li>\n<\/ul>\n<p><strong>Naryst\u0117s kriterijai:<\/strong><\/p>\n<p>Tinklalapyje nenurodyti jokie naryst\u0117s kriterijai. WSC apib\u016bdina savo narius kaip <em>\"Jie investavo \u0161imtus milijard\u0173 doleri\u0173 \u012f laivus, <a href=\"https:\/\/moverdb.com\/lt\/top-49-container-ports\/\" data-internallinksmanager029f6b8e52c=\"80\" title=\"49 did\u017eiausi ir labiausiai apkrauti konteineri\u0173 uostai 2025 m.\">uostas<\/a> terminalus, krovini\u0173 ve\u017eimo \u012fmones, sand\u0117lius ir technologijas, kad b\u016bt\u0173 u\u017etikrintos \u012fvairios galimyb\u0117s saugiai, patikimai ir ekonomi\u0161kai saugiai gabenti tarptautinius krovinius.\"<\/em> <\/p>\n<p>I\u0161 to ai\u0161ku, kad naryst\u0117 n\u0117ra atvira bet kuriai \u012fmonei. Tarp nari\u0173 atstov\u0173 yra \"Hyundai Merchant Marine Company\" ir Jungtini\u0173 Arab\u0173 <a href=\"https:\/\/moverdb.com\/lt\/shipping-companies\/\" data-internallinksmanager029f6b8e52c=\"4\" title=\"10 geriausi\u0173 tarptautini\u0173 konteineri\u0173 gabenimo bendrovi\u0173\">Siunt\u0173 gabenimo bendrov\u0117<\/a>.<\/p>\n<p>Pateiktas kontaktinis el. pa\u0161to adresas, kuriuo gal\u0117t\u0173 kreiptis norintys pasiteirauti apie naryst\u0119: info@worldshipping.org.<\/p>\n<p><strong>Nuomon\u0117s apie TGS:<\/strong><\/p>\n<p>TGS yra <a href=\"http:\/\/www.iims.org.uk\/world-shipping-council-advises-prepare-container-weight-verification\/\" target=\"_blank\" rel=\"noopener\">cituojami naujien\u0173 prane\u0161imuose.<\/a> kaip informacijos apie reguliavimo ir teis\u0117s akt\u0173 pakeitimus \u0161altinis, ir neabejotinai yra gerbiama organizacija, u\u017etikrinanti teis\u0117s akt\u0173 leid\u0117j\u0173 ir pramon\u0117s atstov\u0173 bendravim\u0105. <\/p>\n<p>Jos darbas taip pat buvo susij\u0119s su pagalba sprend\u017eiant painiavos, susijusios su b\u016bsimais teisiniais pakeitimais, problem\u0105 ir siekiant palengvinti teis\u0117s akt\u0173 perk\u0117lim\u0105 i\u0161 ra\u0161ytin\u0117s teis\u0117s \u012f realyb\u0119. <\/p>\n<p>Nors WSC svetain\u0117je pateikiamas nari\u0173 s\u0105ra\u0161as, greitai patikrinus keli\u0173 \u012fmoni\u0173 svetaines paai\u0161k\u0117jo, kad jos nepateikia informacijos apie savo naryst\u0119 WSC. <\/p>\n<p>Taip yra grei\u010diausiai tod\u0117l, kad WSC yra ne komercinei interneto svetainei tinkama akreditacija, o pramon\u0117s \u012fstaiga, kurioje \u0161ios \u012fmon\u0117s atlieka konsultacin\u012f ir patariam\u0105j\u012f vaidmen\u012f.<\/p>\n<p><strong>Interneto svetain\u0117:<\/strong> <a href=\"http:\/\/www.worldshipping.org\/\" target=\"_blank\" rel=\"noopener\">http:\/\/www.worldshipping.org\/<\/a><\/p>\n<p><strong>Daugiau informacijos apie gabenim\u0105 \u017er:<\/strong> <a href=\"https:\/\/moverdb.com\/lt\/konteineriu-kroviniu-gabenimas\/\">2018 m. tarptautini\u0173 konteineri\u0173 gabenimo kainos ir s\u0105naudos<\/a> ir <a href=\"https:\/\/moverdb.com\/lt\/ekspeditorius\/\">Tarptautini\u0173 ekspeditori\u0173 ir NVOCC s\u0105naud\u0173 ir \u012fmoni\u0173 vadovas<\/a><\/p>","protected":false},"excerpt":{"rendered":"<p>The World Shipping Council (WSC) provides a voice for the liner shipping industry. It was initially established as a lobbying group for the biggest liner shipping businesses and has become an advisor to industry and government on topics as varied as security and environmental issues. Key facts about the WSC The WSC has 26 members. [&hellip;]<\/p>\n","protected":false},"author":1,"featured_media":0,"parent":0,"menu_order":0,"comment_status":"closed","ping_status":"closed","template":"","meta":{"_genesis_hide_title":false,"_genesis_hide_breadcrumbs":false,"_genesis_hide_singular_image":false,"_genesis_hide_footer_widgets":false,"_genesis_custom_body_class":"","_genesis_custom_post_class":"","_genesis_layout":"","footnotes":""},"class_list":{"0":"post-452","1":"page","2":"type-page","3":"status-publish","5":"entry"},"_links":{"self":[{"href":"https:\/\/moverdb.com\/lt\/wp-json\/wp\/v2\/pages\/452","targetHints":{"allow":["GET"]}}],"collection":[{"href":"https:\/\/moverdb.com\/lt\/wp-json\/wp\/v2\/pages"}],"about":[{"href":"https:\/\/moverdb.com\/lt\/wp-json\/wp\/v2\/types\/page"}],"author":[{"embeddable":true,"href":"https:\/\/moverdb.com\/lt\/wp-json\/wp\/v2\/users\/1"}],"replies":[{"embeddable":true,"href":"https:\/\/moverdb.com\/lt\/wp-json\/wp\/v2\/comments?post=452"}],"version-history":[{"count":12,"href":"https:\/\/moverdb.com\/lt\/wp-json\/wp\/v2\/pages\/452\/revisions"}],"predecessor-version":[{"id":6254,"href":"https:\/\/moverdb.com\/lt\/wp-json\/wp\/v2\/pages\/452\/revisions\/6254"}],"wp:attachment":[{"href":"https:\/\/moverdb.com\/lt\/wp-json\/wp\/v2\/media?parent=452"}],"curies":[{"name":"wp","href":"https:\/\/api.w.org\/{rel}","templated":true}]}}