{"id":451,"date":"2016-07-04T14:16:48","date_gmt":"2016-07-04T14:16:48","guid":{"rendered":"http:\/\/moverdb.com\/?page_id=451"},"modified":"2026-01-08T14:39:55","modified_gmt":"2026-01-08T14:39:55","slug":"tarptautine-karine-organizacija","status":"publish","type":"page","link":"https:\/\/moverdb.com\/lt\/international-maritime-organisation\/","title":{"rendered":"Tarptautin\u0117s j\u016br\u0173 organizacijos (TJO) paai\u0161kinimai"},"content":{"rendered":"<p>Tarptautin\u0117 j\u016br\u0173 organizacija (TJO) yra JT agent\u016bra, \u012fsik\u016brusi <a href=\"https:\/\/moverdb.com\/lt\/moving-to-the-uk\/\" data-internallinksmanager029f6b8e52c=\"93\" title=\"Persik\u0117limas \u012f Jungtin\u0119 Karalyst\u0119? 2022 Gyvenimo i\u0161laidos ir persikraustymo patarimai\">JK<\/a>, kuri yra atsakinga u\u017e laivybos reguliavim\u0105. Ji save apib\u016bdina kaip pasaulin\u0119 standartus nustatan\u010di\u0105 institucij\u0105, nustatan\u010di\u0105 saug\u0105, saugum\u0105 ir aplinkosaugin\u012f veiksmingum\u0105. <a href=\"https:\/\/moverdb.com\/lt\/konteineriu-kroviniu-gabenimas\/\">tarptautinis pristatymas<\/a>.<\/p>\n<p><strong>Pagrindiniai faktai apie Tarptautin\u0119 j\u016br\u0173 organizacij\u0105<\/strong><\/p>\n<ul>\n<li>  TJO turi 171 valstyb\u0119 nar\u0119 ir tris asocijuot\u0105sias nares.<\/li>\n<li>  TJO yra 1948 m. \u012fsteigta JT agent\u016bra, prad\u0117jusi veikti po de\u0161imtme\u010dio.<\/li>\n<li>  Dauguma valstybi\u0173 nari\u0173, kurios n\u0117ra TJO nar\u0117s, yra neturin\u010dios pri\u0117jimo prie j\u016bros \u0161alys, nesidomin\u010dios laivyba ir nedalyvaujan\u010dios joje.<\/li>\n<li>  Trys TJO asociacijos nar\u0117s yra Farer\u0173 salos, <a href=\"https:\/\/moverdb.com\/lt\/moving-to-hong-kong\/\" data-internallinksmanager029f6b8e52c=\"350\" title=\"Persikraustote \u012f Honkong\u0105? 2023 Gyvenimo i\u0161laidos ir persik\u0117limo patarimai\">Honkongas<\/a> ir Makao.<\/li>\n<li>  Tarptautin\u0117 konvencija d\u0117l \u017emogaus gyvyb\u0117s apsaugos j\u016broje yra vienas i\u0161 geriausiai \u017einom\u0173 TJO teisini\u0173 dokument\u0173.<\/li>\n<li>  <a href=\"https:\/\/moverdb.com\/lt\/container-shipping\/\" data-internallinksmanager029f6b8e52c=\"3\" title=\"Tarptautini\u0173 konteineri\u0173 gabenimo tarif\u0173 diagrama: 2026 m. baland\u017eio m\u0117n.\">Tarptautinis pristatymas<\/a> gabena daugiau nei 80% pasaulin\u0117s prekybos \u012f viso pasaulio tautas ir bendruomenes.<\/li>\n<li>  TJO kompetencija apima visus tarptautin\u0117s laivybos aspektus, \u012fskaitant laiv\u0173 projektavim\u0105, statyb\u0105, \u012frang\u0105, \u012fgul\u0173 komplektavim\u0105, eksploatavim\u0105 ir likvidavim\u0105.<\/li>\n<li>  Nevyriausybin\u0117ms tarptautin\u0117ms organizacijoms, galin\u010dioms svariai prisid\u0117ti prie TJO darbo, Taryba, pritarus Asambl\u0117jai, gali suteikti konsultacin\u012f status\u0105.<\/li>\n<\/ul>\n<p><strong>TJO profilis<\/strong><\/p>\n<p>TJO yra pasaulin\u0117 agent\u016bra, priklausanti JT. J\u0105 sudaro Asambl\u0117ja, Taryba ir penki pagrindiniai komitetai: <\/p>\n<ol>\n<li> Saugios laivybos komitetas<\/li>\n<li> J\u016br\u0173 aplinkos apsaugos komitetas<\/li>\n<li> Teis\u0117s komitetas<\/li>\n<li> Techninio bendradarbiavimo komitetas<\/li>\n<li> Palengvinimo komitetas<\/li>\n<\/ol>\n<p>TJO yra atsakinga u\u017e daugyb\u0119 teisini\u0173 priemoni\u0173, kuriomis siekiama pagerinti saug\u0105 j\u016broje, pagerinti prekyb\u0105 tarp j\u016brini\u0173 valstybi\u0173 ir apsaugoti j\u016br\u0173 aplink\u0105. <\/p>\n<p>TJO ne tik nagrin\u0117ja dabartin\u012f laivybos sektori\u0173, bet ir r\u016bpinasi, kad ateityje jis b\u016bt\u0173 saugus, tausojantis aplink\u0105 ir efektyviai vartojantis energij\u0105. <\/p>\n<p>TJO nedaug kas neapima \u017emogi\u0161kojo laivybos pramon\u0117s elemento, laivybos saugumo ir techninio bendradarbiavimo, kuris skirtas pad\u0117ti vyriausyb\u0117ms, neturin\u010dioms technini\u0173 \u017eini\u0173 ir i\u0161tekli\u0173, reikaling\u0173 s\u0117kmingai laivybos pramon\u0117s veiklai, klausim\u0173.<\/p>\n<p><strong>Naryst\u0117s kriterijai <\/strong><\/p>\n<p>Naryst\u0117 grind\u017eiama valstyb\u0117mis. Nor\u0117dama tapti TJO nare, valstyb\u0117 ratifikuoja daugia\u0161al\u0119 sutart\u012f, vadinam\u0105 Tarptautin\u0117s j\u016br\u0173 organizacijos konvencija.<\/p>\n<p><strong>Nuomon\u0117s apie TJO:<\/strong><\/p>\n<p>TJO yra pasaulin\u0117 <a href=\"http:\/\/www.unsceb.org\/content\/imo\" target=\"_blank\" rel=\"noopener\">garsi organizacija<\/a> pripa\u017eint\u0105 status\u0105. Ji labai matoma ir yra galinga laivybos pramon\u0117s j\u0117ga. Internete pateikiama informacija apie TJO daugiausia d\u0117mesio skiriama jos vaidmeniui skatinant tarpvyriausybin\u012f bendradarbiavim\u0105, taip pat rengiant tarptautines konferencijas laivybos klausimais ir rengiant tarptautines konvencijas ar susitarimus \u0161iuo klausimu. <\/p>\n<p>Jo vaidmuo saugai taip pat pabr\u0117\u017eiamas tose vietose, kur jis minimas. Kadangi TJO nar\u0117mis yra valstyb\u0117s, ji neminima atskir\u0173 \u012fmoni\u0173 interneto svetain\u0117se, ta\u010diau ji da\u017enai minima <a href=\"http:\/\/www.britannica.com\/topic\/International-Maritime-Organization\" target=\"_blank\" rel=\"noopener\">internetin\u0117s enciklopedijos<\/a> ir interneto svetaines, kuriose apra\u0161oma JT strukt\u016bra.<\/p>\n<p><strong>Interneto svetain\u0117:<\/strong> <a href=\"http:\/\/www.imo.org\/en\/Pages\/Default.aspx\" target=\"_blank\" rel=\"noopener\">http:\/\/www.imo.org\/<\/a><\/p>\n<p><strong>Daugiau informacijos apie gabenim\u0105 \u017er:<\/strong> <a href=\"https:\/\/moverdb.com\/lt\/konteineriu-kroviniu-gabenimas\/\">2018 m. tarptautini\u0173 konteineri\u0173 gabenimo kainos ir s\u0105naudos<\/a> ir <a href=\"https:\/\/moverdb.com\/lt\/ekspeditorius\/\">Tarptautini\u0173 ekspeditori\u0173 ir NVOCC s\u0105naud\u0173 ir \u012fmoni\u0173 vadovas<\/a><\/p>","protected":false},"excerpt":{"rendered":"<p>The International Maritime Organisation (IMO) is a UN agency, based in the UK, which is responsible for regulating shipping. It describes itself as the global standard-setting authority for the safety, security and environmental performance of international shipping. Key facts about the International Maritime Organisation The IMO has 171 Member States and three Associate Members. The [&hellip;]<\/p>\n","protected":false},"author":1,"featured_media":0,"parent":0,"menu_order":0,"comment_status":"closed","ping_status":"closed","template":"","meta":{"_genesis_hide_title":false,"_genesis_hide_breadcrumbs":false,"_genesis_hide_singular_image":false,"_genesis_hide_footer_widgets":false,"_genesis_custom_body_class":"","_genesis_custom_post_class":"","_genesis_layout":"","footnotes":""},"class_list":{"0":"post-451","1":"page","2":"type-page","3":"status-publish","5":"entry"},"_links":{"self":[{"href":"https:\/\/moverdb.com\/lt\/wp-json\/wp\/v2\/pages\/451","targetHints":{"allow":["GET"]}}],"collection":[{"href":"https:\/\/moverdb.com\/lt\/wp-json\/wp\/v2\/pages"}],"about":[{"href":"https:\/\/moverdb.com\/lt\/wp-json\/wp\/v2\/types\/page"}],"author":[{"embeddable":true,"href":"https:\/\/moverdb.com\/lt\/wp-json\/wp\/v2\/users\/1"}],"replies":[{"embeddable":true,"href":"https:\/\/moverdb.com\/lt\/wp-json\/wp\/v2\/comments?post=451"}],"version-history":[{"count":6,"href":"https:\/\/moverdb.com\/lt\/wp-json\/wp\/v2\/pages\/451\/revisions"}],"predecessor-version":[{"id":13163,"href":"https:\/\/moverdb.com\/lt\/wp-json\/wp\/v2\/pages\/451\/revisions\/13163"}],"wp:attachment":[{"href":"https:\/\/moverdb.com\/lt\/wp-json\/wp\/v2\/media?parent=451"}],"curies":[{"name":"wp","href":"https:\/\/api.w.org\/{rel}","templated":true}]}}