{"id":448,"date":"2016-07-04T14:52:09","date_gmt":"2016-07-04T14:52:09","guid":{"rendered":"http:\/\/moverdb.com\/?page_id=448"},"modified":"2026-01-08T13:18:20","modified_gmt":"2026-01-08T13:18:20","slug":"kroviniu-vezimo-asociacija","status":"publish","type":"page","link":"https:\/\/moverdb.com\/lt\/freight-transport-association\/","title":{"rendered":"Krovininio transporto asociacijos (FTA) paai\u0161kinimai"},"content":{"rendered":"<p>Krovininio transporto asociacija (FTA) buvo \u012fkurta siekiant atstovauti <a href=\"https:\/\/moverdb.com\/lt\/laivybos-bendroves\/\">logistikos \u012fmon\u0117s<\/a>nesvarbu, ar kroviniai gabenami j\u016bra, oru, keliais ar gele\u017einkeliu. Ji dalyvavo didelio atgarsio sulaukusiose kampanijose tokiais klausimais kaip degal\u0173 mokestis ir licencijavimas.<\/p>\n<p><strong>Pagrindiniai faktai apie LPS:<\/strong><\/p>\n<ul>\n<li>  LPS i\u0161takos siekia 1889 m.<\/li>\n<li>  FTA nariai eksploatuoja daugiau nei 200 000 sunkve\u017eimi\u0173 - beveik pus\u0119 vis\u0173 sunkve\u017eimi\u0173. <a href=\"https:\/\/moverdb.com\/lt\/moving-to-the-uk\/\" data-internallinksmanager029f6b8e52c=\"93\" title=\"Persik\u0117limas \u012f Jungtin\u0119 Karalyst\u0119? 2022 Gyvenimo i\u0161laidos ir persikraustymo patarimai\">JK<\/a> laivyno.<\/li>\n<li>  Nariai pristato daugiau kaip 90% krovini\u0173, gabenam\u0173 gele\u017einkeliais.<\/li>\n<li>  LPS nariai yra atsakingi u\u017e 70% matomo JK eksporto j\u016bra ir oru.<\/li>\n<li>  FTA turi daugiau nei 15 000 nari\u0173 ir yra did\u017eiausia krovini\u0173 ve\u017eimo prekybos asociacija Jungtin\u0117je Karalyst\u0117je.<\/li>\n<li>  360 FTA darbuotoj\u0173 kasmet atsako \u012f daugiau nei 50 000 nari\u0173 u\u017eklaus\u0173.<\/li>\n<li>  FTA nariais gali b\u016bti tik <a href=\"https:\/\/moverdb.com\/lt\/tarptautiniai-perkraustymai\/\">JK \u012fmon\u0117s<\/a>.<\/li>\n<\/ul>\n<p><strong>Krovininio transporto asociacijos profilis:<\/strong><\/p>\n<p>FTA savo misij\u0105 apibr\u0117\u017eia kaip \"saugi\u0105, tvari\u0105 ir veiksming\u0105 logistik\u0105\". Ji atlieka \u012fvairias funkcijas, \u012fskaitant atstovavim\u0105 nariams vietos, nacionaliniu ir Europos lygmeniu ir kampanij\u0173, kuriomis siekiama didinti informuotum\u0105 apie logistikos pramon\u0119, rengim\u0105. <\/p>\n<p>FTA taip pat u\u017etikrina, kad jos nariai b\u016bt\u0173 susipa\u017ein\u0119 su naujausiais atitikties reikalavimais, taikomais j\u0173 \u012fmon\u0117ms, ir si\u016blo plat\u0173 mokymo program\u0173, skirt\u0173 pad\u0117ti kelti standartus ir gerinti darbo s\u0105lygas, pasirinkim\u0105. <\/p>\n<p>Be to, FTA yra informacijos apie savo atstovaujam\u0105 sektori\u0173 \u0161altinis, rengiantis ataskaitas tokiomis temomis kaip logistikos sektoriaus veikla ir i\u0161\u0161\u016bkiai, su kuriais jis susiduria. <\/p>\n<p>Naryst\u0117s privalumai: informaciniai prane\u0161imai ir atitikties vadovai, transporto priemoni\u0173 susigr\u0105\u017einimo paslauga ir internetinis tiek\u0117j\u0173 katalogas.<\/p>\n<p>Naryst\u0117s kategorijos:<\/p>\n<ul>\n<li> Transporto priemon\u0117s operatoriaus naryst\u0117<\/li>\n<li> Naryst\u0117 ne transporto priemon\u0117s operatoriui<\/li>\n<li> Keleivi\u0173 naryst\u0117<\/li>\n<li> Vietos vald\u017eios institucij\u0173 naryst\u0117<\/li>\n<li> Teis\u0117s aktais nustatytos institucijos naryst\u0117<\/li>\n<li> Filialo naryst\u0117<\/li>\n<\/ul>\n<p><strong>Naryst\u0117s kriterijai:<\/strong><\/p>\n<p>FTA si\u016blo \u012fvairi\u0173 tip\u0173 narystes, i\u0161vardytas toliau. Kriterij\u0173, kas gali tapti nariu, nenumatyta, ta\u010diau \u012fmon\u0117s turi atitikti vienos i\u0161 toliau nurodyt\u0173 \u012fmoni\u0173 apibr\u0117\u017eim\u0105 ir sutikti su \"Freight Transport Association Ltd.\" \u012fstat\u0173 s\u0105lygomis. <\/p>\n<p>Kiekvienai naryst\u0117s kategorijai reikia pateikti tam tikr\u0105 papildom\u0105 informacij\u0105, kaip nurodyta toliau.<\/p>\n<ul>\n<li> Transporto priemoni\u0173 valdytojo naryst\u0117 - eksploatuojam\u0173 transporto priemoni\u0173 skai\u010dius ir verslo pob\u016bdis.<\/li>\n<li> Naryst\u0117 ne transporto priemon\u0117s operatoriui - verslo pob\u016bdis.<\/li>\n<li> Keleivi\u0173 naryst\u0117 - metin\u0117 apyvarta, verslo pob\u016bdis, eksploatuojam\u0173 transporto priemoni\u0173 skai\u010dius.<\/li>\n<li> Vietos vald\u017eios institucij\u0173 naryst\u0117 - eksploatuojam\u0173 transporto priemoni\u0173 skai\u010dius ir vietos vald\u017eios institucijos aptarnaujamo regiono gyventoj\u0173 skai\u010dius.<\/li>\n<li> Statutin\u0117s institucijos naryst\u0117 - eksploatuojam\u0173 transporto priemoni\u0173 skai\u010dius ir institucijos aptarnaujamo regiono gyventoj\u0173 skai\u010dius.<\/li>\n<li> Filialo naryst\u0117 - eksploatuojam\u0173 transporto priemoni\u0173 skai\u010dius, verslo pob\u016bdis.<\/li>\n<\/ul>\n<p><strong>Pavyzdin\u0117s \u012fmon\u0117s nar\u0117s<\/strong><\/p>\n<ul>\n<li> <a href=\"https:\/\/moverdb.com\/lt\/shore-porters-society\/\">Kranto ne\u0161ik\u0173 draugija<\/a><\/li>\n<li> <a href=\"https:\/\/moverdb.com\/lt\/movecorp\/\">Movecorp<\/a><\/li>\n<\/ul>\n<p><strong>Nuomon\u0117s apie LPS:<\/strong><\/p>\n<p>LPS remia stamb\u016bs pramon\u0117s atstovai, pavyzd\u017eiui, PWC, kuri savo vard\u0105 pasira\u0161o prie kasmetinio renginio. <a href=\"http:\/\/www.pwc.co.uk\/industries\/transport-logistics\/fta-logistics-report-2014.html\" target=\"_blank\" rel=\"noopener\">Krovininio transporto asociacijos logistikos ataskaita<\/a> ir apib\u016bdina LPS kaip \"vien\u0105 did\u017eiausi\u0173 JK prekybos asociacij\u0173\".<\/p>\n<p>LPS minima kaip partner\u0117 <a href=\"http:\/\/www.csrf.ac.uk\/partner\/freight-transport-association\/\" target=\"_blank\" rel=\"noopener\">Tvaraus krovini\u0173 ve\u017eimo keliais centras<\/a> ir bendradarbiavimas atsiranda sprend\u017eiant susijusius klausimus, pvz., kuriant dalin\u012f <a href=\"http:\/\/www.osapartnershipgroup.co.uk\/campaign2-fta.html\" target=\"_blank\" rel=\"noopener\">Profesin\u0117s kompetencijos pa\u017eym\u0117jimas<\/a> su Obstrukcin\u0117s miego apn\u0117jos grupe. FTA minima <a href=\"http:\/\/www.lombard.co.uk\/our-expertise\/commercial-transportation\/industry-associations\/fta\" target=\"_blank\" rel=\"noopener\">keli\u0173 interneto svetaini\u0173<\/a> jos nari\u0173 ir da\u017enai cituojama, kai i\u0161kyla klausimas, susij\u0119s su logistikos pramone.<\/p>\n<p><strong>Interneto svetain\u0117:<\/strong> <a href=\"http:\/\/www.fta.co.uk\/\" target=\"_blank\" rel=\"noopener\">http:\/\/www.fta.co.uk\/<\/a><\/p>\n<p><strong>Daugiau informacijos apie gabenim\u0105 \u017er:<\/strong> <a href=\"https:\/\/moverdb.com\/lt\/konteineriu-kroviniu-gabenimas\/\">2018 m. tarptautini\u0173 konteineri\u0173 gabenimo kainos ir s\u0105naudos<\/a> ir <a href=\"https:\/\/moverdb.com\/lt\/ekspeditorius\/\">Tarptautini\u0173 ekspeditori\u0173 ir NVOCC s\u0105naud\u0173 ir \u012fmoni\u0173 vadovas<\/a><\/p>","protected":false},"excerpt":{"rendered":"<p>The Freight Transport Association (FTA) was set up to represent the interests of logistics companies, whether they are moving goods by sea, air, road or rail. It has been involved in high profile campaigns on issues such as fuel duty and licensing. Key facts about the FTA: The FTA can trace its roots back to [&hellip;]<\/p>\n","protected":false},"author":1,"featured_media":0,"parent":0,"menu_order":0,"comment_status":"closed","ping_status":"closed","template":"","meta":{"_genesis_hide_title":false,"_genesis_hide_breadcrumbs":false,"_genesis_hide_singular_image":false,"_genesis_hide_footer_widgets":false,"_genesis_custom_body_class":"","_genesis_custom_post_class":"","_genesis_layout":"","footnotes":""},"class_list":{"0":"post-448","1":"page","2":"type-page","3":"status-publish","5":"entry"},"_links":{"self":[{"href":"https:\/\/moverdb.com\/lt\/wp-json\/wp\/v2\/pages\/448","targetHints":{"allow":["GET"]}}],"collection":[{"href":"https:\/\/moverdb.com\/lt\/wp-json\/wp\/v2\/pages"}],"about":[{"href":"https:\/\/moverdb.com\/lt\/wp-json\/wp\/v2\/types\/page"}],"author":[{"embeddable":true,"href":"https:\/\/moverdb.com\/lt\/wp-json\/wp\/v2\/users\/1"}],"replies":[{"embeddable":true,"href":"https:\/\/moverdb.com\/lt\/wp-json\/wp\/v2\/comments?post=448"}],"version-history":[{"count":11,"href":"https:\/\/moverdb.com\/lt\/wp-json\/wp\/v2\/pages\/448\/revisions"}],"predecessor-version":[{"id":6213,"href":"https:\/\/moverdb.com\/lt\/wp-json\/wp\/v2\/pages\/448\/revisions\/6213"}],"wp:attachment":[{"href":"https:\/\/moverdb.com\/lt\/wp-json\/wp\/v2\/media?parent=448"}],"curies":[{"name":"wp","href":"https:\/\/api.w.org\/{rel}","templated":true}]}}