{"id":447,"date":"2016-07-05T14:22:52","date_gmt":"2016-07-05T14:22:52","guid":{"rendered":"http:\/\/moverdb.com\/?page_id=447"},"modified":"2026-01-08T14:48:21","modified_gmt":"2026-01-08T14:48:21","slug":"fedemac","status":"publish","type":"page","link":"https:\/\/moverdb.com\/lt\/fedemac\/","title":{"rendered":"Europos perve\u017e\u0117j\u0173 asociacijos federacijos (FEDEMAC) paai\u0161kinimai"},"content":{"rendered":"<p>Europos perkraustymo \u012fmoni\u0173 federacija (FEDEMAC) yra Europos organizacija, \u012fsteigta perkraustymo pramonei skatinti Europos lygmeniu. Jos nariais daugiausia yra nacionalin\u0117s perkraustymo asociacijos.<\/p>\n<p><strong>Pagrindiniai faktai apie FEDEMAC<\/strong><\/p>\n<ul>\n<li>  FEDEMAC nariais yra Europoje \u012fsik\u016brusios nacionalin\u0117s jud\u0117jimo asociacijos.<\/li>\n<li>  FEDEMAC atstovauja ma\u017edaug 3 000 profesionali\u0173 <a href=\"https:\/\/moverdb.com\/lt\/moving-companies\/\" data-internallinksmanager029f6b8e52c=\"79\" title=\"Top 25 Tarptautin\u0117s perkraustymo \u012fmon\u0117s internete\">perkraustymo \u012fmon\u0117s<\/a>.<\/li>\n<li>  Nariai \u012fsik\u016br\u0119 26 Europos \u0161alyse, i\u0161 kuri\u0173 24 yra ES valstyb\u0117s nar\u0117s. <a href=\"https:\/\/moverdb.com\/lt\/moving-to-switzerland\/\" data-internallinksmanager029f6b8e52c=\"327\" title=\"Persik\u0117limas \u012f \u0160veicarij\u0105? 2023 Gyvenimo i\u0161laidos ir persik\u0117limo patarimai\">\u0160veicarija<\/a> ir <a href=\"https:\/\/moverdb.com\/lt\/moving-to-norway\/\" data-internallinksmanager029f6b8e52c=\"325\" title=\"Persik\u0117limas \u012f Norvegij\u0105? 2023 m. pragyvenimo i\u0161laidos ir persik\u0117limo patarimai\">Norvegija<\/a> taip pat atstovauja FEDEMAC.<\/li>\n<li>  FEDEMAC administruoja kart\u0105 per metus susirenkanti generalin\u0117 asambl\u0117ja, kuri\u0105 sudaro FEDEMAC nari\u0173 (asociacij\u0173 nari\u0173 ir tiesiogiai susijusi\u0173 bendrovi\u0173 nari\u0173) atstovai.<\/li>\n<li>  Didel\u0117 FEDEMAC veiklos dalis - nari\u0173 interes\u0173 gynimas ES Parlamente ir Komisijoje.<\/li>\n<\/ul>\n<p><strong>Europos perkraustytoj\u0173 asociacijos federacijos profilis:<\/strong><\/p>\n<p>FEDEMAC tikslas - atstovauti Europos perkraustymo pramonei, jos r\u016bpes\u010diams, poreikiams ir tikslams. Ji taip pat sukurta tam, kad pad\u0117t\u0173 koordinuoti savo nari\u0173 veikl\u0105, siekiant kuo didesnio poveikio Europoje. <\/p>\n<p>Didel\u0117 darbo dalis susijusi su nari\u0173 interes\u0173 atstovavimu ES Parlamentui ir Komisijai, taip pat su nacionalini\u0173 jud\u0117jimo asociacij\u0173 ir kit\u0173 prekybos organizacij\u0173 ry\u0161i\u0173 palaikymu. <\/p>\n<p>FEDEMAC nariai yra daugiausia nacionalin\u0117s jud\u0117jimo asociacijos (pvz. <a href=\"https:\/\/moverdb.com\/lt\/tarptautiniai-perkraustymai\/\" target=\"_blank\" rel=\"noopener\">Jungtin\u0117je Karalyst\u0117je<\/a>, narys yra <a href=\"https:\/\/moverdb.com\/lt\/britu-salintoju-asociacija\/\" target=\"_blank\" rel=\"noopener\">Did\u017eiosios Britanijos perkraustytoj\u0173 asociacija<\/a>), ta\u010diau pavien\u0117s kvalifikuotos perkraustymo \u012fmon\u0117s taip pat gali tapti tiesiogin\u0117mis FEDEMAC filialais, jei n\u0117ra asociacijos arba asociacija yra, bet ji nesuinteresuota tapti FEDEMAC nare. <\/p>\n<p>Dalis FEDEMAC funkcij\u0173 - informuoti narius apie Europos politik\u0105, tod\u0117l FEDEMAC savo svetain\u0117je si\u016blo daugyb\u0119 i\u0161tekli\u0173, taip pat nariams skirt\u0173 leidini\u0173, katalog\u0105 ir metin\u0119 konferencij\u0105.<\/p>\n<p><strong>Naryst\u0117s kriterijai:<\/strong><\/p>\n<p>Naryst\u0117 vyksta per nacionalin\u0119 asociacij\u0105 - tie, kurie <a href=\"https:\/\/moverdb.com\/lt\/moving-to-the-uk\/\" data-internallinksmanager029f6b8e52c=\"93\" title=\"Persik\u0117limas \u012f Jungtin\u0119 Karalyst\u0119? 2022 Gyvenimo i\u0161laidos ir persikraustymo patarimai\">JK<\/a> norintys tapti FEDEMAC nariais, tur\u0117t\u0173 \u012fstoti \u012f Did\u017eiosios Britanijos perve\u017e\u0117j\u0173 asociacij\u0105.<br \/>\nDaugumoje \u0161ali\u0173 naryst\u0119 u\u017etikrina nacionalin\u0117 jud\u0117jimo asociacija.<\/p>\n<p><strong>Pavyzdin\u0117s \u012fmon\u0117s nar\u0117s<\/strong><\/p>\n<ul>\n<li> <a href=\"https:\/\/moverdb.com\/lt\/matthew-james\/\">Matthew James Global Relocations<\/a><\/li>\n<li> <a href=\"https:\/\/moverdb.com\/lt\/movecorp\/\">Movecorp<\/a><\/li>\n<li> <a href=\"https:\/\/moverdb.com\/lt\/pearson\/\">Pearson Home Perkraustymas<\/a><\/li>\n<li> <a href=\"https:\/\/moverdb.com\/lt\/simpsons-removals\/\">\"Simpsons Removals and Storage\" perkraustymas ir saugojimas<\/a><\/li>\n<li> <a href=\"https:\/\/moverdb.com\/lt\/abels-removals\/\">Abels Perkraustymo paslaugos<\/a><\/li>\n<li> <a href=\"https:\/\/moverdb.com\/lt\/eagle-relocations\/\">Ereli\u0173 perk\u0117limai<\/a><\/li>\n<li> <a href=\"https:\/\/moverdb.com\/lt\/btr-international\/\">BTR International<\/a><\/li>\n<li> <a href=\"https:\/\/moverdb.com\/lt\/fn-removals\/\">\"F&amp;N Worldwide Removals<\/a><\/li>\n<li> <a href=\"https:\/\/moverdb.com\/lt\/bolliger\/\">Bolliger<\/a><\/li>\n<li> <a href=\"https:\/\/moverdb.com\/lt\/gil-stauffer\/\">Gil Stauffer<\/a><\/li>\n<li> <a href=\"https:\/\/moverdb.com\/lt\/teletrans\/\">Teletrans<\/a><\/li>\n<\/ul>\n<p><strong>Nuomon\u0117s apie FEDEMAC<\/strong><\/p>\n<p>Akivaizdu, kad FEDEMAC yra labai vertinama t\u0173, kurie <a href=\"http:\/\/www.abels.co.uk\/articles\/fedemac-federation-of-european-movers-associations-what-does-this-mean\/\" target=\"_blank\" rel=\"noopener\">kurie j\u012f pamin\u0117jo.<\/a> ir laikoma svarbia Europos s\u0105j\u016bdinink\u0173 interesams atstovaujan\u010dia organizacija. Kai kurie kilnojamieji asmenys nurodo, kad jie yra individual\u016bs nariai, o ne nariai per Did\u017eiosios Britanijos kilnojam\u0173j\u0173 asmen\u0173 asociacij\u0105. Kiti nurodo, kad yra akredituoti FEDEMAC, nors \u0161i organizacija to nedaro.<\/p>\n<p><strong>Interneto svetain\u0117:<\/strong> <a href=\"https:\/\/www.fedemac.eu\" target=\"_blank\" rel=\"noopener\">https:\/\/www.fedemac.eu<\/a><\/p>","protected":false},"excerpt":{"rendered":"<p>The Federation of European Movers Association (FEDEMAC) is a European body that has been established to promote the moving industry on a European level. Its membership is predominantly made up of national moving associations. Key facts about FEDEMAC FEDEMAC membership is made up of National Moving Associations located in Europe. FEDEMAC represents the interests of [&hellip;]<\/p>\n","protected":false},"author":1,"featured_media":0,"parent":0,"menu_order":0,"comment_status":"closed","ping_status":"closed","template":"","meta":{"_genesis_hide_title":false,"_genesis_hide_breadcrumbs":false,"_genesis_hide_singular_image":false,"_genesis_hide_footer_widgets":false,"_genesis_custom_body_class":"","_genesis_custom_post_class":"","_genesis_layout":"","footnotes":""},"class_list":{"0":"post-447","1":"page","2":"type-page","3":"status-publish","5":"entry"},"_links":{"self":[{"href":"https:\/\/moverdb.com\/lt\/wp-json\/wp\/v2\/pages\/447","targetHints":{"allow":["GET"]}}],"collection":[{"href":"https:\/\/moverdb.com\/lt\/wp-json\/wp\/v2\/pages"}],"about":[{"href":"https:\/\/moverdb.com\/lt\/wp-json\/wp\/v2\/types\/page"}],"author":[{"embeddable":true,"href":"https:\/\/moverdb.com\/lt\/wp-json\/wp\/v2\/users\/1"}],"replies":[{"embeddable":true,"href":"https:\/\/moverdb.com\/lt\/wp-json\/wp\/v2\/comments?post=447"}],"version-history":[{"count":21,"href":"https:\/\/moverdb.com\/lt\/wp-json\/wp\/v2\/pages\/447\/revisions"}],"predecessor-version":[{"id":6209,"href":"https:\/\/moverdb.com\/lt\/wp-json\/wp\/v2\/pages\/447\/revisions\/6209"}],"wp:attachment":[{"href":"https:\/\/moverdb.com\/lt\/wp-json\/wp\/v2\/media?parent=447"}],"curies":[{"name":"wp","href":"https:\/\/api.w.org\/{rel}","templated":true}]}}