{"id":445,"date":"2016-06-21T20:35:30","date_gmt":"2016-06-21T20:35:30","guid":{"rendered":"http:\/\/moverdb.com\/?page_id=445"},"modified":"2026-01-08T14:47:36","modified_gmt":"2026-01-08T14:47:36","slug":"asociacija-association-relocation-professionals","status":"publish","type":"page","link":"https:\/\/moverdb.com\/lt\/association-relocation-professionals\/","title":{"rendered":"Perkraustymo specialist\u0173 asociacijos (ARP) paai\u0161kinimai"},"content":{"rendered":"<p>Perkraustymo specialist\u0173 asociacija (ARP) yra profesin\u0117 perkraustymo pramon\u0117s organizacija <a href=\"https:\/\/moverdb.com\/lt\/moving-to-the-uk\/\" data-internallinksmanager029f6b8e52c=\"93\" title=\"Persik\u0117limas \u012f Jungtin\u0119 Karalyst\u0119? 2022 Gyvenimo i\u0161laidos ir persikraustymo patarimai\">JK<\/a>. Jos misija - ne tik atstovauti savo nariams, bet ir pad\u0117ti jiems parduoti save ir augti.<\/p>\n<p><strong>Pagrindiniai faktai apie ARP:<\/strong><\/p>\n<ul>\n<li>  ARP yra Jungtin\u0117s Karalyst\u0117s persikraustymo specialist\u0173 organizacija.<\/li>\n<li>  Perkraustymo specialist\u0173 asociacija buvo \u012fkurta 1986 m.<\/li>\n<li>  ARP nariai turi visi\u0161k\u0105 profesin\u0117s civilin\u0117s atsakomyb\u0117s, vie\u0161osios ir darbdavi\u0173 atsakomyb\u0117s draudim\u0105, kad apsaugot\u0173 klientus ir paslaug\u0173 teik\u0117jus.<\/li>\n<li>  ARP yra nusta\u010diusi elgesio taisykles, kuri\u0173 nariai privalo laikytis, \u012fskaitant taisykles, kaip elgtis su klient\u0173 pinigais ir kaip vengti klaidingos informacijos pateikimo.<\/li>\n<li>  Visi nariai, teikiantys perkraustymo paslaugas, privalo \u012frodyti, kad yra prisijung\u0119 prie Nekilnojamojo turto \u017ealos atlyginimo sistemos ir yra u\u017esiregistrav\u0119 HMRC kovos su pinig\u0173 plovimu registre, jei jie susij\u0119 su nekilnojamojo turto pirkimu.<\/li>\n<li>  ARP yra Europos perk\u0117limo specialist\u0173 akademijos (EARP), pirmosios organizacijos, si\u016blan\u010dios Europos perk\u0117limo specialist\u0173 mokymo kvalifikacij\u0105, steig\u0117ja ir r\u0117m\u0117ja.<\/li>\n<\/ul>\n<p><strong>Perkraustymo specialist\u0173 asociacijos profilis:<\/strong><\/p>\n<p>ARP yra apib\u016bdinama kaip profesin\u0117 persikraustymo \u012fmoni\u0173 organizacija Jungtin\u0117je Karalyst\u0117je ir atstovauja \u012fvairiems nariams - nuo \u012fmoni\u0173 persikraustymo specialist\u0173 iki nekilnojamojo turto ie\u0161kotoj\u0173 ir kit\u0173 asmen\u0173, teikian\u010di\u0173 specializuotas persikraustymo paslaugas. <\/p>\n<p>ARP rengia akredituotus mokymus savo nariams - kaip Europos persik\u0117limo specialist\u0173 akademijos (EARP) dalis ji si\u016blo tarptautinio mobilumo valdymo (MIM) ir Europos persik\u0117limo kvalifikacijos (ERQ) kursus. <\/p>\n<p>ARP rengia nari\u0173 katalog\u0105, kuris siun\u010diamas 6000 personalo vadov\u0173, direktori\u0173 ir HRO visoje Jungtin\u0117je Karalyst\u0117je; taip siekiama pad\u0117ti reklamuoti narius ir pad\u0117ti jiems geriau save pristatyti. <\/p>\n<p>ARP yra skirta tiek geriausios praktikos, klient\u0173 pasitenkinimo ir profesionalumo siekiui, tiek id\u0117j\u0173 main\u0173 forumui, kuris padeda i\u0161laikyti pramon\u0117s pa\u017eang\u0105.<\/p>\n<p><strong>Naryst\u0117s kriterijai:<\/strong><\/p>\n<p><u>Asocijuota naryst\u0117<\/u><\/p>\n<p>Asocijuoti ARP nariai gali b\u016bti tie, kurie neatitinka visateis\u0117s naryst\u0117s reikalavim\u0173, ir jais gali tapti \u012fmon\u0117s, kuri\u0173 komercin\u0117 veikla susijusi su priva\u010di\u0173 asmen\u0173 ar juridini\u0173 asmen\u0173 teikiamomis paslaugomis, susijusiomis su perk\u0117limu, ir kuri\u0173 pajamos gaunamos i\u0161 priva\u010di\u0173 asmen\u0173 ar juridini\u0173 asmen\u0173.<\/p>\n<p>A <a href=\"https:\/\/moverdb.com\/lt\/juda-imones\/\">perk\u0117limo \u012fmon\u0117<\/a> laikoma bet kuri organizacija, teikianti \u012fvairias paslaugas, skirtas palengvinti asmen\u0173 arba asmen\u0173 grupi\u0173 ir j\u0173 \u0161eim\u0173 mobilum\u0105.<\/p>\n<p>Tokios paslaugos gali b\u016bti teikiamos i\u0161vykimo arba paskirties zonoje, arba abiejose. Asocijuotoji naryst\u0117 ARP yra \u017eingsnis \u012f visateis\u0119 naryst\u0119, ir jums bus suteikta visokeriopa pagalba, kad j\u0105 pasiektum\u0117te.<\/p>\n<p><u>Partnerin\u0117 naryst\u0117<\/u><\/p>\n<p>\u012emon\u0117ms, teikian\u010dioms paslaugas, kuriomis naudojasi perk\u0117limo specialistai, bet kuri\u0173 pagrindin\u0117 veikla apima platesn\u012f klient\u0173 rat\u0105.<\/p>\n<p><u>Visateis\u0117 naryst\u0117<\/u><\/p>\n<p>\u012emon\u0117ms, kuriomis prekiaujama ilgiau nei dvejus metus.<\/p>\n<p>Asocijuotieji nariai turi pateikti rekomendacijas, kurios v\u0117liau patikrinamos ir pateikiamos ARP Naryst\u0117s komitetui galutiniam patikrinimui. Asocijuotieji nariai, prie\u0161 pateikdami parai\u0161k\u0105 d\u0117l visateis\u0117s naryst\u0117s, turi baigti EARP programos pirmojo lygio mokymus.<\/p>\n<p>Visateisiai nariai turi b\u016bti veikiantys daugiau nei dvejus metus ir pateikti parai\u0161k\u0105 su trij\u0173 klient\u0173 rekomendacijomis.<\/p>\n<p><strong>Pavyzdin\u0117s \u012fmon\u0117s nar\u0117s<\/strong><\/p>\n<ul>\n<li> <a href=\"https:\/\/moverdb.com\/lt\/sterlingas-persikelimas\/\">Sterlingo perk\u0117limas<\/a><\/li>\n<li> <a href=\"https:\/\/moverdb.com\/lt\/dt-judantis\/\">DT Perkraustymas<\/a><\/li>\n<li> <a href=\"https:\/\/moverdb.com\/lt\/btr-international\/\">BTR International<\/a><\/li>\n<\/ul>\n<p><strong>Nuomon\u0117s apie ARP:<\/strong><\/p>\n<p>ARP pateikiama daugelyje Jungtin\u0117s Karalyst\u0117s interneto svetaini\u0173 ir apib\u016bdinama kaip profesin\u0117 organizacija, kuri Jungtin\u0117je Karalyst\u0117je teikia persikraustymo paslaugas u\u017esienyje. <\/p>\n<p>B\u016bdamas ARP nariu, perkraustymo \u012fmon\u0117 \u012frodo, kad ji atitinka ir vir\u0161ija pripa\u017eintus pramon\u0117s standartus. Pasak <a href=\"http:\/\/www.bloomberg.com\/profiles\/companies\/1519530Z:LN-association-of-relocation-professionals\/\" target=\"_blank\" rel=\"noopener\">Bloomberg<\/a> pagrindin\u0117 ARP veikla <em>\"yra skatinti ir saugoti perkraustymo agent\u0173 versl\u0105 ir profesij\u0105.\"<\/em> Kai kurios savo interneto svetain\u0117se cituoja ARP ir pabr\u0117\u017eia, kad ji nustato geriausios praktikos, klient\u0173 aptarnavimo ir profesionalumo standartus.<\/p>\n<blockquote><p>M\u016bs\u0173 naryst\u0117 - tai \u012fsipareigojimas jums, kad esame ir jau daugiau nei 25 metus esame persikraustymo profesijos lyderiai, skatinantys geriausi\u0105 praktik\u0105 \u0161ioje srityje ir informuojantys narius apie naujausius teis\u0117s akt\u0173 pakeitimus, pradedant pinig\u0173 plovimu ir baigiant daugiabu\u010diais namais.<\/p><\/blockquote>\n<p>- <a href=\"http:\/\/scottsrelocation.co.uk\/association-of-relocation-professionals\" target=\"_blank\" rel=\"noopener\">Skoto perk\u0117limas<\/a><\/p>\n<blockquote><p>\"Source\" yra Perkraustymo profesional\u0173 asociacijos (ARP) nar\u0117.Klientai gali b\u016bti tikri, kad teikiamos paslaugos atitinka ir vir\u0161ija pripa\u017eintus pramon\u0117s standartus.<\/p><\/blockquote>\n<p>-  <a href=\"http:\/\/www.source-relocation.co.uk\/index.aspx\" target=\"_blank\" rel=\"noopener\">\u0160altinio perk\u0117limas<\/a><\/p>\n<blockquote><p>I\u0161 vis\u0173 pramon\u0117s sektori\u0173 atstov\u0173 sudaryta taryba nuo pat prad\u017ei\u0173 vadovauja Asociacijos darbui, taip u\u017etikrindama, kad Asociacija ir toliau i\u0161likt\u0173 persik\u0117limo poky\u010di\u0173 d\u0117mesio centre.<\/p>\n<p>ARP nariai turi visi\u0161k\u0105 profesin\u0117s civilin\u0117s atsakomyb\u0117s, vie\u0161osios ir darbdavi\u0173 atsakomyb\u0117s draudim\u0105, kad apsaugot\u0173 klientus ir paslaug\u0173 teik\u0117jus.<\/p>\n<p>Naryst\u0117 ARP yra geriausios praktikos, klient\u0173 pasitenkinimo ir profesionalumo \u012frodymas.<\/p><\/blockquote>\n<p>- <a href=\"http:\/\/www.relocatecambridge.co.uk\/index.php\/arp\/\" target=\"_blank\" rel=\"noopener\">Persikelti \u012f Kembrid\u017e\u0105<\/a><\/p>\n<p><strong>Interneto svetain\u0117:<\/strong> <a href=\"http:\/\/www.arp-relocation.com\/\" target=\"_blank\" rel=\"noopener\">http:\/\/www.arp-relocation.com\/<\/a><\/p>","protected":false},"excerpt":{"rendered":"<p>The Association of Relocation Professionals (ARP) is a professional body for the relocation industry in the UK. Its mission is not just to represent its members but to help them market themselves and grow too. Key facts about the ARP: The ARP is the body for relocation professionals in the UK. The Association of Relocation [&hellip;]<\/p>\n","protected":false},"author":1,"featured_media":0,"parent":0,"menu_order":0,"comment_status":"closed","ping_status":"closed","template":"","meta":{"_genesis_hide_title":false,"_genesis_hide_breadcrumbs":false,"_genesis_hide_singular_image":false,"_genesis_hide_footer_widgets":false,"_genesis_custom_body_class":"","_genesis_custom_post_class":"","_genesis_layout":"","footnotes":""},"class_list":{"0":"post-445","1":"page","2":"type-page","3":"status-publish","5":"entry"},"_links":{"self":[{"href":"https:\/\/moverdb.com\/lt\/wp-json\/wp\/v2\/pages\/445","targetHints":{"allow":["GET"]}}],"collection":[{"href":"https:\/\/moverdb.com\/lt\/wp-json\/wp\/v2\/pages"}],"about":[{"href":"https:\/\/moverdb.com\/lt\/wp-json\/wp\/v2\/types\/page"}],"author":[{"embeddable":true,"href":"https:\/\/moverdb.com\/lt\/wp-json\/wp\/v2\/users\/1"}],"replies":[{"embeddable":true,"href":"https:\/\/moverdb.com\/lt\/wp-json\/wp\/v2\/comments?post=445"}],"version-history":[{"count":7,"href":"https:\/\/moverdb.com\/lt\/wp-json\/wp\/v2\/pages\/445\/revisions"}],"predecessor-version":[{"id":6177,"href":"https:\/\/moverdb.com\/lt\/wp-json\/wp\/v2\/pages\/445\/revisions\/6177"}],"wp:attachment":[{"href":"https:\/\/moverdb.com\/lt\/wp-json\/wp\/v2\/media?parent=445"}],"curies":[{"name":"wp","href":"https:\/\/api.w.org\/{rel}","templated":true}]}}