{"id":444,"date":"2016-06-18T20:35:52","date_gmt":"2016-06-18T20:35:52","guid":{"rendered":"http:\/\/moverdb.com\/?page_id=444"},"modified":"2026-01-08T14:48:15","modified_gmt":"2026-01-08T14:48:15","slug":"eura","status":"publish","type":"page","link":"https:\/\/moverdb.com\/lt\/eura\/","title":{"rendered":"Europos persik\u0117limo asociacijos (EuRA) paai\u0161kinimai"},"content":{"rendered":"<p>Europos persik\u0117limo asociacija (EuRA) skatina profesionaliai valdom\u0173 persik\u0117limo ir mobilumo paslaug\u0173 naud\u0105 \u012fmon\u0117ms, kuri\u0173 darbuotojai yra mobil\u016bs visame pasaulyje. Jos tikslas - tapti pagrindine persik\u0117limo organizacija Europoje ir nustatyti naujovi\u0173 ir geriausios praktikos standartus.<\/p>\n<p><strong>Pagrindiniai faktai apie \"EuRA\":<\/strong><\/p>\n<ol>\n<li>  \"EuRA\" nariai yra persikraustymo paslaug\u0173 teik\u0117jai, taip pat asmenys, teikiantys susijusias paslaugas, pavyzd\u017eiui, bald\u0173 nuomos ir nam\u0173 apyvokos daikt\u0173 gabenimo paslaugas.<\/li>\n<li>  \"EuRA Global Quality Seal\" yra pirmoji pasaulyje persik\u0117limo paslaug\u0173 teik\u0117j\u0173 akreditavimo programa.<\/li>\n<li>  \"EuRA\" buvo \u012fsteigta 1998 m.<\/li>\n<li>  EuRA tikslas vis\u0173 pirma yra \u0161vie\u010diamasis - teikti EuRA nariams ir visuomenei informacij\u0105 apie \u012fmoni\u0173 judum\u0105 ir su juo susijusius klausimus.<\/li>\n<li>  \"EuRA\" turi daugiau nei 350 nari\u0173.<\/li>\n<li>  EuRA nariai yra daugiau nei 50 \u0161ali\u0173.<\/li>\n<\/ol>\n<p><strong>Europos persik\u0117limo asociacijos profilis:<\/strong><\/p>\n<p>\"EuRA\" savo nariams atlieka \u012fvairias funkcijas, \u012fskaitant mokymus ir konsultacijas bei param\u0105 perk\u0117limo specialistams. Be to, asociacija nari\u0173 vardu vykdo lobistin\u0119 veikl\u0105, siekdama poky\u010di\u0173 ir naujovi\u0173, galin\u010di\u0173 pad\u0117ti perkraustymo pramonei augti. <\/p>\n<p>Ji taip pat yra informacijos \u0161altinis, reguliariai skelbiantis i\u0161or\u0117s ir vidaus leidinius, taip pat yra tapusi ateities pramon\u0117s planavimo ir pl\u0117tros analitiniu centru. <\/p>\n<p>Vienas i\u0161 svarbiausi\u0173 EuRA tiksl\u0173 - teikti geriausios praktikos pavyzd\u017eius, tod\u0117l buvo sukurta \"EuRA Quality Global Seal\" - persikraustymo verslo atstov\u0173 akreditavimo programa. <\/p>\n<p>\"Quality Global Seal\" - tai audito sistema, skirta u\u017etikrinti, kad j\u0105 turin\u010dios \u012fmon\u0117s atitikt\u0173 tam tikrus paslaug\u0173 teikimo ir proces\u0173 valdymo standartus. J\u0105 gali gauti tikrieji, asocijuoti ir pasauliniai \"EuRA\" nariai. <\/p>\n<p>\"EuRA\" i\u0161 prad\u017ei\u0173 buvo \u012fkurta kaip atsakas \u012f did\u0117jant\u012f tarpvalstybin\u0117s pramon\u0117s organizacijos poreik\u012f Europoje ir dabar turi did\u017eiul\u0119 apr\u0117pt\u012f.<\/p>\n<p><strong>Naryst\u0117s kriterijai <\/strong><\/p>\n<p><u>Visateis\u0117 naryst\u0117<\/u><\/p>\n<p>Visateisiais Europos persik\u0117limo asociacijos nariais gali tapti \u012fmon\u0117s, kuri\u0173 komercin\u0117 veikla susijusi su priva\u010di\u0173 asmen\u0173 ar juridini\u0173 asmen\u0173 persik\u0117limo paslaug\u0173 teikimu ir kuri\u0173 pajamos gaunamos i\u0161 priva\u010di\u0173 asmen\u0173 ar juridini\u0173 asmen\u0173.<\/p>\n<p>Perkraustymo \u012fmone laikoma bet kuri organizacija, teikianti \u012fvairias paslaugas, skirtas palengvinti asmen\u0173 ar asmen\u0173 grupi\u0173 ir j\u0173 \u0161eim\u0173 mobilum\u0105. Tokios paslaugos gali b\u016bti teikiamos i\u0161vykimo arba paskirties vietov\u0117je, arba abiejose.<\/p>\n<p>Kriterijai:<\/p>\n<ul>\n<li> Prekiauti kaip <a href=\"https:\/\/moverdb.com\/lt\/relocation-agents\/\" data-internallinksmanager029f6b8e52c=\"1\" title=\"7 prie\u017eastys, kod\u0117l tur\u0117tum\u0117te naudotis perkraustymo agento paslaugomis?\">Perk\u0117limo agentas<\/a> ne trumpiau kaip dvejus metus, turi b\u016bti pateiktas \u012fmon\u0117s registracijos \u012frodymas.<\/li>\n<li> U\u017epildyti klausimyn\u0105, nurodant trij\u0173 klient\u0173, kuriems per pastaruosius 12 m\u0117nesi\u0173 buvo atlikti darbai, vardus, pavardes ir adresus. Su \u0161iais klientais \"EuRA\" susisieks d\u0117l rekomendacij\u0173.<\/li>\n<li> Pateikti visos spausdintos med\u017eiagos kopijas ir bet koki\u0105 kit\u0105 informacij\u0105, kuri gali pad\u0117ti Naryst\u0117s komitetui svarstant j\u016bs\u0173 parai\u0161k\u0105.<\/li>\n<li> pateikti \u012frodymus, kad j\u016bs ir (arba) j\u016bs\u0173 \u012fmon\u0117 yra tinkamai apdrausta (savo \u0161alyje).<\/li>\n<li> Pateikti trump\u0105 informacij\u0105 apie vis\u0173 \u012fmon\u0117s direktori\u0173 ar partneri\u0173 karjer\u0105.<\/li>\n<li> Galimyb\u0117 atvykti \u012f pokalb\u012f (savo \u0161alyje).<\/li>\n<\/ul>\n<p><u>Asocijuota naryst\u0117<\/u><\/p>\n<p>Europos persik\u0117limo asociacijos asocijuotaisiais nariais gali tapti \u012fmon\u0117s, kurios veikia trumpiau nei dvejus metus. Asocijuotoji Europos persik\u0117limo asociacijos naryst\u0117 taikoma tiems, kurie neatitinka visateis\u0117s naryst\u0117s reikalavim\u0173, ir ja gali tapti \u012fmon\u0117s, kuri\u0173 komercin\u0117 veikla susijusi su priva\u010di\u0173 asmen\u0173 ar juridini\u0173 asmen\u0173 persik\u0117limo paslaug\u0173 teikimu ir kuri\u0173 pajamos gaunamos i\u0161 priva\u010di\u0173 asmen\u0173 ar juridini\u0173 asmen\u0173.<\/p>\n<p>Kriterijai:<\/p>\n<ul>\n<li> verstis arba ketinti verstis perkraustymo agento veikla. Pasira\u0161ykite pridedam\u0105 kopij\u0105 ir gr\u0105\u017einkite kartu su parai\u0161ka.<\/li>\n<li> U\u017epildyti klausimyn\u0105 ir, jei nurodyta, nurodyti dviej\u0173 referent\u0173 (esam\u0173 EuRA, SNPRM, ARA, ABRA tikr\u0173j\u0173 nari\u0173 arba vietos pripa\u017eint\u0173 specialist\u0173, arba j\u0173 derinio) vardus, pavardes ir adresus.<\/li>\n<li> Pateikti visos spausdintos med\u017eiagos kopijas ir bet koki\u0105 kit\u0105 informacij\u0105, kuri gali pad\u0117ti Naryst\u0117s komitetui svarstant j\u016bs\u0173 parai\u0161k\u0105.<\/li>\n<li> pateikti \u012frodymus, kad j\u016bs ir (arba) j\u016bs\u0173 \u012fmon\u0117 yra tinkamai apdrausta (savo \u0161alyje).<\/li>\n<li> Pateikti trump\u0105 informacij\u0105 apie vis\u0173 \u012fmon\u0117s direktori\u0173 ar partneri\u0173 karjer\u0105<\/li>\n<\/ul>\n<p><u>Partnerin\u0117 naryst\u0117<\/u><\/p>\n<p>Partneriais \"EuRA\" gali tapti \u012fmon\u0117s, kuri\u0173 komercin\u0117 veikla yra susijusi su perk\u0117limo paslaug\u0173 teik\u0117jais ir kurios naudojasi j\u0173 paslaugomis.<\/p>\n<p>Kriterijai:<\/p>\n<ul>\n<li> Europos persik\u0117limo asociacijos tikrojo nario kandidat\u016br\u0105 \u012f asocijuotus narius.<\/li>\n<li> Jei parei\u0161k\u0117jas nepa\u017e\u012fsta n\u0117 vieno Asociacijos nario, jis vis tiek gali pateikti parai\u0161k\u0105 d\u0117l naryst\u0117s. Tokiu atveju pra\u0161ome nurodyti dviej\u0173 referent\u0173 vardus, pavardes ir adresus. Tada parai\u0161k\u0105 svarstys Asociacijos taryba.<\/li>\n<\/ul>\n<p><u>Naryst\u0117 visame pasaulyje<\/u><\/p>\n<p>Pasaulin\u0117 \"EuRA\" naryst\u0117 yra atvira \u012fmon\u0117ms, teikian\u010dioms perk\u0117limo paslaugas bet kurioje teritorijoje u\u017e kontinentin\u0117s Europos rib\u0173.<\/p>\n<p>Pasaulin\u0117 naryst\u0117 Europos persikraustymo asociacijos nariais gali tapti \u012fmon\u0117s, kuri\u0173 komercin\u0117 veikla susijusi su priva\u010di\u0173 asmen\u0173 ar juridini\u0173 asmen\u0173 persikraustymo paslaug\u0173 teikimu ir kuri\u0173 pajamos gaunamos i\u0161 priva\u010di\u0173 asmen\u0173 ar juridini\u0173 asmen\u0173.<\/p>\n<p>Perkraustymo \u012fmone laikoma bet kuri organizacija, teikianti \u012fvairias paslaugas, skirtas palengvinti asmen\u0173 ar asmen\u0173 grupi\u0173 ir j\u0173 \u0161eim\u0173 mobilum\u0105. Tokios paslaugos gali b\u016bti teikiamos i\u0161vykimo arba paskirties vietov\u0117je, arba abiejose.<\/p>\n<p>Kriterijai:<\/p>\n<ul>\n<li> Jei norite prekiauti ne trumpiau kaip dvejus metus, turite pateikti \u012frodym\u0105, kad baig\u0117te vien\u0105 komisin\u012f darb\u0105, t. y. registracijos dokument\u0105.<\/li>\n<li> U\u017epildyti klausimyn\u0105 ir nurodyti dviej\u0173 referent\u0173 (klient\u0173, kuriems per pastaruosius 12 m\u0117nesi\u0173 buvo atliktas darbas) bei vieno \"EuRA\" nario vardus, pavardes ir adresus. Su \u0161iais referentais susisieks \"EuRA\".<\/li>\n<li> Pateikti visos spausdintos med\u017eiagos kopijas ir bet koki\u0105 kit\u0105 informacij\u0105, kuri gali pad\u0117ti Naryst\u0117s komitetui svarstant j\u016bs\u0173 parai\u0161k\u0105.<\/li>\n<li> pateikti \u012frodymus, kad j\u016bs ir (arba) j\u016bs\u0173 \u012fmon\u0117 yra tinkamai apdrausta (savo \u0161alyje).<\/li>\n<li> Pateikti trump\u0105 informacij\u0105 apie vis\u0173 \u012fmon\u0117s direktori\u0173 ar partneri\u0173 karjer\u0105.<\/li>\n<li> Galimyb\u0117 atvykti \u012f pokalb\u012f (savo \u0161alyje)<\/li>\n<\/ul>\n<p><strong>Pavyzdin\u0117s \u012fmon\u0117s nar\u0117s<\/strong><\/p>\n<ul>\n<li> <a href=\"https:\/\/moverdb.com\/lt\/santa-fe-relocation\/\">Santa F\u0117 perk\u0117limo paslaugos<\/a> <\/li>\n<li> <a href=\"https:\/\/moverdb.com\/lt\/aires\/\">Aires<\/a><\/li>\n<li> <a href=\"https:\/\/moverdb.com\/lt\/sterlingas-persikelimas\/\">Sterlingo perk\u0117limas<\/a><\/li>\n<li> <a href=\"https:\/\/moverdb.com\/lt\/robinsons\/\">\"Robinsons\" perk\u0117limas<\/a><\/li>\n<li> <a href=\"https:\/\/moverdb.com\/lt\/dt-judantis\/\">DT Perkraustymas<\/a><\/li>\n<li> <a href=\"https:\/\/moverdb.com\/lt\/bournes\/\">Bournes<\/a><\/li>\n<li> <a href=\"https:\/\/moverdb.com\/lt\/btr-international\/\">BTR International<\/a><\/li>\n<li> <a href=\"https:\/\/moverdb.com\/lt\/packimpex\/\">\"Packimpex\"<\/a><\/li>\n<\/ul>\n<p><strong>Nuomon\u0117s apie \"EuRA<\/strong><\/p>\n<p>\"EuRA\" minima \u012fvairi\u0173 \u012fmoni\u0173 (pvz., perkraustymo \u012fmoni\u0173 ir aptarnaujam\u0173 but\u0173) interneto svetain\u0117se, da\u017enai parodant, kaip ta \u012fmon\u0117 gali suteikti papildomos naudos persikraustymo procesui. <\/p>\n<p>Da\u017enai pabr\u0117\u017eiama, kad asociacija veikia visame pasaulyje, taip pat tai, kad ji dalyvauja nustatant \u0161ios pramon\u0117s \u0161akos kokyb\u0117s standartus. Interneto svetain\u0117se ji apib\u016bdinama kaip \"pramon\u0117s organizacija\", turinti \u0161vie\u010diam\u0105j\u0105 dal\u012f ir elgesio kodeks\u0105, kurio privalo laikytis visi nariai.<\/p>\n<blockquote><p>\"EURA\" yra puikus partneris, padedantis siekti m\u016bs\u0173 tikslo - \u0161viesti rink\u0105 ir parodyti, kaip aptarnaujami apartamentai gali b\u016bti naudingi persikraustymo procese.<\/p><\/blockquote>\n<p>- <a href=\"http:\/\/www.chevalresidences.com\/partners-eura.html\" target=\"_blank\" rel=\"noopener\">\"Cheval Residences<\/a><\/p>\n<blockquote><p>\n\"EuRA\" vaidmuo ir pagrindiniai tikslai yra \u0161ie: gerinti ir palaikyti pramon\u0117s kokyb\u0117s standartus, propaguoti pramon\u0119 ir sudaryti s\u0105lygas nuolatiniam profesiniam nari\u0173 \u0161vietimui. Visa tai bus naudinga mobiliajam darbuotojui ir jo \u0161eimai, o kai tai \u012fvyks, naudos gausime ir mes, kaip grup\u0117.<\/p><\/blockquote>\n<p>- <a href=\"http:\/\/www.globalbusinessnews.net\/\" target=\"_blank\" rel=\"noopener\">Pasaulin\u0117s verslo naujienos<\/a><\/p>\n<blockquote><p>\n\"EuRA\" yra Europos ir pasaulio persikraustymo specialist\u0173 pramon\u0117s organizacija. Perkraustymo paslaug\u0173 teik\u0117jai privalo laikytis \"EuRA\" elgesio taisykli\u0173. <\/p><\/blockquote>\n<p>-  <a href=\"http:\/\/info.bournesmoves.com\/relocation-solutions\/blog\/relocation-moves\/bournes-removals-uk-join-eura\" target=\"_blank\" rel=\"noopener\">Bourneso pakartotiniai rinkimai<\/a><\/p>\n<p><strong>Interneto svetain\u0117:<\/strong> <a href=\"http:\/\/www.eura-relocation.com\/\" target=\"_blank\" rel=\"noopener\">http:\/\/www.eura-relocation.com\/<\/a><\/p>","protected":false},"excerpt":{"rendered":"<p>The European Relocation Association (EuRA) promotes the benefits of professionally managed relocation and mobility services to companies with globally mobile employees. Its aims include establishing itself as the premier relocation organisation in Europe and setting benchmarks for innovation and best practice. Key facts about EuRA: EuRA members include Relocation Service Providers, as well as those [&hellip;]<\/p>\n","protected":false},"author":1,"featured_media":0,"parent":0,"menu_order":0,"comment_status":"closed","ping_status":"closed","template":"","meta":{"_genesis_hide_title":false,"_genesis_hide_breadcrumbs":false,"_genesis_hide_singular_image":false,"_genesis_hide_footer_widgets":false,"_genesis_custom_body_class":"","_genesis_custom_post_class":"","_genesis_layout":"","footnotes":""},"class_list":{"0":"post-444","1":"page","2":"type-page","3":"status-publish","5":"entry"},"_links":{"self":[{"href":"https:\/\/moverdb.com\/lt\/wp-json\/wp\/v2\/pages\/444","targetHints":{"allow":["GET"]}}],"collection":[{"href":"https:\/\/moverdb.com\/lt\/wp-json\/wp\/v2\/pages"}],"about":[{"href":"https:\/\/moverdb.com\/lt\/wp-json\/wp\/v2\/types\/page"}],"author":[{"embeddable":true,"href":"https:\/\/moverdb.com\/lt\/wp-json\/wp\/v2\/users\/1"}],"replies":[{"embeddable":true,"href":"https:\/\/moverdb.com\/lt\/wp-json\/wp\/v2\/comments?post=444"}],"version-history":[{"count":17,"href":"https:\/\/moverdb.com\/lt\/wp-json\/wp\/v2\/pages\/444\/revisions"}],"predecessor-version":[{"id":6204,"href":"https:\/\/moverdb.com\/lt\/wp-json\/wp\/v2\/pages\/444\/revisions\/6204"}],"wp:attachment":[{"href":"https:\/\/moverdb.com\/lt\/wp-json\/wp\/v2\/media?parent=444"}],"curies":[{"name":"wp","href":"https:\/\/api.w.org\/{rel}","templated":true}]}}