{"id":443,"date":"2016-06-18T21:12:56","date_gmt":"2016-06-18T21:12:56","guid":{"rendered":"http:\/\/moverdb.com\/?page_id=443"},"modified":"2026-01-08T13:18:29","modified_gmt":"2026-01-08T13:18:29","slug":"harmony-relocation-network","status":"publish","type":"page","link":"https:\/\/moverdb.com\/lt\/harmony-relocation-network\/","title":{"rendered":"Paai\u0161kinta apie \"Harmony Relocation Network\" (HRN)"},"content":{"rendered":"<p>\"Harmony Relocation Network\" (HRN) - tai \u012fmoni\u0173 partneri\u0173 grup\u0117, sukurta siekiant sukurti visos Europos pasaulin\u012f perk\u0117limo tinkl\u0105. Infrastrukt\u016bros, technologij\u0173, kokyb\u0117s ir tvarumo integracija skirta u\u017etikrinti nuolatin\u0119 auk\u0161t\u0105 paslaug\u0173 kokyb\u0119.<\/p>\n<p><strong>Svarbiausi faktai apie HRH:<\/strong><\/p>\n<ol>\n<li>  Organizacijai priklauso 140 nari\u0173 i\u0161 60 \u0161ali\u0173.<\/li>\n<li>  HRN aptarnauja 180 \u0161ali\u0173 6 \u017eemynuose.<\/li>\n<li>  \"HRN\" veikl\u0105 prad\u0117jo 1992 m., o visi 140 nari\u0173 yra verslo bendrasavininkai.<\/li>\n<li>  HRN \u012fk\u016br\u0117 Vokietijos ir Olandijos bendrov\u0117s, o v\u0117liau i\u0161sipl\u0117t\u0117 \u012f <a href=\"https:\/\/moverdb.com\/lt\/moving-to-australia\/living-in-australia\/\" data-internallinksmanager029f6b8e52c=\"240\" title=\"21 paslap\u010di\u0173 apie gyvenim\u0105 Australijoje, kurias reikia \u017einoti prie\u0161 persikeliant\">Australija<\/a> ir Azijoje, po to Artimuosiuose Rytuose, Lotyn\u0173 Amerikoje ir Afrikoje.<\/li>\n<li>  2002-2015 m. HRN buvo \"UniGroup Worldwide UTS\" dalis su <a href=\"https:\/\/moverdb.com\/lt\/moving-to-the-united-states\/\" data-internallinksmanager029f6b8e52c=\"94\" title=\"Persik\u0117limas \u012f Jungtines Amerikos Valstijas? 2022 Gyvenimo i\u0161laidos ir persik\u0117limo patarimai\">JAV<\/a> \u012fsik\u016brusi \"Van Line\".<\/li>\n<li>  HRN yra did\u017eiausias pasaulinis persikraustymo \u012fmoni\u0173 tinklas, turintis bendr\u0105 prek\u0117s \u017eenkl\u0105.<\/li>\n<\/ol>\n<p><strong>\"Harmony Relocation Network\" profilis:<\/strong><\/p>\n<p>HRN id\u0117ja - sujungti geriausius vietos paveldo privalumus su pasauliniu mastu, teikiant \u012fmon\u0117ms ir privatiems asmenims persik\u0117limo paslaugas, kurios yra vietin\u0117s, bet pasiekiamos visame pasaulyje. <\/p>\n<p>Si\u016blomos \u0161ios paslaugos: perkraustymo valdymo paslaugos, perkraustymo operacijos ir paskirties vietos paslaugos. HRN suk\u016br\u0117 savo tinklo \u017einiatinklio IT sistem\u0105, kuri sukurta siekiant nuolat informuoti klientus ir u\u017etikrinti, kad procesas b\u016bt\u0173 kuo i\u0161samesnis ir nuoseklesnis - joje yra ataskait\u0173 teikimo ir steb\u0117jimo galimyb\u0117s. <\/p>\n<p>HRN svarbu integruoti ekonomin\u012f, aplinkosaugin\u012f ir socialin\u012f tvarum\u0105, nes tai yra vienas i\u0161 pagrindini\u0173 rams\u010di\u0173, padedan\u010di\u0173 suderinti \u017emones, technologijas ir aplink\u0105.<\/p>\n<p><strong>Naryst\u0117s kriterijai <\/strong><\/p>\n<p>Svetain\u0117je nepateikiami jokie naryst\u0117s kriterijai - yra tik kontaktinis puslapis.<\/p>\n<p><strong>Pavyzdin\u0117s \u012fmon\u0117s nar\u0117s<\/strong><\/p>\n<ul>\n<li> <a href=\"https:\/\/moverdb.com\/lt\/bournes\/\">Bournes<\/a><\/li>\n<li> <a href=\"https:\/\/moverdb.com\/lt\/cadogan-tate\/\">Cadogan Tate<\/a><\/li>\n<li> <a href=\"https:\/\/moverdb.com\/lt\/gerson-relocation\/\">Gersono perk\u0117limas<\/a><\/li>\n<li> <a href=\"https:\/\/moverdb.com\/lt\/pearson\/\">Pearson Home Perkraustymas<\/a><\/li>\n<\/ul>\n<p><strong>Nuomon\u0117s apie HRN<\/strong><\/p>\n<p>HRN yra daugelyje jud\u0117jimo tinklalapi\u0173, kuriuose ji minima kaip organizacija, turinti <em>\"naujas vardas, bet \u012frodyta patirtis.\"<\/em> Stiprios \u0161eimos vertyb\u0117s ir visuotinis po\u017ei\u016bris \u012f bendradarbiavim\u0105 atsiskleid\u017eia kiekvien\u0105 kart\u0105. <\/p>\n<p>Atrodo, kad visuotinai sutariama, jog persikraustymas \u012f HRN priklausan\u010di\u0105 perkraustymo \u012fmon\u0119 suteikia klientui galimyb\u0119 naudotis viso tinklo privalumais. Pabr\u0117\u017eiama, kad tinklo nariai privalo laikytis visuotinio paslaug\u0173 lygio susitarimo, o to rezultatas - nuoseklumas. <em>\"nors papro\u010diai ir kult\u016bra gali skirtis priklausomai nuo \u0161alies, auk\u0161ta paslaug\u0173 kokyb\u0117, kurios galite tik\u0117tis, nesiskiria. Visame pasaulyje - tos pa\u010dios proced\u016bros, paslaugos ir auk\u0161ta kokyb\u0117.\"<\/em> <\/p>\n<p>Be to, kai kurie savo interneto svetain\u0117se nurodantys naryst\u0119 akcentuoja tinklo dyd\u012f ir tai, kad jis yra vienas did\u017eiausi\u0173 tokio pob\u016bd\u017eio tinkl\u0173 pasaulyje.<\/p>\n<blockquote><p>\"Harmony\" yra pasaulinis vietini\u0173 perkraustymo \u012fmoni\u0173 tinklas, puosel\u0117jantis tvirtas \u0161eimos vertybes, kurias puosel\u0117ja i\u0161 kartos \u012f kart\u0105.<\/p><\/blockquote>\n<p>- <a href=\"http:\/\/www.abels.co.uk\/harmony-relocation-network\/\" target=\"_blank\" rel=\"noopener\">Abels<\/a><\/p>\n<blockquote><p>\"Harmony\" sujungia geriausius vietos paveldo ir pasaulinio masto pasiekimus, tod\u0117l imam\u0117s papildom\u0173 priemoni\u0173 ir vykdome savo pa\u017eadus. Mums i\u0161 ties\u0173 labai svarbu, kad \u017emon\u0117s ir vietos gyventojai b\u016bt\u0173 svarb\u016bs.<\/p><\/blockquote>\n<p>- <a href=\"https:\/\/theresforum.com\/partners\/harmony\/\" target=\"_blank\" rel=\"noopener\">RES forumas<\/a><\/p>\n<blockquote><p>Tinklas teikia \u012fvairias i\u0161ankstinio siuntimo, transportavimo ir kelion\u0117s tikslo paslaugas, kad pad\u0117t\u0173 privatiems asmenims, personalo vadovams ir komandiruojamiems asmenims organizuoti kelion\u0119 nuo prad\u017eios iki galo.<\/p><\/blockquote>\n<p>- <a href=\"http:\/\/bournesmoves.com\/relocation\/harmony-relocation-network.htm\" target=\"_blank\" rel=\"noopener\">Bournes<\/a> <\/p>\n<p><a href=\"http:\/\/www.harmonyrelo.com\/\" target=\"_blank\" rel=\"noopener\">http:\/\/www.harmonyrelo.com\/<\/a><\/p>","protected":false},"excerpt":{"rendered":"<p>The Harmony Relocation Network (HRN) is a group of partner companies that was created to build a pan-European network for global relocation. Integration of infrastructure, technology, quality and sustainability is designed to produce a consistently high quality service. Key facts about HRH: The membership is made up of 140 members in 60 countries. The HRN [&hellip;]<\/p>\n","protected":false},"author":1,"featured_media":0,"parent":0,"menu_order":0,"comment_status":"closed","ping_status":"closed","template":"","meta":{"_genesis_hide_title":false,"_genesis_hide_breadcrumbs":false,"_genesis_hide_singular_image":false,"_genesis_hide_footer_widgets":false,"_genesis_custom_body_class":"","_genesis_custom_post_class":"","_genesis_layout":"","footnotes":""},"class_list":{"0":"post-443","1":"page","2":"type-page","3":"status-publish","5":"entry"},"_links":{"self":[{"href":"https:\/\/moverdb.com\/lt\/wp-json\/wp\/v2\/pages\/443","targetHints":{"allow":["GET"]}}],"collection":[{"href":"https:\/\/moverdb.com\/lt\/wp-json\/wp\/v2\/pages"}],"about":[{"href":"https:\/\/moverdb.com\/lt\/wp-json\/wp\/v2\/types\/page"}],"author":[{"embeddable":true,"href":"https:\/\/moverdb.com\/lt\/wp-json\/wp\/v2\/users\/1"}],"replies":[{"embeddable":true,"href":"https:\/\/moverdb.com\/lt\/wp-json\/wp\/v2\/comments?post=443"}],"version-history":[{"count":6,"href":"https:\/\/moverdb.com\/lt\/wp-json\/wp\/v2\/pages\/443\/revisions"}],"predecessor-version":[{"id":6219,"href":"https:\/\/moverdb.com\/lt\/wp-json\/wp\/v2\/pages\/443\/revisions\/6219"}],"wp:attachment":[{"href":"https:\/\/moverdb.com\/lt\/wp-json\/wp\/v2\/media?parent=443"}],"curies":[{"name":"wp","href":"https:\/\/api.w.org\/{rel}","templated":true}]}}