{"id":442,"date":"2016-06-12T20:08:54","date_gmt":"2016-06-12T20:08:54","guid":{"rendered":"http:\/\/moverdb.com\/?page_id=442"},"modified":"2026-01-08T14:48:14","modified_gmt":"2026-01-08T14:48:14","slug":"euromovers","status":"publish","type":"page","link":"https:\/\/moverdb.com\/lt\/euromovers\/","title":{"rendered":"Paai\u0161kinta Europos perve\u017e\u0117j\u0173 partneryst\u0117 (EUROMOVERS International)"},"content":{"rendered":"<p>\"Euromovers\" yra \u012fsik\u016brusi <a href=\"https:\/\/moverdb.com\/lt\/moving-to-luxembourg\/\" data-internallinksmanager029f6b8e52c=\"349\" title=\"Persik\u0117limas \u012f Liuksemburg\u0105? 2023 Gyvenimo i\u0161laidos ir persik\u0117limo patarimai\">Liuksemburgas<\/a> ir j\u0105 sudaro kelios pirmaujan\u010dios <a href=\"https:\/\/moverdb.com\/lt\/juda-imones\/\">tarptautin\u0117s perkraustymo \u012fmon\u0117s<\/a> kurie suk\u016br\u0117 tinkl\u0105 pagal bendrus standartus, vizij\u0105 ir krypt\u012f. <\/p>\n<p>Grup\u0117 si\u016blo persikraustymo paslaugas, kurios geriau teikiamos d\u0117l jos sujungt\u0173 \u012fmoni\u0173 tinklo.<\/p>\n<p><strong>Pagrindiniai faktai apie \"Euromovers\":<\/strong><\/p>\n<ol>\n<li>  \"Euromovers\" yra daugiau nei 70 perkraustymo \u012fmoni\u0173 tinklas.<\/li>\n<li>  Organizacijos nar\u0117s yra i\u0161 \u012fvairi\u0173 \u0161ali\u0173, \u012fskaitant <a href=\"https:\/\/moverdb.com\/lt\/moving-to-austria\/\" data-internallinksmanager029f6b8e52c=\"343\" title=\"Persik\u0117limas \u012f Austrij\u0105? 2023 Gyvenimo i\u0161laidos ir persik\u0117limo patarimai\">Austrija<\/a>, <a href=\"https:\/\/moverdb.com\/lt\/moving-to-belgium\/\" data-internallinksmanager029f6b8e52c=\"323\" title=\"Persik\u0117limas \u012f Belgij\u0105? 2023 Gyvenimo i\u0161laidos ir persik\u0117limo patarimai\">Belgija<\/a>, <a href=\"https:\/\/moverdb.com\/lt\/moving-to-the-czech-republic\/\" data-internallinksmanager029f6b8e52c=\"391\" title=\"Persik\u0117limas \u012f \u010cekij\u0105? 2024 Pragyvenimo i\u0161laidos ir persik\u0117limo patarimai\">\u010cekija<\/a>, <a href=\"https:\/\/moverdb.com\/lt\/moving-to-denmark\/\" data-internallinksmanager029f6b8e52c=\"335\" title=\"Persik\u0117limas \u012f Danij\u0105? 2023 Gyvenimo i\u0161laidos ir persik\u0117limo patarimai\">Danija<\/a>, <a href=\"https:\/\/moverdb.com\/lt\/moving-to-finland\/\" data-internallinksmanager029f6b8e52c=\"345\" title=\"Persik\u0117limas \u012f Suomij\u0105? 2023 m. pragyvenimo i\u0161laidos ir persik\u0117limo patarimai\">Suomija<\/a>, <a href=\"https:\/\/moverdb.com\/lt\/moving-to-france\/\" data-internallinksmanager029f6b8e52c=\"315\" title=\"Persik\u0117limas \u012f Pranc\u016bzij\u0105? 2023 Gyvenimo i\u0161laidos ir persik\u0117limo patarimai\">Pranc\u016bzija<\/a>, <a href=\"https:\/\/moverdb.com\/lt\/moving-to-germany\/\" data-internallinksmanager029f6b8e52c=\"321\" title=\"Persik\u0117limas \u012f Vokietij\u0105? 2023 m. pragyvenimo i\u0161laidos ir persik\u0117limo patarimai\">Vokietija<\/a>, <a href=\"https:\/\/moverdb.com\/lt\/moving-to-greece\/\" data-internallinksmanager029f6b8e52c=\"353\" title=\"Persik\u0117limas \u012f Graikij\u0105? 2023 Gyvenimo i\u0161laidos ir persik\u0117limo patarimai\">Graikija<\/a>, <a href=\"https:\/\/moverdb.com\/lt\/moving-to-italy\/\" data-internallinksmanager029f6b8e52c=\"346\" title=\"Persik\u0117limas \u012f Italij\u0105? 2023 m. pragyvenimo i\u0161laidos ir persik\u0117limo patarimai\">Italija<\/a>, Liuksemburgas, <a href=\"https:\/\/moverdb.com\/lt\/moving-to-the-netherlands\/\" data-internallinksmanager029f6b8e52c=\"328\" title=\"Persik\u0117limas \u012f Nyderlandus? 2023 Gyvenimo i\u0161laidos ir persik\u0117limo patarimai\">Nyderlandai<\/a>, <a href=\"https:\/\/moverdb.com\/lt\/moving-to-slovakia\/\" data-internallinksmanager029f6b8e52c=\"338\" title=\"Persik\u0117limas \u012f Slovakij\u0105? 2023 Gyvenimo i\u0161laidos ir persikraustymo patarimai\">Slovakija<\/a>, <a href=\"https:\/\/moverdb.com\/lt\/moving-to-spain\/\" data-internallinksmanager029f6b8e52c=\"266\" title=\"Persik\u0117limas \u012f Ispanij\u0105? 2023 m. pragyvenimo i\u0161laidos ir persik\u0117limo patarimai\">Ispanija<\/a>, <a href=\"https:\/\/moverdb.com\/lt\/moving-to-switzerland\/\" data-internallinksmanager029f6b8e52c=\"327\" title=\"Persik\u0117limas \u012f \u0160veicarij\u0105? 2023 Gyvenimo i\u0161laidos ir persik\u0117limo patarimai\">\u0160veicarija<\/a> ir <a href=\"https:\/\/moverdb.com\/lt\/tarptautiniai-perkraustymai\/\">Jungtin\u0117 Karalyst\u0117<\/a>, o u\u017e Europos rib\u0173 - <a href=\"https:\/\/moverdb.com\/lt\/moving-to-the-united-states\/\" data-internallinksmanager029f6b8e52c=\"94\" title=\"Persik\u0117limas \u012f Jungtines Amerikos Valstijas? 2022 Gyvenimo i\u0161laidos ir persik\u0117limo patarimai\">Jungtin\u0117s Amerikos Valstijos<\/a>, <a href=\"https:\/\/moverdb.com\/lt\/moving-to-australia\/living-in-australia\/\" data-internallinksmanager029f6b8e52c=\"240\" title=\"21 paslap\u010di\u0173 apie gyvenim\u0105 Australijoje, kurias reikia \u017einoti prie\u0161 persikeliant\">Australija<\/a>, Rusijos Federacija ir <a href=\"https:\/\/moverdb.com\/lt\/moving-to-china\/\" data-internallinksmanager029f6b8e52c=\"357\" title=\"Persik\u0117limas \u012f Kinij\u0105? 2023 m. pragyvenimo i\u0161laidos ir persik\u0117limo patarimai\">Kinija<\/a>.<\/li>\n<li>  \"Euromovers\" teikia perkraustymo paslaugas, ji n\u0117ra prekybos asociacija.<\/li>\n<li>  Kiekvienas asocijuotas \"Euromovers\" tinklo partneris dalyvauja periodiniuose audituose ir per\u017ei\u016brose, kad b\u016bt\u0173 u\u017etikrinta atitiktis nustatytiems standartams.<\/li>\n<li>  \"Euromovers\" yra nar\u0117, jei <a href=\"https:\/\/moverdb.com\/lt\/esu\/\">Tarptautin\u0117 perkraustytoj\u0173 asociacija<\/a> ir turi kokyb\u0117s sertifikatus ISO 9001 (kokyb\u0117s vadybos paslaugos), ISO 14001 (aplinkosaugos vadybos sistemos), ISO 27001 (informacijos saugumo sistemos).<\/li>\n<\/ol>\n<p><strong>Europos judriojo ry\u0161io partneri\u0173 profilis:<\/strong><\/p>\n<p>\"Euromovers\" si\u016blo <a href=\"https:\/\/moverdb.com\/lt\/tarptautiniai-perkraustymai\/\">Perkraustymai Europoje ir u\u017esienyje<\/a> per savo 70 nari\u0173, kurie yra i\u0161sibarst\u0119 po Europos \u0161alis ir platesnes vietoves, pavyzd\u017eiui, Kinij\u0105 ir Rusij\u0105. <\/p>\n<p>Ji teikia \u012fmoni\u0173 ir asmen\u0173 perkraustymo nuo dur\u0173 iki dur\u0173 paslaugas, sand\u0117liavimo sprendimus, \u012fmoni\u0173 sprendimus ir vaizduojamojo meno siunt\u0173 gabenimo paslaugas. Abipus\u0117 partneryst\u0117, kuria grind\u017eiama \"Euromovers\", padeda \u012fmonei \u012fgyvendinti integruoto perkraustymo \u012f bet kuri\u0105 pasaulio viet\u0105 vizij\u0105.<\/p>\n<p><strong>Naryst\u0117s kriterijai:<\/strong><\/p>\n<p>Internete nepateikiama jokios informacijos apie naryst\u0117s kriterijus.<\/p>\n<p><strong>Pavyzdin\u0117s \u012fmon\u0117s nar\u0117s<\/strong><\/p>\n<ul>\n<li> <a href=\"https:\/\/moverdb.com\/lt\/atlas-van-lines-international\/\">\"Atlas Van Lines<\/a><\/li>\n<\/ul>\n<p><strong>Nuomon\u0117s apie Europos jud\u0117jimo partneryst\u0119<\/strong><\/p>\n<p>Atrodo, kad \"European Mover Partnership\", i\u0161skyrus savo interneto svetain\u0119, niekur kitur internete neminima. Yra dar viena pana\u0161aus pavadinimo organizacija - \"Euro Movers International LLC\", \u012fsik\u016brusi <a href=\"https:\/\/moverdb.com\/lt\/moving-to-dubai\/\" data-internallinksmanager029f6b8e52c=\"246\" title=\"Persik\u0117limas \u012f Dubaj\u0173? 2023 m. Gyvenimo i\u0161laidos ir persik\u0117limo patarimai\">Dubajus<\/a>, bet n\u0117ra grup\u0117s narys. <\/p>\n<p>Dubajaus \"Euromovers\" gauna <a href=\"http:\/\/www.complaintsboard.com\/complaints\/euro-movers-dubai-c431198.html\" target=\"_blank\" rel=\"noopener\">labai neigiami atsiliepimai<\/a>.<\/p>\n<p><strong>Interneto svetain\u0117:<\/strong> <a href=\"http:\/\/www.euromovers.com\/\" target=\"_blank\" rel=\"noopener\">http:\/\/www.euromovers.com\/<\/a><\/p>","protected":false},"excerpt":{"rendered":"<p>Euromovers is based in Luxembourg and is made up of a number of leading international moving companies who have formed a network on the basis of shared standards, vision and direction. The group offers moving services that are better provided because of its network of connected companies. Key facts about Euromovers: Euromovers is a network [&hellip;]<\/p>\n","protected":false},"author":1,"featured_media":0,"parent":0,"menu_order":0,"comment_status":"closed","ping_status":"closed","template":"","meta":{"_genesis_hide_title":false,"_genesis_hide_breadcrumbs":false,"_genesis_hide_singular_image":false,"_genesis_hide_footer_widgets":false,"_genesis_custom_body_class":"","_genesis_custom_post_class":"","_genesis_layout":"","footnotes":""},"class_list":{"0":"post-442","1":"page","2":"type-page","3":"status-publish","5":"entry"},"_links":{"self":[{"href":"https:\/\/moverdb.com\/lt\/wp-json\/wp\/v2\/pages\/442","targetHints":{"allow":["GET"]}}],"collection":[{"href":"https:\/\/moverdb.com\/lt\/wp-json\/wp\/v2\/pages"}],"about":[{"href":"https:\/\/moverdb.com\/lt\/wp-json\/wp\/v2\/types\/page"}],"author":[{"embeddable":true,"href":"https:\/\/moverdb.com\/lt\/wp-json\/wp\/v2\/users\/1"}],"replies":[{"embeddable":true,"href":"https:\/\/moverdb.com\/lt\/wp-json\/wp\/v2\/comments?post=442"}],"version-history":[{"count":5,"href":"https:\/\/moverdb.com\/lt\/wp-json\/wp\/v2\/pages\/442\/revisions"}],"predecessor-version":[{"id":6203,"href":"https:\/\/moverdb.com\/lt\/wp-json\/wp\/v2\/pages\/442\/revisions\/6203"}],"wp:attachment":[{"href":"https:\/\/moverdb.com\/lt\/wp-json\/wp\/v2\/media?parent=442"}],"curies":[{"name":"wp","href":"https:\/\/api.w.org\/{rel}","templated":true}]}}