{"id":441,"date":"2016-06-18T21:28:02","date_gmt":"2016-06-18T21:28:02","guid":{"rendered":"http:\/\/moverdb.com\/?page_id=441"},"modified":"2026-01-08T15:30:43","modified_gmt":"2026-01-08T15:30:43","slug":"darbuotoju-perkelimo-taryba","status":"publish","type":"page","link":"https:\/\/moverdb.com\/lt\/employee-relocation-council\/","title":{"rendered":"Pasaulin\u0117s darbuotoj\u0173 perk\u0117limo tarybos (ERC) paai\u0161kinimai"},"content":{"rendered":"<p>Pasaulin\u0117 darbuotoj\u0173 perk\u0117limo taryba (ERC) save apib\u016bdina kaip darbo j\u0117gos judumo asociacij\u0105, skirt\u0105 specialistams, pri\u017ei\u016brintiems, valdantiems ar remiantiems JAV vidaus ir tarptautin\u012f darbuotoj\u0173 perk\u0117lim\u0105. <\/p>\n<p>Jos tikslas - pad\u0117ti nariams, atstovaujantiems \u012fvairias profesijas, \u012fskaitant \u017emogi\u0161kuosius i\u0161teklius, nekilnojam\u0105j\u012f turt\u0105 ir kariuomen\u0119, spr\u0119sti darbo j\u0117gos judumo problemas.<\/p>\n<p><strong>Pagrindiniai faktai apie EMTT:<\/strong><\/p>\n<ol>\n<li>  ERC nariai yra \u012fvairi\u0173 profesij\u0173 atstovai, \u012fskaitant \u017emogi\u0161k\u0173j\u0173 i\u0161tekli\u0173, \u012fdarbinimo, vyriausyb\u0117s, kariuomen\u0117s, nekilnojamojo turto, finansini\u0173 paslaug\u0173, perkraustymo, konsultavimo ir konsultavimo sri\u010di\u0173 atstovus.<\/li>\n<li>  ERC kompetencija apima perk\u0117limo specialist\u0173 klausimus ir valdymo praktik\u0105 <a href=\"https:\/\/moverdb.com\/lt\/moving-to-the-united-states\/\" data-internallinksmanager029f6b8e52c=\"94\" title=\"Persik\u0117limas \u012f Jungtines Amerikos Valstijas? 2022 Gyvenimo i\u0161laidos ir persik\u0117limo patarimai\">Jungtin\u0117s Amerikos Valstijos<\/a> ir tarp vis\u0173 kit\u0173 \u0161ali\u0173.<\/li>\n<li>  EMTT b\u016bstin\u0117 yra <a href=\"https:\/\/moverdb.com\/lt\/persikelimas-i-vasingtona-dk\/\">Va\u0161ingtonas, DC,<\/a> su Europos biuru Briuselyje, <a href=\"https:\/\/moverdb.com\/lt\/moving-to-belgium\/\" data-internallinksmanager029f6b8e52c=\"323\" title=\"Persik\u0117limas \u012f Belgij\u0105? 2023 Gyvenimo i\u0161laidos ir persik\u0117limo patarimai\">Belgija<\/a>.<\/li>\n<li>  ERC suteikia tokias akreditacijas kaip \"Certified Relocation Professional\" ir \"Global Mobility Specialist\".<\/li>\n<li>  Yra \u012fvairi\u0173 skirting\u0173 naryst\u0117s kategorij\u0173, \u012fskaitant \u012fmoni\u0173 naryst\u0119 (daugiausia vidaus specialistai), mobilumo paslaug\u0173 naryst\u0119 (darbo j\u0117gos mobilumo \u012fmon\u0117ms), asmenin\u0119\/profesin\u0119 (PERC\u2122) naryst\u0119 (ie\u0161kantiems informacijos, pvz., mokslininkams ir darbo ie\u0161kantiems asmenims), perk\u0117limo vertintojo, nekilnojamojo turto brokerio ir perk\u0117limo valdymo \u012fmon\u0117s naryst\u0119.<\/li>\n<li>  2005 m. ERC tur\u0117jo daugiau kaip 12 000 nari\u0173 (naujausi turimi statistiniai duomenys).<\/li>\n<\/ol>\n<p><strong>Pasaulin\u0117s darbuotoj\u0173 perk\u0117limo tarybos profilis:<\/strong><\/p>\n<p>ERC atlieka daugyb\u0119 funkcij\u0173, \u012fskaitant lobistin\u0119 veikl\u0105 nari\u0173 vardu, mokym\u0105 ir \u0161vietim\u0105, taip pat galimybes u\u017emegzti ry\u0161ius. Ji taip pat padeda pl\u0117toti pramon\u0117s standartizacij\u0105 ir siekti sutarimo, tobulinti nauj\u0105 darbo praktik\u0105 ir e. sprendimus. <\/p>\n<p>ERC ne tik veikia savo nario vardu ir kartu su juo, bet ir renka \u012fvairius duomenis, \u012fskaitant ir miest\u0173 tinkamumo naujai persik\u0117lusioms \u0161eimoms analiz\u0119. ERC tapo autoritetinga darbo j\u0117gos judumo srityje.<\/p>\n<p><strong>Naryst\u0117s kriterijai:<\/strong><\/p>\n<p>Naryst\u0117s kriterijai svetain\u0117je nenurodyti.<\/p>\n<p><strong>Pasaulio ERC nari\u0173 s\u0105ra\u0161as <a href=\"https:\/\/moverdb.com\/lt\/moving-companies\/\" data-internallinksmanager029f6b8e52c=\"79\" title=\"Top 25 Tarptautin\u0117s perkraustymo \u012fmon\u0117s internete\">Perkraustymo \u012fmon\u0117s<\/a><\/strong><\/p>\n<ul>\n<li> <a href=\"https:\/\/moverdb.com\/lt\/aires\/\">Aires<\/a><\/li>\n<li> <a href=\"https:\/\/moverdb.com\/lt\/armstrong-relocation\/\">Armstrongo perk\u0117limas<\/a><\/li>\n<li> <a href=\"https:\/\/moverdb.com\/lt\/arpin-international\/\">\"Arpin International<\/a><\/li>\n<li> <a href=\"https:\/\/moverdb.com\/lt\/atlas-van-lines-international\/\">\"Atlas Van Lines<\/a><\/li>\n<li> <a href=\"https:\/\/moverdb.com\/lt\/santa-fe-relocation\/\">Santa F\u0117 perk\u0117limo paslaugos<\/a><\/li>\n<li> <a href=\"https:\/\/moverdb.com\/lt\/sterlingas-persikelimas\/\">Sterlingo perk\u0117limas<\/a><\/li>\n<li> <a href=\"https:\/\/moverdb.com\/lt\/arpin-van-lines\/\">\"Arpin Van Lines<\/a><\/li>\n<li> <a href=\"https:\/\/moverdb.com\/lt\/suddath\/\">Suddath<\/a><\/li>\n<li> <a href=\"https:\/\/moverdb.com\/lt\/dt-judantis\/\">DT Perkraustymas<\/a><\/li>\n<li> <a href=\"https:\/\/moverdb.com\/lt\/btr-international\/\">BTR International<\/a><\/li>\n<p><a href=\"https:\/\/moverdb.com\/lt\/packimpex\/\">\"Packimpex\"<\/a>\n<\/ul>\n<p><strong>Nuomon\u0117s apie EMTT<\/strong><\/p>\n<p>ERC nepateikiama daugelyje interneto svetaini\u0173. Ten, kur ji minima, da\u017eniausiai kalbama apie su ja susijusias organizacijas, pavyzd\u017eiui, Did\u017ei\u0173j\u0173 e\u017eer\u0173 perk\u0117limo taryb\u0105.<\/p>\n<blockquote><p>Siekdami patenkinti persik\u0117limo rinkos poreikius ir pad\u0117ti darbuotojams skland\u017eiai prad\u0117ti nauj\u0105 gyvenimo laikotarp\u012f, 1964 m. \u0161e\u0161i asmenys \u012fk\u016br\u0117 Pasaulin\u0117s darbuotoj\u0173 persik\u0117limo tarybos (ERC) pirmtak\u0119. <a href=\"https:\/\/moverdb.com\/lt\/persikelimas-i-cikaga\/\">\u010cikaga<\/a>.<\/p><\/blockquote>\n<p>- <a href=\"http:\/\/start-up-services.de\/en\/company-profile-relocation-service\/relocation-associations\/worldwide-employee-relocation-council\/\" target=\"_blank\" rel=\"noopener\">Prad\u017eios paslaugos<\/a><\/p>\n<p><strong>Interneto svetain\u0117:<\/strong> <a href=\"http:\/\/www.worldwideerc.org\/Pages\/index.aspx\" target=\"_blank\" rel=\"noopener\">http:\/\/www.worldwideerc.org\/Pages\/index.aspx<\/a><\/p>","protected":false},"excerpt":{"rendered":"<p>The Worldwide Employee Relocation Council (ERC) describes itself as the workforce mobility association for professionals who oversee, manage, or support U.S. domestic and international employee transfer. Its purpose is to help members &#8211; who come from a range of professions, including HR, real estate and military &#8211; to deal with the challenges of workforce mobility. [&hellip;]<\/p>\n","protected":false},"author":1,"featured_media":0,"parent":0,"menu_order":0,"comment_status":"closed","ping_status":"closed","template":"","meta":{"_genesis_hide_title":false,"_genesis_hide_breadcrumbs":false,"_genesis_hide_singular_image":false,"_genesis_hide_footer_widgets":false,"_genesis_custom_body_class":"","_genesis_custom_post_class":"","_genesis_layout":"","footnotes":""},"class_list":{"0":"post-441","1":"page","2":"type-page","3":"status-publish","5":"entry"},"_links":{"self":[{"href":"https:\/\/moverdb.com\/lt\/wp-json\/wp\/v2\/pages\/441","targetHints":{"allow":["GET"]}}],"collection":[{"href":"https:\/\/moverdb.com\/lt\/wp-json\/wp\/v2\/pages"}],"about":[{"href":"https:\/\/moverdb.com\/lt\/wp-json\/wp\/v2\/types\/page"}],"author":[{"embeddable":true,"href":"https:\/\/moverdb.com\/lt\/wp-json\/wp\/v2\/users\/1"}],"replies":[{"embeddable":true,"href":"https:\/\/moverdb.com\/lt\/wp-json\/wp\/v2\/comments?post=441"}],"version-history":[{"count":15,"href":"https:\/\/moverdb.com\/lt\/wp-json\/wp\/v2\/pages\/441\/revisions"}],"predecessor-version":[{"id":6255,"href":"https:\/\/moverdb.com\/lt\/wp-json\/wp\/v2\/pages\/441\/revisions\/6255"}],"wp:attachment":[{"href":"https:\/\/moverdb.com\/lt\/wp-json\/wp\/v2\/media?parent=441"}],"curies":[{"name":"wp","href":"https:\/\/api.w.org\/{rel}","templated":true}]}}