{"id":440,"date":"2016-06-12T19:59:07","date_gmt":"2016-06-12T19:59:07","guid":{"rendered":"http:\/\/moverdb.com\/?page_id=440"},"modified":"2026-01-08T13:19:01","modified_gmt":"2026-01-08T13:19:01","slug":"iata","status":"publish","type":"page","link":"https:\/\/moverdb.com\/lt\/iata\/","title":{"rendered":"Tarptautin\u0117s oro transporto asociacijos (IATA) paai\u0161kinimai"},"content":{"rendered":"<p>Tarptautin\u0117 oro transporto asociacija (IATA) yra pasaulin\u0117 pasaulio oro transporto bendrovi\u0173 prekybos asociacija. <\/p>\n<p>Jos misija - vadovauti savo nariams, tarnauti jiems ir atstovauti j\u0173 interesams taip, kad b\u016bt\u0173 skatinama oro uost\u0173 transporto pramon\u0117.<\/p>\n<p><strong>Pagrindiniai faktai apie IATA:<\/strong><\/p>\n<ol>\n<li>  Tai sudaro apie 260 oro transporto bendrovi\u0173 arba 83% viso oro eismo.<\/li>\n<li>  Ji pasiekiama visame pasaulyje.<\/li>\n<li>  IATA nari\u0173 skryd\u017eiai sudaro 83% viso srauto.<\/li>\n<li>  Ji buvo \u012fkurta 1945 m. baland\u017eio m\u0117n. Havanoje, Kuboje.<\/li>\n<li>  Kai 1945 m. ji buvo \u012fkurta, jai priklaus\u0117 57 nariai i\u0161 31 \u0161alies, daugiausia i\u0161 Europos ir \u0160iaur\u0117s Amerikos. \u0160iandien jai priklauso apie 260 nari\u0173 i\u0161 117 valstybi\u0173 visose pasaulio dalyse.<\/li>\n<li>  Jos prioritetai - sauga, saugumas, aplinka, paslaugos, verslo supaprastinimas ir pagalba u\u017emezgant santykius pramon\u0117je.<\/li>\n<li>  IATA Atsiskaitym\u0173 ir atsiskaitym\u0173 planas yra finansinis sektoriaus pagrindas, nes juo valdomas daugiau kaip $270 milijard\u0173 eur\u0173, kuriuos kasmet sudaro kelioni\u0173 agent\u0173 parduodami bilietai oro transporto bendrov\u0117ms, srautas.<\/li>\n<\/ol>\n<p><strong>Tarptautin\u0117s oro transporto asociacijos profilis:<\/strong><\/p>\n<p>IATA yra visame pasaulyje pripa\u017einta oro transporto bendrovi\u0173 prekybos asociacija, veikianti jau daugiau kaip 50 met\u0173. Jos nariai yra ir <a href=\"https:\/\/moverdb.com\/lt\/ekspeditorius\/\">krovini\u0173<\/a> ir keleivi\u0173 ve\u017e\u0117jams, o jos biurai veikia 53 pasaulio \u0161alyse. <\/p>\n<p>Ji augo kartu su oro susisiekimo pramone, bendradarbiaudama su \u0161iuo sektoriumi ir pad\u0117dama rengti standartus, praktik\u0105 ir proced\u016bras, kad b\u016bt\u0173 galima reguliuoti \u0161i\u0105 srit\u012f ir u\u017etikrinti nuosekl\u0173 klient\u0173 aptarnavimo lyg\u012f. IATA yra tikrai pasaulin\u0117 organizacija, o jos 260 nari\u0173 yra i\u0161 daugiau nei 117 \u0161ali\u0173.<\/p>\n<p>Be vartotoj\u0173 apsaugos, IATA prisideda ir prie to, kad oro linij\u0173 pramon\u0117 tapt\u0173 tvaresn\u0117. Organizacija teikia informacij\u0105 apie oro transporto bendroves, \u012fvairius leidinius, mokymo programas ir akreditacij\u0105 kelioni\u0173 sektoriuje dirbantiems asmenims. <\/p>\n<p>Be to, ji teikia \u012fvairias finansines paslaugas, pavyzd\u017eiui, skol\u0173 i\u0161ie\u0161kojimo paslaugas oro transporto bendrov\u0117ms.<\/p>\n<p><strong>Naryst\u0117s kriterijai<\/strong><\/p>\n<p>IATA naryst\u0119 su visomis teis\u0117mis ir privilegijomis galima \u012fgyti tik po to, kai: Naryst\u0117s departamentas atlieka administracin\u012f patikrinim\u0105, sumokami visi parai\u0161kos mokes\u010diai ir naryst\u0117s mokes\u010diai.<\/p>\n<p>S\u0117kmingai atlikus IOSA, bus galima papildyti IOSA registr\u0105. Oro transporto bendrov\u0117 turi b\u016bti \u012ftraukta \u012f IOSA registr\u0105 prie\u0161 patvirtinant IATA naryst\u0119.<\/p>\n<p>Po to pateikiama parai\u0161kos forma ir \u0161ie patvirtinamieji dokumentai:<\/p>\n<ul>\n<li> Oro ve\u017e\u0117jo pa\u017eym\u0117jimo (AOC), galiojan\u010dio ne trumpiau kaip \u0161e\u0161is m\u0117nesius, patvirtinta kopija su i\u0161duodan\u010diosios institucijos (ne notaro) antspaudo ORIGINALU, data ir para\u0161u, taip pat, jei taikoma, registravimo valstyb\u0117s i\u0161duotos eksploatavimo specifikacijos.<\/li>\n<li> Prekybos r\u016bm\u0173 arba lygiavert\u0117s institucijos, pvz., Prekybos r\u016bm\u0173, patvirtint\u0105 registracijos pa\u017eym\u0117jimo kopij\u0105. Priimtinas notaro patvirtinimas.<\/li>\n<li> audituotos parai\u0161k\u0105 pateikusios oro transporto bendrov\u0117s finansin\u0117s ataskaitos, o jei kontrolin\u012f akcij\u0173 paket\u0105 valdo kita bendrov\u0117 (\u012fskaitant valstybin\u0119 nuosavyb\u0119) - bendrov\u0117s savinink\u0117s finansin\u0117s ataskaitos. Jos turi b\u016bti patvirtintos atestuoto arba valstybinio buhalterio. Naujoms oro transporto bendrov\u0117ms priimtinas atestuoto arba valstybinio buhalterio parengtas verslo planas.<\/li>\n<li> parai\u0161k\u0105 pateikusios oro transporto bendrov\u0117s metin\u0117 ataskaita, bendrov\u0117s \u012fstatai, kuriuose nurodoma, kaip ji \u012fsteigta, arba oro transporto bendrov\u0117s profilis.<\/li>\n<li> Galiojantys draudimo liudijimai, kuriuose nurodytas orlaivio tipas, kiekvieno orlaivio registracijos numeris ir atitinkami registruojan\u010dios institucijos duomenys, galiojantys ne trumpiau kaip \u0161e\u0161is m\u0117nesius.<\/li>\n<li> Ankstesni\u0173 dvej\u0173 met\u0173 eismo statistiniai duomenys. \u0160is reikalavimas netaikomas naujoms oro transporto bendrov\u0117ms.<\/li>\n<li> Paskelbtas tvarkara\u0161tis ir (arba) planas, jei oro transporto bendrov\u0117 vykdo reguliari\u0105sias operacijas. Jei vykdomi nereguliar\u016bs skryd\u017eiai, pra\u0161oma pateikti paskirties viet\u0173 s\u0105ra\u0161\u0105.<\/li>\n<\/ul>\n<p><strong>IATA nari\u0173 s\u0105ra\u0161as <a href=\"https:\/\/moverdb.com\/lt\/moving-companies\/\" data-internallinksmanager029f6b8e52c=\"79\" title=\"Top 25 Tarptautin\u0117s perkraustymo \u012fmon\u0117s internete\">Perkraustymo \u012fmon\u0117s<\/a><\/strong><\/p>\n<ul>\n<li> <a href=\"https:\/\/moverdb.com\/lt\/armstrong-relocation\/\">Armstrongo perk\u0117limas<\/a><\/li>\n<li> <a href=\"https:\/\/moverdb.com\/lt\/atlas-van-lines-international\/\">\"Atlas Van Lines<\/a><\/li>\n<li> <a href=\"https:\/\/moverdb.com\/lt\/suddath\/\">Suddath<\/a><\/li>\n<li> <a href=\"https:\/\/moverdb.com\/lt\/nippon-express\/\">\"Nippon Express<\/a><\/li>\n<li> <a href=\"https:\/\/moverdb.com\/lt\/bolliger\/\">Bolliger<\/a><\/li>\n<\/ul>\n<p><strong>Nuomon\u0117s apie Tarptautin\u0119 oro transporto asociacij\u0105<\/strong><\/p>\n<p>IATA pateikiama daugumoje pagrindini\u0173 oro linij\u0173 interneto svetaini\u0173 (da\u017enai nurodant IATA kod\u0105) ir turi savo puslap\u012f Vikipedijoje. <\/p>\n<p>Jos, kaip prekybos asociacijos, svarba akivaizdi, taip pat jos dalyvavimas kuriant tam tikrus oro transporto sektoriaus standartus. Da\u017enai pabr\u0117\u017eiama, kad jos nariai yra atsakingi u\u017e 90% pasaulio reguliari\u0173j\u0173 oro linij\u0173 skryd\u017ei\u0173. <\/p>\n<p>Internetiniuose straipsniuose apie oro linij\u0173 pramon\u0119 da\u017enai minima IATA ir jos dalyvavimas sprend\u017eiant svarbiausius klausimus ir teikiant svarbius pasi\u016blymus, pavyzd\u017eiui, reguliuojant baga\u017eo, skirto vir\u0161 galvos esan\u010dioms talpykloms, dyd\u012f. <\/p>\n<p>IATA minima daugelyje kontekst\u0173, pradedant projekt\u0173 valdymo partneryste ir baigiant ES reglamentavimu. Atsi\u017evelgiant \u012f naujien\u0173 prane\u0161im\u0173, kuriuose minima IATA, da\u017enum\u0105 ir apimt\u012f, akivaizdu, kad IATA yra aktyvi ir svarbi profesin\u0117 asociacija.<\/p>\n<p><strong>Interneto svetain\u0117:<\/strong> <a href=\"http:\/\/www.iata.org\/Pages\/default.aspx\" target=\"_blank\" rel=\"noopener\">http:\/\/www.iata.org\/Pages\/default.aspx<\/a><\/p>","protected":false},"excerpt":{"rendered":"<p>The International Air Transport Association (IATA) is the global trade association for the world&#8217;s airlines. Its mission is to lead and serve its members, as well as to represent their interests in a way that boosts the airport transport industry. Key facts about IATA: It represents around 260 airlines or 83% of total air traffic. [&hellip;]<\/p>\n","protected":false},"author":1,"featured_media":0,"parent":0,"menu_order":0,"comment_status":"closed","ping_status":"closed","template":"","meta":{"_genesis_hide_title":false,"_genesis_hide_breadcrumbs":false,"_genesis_hide_singular_image":false,"_genesis_hide_footer_widgets":false,"_genesis_custom_body_class":"","_genesis_custom_post_class":"","_genesis_layout":"","footnotes":""},"class_list":{"0":"post-440","1":"page","2":"type-page","3":"status-publish","5":"entry"},"_links":{"self":[{"href":"https:\/\/moverdb.com\/lt\/wp-json\/wp\/v2\/pages\/440","targetHints":{"allow":["GET"]}}],"collection":[{"href":"https:\/\/moverdb.com\/lt\/wp-json\/wp\/v2\/pages"}],"about":[{"href":"https:\/\/moverdb.com\/lt\/wp-json\/wp\/v2\/types\/page"}],"author":[{"embeddable":true,"href":"https:\/\/moverdb.com\/lt\/wp-json\/wp\/v2\/users\/1"}],"replies":[{"embeddable":true,"href":"https:\/\/moverdb.com\/lt\/wp-json\/wp\/v2\/comments?post=440"}],"version-history":[{"count":10,"href":"https:\/\/moverdb.com\/lt\/wp-json\/wp\/v2\/pages\/440\/revisions"}],"predecessor-version":[{"id":13161,"href":"https:\/\/moverdb.com\/lt\/wp-json\/wp\/v2\/pages\/440\/revisions\/13161"}],"wp:attachment":[{"href":"https:\/\/moverdb.com\/lt\/wp-json\/wp\/v2\/media?parent=440"}],"curies":[{"name":"wp","href":"https:\/\/api.w.org\/{rel}","templated":true}]}}