{"id":439,"date":"2016-06-12T19:46:10","date_gmt":"2016-06-12T19:46:10","guid":{"rendered":"http:\/\/moverdb.com\/?page_id=439"},"modified":"2026-01-08T14:40:02","modified_gmt":"2026-01-08T14:40:02","slug":"lacma","status":"publish","type":"page","link":"https:\/\/moverdb.com\/lt\/lacma\/","title":{"rendered":"Lotyn\u0173 Amerikos ir Karib\u0173 j\u016bros regiono tarptautini\u0173 perkraustytoj\u0173 asociacija (LACMA)"},"content":{"rendered":"<p>Lotyn\u0173 Amerikos ir Karib\u0173 j\u016bros regiono tarptautini\u0173 perkraustytoj\u0173 asociacija (LACIMA) atstovauja perkraustymo ir perk\u0117limo \u012fmon\u0117ms, siekdama skatinti vietos ir kit\u0173 pasaulio \u012fmoni\u0173 integracij\u0105.<\/p>\n<p><strong>Svarbiausi faktai apie LACMA:<\/strong><\/p>\n<ol>a<\/p>\n<li>  LACMA nariais gali tapti Lotyn\u0173 Amerikos ir kit\u0173 pasaulio \u0161ali\u0173 perkraustymo ir perk\u0117limo \u012fmon\u0117s.<\/li>\n<li>  Tai Lotyn\u0173 Amerikos asociacija, atstovaujama <a href=\"https:\/\/moverdb.com\/lt\/fidi-faim\/\">FIDI<\/a>.<\/li>\n<li>  Ji \u012fsik\u016brusi <a href=\"https:\/\/moverdb.com\/lt\/moving-to-panama\/\" data-internallinksmanager029f6b8e52c=\"432\" title=\"Persik\u0117limas \u012f Panam\u0105? 2023 Gyvenimo i\u0161laidos ir persik\u0117limo patarimai\">Panama<\/a>.<\/li>\n<li>  Ji tarpininkauja sprend\u017eiant bet kokius konfliktus, kurie gali kilti tarp asociacijos nari\u0173 arba tarp nario ir kit\u0173 su asociacija nesusijusi\u0173 asmen\u0173.<\/li>\n<li>  Ji nereikalauja, kad j\u0173 nariai b\u016bt\u0173 <a href=\"https:\/\/moverdb.com\/lt\/fidi-faim\/\" data-internallinksmanager029f6b8e52c=\"16\" title=\"FIDI ir FAIM (FIDI akredituotas tarptautinis perve\u017e\u0117jas) paai\u0161kinimai\">FIDI<\/a> filialai, nes LACMA laikosi nepriklausom\u0173 filial\u0173 kriterij\u0173.<\/li>\n<li>  LACMA turi savo mokymo institut\u0105, kuris rengia seminarus vietoje ir virtualius seminarus, \u012fskaitant pakuo\u010di\u0173 instruktori\u0173 mokymo kursus.<\/li>\n<li>  Ji si\u016blo mok\u0117jimo garantij\u0173 program\u0105, kuri yra \u0161altinis nariams, norintiems i\u0161ie\u0161koti pradelstas sumas i\u0161 kit\u0173 asociacijos nari\u0173.<\/li>\n<li>  LACMA nariai gali b\u016bti aktyv\u016bs (Lotyn\u0173 Amerikos ir Karib\u0173 j\u016bros regiono \u012fmon\u0117s, aktyviai u\u017esiiman\u010dios tarptautiniu perkraustymu ir pakavimu, turin\u010dios savo personal\u0105, transport\u0105 ir sand\u0117liavimo patalpas), asocijuoti (ne Lotyn\u0173 Amerikos ir Karib\u0173 j\u016bros regiono \u012fmon\u0117s, u\u017esiiman\u010dios tarptautiniu perkraustymu ir pakavimu) arba papildomi (\u012fmon\u0117s, teikian\u010dios nariams naudingas prekes ir paslaugas).<\/li>\n<li>  Organizacija teigia: FIDI Lotyn\u0173 Amerika atstovauja 53 m\u016bs\u0173 regiono bendrov\u0117ms (FIDI-LACMA ir FIDI-Non LACMA)\".<\/li>\n<\/ol>\n<p><strong>Lotyn\u0173 Amerikos ir Karib\u0173 j\u016bros regiono tarptautini\u0173 perkraustytoj\u0173 asociacijos profilis<\/strong><\/p>\n<p>LACMA buvo \u012fsteigta atstovauti savo nari\u0173 interesams ir nustatyti bei palaikyti paslaug\u0173 standartus \u0161ioje srityje. <\/p>\n<p>Tai yra FIDI organizacija Lotyn\u0173 Amerikoje, o tai suteikia jai tam tikro patikimumo, nes FIDI pripa\u017e\u012fsta, kad ji atstovauja regiono FIDI asocijuot\u0173 bendrovi\u0173 interesams. <\/p>\n<p>LACMA si\u016blo keli\u0173 r\u016b\u0161i\u0173 naryst\u0119, \u012fskaitant aktyvi\u0105j\u0105 ir asocijuot\u0105j\u0105. Be to, ji teikia nariams plat\u0173 e. mokymosi, informacijos ir seminar\u0173 spektr\u0105, padedant\u012f tobulinti \u017einias ir didinti verslo efektyvum\u0105. 1992 m. buvo \u012fkurtas LACMA Mokymo institutas, kurio tikslas - geriau \u0161viesti narius. <\/p>\n<p>Nariai taip pat naudojasi tam tikromis apsaugos priemon\u0117mis, pavyzd\u017eiui, mok\u0117jimo garantij\u0173 programa, skirta pad\u0117ti i\u0161ie\u0161koti kit\u0173 nari\u0173 \u012fsiskolinimus, ir LACMA S.O.S. programa, pagal kuri\u0105 teikiama humanitarin\u0117 pagalba nariams, nukent\u0117jusiems nuo stichini\u0173 nelaimi\u0173, kurios da\u017enai i\u0161tinka \u0161i\u0105 pasaulio dal\u012f.<\/p>\n<p><strong>Naryst\u0117s kriterijai:<\/strong><\/p>\n<p><u>Aktyv\u016bs nariai<\/u><\/p>\n<ul>\n<li> U\u017epildykite oficialios LACMA formos naryst\u0117s pra\u0161ym\u0105 ir pateikite pra\u0161om\u0105 informacij\u0105, sutikite laikytis LACMA \u012fstat\u0173 ir jos nuostat\u0173, Etikos kodekso ir LACMA direktori\u0173 valdybos nustatyt\u0173 nutarim\u0173.<\/li>\n<li> Remti penkis (5) LACMA aktyvius narius.<\/li>\n<li> Pateikite pastar\u0173j\u0173 dvej\u0173 met\u0173 finansines ataskaitas su atitinkamais ai\u0161kinamaisiais ra\u0161tais.<\/li>\n<li> Pateikite \u012fmon\u0117s \u012fstatus (reikalaujama ne ma\u017eiau kaip ketveri\u0173 met\u0173 veiklos <a href=\"https:\/\/moverdb.com\/lt\/juda-imones\/\">tarptautinis perkraustymas<\/a> pramon\u0117).<\/li>\n<li> sumok\u0117ti stojam\u0105j\u012f mokest\u012f, PGP \u012fvadin\u012f mokest\u012f, PGP ir LACMA metinius naryst\u0117s mokes\u010dius, kai baigiama parai\u0161kos teikimo proced\u016bra ir parai\u0161ka patvirtinama.<\/li>\n<\/ul>\n<p><u>Asocijuoti nariai<\/u><\/p>\n<ul>\n<li> U\u017epildykite oficialios LACMA formos naryst\u0117s pra\u0161ym\u0105 ir pateikite pra\u0161om\u0105 informacij\u0105, sutikite laikytis LACMA \u012fstat\u0173 ir jos nuostat\u0173, Etikos kodekso ir LACMA direktori\u0173 valdybos nustatyt\u0173 nutarim\u0173.<\/li>\n<li> Remti penkis (5) LACMA aktyvius ir (arba) asocijuotus narius, i\u0161 kuri\u0173 bent du yra asocijuoti nariai.<\/li>\n<li> Pateikite pastar\u0173j\u0173 dvej\u0173 met\u0173 finansines ataskaitas su atitinkamais ai\u0161kinamaisiais ra\u0161tais.<\/li>\n<li> Pateikite \u012fmon\u0117s chartij\u0105 (reikalaujama ma\u017eiausiai ketveri\u0173 met\u0173 veiklos vidaus jud\u0117jimo pramon\u0117je).<\/li>\n<li> Sumok\u0117ti stojam\u0105j\u012f mokest\u012f, PGP \u012fvadin\u012f mokest\u012f, PGP ir LACMA metin\u012f naryst\u0117s mokest\u012f, kai baigiama parai\u0161kos teikimo proced\u016bra ir parai\u0161ka patvirtinama.<\/li>\n<\/ul>\n<p><u>Papildomi nariai<\/u><\/p>\n<ul>\n<li> U\u017epildykite oficialios LACMA formos naryst\u0117s parai\u0161k\u0105 ir pateikite pra\u0161om\u0105 informacij\u0105, sutikite laikytis LACMA \u012fstat\u0173 ir nuostat\u0173, Etikos kodekso ir LACMA direktori\u0173 valdybos priimt\u0173 nutarim\u0173.<\/li>\n<li> Remti (2) LACMA aktyvius ir (arba) asocijuotus narius.<\/li>\n<li> Sumok\u0117kite stojam\u0105j\u012f mokest\u012f ir metin\u012f LACMA naryst\u0117s mokest\u012f, kai baigsite parai\u0161kos teikimo proces\u0105 ir parai\u0161ka bus patvirtinta. D\u0117l nurodyt\u0173 mokes\u010di\u0173 kreipkit\u0117s \u012f LACMA sekretoriat\u0105.<\/li>\n<li> Pateikite \u012frodym\u0173, kad si\u016blomas produktas ar paslauga buvo komercializuojami bent vienerius metus.<\/li>\n<\/ul>\n<p><strong>Pavyzdin\u0117s \u012fmon\u0117s nar\u0117s<\/strong><\/p>\n<ul>\n<li> <a href=\"https:\/\/moverdb.com\/lt\/aires\/\">Aires<\/a><\/li>\n<li> <a href=\"https:\/\/moverdb.com\/lt\/arpin-international\/\">\"Arpin International<\/a><\/li>\n<li> <a href=\"https:\/\/moverdb.com\/lt\/atlas-van-lines-international\/\">\"Atlas Van Lines<\/a><\/li>\n<li> <a href=\"https:\/\/moverdb.com\/lt\/santa-fe-relocation\/\">Santa F\u0117 perk\u0117limo paslaugos<\/a><\/li>\n<li> <a href=\"https:\/\/moverdb.com\/lt\/sterlingas-persikelimas\/\">Sterlingo perk\u0117limas<\/a><\/li>\n<li> <a href=\"https:\/\/moverdb.com\/lt\/stevens-worldwide-van-lines\/\">\"Stevens Worldwide Van Lines<\/a><\/li>\n<li> <a href=\"https:\/\/moverdb.com\/lt\/amj-campbell-van-lines\/\">\"AMJ Campbell Van Lines<\/a><\/li>\n<li> <a href=\"https:\/\/moverdb.com\/lt\/suddath\/\">Suddath<\/a><\/li>\n<li> <a href=\"https:\/\/moverdb.com\/lt\/dt-judantis\/\">DT Perkraustymas<\/a><\/li>\n<li> <a href=\"https:\/\/moverdb.com\/lt\/john-mason\/\">Johnas Masonas Tarptautiniai perkraustytojai<\/a><\/li>\n<li> <a href=\"https:\/\/moverdb.com\/lt\/mudanzas-gou\/\">Mudanzas Gou<\/a><\/li>\n<li> <a href=\"https:\/\/moverdb.com\/lt\/gil-stauffer\/\">Gil Stauffer<\/a><\/li>\n<\/ul>\n<p><strong>Nuomon\u0117s apie LACMA:<\/strong><\/p>\n<p>Internete pateikiama informacija rodo, kad LACMA nariai atlieka 90% perve\u017eim\u0173 \u012f Lotyn\u0173 Amerikos ir Karib\u0173 j\u016bros region\u0105 ir i\u0161 jo. Pa\u017eymima, kad ji yra viena svarbiausi\u0173 <a href=\"https:\/\/moverdb.com\/lt\/organizacijos-asociacijos\/\">Tarptautin\u0117s perkraustymo ir laivybos organizacijos<\/a>.<\/p>\n<p>Perkraustytojai mini LACMA, nor\u0117dami u\u017etikrinti klientus d\u0117l profesionalumo standart\u0173 ir geografin\u0117s apr\u0117pties. Jos nariai yra vieni i\u0161 geriausi\u0173 pasaulyje, o internete pateikiama informacija apie narius, kurie atstovauja \u0161ioms sritims: <em>\"Europa 31%, The <a href=\"https:\/\/moverdb.com\/lt\/moving-to-the-united-states\/\" data-internallinksmanager029f6b8e52c=\"94\" title=\"Persik\u0117limas \u012f Jungtines Amerikos Valstijas? 2022 Gyvenimo i\u0161laidos ir persik\u0117limo patarimai\">Jungtin\u0117s Amerikos Valstijos<\/a> &amp; <a href=\"https:\/\/moverdb.com\/lt\/moving-to-canada\/\" data-internallinksmanager029f6b8e52c=\"265\" title=\"Persik\u0117limas \u012f Kanad\u0105? 2023 m. gyvenimo i\u0161laidos ir persik\u0117limo patarimai\">Kanada<\/a> 26%, Lotyn\u0173 Amerika ir Karibai 28% ir <a href=\"https:\/\/moverdb.com\/lt\/moving-to-australia\/living-in-australia\/\" data-internallinksmanager029f6b8e52c=\"240\" title=\"21 paslap\u010di\u0173 apie gyvenim\u0105 Australijoje, kurias reikia \u017einoti prie\u0161 persikeliant\">Australija<\/a>, Artimieji ir Tolimieji Rytai 15%\".<\/em> <\/p>\n<p>Judintojai, kurie savo interneto svetain\u0117se nurodo LACMA, da\u017enai yra ne i\u0161 regiono, ta\u010diau savo naryst\u0119 \u0161ioje organizacijoje \u012frodo savo pasauliniu mastu.<\/p>\n<blockquote><p>LACMA yra asociacija, kuri\u0105 sudaro geriausi Lotyn\u0173 Amerikos ir Karib\u0173 j\u016bros regiono tarptautiniai perkraustytojai, atliekantys daugiau kaip 90 proc. perkraustym\u0173 \u012f \u0161\u012f region\u0105 ir i\u0161 jo.<\/p><\/blockquote>\n<p>- <a href=\"http:\/\/www.brytor.ca\/memberships.php\" target=\"_blank\" rel=\"noopener\">\"Brytor International Moving<\/a><\/p>\n<blockquote><p>LACMA yra asociacija, kuriai priklauso geriausi 260 <a href=\"https:\/\/moverdb.com\/lt\/moving-companies\/\" data-internallinksmanager029f6b8e52c=\"79\" title=\"Top 25 Tarptautin\u0117s perkraustymo \u012fmon\u0117s internete\">perkraustymo \u012fmon\u0117s<\/a> i\u0161 viso pasaulio, daugiausia i\u0161 Lotyn\u0173 Amerikos ir Karib\u0173 j\u016bros regiono. D\u0117l savo presti\u017eo jos sudaro 90% viso Lotyn\u0173 Amerikoje vykdomo importo ir eksporto.<\/p><\/blockquote>\n<p>- <a href=\"http:\/\/miglobal.com\/miglobal.com\/httpdocs\/affiliations.html\" target=\"_blank\" rel=\"noopener\">Pasaulin\u0117s tarptautin\u0117s sutartys<\/a><\/p>\n<p><strong>Interneto svetain\u0117:<\/strong> <a href=\"http:\/\/www.lacmassoc.org\/\" target=\"_blank\" rel=\"noopener\">http:\/\/www.lacmassoc.org\/<\/a><\/p>","protected":false},"excerpt":{"rendered":"<p>The Latin American and Caribbean International Movers Association (LACIMA) represents a collection of moving and relocation companies with a view to encouraging integration of locally based businesses, as well as others across the world. Key facts about LACMA: a Membership of LACMA is open to moving and relocation companies from Latin America and the rest [&hellip;]<\/p>\n","protected":false},"author":1,"featured_media":0,"parent":0,"menu_order":0,"comment_status":"closed","ping_status":"closed","template":"","meta":{"_genesis_hide_title":false,"_genesis_hide_breadcrumbs":false,"_genesis_hide_singular_image":false,"_genesis_hide_footer_widgets":false,"_genesis_custom_body_class":"","_genesis_custom_post_class":"","_genesis_layout":"","footnotes":""},"class_list":{"0":"post-439","1":"page","2":"type-page","3":"status-publish","5":"entry"},"_links":{"self":[{"href":"https:\/\/moverdb.com\/lt\/wp-json\/wp\/v2\/pages\/439","targetHints":{"allow":["GET"]}}],"collection":[{"href":"https:\/\/moverdb.com\/lt\/wp-json\/wp\/v2\/pages"}],"about":[{"href":"https:\/\/moverdb.com\/lt\/wp-json\/wp\/v2\/types\/page"}],"author":[{"embeddable":true,"href":"https:\/\/moverdb.com\/lt\/wp-json\/wp\/v2\/users\/1"}],"replies":[{"embeddable":true,"href":"https:\/\/moverdb.com\/lt\/wp-json\/wp\/v2\/comments?post=439"}],"version-history":[{"count":21,"href":"https:\/\/moverdb.com\/lt\/wp-json\/wp\/v2\/pages\/439\/revisions"}],"predecessor-version":[{"id":13169,"href":"https:\/\/moverdb.com\/lt\/wp-json\/wp\/v2\/pages\/439\/revisions\/13169"}],"wp:attachment":[{"href":"https:\/\/moverdb.com\/lt\/wp-json\/wp\/v2\/media?parent=439"}],"curies":[{"name":"wp","href":"https:\/\/api.w.org\/{rel}","templated":true}]}}