{"id":437,"date":"2016-06-12T15:02:39","date_gmt":"2016-06-12T15:02:39","guid":{"rendered":"http:\/\/moverdb.com\/?page_id=437"},"modified":"2026-01-08T13:18:34","modified_gmt":"2026-01-08T13:18:34","slug":"hgfaa","status":"publish","type":"page","link":"https:\/\/moverdb.com\/lt\/hgfaa\/","title":{"rendered":"Paai\u0161kinta Amerikos buitini\u0173 preki\u0173 ekspeditori\u0173 asociacija (HGFAA)"},"content":{"rendered":"<p>Amerikos buitini\u0173 preki\u0173 ekspeditori\u0173 asociacija (HGFAA) save apib\u016bdina kaip pasaulin\u0119 perkraustymo paslaug\u0173 teik\u0117j\u0173 asociacij\u0105, siekian\u010di\u0105 u\u017etikrinti, kad klientai gaut\u0173 geriausias \u012fmanomas paslaugas perkraustymo metu. Dabar j\u0105 pakeit\u0117 <a href=\"https:\/\/moverdb.com\/lt\/esu\/\">Tarptautin\u0117 perkraustytoj\u0173 asociacija<\/a> (<a href=\"https:\/\/moverdb.com\/lt\/iam\/\" data-internallinksmanager029f6b8e52c=\"23\" title=\"Tarptautin\u0117s perkraustytoj\u0173 asociacijos (IAM) paai\u0161kinimai\">IAM<\/a>), nors kelios perkraustymo \u012fmon\u0117s vis dar nurodo j\u012f savo interneto svetain\u0117se. <\/p>\n<p><strong>Pagrindiniai faktai apie HGFAA:<\/strong><\/p>\n<ol>\n<li>  HGFAA nariais visame pasaulyje yra daugiau kaip 1800 \u012fmoni\u0173.<\/li>\n<li>  HGFAA yra pasaulin\u0117 organizacija, kurios nariai yra i\u0161 daugiau nei 160 \u0161ali\u0173 ir teritorij\u0173.<\/li>\n<li>  \"Portal\" yra asociacijos pramon\u0117s \u017eurnalas.<\/li>\n<li>  Asociacija atstovauja jud\u0117jimo pramonei <a href=\"https:\/\/moverdb.com\/lt\/moving-to-the-united-states\/\" data-internallinksmanager029f6b8e52c=\"94\" title=\"Persik\u0117limas \u012f Jungtines Amerikos Valstijas? 2022 Gyvenimo i\u0161laidos ir persik\u0117limo patarimai\">Jungtin\u0117s Amerikos Valstijos<\/a>.<\/li>\n<li>  HGFAA yra \u017einoma d\u0117l savo ry\u0161i\u0173 tinklo ir mokymo baz\u0117s.<\/li>\n<\/ol>\n<p><strong>Amerikos nam\u0173 \u016bkio preki\u0173 ekspeditori\u0173 asociacijos profilis:<\/strong><\/p>\n<p>HGFAA orientuojasi \u012f vartotojus ir teikia patikim\u0173 perkraustytoj\u0173, galin\u010di\u0173 pad\u0117ti persikelti i\u0161 bet kurios pasaulio vietos, duomen\u0173 baz\u0119. Ji siekia u\u017etikrinti auk\u0161tus paslaug\u0173 standartus ir u\u017etikrinti, kad vartotojai tur\u0117t\u0173 vis\u0105 persikraustymui reikaling\u0105 informacij\u0105 - nuo persikraustymo dienos organizavimo iki persikraustymo ir sveikatos prie\u017ei\u016bros. <\/p>\n<p>HGFAA leid\u017eia savo pramon\u0117s \u017eurnal\u0105 \"Portal\", kurio \u0161e\u0161i numeriai i\u0161eina per metus. Jos interneto svetain\u0117je pateikiama daugyb\u0117 nuorod\u0173 tiek pramon\u0117s atstovams, tiek vartotojams aktualiomis temomis, pavyzd\u017eiui, apie dienpinigius, keliones ir transport\u0105 bei persik\u0117lim\u0105 su naminiais gyv\u016bnais.<\/p>\n<p><strong>Naryst\u0117s kriterijai:<\/strong><\/p>\n<p>HGFAA si\u016blo atsisi\u0173sti naryst\u0117s form\u0105, ta\u010diau \u0161iuo metu ji n\u0117ra prieinama per svetain\u0119. Naryst\u0117s s\u0105lygos svetain\u0117je nenurodytos.<\/p>\n<p><strong>Pavyzdin\u0117s \u012fmon\u0117s nar\u0117s<\/strong><\/p>\n<ul>\n<li> <a href=\"https:\/\/moverdb.com\/lt\/atlas-van-lines-international\/\">\"Atlas Van Lines<\/a><\/li>\n<li> <a href=\"https:\/\/moverdb.com\/lt\/eagle-relocations\/\">Ereli\u0173 perk\u0117limai<\/a><\/li>\n<li> <a href=\"https:\/\/moverdb.com\/lt\/pertekliniai-tarptautiniai-perkraustytojai\/\">Pertekliniai tarptautiniai perve\u017e\u0117jai<\/a><\/li>\n<li> <a href=\"https:\/\/moverdb.com\/lt\/fn-removals\/\">\"F&amp;N Worldwide Removals<\/a><\/li>\n<li> <a href=\"https:\/\/moverdb.com\/lt\/mudanzas-gou\/\">Mudanzas Gou<\/a><\/li>\n<\/ul>\n<p><strong>Nuomon\u0117s apie HGFAA:<\/strong><\/p>\n<p>HGFAA neturi didelio profilio internete ir n\u0117ra pamin\u0117ta daugelyje perkraustymo paslaug\u0173 teik\u0117j\u0173 svetaini\u0173. Internete apie HGFAA atsiliepia tie perkraustymo paslaug\u0173 teik\u0117jai, kurie \u012ftraukia j\u0105 \u012f savo svetaines, ir pabr\u0117\u017eia, kad asociacija yra pasaulinio masto ir laikosi auk\u0161t\u0173 paslaug\u0173 standart\u0173.<\/p>\n<p><a href=\"http:\/\/www.bloomberg.com\/profiles\/companies\/0774891D:US-household-goods-forwarders-association-of-america\" target=\"_blank\" rel=\"noopener\">\"Bloomberg\" daugiausia d\u0117mesio skiria<\/a> d\u0117l jos atstovavimo pramonei, d\u0117l to, kad ji veikia kaip ry\u0161i\u0173 tinklas ir mokymo priemon\u0117, taip pat d\u0117l gausyb\u0117s mokym\u0173, i\u0161tekli\u0173, leidini\u0173 ir rekomendacini\u0173 paslaug\u0173.<\/p>\n<blockquote><p>HHGFAA yra pasaulin\u0117 ekspeditori\u0173 ir perve\u017e\u0117j\u0173 asociacija, siekianti teikti klientams auk\u0161\u010diausio lygio paslaugas.<\/p><\/blockquote>\n<p>- <a href=\"http:\/\/www.amjbc.ca\/international-moving-services\/\" target=\"_blank\" rel=\"noopener\">\"AMJ Campbell\" perk\u0117limai visame pasaulyje<\/a><\/p>\n<p><strong>Interneto svetain\u0117:<\/strong> <a href=\"http:\/\/www.hhgfaa.org\/\" target=\"_blank\" rel=\"noopener\">http:\/\/www.hhgfaa.org\/<\/a><\/p>","protected":false},"excerpt":{"rendered":"<p>The Household Goods Forwarders Association of America (HGFAA) describes itself as a global association of movers who are committed to ensuring that customers receive the best possible service during their move. It has now been replaced by the International Association of Movers (IAM), although several movers still list it on their websites. Key facts about [&hellip;]<\/p>\n","protected":false},"author":1,"featured_media":0,"parent":0,"menu_order":0,"comment_status":"closed","ping_status":"closed","template":"","meta":{"_genesis_hide_title":false,"_genesis_hide_breadcrumbs":false,"_genesis_hide_singular_image":false,"_genesis_hide_footer_widgets":false,"_genesis_custom_body_class":"","_genesis_custom_post_class":"","_genesis_layout":"","footnotes":""},"class_list":{"0":"post-437","1":"page","2":"type-page","3":"status-publish","5":"entry"},"_links":{"self":[{"href":"https:\/\/moverdb.com\/lt\/wp-json\/wp\/v2\/pages\/437","targetHints":{"allow":["GET"]}}],"collection":[{"href":"https:\/\/moverdb.com\/lt\/wp-json\/wp\/v2\/pages"}],"about":[{"href":"https:\/\/moverdb.com\/lt\/wp-json\/wp\/v2\/types\/page"}],"author":[{"embeddable":true,"href":"https:\/\/moverdb.com\/lt\/wp-json\/wp\/v2\/users\/1"}],"replies":[{"embeddable":true,"href":"https:\/\/moverdb.com\/lt\/wp-json\/wp\/v2\/comments?post=437"}],"version-history":[{"count":12,"href":"https:\/\/moverdb.com\/lt\/wp-json\/wp\/v2\/pages\/437\/revisions"}],"predecessor-version":[{"id":6221,"href":"https:\/\/moverdb.com\/lt\/wp-json\/wp\/v2\/pages\/437\/revisions\/6221"}],"wp:attachment":[{"href":"https:\/\/moverdb.com\/lt\/wp-json\/wp\/v2\/media?parent=437"}],"curies":[{"name":"wp","href":"https:\/\/api.w.org\/{rel}","templated":true}]}}