{"id":436,"date":"2016-06-12T14:04:20","date_gmt":"2016-06-12T14:04:20","guid":{"rendered":"http:\/\/moverdb.com\/?page_id=436"},"modified":"2026-01-08T14:47:42","modified_gmt":"2026-01-08T14:47:42","slug":"aima","status":"publish","type":"page","link":"https:\/\/moverdb.com\/lt\/aima\/","title":{"rendered":"Australijos tarptautini\u0173 perkraustytoj\u0173 asociacijos (AIMA) paai\u0161kinimai"},"content":{"rendered":"<p>Australijos tarptautini\u0173 perkraustytoj\u0173 asociacija (AIMA) save apib\u016bdina kaip profesin\u012f forum\u0105, skirt\u0105 <a href=\"https:\/\/moverdb.com\/lt\/international-removals\/\" data-internallinksmanager029f6b8e52c=\"27\" title=\"36 geriausios tarptautinio perkraustymo \u012fmon\u0117s Jungtin\u0117je Karalyst\u0117je\">tarptautiniai perkraustymai<\/a> pramon\u0117. Nariai turi tur\u0117ti <a href=\"https:\/\/moverdb.com\/lt\/fidi-faim\/\">FIDI\/FAIM<\/a> arba atitikti grie\u017etus naryst\u0117s kriterijus, \u012fskaitant finansinio s\u0105\u017einingumo reikalavimus.<\/p>\n<p><strong>Svarbiausi faktai apie AIMA:<\/strong><\/p>\n<ol>\n<li>  Ji buvo \u012fsteigta 1975 m.<\/li>\n<li>  Jame yra apie 60 nari\u0173 <a href=\"https:\/\/moverdb.com\/lt\/moving-to-australia\/living-in-australia\/\" data-internallinksmanager029f6b8e52c=\"240\" title=\"21 paslap\u010di\u0173 apie gyvenim\u0105 Australijoje, kurias reikia \u017einoti prie\u0161 persikeliant\">Australija<\/a>.<\/li>\n<li>  AIMA atstovauja Australijos perkraustymo pramonei ir nepritraukia nari\u0173 i\u0161 kit\u0173 \u0161ali\u0173. Ta\u010diau ji apima Australijos \u012fmones, kurios u\u017esiima <a href=\"https:\/\/moverdb.com\/lt\/juda-imones\/\">tarptautiniai perkraustymai<\/a>.<\/li>\n<li>  Jis pripa\u017eintas kaip <a href=\"https:\/\/moverdb.com\/lt\/fidi-faim\/\" data-internallinksmanager029f6b8e52c=\"16\" title=\"FIDI ir FAIM (FIDI akredituotas tarptautinis perve\u017e\u0117jas) paai\u0161kinimai\">FIDI<\/a> Asociacija Australijoje.<\/li>\n<li>  Nariai neprivalo tur\u0117ti FIDI\/FAIM sertifikat\u0173, kad gal\u0117t\u0173 prisijungti.<\/li>\n<li>  AIMA atstovauja FIDI priklausan\u010dioms <a href=\"https:\/\/moverdb.com\/lt\/moving-companies\/australia-moving-companies\/\" data-internallinksmanager029f6b8e52c=\"176\" title=\"17 Geriausios tarptautin\u0117s perkraustymo \u012fmon\u0117s Australijoje\">perkraustytojai Australijoje<\/a> kaip \"FIDI asociacija\" ir siun\u010dia delegatus \u012f kasmet rengiam\u0105 FIDI kongres\u0105 ir generalin\u0119 asambl\u0117j\u0105.<\/li>\n<\/ol>\n<p><strong>Australijos tarptautini\u0173 perve\u017e\u0117j\u0173 asociacijos profilis:<\/strong><\/p>\n<p>AIMA misijos tikslas - sudaryti s\u0105lygas Australijos perkraustymo pramonei valdyti pa\u010diai save, gerinti savo paslaugas, u\u017etikrinti, kad klientai gaut\u0173 geresnes paslaugas, ginti visuomen\u0117s interesus ir suteikti pramonei galimyb\u0119 bendrauti su vyriausybe. <\/p>\n<p>AIMA taip pat yra nepriklausomas gin\u010d\u0173 teismas. Ji yra pripa\u017einta FIDI asociacija Australijoje, o tai rei\u0161kia, kad FIDI\/FAIM asociacij\u0105 turintys kilnojamieji asmenys automati\u0161kai gali prisijungti prie AIMA. Australijos <a href=\"https:\/\/moverdb.com\/lt\/moving-companies\/\" data-internallinksmanager029f6b8e52c=\"79\" title=\"Top 25 Tarptautin\u0117s perkraustymo \u012fmon\u0117s internete\">perkraustymo \u012fmon\u0117s<\/a> neturintys FAIM, vis tiek gali tapti AIMA nariais, ta\u010diau turi atitikti kriterijus, pagal kuriuos vertinamos j\u0173 specialios \u017einios, i\u0161tekliai, patirtis ir finansin\u0117 pad\u0117tis. <\/p>\n<p>Tik AIMA nariai gali dalyvauti AIMA gin\u010d\u0173 nagrin\u0117jimo teisme procese.<\/p>\n<p><strong>Naryst\u0117s kriterijai:<\/strong><\/p>\n<p>Grie\u017eti AIMA naryst\u0117s kriterijai apima veiklos paj\u0117gum\u0173 ir finansinio s\u0105\u017einingumo patikrinim\u0105. I\u0161samesn\u0117 informacija apie \u0161iuos kriterijus svetain\u0117je nepateikiama.<\/p>\n<p>\u012emon\u0117s, kurios jau turi FIDI\/FAIM sertifikatus, automati\u0161kai \u012fgyja teis\u0119 \u012f naryst\u0119.<\/p>\n<p><strong>Bendrov\u0117s nar\u0117s<\/strong><\/p>\n<ul>\n<li> <a href=\"https:\/\/moverdb.com\/lt\/conroy-removals\/\">\"Conroy Removals<\/a><\/li>\n<\/ul>\n<p><strong>Nuomon\u0117s apie AIMA:<\/strong><\/p>\n<p>AIMA yra viena i\u0161 daugelio tarptautini\u0173 perkraustymo organizacij\u0173, kuri u\u017etikrina, kad perkraustymas bus atliktas pagal auk\u0161\u010diausius \u012fmanomus standartus. Tai garantija, kad perkraustymo \u012fmon\u0117 turi reikiam\u0105 kvalifikacij\u0105 ir yra susipa\u017einusi su geriausia vietos praktika. <\/p>\n<p>Daugelis \u012fmoni\u0173 savo interneto svetain\u0117se nurodo AIMA kaip tarptautin\u0119 akreditacij\u0105, kuri yra kokyb\u0117s \u017eenklas, greta kit\u0173, pavyzd\u017eiui, FIDI. Ta\u010diau AIMA pasiekiamumas yra gana ribotas, nes ji neturi tiek nari\u0173, kiek kai kurios pana\u0161ios organizacijos kitose \u0161alyse.<\/p>\n<p>Yra <a href=\"http:\/\/vandijktrack.com\/mim\/\" target=\"_blank\" rel=\"noopener\">viena neigiama svetain\u0117<\/a> kuriame nurodoma, kad klientai gin\u010dijasi su AIMA nariais ir kad gin\u010do sprendimas u\u017etruko. <\/p>\n<p>\u0160is asmuo nurod\u0117, kad AIMA akreditacijos, kaip kokyb\u0117s rodiklio, jis nevertint\u0173 pernelyg rimtai. Ta\u010diau svetain\u0117je taip pat nurodoma, kad AIMA suteik\u0117 jiems pagalb\u0105, o gin\u010das, atrodo, nebuvo atnaujintas nuo 2010 m., o tai rodo, kad jis buvo i\u0161nagrin\u0117tas.<\/p>\n<blockquote><p>Tod\u0117l pilie\u010diai, pasirink\u0119 AIMA nar\u012f tarptautiniam perkraustymui atlikti, gali b\u016bti tikri.<\/p><\/blockquote>\n<p>- <a href=\"http:\/\/www.ossworldwidemovers.com\/australian-international-movers-association\" target=\"_blank\" rel=\"noopener\">OSS World Wide Movers<\/a><\/p>\n<blockquote><p>Australijos tarptautini\u0173 perkraustytoj\u0173 asociacija (AIMA) - u\u017etikrina, kad jos nariai b\u016bt\u0173 tinkamai kvalifikuoti ir tur\u0117t\u0173 naujausi\u0105 geriausi\u0105 pramon\u0117s praktik\u0105.<\/p><\/blockquote>\n<p>- <a href=\"http:\/\/www.internationalremovalsaustralia.com.au\/why-choose-us\" target=\"_blank\" rel=\"noopener\">KeysBros Perkraustymo sprendimai<\/a><\/p>\n<p><strong>Interneto svetain\u0117:<\/strong> <a href=\"http:\/\/aima.com.au\/\" target=\"_blank\" rel=\"noopener\">http:\/\/aima.com.au\/<\/a><\/p>\n<h2>Kiti naudingi Australijos gidai<\/h2>\n<ul>\n<li> <a href=\"https:\/\/moverdb.com\/lt\/konteineriu-kroviniu-gabenimas\/australija\/\">2024 J\u016br\u0173 krovini\u0173 gabenimo konteineriais \u012f Australij\u0105 ir i\u0161 jos kainos<\/a><\/li>\n<li> <a href=\"https:\/\/moverdb.com\/lt\/juda-imones\/australija-2\/\">17 Geriausios tarptautin\u0117s perkraustymo \u012fmon\u0117s Australijoje<\/a><\/li>\n<li> <a href=\"https:\/\/moverdb.com\/lt\/geriausios-tarptautines-pinigu-pervedimo-paslaugos\/money-transfer-companies-australia\/\">10 geriausi\u0173 pinig\u0173 pervedimo bendrovi\u0173 Australijoje<\/a><\/li>\n<li> <a href=\"https:\/\/moverdb.com\/lt\/persikelimas-i-australija\/\">Persik\u0117limas \u012f Australij\u0105? 2024 Gyvenimo i\u0161laidos ir persik\u0117limo patarimai<\/a><\/li>\n<li> <a href=\"https:\/\/moverdb.com\/lt\/persikelimas-i-australija\/best-places-to-live-australia\/\">13 geriausi\u0173 viet\u0173 gyventi Australijoje<\/a><\/li>\n<li> <a href=\"https:\/\/moverdb.com\/lt\/persikelimas-i-australija\/living-in-australia\/\">21 paslap\u010di\u0173 apie gyvenim\u0105 Australijoje, kurias reikia \u017einoti prie\u0161 persikeliant<\/a><\/li>\n<li> <a href=\"https:\/\/moverdb.com\/lt\/persikelimas-i-australija\/moving-to-perth\/\">Persik\u0117limas \u012f Pert\u0105? 2024 Gyvenimo i\u0161laidos ir persik\u0117limo patarimai<\/a><\/li>\n<li> <a href=\"https:\/\/moverdb.com\/lt\/persikelimas-i-australija\/moving-to-australia-from-the-us\/\">Persik\u0117limas \u012f Australij\u0105 i\u0161 JAV<\/a><\/li>\n<li> <a href=\"https:\/\/moverdb.com\/lt\/konteineriu-kroviniu-gabenimas\/to-australia-from-the-united-states\/\">Konteineri\u0173 gabenimo \u012f Australij\u0105 i\u0161 JAV s\u0105naudos<\/a><\/li>\n<li> <a href=\"https:\/\/moverdb.com\/lt\/persikelimas-i-australija\/moving-to-australia-from-the-uk\/\">Persik\u0117limas \u012f Australij\u0105 i\u0161 JK<\/a><\/li>\n<li> <a href=\"https:\/\/moverdb.com\/lt\/konteineriu-kroviniu-gabenimas\/to-australia-from-the-uk\/\">Konteineri\u0173 gabenimo \u012f Australij\u0105 i\u0161 JK s\u0105naudos ir laikas<\/a><\/li>\n<li> <a href=\"https:\/\/moverdb.com\/lt\/persikelimas-i-australija\/moving-to-australia-from-bahrain\/\">Persik\u0117limas \u012f Australij\u0105 i\u0161 Bahreino<\/a><\/li>\n<li> <a href=\"https:\/\/moverdb.com\/lt\/persikelimas-i-australija\/moving-to-australia-from-the-uae\/\">Persik\u0117limas \u012f Australij\u0105 i\u0161 Dubajaus ir JAE<\/a><\/li>\n<li> <a href=\"https:\/\/moverdb.com\/lt\/konteineriu-kroviniu-gabenimas\/to-australia-from-dubai\/\">Konteineri\u0173 gabenimo \u012f Australij\u0105 i\u0161 Dubajaus s\u0105naudos ir laikas<\/a><\/li>\n<li> <a href=\"https:\/\/moverdb.com\/lt\/konteineriu-kroviniu-gabenimas\/to-australia-from-uae\/\">Konteineri\u0173 gabenimo \u012f Australij\u0105 i\u0161 JAE s\u0105naudos ir laikas<\/a><\/li>\n<li> <a href=\"https:\/\/moverdb.com\/lt\/persikelimas-i-australija\/moving-to-australia-from-kuwait\/\">Persik\u0117limas \u012f Australij\u0105 i\u0161 Kuveito<\/a><\/li>\n<li> <a href=\"https:\/\/moverdb.com\/lt\/persikelimas-i-australija\/moving-to-australia-from-qatar\/\">Persik\u0117limas \u012f Australij\u0105 i\u0161 Kataro<\/a><\/li>\n<li> <a href=\"https:\/\/moverdb.com\/lt\/konteineriu-kroviniu-gabenimas\/to-australia-from-qatar\/\">Konteineri\u0173 gabenimo \u012f Australij\u0105 i\u0161 Kataro s\u0105naudos ir laikas<\/a><\/li>\n<li> <a href=\"https:\/\/moverdb.com\/lt\/persikelimas-i-australija\/moving-to-australia-from-singapore\/\">Persik\u0117limas \u012f Australij\u0105 i\u0161 Singap\u016bro<\/a><\/li>\n<li> <a href=\"https:\/\/moverdb.com\/lt\/konteineriu-kroviniu-gabenimas\/to-australia-from-singapore\/\">Konteineri\u0173 gabenimo \u012f Australij\u0105 i\u0161 Singap\u016bro s\u0105naudos ir laikas<\/a><\/li>\n<li> <a href=\"https:\/\/moverdb.com\/lt\/persikelimas-i-australija\/moving-to-australia-from-south-africa\/\">Persik\u0117limas \u012f Australij\u0105 i\u0161 Piet\u0173 Afrikos<\/a><\/li>\n<li> <a href=\"https:\/\/moverdb.com\/lt\/konteineriu-kroviniu-gabenimas\/to-australia-from-canada\/\">Konteineri\u0173 gabenimo \u012f Australij\u0105 i\u0161 Kanados i\u0161laidos<\/a><\/li>\n<li> <a href=\"https:\/\/moverdb.com\/lt\/konteineriu-kroviniu-gabenimas\/to-australia-from-new-zealand\/\">Konteineri\u0173 gabenimo \u012f Australij\u0105 i\u0161 Naujosios Zelandijos i\u0161laidos<\/a><\/li>\n<li> <a href=\"https:\/\/moverdb.com\/lt\/persikelimas-i-australija\/moving-to-hobart\/\">Persik\u0117limas \u012f Hobart\u0105? 2024 Gyvenimo i\u0161laidos ir persik\u0117limo patarimai<\/a><\/li>\n<li> <a href=\"https:\/\/moverdb.com\/lt\/persikelimas-i-australija\/moving-to-gold-coast\/\">Persik\u0117limas \u012f Gold Coast? 2024 Gyvenimo i\u0161laidos ir persik\u0117limo patarimai<\/a><\/li>\n<li> <a href=\"https:\/\/moverdb.com\/lt\/persikelimas-i-australija\/moving-to-melbourne\/\">Persik\u0117limas \u012f Melburn\u0105? 2024 Gyvenimo i\u0161laidos ir persik\u0117limo patarimai<\/a><\/li>\n<\/ul>","protected":false},"excerpt":{"rendered":"<p>The Australian International Movers Association (AIMA) describes itself as a professional forum for the international removals industry. Members must hold FIDI\/FAIM or meet strict membership criteria, including requirements for financial integrity. Key facts about AIMA: It was established in 1975. It has around 60 members in Australia. AIMA represents the moving industry in Australia and [&hellip;]<\/p>\n","protected":false},"author":1,"featured_media":0,"parent":0,"menu_order":0,"comment_status":"closed","ping_status":"closed","template":"","meta":{"_genesis_hide_title":false,"_genesis_hide_breadcrumbs":false,"_genesis_hide_singular_image":false,"_genesis_hide_footer_widgets":false,"_genesis_custom_body_class":"","_genesis_custom_post_class":"","_genesis_layout":"","footnotes":""},"class_list":{"0":"post-436","1":"page","2":"type-page","3":"status-publish","5":"entry"},"_links":{"self":[{"href":"https:\/\/moverdb.com\/lt\/wp-json\/wp\/v2\/pages\/436","targetHints":{"allow":["GET"]}}],"collection":[{"href":"https:\/\/moverdb.com\/lt\/wp-json\/wp\/v2\/pages"}],"about":[{"href":"https:\/\/moverdb.com\/lt\/wp-json\/wp\/v2\/types\/page"}],"author":[{"embeddable":true,"href":"https:\/\/moverdb.com\/lt\/wp-json\/wp\/v2\/users\/1"}],"replies":[{"embeddable":true,"href":"https:\/\/moverdb.com\/lt\/wp-json\/wp\/v2\/comments?post=436"}],"version-history":[{"count":9,"href":"https:\/\/moverdb.com\/lt\/wp-json\/wp\/v2\/pages\/436\/revisions"}],"predecessor-version":[{"id":17998,"href":"https:\/\/moverdb.com\/lt\/wp-json\/wp\/v2\/pages\/436\/revisions\/17998"}],"wp:attachment":[{"href":"https:\/\/moverdb.com\/lt\/wp-json\/wp\/v2\/media?parent=436"}],"curies":[{"name":"wp","href":"https:\/\/api.w.org\/{rel}","templated":true}]}}