{"id":435,"date":"2016-06-12T14:17:13","date_gmt":"2016-06-12T14:17:13","guid":{"rendered":"http:\/\/moverdb.com\/?page_id=435"},"modified":"2026-05-15T14:55:38","modified_gmt":"2026-05-15T14:55:38","slug":"afra","status":"publish","type":"page","link":"https:\/\/moverdb.com\/lt\/afra\/","title":{"rendered":"Australijos bald\u0173 perkraustytoj\u0173 asociacijos (AFRA) paai\u0161kinimai"},"content":{"rendered":"<p>Australijos bald\u0173 perkraustytoj\u0173 asociacija (AFRA) save apib\u016bdina kaip perkraustymo pramon\u0117s atstov\u0105 ir reguliuotoj\u0105. <a href=\"https:\/\/moverdb.com\/lt\/moving-to-australia\/living-in-australia\/\" data-internallinksmanager029f6b8e52c=\"240\" title=\"21 paslap\u010di\u0173 apie gyvenim\u0105 Australijoje, kurias reikia \u017einoti prie\u0161 persikeliant\">Australija<\/a>. <\/p>\n<p>Jis pla\u010diai paplit\u0119s Australijoje ir da\u017enai minimas kaip kokyb\u0117s \u017eenklas.<\/p>\n<p><strong>Pagrindiniai faktai apie AFRA:<\/strong><\/p>\n<ol>\n<li>  \u0160iuo metu AFRA nar\u0117mis yra apie 350 bald\u0173 perkraustymo ir susijusi\u0173 \u012fmoni\u0173.<\/li>\n<li>  AFRA nariais yra beveik visi Australijos regionai, bet ne tarptautin\u0117s vietov\u0117s.<\/li>\n<li>  AFRA nariams tenka reguliariai atlikti audit\u0105. Pradinis auditas atliekamas kartu su parai\u0161ka d\u0117l naryst\u0117s, po to auditas atliekamas pra\u0117jus 12 m\u0117nesi\u0173 po pri\u0117mimo, o v\u0117liau auditas atliekamas kas ketverius metus. Jei audito metu paai\u0161k\u0117ja, kad nariai nesilaiko pagrindini\u0173 reikalavim\u0173, per 21 dien\u0105 turi i\u0161taisyti tr\u016bkumus, ir tik tada AFRA gali imtis drausmini\u0173 priemoni\u0173 prie\u0161 savo narius.<\/li>\n<li>  AFRA nariai yra \u012fvair\u016bs - nuo ma\u017e\u0173 vieno sunkve\u017eimio savininko valdom\u0173 \u012fmoni\u0173 iki dideli\u0173 tarptautini\u0173 \u012fmoni\u0173, turin\u010di\u0173 daug filial\u0173 Australijoje ir kitose \u0161alyse. <a href=\"https:\/\/moverdb.com\/lt\/juda-imones\/\">u\u017esienyje<\/a>.<\/li>\n<li>  AFRA yra nusta\u010diusi tam tikrus pagrindinius reikalavimus, kuriuos turi atitikti nariai, ir jie yra i\u0161sam\u016bs, susij\u0119 su viskuo - nuo patalp\u0173 iki darbuotoj\u0173, transporto priemoni\u0173, \u012frangos ir draudimo.<\/li>\n<li>  Jei nariai nei\u0161sprend\u017eia skund\u0173 ar pretenzij\u0173, klientas juos gali perduoti AFRA.<\/li>\n<li>  Visi AFRA nariai yra apsidraud\u0119 civilin\u0117s atsakomyb\u0117s draudimu ir yra \u012fgalioti apdrausti tranzito draudimu visas perve\u017eamas prekes ir daiktus.<\/li>\n<\/ol>\n<p><strong>Australijos bald\u0173 perkraustytoj\u0173 asociacijos profilis:<\/strong><\/p>\n<p>AFRA yra oficiali perkraustymo ekspert\u0173 organizacija, kuri suteikia akreditacij\u0105 nariams, ie\u0161kantiems patikimo kokyb\u0117s \u017eenklo, kur\u012f gal\u0117t\u0173 parodyti vartotojams. <\/p>\n<p>AFRA naryst\u0117s akreditacij\u0105 gaus tik tie perkraustymo paslaug\u0173 teik\u0117jai, kurie turi reikiam\u0105 \u012frang\u0105, transporto priemones, patalpas ir apmokytus darbuotojus, kad gal\u0117t\u0173 atlikti profesional\u0173 perkraustym\u0105. Gavusi akreditacij\u0105, organizacija toliau vertina savo narius, siekdama u\u017etikrinti, kad standartai nenukrypt\u0173. <\/p>\n<p>Reikalavimais, kuriuos AFRA kelia savo nariams, siekiama, kad perkraustymo pramon\u0117 tapt\u0173 geresne vieta vartotojams, atsi\u017evelgiant \u012f tokius veiksnius kaip finansin\u0117 apsauga ir geras aptarnavimas. AFRA si\u016blo naryst\u0119 tik Australijos \u012fmon\u0117ms, ta\u010diau jos gali aptarnauti klientus, persikelian\u010dius Australijoje arba <a href=\"https:\/\/moverdb.com\/lt\/tarptautiniai-perkraustymai\/\">u\u017esienyje<\/a>. <\/p>\n<p>AFRA si\u016blo mokymus, informacij\u0105 ir rekomendacijas savo nariams, taip pat informuoja apie naujausias naujienas ir poky\u010dius, turin\u010dius \u012ftakos pramonei.<\/p>\n<p><strong>Naryst\u0117s kriterijai:<\/strong><\/p>\n<p>Naryst\u0117s kriterijai nurodyti ne interneto svetain\u0117je, o parai\u0161kos formoje (kurios taip pat n\u0117ra interneto svetain\u0117je). Naryst\u0117s paket\u0105 galima gauti i\u0161 <a href=\"mailto:admin@afra.com.au\">admin@afra.com.au<\/a>.<\/p>\n<p>Prie\u0161 suteikiant naryst\u0119, kiekvienoje bendrov\u0117je bus atliekamas auditas.<\/p>\n<p><strong>Bendrov\u0117s nar\u0117s<\/strong><\/p>\n<ul>\n<li> <a href=\"https:\/\/moverdb.com\/lt\/conroy-removals\/\">\"Conroy Removals<\/a><\/li>\n<\/ul>\n<p><strong>Nuomon\u0117s apie AFRA:<\/strong><\/p>\n<p>AFRA laikoma kokybi\u0161kos \u012fmon\u0117s rodikliu, o vyriausyb\u0117s interneto svetain\u0117se si\u016bloma u\u017etikrinti, kad perkraustymo paslaug\u0173 teik\u0117jas tur\u0117t\u0173 tinkamus i\u0161teklius, standartus ir \u012fg\u016bd\u017eius perkraustymui atlikti. <\/p>\n<p>Svarbu tai, kad AFRA patvirtina tik tuos, kurie gali profesionaliai atlikti perkraustym\u0105, taip pat tai, kad AFRA nariams keliami reikalavimai tur\u0117ti apsaug\u0105, pvz., \u012fvairius draudimus. <\/p>\n<p>Pabr\u0117\u017eiama, kad jei \u012fmon\u0117 yra AFRA nar\u0117, tai suteikia jos klientams galimyb\u0119 gauti AFRA informacij\u0105 ir b\u016bti u\u017etikrintiems d\u0117l gin\u010d\u0173 sprendimo paslaugos. Internetin\u0117je nuomon\u0117je pabr\u0117\u017eiama, kad \"visi pagrindiniai nacionaliniai <a href=\"https:\/\/moverdb.com\/lt\/international-removals\/\" data-internallinksmanager029f6b8e52c=\"27\" title=\"36 geriausios tarptautinio perkraustymo \u012fmon\u0117s Jungtin\u0117je Karalyst\u0117je\">perkraustymo \u012fmon\u0117s<\/a> yra \u012fsipareigoj\u0119 siekti AFRA idealo.\" <\/p>\n<p>AFRA nario perkraustymo priemon\u0117s naudojimas yra vienas i\u0161 patarim\u0173, kaip persikraustyti. <a href=\"https:\/\/www.allianz.com.au\/home-insurance\/news\/6-tips-on-how-to-hire-the-best-removalists\" target=\"_blank\" rel=\"noopener\">didel\u0117 finansini\u0173 paslaug\u0173 bendrov\u0117<\/a>, kuriame nurodoma, kad Australijos \u012fstatymai nereikalauja, kad perkraustymo paslaug\u0173 teik\u0117jai tur\u0117t\u0173 draudim\u0105, ta\u010diau AFRA reikalauja. Jame taip pat vertinama tai, kad AFRA nariai bus informuoti apie naujausius poky\u010dius ir laikysis minimali\u0173 standart\u0173.<\/p>\n<blockquote><p>AFRA akredituoti perkraustymo specialistai turi atitikti tam tikrus standartus, susijusius su \u012franga, transporto priemon\u0117mis, patalpomis ir darbuotoj\u0173 mokymu, reikalingus profesionaliam perkraustymui atlikti.<\/p><\/blockquote>\n<p>- <a href=\"http:\/\/www.fairtrading.nsw.gov.au\/ftw\/Consumers\/Buying_services\/Hiring_a_removalist.page\" target=\"_blank\" rel=\"noopener\">Naujojo Piet\u0173 Velso vyriausyb\u0117<\/a><\/p>\n<blockquote><p>AFRA yra oficiali Australijos perkraustymo ekspert\u0173 organizacija, kuri padeda reguliuoti perkraustymo pramon\u0119. AFRA akredituoja tik tuos perkraustymo specialistus, kurie turi reikiam\u0105 \u012frang\u0105, transporto priemones, patalpas ir darbuotoj\u0173 mokymus, reikalingus profesionaliam perkraustymui atlikti.<\/p><\/blockquote>\n<p>- <a href=\"http:\/\/www.ashtons.com.au\/afra-accreditation.html\" target=\"_blank\" rel=\"noopener\">A\u0161ton\u0173 perkraustymai<\/a><\/p>\n<p><strong>Interneto svetain\u0117:<\/strong> <a href=\"http:\/\/www.afra.com.au\/\" target=\"_blank\" rel=\"noopener\">http:\/\/www.afra.com.au\/<\/a><\/p>\n<h2>Kiti naudingi Australijos gidai<\/h2>\n<ul>\n<li> <a href=\"https:\/\/moverdb.com\/lt\/konteineriu-kroviniu-gabenimas\/australija\/\">2024 J\u016br\u0173 krovini\u0173 gabenimo konteineriais \u012f Australij\u0105 ir i\u0161 jos kainos<\/a><\/li>\n<li> <a href=\"https:\/\/moverdb.com\/lt\/juda-imones\/australija-2\/\">17 Geriausios tarptautin\u0117s perkraustymo \u012fmon\u0117s Australijoje<\/a><\/li>\n<li> <a href=\"https:\/\/moverdb.com\/lt\/geriausios-tarptautines-pinigu-pervedimo-paslaugos\/money-transfer-companies-australia\/\">10 geriausi\u0173 pinig\u0173 pervedimo bendrovi\u0173 Australijoje<\/a><\/li>\n<li> <a href=\"https:\/\/moverdb.com\/lt\/persikelimas-i-australija\/\">Persik\u0117limas \u012f Australij\u0105? 2024 Gyvenimo i\u0161laidos ir persik\u0117limo patarimai<\/a><\/li>\n<li> <a href=\"https:\/\/moverdb.com\/lt\/persikelimas-i-australija\/best-places-to-live-australia\/\">13 geriausi\u0173 viet\u0173 gyventi Australijoje<\/a><\/li>\n<li> <a href=\"https:\/\/moverdb.com\/lt\/persikelimas-i-australija\/living-in-australia\/\">21 paslap\u010di\u0173 apie gyvenim\u0105 Australijoje, kurias reikia \u017einoti prie\u0161 persikeliant<\/a><\/li>\n<li> <a href=\"https:\/\/moverdb.com\/lt\/persikelimas-i-australija\/moving-to-australia-from-the-us\/\">Persik\u0117limas \u012f Australij\u0105 i\u0161 JAV<\/a><\/li>\n<li> <a href=\"https:\/\/moverdb.com\/lt\/konteineriu-kroviniu-gabenimas\/to-australia-from-the-united-states\/\">Konteineri\u0173 gabenimo \u012f Australij\u0105 i\u0161 JAV s\u0105naudos<\/a><\/li>\n<li> <a href=\"https:\/\/moverdb.com\/lt\/persikelimas-i-australija\/moving-to-australia-from-the-uk\/\">Persik\u0117limas \u012f Australij\u0105 i\u0161 JK<\/a><\/li>\n<li> <a href=\"https:\/\/moverdb.com\/lt\/konteineriu-kroviniu-gabenimas\/to-australia-from-the-uk\/\">Konteineri\u0173 gabenimo \u012f Australij\u0105 i\u0161 JK s\u0105naudos ir laikas<\/a><\/li>\n<li> <a href=\"https:\/\/moverdb.com\/lt\/persikelimas-i-australija\/moving-to-australia-from-bahrain\/\">Persik\u0117limas \u012f Australij\u0105 i\u0161 Bahreino<\/a><\/li>\n<li> <a href=\"https:\/\/moverdb.com\/lt\/persikelimas-i-australija\/moving-to-australia-from-the-uae\/\">Persik\u0117limas \u012f Australij\u0105 i\u0161 Dubajaus ir JAE<\/a><\/li>\n<li> <a href=\"https:\/\/moverdb.com\/lt\/konteineriu-kroviniu-gabenimas\/to-australia-from-dubai\/\">Konteineri\u0173 gabenimo \u012f Australij\u0105 i\u0161 Dubajaus s\u0105naudos ir laikas<\/a><\/li>\n<li> <a href=\"https:\/\/moverdb.com\/lt\/konteineriu-kroviniu-gabenimas\/to-australia-from-uae\/\">Konteineri\u0173 gabenimo \u012f Australij\u0105 i\u0161 JAE s\u0105naudos ir laikas<\/a><\/li>\n<li> <a href=\"https:\/\/moverdb.com\/lt\/persikelimas-i-australija\/moving-to-australia-from-kuwait\/\">Persik\u0117limas \u012f Australij\u0105 i\u0161 Kuveito<\/a><\/li>\n<li> <a href=\"https:\/\/moverdb.com\/lt\/persikelimas-i-australija\/moving-to-australia-from-qatar\/\">Persik\u0117limas \u012f Australij\u0105 i\u0161 Kataro<\/a><\/li>\n<li> <a href=\"https:\/\/moverdb.com\/lt\/konteineriu-kroviniu-gabenimas\/to-australia-from-qatar\/\">Konteineri\u0173 gabenimo \u012f Australij\u0105 i\u0161 Kataro s\u0105naudos ir laikas<\/a><\/li>\n<li> <a href=\"https:\/\/moverdb.com\/lt\/persikelimas-i-australija\/moving-to-perth\/\">Persik\u0117limas \u012f Pert\u0105? 2024 Gyvenimo i\u0161laidos ir persik\u0117limo patarimai<\/a><\/li>\n<li> <a href=\"https:\/\/moverdb.com\/lt\/persikelimas-i-australija\/moving-to-australia-from-singapore\/\">Persik\u0117limas \u012f Australij\u0105 i\u0161 Singap\u016bro<\/a><\/li>\n<li> <a href=\"https:\/\/moverdb.com\/lt\/konteineriu-kroviniu-gabenimas\/to-australia-from-singapore\/\">Konteineri\u0173 gabenimo \u012f Australij\u0105 i\u0161 Singap\u016bro s\u0105naudos ir laikas<\/a><\/li>\n<li> <a href=\"https:\/\/moverdb.com\/lt\/persikelimas-i-australija\/moving-to-australia-from-south-africa\/\">Persik\u0117limas \u012f Australij\u0105 i\u0161 Piet\u0173 Afrikos<\/a><\/li>\n<li> <a href=\"https:\/\/moverdb.com\/lt\/konteineriu-kroviniu-gabenimas\/to-australia-from-canada\/\">Konteineri\u0173 gabenimo \u012f Australij\u0105 i\u0161 Kanados i\u0161laidos<\/a><\/li>\n<li> <a href=\"https:\/\/moverdb.com\/lt\/konteineriu-kroviniu-gabenimas\/to-australia-from-new-zealand\/\">Konteineri\u0173 gabenimo \u012f Australij\u0105 i\u0161 Naujosios Zelandijos i\u0161laidos<\/a><\/li>\n<li> <a href=\"https:\/\/moverdb.com\/lt\/persikelimas-i-australija\/moving-to-hobart\/\">Persik\u0117limas \u012f Hobart\u0105? 2024 Gyvenimo i\u0161laidos ir persik\u0117limo patarimai<\/a><\/li>\n<li> <a href=\"https:\/\/moverdb.com\/lt\/persikelimas-i-australija\/moving-to-gold-coast\/\">Persik\u0117limas \u012f Gold Coast? 2024 Gyvenimo i\u0161laidos ir persik\u0117limo patarimai<\/a><\/li>\n<li> <a href=\"https:\/\/moverdb.com\/lt\/persikelimas-i-australija\/moving-to-melbourne\/\">Persik\u0117limas \u012f Melburn\u0105? 2024 Gyvenimo i\u0161laidos ir persik\u0117limo patarimai<\/a><\/li>\n<\/ul>","protected":false},"excerpt":{"rendered":"<p>The Australian Furniture Removers Association (AFRA) describes itself both as a representative of, and regulator of, the removals industry in Australia. It has broad geographic reach within Australia and is often cited as a mark of quality. Key facts about the AFRA: Currently, around 350 furniture removal and associated companies are members of AFRA. The [&hellip;]<\/p>\n","protected":false},"author":1,"featured_media":0,"parent":0,"menu_order":0,"comment_status":"closed","ping_status":"closed","template":"","meta":{"_genesis_hide_title":false,"_genesis_hide_breadcrumbs":false,"_genesis_hide_singular_image":false,"_genesis_hide_footer_widgets":false,"_genesis_custom_body_class":"","_genesis_custom_post_class":"","_genesis_layout":"","footnotes":""},"class_list":{"0":"post-435","1":"page","2":"type-page","3":"status-publish","5":"entry"},"_links":{"self":[{"href":"https:\/\/moverdb.com\/lt\/wp-json\/wp\/v2\/pages\/435","targetHints":{"allow":["GET"]}}],"collection":[{"href":"https:\/\/moverdb.com\/lt\/wp-json\/wp\/v2\/pages"}],"about":[{"href":"https:\/\/moverdb.com\/lt\/wp-json\/wp\/v2\/types\/page"}],"author":[{"embeddable":true,"href":"https:\/\/moverdb.com\/lt\/wp-json\/wp\/v2\/users\/1"}],"replies":[{"embeddable":true,"href":"https:\/\/moverdb.com\/lt\/wp-json\/wp\/v2\/comments?post=435"}],"version-history":[{"count":11,"href":"https:\/\/moverdb.com\/lt\/wp-json\/wp\/v2\/pages\/435\/revisions"}],"predecessor-version":[{"id":17997,"href":"https:\/\/moverdb.com\/lt\/wp-json\/wp\/v2\/pages\/435\/revisions\/17997"}],"wp:attachment":[{"href":"https:\/\/moverdb.com\/lt\/wp-json\/wp\/v2\/media?parent=435"}],"curies":[{"name":"wp","href":"https:\/\/api.w.org\/{rel}","templated":true}]}}