{"id":4333,"date":"2022-07-23T02:03:57","date_gmt":"2022-07-23T02:03:57","guid":{"rendered":"https:\/\/moverdb.com\/?page_id=4333"},"modified":"2026-01-08T13:20:02","modified_gmt":"2026-01-08T13:20:02","slug":"islandija","status":"publish","type":"page","link":"https:\/\/moverdb.com\/lt\/container-shipping\/iceland\/","title":{"rendered":"2023 m. J\u016br\u0173 krovini\u0173 gabenimo konteineriais \u012f Islandij\u0105 ir i\u0161 jos kainos"},"content":{"rendered":"<div class=\"wp-block-image\">\r\n<figure class=\"aligncenter size-full\"><img loading=\"lazy\" decoding=\"async\" width=\"1000\" height=\"664\" src=\"https:\/\/moverdb.com\/wp-content\/uploads\/iceland.jpg\" alt=\"Reikjaviko (Islandija) vaizdas i\u0161 oro \u017eiem\u0105\" class=\"wp-image-4328\" srcset=\"https:\/\/moverdb.com\/wp-content\/uploads\/iceland.jpg 1000w, https:\/\/moverdb.com\/wp-content\/uploads\/iceland-300x200.jpg 300w, https:\/\/moverdb.com\/wp-content\/uploads\/iceland-18x12.jpg 18w, https:\/\/moverdb.com\/wp-content\/uploads\/iceland-600x398.jpg 600w\" sizes=\"auto, (max-width: 1000px) 100vw, 1000px\" \/><\/figure>\r\n<\/div>\r\n\r\n\r\n<p><strong><a href=\"https:\/\/moverdb.com\/lt\/moving-to-iceland\/\" data-internallinksmanager029f6b8e52c=\"434\" title=\"Persik\u0117limas \u012f Islandij\u0105? 2023 m. pragyvenimo i\u0161laidos ir persik\u0117limo patarimai\">Islandija<\/a><\/strong> daugumai \u017emoni\u0173, kurie niekada n\u0117ra ten buv\u0119, kyla mintis apie \u0161alt\u012f ir led\u0105, ta\u010diau paklauskite bet kurio ten gyvenan\u010dio emigranto, ir jis pasakys, kad i\u0161 tikr\u0173j\u0173 tai viena gra\u017eiausi\u0173 viet\u0173 \u017dem\u0117je.<\/p>\r\n\r\n\r\n\r\n<p>\u0160i \u0160iaur\u0117s Europos \u0161alis gars\u0117ja gamtos vaizdais, kuriuose gausu ledyn\u0173, geizeri\u0173, tryk\u0161tan\u010di\u0173 ugnikalni\u0173 ir kar\u0161t\u0173j\u0173 \u0161altini\u0173. Gyvenimo kokyb\u0117 Islandijoje taip pat vertinama itin auk\u0161tai visuose s\u0105ra\u0161uose. \u0160alis si\u016blo puikias darbo galimybes, didelius atlyginimus, puikias socialines i\u0161mokas, didel\u012f saugum\u0105 ir dar daugiau.<\/p>\r\n\r\n\r\n\r\n<p>Nereikia n\u0117 sakyti, kad nam\u0173 apyvokos daikt\u0173 gabenimas \u012f \u0161i\u0105 \u0160iaur\u0117s Europos sal\u0105 gali kainuoti \u0161iek tiek brangiau.<\/p>\r\n\r\n\r\n\r\n<p>\u0160iame straipsnyje mes parod\u0117me visas ma\u017eiausias Islandijos <a href=\"https:\/\/moverdb.com\/lt\/container-shipping\/\" data-internallinksmanager029f6b8e52c=\"3\" title=\"Tarptautini\u0173 konteineri\u0173 gabenimo tarif\u0173 diagrama: 2026 m. baland\u017eio m\u0117n.\">konteineri\u0173 gabenimo tarifai<\/a> kuriuos gal\u0117jome rasti \u012f Reikjav\u012f (Islandija) ir i\u0161 jo.<\/p>\r\n\r\n\r\n\r\n<p>Naudodamiesi \u0161io puslapio vir\u0161uje esan\u010diu nemokamu kain\u0173 nustatymo \u012frankiu taip pat galite su\u017einoti tiksli\u0105 siuntos \u012f j\u016bs\u0173 vietov\u0119 arba i\u0161 jos kain\u0105.<\/p>\r\n\r\n\r\n\r\n<div id=\"ez-toc-container\" class=\"ez-toc-v2_0_82_2 ez-toc-wrap-left counter-hierarchy ez-toc-counter ez-toc-transparent ez-toc-container-direction\">\n<div class=\"ez-toc-title-container\">\n<p class=\"ez-toc-title\" style=\"cursor:inherit\">Skyriai<\/p>\n<span class=\"ez-toc-title-toggle\"><a href=\"#\" class=\"ez-toc-pull-right ez-toc-btn ez-toc-btn-xs ez-toc-btn-default ez-toc-toggle\" aria-label=\"Perjungti turinio lentel\u0119\"><span class=\"ez-toc-js-icon-con\"><span class=\"\"><span class=\"eztoc-hide\" style=\"display:none;\">Perjungti<\/span><span class=\"ez-toc-icon-toggle-span\"><svg style=\"fill: #999;color:#999\" xmlns=\"http:\/\/www.w3.org\/2000\/svg\" class=\"list-377408\" width=\"20px\" height=\"20px\" viewbox=\"0 0 24 24\" fill=\"none\"><path d=\"M6 6H4v2h2V6zm14 0H8v2h12V6zM4 11h2v2H4v-2zm16 0H8v2h12v-2zM4 16h2v2H4v-2zm16 0H8v2h12v-2z\" fill=\"currentColor\"><\/path><\/svg><svg style=\"fill: #999;color:#999\" class=\"arrow-unsorted-368013\" xmlns=\"http:\/\/www.w3.org\/2000\/svg\" width=\"10px\" height=\"10px\" viewbox=\"0 0 24 24\" version=\"1.2\" baseprofile=\"tiny\"><path d=\"M18.2 9.3l-6.2-6.3-6.2 6.3c-.2.2-.3.4-.3.7s.1.5.3.7c.2.2.4.3.7.3h11c.3 0 .5-.1.7-.3.2-.2.3-.5.3-.7s-.1-.5-.3-.7zM5.8 14.7l6.2 6.3 6.2-6.3c.2-.2.3-.5.3-.7s-.1-.5-.3-.7c-.2-.2-.4-.3-.7-.3h-11c-.3 0-.5.1-.7.3-.2.2-.3.5-.3.7s.1.5.3.7z\"\/><\/svg><\/span><\/span><\/span><\/a><\/span><\/div>\n<nav><ul class='ez-toc-list ez-toc-list-level-1 eztoc-toggle-hide-by-default' ><li class='ez-toc-page-1 ez-toc-heading-level-2'><a class=\"ez-toc-link ez-toc-heading-1\" href=\"https:\/\/moverdb.com\/lt\/container-shipping\/iceland\/#Shipping_Container_Costs_to_Iceland_Reykjavik\" >Konteineri\u0173 gabenimo \u012f Islandij\u0105 (Reikjavik\u0105) i\u0161laidos<\/a><\/li><li class='ez-toc-page-1 ez-toc-heading-level-2'><a class=\"ez-toc-link ez-toc-heading-2\" href=\"https:\/\/moverdb.com\/lt\/container-shipping\/iceland\/#Shipping_Container_Costs_from_Iceland_Reykjavik\" >Konteineri\u0173 gabenimo i\u0161laidos i\u0161 Islandijos (Reikjaviko)<\/a><ul class='ez-toc-list-level-3' ><li class='ez-toc-heading-level-3'><a class=\"ez-toc-link ez-toc-heading-3\" href=\"https:\/\/moverdb.com\/lt\/container-shipping\/iceland\/#Notes_about_data\" >Pastabos apie duomenis:<\/a><\/li><\/ul><\/li><li class='ez-toc-page-1 ez-toc-heading-level-2'><a class=\"ez-toc-link ez-toc-heading-4\" href=\"https:\/\/moverdb.com\/lt\/container-shipping\/iceland\/#Other_Useful_Guides_to_Iceland\" >Kiti naudingi Islandijos gidai<\/a><\/li><\/ul><\/nav><\/div>\n<h2 class=\"wp-block-heading\"><span class=\"ez-toc-section\" id=\"Shipping_Container_Costs_to_Iceland_Reykjavik\"><\/span>Konteineri\u0173 gabenimo \u012f Islandij\u0105 (Reikjavik\u0105) i\u0161laidos<span class=\"ez-toc-section-end\"><\/span><\/h2>\r\n\r\n\r\n<div class=\"wp-block-image\">\r\n<figure class=\"aligncenter size-large\"><img loading=\"lazy\" decoding=\"async\" width=\"1024\" height=\"539\" src=\"https:\/\/moverdb.com\/wp-content\/uploads\/Shipping-Container-Costs-to-Iceland-1024x539.png\" alt=\"Konteineri\u0173 gabenimo \u012f Islandij\u0105 (Reikjavik\u0105) i\u0161laidos\" class=\"wp-image-4335\" srcset=\"https:\/\/moverdb.com\/wp-content\/uploads\/Shipping-Container-Costs-to-Iceland-1024x539.png 1024w, https:\/\/moverdb.com\/wp-content\/uploads\/Shipping-Container-Costs-to-Iceland-300x158.png 300w, https:\/\/moverdb.com\/wp-content\/uploads\/Shipping-Container-Costs-to-Iceland-1536x809.png 1536w, https:\/\/moverdb.com\/wp-content\/uploads\/Shipping-Container-Costs-to-Iceland-18x9.png 18w, https:\/\/moverdb.com\/wp-content\/uploads\/Shipping-Container-Costs-to-Iceland-600x316.png 600w, https:\/\/moverdb.com\/wp-content\/uploads\/Shipping-Container-Costs-to-Iceland.png 2000w\" sizes=\"auto, (max-width: 1024px) 100vw, 1024px\" \/><\/figure>\r\n<\/div>\r\n\r\n\n<table id=\"tablepress-119\" class=\"tablepress tablepress-id-119\">\n<thead>\n<tr class=\"row-1\">\n\t<th class=\"column-1\">Paskirties \u0161alis (<a href=\"https:\/\/moverdb.com\/lt\/top-49-container-ports\/\" data-internallinksmanager029f6b8e52c=\"80\" title=\"49 did\u017eiausi ir labiausiai apkrauti konteineri\u0173 uostai 2025 m.\">Uostas<\/a>\/miestas)<\/th><th class=\"column-2\">20FT<\/th><th class=\"column-3\">40FT<\/th>\n<\/tr>\n<\/thead>\n<tbody class=\"row-striping row-hover\">\n<tr class=\"row-2\">\n\t<td class=\"column-1\"><a href=\"https:\/\/moverdb.com\/lt\/container-shipping\/andorra\/\" data-internallinksmanager029f6b8e52c=\"88\" title=\"2023 m. J\u016br\u0173 krovini\u0173 gabenimo konteineriais \u012f Andor\u0105 ir i\u0161 jos \u012fkainiai\">Andora (Andora la Vella)<\/a><\/td><td class=\"column-2\">$990<\/td><td class=\"column-3\">$1,662<\/td>\n<\/tr>\n<tr class=\"row-3\">\n\t<td class=\"column-1\"><a href=\"https:\/\/moverdb.com\/lt\/container-shipping\/australia\/\" data-internallinksmanager029f6b8e52c=\"89\" title=\"2026 m. konteineri\u0173 gabenimo \u012f Australij\u0105 ir i\u0161 jos kainos\">Australija (Sidn\u0117jus)<\/a><\/td><td class=\"column-2\">$1,511<\/td><td class=\"column-3\">$2,464<\/td>\n<\/tr>\n<tr class=\"row-4\">\n\t<td class=\"column-1\"><a href=\"https:\/\/moverdb.com\/lt\/container-shipping\/bangladesh\/\" data-internallinksmanager029f6b8e52c=\"97\" title=\"2022 J\u016br\u0173 krovini\u0173 gabenimo konteineriais \u012f Banglade\u0161\u0105 ir i\u0161 jo \u012fkainiai\">Banglade\u0161as (\u010citagongas)<\/a><\/td><td class=\"column-2\">$1,463<\/td><td class=\"column-3\">$2,016<\/td>\n<\/tr>\n<tr class=\"row-5\">\n\t<td class=\"column-1\"><a href=\"https:\/\/moverdb.com\/lt\/container-shipping\/belgium\/\" data-internallinksmanager029f6b8e52c=\"86\" title=\"2023 m. J\u016br\u0173 krovini\u0173 gabenimo konteineriais \u012f Belgij\u0105 ir i\u0161 jos \u012fkainiai\">Belgija (Antverpenas)<\/a><\/td><td class=\"column-2\">$2,794<\/td><td class=\"column-3\">$4,274<\/td>\n<\/tr>\n<tr class=\"row-6\">\n\t<td class=\"column-1\"><a href=\"https:\/\/moverdb.com\/lt\/moving-to-canada\/\" data-internallinksmanager029f6b8e52c=\"265\" title=\"Persik\u0117limas \u012f Kanad\u0105? 2023 m. gyvenimo i\u0161laidos ir persik\u0117limo patarimai\">Kanada<\/a> (<a href=\"https:\/\/moverdb.com\/lt\/moving-to-canada\/moving-to-vancouver\/\" data-internallinksmanager029f6b8e52c=\"438\" title=\"Persikraustote \u012f Vankuver\u012f? 2023 m. pragyvenimo i\u0161laidos ir persik\u0117limo patarimai\">Vankuveris<\/a>)<\/td><td class=\"column-2\">$5,789<\/td><td class=\"column-3\">$7,145<\/td>\n<\/tr>\n<tr class=\"row-7\">\n\t<td class=\"column-1\"><a href=\"https:\/\/moverdb.com\/lt\/container-shipping\/china\/\" data-internallinksmanager029f6b8e52c=\"105\" title=\"2023 m. J\u016br\u0173 krovini\u0173 gabenimo konteineriais \u012f Kinij\u0105 ir i\u0161 jos \u012fkainiai\">Kinija (\u0160anchajus)<\/a><\/td><td class=\"column-2\">$3,960<\/td><td class=\"column-3\">$7,350<\/td>\n<\/tr>\n<tr class=\"row-8\">\n\t<td class=\"column-1\"><a href=\"https:\/\/moverdb.com\/lt\/container-shipping\/croatia\/\" data-internallinksmanager029f6b8e52c=\"107\" title=\"2023 m. J\u016br\u0173 krovini\u0173 gabenimo konteineriais \u012f Kroatij\u0105 ir i\u0161 jos kainos\">Kroatija (Rijeka)<\/a><\/td><td class=\"column-2\">$3,883<\/td><td class=\"column-3\">$5,513<\/td>\n<\/tr>\n<tr class=\"row-9\">\n\t<td class=\"column-1\"><a href=\"https:\/\/moverdb.com\/lt\/container-shipping\/germany\/\" data-internallinksmanager029f6b8e52c=\"118\" title=\"2023 m. J\u016br\u0173 krovini\u0173 gabenimo konteineriais \u012f Vokietij\u0105 ir i\u0161 jos \u012fkainiai\">Vokietija (Hamburgas)<\/a><\/td><td class=\"column-2\">$2,915<\/td><td class=\"column-3\">$4,326<\/td>\n<\/tr>\n<tr class=\"row-10\">\n\t<td class=\"column-1\"><a href=\"https:\/\/moverdb.com\/lt\/container-shipping\/guernsey\/\" data-internallinksmanager029f6b8e52c=\"121\" title=\"2023 m. J\u016br\u0173 krovini\u0173 gabenimo konteineriais \u012f Gerns\u012f ir i\u0161 jo \u012fkainiai\">Gernsis (St Peter Port)<\/a><\/td><td class=\"column-2\">$3,188<\/td><td class=\"column-3\">$4,628<\/td>\n<\/tr>\n<tr class=\"row-11\">\n\t<td class=\"column-1\"><a href=\"https:\/\/moverdb.com\/lt\/container-shipping\/hong-kong\/\" data-internallinksmanager029f6b8e52c=\"123\" title=\"2023 m. J\u016br\u0173 krovini\u0173 gabenimo konteineriais \u012f Honkong\u0105 ir i\u0161 jo kainos\">Honkongas (Honkongas)<\/a><\/td><td class=\"column-2\">$1,155<\/td><td class=\"column-3\">$2,111<\/td>\n<\/tr>\n<tr class=\"row-12\">\n\t<td class=\"column-1\"><a href=\"https:\/\/moverdb.com\/lt\/container-shipping\/india\/\" data-internallinksmanager029f6b8e52c=\"125\" title=\"2023 m. J\u016br\u0173 krovini\u0173 gabenimo konteineriais \u012f Indij\u0105 ir i\u0161 Indijos kainos\">Indija (Mumbajus)<\/a><\/td><td class=\"column-2\">$5,335<\/td><td class=\"column-3\">$6,720<\/td>\n<\/tr>\n<tr class=\"row-13\">\n\t<td class=\"column-1\"><a href=\"https:\/\/moverdb.com\/lt\/container-shipping\/italy\/\" data-internallinksmanager029f6b8e52c=\"130\" title=\"2023 m. J\u016br\u0173 krovini\u0173 gabenimo konteineriais \u012f Italij\u0105 ir i\u0161 jos \u012fkainiai\">Italija (Triestas)<\/a><\/td><td class=\"column-2\">$3,883<\/td><td class=\"column-3\">$5,513<\/td>\n<\/tr>\n<tr class=\"row-14\">\n\t<td class=\"column-1\"><a href=\"https:\/\/moverdb.com\/lt\/container-shipping\/jersey\/\" data-internallinksmanager029f6b8e52c=\"132\" title=\"2023 m. Krovini\u0173 gabenimo j\u016bra konteineriais \u012f D\u017eers\u012f ir i\u0161 jo \u012fkainiai\">D\u017eersis (St Helier)<\/a><\/td><td class=\"column-2\">$3,188<\/td><td class=\"column-3\">$4,628<\/td>\n<\/tr>\n<tr class=\"row-15\">\n\t<td class=\"column-1\"><a href=\"https:\/\/moverdb.com\/lt\/container-shipping\/lithuania\/\" data-internallinksmanager029f6b8e52c=\"145\" title=\"2023 m. J\u016br\u0173 krovini\u0173 gabenimo konteineriais \u012f Lietuv\u0105 ir i\u0161 jos \u012fkainiai\">Lietuva (Klaip\u0117da)<\/a><\/td><td class=\"column-2\">$3,289<\/td><td class=\"column-3\">$4,757<\/td>\n<\/tr>\n<tr class=\"row-16\">\n\t<td class=\"column-1\"><a href=\"https:\/\/moverdb.com\/lt\/moving-to-luxembourg\/\" data-internallinksmanager029f6b8e52c=\"349\" title=\"Persik\u0117limas \u012f Liuksemburg\u0105? 2023 Gyvenimo i\u0161laidos ir persik\u0117limo patarimai\">Liuksemburgas<\/a><\/td><td class=\"column-2\">$2,882<\/td><td class=\"column-3\">$4,274<\/td>\n<\/tr>\n<tr class=\"row-17\">\n\t<td class=\"column-1\"><a href=\"https:\/\/moverdb.com\/lt\/container-shipping\/netherlands\/\" data-internallinksmanager029f6b8e52c=\"151\" title=\"2023 m. J\u016br\u0173 krovini\u0173 gabenimo konteineriais \u012f Nyderlandus ir i\u0161 j\u0173 \u012fkainiai\">Nyderlandai (Roterdamas)<\/a><\/td><td class=\"column-2\">$2,794<\/td><td class=\"column-3\">$4,274<\/td>\n<\/tr>\n<tr class=\"row-18\">\n\t<td class=\"column-1\"><a href=\"https:\/\/moverdb.com\/lt\/container-shipping\/pakistan\/\" data-internallinksmanager029f6b8e52c=\"155\" title=\"2023 m. J\u016br\u0173 krovini\u0173 gabenimo konteineriais \u012f Pakistan\u0105 ir i\u0161 jo kainos\">Pakistanas (Kara\u010dis)<\/a><\/td><td class=\"column-2\">$2,233<\/td><td class=\"column-3\">$2,793<\/td>\n<\/tr>\n<tr class=\"row-19\">\n\t<td class=\"column-1\"><a href=\"https:\/\/moverdb.com\/lt\/container-shipping\/poland\/\" data-internallinksmanager029f6b8e52c=\"157\" title=\"2023 m. J\u016br\u0173 krovini\u0173 gabenimo konteineriais \u012f Lenkij\u0105 ir i\u0161 jos \u012fkainiai\">Lenkija (Gdanskas)<\/a><\/td><td class=\"column-2\">$3,289<\/td><td class=\"column-3\">$4,757<\/td>\n<\/tr>\n<tr class=\"row-20\">\n\t<td class=\"column-1\"><a href=\"https:\/\/moverdb.com\/lt\/container-shipping\/russia\/\" data-internallinksmanager029f6b8e52c=\"160\" title=\"2023 m. J\u016br\u0173 krovini\u0173 gabenimo konteineriais \u012f Rusij\u0105 ir i\u0161 jos \u012fkainiai\">Rusija (Sankt Peterburgas)<\/a><\/td><td class=\"column-2\">$2,805<\/td><td class=\"column-3\">$4,200<\/td>\n<\/tr>\n<tr class=\"row-21\">\n\t<td class=\"column-1\"><a href=\"https:\/\/moverdb.com\/lt\/container-shipping\/slovenia\/\" data-internallinksmanager029f6b8e52c=\"181\" title=\"2023 m. J\u016br\u0173 krovini\u0173 gabenimo konteineriais \u012f Slov\u0117nij\u0105 ir i\u0161 jos \u012fkainiai\">Slov\u0117nija (Koperis)<\/a><\/td><td class=\"column-2\">$3,883<\/td><td class=\"column-3\">$5,513<\/td>\n<\/tr>\n<tr class=\"row-22\">\n\t<td class=\"column-1\"><a href=\"https:\/\/moverdb.com\/lt\/container-shipping\/south-korea\/\" data-internallinksmanager029f6b8e52c=\"180\" title=\"2023 m. J\u016br\u0173 krovini\u0173 gabenimo konteineriais \u012f Piet\u0173 Kor\u0117j\u0105 ir i\u0161 jos \u012fkainiai\">Piet\u0173 Kor\u0117ja (Busanas)<\/a><\/td><td class=\"column-2\">$7,306<\/td><td class=\"column-3\">$13,737<\/td>\n<\/tr>\n<tr class=\"row-23\">\n\t<td class=\"column-1\"><a href=\"https:\/\/moverdb.com\/lt\/container-shipping\/spain\/\" data-internallinksmanager029f6b8e52c=\"182\" title=\"2023 m. J\u016br\u0173 krovini\u0173 gabenimo konteineriais \u012f Ispanij\u0105 ir i\u0161 jos kainos\">Ispanija (Valensija)<\/a><\/td><td class=\"column-2\">$1,067<\/td><td class=\"column-3\">$1,596<\/td>\n<\/tr>\n<tr class=\"row-24\">\n\t<td class=\"column-1\"><a href=\"https:\/\/moverdb.com\/lt\/container-shipping\/thailand\/\" data-internallinksmanager029f6b8e52c=\"189\" title=\"2023 m. J\u016br\u0173 krovini\u0173 gabenimo konteineriais \u012f Tailand\u0105 ir i\u0161 jo kainos\">Tailandas (Laem \u010cabangas)<\/a><\/td><td class=\"column-2\">$4,246<\/td><td class=\"column-3\">$7,886<\/td>\n<\/tr>\n<tr class=\"row-25\">\n\t<td class=\"column-1\"><a href=\"https:\/\/moverdb.com\/lt\/moving-to-the-united-states\/\" data-internallinksmanager029f6b8e52c=\"94\" title=\"Persik\u0117limas \u012f Jungtines Amerikos Valstijas? 2022 Gyvenimo i\u0161laidos ir persik\u0117limo patarimai\">JAV<\/a> (<a href=\"https:\/\/moverdb.com\/lt\/moving-to-los-angeles\/\" data-internallinksmanager029f6b8e52c=\"51\" title=\"Persikraustote \u012f Los And\u017eel\u0105? 2026 m. gyvenimo Los And\u017eele i\u0161laidos ir persik\u0117limo patarimai\">Los And\u017eelas<\/a>)<\/td><td class=\"column-2\">$1,625<\/td><td class=\"column-3\">$1,855<\/td>\n<\/tr>\n<tr class=\"row-26\">\n\t<td class=\"column-1\"><a href=\"https:\/\/moverdb.com\/lt\/container-shipping\/united-states\/\" data-internallinksmanager029f6b8e52c=\"87\" title=\"2023 m. J\u016br\u0173 krovini\u0173 gabenimo konteineriais \u012f JAV ir i\u0161 JAV kainos\">JAV (Niujorkas)<\/a><\/td><td class=\"column-2\">$2,452<\/td><td class=\"column-3\">$2,398<\/td>\n<\/tr>\n<tr class=\"row-27\">\n\t<td class=\"column-1\"><a href=\"https:\/\/moverdb.com\/lt\/container-shipping\/vietnam\/\" data-internallinksmanager029f6b8e52c=\"245\" title=\"2023 m. J\u016br\u0173 krovini\u0173 gabenimo konteineriais \u012f Vietnam\u0105 ir i\u0161 jo kainos\">Vietnamas (Saigonas)<\/a><\/td><td class=\"column-2\">$4,378<\/td><td class=\"column-3\">$8,148<\/td>\n<\/tr>\n<\/tbody>\n<\/table>\n<!-- #tablepress-119 from cache -->\n\r\n\r\n\r\n<h2 class=\"wp-block-heading\"><span class=\"ez-toc-section\" id=\"Shipping_Container_Costs_from_Iceland_Reykjavik\"><\/span>Konteineri\u0173 gabenimo i\u0161laidos i\u0161 Islandijos (Reikjaviko)<span class=\"ez-toc-section-end\"><\/span><\/h2>\r\n\r\n\r\n<div class=\"wp-block-image\">\r\n<figure class=\"aligncenter size-large\"><img loading=\"lazy\" decoding=\"async\" width=\"1024\" height=\"539\" src=\"https:\/\/moverdb.com\/wp-content\/uploads\/Shipping-Container-Costs-from-Iceland-1024x539.png\" alt=\"Konteineri\u0173 gabenimo i\u0161laidos i\u0161 Islandijos (Reikjaviko)\" class=\"wp-image-4336\" srcset=\"https:\/\/moverdb.com\/wp-content\/uploads\/Shipping-Container-Costs-from-Iceland-1024x539.png 1024w, https:\/\/moverdb.com\/wp-content\/uploads\/Shipping-Container-Costs-from-Iceland-300x158.png 300w, https:\/\/moverdb.com\/wp-content\/uploads\/Shipping-Container-Costs-from-Iceland-1536x809.png 1536w, https:\/\/moverdb.com\/wp-content\/uploads\/Shipping-Container-Costs-from-Iceland-18x9.png 18w, https:\/\/moverdb.com\/wp-content\/uploads\/Shipping-Container-Costs-from-Iceland-600x316.png 600w, https:\/\/moverdb.com\/wp-content\/uploads\/Shipping-Container-Costs-from-Iceland.png 2000w\" sizes=\"auto, (max-width: 1024px) 100vw, 1024px\" \/><\/figure>\r\n<\/div>\r\n\r\n\n<table id=\"tablepress-120\" class=\"tablepress tablepress-id-120\">\n<thead>\n<tr class=\"row-1\">\n\t<th class=\"column-1\">Paskirties \u0161alis (uostas \/ miestas)<\/th><th class=\"column-2\">20FT<\/th><th class=\"column-3\">40FT<\/th>\n<\/tr>\n<\/thead>\n<tbody class=\"row-striping row-hover\">\n<tr class=\"row-2\">\n\t<td class=\"column-1\">Andora (Andora la Vella)<\/td><td class=\"column-2\">$949<\/td><td class=\"column-3\">$1,220<\/td>\n<\/tr>\n<tr class=\"row-3\">\n\t<td class=\"column-1\"><a href=\"https:\/\/moverdb.com\/lt\/container-shipping\/antigua-and-barbuda\/\" data-internallinksmanager029f6b8e52c=\"92\" title=\"2023 m. J\u016br\u0173 krovini\u0173 gabenimo konteineriais \u012f Antigv\u0105 ir Barbud\u0105 ir i\u0161 jos \u012fkainiai\">Antigva ir Barbuda (Sent D\u017eonas)<\/a><\/td><td class=\"column-2\">$3,058<\/td><td class=\"column-3\">$5,300<\/td>\n<\/tr>\n<tr class=\"row-4\">\n\t<td class=\"column-1\"><a href=\"https:\/\/moverdb.com\/lt\/container-shipping\/argentina\/\" data-internallinksmanager029f6b8e52c=\"91\" title=\"2023 m. J\u016br\u0173 krovini\u0173 gabenimo konteineriais \u012f Argentin\u0105 ir i\u0161 jos kainos\">Argentina (Buenos Air\u0117s)<\/a><\/td><td class=\"column-2\">$2,045<\/td><td class=\"column-3\">$3,617<\/td>\n<\/tr>\n<tr class=\"row-5\">\n\t<td class=\"column-1\"><a href=\"https:\/\/moverdb.com\/lt\/container-shipping\/aruba\/\" data-internallinksmanager029f6b8e52c=\"90\" title=\"2023 m. J\u016br\u0173 krovini\u0173 gabenimo konteineriais \u012f Arub\u0105 ir i\u0161 jos \u012fkainiai\">Aruba (Oranjestadas)<\/a><\/td><td class=\"column-2\">$2,045<\/td><td class=\"column-3\">$0<\/td>\n<\/tr>\n<tr class=\"row-6\">\n\t<td class=\"column-1\">Australija (Sidn\u0117jus)<\/td><td class=\"column-2\">$2,669<\/td><td class=\"column-3\">$4,859<\/td>\n<\/tr>\n<tr class=\"row-7\">\n\t<td class=\"column-1\"><a href=\"https:\/\/moverdb.com\/lt\/container-shipping\/austria\/\" data-internallinksmanager029f6b8e52c=\"95\" title=\"2023 m. J\u016br\u0173 krovini\u0173 gabenimo konteineriais \u012f Austrij\u0105 ir i\u0161 jos kainos\">Austrija (Viena)<\/a><\/td><td class=\"column-2\">$300<\/td><td class=\"column-3\">$450<\/td>\n<\/tr>\n<tr class=\"row-8\">\n\t<td class=\"column-1\"><a href=\"https:\/\/moverdb.com\/lt\/container-shipping\/brazil\/\" data-internallinksmanager029f6b8e52c=\"98\" title=\"2023 m. J\u016br\u0173 krovini\u0173 gabenimo konteineriais \u012f Brazilij\u0105 ir i\u0161 jos \u012fkainiai\">Brazilija (Santos)<\/a><\/td><td class=\"column-2\">$1,936<\/td><td class=\"column-3\">$2,384<\/td>\n<\/tr>\n<tr class=\"row-9\">\n\t<td class=\"column-1\"><a href=\"https:\/\/moverdb.com\/lt\/container-shipping\/canada\/\" data-internallinksmanager029f6b8e52c=\"102\" title=\"2023 m. J\u016br\u0173 krovini\u0173 gabenimo konteineriais \u012f Kanad\u0105 ir i\u0161 jos kainos\">Kanada (Torontas)<\/a><\/td><td class=\"column-2\">$2,356<\/td><td class=\"column-3\">$2,959<\/td>\n<\/tr>\n<tr class=\"row-10\">\n\t<td class=\"column-1\">Kinija (\u0160anchajus)<\/td><td class=\"column-2\">$1,705<\/td><td class=\"column-3\">$1,914<\/td>\n<\/tr>\n<tr class=\"row-11\">\n\t<td class=\"column-1\"><a href=\"https:\/\/moverdb.com\/lt\/container-shipping\/france\/\" data-internallinksmanager029f6b8e52c=\"116\" title=\"2023 m. J\u016br\u0173 krovini\u0173 gabenimo konteineriais \u012f Pranc\u016bzij\u0105 ir i\u0161 jos \u012fkainiai\">Pranc\u016bzija (Marselis)<\/a><\/td><td class=\"column-2\">$1,096<\/td><td class=\"column-3\">$1,200<\/td>\n<\/tr>\n<tr class=\"row-12\">\n\t<td class=\"column-1\">Vokietija (Hamburgas)<\/td><td class=\"column-2\">$360<\/td><td class=\"column-3\">$600<\/td>\n<\/tr>\n<tr class=\"row-13\">\n\t<td class=\"column-1\">Honkongas (Honkongas)<\/td><td class=\"column-2\">$1,470<\/td><td class=\"column-3\">$1,265<\/td>\n<\/tr>\n<tr class=\"row-14\">\n\t<td class=\"column-1\">Indija (Mumbajus)<\/td><td class=\"column-2\">$1,210<\/td><td class=\"column-3\">$1,287<\/td>\n<\/tr>\n<tr class=\"row-15\">\n\t<td class=\"column-1\">JAV (Los And\u017eelas)<\/td><td class=\"column-2\">$5,979<\/td><td class=\"column-3\">$9,080<\/td>\n<\/tr>\n<tr class=\"row-16\">\n\t<td class=\"column-1\">JAV (Niujorkas)<\/td><td class=\"column-2\">$4,514<\/td><td class=\"column-3\">$7,028<\/td>\n<\/tr>\n<\/tbody>\n<\/table>\n<!-- #tablepress-120 from cache -->\n\r\n\r\n\r\n<h3 class=\"wp-block-heading\"><span class=\"ez-toc-section\" id=\"Notes_about_data\"><\/span>Pastabos apie duomenis:<span class=\"ez-toc-section-end\"><\/span><\/h3>\r\n\r\n\r\n\r\n<ul class=\"wp-block-list\"><li>Visi $ skai\u010diai pateikti JAV doleriais (USD);<\/li><li>\u012ekainiai tiksl\u016bs nuo 2023 m. vidurio;<\/li><li>\u0160iame straipsnyje pateikti \u017eem\u0117lapiai buvo sukurti naudojant <a href=\"https:\/\/www.mapchart.net\" target=\"_blank\" rel=\"noreferrer noopener\">https:\/\/www.mapchart.net<\/a>. Galite laisvai dalytis \u017eem\u0117lapiais, jei pateiksite nuorod\u0105 \u012f <a href=\"https:\/\/moverdb.com\/lt\/\" target=\"_blank\" rel=\"noreferrer noopener\">MoverDB<\/a>;<\/li><li>Auk\u0161\u010diau pateikti \u012fkainiai yra tik apytiksliai ir nuo \u0161io straipsnio paskelbimo (2023 m. baland\u017eio m\u0117n.) gali b\u016bti pasikeit\u0119. Jie pagr\u012fsti ma\u017eiausiu apskai\u010diuotu tarifu i\u0161 <a href=\"https:\/\/www.icontainers.com\" target=\"_blank\" rel=\"noreferrer noopener\">https:\/\/www.icontainers.com<\/a> arba <a href=\"https:\/\/www.freightos.com\" target=\"_blank\" rel=\"noreferrer noopener\">https:\/\/www.freightos.com<\/a>;<\/li><li>Nor\u0117dami su\u017einoti tikslesn\u0119 kain\u0105, naudokite \u0161io puslapio vir\u0161uje esan\u010di\u0105 pasi\u016blymo form\u0105;<\/li><li>Taip pat \u017er. m\u016bs\u0173 vadov\u0105 apie <a href=\"https:\/\/moverdb.com\/lt\/konteineriu-kroviniu-gabenimas\/\" target=\"_blank\" rel=\"noreferrer noopener\">tarptautinis gabenimas konteineriais<\/a>.<\/li><\/ul>\r\n\r\n\r\n<h2><span class=\"ez-toc-section\" id=\"Other_Useful_Guides_to_Iceland\"><\/span>Kiti naudingi Islandijos gidai<span class=\"ez-toc-section-end\"><\/span><\/h2>\r\n\r\n<ul>\r\n<li> <a href=\"https:\/\/moverdb.com\/lt\/moving-to-iceland\/moving-to-iceland-from-the-uk\/\">Persik\u0117limas \u012f Islandij\u0105 i\u0161 Jungtin\u0117s Karalyst\u0117s<\/a><\/li>\r\n<li> <a href=\"https:\/\/moverdb.com\/lt\/moving-to-iceland\/\">Persik\u0117limas \u012f Islandij\u0105? 2024 Gyvenimo i\u0161laidos ir persik\u0117limo patarimai<\/a><\/li>\r\n<\/ul>","protected":false},"excerpt":{"rendered":"<p>Iceland makes most people who\u2019ve never been there think of cold and ice, but ask any expat who lives there and they\u2019ll tell you it\u2019s actually one of the most beautiful places on Earth. This Nordic country is famous for its natural vistas filled with glaciers, geysers, flowing volcanoes, and hot springs. Life quality in [&hellip;]<\/p>\n","protected":false},"author":2,"featured_media":4328,"parent":44,"menu_order":0,"comment_status":"open","ping_status":"closed","template":"","meta":{"_genesis_hide_title":false,"_genesis_hide_breadcrumbs":false,"_genesis_hide_singular_image":false,"_genesis_hide_footer_widgets":false,"_genesis_custom_body_class":"","_genesis_custom_post_class":"","_genesis_layout":"","footnotes":""},"class_list":{"0":"post-4333","1":"page","2":"type-page","3":"status-publish","4":"has-post-thumbnail","6":"entry"},"_links":{"self":[{"href":"https:\/\/moverdb.com\/lt\/wp-json\/wp\/v2\/pages\/4333","targetHints":{"allow":["GET"]}}],"collection":[{"href":"https:\/\/moverdb.com\/lt\/wp-json\/wp\/v2\/pages"}],"about":[{"href":"https:\/\/moverdb.com\/lt\/wp-json\/wp\/v2\/types\/page"}],"author":[{"embeddable":true,"href":"https:\/\/moverdb.com\/lt\/wp-json\/wp\/v2\/users\/2"}],"replies":[{"embeddable":true,"href":"https:\/\/moverdb.com\/lt\/wp-json\/wp\/v2\/comments?post=4333"}],"version-history":[{"count":5,"href":"https:\/\/moverdb.com\/lt\/wp-json\/wp\/v2\/pages\/4333\/revisions"}],"predecessor-version":[{"id":17860,"href":"https:\/\/moverdb.com\/lt\/wp-json\/wp\/v2\/pages\/4333\/revisions\/17860"}],"up":[{"embeddable":true,"href":"https:\/\/moverdb.com\/lt\/wp-json\/wp\/v2\/pages\/44"}],"wp:featuredmedia":[{"embeddable":true,"href":"https:\/\/moverdb.com\/lt\/wp-json\/wp\/v2\/media\/4328"}],"wp:attachment":[{"href":"https:\/\/moverdb.com\/lt\/wp-json\/wp\/v2\/media?parent=4333"}],"curies":[{"name":"wp","href":"https:\/\/api.w.org\/{rel}","templated":true}]}}