{"id":433,"date":"2016-06-12T13:45:04","date_gmt":"2016-06-12T13:45:04","guid":{"rendered":"http:\/\/moverdb.com\/?page_id=433"},"modified":"2026-05-15T14:55:30","modified_gmt":"2026-05-15T14:55:30","slug":"amsa","status":"publish","type":"page","link":"https:\/\/moverdb.com\/lt\/amsa\/","title":{"rendered":"Amerikos jud\u0117jimo ir saugojimo asociacijos (AMSA) paai\u0161kinimai"},"content":{"rendered":"<p>\"American Moving &amp; Storage Association\" (AMSA) yra nacionalin\u0117 Amerikos perkraustymo pramon\u0117s prekybos asociacija. <\/p>\n<p>Ji \u012fsteigta siekiant atstovauti perkraustymo ir sand\u0117liavimo pramon\u0117s (tiek vietin\u0117s, tiek tarptautin\u0117s) atstov\u0173 interesams, taip pat teikti informacij\u0105 ir pagalb\u0105 klientams, kurie naudojasi \u0161ios pramon\u0117s \u0161akos \u012fmoni\u0173 paslaugomis.<\/p>\n<p><strong>Pagrindiniai faktai apie AMSA:<\/strong><\/p>\n<ol>\n<li>  Joje yra apie 4200 nari\u0173.<\/li>\n<li>  AMSA nariais yra tarpvalstybin\u0117s perkraustymo ir saugojimo \u012fmon\u0117s, vietiniai perkraustytojai, <a href=\"https:\/\/moverdb.com\/lt\/juda-imones\/\">tarptautiniai perkraustytojai<\/a> taip pat pramon\u0117s tiek\u0117j\u0173 ir valstybini\u0173 asociacij\u0173 nari\u0173.<\/li>\n<li>  Tai vienintel\u0117 nacionalin\u0117 asociacija, atstovaujanti visiems perkraustymo ir sand\u0117liavimo pramon\u0117s sektoriams.<\/li>\n<li>  AMSA prad\u0117jo <a href=\"https:\/\/moverdb.com\/lt\/rim-promover\/\" data-internallinksmanager029f6b8e52c=\"76\" title=\"Paai\u0161kintas &quot;RIM International ProMover&quot; sertifikavimas\">\"ProMover\"<\/a> 2009 m. suteiktas sertifikatas, skirtas nukreipti vartotojus \u012f kokybi\u0161kus perkraustymo paslaug\u0173 teik\u0117jus, kurie laikosi AMSA tiksl\u0173.<\/li>\n<li>  Nariais gali tapti ne tik perkraustymo paslaug\u0173 teik\u0117jai, bet ir filialai (tie, kurie teikia su perkraustymo pramone susijusius produktus ar paslaugas), privat\u016bs asmenys ir profesin\u0117s prekybos asociacijos.<\/li>\n<li>  Naryst\u0117 AMSA yra svarbi parai\u0161k\u0173 teikimo proceso dalis <a href=\"https:\/\/moverdb.com\/lt\/ratlankio-remelis\/\">\"ProMover\" sertifikavimas<\/a> - tai tur\u0117jo b\u016bti laikoma be joki\u0173 problem\u0173 18 m\u0117nesi\u0173.<\/li>\n<li>  Vartotojams ji gerai \u017einoma d\u0117l savo \"persikraustymo patarim\u0173\" duomen\u0173 baz\u0117s, kurioje pateikiama informacija apie visk\u0105 - nuo pakavimo iki persikraustymo dienos valdymo.<\/li>\n<li>  Ji si\u016blo gin\u010d\u0173 sprendimo program\u0105 ir turi etikos kodeks\u0105, kurio privalo laikytis jos nariai.<\/li>\n<li>  Jos nariai kasmet perve\u017ea nuo 1,3 iki 1,5 mln. nam\u0173 \u016bki\u0173.<\/li>\n<\/ol>\n<p><strong>Amerikos perkraustymo ir saugojimo asociacijos profilis:<\/strong><\/p>\n<p>AMSA nariai gali naudotis \u012fvairiomis paslaugomis - nuo naujien\u0173 ir informacijos apie pramonei svarbius klausimus iki atstovavimo federalinei vyriausybei, mokes\u010di\u0173 pagalbos, finansini\u0173 ir statistini\u0173 ataskait\u0173 bei teisin\u0117s pagalbos. <\/p>\n<p>AMSA taip pat si\u016blo arbitra\u017eo paslaugas, skirtas gin\u010dams d\u0117l nuostoli\u0173 ir \u017ealos spr\u0119sti, taip pat profesinio mokymo ir sertifikavimo programas, pavyzd\u017eiui, \"ProMover\". <\/p>\n<p>AMSA savo veikl\u0105 prad\u0117jo nuo seniausios Amerikoje kilnojam\u0173j\u0173 daikt\u0173 perve\u017e\u0117j\u0173 profesin\u0117s asociacijos - Nacionalin\u0117s bald\u0173 sand\u0117linink\u0173 asociacijos, \u012fkurtos 1920 m. D\u0117l savo istorijos, apr\u0117pties ir etikos kodekso ji yra labai gerbiama organizacija. <\/p>\n<p>Ji yra atsakinga u\u017e \"ProMover\" sertifikat\u0105, kuris laikomas patikimo perve\u017e\u0117jo \u017eenklu.<\/p>\n<p><strong>Naryst\u0117s kriterijai:<\/strong><\/p>\n<p>Atrodo, kad stojimo \u012f AMSA kriterijai yra labai paprasti - tereikia u\u017epildyti form\u0105 ir sumok\u0117ti mokest\u012f. Ta\u010diau \u012fmon\u0117ms, norin\u010dioms gauti <a href=\"https:\/\/moverdb.com\/lt\/ratlankio-remelis\/\">\"ProMover\" sertifikavimas<\/a>.<\/p>\n<p><strong>Geriausios bendrov\u0117s nar\u0117s<\/strong><\/p>\n<ol>\n<li> <a href=\"https:\/\/moverdb.com\/lt\/united-van-lines\/\">\"United Van Lines<\/a><\/li>\n<li> <a href=\"https:\/\/moverdb.com\/lt\/atlas-van-lines-international\/\">\"Atlas Van Lines International<\/a><\/li>\n<li> <a href=\"https:\/\/moverdb.com\/lt\/mayflower-transit\/\">\"Mayflower Transit<\/a><\/li>\n<li> <a href=\"https:\/\/moverdb.com\/lt\/allied-van-lines\/\">\"Allied Van Lines<\/a><\/li>\n<li> <a href=\"https:\/\/moverdb.com\/lt\/north-american-van-lines\/\">\"North American Van Lines<\/a><\/li>\n<li> <a href=\"https:\/\/moverdb.com\/lt\/wheaton\/\">Wheaton World Wide Moving<\/a><\/li>\n<li> <a href=\"https:\/\/moverdb.com\/lt\/bekins-van-lines\/\">\"Bekins Van Lines<\/a><\/li>\n<li> <a href=\"https:\/\/moverdb.com\/lt\/graebel-van-lines\/\">\"Graebel Van Lines<\/a><\/li>\n<li> <a href=\"https:\/\/moverdb.com\/lt\/arpin-van-lines\/\">\"Arpin Van Lines<\/a><\/li>\n<li> <a href=\"https:\/\/moverdb.com\/lt\/stevens-worldwide-van-lines\/\">\"Stevens Worldwide Van Lines<\/a><\/li>\n<li> <a href=\"https:\/\/moverdb.com\/lt\/vip-transport\/\">VIP transportas<\/a><\/li>\n<li> <a href=\"https:\/\/moverdb.com\/lt\/island-movers\/\">Island Movers<\/a><\/li>\n<li> <a href=\"https:\/\/moverdb.com\/lt\/mudanzas-gou\/\">Mudanzas Gou<\/a><\/li>\n<li> <a href=\"https:\/\/moverdb.com\/lt\/gil-stauffer\/\">Gil Stauffer<\/a><\/li>\n<\/ol>\n<p><strong>Nuomon\u0117s apie Amerikos perkraustymo ir saugojimo asociacij\u0105<\/strong><\/p>\n<p>Kai AMSA minima internete, tai da\u017enai susij\u0119 su organizacijos \"ProMover\" sertifikatu, kuris tapo tarptautiniu kokyb\u0117s \u017eenklu. <\/p>\n<p>Sertifikavimas laikomas AMSA platformos dalimi, kuria siekiama atstovauti ir gerinti pramon\u0117s atstov\u0173 ir pramon\u0117s \u012fmones naudojan\u010di\u0173 asmen\u0173 pad\u0117t\u012f, veiksmingai propaguojant ir kuriant gerbiam\u0105 prek\u0117s \u017eenkl\u0105. <\/p>\n<p>Internetin\u0117je nuomon\u0117je daugiausia d\u0117mesio skiriama ir tam, kad AMSA paveldas sieja j\u0105 su seniausiomis Amerikos prekybos asociacijomis, ir jos misijai palengvinti vartotoj\u0173 persikraustym\u0105. Interneto nuomon\u0117se minimi AMSA organizuojami renginiai, kurie, be abejo, yra gausiai lankomi ir labai vertinami, <em>\"\u0160i\u0173 met\u0173 AMSA konferencijoje, kaip visada, dalyvavo vieni i\u0161 geriausi\u0173 perkraustymo pramon\u0117s lyderi\u0173.\"<\/em> <\/p>\n<p>Taip pat minimi AMSA apdovanojimai, kurie laikomi tikru pasiekim\u0173 ir kokyb\u0117s rodikliu.<\/p>\n<blockquote><p>AMSA misija - \"atstovauti vidaus ir tarptautinio perkraustymo ir sand\u0117liavimo pramon\u0117s interesams ir pad\u0117ti klientams, kuriuos ji aptarnauja.\n<\/p><\/blockquote>\n<p>- <a href=\"http:\/\/www.atlasvanlines.com\/pro-mover\/\" target=\"_blank\" rel=\"noopener\">\"Atlas Van Lines<\/a><\/p>\n<blockquote><p>AMSA siekia u\u017etikrinti, kad kiekvienas i\u0161 40 milijon\u0173 kasmet persikelian\u010di\u0173 amerikie\u010di\u0173, kurie renkasi profesionalius perkraustymo paslaug\u0173 teik\u0117jus, gal\u0117t\u0173 priimti informacija pagr\u012fstus sprendimus.<\/p><\/blockquote>\n<p>- <a href=\"http:\/\/www.ossworldwidemovers.com\/american-moving-and-storage-association\" target=\"_blank\" rel=\"noopener\">OSS World Wide Movers<\/a><\/p>\n<blockquote><p>AMSA kruop\u0161\u010diai tikrina savo narius - perve\u017e\u0117jus, u\u017etikrindama, kad vartotojams b\u016bt\u0173 parenkami visus licencijavimo ir draudimo reikalavimus atitinkantys perve\u017e\u0117jai, o vartotoj\u0173 ir perve\u017e\u0117j\u0173 gin\u010dai sprend\u017eiami arbitra\u017ee pagal \"Buitini\u0173 preki\u0173 gin\u010d\u0173 sprendimo program\u0105\". Vienas i\u0161 AMSA tiksl\u0173 - gerai informuota visuomen\u0117, kuri geriau supranta profesionali\u0173 perkraustymo paslaug\u0173 vert\u0119.<\/p><\/blockquote>\n<p>- <a href=\"http:\/\/www.moving.com\/articles\/amsa\/who-is-amsa.asp\" target=\"_blank\" rel=\"noopener\">Moving.com<\/a><\/p>\n<p><strong>Interneto svetain\u0117:<\/strong> <a href=\"http:\/\/www.moving.org\/\" target=\"_blank\" rel=\"noopener\">http:\/\/www.moving.org\/<\/a><\/p>","protected":false},"excerpt":{"rendered":"<p>The American Moving &#038; Storage Association (AMSA) is the national trade association for the American moving industry. It has been set up to help represent the interests of those in the moving and storage industry, both domestic and international, and also to provide a source of information and assistance to customers using businesses in the [&hellip;]<\/p>\n","protected":false},"author":1,"featured_media":0,"parent":0,"menu_order":0,"comment_status":"closed","ping_status":"closed","template":"","meta":{"_genesis_hide_title":false,"_genesis_hide_breadcrumbs":false,"_genesis_hide_singular_image":false,"_genesis_hide_footer_widgets":false,"_genesis_custom_body_class":"","_genesis_custom_post_class":"","_genesis_layout":"","footnotes":""},"class_list":{"0":"post-433","1":"page","2":"type-page","3":"status-publish","5":"entry"},"_links":{"self":[{"href":"https:\/\/moverdb.com\/lt\/wp-json\/wp\/v2\/pages\/433","targetHints":{"allow":["GET"]}}],"collection":[{"href":"https:\/\/moverdb.com\/lt\/wp-json\/wp\/v2\/pages"}],"about":[{"href":"https:\/\/moverdb.com\/lt\/wp-json\/wp\/v2\/types\/page"}],"author":[{"embeddable":true,"href":"https:\/\/moverdb.com\/lt\/wp-json\/wp\/v2\/users\/1"}],"replies":[{"embeddable":true,"href":"https:\/\/moverdb.com\/lt\/wp-json\/wp\/v2\/comments?post=433"}],"version-history":[{"count":25,"href":"https:\/\/moverdb.com\/lt\/wp-json\/wp\/v2\/pages\/433\/revisions"}],"predecessor-version":[{"id":6170,"href":"https:\/\/moverdb.com\/lt\/wp-json\/wp\/v2\/pages\/433\/revisions\/6170"}],"wp:attachment":[{"href":"https:\/\/moverdb.com\/lt\/wp-json\/wp\/v2\/media?parent=433"}],"curies":[{"name":"wp","href":"https:\/\/api.w.org\/{rel}","templated":true}]}}