{"id":432,"date":"2016-06-12T09:28:19","date_gmt":"2016-06-12T09:28:19","guid":{"rendered":"http:\/\/moverdb.com\/?page_id=432"},"modified":"2026-01-08T14:47:56","modified_gmt":"2026-01-08T14:47:56","slug":"kanados-perkraustytoju-asociacija","status":"publish","type":"page","link":"https:\/\/moverdb.com\/lt\/canadian-association-of-movers\/","title":{"rendered":"Kanados perkraustytoj\u0173 asociacijos (CAM) paai\u0161kinimai"},"content":{"rendered":"<p>Kanados jud\u0117j\u0173 asociacija yra <a href=\"https:\/\/moverdb.com\/lt\/moving-to-canada\/\" data-internallinksmanager029f6b8e52c=\"265\" title=\"Persik\u0117limas \u012f Kanad\u0105? 2023 m. gyvenimo i\u0161laidos ir persik\u0117limo patarimai\">Kanada<\/a>prekybos asociacija, atstovaujanti perkraustymo ir saugojimo \u012fmon\u0117ms. Ji buvo \u012fsteigta siekiant pad\u0117ti apsaugoti ir pl\u0117toti savo nari\u0173 \u012fmones, taip pat suteikti vartotojams galimyb\u0119 rasti patikimas, profesionalias ir profesionalias perkraustymo paslaugas.<\/p>\n<p><strong>Pagrindiniai faktai apie CAM:<\/strong><\/p>\n<ol>\n<li>  Naryst\u0117 apima tiek Kanadoje, tiek u\u017esienyje esan\u010dius perkraustytojus.<\/li>\n<li>  Naryst\u0117 apima perkraustymo ir persikraustymo \u012fmones, furgon\u0173 linijas, \u0161ios pramon\u0117s \u0161akos tiek\u0117jus, \u012fmones, teikian\u010dias su persikraustymu susijusias paslaugas, pavyzd\u017eiui, pakavimo paslaugas.<\/li>\n<li>  Etikos kodekse reikalaujama, kad nariai laikyt\u0173si s\u0105\u017einingumo ir s\u0105\u017einingumo su klientais bei nuolat r\u016bpint\u0173si saugumu.<\/li>\n<li>  Kanados perkraustytoj\u0173 asociacija vartotojams si\u016blo skund\u0173 sprendimo proced\u016br\u0105.<\/li>\n<li>  CAM si\u016blo sertifikuot\u0173 Kanados perkraustymo paslaug\u0173 program\u0105, kuri suteikia vartotojams garantij\u0105, kad jie gaus etika, profesine kompetencija ir veiksmingu skund\u0173 nagrin\u0117jimu pagr\u012fstas paslaugas.<\/li>\n<li>  CAM yra vienintel\u0117 Kanados perkraustytoj\u0173 asociacija, kuri reguliuoja ir registruoja patikimus ir nepatikimus perkraustytojus.<\/li>\n<\/ol>\n<p><strong>Kanados perkraustytoj\u0173 asociacijos profilis:<\/strong><\/p>\n<p>Kanados perkraustytoj\u0173 asociacija yra Kanados perkraustytoj\u0173 profesin\u0117 asociacija. J\u0105 sudaro Kanados \u012fmon\u0117s ir u\u017esienio organizacijos. <\/p>\n<p>CAM turi kelet\u0105 tiksl\u0173, tarp kuri\u0173 yra profesin\u0117s kompetencijos ir veiklos kompetencijos didinimas, ry\u0161i\u0173 tarp perkraustytoj\u0173 ir furgon\u0173 linij\u0173 u\u017emezgimas, siekiant dalytis informacija ir skatinti vis\u0105 nam\u0173 apyvokos daikt\u0173 perkraustymo pramon\u0119.<\/p>\n<p>CAM nariai laikomi geriausiais \u0161alies <a href=\"https:\/\/moverdb.com\/lt\/moving-companies\/\" data-internallinksmanager029f6b8e52c=\"79\" title=\"Top 25 Tarptautin\u0117s perkraustymo \u012fmon\u0117s internete\">perkraustymo \u012fmon\u0117s<\/a>. CAM nariai gali gauti du sertifikatus - Sertifikuoto u\u017esienio perve\u017e\u0117jo ir Sertifikuoto Kanados perve\u017e\u0117jo. <\/p>\n<p>Abi \u0161ios sistemos skirtos tam, kad vartotojai gal\u0117t\u0173 rinktis patikimus perkraustymo paslaug\u0173 teik\u0117jus, kurie turi atnaujintus dokumentus, laikosi etikos kodekso, \u017eino, kaip nagrin\u0117ti klient\u0173 skundus, ir laikosi geros praktikos gairi\u0173.<\/p>\n<p><strong>Naryst\u0117s kriterijai:<\/strong><\/p>\n<p>Norint u\u017ebaigti naryst\u0117s patvirtinimo proces\u0105, parei\u0161k\u0117j\u0173 gali b\u016bti papra\u0161yta pateikti \u012fvairius dokumentus. Visas naryst\u0117s parai\u0161kas turi patvirtinti direktori\u0173 valdyba.<\/p>\n<p><strong>Perkraustytojai<\/strong><\/p>\n<p>CAM reikalauja, kad parei\u0161k\u0117jai bent dvejus metus vykdyt\u0173 perkraustymo paslaug\u0173 versl\u0105.<\/p>\n<p>Parei\u0161k\u0117jai turi u\u017epildyti parai\u0161kos form\u0105 ir pateikti CAM \u0161iuos dokumentus (tik fotokopijas):<\/p>\n<ul>\n<li> Verslo licencija<\/li>\n<li> Patalp\u0173 ir transporto priemoni\u0173 nuotraukos<\/li>\n<li> GST\/HST registracija ir numeris<\/li>\n<li> Darbuotoj\u0173 kompensacijos pa\u017eym\u0117jimas<\/li>\n<li> Draudimo liudijimas, kuriame nurodyta ne ma\u017eesn\u0117 kaip $1 milijono civilin\u0117 atsakomyb\u0117 ir ne ma\u017eesnis kaip $250,000 krovinio limitas.<\/li>\n<li> \u012eregistravimo pa\u017eym\u0117jimas<\/li>\n<li> Dvi verslo rekomendacijos, nurodant santyki\u0173 trukm\u0119 (pvz., banko, perkraustymo \u012frangos tiek\u0117jo ir pan.)<\/li>\n<li> Gelton\u0173j\u0173 puslapi\u0173 reklama arba reklaminiai elementai (neprivaloma)<\/li>\n<li> Pasira\u0161yta Etikos kodekso forma<\/li>\n<\/ul>\n<p><strong>Partneriai<\/strong><\/p>\n<p>\u012emon\u0117, kuri neve\u017ea nam\u0173 apyvokos daikt\u0173 sunkve\u017eimiais, bet teikia su perkraustymo pramone susijusias paslaugas, pavyzd\u017eiui, pakavimo paslaugas, ma\u017einimo paslaugas, \u0161iuk\u0161li\u0173 i\u0161ve\u017eimo paslaugas ir t. t., gali pretenduoti \u012f filialo nario status\u0105. <\/p>\n<p>Kandidatai \u012f asocijuotosios naryst\u0117s narius turi u\u017epildyti parai\u0161kos form\u0105 ir gali b\u016bti papra\u0161yti pateikti CAM \u0161iuos su j\u0173 verslu susijusius dokumentus, pvz., (tik fotokopijas):<\/p>\n<ul>\n<li> Verslo licencija<\/li>\n<li> Patalp\u0173 ir transporto priemoni\u0173 nuotraukos<\/li>\n<li> GST\/HST registracija ir numeris<\/li>\n<li> Darbuotoj\u0173 kompensacijos pa\u017eym\u0117jimas<\/li>\n<li> Draudimo liudijimas, patvirtinantis ne ma\u017eesn\u0119 kaip $1 milijono civilin\u0119 atsakomyb\u0119<\/li>\n<li> \u012eregistravimo pa\u017eym\u0117jimas<\/li>\n<li> Dvi verslo rekomendacijos, nurodant santyki\u0173 trukm\u0119 (pvz., banko, perkraustymo \u012fmon\u0117s ir pan.)<\/li>\n<li> Gelton\u0173j\u0173 puslapi\u0173 reklama arba reklaminiai elementai (neprivaloma)<\/li>\n<li> Pasira\u0161yta Etikos kodekso forma<\/li>\n<\/ul>\n<p><strong>Tarptautiniai perkraustytojai<\/strong><\/p>\n<ul>\n<li> Dviej\u0173 tarptautini\u0173 perkraustymo paslaug\u0173 teik\u0117j\u0173, kurie yra CAM, rekomendaciniai lai\u0161kai, <a href=\"https:\/\/moverdb.com\/lt\/fidi-faim\/\">FIDI<\/a> arba <a href=\"https:\/\/moverdb.com\/lt\/esu\/\">IAM<\/a> nariai<\/li>\n<li> Pasira\u0161yta Kanados tarptautini\u0173 perve\u017e\u0117j\u0173 etikos kodekso forma<\/li>\n<\/ul>\n<p><strong>10 geriausi\u0173 nari\u0173 judan\u010di\u0173 \u012fmoni\u0173<\/strong> (pagal dyd\u012f)<\/p>\n<ol>\n<li> <a href=\"https:\/\/moverdb.com\/lt\/united-van-lines\/\">\"United Van Lines<\/a><\/li>\n<li> <a href=\"https:\/\/moverdb.com\/lt\/north-american-van-lines\/\">\"North American Van Lines<\/a><\/li>\n<li> <a href=\"https:\/\/moverdb.com\/lt\/amj-campbell-van-lines\/\">\"AMJ Campbell Van Lines<\/a><\/li>\n<\/ol>\n<p><strong>Judintoj\u0173 nuomon\u0117s apie CAM:<\/strong><\/p>\n<p>CAM laikoma naudingu \u0161altiniu, padedan\u010diu vartotojams i\u0161vengti suk\u010di\u0173 ir operatori\u0173, si\u016blan\u010di\u0173 nerealias ma\u017eesnes kainas, kurios persikraustymo dien\u0105 b\u016bna i\u0161p\u016bstos. <\/p>\n<p>Manoma, kad CAM nariai gali pasi\u016blyti tam tikro lygio paslaugas, kuri\u0173 neturi kiti perkraustymo paslaug\u0173 teik\u0117jai, neturintys sertifikato. <\/p>\n<p>Internetin\u0117je erdv\u0117je CAM vertinama kaip b\u016bdas patikrinti perkraustymo \u012fmon\u0117s patikimum\u0105, ypa\u010d d\u0117l to, kad CAM atskiria <em>\"ger\u0173, blog\u0173 ir bjauri\u0173\".<\/em> Organizacija labai vertinama d\u0117l siekio puosel\u0117ti auk\u0161tus eti\u0161ko elgesio standartus ir d\u0117l to, kad joje taikoma grie\u017eta parai\u0161k\u0173 teikimo tvarka. <\/p>\n<p>Tie, kurie mini organizacij\u0105 internete, nurodo, kad taip galima \u012fsitikinti, jog perve\u017e\u0117jas turi tinkam\u0105 draudim\u0105 ir paslaug\u0173 standartus. Da\u017enai pabr\u0117\u017eiama, kad CAM registruoja ne tik savo narius, bet ir ne itin ger\u0105 reputacij\u0105 turin\u010dias perkraustymo \u012fmones. <\/p>\n<p>Tai laikoma rodikliu, kad organizacija turi ger\u0105 po\u017ei\u016br\u012f \u012f jud\u0117jimo pramon\u0119, o jos nariai yra teisingoje pus\u0117je.<\/p>\n<blockquote><p>Tarp perkraustymo ir sand\u0117liavimo \u012fmoni\u0173 CAM atskiria ger\u0105sias, blog\u0105sias ir bjauri\u0105sias. Jos tikslai - skatinti auk\u0161tus eti\u0161ko elgesio standartus perkraustymo pramon\u0117je, skatinti kokyb\u0117s iniciatyvas, mokyti ir \u0161viesti darbuotojus bei steb\u0117ti savo nari\u0173 veikl\u0105. <\/p>\n<p>Ji padeda vartotojams gauti patikimas ir profesionalias perkraustymo paslaugas. CAM reikalauja, kad jos nariai pasira\u0161yt\u0173 grie\u017et\u0105 etikos kodeks\u0105, tur\u0117t\u0173 tinkam\u0105 draudim\u0105 ir laikyt\u0173si savo patalp\u0173 standart\u0173.<\/p><\/blockquote>\n<p>- <a href=\"http:\/\/www.uvl.ca\/Content\/Canadian+Association+of+Movers\" target=\"_blank\" rel=\"noopener noreferrer\">\"United Van Lines\" Kanada<\/a> <\/p>\n<blockquote><p>Kanados perkraustytoj\u0173 asociacija (CAM) yra vienintel\u0117 perkraustytoj\u0173 asociacija Kanadoje, kuri reguliuoja ir registruoja patikimus ir nepatikimus perkraustytojus. <\/p><\/blockquote>\n<p>- <a href=\"http:\/\/www.greatcanadianvanlines.com\/how-to-choose-a-moving-company\/\" target=\"_blank\" rel=\"noopener noreferrer\">\"Great Canadian Van Lines<\/a><\/p>\n<blockquote><p>Netinkamai pasirinkta perkraustymo \u012fmon\u0117, kuri perve\u0161 viso gyvenimo vert\u0117s nam\u0173 apyvokos daiktus, gali b\u016bti pra\u017e\u016btinga. Suk\u010diai pasinaudoja vartotojais si\u016blydami ma\u017eesnes kainas, duodami nerealius pa\u017eadus, i\u0161p\u016bsdami kainas persikraustymo dien\u0105 ir laikydami nam\u0173 apyvokos daiktus u\u017e i\u0161pirk\u0105. <\/p>\n<p>\u0160ios bendrov\u0117s neprisiima jokios atsakomyb\u0117s u\u017e suteikt\u0173 paslaug\u0173 lyg\u012f. Jei perkraustymo paslaug\u0173 teik\u0117jo pasi\u016blymas atrodo ir skamba pernelyg gerai, kad b\u016bt\u0173 tiesa, taip ir yra.<\/p>\n<p>Kod\u0117l verta rizikuoti? Keliaukite su perve\u017eimo paslaugas teikian\u010dia \u012fmone, kuri yra CAM nar\u0117. CAM yra Kanados prekybos asociacija, atstovaujanti perkraustymo ir sand\u0117liavimo bendrov\u0117ms.<\/p><\/blockquote>\n<p>- <a href=\"http:\/\/amjtorontomoving.com\/Partners\/ArticleID\/44\/Canadian-Association-of-Movers-CAM\" target=\"_blank\" rel=\"noopener noreferrer\">\"AMJ Campbell\" - Torontas<\/a><\/p>\n<p><strong>Interneto svetain\u0117:<\/strong> <a href=\"http:\/\/www.mover.net\/\" target=\"_blank\" rel=\"noopener noreferrer\">http:\/\/www.mover.net\/<\/a><\/p>\n<p><strong>D\u0116MESIO! Toliau pateiktoje formoje kai kurios perkraustymo \u012fmon\u0117s, kurios su jumis susisieks po formos pateikimo, gali neb\u016bti CAM partneriai.<\/strong><\/p>","protected":false},"excerpt":{"rendered":"<p>The Canadian Association of Movers is Canada&#8217;s trade association representing moving and storage companies. It was established to help protect and grow its member businesses and also to offer consumers a way to find reputable, professional and reliable moving services. Key facts about CAM: Membership includes movers both in Canada and overseas. Membership covers movers [&hellip;]<\/p>\n","protected":false},"author":1,"featured_media":0,"parent":0,"menu_order":0,"comment_status":"closed","ping_status":"closed","template":"","meta":{"_genesis_hide_title":false,"_genesis_hide_breadcrumbs":false,"_genesis_hide_singular_image":false,"_genesis_hide_footer_widgets":false,"_genesis_custom_body_class":"","_genesis_custom_post_class":"","_genesis_layout":"","footnotes":""},"class_list":{"0":"post-432","1":"page","2":"type-page","3":"status-publish","5":"entry"},"_links":{"self":[{"href":"https:\/\/moverdb.com\/lt\/wp-json\/wp\/v2\/pages\/432","targetHints":{"allow":["GET"]}}],"collection":[{"href":"https:\/\/moverdb.com\/lt\/wp-json\/wp\/v2\/pages"}],"about":[{"href":"https:\/\/moverdb.com\/lt\/wp-json\/wp\/v2\/types\/page"}],"author":[{"embeddable":true,"href":"https:\/\/moverdb.com\/lt\/wp-json\/wp\/v2\/users\/1"}],"replies":[{"embeddable":true,"href":"https:\/\/moverdb.com\/lt\/wp-json\/wp\/v2\/comments?post=432"}],"version-history":[{"count":9,"href":"https:\/\/moverdb.com\/lt\/wp-json\/wp\/v2\/pages\/432\/revisions"}],"predecessor-version":[{"id":3502,"href":"https:\/\/moverdb.com\/lt\/wp-json\/wp\/v2\/pages\/432\/revisions\/3502"}],"wp:attachment":[{"href":"https:\/\/moverdb.com\/lt\/wp-json\/wp\/v2\/media?parent=432"}],"curies":[{"name":"wp","href":"https:\/\/api.w.org\/{rel}","templated":true}]}}