{"id":431,"date":"2016-06-05T20:02:57","date_gmt":"2016-06-05T20:02:57","guid":{"rendered":"http:\/\/moverdb.com\/?page_id=431"},"modified":"2026-01-08T13:19:02","modified_gmt":"2026-01-08T13:19:02","slug":"esu","status":"publish","type":"page","link":"https:\/\/moverdb.com\/lt\/iam\/","title":{"rendered":"Tarptautin\u0117s perkraustytoj\u0173 asociacijos (IAM) paai\u0161kinimai"},"content":{"rendered":"<p>Tarptautin\u0117 perkraustytoj\u0173 asociacija (IAM) yra pasaulin\u0117 prekybos organizacija, kurios nariai teikia perkraustymo, ekspedijavimo, siuntimo, logistikos ir susijusias paslaugas. <\/p>\n<p>Tai did\u017eiausia tarptautin\u0117 \u0161ios pramon\u0117s \u0161akos prekybos asociacija, kuri\u0105 i\u0161 prad\u017ei\u0173 \u012fk\u016br\u0117 u\u017esakom\u0173j\u0173 skryd\u017ei\u0173 \u012fmon\u0117s, vykd\u017eiusios versl\u0105 su <a href=\"https:\/\/moverdb.com\/lt\/moving-to-the-united-states\/\" data-internallinksmanager029f6b8e52c=\"94\" title=\"Persik\u0117limas \u012f Jungtines Amerikos Valstijas? 2022 Gyvenimo i\u0161laidos ir persik\u0117limo patarimai\">JAV<\/a> vyriausyb\u0117.<\/p>\n<p><strong>Pagrindiniai faktai apie IAM:<\/strong><\/p>\n<ol>\n<li>  Atstovauja daugiau nei <strong>2,000 <a href=\"https:\/\/moverdb.com\/lt\/juda-imones\/\" target=\"_blank\" rel=\"noopener\">\u012fmon\u0117s<\/a><\/strong> daugiau nei <strong>170 \u0161ali\u0173<\/strong>.<\/li>\n<li>  IAM yra pri\u0117musi Etikos kodeks\u0105, kuriame, be kita ko, reikalaujama toleruoti kult\u016brinius skirtumus, laikytis profesinio po\u017ei\u016brio ir vengti nes\u0105\u017einingos konkurencijos su kitais nariais.<\/li>\n<li>  IAM buvo \u012fkurta 1962 m. ir nuo to laiko skatina savo nari\u0173 augim\u0105.<\/li>\n<li>  Tai yra did\u017eiausia pasaulin\u0117 jud\u0117jimo ir ekspedijavimo pramon\u0117s prekybos asociacija.<\/li>\n<li>  IAM Garb\u0117s sal\u0117je pripa\u017e\u012fstami pramon\u0117s atstov\u0173 nuopelnai. Kandidatus \u012f Garb\u0117s galerij\u0105 gali si\u016blyti bet kuris IAM narys, klientas ar u\u017esakovas, o sprendim\u0105 priima IAM nariai.<\/li>\n<li>  Anks\u010diau ji buvo \u017einoma kaip Amerikos buitini\u0173 preki\u0173 ekspeditori\u0173 asociacija (IAM pakeit\u0117 pavadinim\u0105 2009 m.).<\/li>\n<li>  IAM si\u016blo gin\u010d\u0173 tarp nari\u0173 sprendimo proced\u016br\u0105 - ji apima gin\u010dus d\u0117l s\u0105skait\u0173 fakt\u016br\u0173.<\/li>\n<li>  IAM gautin\u0173 sum\u0173 apsaugos programa suteikia apsaug\u0105 nuo finansini\u0173 sunkum\u0173 patirian\u010di\u0173 IAM nari\u0173, leid\u017eian\u010di\u0105 nariui pateikti ie\u0161kin\u012f ir gauti kompensacij\u0105 u\u017e neapmok\u0117tas komercines s\u0105skaitas fakt\u016bras, jei atrodo, kad narys netrukus bankrutuos.<\/li>\n<\/ol>\n<p><strong>Tarptautin\u0117s perkraustytoj\u0173 asociacijos profilis:<\/strong><\/p>\n<p>IAM buvo \u012fkurta daugiau kaip prie\u0161 50 met\u0173 ir dabar jai priklauso daugiau kaip 2 000 nari\u0173 i\u0161 viso pasaulio. IAM si\u016blo \u012fvairias programas, i\u0161teklius ir naryst\u0117s apsaugos priemones, taip pat reguliariai organizuoja renginius, skirtus skatinti u\u017emegzti ry\u0161ius ir dalytis \u017einiomis, \u012fskaitant metinius IAM susitikimus. <\/p>\n<p>Visa, k\u0105 daro IAM, skirta jos nari\u0173 augimui ir s\u0117kmei skatinti. IAM naryst\u0117s apsaugos priemon\u0117s skirtos apsaugoti IAM naryst\u0117s vert\u0119 pramon\u0117s, klient\u0173 ir koleg\u0173 asociacij\u0173 akyse - jos apima grie\u017etus reikalavimus, taikomus norint tapti IAM nariu, etikos kodekso laikym\u0105si ir toki\u0173 klausim\u0173, kaip preki\u0173 \u017eenkl\u0173 prie\u017ei\u016bra, sprendim\u0105. <\/p>\n<p>IAM turi internetin\u012f nari\u0173 katalog\u0105, kuriame galima atlikti paie\u0161k\u0105 ir kuriame klientai gali rasti organizacijos nar\u012f perve\u017e\u0117j\u0105.<\/p>\n<p><strong>Naryst\u0117s kriterijai:<\/strong><\/p>\n<ul>\n<li> ma\u017eiausiai vieneri\u0173 met\u0173 patirtis.<\/li>\n<li> dviej\u0173 dabartini\u0173 IAM nari\u0173 r\u0117mimo lai\u0161kai, kuriuose nurodoma, kad jie rekomenduoja jus narystei, ant \u012fmon\u0117s r\u0117m\u0117jos firminio blanko, pasira\u0161yti \u012fmon\u0117s pareig\u016bno.<\/li>\n<li> galiojan\u010dios \u0161alies\/valstyb\u0117s\/provincijos verslo licencijos ar registracijos PDF arba JPG ir, jei taikoma, mokes\u010di\u0173 mok\u0117tojo kodo numer\u012f.<\/li>\n<li> Kiekvieno bendrov\u0117s direktoriaus, kuriam priklauso ir (arba) kuris kontroliuoja 5% ar daugiau bendrov\u0117s akcij\u0173, asmens tapatyb\u0117s dokumento su nuotrauka (pvz., paso, vairuotojo pa\u017eym\u0117jimo) PDF arba JPG.<\/li>\n<li> Inicijavimo mokes\u010dio ir \u012fmok\u0173 mok\u0117jimas<\/li>\n<\/ul>\n<p>B\u016bsimieji nariai 30 dien\u0173 skelbiami IAM svetain\u0117je, kad dabartiniai IAM nariai gal\u0117t\u0173 juos per\u017ei\u016br\u0117ti, o pasibaigus \u0161iam laikotarpiui naryst\u0117 patvirtinama.<\/p>\n<p><strong>Kai kurios bendrov\u0117s nar\u0117s<\/strong><\/p>\n<ul>\n<li> <a href=\"https:\/\/moverdb.com\/lt\/aires\/\">Aires<\/a><\/li>\n<li> <a href=\"https:\/\/moverdb.com\/lt\/matthew-james\/\">Matthew James Global Relocations<\/a><\/li>\n<li> <a href=\"https:\/\/moverdb.com\/lt\/santa-fe-relocation\/\">Santa F\u0117 perk\u0117limo paslaugos<\/a><\/li>\n<li> <a href=\"https:\/\/moverdb.com\/lt\/sterlingas-persikelimas\/\">Sterlingo perk\u0117limas<\/a><\/li>\n<li> <a href=\"https:\/\/moverdb.com\/lt\/cadogan-tate\/\">Cadogan Tate<\/a><\/li>\n<li> <a href=\"https:\/\/moverdb.com\/lt\/harrow-green\/\">Harrow Green<\/a><\/li>\n<li> <a href=\"https:\/\/moverdb.com\/lt\/komanda-persikelimai\/\">Komandos perk\u0117limai<\/a><\/li>\n<li> <a href=\"https:\/\/moverdb.com\/lt\/mcgimpsey-brothers-removals\/\">Broli\u0173 McGimpsey perkraustymai<\/a><\/li>\n<li> <a href=\"https:\/\/moverdb.com\/lt\/shore-porters-society\/\">Kranto ne\u0161ik\u0173 draugija<\/a><\/li>\n<li> <a href=\"https:\/\/moverdb.com\/lt\/nippon-express\/\">\"Nippon Express<\/a><\/li>\n<li> <a href=\"https:\/\/moverdb.com\/lt\/sirva\/\">Sirva<\/a><\/li>\n<li> <a href=\"https:\/\/moverdb.com\/lt\/karunos-perkelimas\/\">Kar\u016bnos perk\u0117limai<\/a><\/li>\n<li> <a href=\"https:\/\/moverdb.com\/lt\/shipco-transport\/\">\"Shipco Transport<\/a><\/li>\n<li> <a href=\"https:\/\/moverdb.com\/lt\/conroy-removals\/\">\"Conroy Removals<\/a><\/li>\n<li> <a href=\"https:\/\/moverdb.com\/lt\/bolliger\/\">Bolliger<\/a><\/li>\n<li> <a href=\"https:\/\/moverdb.com\/lt\/island-movers\/\">Island Movers<\/a><\/li>\n<li> <a href=\"https:\/\/moverdb.com\/lt\/gil-stauffer\/\">Gil Stauffer<\/a><\/li>\n<li> <a href=\"https:\/\/moverdb.com\/lt\/royal-hawaiian-movers\/\">Karali\u0161kieji Havaj\u0173 Movers<\/a><\/li>\n<li> <a href=\"https:\/\/moverdb.com\/lt\/teletrans\/\">Teletrans<\/a><\/li>\n<\/ul>\n<p><strong>Perkraustytoj\u0173 nuomon\u0117 apie Tarptautin\u0119 perkraustytoj\u0173 asociacij\u0105:<\/strong><\/p>\n<p>IAM yra cituojama daugelyje interneto svetaini\u0173, kuriose da\u017enai minimas jos pasaulinis pob\u016bdis ir nari\u0173 skai\u010dius. <\/p>\n<p>Daugelis akcentuoja tai, kad ji yra did\u017eiausia \u0161ios pramon\u0117s \u0161akos profesin\u0117 asociacija, ir jos veiklos mast\u0105 - ji tikrai pasaulin\u0117, jos nariai yra net ir tolimiausiuose kampeliuose. Vienoje interneto svetain\u0117je taip pat minima, kad naryst\u0117 IAM padeda <a href=\"https:\/\/moverdb.com\/lt\/moving-companies\/\" data-internallinksmanager029f6b8e52c=\"79\" title=\"Top 25 Tarptautin\u0117s perkraustymo \u012fmon\u0117s internete\">perkraustymo \u012fmon\u0117s<\/a> kad klientai j\u0105 rast\u0173 ir kad tai yra \u012fmon\u0117s, kuri gali teikti puikias paslaugas, rodiklis. <\/p>\n<p>Apskritai atrodo, kad asociacija yra ir kokyb\u0117s \u017eenklas, ir naudinga priemon\u0117 verslui ir tinklams pl\u0117sti.<\/p>\n<blockquote><p>Visame pasaulyje kasdien perve\u017eant nam\u0173 apyvokos daiktus ir asmeninius daiktus dalyvaujantys nariai yra tokie pat \u012fvair\u016bs, kaip ir patys tarptautinio persikraustymo komponentai. Transportas ir preki\u0173 bei paslaug\u0173 mainai yra esminiai gyvybiniai veiksniai, skatinantys \u0161iuolaikin\u012f pasaulio ekonomikos augim\u0105.\n<\/p><\/blockquote>\n<p>- <a href=\"http:\/\/www.abels.co.uk\/articles\/international-association-of-movers-iam-what-is-this\/\" target=\"_blank\" rel=\"noopener\">Abels<\/a><\/p>\n<blockquote><p>IAM yra pasaulin\u0117 perve\u017e\u0117j\u0173 ir ekspeditori\u0173 asociacija, siekianti teikti klientams auk\u0161\u010diausio lygio paslaugas.<\/p><\/blockquote>\n<p>- <a href=\"http:\/\/www.amjbc.ca\/international-moving-services\/\" target=\"_blank\" rel=\"noopener\">AMJ Campbell visame pasaulyje<\/a><\/p>\n<blockquote><p>IAM naryst\u0117 yra tikrai pasaulin\u0117 Visuose pasaulio kra\u0161tuose rasite IAM s\u0105j\u016bdinink\u0173. Tai padeda mums teikti klientams paslaugas \"nuo dur\u0173 iki dur\u0173\". Nuo nam\u0173 iki nam\u0173, kaip mes m\u0117gstame sakyti.<\/p><\/blockquote>\n<p>- <a href=\"http:\/\/hometohome.nl\/2016\/02\/12\/iam-international-association-of-movers\/\" target=\"_blank\" rel=\"noopener\">\"Home to Home<\/a><\/p>\n<p><strong>Interneto svetain\u0117:<\/strong> <a href=\"http:\/\/www.iamovers.org\/\" target=\"_blank\" rel=\"noopener\">http:\/\/www.iamovers.org<\/a><\/p>","protected":false},"excerpt":{"rendered":"<p>The International Association of Movers (IAM) is a global trade body with members who provide moving, forwarding, shipping, logistics, and related services. It is the largest international trade association for the industry, originally founded by charter businesses that were doing business with the US government. Key facts about the IAM: Represents more than 2,000 companies [&hellip;]<\/p>\n","protected":false},"author":1,"featured_media":0,"parent":0,"menu_order":0,"comment_status":"closed","ping_status":"closed","template":"","meta":{"_genesis_hide_title":false,"_genesis_hide_breadcrumbs":false,"_genesis_hide_singular_image":false,"_genesis_hide_footer_widgets":false,"_genesis_custom_body_class":"","_genesis_custom_post_class":"","_genesis_layout":"","footnotes":""},"class_list":{"0":"post-431","1":"page","2":"type-page","3":"status-publish","5":"entry"},"_links":{"self":[{"href":"https:\/\/moverdb.com\/lt\/wp-json\/wp\/v2\/pages\/431","targetHints":{"allow":["GET"]}}],"collection":[{"href":"https:\/\/moverdb.com\/lt\/wp-json\/wp\/v2\/pages"}],"about":[{"href":"https:\/\/moverdb.com\/lt\/wp-json\/wp\/v2\/types\/page"}],"author":[{"embeddable":true,"href":"https:\/\/moverdb.com\/lt\/wp-json\/wp\/v2\/users\/1"}],"replies":[{"embeddable":true,"href":"https:\/\/moverdb.com\/lt\/wp-json\/wp\/v2\/comments?post=431"}],"version-history":[{"count":24,"href":"https:\/\/moverdb.com\/lt\/wp-json\/wp\/v2\/pages\/431\/revisions"}],"predecessor-version":[{"id":13162,"href":"https:\/\/moverdb.com\/lt\/wp-json\/wp\/v2\/pages\/431\/revisions\/13162"}],"wp:attachment":[{"href":"https:\/\/moverdb.com\/lt\/wp-json\/wp\/v2\/media?parent=431"}],"curies":[{"name":"wp","href":"https:\/\/api.w.org\/{rel}","templated":true}]}}