{"id":430,"date":"2016-06-08T14:50:20","date_gmt":"2016-06-08T14:50:20","guid":{"rendered":"http:\/\/moverdb.com\/?page_id=430"},"modified":"2026-01-08T14:47:52","modified_gmt":"2026-01-08T14:47:52","slug":"baras-uzjuris","status":"publish","type":"page","link":"https:\/\/moverdb.com\/lt\/bar-overseas\/","title":{"rendered":"Brit\u0173 perkraustytoj\u0173 asociacijos (BAR) u\u017esienio grup\u0117s paai\u0161kinimai"},"content":{"rendered":"<p><a href=\"https:\/\/moverdb.com\/lt\/british-association-of-removers\/\" data-internallinksmanager029f6b8e52c=\"9\" title=\"Britanijos perkraustymo \u012fmoni\u0173 asociacijos (BAR) paai\u0161kinimai\">BAR<\/a> \"Overseas Group\" yra dalis <a href=\"https:\/\/moverdb.com\/lt\/britu-salintoju-asociacija\/\">Did\u017eiosios Britanijos perkraustytoj\u0173 asociacija<\/a> (BAR), prekybos asociacija. <\/p>\n<p>Kaip ir pagrindin\u0117 organizacija, ji siekia skatinti profesin\u012f meistri\u0161kum\u0105 perkraustymo pramon\u0117je ir turi ypatingos patirties dirbant su daliniais ir <a href=\"https:\/\/moverdb.com\/lt\/konteineriu-kroviniu-gabenimas\/\">pilno konteinerio krovinio siuntos<\/a> visame pasaulyje, o \u012fve\u017eamos prek\u0117s <a href=\"https:\/\/moverdb.com\/lt\/moving-to-the-uk\/\" data-internallinksmanager029f6b8e52c=\"93\" title=\"Persik\u0117limas \u012f Jungtin\u0119 Karalyst\u0119? 2022 Gyvenimo i\u0161laidos ir persikraustymo patarimai\">JK<\/a> i\u0161 u\u017esienio.<\/p>\n<p><strong>Pagrindiniai faktai apie \"BAR Overseas Group\":<\/strong><\/p>\n<ol>\n<li>  \"BAR Overseas\" sudaro 50 JK ekspert\u0173 grup\u0117. <a href=\"https:\/\/moverdb.com\/lt\/juda-imones\/\">\u012fmon\u0117s<\/a> kurie specializuojasi visais <a href=\"https:\/\/moverdb.com\/lt\/tarptautiniai-perkraustymai\/\">U\u017esienio ir tarptautiniai perkraustymai<\/a> ir perk\u0117limus.<\/li>\n<li>  Nariai pasira\u0161o i\u0161ankstini\u0173 mok\u0117jim\u0173 garantijos schem\u0105, skirt\u0105 apsaugoti visus klient\u0173 i\u0161ankstinius mok\u0117jimus.<\/li>\n<li>  Nariai - tai profesionalios \u012fmon\u0117s, siekian\u010dios auk\u0161\u010diausi\u0173 aptarnavimo standart\u0173 ir besispecializuojan\u010dios perkraustymo \u012f u\u017esien\u012f srityje.<\/li>\n<li>  \"BAR Overseas Group\" reikalauja, kad jos nariai laikyt\u0173si auk\u0161t\u0173 standart\u0173, susijusi\u0173 su tokiais elementais kaip darbuotoj\u0173 mokymas, transporto priemon\u0117s ir \u012franga, o apsilankymai vietoje gali vykti atsitiktiniu laiku.<\/li>\n<li>  Kokyb\u0117s standart\u0105 BS 8564 pareng\u0117 \"BAR Overseas Group\", bendradarbiaudama su BSI (Brit\u0173 standart\u0173 institucija). Visi nariai privalo j\u012f tur\u0117ti.<\/li>\n<li>  \"BAR\" i\u0161ankstinio apmok\u0117jimo garantija apsaugo klientus - jei perve\u017e\u0117jas, pas kur\u012f klientas u\u017esisak\u0117 paslaug\u0105, patiria finansini\u0173 sunkum\u0173, kitas perve\u017e\u0117jas perima darb\u0105 ir u\u017etikrina, kad jis bus atliktas be papildomo mokes\u010dio. <a href=\"https:\/\/moverdb.com\/lt\/persikraustymo-islaidos\/\">i\u0161laidos<\/a> klientui.<\/li>\n<\/ol>\n<p><strong>Organizacijos profilis:<\/strong><\/p>\n<p>BAR yra seniausia perkraustymo sektoriaus profesin\u0117 asociacija ir <strong>U\u017ej\u016brio grup\u0117<\/strong> siekiama i\u0161pl\u0117sti jos pasiekiamum\u0105 i\u0161 Jungtin\u0117s Karalyst\u0117s \u012f \u012fvairias pasaulio \u0161alis. <\/p>\n<p>Nariais gali tapti tik tie perkraustymo paslaug\u0173 teik\u0117jai, kurie jau turi BAR naryst\u0119, ta\u010diau tai negarantuoja, kad jie bus priimti \u012f U\u017ej\u016brio grup\u0119. Grup\u0117s vizija - siekti, kad jos nariai tapt\u0173 patikimais perkraustymo paslaug\u0173 teik\u0117jais u\u017esienio \u0161alyse, taip pat skatinti ir pl\u0117toti geriausi\u0105 profesionali\u0105 perkraustymo u\u017esienyje praktik\u0105.<\/p>\n<p><strong>Naryst\u0117s kriterijai:<\/strong><\/p>\n<ul>\n<li> Nariai jau turi priklausyti BAR.<\/li>\n<li> Nariai turi priklausyti patvirtintai i\u0161ankstinio mok\u0117jimo garantij\u0173 (APG) schemai.<\/li>\n<li> Nariai turi tur\u0117ti <a href=\"https:\/\/moverdb.com\/lt\/fidi-faim\/\">FIDI-FAIM<\/a>arba BS 8564 (U\u017ej\u016brio jud\u0117jimo standartas), arba lygiavertis, arba auk\u0161tesnis patvirtintas i\u0161ori\u0161kai audituotas standartas.<\/li>\n<\/ul>\n<p><strong>Pavyzdin\u0117s \u012fmon\u0117s nar\u0117s:<\/strong><\/p>\n<ul>\n<li> <a href=\"https:\/\/moverdb.com\/lt\/harrow-green\/\">Harrow Green<\/a><\/li>\n<li> <a href=\"https:\/\/moverdb.com\/lt\/anglakalbe\/\">\"Anglo Pacific<\/a><\/li>\n<li> <a href=\"https:\/\/moverdb.com\/lt\/matthew-james\/\">Matthew James<\/a><\/li>\n<li> <a href=\"https:\/\/moverdb.com\/lt\/shore-porters-society\/\">Kranto ne\u0161ik\u0173 draugija<\/a><\/li>\n<li> <a href=\"https:\/\/moverdb.com\/lt\/pss-removals\/\">PSS tarptautinis perkraustymas<\/a><\/li>\n<\/ul>\n<p><strong>Nuomon\u0117s apie \"BAR Overseas Group<\/strong><\/p>\n<p>Manoma, kad \"BAR Overseas\" taiko grie\u017etus naryst\u0117s kriterijus, o nariai reguliariai tikrinami, siekiant u\u017etikrinti, kad standartai nenukrypt\u0173. Asociacijos reputacija grind\u017eiama i\u0161samia nari\u0173 per\u017ei\u016bra, kuri apima visk\u0105 - nuo veiklos iki patalp\u0173. <\/p>\n<p>Finansin\u0117s apsaugos sistema laikoma dideliu nari\u0173 privalumu, nes jie gali pasi\u016blyti klientams papildom\u0105 finansin\u0119 apsaug\u0105. \"BAR Overseas\" naudojasi Britanijos perkraustytoj\u0173 asociacijos reputacija ir yra laikoma perkraustym\u0173 u\u017esienyje kokyb\u0117s standartu. <\/p>\n<p>Viena bendrov\u0117 pabr\u0117\u017eia, kad Jungtin\u0117je Karalyst\u0117je yra tik 50-60 bendrovi\u0173, kurios atitinka kriterijus, kad gal\u0117t\u0173 prisijungti prie \"BAR Overseas Group\", ir tai yra viena i\u0161 prie\u017eas\u010di\u0173, kod\u0117l naryst\u0117 yra toks didelis pasiekimas.<\/p>\n<blockquote><p>Nariai turi atitikti grie\u017etus standartus ir yra reguliariai tikrinami, kad b\u016bt\u0173 u\u017etikrinta, jog j\u0173 patalpos, \u012franga, personalo mokymas ir veiklos proced\u016bros i\u0161likt\u0173 auk\u0161\u010diausio lygio.<\/p><\/blockquote>\n<p>- <a href=\"http:\/\/www.abels.co.uk\/european-removals-moving-to-europe\/bar-overseas-group-what-is-this\/\" target=\"_blank\" rel=\"noopener\">Abels<\/a><\/p>\n<blockquote><p>Siekdama apsaugoti klientus, \"BAR Overseas Group\" suk\u016br\u0117 IMMI (International Movers Mutual Insurance) i\u0161ankstinio mok\u0117jimo schem\u0105.<\/p><\/blockquote>\n<p>- <a href=\"http:\/\/www.johnmason.com\/about-us\/accreditations\/bar-overseas-group\/\" target=\"_blank\" rel=\"noopener\">JohnMason<\/a> <\/p>\n<blockquote><p>Garantuota ramyb\u0117 persikraustant \u012f u\u017esien\u012f.BAR Overseas Group yra specializuota Did\u017eiosios Britanijos perkraustymo \u012fmoni\u0173 asociacijos sekcija, kurios nariai yra vis\u0173 persikraustymo \u012f u\u017esien\u012f sri\u010di\u0173 ekspertai. Grie\u017etus naryst\u0117s kriterijus ir grie\u017etus nariams keliamus reikalavimus atitinka ma\u017eiau nei 60 \u012fmoni\u0173 Jungtin\u0117je Karalyst\u0117je.<\/p><\/blockquote>\n<p>- <a href=\"http:\/\/www.simpsons-uk.com\/removals_accreditations\/overseas_group\" target=\"_blank\" rel=\"noopener\">Simpsonai<\/a><\/p>\n<p><strong>Interneto svetain\u0117:<\/strong> <a href=\"http:\/\/www.baroverseas.co.uk\/\" target=\"_blank\" rel=\"noopener\">http:\/\/www.baroverseas.co.uk\/<\/a><\/p>","protected":false},"excerpt":{"rendered":"<p>BAR Overseas Group is part of the British Association of Removers (BAR), a Trade Association. Just like its parent organisation, it is dedicated to promoting professional excellence in the removals industry and has particular experience dealing with part and full container load shipments worldwide and goods coming into the UK from abroad. Key facts about [&hellip;]<\/p>\n","protected":false},"author":1,"featured_media":0,"parent":0,"menu_order":0,"comment_status":"closed","ping_status":"closed","template":"","meta":{"_genesis_hide_title":false,"_genesis_hide_breadcrumbs":false,"_genesis_hide_singular_image":false,"_genesis_hide_footer_widgets":false,"_genesis_custom_body_class":"","_genesis_custom_post_class":"","_genesis_layout":"","footnotes":""},"class_list":{"0":"post-430","1":"page","2":"type-page","3":"status-publish","5":"entry"},"_links":{"self":[{"href":"https:\/\/moverdb.com\/lt\/wp-json\/wp\/v2\/pages\/430","targetHints":{"allow":["GET"]}}],"collection":[{"href":"https:\/\/moverdb.com\/lt\/wp-json\/wp\/v2\/pages"}],"about":[{"href":"https:\/\/moverdb.com\/lt\/wp-json\/wp\/v2\/types\/page"}],"author":[{"embeddable":true,"href":"https:\/\/moverdb.com\/lt\/wp-json\/wp\/v2\/users\/1"}],"replies":[{"embeddable":true,"href":"https:\/\/moverdb.com\/lt\/wp-json\/wp\/v2\/comments?post=430"}],"version-history":[{"count":16,"href":"https:\/\/moverdb.com\/lt\/wp-json\/wp\/v2\/pages\/430\/revisions"}],"predecessor-version":[{"id":6187,"href":"https:\/\/moverdb.com\/lt\/wp-json\/wp\/v2\/pages\/430\/revisions\/6187"}],"wp:attachment":[{"href":"https:\/\/moverdb.com\/lt\/wp-json\/wp\/v2\/media?parent=430"}],"curies":[{"name":"wp","href":"https:\/\/api.w.org\/{rel}","templated":true}]}}