{"id":4298,"date":"2022-07-13T23:27:00","date_gmt":"2022-07-13T23:27:00","guid":{"rendered":"https:\/\/moverdb.com\/?page_id=4298"},"modified":"2026-01-08T13:19:53","modified_gmt":"2026-01-08T13:19:53","slug":"guamas-2","status":"publish","type":"page","link":"https:\/\/moverdb.com\/lt\/container-shipping\/guam-2\/","title":{"rendered":"2023 m. J\u016br\u0173 krovini\u0173 gabenimo konteineriais \u012f Guam\u0105 ir i\u0161 jo \u012fkainiai"},"content":{"rendered":"<div class=\"wp-block-image\">\n<figure class=\"aligncenter size-full\"><img loading=\"lazy\" decoding=\"async\" width=\"1000\" height=\"664\" src=\"https:\/\/moverdb.com\/wp-content\/uploads\/guam.jpg\" alt=\"Palm\u0117s gra\u017eiame Guamo papl\u016bdimyje\" class=\"wp-image-4285\" srcset=\"https:\/\/moverdb.com\/wp-content\/uploads\/guam.jpg 1000w, https:\/\/moverdb.com\/wp-content\/uploads\/guam-300x200.jpg 300w, https:\/\/moverdb.com\/wp-content\/uploads\/guam-18x12.jpg 18w, https:\/\/moverdb.com\/wp-content\/uploads\/guam-600x398.jpg 600w\" sizes=\"auto, (max-width: 1000px) 100vw, 1000px\" \/><\/figure>\n<\/div>\n\n\n<p><strong>Guamas<\/strong> yra viena ma\u017eiausi\u0173 Ramiojo vandenyno regiono Pietry\u010di\u0173 Azijoje \u0161ali\u0173. \u0160is nedidelis rojus yra tikras perlas u\u017esienie\u010diams, ie\u0161kantiems vietos, kur gal\u0117t\u0173 kelerius metus atsitraukti arba visam laikui persikelti ir i\u0161eiti \u012f pensij\u0105.<\/p>\n\n\n\n<p>Kai kurie gyvenimo Guame privalumai: nuostabus klimatas, nuolatin\u0117 maloni temperat\u016bra, atogr\u0105\u017e\u0173 papl\u016bdimiai ir viliojantis vanduo, puikios \u0161vietimo programos, teigiami mokes\u010di\u0173 \u012fstatymai ir dar daugiau.<\/p>\n\n\n\n<p>Vis d\u0117lto, jei nuspr\u0119site persikelti \u012f Guam\u0105, vis\u0173 daikt\u0173 gabenimas gali kainuoti \u0161iek tiek brangiau. Kadangi \u012f sal\u0105 ne da\u017enai va\u017eiuoja krovininis transportas, n\u0117ra daug mar\u0161rut\u0173, jungian\u010di\u0173 \u0161i\u0105 sal\u0105.<\/p>\n\n\n\n<p>Tai matyti i\u0161 toliau pateikt\u0173 lenteli\u0173. Kainos ten yra ma\u017eiausios Guamas <a href=\"https:\/\/moverdb.com\/lt\/container-shipping\/\" data-internallinksmanager029f6b8e52c=\"3\" title=\"Tarptautini\u0173 konteineri\u0173 gabenimo tarif\u0173 diagrama: 2026 m. baland\u017eio m\u0117n.\">konteineri\u0173 gabenimo tarifai<\/a> gal\u0117tume atrasti. Ta\u010diau eikite \u012f priek\u012f ir u\u017epildykite savo duomenis m\u016bs\u0173 citavimo \u012frankyje, o mes pasistengsime pad\u0117ti jums gauti asmenin\u012f pasi\u016blym\u0105 tiksliai j\u016bs\u0173 vietovei.<\/p>\n\n\n\n<h2 class=\"wp-block-heading\">Konteineri\u0173 gabenimo \u012f Guam\u0105 i\u0161laidos<\/h2>\n\n\n<div class=\"wp-block-image\">\n<figure class=\"aligncenter size-large\"><img loading=\"lazy\" decoding=\"async\" width=\"1024\" height=\"539\" src=\"https:\/\/moverdb.com\/wp-content\/uploads\/Shipping-Container-Costs-to-Guam-1024x539.png\" alt=\"Laivybos konteineri\u0173 i\u0161laidos i\u0161 Guamo\" class=\"wp-image-4289\" srcset=\"https:\/\/moverdb.com\/wp-content\/uploads\/Shipping-Container-Costs-to-Guam-1024x539.png 1024w, https:\/\/moverdb.com\/wp-content\/uploads\/Shipping-Container-Costs-to-Guam-300x158.png 300w, https:\/\/moverdb.com\/wp-content\/uploads\/Shipping-Container-Costs-to-Guam-1536x809.png 1536w, https:\/\/moverdb.com\/wp-content\/uploads\/Shipping-Container-Costs-to-Guam-18x9.png 18w, https:\/\/moverdb.com\/wp-content\/uploads\/Shipping-Container-Costs-to-Guam-600x316.png 600w, https:\/\/moverdb.com\/wp-content\/uploads\/Shipping-Container-Costs-to-Guam.png 2000w\" sizes=\"auto, (max-width: 1024px) 100vw, 1024px\" \/><\/figure>\n<\/div>\n\n\n<table id=\"tablepress-114\" class=\"tablepress tablepress-id-114\">\n<thead>\n<tr class=\"row-1\">\n\t<th class=\"column-1\">Paskirties \u0161alis (<a href=\"https:\/\/moverdb.com\/lt\/top-49-container-ports\/\" data-internallinksmanager029f6b8e52c=\"80\" title=\"49 did\u017eiausi ir labiausiai apkrauti konteineri\u0173 uostai 2025 m.\">Uostas<\/a>\/miestas)<\/th><th class=\"column-2\">20FT<\/th><th class=\"column-3\">40FT<\/th>\n<\/tr>\n<\/thead>\n<tbody class=\"row-striping row-hover\">\n<tr class=\"row-2\">\n\t<td class=\"column-1\"><a href=\"https:\/\/moverdb.com\/lt\/container-shipping\/argentina\/\" data-internallinksmanager029f6b8e52c=\"91\" title=\"2023 m. J\u016br\u0173 krovini\u0173 gabenimo konteineriais \u012f Argentin\u0105 ir i\u0161 jos kainos\">Argentina (Buenos Air\u0117s)<\/a><\/td><td class=\"column-2\">$5,591<\/td><td class=\"column-3\">$5,613<\/td>\n<\/tr>\n<tr class=\"row-3\">\n\t<td class=\"column-1\"><a href=\"https:\/\/moverdb.com\/lt\/container-shipping\/australia\/\" data-internallinksmanager029f6b8e52c=\"89\" title=\"2026 m. konteineri\u0173 gabenimo \u012f Australij\u0105 ir i\u0161 jos kainos\">Australija (Sidn\u0117jus)<\/a><\/td><td class=\"column-2\">$1,359<\/td><td class=\"column-3\">$2,612<\/td>\n<\/tr>\n<tr class=\"row-4\">\n\t<td class=\"column-1\"><a href=\"https:\/\/moverdb.com\/lt\/container-shipping\/brazil\/\" data-internallinksmanager029f6b8e52c=\"98\" title=\"2023 m. J\u016br\u0173 krovini\u0173 gabenimo konteineriais \u012f Brazilij\u0105 ir i\u0161 jos \u012fkainiai\">Brazilija (Santos)<\/a><\/td><td class=\"column-2\">$5,591<\/td><td class=\"column-3\">$5,613<\/td>\n<\/tr>\n<tr class=\"row-5\">\n\t<td class=\"column-1\"><a href=\"https:\/\/moverdb.com\/lt\/container-shipping\/canada\/\" data-internallinksmanager029f6b8e52c=\"102\" title=\"2023 m. J\u016br\u0173 krovini\u0173 gabenimo konteineriais \u012f Kanad\u0105 ir i\u0161 jos kainos\">Kanada (Torontas)<\/a><\/td><td class=\"column-2\">$2,928<\/td><td class=\"column-3\">$4,016<\/td>\n<\/tr>\n<tr class=\"row-6\">\n\t<td class=\"column-1\">Kanada (<a href=\"https:\/\/moverdb.com\/lt\/moving-to-canada\/moving-to-vancouver\/\" data-internallinksmanager029f6b8e52c=\"438\" title=\"Persikraustote \u012f Vankuver\u012f? 2023 m. pragyvenimo i\u0161laidos ir persik\u0117limo patarimai\">Vankuveris<\/a>)<\/td><td class=\"column-2\">$2,719<\/td><td class=\"column-3\">$4,404<\/td>\n<\/tr>\n<tr class=\"row-7\">\n\t<td class=\"column-1\"><a href=\"https:\/\/moverdb.com\/lt\/container-shipping\/china\/\" data-internallinksmanager029f6b8e52c=\"105\" title=\"2023 m. J\u016br\u0173 krovini\u0173 gabenimo konteineriais \u012f Kinij\u0105 ir i\u0161 jos \u012fkainiai\">Kinija (Pekinas)<\/a><\/td><td class=\"column-2\">$6,412<\/td><td class=\"column-3\">$10,710<\/td>\n<\/tr>\n<tr class=\"row-8\">\n\t<td class=\"column-1\">Kinija (\u0160anchajus)<\/td><td class=\"column-2\">$6,402<\/td><td class=\"column-3\">$10,700<\/td>\n<\/tr>\n<tr class=\"row-9\">\n\t<td class=\"column-1\"><a href=\"https:\/\/moverdb.com\/lt\/container-shipping\/germany\/\" data-internallinksmanager029f6b8e52c=\"118\" title=\"2023 m. J\u016br\u0173 krovini\u0173 gabenimo konteineriais \u012f Vokietij\u0105 ir i\u0161 jos \u012fkainiai\">Vokietija (Hamburgas)<\/a><\/td><td class=\"column-2\">$793<\/td><td class=\"column-3\">$944<\/td>\n<\/tr>\n<tr class=\"row-10\">\n\t<td class=\"column-1\"><a href=\"https:\/\/moverdb.com\/lt\/container-shipping\/hong-kong\/\" data-internallinksmanager029f6b8e52c=\"123\" title=\"2023 m. J\u016br\u0173 krovini\u0173 gabenimo konteineriais \u012f Honkong\u0105 ir i\u0161 jo kainos\">Honkongas (Honkongas)<\/a><\/td><td class=\"column-2\">$6,402<\/td><td class=\"column-3\">$10,700<\/td>\n<\/tr>\n<tr class=\"row-11\">\n\t<td class=\"column-1\"><a href=\"https:\/\/moverdb.com\/lt\/container-shipping\/india\/\" data-internallinksmanager029f6b8e52c=\"125\" title=\"2023 m. J\u016br\u0173 krovini\u0173 gabenimo konteineriais \u012f Indij\u0105 ir i\u0161 Indijos kainos\">Indija (Mumbajus)<\/a><\/td><td class=\"column-2\">$1,174<\/td><td class=\"column-3\">$2,355<\/td>\n<\/tr>\n<tr class=\"row-12\">\n\t<td class=\"column-1\"><a href=\"https:\/\/moverdb.com\/lt\/container-shipping\/indonesia\/\" data-internallinksmanager029f6b8e52c=\"126\" title=\"2023 m. J\u016br\u0173 krovini\u0173 gabenimo konteineriais \u012f Indonezij\u0105 ir i\u0161 jos \u012fkainiai\">Indonezija (D\u017eakarta)<\/a><\/td><td class=\"column-2\">$4,891<\/td><td class=\"column-3\">$8,046<\/td>\n<\/tr>\n<tr class=\"row-13\">\n\t<td class=\"column-1\"><a href=\"https:\/\/moverdb.com\/lt\/container-shipping\/japan\/\" data-internallinksmanager029f6b8e52c=\"131\" title=\"2023 m. J\u016br\u0173 krovini\u0173 gabenimo konteineriais \u012f Japonij\u0105 ir i\u0161 jos \u012fkainiai\">Japonija (Tokijas)<\/a><\/td><td class=\"column-2\">$3,122<\/td><td class=\"column-3\">$5,866<\/td>\n<\/tr>\n<tr class=\"row-14\">\n\t<td class=\"column-1\"><a href=\"https:\/\/moverdb.com\/lt\/container-shipping\/luxembourg\/\" data-internallinksmanager029f6b8e52c=\"146\" title=\"2023 m. J\u016br\u0173 krovini\u0173 gabenimo konteineriais \u012f Liuksemburg\u0105 ir i\u0161 jo \u012fkainiai\">Liuksemburgas (Liuksemburgas)<\/a><\/td><td class=\"column-2\">$641<\/td><td class=\"column-3\">$877<\/td>\n<\/tr>\n<tr class=\"row-15\">\n\t<td class=\"column-1\"><a href=\"https:\/\/moverdb.com\/lt\/container-shipping\/malaysia\/\" data-internallinksmanager029f6b8e52c=\"148\" title=\"2023 m. J\u016br\u0173 krovini\u0173 gabenimo konteineriais \u012f Malaizij\u0105 ir i\u0161 jos \u012fkainiai\">Malaizija (Kelango uostas)<\/a><\/td><td class=\"column-2\">$4,891<\/td><td class=\"column-3\">$8,046<\/td>\n<\/tr>\n<tr class=\"row-16\">\n\t<td class=\"column-1\"><a href=\"https:\/\/moverdb.com\/lt\/container-shipping\/mexico\/\" data-internallinksmanager029f6b8e52c=\"162\" title=\"2023 m. J\u016br\u0173 krovini\u0173 gabenimo konteineriais \u012f Meksik\u0105 ir i\u0161 jos kainos\">Meksika (Manzaniljas)<\/a><\/td><td class=\"column-2\">$2,419<\/td><td class=\"column-3\">$4,009<\/td>\n<\/tr>\n<tr class=\"row-17\">\n\t<td class=\"column-1\"><a href=\"https:\/\/moverdb.com\/lt\/container-shipping\/netherlands\/\" data-internallinksmanager029f6b8e52c=\"151\" title=\"2023 m. J\u016br\u0173 krovini\u0173 gabenimo konteineriais \u012f Nyderlandus ir i\u0161 j\u0173 \u012fkainiai\">Nyderlandai (Roterdamas)<\/a><\/td><td class=\"column-2\">$641<\/td><td class=\"column-3\">$877<\/td>\n<\/tr>\n<tr class=\"row-18\">\n\t<td class=\"column-1\"><a href=\"https:\/\/moverdb.com\/lt\/container-shipping\/new-zealand\/\" data-internallinksmanager029f6b8e52c=\"163\" title=\"2023 m. J\u016br\u0173 krovini\u0173 gabenimo konteineriais \u012f Nauj\u0105j\u0105 Zelandij\u0105 ir i\u0161 jos \u012fkainiai\">Naujoji Zelandija (Oklandas)<\/a><\/td><td class=\"column-2\">$1,359<\/td><td class=\"column-3\">$2,612<\/td>\n<\/tr>\n<tr class=\"row-19\">\n\t<td class=\"column-1\"><a href=\"https:\/\/moverdb.com\/lt\/container-shipping\/pakistan\/\" data-internallinksmanager029f6b8e52c=\"155\" title=\"2023 m. J\u016br\u0173 krovini\u0173 gabenimo konteineriais \u012f Pakistan\u0105 ir i\u0161 jo kainos\">Pakistanas (Kara\u010dis)<\/a><\/td><td class=\"column-2\">$1,174<\/td><td class=\"column-3\">$2,355<\/td>\n<\/tr>\n<tr class=\"row-20\">\n\t<td class=\"column-1\"><a href=\"https:\/\/moverdb.com\/lt\/container-shipping\/russia\/\" data-internallinksmanager029f6b8e52c=\"160\" title=\"2023 m. J\u016br\u0173 krovini\u0173 gabenimo konteineriais \u012f Rusij\u0105 ir i\u0161 jos \u012fkainiai\">Rusija (Sankt Peterburgas)<\/a><\/td><td class=\"column-2\">$808<\/td><td class=\"column-3\">$998<\/td>\n<\/tr>\n<tr class=\"row-21\">\n\t<td class=\"column-1\"><a href=\"https:\/\/moverdb.com\/lt\/container-shipping\/singapore\/\" data-internallinksmanager029f6b8e52c=\"179\" title=\"2023 m. J\u016br\u0173 krovini\u0173 gabenimo konteineriais \u012f Singap\u016br\u0105 ir i\u0161 jo \u012fkainiai\">Singap\u016bras (Singap\u016bras)<\/a><\/td><td class=\"column-2\">$7,280<\/td><td class=\"column-3\">$11,350<\/td>\n<\/tr>\n<tr class=\"row-22\">\n\t<td class=\"column-1\"><a href=\"https:\/\/moverdb.com\/lt\/container-shipping\/spain\/\" data-internallinksmanager029f6b8e52c=\"182\" title=\"2023 m. J\u016br\u0173 krovini\u0173 gabenimo konteineriais \u012f Ispanij\u0105 ir i\u0161 jos kainos\">Ispanija (Valensija)<\/a><\/td><td class=\"column-2\">$528<\/td><td class=\"column-3\">$772<\/td>\n<\/tr>\n<tr class=\"row-23\">\n\t<td class=\"column-1\"><a href=\"https:\/\/moverdb.com\/lt\/container-shipping\/thailand\/\" data-internallinksmanager029f6b8e52c=\"189\" title=\"2023 m. J\u016br\u0173 krovini\u0173 gabenimo konteineriais \u012f Tailand\u0105 ir i\u0161 jo kainos\">Tailandas (Laem \u010cabangas)<\/a><\/td><td class=\"column-2\">$4,891<\/td><td class=\"column-3\">$8,046<\/td>\n<\/tr>\n<tr class=\"row-24\">\n\t<td class=\"column-1\"><a href=\"https:\/\/moverdb.com\/lt\/container-shipping\/united-kingdom\/\" data-internallinksmanager029f6b8e52c=\"196\" title=\"2026 m. konteineri\u0173 gabenimo \u012f Jungtin\u0119 Karalyst\u0119 ir i\u0161 jos tarifai\">Jungtin\u0117 Karalyst\u0117 (Londonas)<\/a><\/td><td class=\"column-2\">$1,111<\/td><td class=\"column-3\">$1,166<\/td>\n<\/tr>\n<tr class=\"row-25\">\n\t<td class=\"column-1\"><a href=\"https:\/\/moverdb.com\/lt\/moving-to-the-united-states\/\" data-internallinksmanager029f6b8e52c=\"94\" title=\"Persik\u0117limas \u012f Jungtines Amerikos Valstijas? 2022 Gyvenimo i\u0161laidos ir persik\u0117limo patarimai\">JAV<\/a> (<a href=\"https:\/\/moverdb.com\/lt\/moving-to-los-angeles\/\" data-internallinksmanager029f6b8e52c=\"51\" title=\"Persikraustote \u012f Los And\u017eel\u0105? 2026 m. gyvenimo Los And\u017eele i\u0161laidos ir persik\u0117limo patarimai\">Los And\u017eelas<\/a>)<\/td><td class=\"column-2\">$2,719<\/td><td class=\"column-3\">$4,404<\/td>\n<\/tr>\n<tr class=\"row-26\">\n\t<td class=\"column-1\"><a href=\"https:\/\/moverdb.com\/lt\/container-shipping\/united-states\/\" data-internallinksmanager029f6b8e52c=\"87\" title=\"2023 m. J\u016br\u0173 krovini\u0173 gabenimo konteineriais \u012f JAV ir i\u0161 JAV kainos\">JAV (Niujorkas)<\/a><\/td><td class=\"column-2\">$2,928<\/td><td class=\"column-3\">$4,016<\/td>\n<\/tr>\n<tr class=\"row-27\">\n\t<td class=\"column-1\"><a href=\"https:\/\/moverdb.com\/lt\/container-shipping\/vietnam\/\" data-internallinksmanager029f6b8e52c=\"245\" title=\"2023 m. J\u016br\u0173 krovini\u0173 gabenimo konteineriais \u012f Vietnam\u0105 ir i\u0161 jo kainos\">Vietnamas (Saigonas)<\/a><\/td><td class=\"column-2\">$4,891<\/td><td class=\"column-3\">$8,046<\/td>\n<\/tr>\n<\/tbody>\n<\/table>\n<!-- #tablepress-114 from cache -->\n\n\n\n<h2 class=\"wp-block-heading\">Laivybos konteineri\u0173 i\u0161laidos i\u0161 Guamo<\/h2>\n\n\n<div class=\"wp-block-image\">\n<figure class=\"aligncenter size-large\"><img loading=\"lazy\" decoding=\"async\" width=\"1024\" height=\"539\" src=\"https:\/\/moverdb.com\/wp-content\/uploads\/Shipping-Container-Costs-from-Guam-1024x539.png\" alt=\"Laivybos konteineri\u0173 i\u0161laidos i\u0161 Guamo\" class=\"wp-image-4287\" srcset=\"https:\/\/moverdb.com\/wp-content\/uploads\/Shipping-Container-Costs-from-Guam-1024x539.png 1024w, https:\/\/moverdb.com\/wp-content\/uploads\/Shipping-Container-Costs-from-Guam-300x158.png 300w, https:\/\/moverdb.com\/wp-content\/uploads\/Shipping-Container-Costs-from-Guam-1536x809.png 1536w, https:\/\/moverdb.com\/wp-content\/uploads\/Shipping-Container-Costs-from-Guam-18x9.png 18w, https:\/\/moverdb.com\/wp-content\/uploads\/Shipping-Container-Costs-from-Guam-600x316.png 600w, https:\/\/moverdb.com\/wp-content\/uploads\/Shipping-Container-Costs-from-Guam.png 2000w\" sizes=\"auto, (max-width: 1024px) 100vw, 1024px\" \/><\/figure>\n<\/div>\n\n\n<table id=\"tablepress-112\" class=\"tablepress tablepress-id-112\">\n<thead>\n<tr class=\"row-1\">\n\t<th class=\"column-1\">Paskirties \u0161alis (uostas \/ miestas)<\/th><th class=\"column-2\">20FT<\/th><th class=\"column-3\">40FT<\/th>\n<\/tr>\n<\/thead>\n<tbody class=\"row-striping row-hover\">\n<tr class=\"row-2\">\n\t<td class=\"column-1\"><a href=\"https:\/\/moverdb.com\/lt\/container-shipping\/andorra\/\" data-internallinksmanager029f6b8e52c=\"88\" title=\"2023 m. J\u016br\u0173 krovini\u0173 gabenimo konteineriais \u012f Andor\u0105 ir i\u0161 jos \u012fkainiai\">Andora (Andora la Vella)<\/a><\/td><td class=\"column-2\">$3,577<\/td><td class=\"column-3\">$4,574<\/td>\n<\/tr>\n<tr class=\"row-3\">\n\t<td class=\"column-1\"><a href=\"https:\/\/moverdb.com\/lt\/container-shipping\/antigua-and-barbuda\/\" data-internallinksmanager029f6b8e52c=\"92\" title=\"2023 m. J\u016br\u0173 krovini\u0173 gabenimo konteineriais \u012f Antigv\u0105 ir Barbud\u0105 ir i\u0161 jos \u012fkainiai\">Antigva ir Barbuda (Sent D\u017eonas)<\/a><\/td><td class=\"column-2\">$9,415<\/td><td class=\"column-3\">$11,750<\/td>\n<\/tr>\n<tr class=\"row-4\">\n\t<td class=\"column-1\">Argentina (Buenos Air\u0117s)<\/td><td class=\"column-2\">$4,323<\/td><td class=\"column-3\">$6,560<\/td>\n<\/tr>\n<tr class=\"row-5\">\n\t<td class=\"column-1\"><a href=\"https:\/\/moverdb.com\/lt\/container-shipping\/aruba\/\" data-internallinksmanager029f6b8e52c=\"90\" title=\"2023 m. J\u016br\u0173 krovini\u0173 gabenimo konteineriais \u012f Arub\u0105 ir i\u0161 jos \u012fkainiai\">Aruba (Oranjestadas)<\/a><\/td><td class=\"column-2\">$9,415<\/td><td class=\"column-3\">$11,750<\/td>\n<\/tr>\n<tr class=\"row-6\">\n\t<td class=\"column-1\">Australija (Sidn\u0117jus)<\/td><td class=\"column-2\">$1,551<\/td><td class=\"column-3\">$2,120<\/td>\n<\/tr>\n<tr class=\"row-7\">\n\t<td class=\"column-1\"><a href=\"https:\/\/moverdb.com\/lt\/container-shipping\/austria\/\" data-internallinksmanager029f6b8e52c=\"95\" title=\"2023 m. J\u016br\u0173 krovini\u0173 gabenimo konteineriais \u012f Austrij\u0105 ir i\u0161 jos kainos\">Austrija (Viena)<\/a><\/td><td class=\"column-2\">$1,720<\/td><td class=\"column-3\">$2,450<\/td>\n<\/tr>\n<tr class=\"row-8\">\n\t<td class=\"column-1\"><a href=\"https:\/\/moverdb.com\/lt\/container-shipping\/bangladesh\/\" data-internallinksmanager029f6b8e52c=\"97\" title=\"2022 J\u016br\u0173 krovini\u0173 gabenimo konteineriais \u012f Banglade\u0161\u0105 ir i\u0161 jo \u012fkainiai\">Banglade\u0161as (\u010citagongas)<\/a><\/td><td class=\"column-2\">$733<\/td><td class=\"column-3\">$909<\/td>\n<\/tr>\n<tr class=\"row-9\">\n\t<td class=\"column-1\"><a href=\"https:\/\/moverdb.com\/lt\/container-shipping\/belgium\/\" data-internallinksmanager029f6b8e52c=\"86\" title=\"2023 m. J\u016br\u0173 krovini\u0173 gabenimo konteineriais \u012f Belgij\u0105 ir i\u0161 jos \u012fkainiai\">Belgija (Antverpenas)<\/a><\/td><td class=\"column-2\">$1,413<\/td><td class=\"column-3\">$1,482<\/td>\n<\/tr>\n<tr class=\"row-10\">\n\t<td class=\"column-1\">Brazilija (Santos)<\/td><td class=\"column-2\">$4,323<\/td><td class=\"column-3\">$6,560<\/td>\n<\/tr>\n<tr class=\"row-11\">\n\t<td class=\"column-1\">Kanada (Torontas)<\/td><td class=\"column-2\">$3,414<\/td><td class=\"column-3\">$5,204<\/td>\n<\/tr>\n<tr class=\"row-12\">\n\t<td class=\"column-1\">Kanada (Vankuveris)<\/td><td class=\"column-2\">$1,060<\/td><td class=\"column-3\">$2,300<\/td>\n<\/tr>\n<tr class=\"row-13\">\n\t<td class=\"column-1\">Kinija (Pekinas)<\/td><td class=\"column-2\">$466<\/td><td class=\"column-3\">$614<\/td>\n<\/tr>\n<tr class=\"row-14\">\n\t<td class=\"column-1\">Kinija (\u0160anchajus)<\/td><td class=\"column-2\">$219<\/td><td class=\"column-3\">$470<\/td>\n<\/tr>\n<tr class=\"row-15\">\n\t<td class=\"column-1\">Vokietija (Hamburgas)<\/td><td class=\"column-2\">$1,708<\/td><td class=\"column-3\">$1,989<\/td>\n<\/tr>\n<tr class=\"row-16\">\n\t<td class=\"column-1\">Honkongas (Honkongas)<\/td><td class=\"column-2\">$219<\/td><td class=\"column-3\">$470<\/td>\n<\/tr>\n<tr class=\"row-17\">\n\t<td class=\"column-1\">Indija (Mumbajus)<\/td><td class=\"column-2\">$949<\/td><td class=\"column-3\">$1,338<\/td>\n<\/tr>\n<tr class=\"row-18\">\n\t<td class=\"column-1\">Indonezija (D\u017eakarta)<\/td><td class=\"column-2\">$672<\/td><td class=\"column-3\">$895<\/td>\n<\/tr>\n<tr class=\"row-19\">\n\t<td class=\"column-1\"><a href=\"https:\/\/moverdb.com\/lt\/container-shipping\/italy\/\" data-internallinksmanager029f6b8e52c=\"130\" title=\"2023 m. J\u016br\u0173 krovini\u0173 gabenimo konteineriais \u012f Italij\u0105 ir i\u0161 jos \u012fkainiai\">Italija (Triestas)<\/a><\/td><td class=\"column-2\">$1,976<\/td><td class=\"column-3\">$2,422<\/td>\n<\/tr>\n<tr class=\"row-20\">\n\t<td class=\"column-1\">Japonija (Tokijas)<\/td><td class=\"column-2\">$466<\/td><td class=\"column-3\">$614<\/td>\n<\/tr>\n<tr class=\"row-21\">\n\t<td class=\"column-1\">Liuksemburgas (Liuksemburgas)<\/td><td class=\"column-2\">$1,413<\/td><td class=\"column-3\">$1,482<\/td>\n<\/tr>\n<tr class=\"row-22\">\n\t<td class=\"column-1\">Malaizija (Kelango uostas)<\/td><td class=\"column-2\">$466<\/td><td class=\"column-3\">$614<\/td>\n<\/tr>\n<tr class=\"row-23\">\n\t<td class=\"column-1\">Meksika (Manzaniljas)<\/td><td class=\"column-2\">$3,227<\/td><td class=\"column-3\">$3,860<\/td>\n<\/tr>\n<tr class=\"row-24\">\n\t<td class=\"column-1\">Nyderlandai (Roterdamas)<\/td><td class=\"column-2\">$1,413<\/td><td class=\"column-3\">$1,482<\/td>\n<\/tr>\n<tr class=\"row-25\">\n\t<td class=\"column-1\">Naujoji Zelandija (Oklandas)<\/td><td class=\"column-2\">$1,551<\/td><td class=\"column-3\">$2,120<\/td>\n<\/tr>\n<tr class=\"row-26\">\n\t<td class=\"column-1\">Pakistanas (Kara\u010dis)<\/td><td class=\"column-2\">$949<\/td><td class=\"column-3\">$1,338<\/td>\n<\/tr>\n<tr class=\"row-27\">\n\t<td class=\"column-1\"><a href=\"https:\/\/moverdb.com\/lt\/container-shipping\/philippines\/\" data-internallinksmanager029f6b8e52c=\"156\" title=\"2023 m. J\u016br\u0173 krovini\u0173 gabenimo konteineriais \u012f Filipinus ir i\u0161 j\u0173 \u012fkainiai\">Filipinai (Manila)<\/a><\/td><td class=\"column-2\">$466<\/td><td class=\"column-3\">$614<\/td>\n<\/tr>\n<tr class=\"row-28\">\n\t<td class=\"column-1\">Rusija (Sankt Peterburgas)<\/td><td class=\"column-2\">$7,781<\/td><td class=\"column-3\">$13,010<\/td>\n<\/tr>\n<tr class=\"row-29\">\n\t<td class=\"column-1\">Singap\u016bras (Singap\u016bras)<\/td><td class=\"column-2\">$346<\/td><td class=\"column-3\">$507<\/td>\n<\/tr>\n<tr class=\"row-30\">\n\t<td class=\"column-1\"><a href=\"https:\/\/moverdb.com\/lt\/container-shipping\/south-korea\/\" data-internallinksmanager029f6b8e52c=\"180\" title=\"2023 m. J\u016br\u0173 krovini\u0173 gabenimo konteineriais \u012f Piet\u0173 Kor\u0117j\u0105 ir i\u0161 jos \u012fkainiai\">Piet\u0173 Kor\u0117ja (Busanas)<\/a><\/td><td class=\"column-2\">$466<\/td><td class=\"column-3\">$614<\/td>\n<\/tr>\n<tr class=\"row-31\">\n\t<td class=\"column-1\">Ispanija (Valensija)<\/td><td class=\"column-2\">$4,207<\/td><td class=\"column-3\">$8,470<\/td>\n<\/tr>\n<tr class=\"row-32\">\n\t<td class=\"column-1\">Tailandas (Laem \u010cabangas)<\/td><td class=\"column-2\">$466<\/td><td class=\"column-3\">$614<\/td>\n<\/tr>\n<tr class=\"row-33\">\n\t<td class=\"column-1\">Jungtin\u0117 Karalyst\u0117 (Londonas)<\/td><td class=\"column-2\">$4,612<\/td><td class=\"column-3\">$8,682<\/td>\n<\/tr>\n<tr class=\"row-34\">\n\t<td class=\"column-1\">JAV (Los And\u017eelas)<\/td><td class=\"column-2\">$1,060<\/td><td class=\"column-3\">$2,300<\/td>\n<\/tr>\n<tr class=\"row-35\">\n\t<td class=\"column-1\">JAV (Niujorkas)<\/td><td class=\"column-2\">$3,414<\/td><td class=\"column-3\">$5,204<\/td>\n<\/tr>\n<tr class=\"row-36\">\n\t<td class=\"column-1\">Vietnamas (Saigonas)<\/td><td class=\"column-2\">$466<\/td><td class=\"column-3\">$614<\/td>\n<\/tr>\n<\/tbody>\n<\/table>\n<!-- #tablepress-112 from cache -->\n\n\n\n<h3 class=\"wp-block-heading\">Pastabos apie duomenis:<\/h3>\n\n\n\n<ul class=\"wp-block-list\"><li>Visi $ skai\u010diai pateikti JAV doleriais (USD);<\/li><li>\u012ekainiai tiksl\u016bs nuo 2023 m. vidurio;<\/li><li>\u0160iame straipsnyje pateikti \u017eem\u0117lapiai buvo sukurti naudojant <a href=\"https:\/\/www.mapchart.net\" target=\"_blank\" rel=\"noreferrer noopener\">https:\/\/www.mapchart.net<\/a>. Galite laisvai dalytis \u017eem\u0117lapiais, jei pateiksite nuorod\u0105 \u012f <a href=\"https:\/\/moverdb.com\/lt\/\" target=\"_blank\" rel=\"noreferrer noopener\">MoverDB<\/a>;<\/li><li>Auk\u0161\u010diau pateikti \u012fkainiai yra tik apytiksliai ir nuo \u0161io straipsnio paskelbimo (2023 m. baland\u017eio m\u0117n.) gali b\u016bti pasikeit\u0119. Jie pagr\u012fsti ma\u017eiausiu apskai\u010diuotu tarifu i\u0161 <a href=\"https:\/\/www.icontainers.com\" target=\"_blank\" rel=\"noreferrer noopener\">https:\/\/www.icontainers.com<\/a> arba <a href=\"https:\/\/www.freightos.com\" target=\"_blank\" rel=\"noreferrer noopener\">https:\/\/www.freightos.com<\/a>;<\/li><li>Nor\u0117dami su\u017einoti tikslesn\u0119 kain\u0105, naudokite \u0161io puslapio vir\u0161uje esan\u010di\u0105 pasi\u016blymo form\u0105;<\/li><li>Taip pat \u017er. m\u016bs\u0173 vadov\u0105 apie <a href=\"https:\/\/moverdb.com\/lt\/konteineriu-kroviniu-gabenimas\/\" target=\"_blank\" rel=\"noreferrer noopener\">tarptautinis gabenimas konteineriais<\/a>.<\/li><\/ul>","protected":false},"excerpt":{"rendered":"<p>Guam is one of the tiniest countries in the Pacific region of South-East Asia. This small paradise is a real gem for foreigners scouting for locations to take a few years to retreat or permanently relocate and retire. Some of the pros of living in Guam include a wonderful climate of constant pleasant temperatures, tropical [&hellip;]<\/p>\n","protected":false},"author":2,"featured_media":4285,"parent":44,"menu_order":0,"comment_status":"open","ping_status":"closed","template":"","meta":{"_genesis_hide_title":false,"_genesis_hide_breadcrumbs":false,"_genesis_hide_singular_image":false,"_genesis_hide_footer_widgets":false,"_genesis_custom_body_class":"","_genesis_custom_post_class":"","_genesis_layout":"","footnotes":""},"class_list":{"0":"post-4298","1":"page","2":"type-page","3":"status-publish","4":"has-post-thumbnail","6":"entry"},"_links":{"self":[{"href":"https:\/\/moverdb.com\/lt\/wp-json\/wp\/v2\/pages\/4298","targetHints":{"allow":["GET"]}}],"collection":[{"href":"https:\/\/moverdb.com\/lt\/wp-json\/wp\/v2\/pages"}],"about":[{"href":"https:\/\/moverdb.com\/lt\/wp-json\/wp\/v2\/types\/page"}],"author":[{"embeddable":true,"href":"https:\/\/moverdb.com\/lt\/wp-json\/wp\/v2\/users\/2"}],"replies":[{"embeddable":true,"href":"https:\/\/moverdb.com\/lt\/wp-json\/wp\/v2\/comments?post=4298"}],"version-history":[{"count":1,"href":"https:\/\/moverdb.com\/lt\/wp-json\/wp\/v2\/pages\/4298\/revisions"}],"predecessor-version":[{"id":4303,"href":"https:\/\/moverdb.com\/lt\/wp-json\/wp\/v2\/pages\/4298\/revisions\/4303"}],"up":[{"embeddable":true,"href":"https:\/\/moverdb.com\/lt\/wp-json\/wp\/v2\/pages\/44"}],"wp:featuredmedia":[{"embeddable":true,"href":"https:\/\/moverdb.com\/lt\/wp-json\/wp\/v2\/media\/4285"}],"wp:attachment":[{"href":"https:\/\/moverdb.com\/lt\/wp-json\/wp\/v2\/media?parent=4298"}],"curies":[{"name":"wp","href":"https:\/\/api.w.org\/{rel}","templated":true}]}}