{"id":429,"date":"2016-06-06T14:44:52","date_gmt":"2016-06-06T14:44:52","guid":{"rendered":"http:\/\/moverdb.com\/?page_id=429"},"modified":"2026-01-08T14:47:51","modified_gmt":"2026-01-08T14:47:51","slug":"britu-salintoju-asociacija","status":"publish","type":"page","link":"https:\/\/moverdb.com\/lt\/british-association-of-removers\/","title":{"rendered":"Britanijos perkraustymo \u012fmoni\u0173 asociacijos (BAR) paai\u0161kinimai"},"content":{"rendered":"<p>Did\u017eiosios Britanijos perkraustytoj\u0173 asociacija (BAR) save apib\u016bdina kaip \"pripa\u017eint\u0105 profesionalios perkraustymo pramon\u0117s atstov\u0173 bals\u0105\" ir yra pagrindin\u0117 organizacija, kuri <a href=\"https:\/\/moverdb.com\/lt\/moving-to-the-uk\/\" data-internallinksmanager029f6b8e52c=\"93\" title=\"Persik\u0117limas \u012f Jungtin\u0119 Karalyst\u0119? 2022 Gyvenimo i\u0161laidos ir persikraustymo patarimai\">JK<\/a> jud\u0117jimo pramon\u0117. <\/p>\n<p>\u012e BAR kompetencij\u0105 \u012feina mokymas, profesiniai standartai, informacijos ir konsultacij\u0173 klientams teikimas, taip pat gin\u010d\u0173 sprendimo paslauga.<\/p>\n<p><strong>Pagrindiniai faktai apie BAR:<\/strong><\/p>\n<ol>\n<li>  BAR turi kelias skirtingas naryst\u0117s r\u016b\u0161is: JK naryst\u0117, <a href=\"https:\/\/moverdb.com\/lt\/baras-uzjuris\/\">U\u017esienio grup\u0117s naryst\u0117<\/a>, Komercini\u0173 perkraustymo paslaug\u0173 grup\u0117s naryst\u0117, Savaranki\u0161ko saugojimo interes\u0173 grup\u0117s naryst\u0117. <a href=\"https:\/\/moverdb.com\/lt\/tarptautiniai-perkraustymai\/\">\u012emon\u0117s<\/a> taip pat gali b\u016bti tarptautiniai filialai (ne JK \u012fmon\u0117s, prekiaujan\u010dios perkraustymo pramon\u0117je) ir filialai (\u012fmon\u0117s, kurios neu\u017esiima perkraustymo ir sand\u0117liavimo veikla, bet teikia prekes ir paslaugas \u0161iai pramonei).<\/li>\n<li>  BAR turi vienintel\u012f praktikos kodeks\u0105 perkraustymo pramon\u0117je, kur\u012f patvirtino ir pri\u017ei\u016bri Prekybos standart\u0173 institutas.<\/li>\n<li>  Prekybos standart\u0173 institutas stebi vis\u0173 BAR nari\u0173 veikl\u0105.<\/li>\n<li>  BAR apima JK ir <a href=\"https:\/\/moverdb.com\/lt\/juda-imones\/\">tarptautiniai perkraustymai<\/a>.<\/li>\n<li>  \"BAR\" turi savo mokymo padalin\u012f - \"BAR Training Services\", kuris si\u016blo profesionalius verslo mokymo kursus, nustatan\u010dius konkre\u010dios pramon\u0117s \u0161akos mokymo standartus.<\/li>\n<li>  BAR nari\u0173 naryst\u0117s laikotarpiu nuolat atliekami patikrinimai vietoje.<\/li>\n<li> BAR taip pat vykdo <a href=\"https:\/\/www.trustedmover.org\" target=\"_blank\" rel=\"noopener\">Patikimas perve\u017e\u0117jas<\/a> svetain\u0119, kuri pad\u0117s rasti BAR \u0161alintojus.<\/li>\n<\/ol>\n<p><strong>Organizacijos profilis:<\/strong><\/p>\n<p>BAR \u012fsitvirtino kaip pramon\u0117s organizacija, kurios misija - palaikyti profesinius standartus perkraustymo sektoriuje, siekiant naudos savo nariams ir j\u0173 klientams. Ji turi praktikos kodeks\u0105, kuriame nustatyti paslaug\u0173, med\u017eiag\u0173, transporto priemoni\u0173 ir sand\u0117liavimo, personalo mokymo ir elgesio, jei kas nors nepavyksta, standartai. <\/p>\n<p>Ji taip pat suteikia klientams finansin\u0119 apsaug\u0105, pavyzd\u017eiui, kai perve\u017e\u0117jas at\u0161aukia u\u017esakym\u0105. Klientai gali sk\u0173stis BAR d\u0117l jos nario, taip pat yra alternatyvaus gin\u010d\u0173 sprendimo tarnyba. <\/p>\n<p>Mokymai yra pagrindin\u0117 BAR naryst\u0117s programos dalis, tod\u0117l nariai gali naudotis elektroninio mokymosi moduliais tokiomis temomis kaip vadovavimas, finansai, pardavimai ir pardavimas, klient\u0173 aptarnavimas, rinkodara, kou\u010dingas, vadovavimas ir prie\u017ei\u016bros \u012fg\u016bd\u017ei\u0173 tobulinimas.<\/p>\n<p><strong>Kai kurios bendrov\u0117s nar\u0117s<\/strong><\/p>\n<ul>\n<li> <a href=\"https:\/\/moverdb.com\/lt\/cadogan-tate\/\">Cadogan Tate<\/a><\/li>\n<li> <a href=\"https:\/\/moverdb.com\/lt\/anglakalbe\/\">\"Anglo Pacific<\/a><\/li>\n<li> <a href=\"https:\/\/moverdb.com\/lt\/shore-porters-society\/\">Kranto ne\u0161ik\u0173 draugija<\/a><\/li>\n<li> <a href=\"https:\/\/moverdb.com\/lt\/matthew-james\/\">Matthew James<\/a><\/li>\n<li> <a href=\"https:\/\/moverdb.com\/lt\/robinsons\/\">\"Robinsons\" perk\u0117limas<\/a><\/li>\n<li> <a href=\"https:\/\/moverdb.com\/lt\/conroy-removals\/\">\"Conroy Removals<\/a><\/li>\n<\/ul>\n<p><strong>Naryst\u0117s kriterijai:<\/strong><\/p>\n<p>Svetain\u0117je n\u0117ra joki\u0173 naryst\u0117s kriterij\u0173, o joje ra\u0161oma: \"Jei norite tapti BAR nariu ir norite su\u017einoti naryst\u0117s kriterijus bei parai\u0161kos form\u0105, kreipkit\u0117s \u012f BAR, nurodydami savo \u012fmon\u0117s informacij\u0105 ir kontaktinius duomenis.\"<\/p>\n<p><strong>Pramon\u0117s atstov\u0173 nuomon\u0117 apie Did\u017eiosios Britanijos perkraustytoj\u0173 asociacij\u0105:<\/strong><\/p>\n<p>BAR da\u017enai minima Did\u017eiosios Britanijos perkraustymo paslaug\u0173 teik\u0117j\u0173 interneto svetain\u0117se, o daugelis j\u0105 \u012fvardijan\u010di\u0173j\u0173 pabr\u0117\u017eia, kad ji yra viena seniausi\u0173 perkraustymo sektoriaus profesini\u0173 asociacij\u0173 ir turi daugiau nei \u0161imtme\u010dio istorij\u0105. <\/p>\n<p>Tai, kad prekybos standartai patvirtino savo praktikos kodeks\u0105, laikoma dar vienu dideliu privalumu, nes taip vartotojams u\u017etikrinama, kad j\u0173 interesai bus apsaugoti ne tik pagal pagrindinius teis\u0117s akt\u0173 reikalavimus. <\/p>\n<p>Asociacijos vykdomi nuolatiniai patikrinimai yra labai svarb\u016bs, taip pat svarbu, kad asociacijos nariai privalo pateikti \u012frodym\u0173, jog klientai yra patenkinti. <\/p>\n<p>Bendra nuomon\u0117 yra tokia. <em>\"Pasirink\u0119 BAR nar\u012f u\u017etikrinsite, kad j\u016bs\u0173 persikraustymas vykt\u0173 kuo skland\u017eiau.\"<\/em> Nekilnojamojo turto svetain\u0117se, kuriose \u0161is standartas apib\u016bdinamas kaip pagrindinis reikalavimas geram perkraustytojui, kuris laikosi minimali\u0173 profesionalumo standart\u0173 ir si\u016blo tam tikr\u0105 finansin\u0119 apsaug\u0105, BAR yra laikomas perkraustytoj\u0173 standartu.<\/p>\n<blockquote><p>Pasirinkti perkraustymo \u012fmon\u0119, kuri yra \u012fsipareigojusi tapti BAR nare, yra geras atspirties ta\u0161kas, nes tai rodo, kad ji nori laikytis minimali\u0173 standart\u0173. BAR nariai turi minimalius elgesio standartus, kurie atitinka j\u016bs\u0173 interesus, pvz., teis\u0117tos, licencijuotos transporto priemon\u0117s, u\u017estato apsauga ir arbitra\u017eas arba nemokamas taikinamasis tarpininkavimas, jei kas nors nepavykt\u0173.<\/p><\/blockquote>\n<p>- <a href=\"http:\/\/www.rightmove.co.uk\/choosing-a-removal-company.html\" target=\"_blank\" rel=\"noopener\">rightmove<\/a><\/p>\n<blockquote><p>Kiekvienas BAR narys dirba pagal BAR praktikos kodeks\u0105, kur\u012f patvirtino prekybos standartai. \u0160is grie\u017etas kodeksas saugo ir gina vartotoj\u0173 interesus labiau, nei numato pagrindiniai \u012fstatymo reikalavimai.<\/p><\/blockquote>\n<p>- <a href=\"http:\/\/www.pickfords.co.uk\/british-association-of-removers\" target=\"_blank\" rel=\"noopener\">Pickfords<\/a><\/p>\n<blockquote><p>Daugiau nei 97% vartotoj\u0173 rekomenduoja savo BAR valikl\u012f.<\/p><\/blockquote>\n<p>- <a href=\"http:\/\/www.comparemymove.com\/blog\/our-partners\/a-guide-to-joining-the-british-association-of-removers\/\" target=\"_blank\" rel=\"noopener\">Palyginkite mano perk\u0117lim\u0105<\/a><\/p>\n<p><strong>Interneto svetain\u0117:<\/strong> <a href=\"http:\/\/www.bar.co.uk\/\" target=\"_blank\" rel=\"noopener\">http:\/\/www.bar.co.uk\/<\/a><\/p>","protected":false},"excerpt":{"rendered":"<p>The British Association of Removers (BAR) describes itself as the &#8220;recognised voice of the professional moving industry&#8221; and it is a key body in the UK moving industry. Training, professional standards and providing information and advice to customers are included in the BAR&#8217;s remit, as well as a dispute resolution service. Key facts about BAR: [&hellip;]<\/p>\n","protected":false},"author":1,"featured_media":0,"parent":0,"menu_order":0,"comment_status":"closed","ping_status":"closed","template":"","meta":{"_genesis_hide_title":false,"_genesis_hide_breadcrumbs":false,"_genesis_hide_singular_image":false,"_genesis_hide_footer_widgets":false,"_genesis_custom_body_class":"","_genesis_custom_post_class":"","_genesis_layout":"","footnotes":""},"class_list":{"0":"post-429","1":"page","2":"type-page","3":"status-publish","5":"entry"},"_links":{"self":[{"href":"https:\/\/moverdb.com\/lt\/wp-json\/wp\/v2\/pages\/429","targetHints":{"allow":["GET"]}}],"collection":[{"href":"https:\/\/moverdb.com\/lt\/wp-json\/wp\/v2\/pages"}],"about":[{"href":"https:\/\/moverdb.com\/lt\/wp-json\/wp\/v2\/types\/page"}],"author":[{"embeddable":true,"href":"https:\/\/moverdb.com\/lt\/wp-json\/wp\/v2\/users\/1"}],"replies":[{"embeddable":true,"href":"https:\/\/moverdb.com\/lt\/wp-json\/wp\/v2\/comments?post=429"}],"version-history":[{"count":18,"href":"https:\/\/moverdb.com\/lt\/wp-json\/wp\/v2\/pages\/429\/revisions"}],"predecessor-version":[{"id":6186,"href":"https:\/\/moverdb.com\/lt\/wp-json\/wp\/v2\/pages\/429\/revisions\/6186"}],"wp:attachment":[{"href":"https:\/\/moverdb.com\/lt\/wp-json\/wp\/v2\/media?parent=429"}],"curies":[{"name":"wp","href":"https:\/\/api.w.org\/{rel}","templated":true}]}}